{"id":14389,"date":"2018-03-29T08:14:46","date_gmt":"2018-03-29T15:14:46","guid":{"rendered":"https:\/\/www.netgear.com\/hub\/?page_id=14389"},"modified":"2025-06-15T19:40:08","modified_gmt":"2025-06-16T02:40:08","slug":"network-expansion-with-reliability-flexibility-and-modularity","status":"publish","type":"page","link":"https:\/\/www.netgear.com\/hub\/business\/case-studies\/it-case-studies\/network-expansion-with-reliability-flexibility-and-modularity\/","title":{"rendered":"Network expansion with reliability, flexibility  and modularity."},"content":{"rendered":"    <div class=\"table-of-content bg-gray 14389\">\n        <p><strong>IN THIS ARTICLE<\/strong><\/p>\n        <ul>\n                        <li><a href=\"#topic1\">ABOUT<\/a><\/li>\n                        <li><a href=\"#topic2\">CHALLENGE<\/a><\/li>\n                        <li><a href=\"#topic3\">SOLUTION <\/a><\/li>\n                        <li><a href=\"#topic4\">FUTURE <\/a><\/li>\n                    <\/ul>\n    <\/div>\n        <div id=\"topic1\" class=\"skip-item\">\n                        <h2>ABOUT<\/h2>\n                <div style=\"background-color: #eeeeee; padding: 20px; width: 33%; float: right; margin-left: 5px;\">\n<p><strong>Company name: <\/strong><br \/>\nT\u00e9l\u00e9distribution Amos<\/p>\n<p><strong>Industry:<\/strong><br \/>\nInternet and television service provider<\/p>\n<p><strong>Company website:<\/strong><br \/>\n<a href=\"https:\/\/www.cableamos.com\" rel=\"nofollow\">cableamos.com<\/a><\/p>\n<p><strong>Location:<\/strong><br \/>\nQuebec, Canada<\/p>\n<p><button style=\"font-size: 18px;\"><a href=\"https:\/\/www.downloads.netgear.com\/files\/business\/case-study\/en\/T\u00e9l\u00e9distribution-Amos.pdf\"><strong>Download This Case Study<\/strong><\/a><\/button><\/p>\n<\/div>\n<p>T\u00e9l\u00e9distribution Amos is a digital cable television and Internet service provider located in the Abitibi-T\u00e9miscamingue region of Quebec. In addition to over 10,000 television subscribers and over 8000 home Internet subscribers, T\u00e9l\u00e9distribution Amos also provides very high-speed fiber-optic Internet services to over 125 business customers. Jonathan Parrot is Network Administrator for T\u00e9l\u00e9distribution Amos.<\/p>\n    <\/div>\n        <div id=\"topic2\" class=\"skip-item\">\n                        <h2>CHALLENGE<\/h2>\n                <p>Due to its growing success, T\u00e9l\u00e9distribution Amos has sought to expand its Ethernet switching capacity for its fiber customers. Amos already uses four NETGEAR switches for this purpose and is very satisfied with them. One of them, Amos Network Administrator Jonathan Parrot reveals, has been in use for over 2400 days (over five and a half years) without any intervention on their part \u2014 they have not needed to reboot the device a single time. Today, Amos uses 1-gigabit NETGEAR M4100 Series managed switches to directly connect its customers and uses a 10-gigabit M4300 Series switch as the gateway to aggregate flows and manage VLANs. This means that each customer has their own virtual network that is completely separate from other companies, guaranteeing the security of their data and enabling them to customize their service more easily. One of the challenges Amos faced was to simplify the management of these VLANs, which spanned multiple switches.<\/p>\n    <\/div>\n        <div id=\"topic3\" class=\"skip-item\">\n                        <h2>SOLUTION <\/h2>\n                <p>To achieve this, Jonathan wanted to expand the capacity of his network. First of all, he looked for a 52-port switch.<\/p>\n<p>\u201cAs I was very pleased with the performance and reliability of the NETGEAR switches that we had, including the latest M4300-series switches in production in other network segments, I went to the NETGEAR site to look at the latest developments in their range of managed switches. That\u2019s when I found their 96-port, 10-gigabit M4300-96X modular switch. It was exactly what I was looking for \u2014 96 ports in a single switch, a way to manage VLANs grouped together in a single switch, all at an attractive price, just as we\u2019ve come to expect from NETGEAR.\u201d Jonathan then printed out the product brochure, went to see his manager and got his approval within five minutes. He made a call to his preferred distributor, and received his new switch in no time at all. Since he was used to the M4300 unified interface, he installed and configured it himself and had it up and running right away.<\/p>\n<p>Amos filled up the 96-port switch in 12 modules, and 64 of the 96 fiber ports are currently in use. The company is extremely pleased with the capacity of its new fiber network. Furthermore, the fact that the switch\u2019s modules are hot swappable gives it exceptional availability. Perhaps this switch will beat the record set by the NETGEAR switch that reached 2400 days of use that we mentioned in the introduction. We hope so!<\/p>\n<p>\u201cThe capacity and reliability of NETGEAR\u2019s managed switches is impressive,\u201d Jonathan Parrot says. <img loading=\"lazy\" decoding=\"async\" class=\"alignnone size-medium wp-image-14392\" src=\"https:\/\/www.netgear.com\/hub\/wp-content\/uploads\/2024\/11\/Screenshot-2024-11-29-at-16.58.58-300x90.png\" alt=\"\" width=\"300\" height=\"90\" \/>\u201cIn our line of work, performance speed and optimum customer response time are crucial. The performance and flexibility of NETGEAR switches allow us to achieve these results all year round. The efficiency of the hardware and software in the M4300 switches is impressive: Despite our intensive use of the routing table and advanced features, the M4300 switches are non-blocking and never show any signs of wear.\u201d<\/p>\n    <\/div>\n        <div id=\"topic4\" class=\"skip-item\">\n                        <h2>FUTURE <\/h2>\n                <p>Amos has just ordered a backup M4300-96X switch so they can be prepared for any eventuality. And as the company keeps growing, we hope that they can increase their switching capacity even further in the future.<\/p>\n    <\/div>\n        <div id=\"topic5\" class=\"skip-item\">\n                <div class=\"skip-ftr-img\">\n            <img decoding=\"async\" src=\"https:\/\/www.netgear.com\/hub\/wp-content\/uploads\/2024\/11\/Screenshot-2024-11-29-at-16.59.14-e1732896212905.png\" alt=\"\">\n        <\/div>\n                        <p>Contact NETGEAR Business today to explore how a modern, future-proof network solution can benefit your organisation.<\/p>\n<div style=\"background-color: #eeeeee; padding: 20px; width: 100%;\">\n<p><strong> More information about the NETGEAR IT Solutions<\/strong><\/p>\n<p><button style=\"font-size: 18px;\"><a href=\"https:\/\/www.netgear.com\/business\/\"><strong>Go to the NETGEAR IT solutions webpage.<\/strong><\/a><\/button><\/p>\n<p><button style=\"font-size: 18px;\"><strong>Show me the IT Courses on the NETGEAR Academy.<\/strong><\/button><\/p>\n<p><button style=\"font-size: 18px;\"><a href=\"https:\/\/www.netgear.com\/business\/av\/services\/prowifi-designsupport\/#contactformsupport\"><strong>Fill out this form to contact NETGEAR.<\/strong><\/a><\/button><\/p>\n<\/div>\n    <\/div>\n    \n","protected":false},"excerpt":{"rendered":"","protected":false},"author":94,"featured_media":16445,"parent":13759,"menu_order":6,"comment_status":"closed","ping_status":"closed","template":"templates\/blog-wifi.php","meta":{"_acf_changed":false,"content-type":"","_price":"","_stock":"","_tribe_ticket_header":"","_tribe_default_ticket_provider":"","_tribe_ticket_capacity":"0","_ticket_start_date":"","_ticket_end_date":"","_tribe_ticket_show_description":"","_tribe_ticket_show_not_going":false,"_tribe_ticket_use_global_stock":"","_tribe_ticket_global_stock_level":"","_global_stock_mode":"","_global_stock_cap":"","_tribe_rsvp_for_event":"","_tribe_ticket_going_count":"","_tribe_ticket_not_going_count":"","_tribe_tickets_list":"[]","_tribe_ticket_has_attendee_info_fields":false,"footnotes":"","_tec_slr_enabled":"","_tec_slr_layout":""},"class_list":["post-14389","page","type-page","status-publish","has-post-thumbnail","hentry"],"acf":[],"yoast_head":"<!-- This site is optimized with the Yoast SEO plugin v27.3 - https:\/\/yoast.com\/product\/yoast-seo-wordpress\/ -->\n<title>Modular IT for Network Expansion - NETGEAR Success<\/title>\n<meta name=\"description\" content=\"Netgear Hub offers reliable flexible solutions for network expansion. Visit now to optimise your network with powerful tools designed for growth!\" \/>\n<meta name=\"robots\" content=\"index, follow, max-snippet:-1, max-image-preview:large, max-video-preview:-1\" \/>\n<link rel=\"canonical\" href=\"https:\/\/www.netgear.com\/hub\/business\/case-studies\/it-case-studies\/network-expansion-with-reliability-flexibility-and-modularity\/\" \/>\n<meta property=\"og:locale\" content=\"en_US\" \/>\n<meta property=\"og:type\" content=\"article\" \/>\n<meta property=\"og:title\" content=\"Modular IT for Network Expansion - NETGEAR Success\" \/>\n<meta property=\"og:description\" content=\"Netgear Hub offers reliable flexible solutions for network expansion. Visit now to optimise your network with powerful tools designed for growth!\" \/>\n<meta property=\"og:url\" content=\"https:\/\/www.netgear.com\/hub\/business\/case-studies\/it-case-studies\/network-expansion-with-reliability-flexibility-and-modularity\/\" \/>\n<meta property=\"og:site_name\" content=\"NETGEAR Blog\" \/>\n<meta property=\"article:publisher\" content=\"https:\/\/www.facebook.com\/NetgearAU\/\" \/>\n<meta property=\"article:modified_time\" content=\"2025-06-16T02:40:08+00:00\" \/>\n<meta property=\"og:image\" content=\"https:\/\/www.netgear.com\/hub\/wp-content\/uploads\/2025\/03\/Screenshot-2024-11-29-at-17.11.39-copy.jpg\" \/>\n\t<meta property=\"og:image:width\" content=\"640\" \/>\n\t<meta property=\"og:image:height\" content=\"360\" \/>\n\t<meta property=\"og:image:type\" content=\"image\/jpeg\" \/>\n<meta name=\"twitter:card\" content=\"summary_large_image\" \/>\n<meta name=\"twitter:site\" content=\"@NETGEAR\" \/>\n<script type=\"application\/ld+json\" class=\"yoast-schema-graph\">{\"@context\":\"https:\\\/\\\/schema.org\",\"@graph\":[{\"@type\":\"Article\",\"@id\":\"https:\\\/\\\/www.netgear.com\\\/hub\\\/business\\\/case-studies\\\/it-case-studies\\\/network-expansion-with-reliability-flexibility-and-modularity\\\/#article\",\"isPartOf\":{\"@id\":\"https:\\\/\\\/www.netgear.com\\\/hub\\\/business\\\/case-studies\\\/it-case-studies\\\/network-expansion-with-reliability-flexibility-and-modularity\\\/\"},\"author\":{\"name\":\"Erik Hoeboer\",\"@id\":\"https:\\\/\\\/www.netgear.com\\\/hub\\\/#\\\/schema\\\/person\\\/b176b1580e9fee6dca82d22c50d6ab5f\"},\"headline\":\"Network expansion with reliability, flexibility and modularity.\",\"datePublished\":\"2018-03-29T15:14:46+00:00\",\"dateModified\":\"2025-06-16T02:40:08+00:00\",\"mainEntityOfPage\":{\"@id\":\"https:\\\/\\\/www.netgear.com\\\/hub\\\/business\\\/case-studies\\\/it-case-studies\\\/network-expansion-with-reliability-flexibility-and-modularity\\\/\"},\"wordCount\":9,\"publisher\":{\"@id\":\"https:\\\/\\\/www.netgear.com\\\/hub\\\/#organization\"},\"image\":{\"@id\":\"https:\\\/\\\/www.netgear.com\\\/hub\\\/business\\\/case-studies\\\/it-case-studies\\\/network-expansion-with-reliability-flexibility-and-modularity\\\/#primaryimage\"},\"thumbnailUrl\":\"https:\\\/\\\/www.netgear.com\\\/hub\\\/wp-content\\\/uploads\\\/2025\\\/03\\\/Screenshot-2024-11-29-at-17.11.39-copy.jpg\",\"inLanguage\":\"en-US\"},{\"@type\":\"WebPage\",\"@id\":\"https:\\\/\\\/www.netgear.com\\\/hub\\\/business\\\/case-studies\\\/it-case-studies\\\/network-expansion-with-reliability-flexibility-and-modularity\\\/\",\"url\":\"https:\\\/\\\/www.netgear.com\\\/hub\\\/business\\\/case-studies\\\/it-case-studies\\\/network-expansion-with-reliability-flexibility-and-modularity\\\/\",\"name\":\"Modular IT for Network Expansion - NETGEAR Success\",\"isPartOf\":{\"@id\":\"https:\\\/\\\/www.netgear.com\\\/hub\\\/#website\"},\"primaryImageOfPage\":{\"@id\":\"https:\\\/\\\/www.netgear.com\\\/hub\\\/business\\\/case-studies\\\/it-case-studies\\\/network-expansion-with-reliability-flexibility-and-modularity\\\/#primaryimage\"},\"image\":{\"@id\":\"https:\\\/\\\/www.netgear.com\\\/hub\\\/business\\\/case-studies\\\/it-case-studies\\\/network-expansion-with-reliability-flexibility-and-modularity\\\/#primaryimage\"},\"thumbnailUrl\":\"https:\\\/\\\/www.netgear.com\\\/hub\\\/wp-content\\\/uploads\\\/2025\\\/03\\\/Screenshot-2024-11-29-at-17.11.39-copy.jpg\",\"datePublished\":\"2018-03-29T15:14:46+00:00\",\"dateModified\":\"2025-06-16T02:40:08+00:00\",\"description\":\"Netgear Hub offers reliable flexible solutions for network expansion. Visit now to optimise your network with powerful tools designed for growth!\",\"breadcrumb\":{\"@id\":\"https:\\\/\\\/www.netgear.com\\\/hub\\\/business\\\/case-studies\\\/it-case-studies\\\/network-expansion-with-reliability-flexibility-and-modularity\\\/#breadcrumb\"},\"inLanguage\":\"en-US\",\"potentialAction\":[{\"@type\":\"ReadAction\",\"target\":[\"https:\\\/\\\/www.netgear.com\\\/hub\\\/business\\\/case-studies\\\/it-case-studies\\\/network-expansion-with-reliability-flexibility-and-modularity\\\/\"]}]},{\"@type\":\"ImageObject\",\"inLanguage\":\"en-US\",\"@id\":\"https:\\\/\\\/www.netgear.com\\\/hub\\\/business\\\/case-studies\\\/it-case-studies\\\/network-expansion-with-reliability-flexibility-and-modularity\\\/#primaryimage\",\"url\":\"https:\\\/\\\/www.netgear.com\\\/hub\\\/wp-content\\\/uploads\\\/2025\\\/03\\\/Screenshot-2024-11-29-at-17.11.39-copy.jpg\",\"contentUrl\":\"https:\\\/\\\/www.netgear.com\\\/hub\\\/wp-content\\\/uploads\\\/2025\\\/03\\\/Screenshot-2024-11-29-at-17.11.39-copy.jpg\",\"width\":640,\"height\":360,\"caption\":\"Screenshot\"},{\"@type\":\"BreadcrumbList\",\"@id\":\"https:\\\/\\\/www.netgear.com\\\/hub\\\/business\\\/case-studies\\\/it-case-studies\\\/network-expansion-with-reliability-flexibility-and-modularity\\\/#breadcrumb\",\"itemListElement\":[{\"@type\":\"ListItem\",\"position\":1,\"name\":\"Home\",\"item\":\"https:\\\/\\\/www.netgear.com\\\/hub\\\/\"},{\"@type\":\"ListItem\",\"position\":2,\"name\":\"Business Articles\",\"item\":\"https:\\\/\\\/www.netgear.com\\\/hub\\\/business\\\/\"},{\"@type\":\"ListItem\",\"position\":3,\"name\":\"All Case Studies &#8211; Category\",\"item\":\"https:\\\/\\\/www.netgear.com\\\/hub\\\/business\\\/case-studies\\\/\"},{\"@type\":\"ListItem\",\"position\":4,\"name\":\"Enterprise Case Studies &#8211; List\",\"item\":\"https:\\\/\\\/www.netgear.com\\\/hub\\\/business\\\/case-studies\\\/it-case-studies\\\/\"},{\"@type\":\"ListItem\",\"position\":5,\"name\":\"Network expansion with reliability, flexibility and modularity.\"}]},{\"@type\":\"WebSite\",\"@id\":\"https:\\\/\\\/www.netgear.com\\\/hub\\\/#website\",\"url\":\"https:\\\/\\\/www.netgear.com\\\/hub\\\/\",\"name\":\"NETGEAR\",\"description\":\"Learn about NETGEAR Products and services\",\"publisher\":{\"@id\":\"https:\\\/\\\/www.netgear.com\\\/hub\\\/#organization\"},\"potentialAction\":[{\"@type\":\"SearchAction\",\"target\":{\"@type\":\"EntryPoint\",\"urlTemplate\":\"https:\\\/\\\/www.netgear.com\\\/hub\\\/?s={search_term_string}\"},\"query-input\":{\"@type\":\"PropertyValueSpecification\",\"valueRequired\":true,\"valueName\":\"search_term_string\"}}],\"inLanguage\":\"en-US\"},{\"@type\":\"Organization\",\"@id\":\"https:\\\/\\\/www.netgear.com\\\/hub\\\/#organization\",\"name\":\"NETGEAR\",\"url\":\"https:\\\/\\\/www.netgear.com\\\/hub\\\/\",\"logo\":{\"@type\":\"ImageObject\",\"inLanguage\":\"en-US\",\"@id\":\"https:\\\/\\\/www.netgear.com\\\/hub\\\/#\\\/schema\\\/logo\\\/image\\\/\",\"url\":\"\",\"contentUrl\":\"\",\"caption\":\"NETGEAR\"},\"image\":{\"@id\":\"https:\\\/\\\/www.netgear.com\\\/hub\\\/#\\\/schema\\\/logo\\\/image\\\/\"},\"sameAs\":[\"https:\\\/\\\/www.facebook.com\\\/NetgearAU\\\/\",\"https:\\\/\\\/x.com\\\/NETGEAR\",\"https:\\\/\\\/www.linkedin.com\\\/company\\\/netgear\"]},{\"@type\":\"Person\",\"@id\":\"https:\\\/\\\/www.netgear.com\\\/hub\\\/#\\\/schema\\\/person\\\/b176b1580e9fee6dca82d22c50d6ab5f\",\"name\":\"Erik Hoeboer\",\"image\":{\"@type\":\"ImageObject\",\"inLanguage\":\"en-US\",\"@id\":\"https:\\\/\\\/secure.gravatar.com\\\/avatar\\\/213d765dde1f0ba9e2fa812b90e94231a9ec715e71faa65cfa643244f9731df4?s=96&d=mm&r=g\",\"url\":\"https:\\\/\\\/secure.gravatar.com\\\/avatar\\\/213d765dde1f0ba9e2fa812b90e94231a9ec715e71faa65cfa643244f9731df4?s=96&d=mm&r=g\",\"contentUrl\":\"https:\\\/\\\/secure.gravatar.com\\\/avatar\\\/213d765dde1f0ba9e2fa812b90e94231a9ec715e71faa65cfa643244f9731df4?s=96&d=mm&r=g\",\"caption\":\"Erik Hoeboer\"},\"description\":\"Channel MarketingSpecialist EMEA\",\"sameAs\":[\"https:\\\/\\\/www.linkedin.com\\\/in\\\/erikhoeboer\\\/\"],\"url\":\"https:\\\/\\\/www.netgear.com\\\/hub\\\/author\\\/erik-hoeboernetgear-com\\\/\"}]}<\/script>\n<!-- \/ Yoast SEO plugin. -->","yoast_head_json":{"title":"Modular IT for Network Expansion - NETGEAR Success","description":"Netgear Hub offers reliable flexible solutions for network expansion. Visit now to optimise your network with powerful tools designed for growth!","robots":{"index":"index","follow":"follow","max-snippet":"max-snippet:-1","max-image-preview":"max-image-preview:large","max-video-preview":"max-video-preview:-1"},"canonical":"https:\/\/www.netgear.com\/hub\/business\/case-studies\/it-case-studies\/network-expansion-with-reliability-flexibility-and-modularity\/","og_locale":"en_US","og_type":"article","og_title":"Modular IT for Network Expansion - NETGEAR Success","og_description":"Netgear Hub offers reliable flexible solutions for network expansion. Visit now to optimise your network with powerful tools designed for growth!","og_url":"https:\/\/www.netgear.com\/hub\/business\/case-studies\/it-case-studies\/network-expansion-with-reliability-flexibility-and-modularity\/","og_site_name":"NETGEAR Blog","article_publisher":"https:\/\/www.facebook.com\/NetgearAU\/","article_modified_time":"2025-06-16T02:40:08+00:00","og_image":[{"width":640,"height":360,"url":"https:\/\/www.netgear.com\/hub\/wp-content\/uploads\/2025\/03\/Screenshot-2024-11-29-at-17.11.39-copy.jpg","type":"image\/jpeg"}],"twitter_card":"summary_large_image","twitter_site":"@NETGEAR","schema":{"@context":"https:\/\/schema.org","@graph":[{"@type":"Article","@id":"https:\/\/www.netgear.com\/hub\/business\/case-studies\/it-case-studies\/network-expansion-with-reliability-flexibility-and-modularity\/#article","isPartOf":{"@id":"https:\/\/www.netgear.com\/hub\/business\/case-studies\/it-case-studies\/network-expansion-with-reliability-flexibility-and-modularity\/"},"author":{"name":"Erik Hoeboer","@id":"https:\/\/www.netgear.com\/hub\/#\/schema\/person\/b176b1580e9fee6dca82d22c50d6ab5f"},"headline":"Network expansion with reliability, flexibility and modularity.","datePublished":"2018-03-29T15:14:46+00:00","dateModified":"2025-06-16T02:40:08+00:00","mainEntityOfPage":{"@id":"https:\/\/www.netgear.com\/hub\/business\/case-studies\/it-case-studies\/network-expansion-with-reliability-flexibility-and-modularity\/"},"wordCount":9,"publisher":{"@id":"https:\/\/www.netgear.com\/hub\/#organization"},"image":{"@id":"https:\/\/www.netgear.com\/hub\/business\/case-studies\/it-case-studies\/network-expansion-with-reliability-flexibility-and-modularity\/#primaryimage"},"thumbnailUrl":"https:\/\/www.netgear.com\/hub\/wp-content\/uploads\/2025\/03\/Screenshot-2024-11-29-at-17.11.39-copy.jpg","inLanguage":"en-US"},{"@type":"WebPage","@id":"https:\/\/www.netgear.com\/hub\/business\/case-studies\/it-case-studies\/network-expansion-with-reliability-flexibility-and-modularity\/","url":"https:\/\/www.netgear.com\/hub\/business\/case-studies\/it-case-studies\/network-expansion-with-reliability-flexibility-and-modularity\/","name":"Modular IT for Network Expansion - NETGEAR Success","isPartOf":{"@id":"https:\/\/www.netgear.com\/hub\/#website"},"primaryImageOfPage":{"@id":"https:\/\/www.netgear.com\/hub\/business\/case-studies\/it-case-studies\/network-expansion-with-reliability-flexibility-and-modularity\/#primaryimage"},"image":{"@id":"https:\/\/www.netgear.com\/hub\/business\/case-studies\/it-case-studies\/network-expansion-with-reliability-flexibility-and-modularity\/#primaryimage"},"thumbnailUrl":"https:\/\/www.netgear.com\/hub\/wp-content\/uploads\/2025\/03\/Screenshot-2024-11-29-at-17.11.39-copy.jpg","datePublished":"2018-03-29T15:14:46+00:00","dateModified":"2025-06-16T02:40:08+00:00","description":"Netgear Hub offers reliable flexible solutions for network expansion. Visit now to optimise your network with powerful tools designed for growth!","breadcrumb":{"@id":"https:\/\/www.netgear.com\/hub\/business\/case-studies\/it-case-studies\/network-expansion-with-reliability-flexibility-and-modularity\/#breadcrumb"},"inLanguage":"en-US","potentialAction":[{"@type":"ReadAction","target":["https:\/\/www.netgear.com\/hub\/business\/case-studies\/it-case-studies\/network-expansion-with-reliability-flexibility-and-modularity\/"]}]},{"@type":"ImageObject","inLanguage":"en-US","@id":"https:\/\/www.netgear.com\/hub\/business\/case-studies\/it-case-studies\/network-expansion-with-reliability-flexibility-and-modularity\/#primaryimage","url":"https:\/\/www.netgear.com\/hub\/wp-content\/uploads\/2025\/03\/Screenshot-2024-11-29-at-17.11.39-copy.jpg","contentUrl":"https:\/\/www.netgear.com\/hub\/wp-content\/uploads\/2025\/03\/Screenshot-2024-11-29-at-17.11.39-copy.jpg","width":640,"height":360,"caption":"Screenshot"},{"@type":"BreadcrumbList","@id":"https:\/\/www.netgear.com\/hub\/business\/case-studies\/it-case-studies\/network-expansion-with-reliability-flexibility-and-modularity\/#breadcrumb","itemListElement":[{"@type":"ListItem","position":1,"name":"Home","item":"https:\/\/www.netgear.com\/hub\/"},{"@type":"ListItem","position":2,"name":"Business Articles","item":"https:\/\/www.netgear.com\/hub\/business\/"},{"@type":"ListItem","position":3,"name":"All Case Studies &#8211; Category","item":"https:\/\/www.netgear.com\/hub\/business\/case-studies\/"},{"@type":"ListItem","position":4,"name":"Enterprise Case Studies &#8211; List","item":"https:\/\/www.netgear.com\/hub\/business\/case-studies\/it-case-studies\/"},{"@type":"ListItem","position":5,"name":"Network expansion with reliability, flexibility and modularity."}]},{"@type":"WebSite","@id":"https:\/\/www.netgear.com\/hub\/#website","url":"https:\/\/www.netgear.com\/hub\/","name":"NETGEAR","description":"Learn about NETGEAR Products and services","publisher":{"@id":"https:\/\/www.netgear.com\/hub\/#organization"},"potentialAction":[{"@type":"SearchAction","target":{"@type":"EntryPoint","urlTemplate":"https:\/\/www.netgear.com\/hub\/?s={search_term_string}"},"query-input":{"@type":"PropertyValueSpecification","valueRequired":true,"valueName":"search_term_string"}}],"inLanguage":"en-US"},{"@type":"Organization","@id":"https:\/\/www.netgear.com\/hub\/#organization","name":"NETGEAR","url":"https:\/\/www.netgear.com\/hub\/","logo":{"@type":"ImageObject","inLanguage":"en-US","@id":"https:\/\/www.netgear.com\/hub\/#\/schema\/logo\/image\/","url":"","contentUrl":"","caption":"NETGEAR"},"image":{"@id":"https:\/\/www.netgear.com\/hub\/#\/schema\/logo\/image\/"},"sameAs":["https:\/\/www.facebook.com\/NetgearAU\/","https:\/\/x.com\/NETGEAR","https:\/\/www.linkedin.com\/company\/netgear"]},{"@type":"Person","@id":"https:\/\/www.netgear.com\/hub\/#\/schema\/person\/b176b1580e9fee6dca82d22c50d6ab5f","name":"Erik Hoeboer","image":{"@type":"ImageObject","inLanguage":"en-US","@id":"https:\/\/secure.gravatar.com\/avatar\/213d765dde1f0ba9e2fa812b90e94231a9ec715e71faa65cfa643244f9731df4?s=96&d=mm&r=g","url":"https:\/\/secure.gravatar.com\/avatar\/213d765dde1f0ba9e2fa812b90e94231a9ec715e71faa65cfa643244f9731df4?s=96&d=mm&r=g","contentUrl":"https:\/\/secure.gravatar.com\/avatar\/213d765dde1f0ba9e2fa812b90e94231a9ec715e71faa65cfa643244f9731df4?s=96&d=mm&r=g","caption":"Erik Hoeboer"},"description":"Channel MarketingSpecialist EMEA","sameAs":["https:\/\/www.linkedin.com\/in\/erikhoeboer\/"],"url":"https:\/\/www.netgear.com\/hub\/author\/erik-hoeboernetgear-com\/"}]}},"ticketed":false,"_links":{"self":[{"href":"https:\/\/www.netgear.com\/hub\/wp-json\/wp\/v2\/pages\/14389","targetHints":{"allow":["GET"]}}],"collection":[{"href":"https:\/\/www.netgear.com\/hub\/wp-json\/wp\/v2\/pages"}],"about":[{"href":"https:\/\/www.netgear.com\/hub\/wp-json\/wp\/v2\/types\/page"}],"author":[{"embeddable":true,"href":"https:\/\/www.netgear.com\/hub\/wp-json\/wp\/v2\/users\/94"}],"replies":[{"embeddable":true,"href":"https:\/\/www.netgear.com\/hub\/wp-json\/wp\/v2\/comments?post=14389"}],"version-history":[{"count":7,"href":"https:\/\/www.netgear.com\/hub\/wp-json\/wp\/v2\/pages\/14389\/revisions"}],"predecessor-version":[{"id":18023,"href":"https:\/\/www.netgear.com\/hub\/wp-json\/wp\/v2\/pages\/14389\/revisions\/18023"}],"up":[{"embeddable":true,"href":"https:\/\/www.netgear.com\/hub\/wp-json\/wp\/v2\/pages\/13759"}],"wp:featuredmedia":[{"embeddable":true,"href":"https:\/\/www.netgear.com\/hub\/wp-json\/wp\/v2\/media\/16445"}],"wp:attachment":[{"href":"https:\/\/www.netgear.com\/hub\/wp-json\/wp\/v2\/media?parent=14389"}],"curies":[{"name":"wp","href":"https:\/\/api.w.org\/{rel}","templated":true}]}}