{"id":9935,"date":"2024-12-16T07:32:14","date_gmt":"2024-12-16T06:32:14","guid":{"rendered":"https:\/\/frhub.netgear.com\/fr\/hub\/?page_id=9935"},"modified":"2024-12-28T06:52:14","modified_gmt":"2024-12-28T05:52:14","slug":"guide-cadeaux-gamers-wifi","status":"publish","type":"page","link":"https:\/\/frhub.netgear.com\/fr\/hub\/network\/guide-cadeaux-gamers-wifi\/","title":{"rendered":"Pr\u00eat \u00e0 passer au niveau sup\u00e9rieur pour vos cadeaux de f\u00eates ? D\u00e9couvrez le guide ultime des cadeaux pour gamers 2024 !"},"content":{"rendered":"    <div class=\"table-of-content bg-gray\">\n        <p><strong>IN THIS ARTICLE<\/strong><\/p>\n        <ul>\n                        <li><a href=\"#topic1\">Les consoles de jeu les plus tendance pour les f\u00eates de fin d\u2019ann\u00e9e 2024<\/a><\/li>\n                        <li><a href=\"#topic2\">L\u2019importance d\u2019un WiFi haut de gamme pour le gaming<\/a><\/li>\n                        <li><a href=\"#topic3\">Streaming et taille des t\u00e9l\u00e9chargements de jeux<\/a><\/li>\n                        <li><a href=\"#topic4\">Ethernet vs WiFi : quelle option est la meilleure pour le gaming ?<\/a><\/li>\n                        <li><a href=\"#topic5\">NETGEAR : Les meilleures solutions pour tous les besoins gaming<\/a><\/li>\n                        <li><a href=\"#topic6\">Conseils suppl\u00e9mentaires pour une configuration gaming ultime<\/a><\/li>\n                    <\/ul>\n    <\/div>\n        <div id=\"topic1\" class=\"skip-item\">\n                        <h2>Les consoles de jeu les plus tendance pour les f\u00eates de fin d\u2019ann\u00e9e 2024<\/h2>\n                <p><span style=\"font-weight: 400\">En 2024, l\u2019une des premi\u00e8res choses \u00e0 surveiller est l\u2019arriv\u00e9e des routeurs gaming et consoles compatibles WiFi 7. La norme WiFi 7 repr\u00e9sente une avanc\u00e9e majeure par rapport aux <a href=\"https:\/\/frhub.netgear.com\/fr\/hub\/technology\/wifi-7-contre-wifi-6-plus\/\">WiFi 6 et WiFi 6E<\/a>, offrant une exp\u00e9rience utilisateur de nouvelle g\u00e9n\u00e9ration. Les derni\u00e8res consoles de jeu et routeurs gaming sont optimis\u00e9s pour des performances exceptionnelles avec le WiFi 7, avec des fonctionnalit\u00e9s incontournables pour les listes de souhaits des gamers. Les consoles phares pour la saison festive 2024 <\/span><b>comprennent<\/b><span style=\"font-weight: 400\"> :<\/span><\/p>\n<ul>\n<li style=\"font-weight: 400\"><span style=\"font-weight: 400\">Steam Deck OLED<\/span><span style=\"font-weight: 400\"> : Cette console offre une clart\u00e9 exceptionnelle pour les longues sessions de jeu. Le Steam Deck int\u00e8gre des sticks analogiques, des boutons et des g\u00e2chettes de taille standard pour une utilisation facile.<\/span><\/li>\n<li style=\"font-weight: 400\"><span style=\"font-weight: 400\">PS5 Pro<\/span><span style=\"font-weight: 400\"> : La PlayStation\u00ae5 Pro est la console pr\u00e9f\u00e9r\u00e9e des joueurs souhaitant profiter d\u2019images ultra-nettes, de taux de rafra\u00eechissement \u00e9lev\u00e9s et d\u2019autres fonctionnalit\u00e9s avanc\u00e9es en 4K.<\/span><\/li>\n<\/ul>\n<p><span style=\"font-weight: 400\">MetaQuest 3 Casque VR<\/span><span style=\"font-weight: 400\"> : Transformez votre maison avec une exp\u00e9rience de r\u00e9alit\u00e9 mixte alliant divertissement, performances et jeux, avec des d\u00e9tails incroyablement pr\u00e9cis. Jouez, entra\u00eenez-vous et streamez avec des centaines d\u2019applications qui \u00e9veilleront vos passions.<\/span><\/p>\n    <\/div>\n        <div id=\"topic2\" class=\"skip-item\">\n                        <h2>L\u2019importance d\u2019un WiFi haut de gamme pour le gaming<\/h2>\n                <p><span style=\"font-weight: 400\">Les meilleures consoles de jeu reposent sur des vitesses multi-gigabits pour une r\u00e9activit\u00e9 en temps r\u00e9el. Le <a href=\"https:\/\/frhub.netgear.com\/fr\/hub\/technology\/wifi-7-plus-rapide-au-monde\/\">WiFi 7<\/a>, derni\u00e8re norme introduite par la WiFi Alliance, offre aux gamers une connexion ultra-rapide, essentielle pour le jeu en ligne, le streaming, les visioconf\u00e9rences et les t\u00e9l\u00e9chargements de gros fichiers. Les routeurs NETGEAR WiFi 7 utilisent les bandes 2,4 GHz, 5 GHz et 6 GHz pour offrir une connectivit\u00e9 tri-bande ou quad-bande imbattable, id\u00e9ale pour les routeurs gaming et autres applications gourmandes en bande passante.<\/span><\/p>\n<p><span style=\"font-weight: 400\">Un WiFi de qualit\u00e9 sup\u00e9rieure est essentiel pour les gamers en qu\u00eate d\u2019un avantage d\u00e9cisif. Les routeurs et syst\u00e8mes maill\u00e9s NETGEAR Nighthawk et Orbi WiFi 7 vous offrent cet atout, ainsi que la possibilit\u00e9 de connecter des centaines d\u2019appareils WiFi simultan\u00e9ment. Aujourd\u2019hui, un foyer fran\u00e7ais moyen compte plus de 20 appareils connect\u00e9s, tous en concurrence pour un acc\u00e8s sans fil. Avec NETGEAR WiFi 7, vous reprenez le contr\u00f4le pour une maison intelligente fluide et des appareils gaming de nouvelle g\u00e9n\u00e9ration d\u00e9di\u00e9s.<\/span><\/p>\n    <\/div>\n        <div id=\"topic3\" class=\"skip-item\">\n                        <h2>Streaming et taille des t\u00e9l\u00e9chargements de jeux<\/h2>\n                <p><span style=\"font-weight: 400\">Les jeux deviennent de plus en plus complexes et r\u00e9alistes, ce qui est fantastique si vous disposez des exigences de streaming n\u00e9cessaires. Les routeurs haute performance de NETGEAR peuvent g\u00e9rer plusieurs flux de donn\u00e9es de mani\u00e8re fluide, avec une latence r\u00e9duite pour les ordinateurs portables, smartphones, routeurs gaming et appareils IoT. Les services de cloud gaming b\u00e9n\u00e9ficient \u00e9galement de solutions r\u00e9seau robustes. Tout gamer appr\u00e9ciera un routeur NETGEAR WiFi 7 pour les f\u00eates de fin d\u2019ann\u00e9e 2024.<\/span><\/p>\n<p><span style=\"font-weight: 400\">Le WiFi 7 s\u2019appuie sur les technologies WiFi 6 et WiFi 6E, telles que le MU-MIMO et l\u2019OFDMA, tout en introduisant de nouvelles technologies r\u00e9volutionnaires qui surpassent la concurrence :<\/span><\/p>\n<ul>\n<li style=\"font-weight: 400\"><span style=\"font-weight: 400\">Operation Multi-Lien (MLO)<\/span><\/li>\n<li style=\"font-weight: 400\"><span style=\"font-weight: 400\">Canaux de 320 MHz<\/span><\/li>\n<li style=\"font-weight: 400\"><span style=\"font-weight: 400\">Preamble Puncturing<\/span><b> (Une technique qui maximise l&#8217;utilisation des canaux disponibles, m\u00eame en cas d&#8217;interf\u00e9rences.)<\/b><\/li>\n<li style=\"font-weight: 400\"><span style=\"font-weight: 400\">Cryptage de s\u00e9curit\u00e9 WPA3<\/span><\/li>\n<li style=\"font-weight: 400\"><span style=\"font-weight: 400\">4096 QAM (4K-QAM)<\/span><\/li>\n<\/ul>\n<p><span style=\"font-weight: 400\">Les solutions NETGEAR \u00e9liminent la latence et r\u00e9duisent les mises en m\u00e9moire tampon en g\u00e9rant efficacement et rapidement plusieurs flux de donn\u00e9es. Le WiFi 7, \u00e9galement appel\u00e9 d\u00e9bit extr\u00eamement \u00e9lev\u00e9 (EHT), offre les vitesses en Gbit\/s n\u00e9cessaires pour garantir votre succ\u00e8s.<\/span><\/p>\n    <\/div>\n        <div id=\"topic4\" class=\"skip-item\">\n                        <h2>Ethernet vs WiFi : quelle option est la meilleure pour le gaming ?<\/h2>\n                <p><span style=\"font-weight: 400\">Les connexions LAN Ethernet sont r\u00e9put\u00e9es pour leur fiabilit\u00e9, leurs vitesses fulgurantes et leur faible latence. Mais saviez-vous que les meilleurs routeurs sans fil et syst\u00e8mes maill\u00e9s WiFi couvrant toute la maison peuvent offrir des performances \u00e9gales \u00e0 celles de l\u2019Ethernet ? C\u2019est l\u00e0 que le WiFi 7 entre en jeu. Les routeurs NETGEAR WiFi 7 prennent en charge de mani\u00e8re efficace les options de connexion filaire et sans fil.<\/span><\/p>\n<p><span style=\"font-weight: 400\">De nombreux gamers pr\u00e9f\u00e8rent disposer de leur propre espace et d\u2019une connexion Ethernet d\u00e9di\u00e9e pour leur console de jeu. Les syst\u00e8mes NETGEAR Nighthawk et Orbi WiFi incluent plusieurs ports LAN multi-gig, des connexions sans fil, des ports USB, et bien plus encore pour des vitesses ultra-rapides et une compatibilit\u00e9 avec les appareils gaming et de stockage.<\/span><\/p>\n    <\/div>\n        <div id=\"topic5\" class=\"skip-item\">\n                        <h2>NETGEAR : Les meilleures solutions pour tous les besoins gaming<\/h2>\n                <p><span style=\"font-weight: 400\">Les routeurs NETGEAR Nighthawk sont des favoris des gamers depuis des ann\u00e9es. L\u2019engagement de NETGEAR \u00e0 fournir des \u00e9quipements r\u00e9seau de haute qualit\u00e9 reste in\u00e9branlable, avec une gamme exceptionnelle de routeurs WiFi 7 et de syst\u00e8mes maill\u00e9s con\u00e7us pour le gaming, le streaming, le t\u00e9l\u00e9travail et les loisirs, que ce soit pour le travail ou le divertissement. Voici quelques produits NETGEAR incontournables pour toute liste de souhaits gaming en 2024.<\/span><\/p>\n<h3><span style=\"font-weight: 400\">Les meilleurs \u00e9quipements r\u00e9seau \u00e0 offrir aux gamers<\/span><\/h3>\n<ul>\n<li style=\"font-weight: 400\"><b>Routeur Nighthawk RS700S<\/b><span style=\"font-weight: 400\"> : Jusqu\u2019\u00e0 19 Gbit\/s et un port 10 Gbit pour des connexions prioritaires.<\/span><\/li>\n<li style=\"font-weight: 400\"><b>Routeur Nighthawk RS300<\/b><span style=\"font-weight: 400\"> : Jusqu\u2019\u00e0 9,3 Gbit\/s et une couverture jusqu\u2019\u00e0 185 m\u00b2.<\/span><\/li>\n<li style=\"font-weight: 400\"><b>Syst\u00e8mes maill\u00e9s Orbi 970 &amp; Orbi 770<\/b><span style=\"font-weight: 400\"> : Vitesses WiFi jusqu\u2019\u00e0 27 Gbit\/s pour plus de 200 appareils.<\/span><\/li>\n<\/ul>\n<p><b>Hotspots mobiles <\/b><b>M6<\/b><b>, M6 Pro <\/b><b>&amp; M3<\/b><span style=\"font-weight: 400\"> : Routeurs 5G d\u00e9bloqu\u00e9s pour fonctionner dans plus de 125 pays.<\/span><\/p>\n    <\/div>\n        <div id=\"topic6\" class=\"skip-item\">\n                        <h2>Conseils suppl\u00e9mentaires pour une configuration gaming ultime<\/h2>\n                <p><span style=\"font-weight: 400\">Le gaming est une affaire s\u00e9rieuse en France aujourd\u2019hui. Les d\u00e9veloppements en 2024 incluent l\u2019adoption de casques haute d\u00e9finition pour une r\u00e9alit\u00e9 augment\u00e9e encore plus immersive et des jeux plus r\u00e9alistes que jamais. L\u2019intelligence artificielle progresse rapidement, et la r\u00e9alit\u00e9 virtuelle s\u2019impose durablement. Une zone de jeu parfaitement \u00e9quip\u00e9e peut \u00e9galement inclure une chaise gaming ergonomique, des moniteurs haute r\u00e9solution, un \u00e9clairage d\u2019ambiance, des enceintes intelligentes et une cam\u00e9ra de qualit\u00e9.<\/span><\/p>\n<p><span style=\"font-weight: 400\">Les routeurs WiFi et syst\u00e8mes maill\u00e9s WiFi NETGEAR vous permettront de p\u00e9renniser votre syst\u00e8me gaming pour les ann\u00e9es \u00e0 venir. Les points d\u2019acc\u00e8s WiFi 7 Nighthawk et Orbi offrent des vitesses ultra-rapides, incluant des ports 10G et une largeur de canal de 320 MHz pour des d\u00e9bits multi-gigabits sur tous les appareils de votre r\u00e9seau.<\/span><\/p>\n    <\/div>\n    \n","protected":false},"excerpt":{"rendered":"","protected":false},"author":68,"featured_media":9880,"parent":6081,"menu_order":8,"comment_status":"closed","ping_status":"closed","template":"templates\/mesh-vs-wifi.php","meta":{"_acf_changed":false,"content-type":"","footnotes":""},"class_list":["post-9935","page","type-page","status-publish","has-post-thumbnail","hentry"],"acf":[],"yoast_head":"<!-- This site is optimized with the Yoast SEO plugin v27.4 - https:\/\/yoast.com\/product\/yoast-seo-wordpress\/ -->\n<title>Guide Ultime des Cadeaux pour Gamers 2024 : WiFi et Gaming<\/title>\n<meta name=\"description\" content=\"Boostez l\u2019exp\u00e9rience gaming avec les consoles 2024 et WiFi 7. D\u00e9couvrez les routeurs NETGEAR Nighthawk et Orbi pour un jeu fluide et rapide.\" \/>\n<meta name=\"robots\" content=\"index, follow, max-snippet:-1, max-image-preview:large, max-video-preview:-1\" \/>\n<link rel=\"canonical\" href=\"https:\/\/frhub.netgear.com\/fr\/hub\/network\/guide-cadeaux-gamers-wifi\/\" \/>\n<meta property=\"og:locale\" content=\"en_US\" \/>\n<meta property=\"og:type\" content=\"article\" \/>\n<meta property=\"og:title\" content=\"Guide Ultime des Cadeaux pour Gamers 2024 : WiFi et Gaming\" \/>\n<meta property=\"og:description\" content=\"Boostez l\u2019exp\u00e9rience gaming avec les consoles 2024 et WiFi 7. D\u00e9couvrez les routeurs NETGEAR Nighthawk et Orbi pour un jeu fluide et rapide.\" \/>\n<meta property=\"og:url\" content=\"https:\/\/frhub.netgear.com\/fr\/hub\/network\/guide-cadeaux-gamers-wifi\/\" \/>\n<meta property=\"og:site_name\" content=\"NETGEAR Blog\" \/>\n<meta property=\"article:publisher\" content=\"https:\/\/www.facebook.com\/NetgearAU\/\" \/>\n<meta property=\"article:modified_time\" content=\"2024-12-28T05:52:14+00:00\" \/>\n<meta property=\"og:image\" content=\"https:\/\/frhub.netgear.com\/fr\/hub\/wp-content\/uploads\/2024\/12\/gettyimages-1280414849-612x612-1.jpg\" \/>\n\t<meta property=\"og:image:width\" content=\"612\" \/>\n\t<meta property=\"og:image:height\" content=\"408\" \/>\n\t<meta property=\"og:image:type\" content=\"image\/jpeg\" \/>\n<meta name=\"twitter:card\" content=\"summary_large_image\" \/>\n<meta name=\"twitter:site\" content=\"@NETGEAR\" \/>\n<script type=\"application\/ld+json\" class=\"yoast-schema-graph\">{\"@context\":\"https:\\\/\\\/schema.org\",\"@graph\":[{\"@type\":\"WebPage\",\"@id\":\"https:\\\/\\\/frhub.netgear.com\\\/fr\\\/hub\\\/network\\\/guide-cadeaux-gamers-wifi\\\/\",\"url\":\"https:\\\/\\\/frhub.netgear.com\\\/fr\\\/hub\\\/network\\\/guide-cadeaux-gamers-wifi\\\/\",\"name\":\"Guide Ultime des Cadeaux pour Gamers 2024 : WiFi et Gaming\",\"isPartOf\":{\"@id\":\"https:\\\/\\\/frhub.netgear.com\\\/fr\\\/hub\\\/#website\"},\"primaryImageOfPage\":{\"@id\":\"https:\\\/\\\/frhub.netgear.com\\\/fr\\\/hub\\\/network\\\/guide-cadeaux-gamers-wifi\\\/#primaryimage\"},\"image\":{\"@id\":\"https:\\\/\\\/frhub.netgear.com\\\/fr\\\/hub\\\/network\\\/guide-cadeaux-gamers-wifi\\\/#primaryimage\"},\"thumbnailUrl\":\"https:\\\/\\\/frhub.netgear.com\\\/fr\\\/hub\\\/wp-content\\\/uploads\\\/2024\\\/12\\\/gettyimages-1280414849-612x612-1.jpg\",\"datePublished\":\"2024-12-16T06:32:14+00:00\",\"dateModified\":\"2024-12-28T05:52:14+00:00\",\"description\":\"Boostez l\u2019exp\u00e9rience gaming avec les consoles 2024 et WiFi 7. D\u00e9couvrez les routeurs NETGEAR Nighthawk et Orbi pour un jeu fluide et rapide.\",\"breadcrumb\":{\"@id\":\"https:\\\/\\\/frhub.netgear.com\\\/fr\\\/hub\\\/network\\\/guide-cadeaux-gamers-wifi\\\/#breadcrumb\"},\"inLanguage\":\"en-US\",\"potentialAction\":[{\"@type\":\"ReadAction\",\"target\":[\"https:\\\/\\\/frhub.netgear.com\\\/fr\\\/hub\\\/network\\\/guide-cadeaux-gamers-wifi\\\/\"]}]},{\"@type\":\"ImageObject\",\"inLanguage\":\"en-US\",\"@id\":\"https:\\\/\\\/frhub.netgear.com\\\/fr\\\/hub\\\/network\\\/guide-cadeaux-gamers-wifi\\\/#primaryimage\",\"url\":\"https:\\\/\\\/frhub.netgear.com\\\/fr\\\/hub\\\/wp-content\\\/uploads\\\/2024\\\/12\\\/gettyimages-1280414849-612x612-1.jpg\",\"contentUrl\":\"https:\\\/\\\/frhub.netgear.com\\\/fr\\\/hub\\\/wp-content\\\/uploads\\\/2024\\\/12\\\/gettyimages-1280414849-612x612-1.jpg\",\"width\":612,\"height\":408},{\"@type\":\"BreadcrumbList\",\"@id\":\"https:\\\/\\\/frhub.netgear.com\\\/fr\\\/hub\\\/network\\\/guide-cadeaux-gamers-wifi\\\/#breadcrumb\",\"itemListElement\":[{\"@type\":\"ListItem\",\"position\":1,\"name\":\"Home\",\"item\":\"https:\\\/\\\/frhub.netgear.com\\\/fr\\\/hub\\\/\"},{\"@type\":\"ListItem\",\"position\":2,\"name\":\"Maison connect\u00e9e\",\"item\":\"https:\\\/\\\/frhub.netgear.com\\\/fr\\\/hub\\\/network\\\/\"},{\"@type\":\"ListItem\",\"position\":3,\"name\":\"Pr\u00eat \u00e0 passer au niveau sup\u00e9rieur pour vos cadeaux de f\u00eates ? D\u00e9couvrez le guide ultime des cadeaux pour gamers 2024 !\"}]},{\"@type\":\"WebSite\",\"@id\":\"https:\\\/\\\/frhub.netgear.com\\\/fr\\\/hub\\\/#website\",\"url\":\"https:\\\/\\\/frhub.netgear.com\\\/fr\\\/hub\\\/\",\"name\":\"NETGEAR Hub France\",\"description\":\"Explorez les pages de notre blog et parcourez les articles pour en savoir plus sur les produits et la technologie NETGEAR.\",\"publisher\":{\"@id\":\"https:\\\/\\\/frhub.netgear.com\\\/fr\\\/hub\\\/#organization\"},\"potentialAction\":[{\"@type\":\"SearchAction\",\"target\":{\"@type\":\"EntryPoint\",\"urlTemplate\":\"https:\\\/\\\/frhub.netgear.com\\\/fr\\\/hub\\\/?s={search_term_string}\"},\"query-input\":{\"@type\":\"PropertyValueSpecification\",\"valueRequired\":true,\"valueName\":\"search_term_string\"}}],\"inLanguage\":\"en-US\"},{\"@type\":\"Organization\",\"@id\":\"https:\\\/\\\/frhub.netgear.com\\\/fr\\\/hub\\\/#organization\",\"name\":\"NETGEAR\",\"url\":\"https:\\\/\\\/frhub.netgear.com\\\/fr\\\/hub\\\/\",\"logo\":{\"@type\":\"ImageObject\",\"inLanguage\":\"en-US\",\"@id\":\"https:\\\/\\\/frhub.netgear.com\\\/fr\\\/hub\\\/#\\\/schema\\\/logo\\\/image\\\/\",\"url\":\"https:\\\/\\\/www.netgear.com\\\/fr\\\/hub\\\/wp-content\\\/uploads\\\/2019\\\/07\\\/NETGEAR_logo.jpg\",\"contentUrl\":\"https:\\\/\\\/www.netgear.com\\\/fr\\\/hub\\\/wp-content\\\/uploads\\\/2019\\\/07\\\/NETGEAR_logo.jpg\",\"width\":1500,\"height\":501,\"caption\":\"NETGEAR\"},\"image\":{\"@id\":\"https:\\\/\\\/frhub.netgear.com\\\/fr\\\/hub\\\/#\\\/schema\\\/logo\\\/image\\\/\"},\"sameAs\":[\"https:\\\/\\\/www.facebook.com\\\/NetgearAU\\\/\",\"https:\\\/\\\/x.com\\\/NETGEAR\",\"https:\\\/\\\/www.linkedin.com\\\/company\\\/netgear\"]}]}<\/script>\n<!-- \/ Yoast SEO plugin. -->","yoast_head_json":{"title":"Guide Ultime des Cadeaux pour Gamers 2024 : WiFi et Gaming","description":"Boostez l\u2019exp\u00e9rience gaming avec les consoles 2024 et WiFi 7. D\u00e9couvrez les routeurs NETGEAR Nighthawk et Orbi pour un jeu fluide et rapide.","robots":{"index":"index","follow":"follow","max-snippet":"max-snippet:-1","max-image-preview":"max-image-preview:large","max-video-preview":"max-video-preview:-1"},"canonical":"https:\/\/frhub.netgear.com\/fr\/hub\/network\/guide-cadeaux-gamers-wifi\/","og_locale":"en_US","og_type":"article","og_title":"Guide Ultime des Cadeaux pour Gamers 2024 : WiFi et Gaming","og_description":"Boostez l\u2019exp\u00e9rience gaming avec les consoles 2024 et WiFi 7. D\u00e9couvrez les routeurs NETGEAR Nighthawk et Orbi pour un jeu fluide et rapide.","og_url":"https:\/\/frhub.netgear.com\/fr\/hub\/network\/guide-cadeaux-gamers-wifi\/","og_site_name":"NETGEAR Blog","article_publisher":"https:\/\/www.facebook.com\/NetgearAU\/","article_modified_time":"2024-12-28T05:52:14+00:00","og_image":[{"width":612,"height":408,"url":"https:\/\/frhub.netgear.com\/fr\/hub\/wp-content\/uploads\/2024\/12\/gettyimages-1280414849-612x612-1.jpg","type":"image\/jpeg"}],"twitter_card":"summary_large_image","twitter_site":"@NETGEAR","schema":{"@context":"https:\/\/schema.org","@graph":[{"@type":"WebPage","@id":"https:\/\/frhub.netgear.com\/fr\/hub\/network\/guide-cadeaux-gamers-wifi\/","url":"https:\/\/frhub.netgear.com\/fr\/hub\/network\/guide-cadeaux-gamers-wifi\/","name":"Guide Ultime des Cadeaux pour Gamers 2024 : WiFi et Gaming","isPartOf":{"@id":"https:\/\/frhub.netgear.com\/fr\/hub\/#website"},"primaryImageOfPage":{"@id":"https:\/\/frhub.netgear.com\/fr\/hub\/network\/guide-cadeaux-gamers-wifi\/#primaryimage"},"image":{"@id":"https:\/\/frhub.netgear.com\/fr\/hub\/network\/guide-cadeaux-gamers-wifi\/#primaryimage"},"thumbnailUrl":"https:\/\/frhub.netgear.com\/fr\/hub\/wp-content\/uploads\/2024\/12\/gettyimages-1280414849-612x612-1.jpg","datePublished":"2024-12-16T06:32:14+00:00","dateModified":"2024-12-28T05:52:14+00:00","description":"Boostez l\u2019exp\u00e9rience gaming avec les consoles 2024 et WiFi 7. D\u00e9couvrez les routeurs NETGEAR Nighthawk et Orbi pour un jeu fluide et rapide.","breadcrumb":{"@id":"https:\/\/frhub.netgear.com\/fr\/hub\/network\/guide-cadeaux-gamers-wifi\/#breadcrumb"},"inLanguage":"en-US","potentialAction":[{"@type":"ReadAction","target":["https:\/\/frhub.netgear.com\/fr\/hub\/network\/guide-cadeaux-gamers-wifi\/"]}]},{"@type":"ImageObject","inLanguage":"en-US","@id":"https:\/\/frhub.netgear.com\/fr\/hub\/network\/guide-cadeaux-gamers-wifi\/#primaryimage","url":"https:\/\/frhub.netgear.com\/fr\/hub\/wp-content\/uploads\/2024\/12\/gettyimages-1280414849-612x612-1.jpg","contentUrl":"https:\/\/frhub.netgear.com\/fr\/hub\/wp-content\/uploads\/2024\/12\/gettyimages-1280414849-612x612-1.jpg","width":612,"height":408},{"@type":"BreadcrumbList","@id":"https:\/\/frhub.netgear.com\/fr\/hub\/network\/guide-cadeaux-gamers-wifi\/#breadcrumb","itemListElement":[{"@type":"ListItem","position":1,"name":"Home","item":"https:\/\/frhub.netgear.com\/fr\/hub\/"},{"@type":"ListItem","position":2,"name":"Maison connect\u00e9e","item":"https:\/\/frhub.netgear.com\/fr\/hub\/network\/"},{"@type":"ListItem","position":3,"name":"Pr\u00eat \u00e0 passer au niveau sup\u00e9rieur pour vos cadeaux de f\u00eates ? D\u00e9couvrez le guide ultime des cadeaux pour gamers 2024 !"}]},{"@type":"WebSite","@id":"https:\/\/frhub.netgear.com\/fr\/hub\/#website","url":"https:\/\/frhub.netgear.com\/fr\/hub\/","name":"NETGEAR Hub France","description":"Explorez les pages de notre blog et parcourez les articles pour en savoir plus sur les produits et la technologie NETGEAR.","publisher":{"@id":"https:\/\/frhub.netgear.com\/fr\/hub\/#organization"},"potentialAction":[{"@type":"SearchAction","target":{"@type":"EntryPoint","urlTemplate":"https:\/\/frhub.netgear.com\/fr\/hub\/?s={search_term_string}"},"query-input":{"@type":"PropertyValueSpecification","valueRequired":true,"valueName":"search_term_string"}}],"inLanguage":"en-US"},{"@type":"Organization","@id":"https:\/\/frhub.netgear.com\/fr\/hub\/#organization","name":"NETGEAR","url":"https:\/\/frhub.netgear.com\/fr\/hub\/","logo":{"@type":"ImageObject","inLanguage":"en-US","@id":"https:\/\/frhub.netgear.com\/fr\/hub\/#\/schema\/logo\/image\/","url":"https:\/\/www.netgear.com\/fr\/hub\/wp-content\/uploads\/2019\/07\/NETGEAR_logo.jpg","contentUrl":"https:\/\/www.netgear.com\/fr\/hub\/wp-content\/uploads\/2019\/07\/NETGEAR_logo.jpg","width":1500,"height":501,"caption":"NETGEAR"},"image":{"@id":"https:\/\/frhub.netgear.com\/fr\/hub\/#\/schema\/logo\/image\/"},"sameAs":["https:\/\/www.facebook.com\/NetgearAU\/","https:\/\/x.com\/NETGEAR","https:\/\/www.linkedin.com\/company\/netgear"]}]}},"_links":{"self":[{"href":"https:\/\/frhub.netgear.com\/fr\/hub\/wp-json\/wp\/v2\/pages\/9935","targetHints":{"allow":["GET"]}}],"collection":[{"href":"https:\/\/frhub.netgear.com\/fr\/hub\/wp-json\/wp\/v2\/pages"}],"about":[{"href":"https:\/\/frhub.netgear.com\/fr\/hub\/wp-json\/wp\/v2\/types\/page"}],"author":[{"embeddable":true,"href":"https:\/\/frhub.netgear.com\/fr\/hub\/wp-json\/wp\/v2\/users\/68"}],"replies":[{"embeddable":true,"href":"https:\/\/frhub.netgear.com\/fr\/hub\/wp-json\/wp\/v2\/comments?post=9935"}],"version-history":[{"count":7,"href":"https:\/\/frhub.netgear.com\/fr\/hub\/wp-json\/wp\/v2\/pages\/9935\/revisions"}],"predecessor-version":[{"id":9983,"href":"https:\/\/frhub.netgear.com\/fr\/hub\/wp-json\/wp\/v2\/pages\/9935\/revisions\/9983"}],"up":[{"embeddable":true,"href":"https:\/\/frhub.netgear.com\/fr\/hub\/wp-json\/wp\/v2\/pages\/6081"}],"wp:featuredmedia":[{"embeddable":true,"href":"https:\/\/frhub.netgear.com\/fr\/hub\/wp-json\/wp\/v2\/media\/9880"}],"wp:attachment":[{"href":"https:\/\/frhub.netgear.com\/fr\/hub\/wp-json\/wp\/v2\/media?parent=9935"}],"curies":[{"name":"wp","href":"https:\/\/api.w.org\/{rel}","templated":true}]}}