{"id":9811,"date":"2024-11-26T03:12:34","date_gmt":"2024-11-26T02:12:34","guid":{"rendered":"https:\/\/www.netgear.com\/fr\/hub\/?page_id=9811"},"modified":"2025-02-18T01:19:00","modified_gmt":"2025-02-18T00:19:00","slug":"internet-fixe-sans-fil","status":"publish","type":"page","link":"https:\/\/frhub.netgear.com\/fr\/hub\/network\/internet-fixe-sans-fil\/","title":{"rendered":"Qu\u2019est-ce que l\u2019Internet fixe sans fil pour le domicile ?"},"content":{"rendered":"    <div class=\"table-of-content bg-gray\">\n        <p><strong>IN THIS ARTICLE<\/strong><\/p>\n        <ul>\n                        <li><a href=\"#topic1\">Internet fixe sans fil partout<\/a><\/li>\n                        <li><a href=\"#topic2\">Cas d\u2019utilisation d\u2019un point d\u2019acc\u00e8s internet fixe sans fil<\/a><\/li>\n                        <li><a href=\"#topic3\">Syst\u00e8mes WiFi et 5G pour une Connectivit\u00e9 Domestique Ultra-Rapide et Fiable<\/a><\/li>\n                        <li><a href=\"#topic4\">Avantages de l\u2019internet fixe sans fil<\/a><\/li>\n                        <li><a href=\"#topic5\">Internet fixe sans fil pour les particuliers et les entreprises<\/a><\/li>\n                        <li><a href=\"#topic6\">Internet fixe sans fil pour les personnes mobiles<\/a><\/li>\n                        <li><a href=\"#topic7\">Internet fixe sans fil pour les utilisateurs avertis<\/a><\/li>\n                    <\/ul>\n    <\/div>\n        <div id=\"topic1\" class=\"skip-item\">\n                        <h2>Internet fixe sans fil partout<\/h2>\n                <p>La technologie internet par satellite a fait de grands progr\u00e8s en France au cours de la derni\u00e8re d\u00e9cennie, rendant l\u2019internet domestique 5G une r\u00e9alit\u00e9. C\u2019est le moment id\u00e9al pour remplacer votre routeur WiFi traditionnel par un service d\u2019internet fixe sans fil. Les avanc\u00e9es de la technologie WiFi offrent aujourd\u2019hui des options flexibles pour se connecter \u00e0 internet dans des lieux fixes \u2013 \u00e0 la maison, au bureau, ou m\u00eame en d\u00e9placement. Les r\u00e9seaux fixes sans fil d\u2019aujourd\u2019hui offrent une faible latence, des vitesses de t\u00e9l\u00e9chargement rapides, plus de bande passante, des forfaits internet flexibles, et la possibilit\u00e9 de se connecter \u00e0 des points d\u2019acc\u00e8s presque partout.<\/p>\n<p>Les solutions NETGEAR incluent les syst\u00e8mes <a href=\"https:\/\/frhub.netgear.com\/fr\/hub\/wifi\/routers\/importance-du-wifi-6\/\">Mesh Orbi WiFi 6<\/a> par satellite, parfaits pour une utilisation domestique ou professionnelle. Un syst\u00e8me Mesh tri-bande 5G AX4200 peut offrir des vitesses allant jusqu\u2019\u00e0 4,2 Gbit\/s et une couverture WiFi dans toute la maison sur jusqu\u2019\u00e0 460 m\u00b2 pour 40 appareils en simultan\u00e9. Pour encore plus de couverture WiFi, il suffit d\u2019ajouter un autre satellite. M\u00eame si les connexions Ethernet et fibre optique restent les plus performantes pour des vitesses maximales, les connexions sans fil fixes sont ultra-rapides et fluides, sans les c\u00e2bles disgracieux et enchev\u00eatr\u00e9s.<\/p>\n    <\/div>\n        <div id=\"topic2\" class=\"skip-item\">\n                        <h2>Cas d\u2019utilisation d\u2019un point d\u2019acc\u00e8s internet fixe sans fil<\/h2>\n                <p><img loading=\"lazy\" decoding=\"async\" class=\"aligncenter size-full wp-image-6079\" style=\"border-radius: 20px\" src=\"https:\/\/www.netgear.com\/fr\/hub\/wp-content\/uploads\/2024\/11\/gettyimages-1302894456-612x612-1-300x200.jpg\" alt=\"\" width=\"450\" height=\"200\" \/><\/p>\n<p>L\u2019internet fixe sans fil vous offre la libert\u00e9 de vous connecter partout o\u00f9 il y a une antenne mobile ou un signal WiFi par satellite. L\u2019acc\u00e8s fixe sans fil utilisant la 5G ou la 4G LTE est id\u00e9al pour les connexions internet \u00e0 domicile ou au bureau. Les syst\u00e8mes sans fil NETGEAR sont parfaits pour les connexions internet rurales et pour les personnes qui d\u00e9m\u00e9nagent souvent sans acc\u00e8s \u00e0 des connexions filaires permanentes. Les contrats pour l\u2019internet fixe sans fil et les hotspots mobiles incluent des options de paiement automatique, des plafonds de donn\u00e9es et des forfaits de donn\u00e9es illimit\u00e9es. Cas d\u2019utilisation :<\/p>\n<ul>\n<li>Connexion principale pour les zones rurales et les foyers en France o\u00f9 les services par c\u00e2ble ou fibre rapides ne sont pas disponibles. Acc\u00e9dez aux signaux des antennes mobiles 5G et 4G LTE ainsi qu\u2019au WiFi par satellite pour votre r\u00e9seau domestique.<\/li>\n<li>Connexion de secours en cas d\u2019indisponibilit\u00e9 de votre service internet par c\u00e2ble ou DSL. La 5G et la 4G LTE garantissent une connexion constante pour vos appareils personnels et vos applications de maison intelligente.<\/li>\n<li>Connexion \u00e0 la demande pour un acc\u00e8s internet temporaire \u00e0 domicile, au travail, en voyage, ou en vacances.<\/li>\n<li>Installation simple et rapide en DIY. Utilisez une carte SIM activ\u00e9e et g\u00e9rez les param\u00e8tres via l\u2019application mobile NETGEAR.<\/li>\n<\/ul>\n    <\/div>\n        <div id=\"topic3\" class=\"skip-item\">\n                        <h2>Syst\u00e8mes WiFi et 5G pour une Connectivit\u00e9 Domestique Ultra-Rapide et Fiable<\/h2>\n                <p><img loading=\"lazy\" decoding=\"async\" class=\"aligncenter size-full wp-image-6079\" style=\"border-radius: 20px\" src=\"https:\/\/www.netgear.com\/fr\/hub\/wp-content\/uploads\/2024\/11\/gettyimages-1022891462-612x612-1-300x200.jpg\" alt=\"\" width=\"450\" height=\"200\" \/><\/p>\n<h3>Syst\u00e8me Mesh Orbi 5G Tri-Bande WiFi 6 \u2013 Routeur + 1 Satellite<\/h3>\n<p>Le syst\u00e8me Mesh Orbi 5G introduit la technologie mobile 5G tri-bande dans votre maison avec des vitesses internet multi-gigabits. Le syst\u00e8me Mesh fixe sans fil Orbi tri-bande WiFi 6 AX4200 est ultra-rapide et fiable, offrant jusqu\u2019\u00e0 4,2 Gbit\/s pour plus de 40 appareils connect\u00e9s simultan\u00e9ment. Streamez, naviguez et travaillez sans interruption avec le WiFi Orbi 5G, qui permet une couverture \u00e9tendue sans mise en m\u00e9moire tampon. Ajoutez facilement plus de couverture WiFi avec des satellites suppl\u00e9mentaires \u2013 chaque satellite \u00e9largit la couverture de 230 m\u00b2.<\/p>\n<h3>Modem NETGEAR 4G LTE<\/h3>\n<p>Pour les foyers disposant d\u2019une connexion internet lente (DSL) ou sans service fixe de haut d\u00e9bit, le modem NETGEAR LM1200 4G LTE peut fournir la solution id\u00e9ale d\u2019internet fixe sans fil. Un modem 4G LTE peut maximiser les vitesses internet en Mbps pour une exp\u00e9rience de streaming et de jeu optimale sans restrictions. L\u2019installation est aussi simple que d\u2019ins\u00e9rer une carte Nano SIM active de votre fournisseur de services pour acc\u00e9der instantan\u00e9ment au r\u00e9seau LTE comme connexion principale pour votre domicile ou entreprise. Connectez-le \u00e0 n\u2019importe quel routeur WiFi pour am\u00e9liorer la port\u00e9e et la vitesse de tous les appareils de votre maison ou bureau.<\/p>\n<h3>L\u2019alternative WiFi domestique avec point d\u2019acc\u00e8s mobile<\/h3>\n<p>Les meilleurs points d\u2019acc\u00e8s mobiles, tels que le Nighthawk M6 Pro 5G mmWave WiFi 6E, offrent des performances comparables aux derniers routeurs WiFi domestiques. Le M6 Pro propose des vitesses sans fil allant jusqu\u2019\u00e0 8 Gbit\/s et est d\u00e9bloqu\u00e9 dans plus de 125 pays \u00e0 travers le monde. Ins\u00e9rez une carte SIM de votre fournisseur pr\u00e9f\u00e9r\u00e9 pour un acc\u00e8s internet imm\u00e9diat, o\u00f9 que vous soyez. Le M6 Pro est une alternative plus puissante et s\u00e9curis\u00e9e qu\u2019un partage de connexion via smartphone et peut connecter jusqu\u2019\u00e0 32 appareils en simultan\u00e9.<br \/>\nLes points d\u2019acc\u00e8s mobiles M6 Pro peuvent r\u00e9pondre aux besoins d\u2019une connexion internet domestique rapide et s\u00e9curis\u00e9e. La batterie du M6 Pro dure jusqu\u2019\u00e0 13 heures avec une seule charge, et vous pouvez facilement configurer, modifier les param\u00e8tres WiFi, partager l\u2019acc\u00e8s et surveiller l\u2019utilisation des donn\u00e9es via son \u00e9cran tactile couleur de 2,8 pouces. Emportez une batterie de secours ou branchez le M6 Pro pour une connectivit\u00e9 24\/7.<\/p>\n<h3>Mode de performance domestique pour le M6 Pro<\/h3>\n<p>Votre point d\u2019acc\u00e8s internet <a href=\"https:\/\/www.netgear.com\/fr\/hub\/wifi\/mobile\/nighthawk-m6-pro-routeur-mobile\/\">Nighthawk M6 ou M6 Pro<\/a> peut \u00eatre activ\u00e9 en mode de performance domestique pour \u00e9tendre sa port\u00e9e \u00e0 185 m\u00b2 de connectivit\u00e9 WiFi s\u00e9curis\u00e9e et fluide. Le mode de performance domestique \u00e9limine les zones mortes en diffusant le signal WiFi plus loin, permettant \u00e0 chacun de profiter de son espace pour le streaming, les jeux en ligne, les r\u00e9seaux sociaux et bien plus encore.<\/p>\n<div class=\"explore-btn-area\"><a class=\"explore-btn\" href=\"https:\/\/www.netgear.com\/fr\/home\/mobile-wifi\/hotspots\/mr6450\/\">ACHETER NIGHTHAWK M6 PRO<\/a><\/div>\n<div class=\"explore-btn-area\"><a class=\"explore-btn\" href=\"https:\/\/www.netgear.com\/fr\/home\/mobile-wifi\/hotspots\/mr6150\/\">ACHETER NIGHTHAWK M6 PRO<\/a><\/div>\n    <\/div>\n        <div id=\"topic4\" class=\"skip-item\">\n                        <h2>Avantages de l\u2019internet fixe sans fil<\/h2>\n                <p>NETGEAR propose plusieurs options de connexion \u00e0 internet fixe sans fil et de point d\u2019acc\u00e8s mobile. La concurrence entre fournisseurs d\u2019acc\u00e8s internet en France rend \u00e9galement les co\u00fbts de services d\u2019internet fixe sans fil abordables. Les routeurs fixes sans fil et les points d\u2019acc\u00e8s mobiles repr\u00e9sentent une avanc\u00e9e majeure, offrant aux utilisateurs des solutions WiFi flexibles, fonctionnelles et \u00e9conomiques, adapt\u00e9es \u00e0 chaque type de foyer et \u00e0 tous les budgets.<\/p>\n<div class=\"explore-btn-area\"><a class=\"explore-btn\" href=\"https:\/\/www.netgear.com\/fr\/home\/mobile-wifi\/routers\/\">En savoir plus<\/a><\/div>\n    <\/div>\n        <div id=\"topic5\" class=\"skip-item\">\n                        <h2>Internet fixe sans fil pour les particuliers et les entreprises<\/h2>\n                <p><img loading=\"lazy\" decoding=\"async\" class=\"aligncenter size-full wp-image-6079\" style=\"border-radius: 20px\" src=\"https:\/\/www.netgear.com\/fr\/hub\/wp-content\/uploads\/2024\/11\/gettyimages-1364482289-612x612-1-300x200.jpg\" alt=\"\" width=\"450\" height=\"200\" \/><\/p>\n<p>L\u2019internet fixe sans fil est id\u00e9al pour ceux qui souhaitent remplacer leur routeur autonome ou leur routeur\/modem. Les routeurs fixes sans fil pour un usage domestique ou professionnel peuvent cibler des connexions prioritaires ou se connecter sans fil avec des <a href=\"https:\/\/www.netgear.com\/fr\/hub\/wifi\/mesh\/orbi-satellites\/\">satellites Mesh WiFi<\/a> pour une couverture totale de la maison ou de l\u2019entreprise. L\u2019internet fixe sans fil est une excellente solution pour les zones mal desservies o\u00f9 les r\u00e9seaux de c\u00e2ble et de fibre optique ne sont pas actifs. Les meilleurs routeurs fixes sans fil fournissent des signaux puissants pour tous vos appareils.<\/p>\n    <\/div>\n        <div id=\"topic6\" class=\"skip-item\">\n                        <h2>Internet fixe sans fil pour les personnes mobiles<\/h2>\n                <p>En France, les gens d\u00e9m\u00e9nagent et changent de lieu plus que jamais, ce qui rend l\u2019internet fixe sans fil et les points d\u2019acc\u00e8s mobiles indispensables pour beaucoup d\u2019entre nous. Les connexions fixes sans fil sont parfaites pour les travailleurs \u00e0 distance, les nomades digitaux, les locataires et les contrats de courte dur\u00e9e entre diff\u00e9rents logements. Utilisez le mode de performance domestique sur les points d\u2019acc\u00e8s mobiles pour doubler la couverture de votre signal internet \u00e0 360\u00b0 via antenne satellite.<\/p>\n    <\/div>\n        <div id=\"topic7\" class=\"skip-item\">\n                        <h2>Internet fixe sans fil pour les utilisateurs avertis<\/h2>\n                <p>Les utilisateurs avertis appr\u00e9cient les options de connexion de secours pour les moments o\u00f9 les signaux de leur fournisseur d\u2019acc\u00e8s internet habituel sont faibles. L\u2019ajout d\u2019un syst\u00e8me d\u2019internet fixe sans fil optimis\u00e9 pour une connexion haut d\u00e9bit garantit les meilleures vitesses de t\u00e9l\u00e9chargement et des connexions d\u2019appareils rapides dans votre r\u00e9seau domestique ou professionnel. Les points d\u2019acc\u00e8s mobiles et fixes sans fil de NETGEAR ouvrent la voie, soutenus par des forfaits attractifs de la part de fournisseurs de services de r\u00e9seaux sans fil bien r\u00e9put\u00e9s.<\/p>\n    <\/div>\n    \n","protected":false},"excerpt":{"rendered":"","protected":false},"author":68,"featured_media":9813,"parent":6081,"menu_order":5,"comment_status":"closed","ping_status":"closed","template":"templates\/mesh-vs-wifi.php","meta":{"_acf_changed":false,"content-type":"","footnotes":""},"class_list":["post-9811","page","type-page","status-publish","has-post-thumbnail","hentry"],"acf":[],"yoast_head":"<!-- This site is optimized with the Yoast SEO plugin v27.5 - https:\/\/yoast.com\/product\/yoast-seo-wordpress\/ -->\n<title>Avantages et Solutions de l\u2019Internet Fixe Sans Fil \u00e0 Domicile<\/title>\n<meta name=\"description\" content=\"L\u2019internet fixe sans fil r\u00e9volutionne les connexions domestiques : 5G, WiFi \u00e9tendu, faible latence, et flexibilit\u00e9 pour maisons et bureaux. D\u00e9couvrez les avantages d\u00e8s aujourd\u2019hui.\" \/>\n<meta name=\"robots\" content=\"index, follow, max-snippet:-1, max-image-preview:large, max-video-preview:-1\" \/>\n<link rel=\"canonical\" href=\"https:\/\/frhub.netgear.com\/fr\/hub\/network\/internet-fixe-sans-fil\/\" \/>\n<meta property=\"og:locale\" content=\"en_US\" \/>\n<meta property=\"og:type\" content=\"article\" \/>\n<meta property=\"og:title\" content=\"Avantages et Solutions de l\u2019Internet Fixe Sans Fil \u00e0 Domicile\" \/>\n<meta property=\"og:description\" content=\"L\u2019internet fixe sans fil r\u00e9volutionne les connexions domestiques : 5G, WiFi \u00e9tendu, faible latence, et flexibilit\u00e9 pour maisons et bureaux. D\u00e9couvrez les avantages d\u00e8s aujourd\u2019hui.\" \/>\n<meta property=\"og:url\" content=\"https:\/\/frhub.netgear.com\/fr\/hub\/network\/internet-fixe-sans-fil\/\" \/>\n<meta property=\"og:site_name\" content=\"NETGEAR Blog\" \/>\n<meta property=\"article:publisher\" content=\"https:\/\/www.facebook.com\/NetgearAU\/\" \/>\n<meta property=\"article:modified_time\" content=\"2025-02-18T00:19:00+00:00\" \/>\n<meta property=\"og:image\" content=\"https:\/\/frhub.netgear.com\/fr\/hub\/wp-content\/uploads\/2024\/11\/gettyimages-88586463-612x612-1.jpg\" \/>\n\t<meta property=\"og:image:width\" content=\"612\" \/>\n\t<meta property=\"og:image:height\" content=\"455\" \/>\n\t<meta property=\"og:image:type\" content=\"image\/jpeg\" \/>\n<meta name=\"twitter:card\" content=\"summary_large_image\" \/>\n<meta name=\"twitter:site\" content=\"@NETGEAR\" \/>\n<script type=\"application\/ld+json\" class=\"yoast-schema-graph\">{\"@context\":\"https:\\\/\\\/schema.org\",\"@graph\":[{\"@type\":\"WebPage\",\"@id\":\"https:\\\/\\\/frhub.netgear.com\\\/fr\\\/hub\\\/network\\\/internet-fixe-sans-fil\\\/\",\"url\":\"https:\\\/\\\/frhub.netgear.com\\\/fr\\\/hub\\\/network\\\/internet-fixe-sans-fil\\\/\",\"name\":\"Avantages et Solutions de l\u2019Internet Fixe Sans Fil \u00e0 Domicile\",\"isPartOf\":{\"@id\":\"https:\\\/\\\/frhub.netgear.com\\\/fr\\\/hub\\\/#website\"},\"primaryImageOfPage\":{\"@id\":\"https:\\\/\\\/frhub.netgear.com\\\/fr\\\/hub\\\/network\\\/internet-fixe-sans-fil\\\/#primaryimage\"},\"image\":{\"@id\":\"https:\\\/\\\/frhub.netgear.com\\\/fr\\\/hub\\\/network\\\/internet-fixe-sans-fil\\\/#primaryimage\"},\"thumbnailUrl\":\"https:\\\/\\\/frhub.netgear.com\\\/fr\\\/hub\\\/wp-content\\\/uploads\\\/2024\\\/11\\\/gettyimages-88586463-612x612-1.jpg\",\"datePublished\":\"2024-11-26T02:12:34+00:00\",\"dateModified\":\"2025-02-18T00:19:00+00:00\",\"description\":\"L\u2019internet fixe sans fil r\u00e9volutionne les connexions domestiques : 5G, WiFi \u00e9tendu, faible latence, et flexibilit\u00e9 pour maisons et bureaux. D\u00e9couvrez les avantages d\u00e8s aujourd\u2019hui.\",\"breadcrumb\":{\"@id\":\"https:\\\/\\\/frhub.netgear.com\\\/fr\\\/hub\\\/network\\\/internet-fixe-sans-fil\\\/#breadcrumb\"},\"inLanguage\":\"en-US\",\"potentialAction\":[{\"@type\":\"ReadAction\",\"target\":[\"https:\\\/\\\/frhub.netgear.com\\\/fr\\\/hub\\\/network\\\/internet-fixe-sans-fil\\\/\"]}]},{\"@type\":\"ImageObject\",\"inLanguage\":\"en-US\",\"@id\":\"https:\\\/\\\/frhub.netgear.com\\\/fr\\\/hub\\\/network\\\/internet-fixe-sans-fil\\\/#primaryimage\",\"url\":\"https:\\\/\\\/frhub.netgear.com\\\/fr\\\/hub\\\/wp-content\\\/uploads\\\/2024\\\/11\\\/gettyimages-88586463-612x612-1.jpg\",\"contentUrl\":\"https:\\\/\\\/frhub.netgear.com\\\/fr\\\/hub\\\/wp-content\\\/uploads\\\/2024\\\/11\\\/gettyimages-88586463-612x612-1.jpg\",\"width\":612,\"height\":455},{\"@type\":\"BreadcrumbList\",\"@id\":\"https:\\\/\\\/frhub.netgear.com\\\/fr\\\/hub\\\/network\\\/internet-fixe-sans-fil\\\/#breadcrumb\",\"itemListElement\":[{\"@type\":\"ListItem\",\"position\":1,\"name\":\"Home\",\"item\":\"https:\\\/\\\/frhub.netgear.com\\\/fr\\\/hub\\\/\"},{\"@type\":\"ListItem\",\"position\":2,\"name\":\"Maison connect\u00e9e\",\"item\":\"https:\\\/\\\/frhub.netgear.com\\\/fr\\\/hub\\\/network\\\/\"},{\"@type\":\"ListItem\",\"position\":3,\"name\":\"Qu\u2019est-ce que l\u2019Internet fixe sans fil pour le domicile ?\"}]},{\"@type\":\"WebSite\",\"@id\":\"https:\\\/\\\/frhub.netgear.com\\\/fr\\\/hub\\\/#website\",\"url\":\"https:\\\/\\\/frhub.netgear.com\\\/fr\\\/hub\\\/\",\"name\":\"NETGEAR Hub France\",\"description\":\"Explorez les pages de notre blog et parcourez les articles pour en savoir plus sur les produits et la technologie NETGEAR.\",\"publisher\":{\"@id\":\"https:\\\/\\\/frhub.netgear.com\\\/fr\\\/hub\\\/#organization\"},\"potentialAction\":[{\"@type\":\"SearchAction\",\"target\":{\"@type\":\"EntryPoint\",\"urlTemplate\":\"https:\\\/\\\/frhub.netgear.com\\\/fr\\\/hub\\\/?s={search_term_string}\"},\"query-input\":{\"@type\":\"PropertyValueSpecification\",\"valueRequired\":true,\"valueName\":\"search_term_string\"}}],\"inLanguage\":\"en-US\"},{\"@type\":\"Organization\",\"@id\":\"https:\\\/\\\/frhub.netgear.com\\\/fr\\\/hub\\\/#organization\",\"name\":\"NETGEAR\",\"url\":\"https:\\\/\\\/frhub.netgear.com\\\/fr\\\/hub\\\/\",\"logo\":{\"@type\":\"ImageObject\",\"inLanguage\":\"en-US\",\"@id\":\"https:\\\/\\\/frhub.netgear.com\\\/fr\\\/hub\\\/#\\\/schema\\\/logo\\\/image\\\/\",\"url\":\"https:\\\/\\\/www.netgear.com\\\/fr\\\/hub\\\/wp-content\\\/uploads\\\/2019\\\/07\\\/NETGEAR_logo.jpg\",\"contentUrl\":\"https:\\\/\\\/www.netgear.com\\\/fr\\\/hub\\\/wp-content\\\/uploads\\\/2019\\\/07\\\/NETGEAR_logo.jpg\",\"width\":1500,\"height\":501,\"caption\":\"NETGEAR\"},\"image\":{\"@id\":\"https:\\\/\\\/frhub.netgear.com\\\/fr\\\/hub\\\/#\\\/schema\\\/logo\\\/image\\\/\"},\"sameAs\":[\"https:\\\/\\\/www.facebook.com\\\/NetgearAU\\\/\",\"https:\\\/\\\/x.com\\\/NETGEAR\",\"https:\\\/\\\/www.linkedin.com\\\/company\\\/netgear\"]}]}<\/script>\n<!-- \/ Yoast SEO plugin. -->","yoast_head_json":{"title":"Avantages et Solutions de l\u2019Internet Fixe Sans Fil \u00e0 Domicile","description":"L\u2019internet fixe sans fil r\u00e9volutionne les connexions domestiques : 5G, WiFi \u00e9tendu, faible latence, et flexibilit\u00e9 pour maisons et bureaux. D\u00e9couvrez les avantages d\u00e8s aujourd\u2019hui.","robots":{"index":"index","follow":"follow","max-snippet":"max-snippet:-1","max-image-preview":"max-image-preview:large","max-video-preview":"max-video-preview:-1"},"canonical":"https:\/\/frhub.netgear.com\/fr\/hub\/network\/internet-fixe-sans-fil\/","og_locale":"en_US","og_type":"article","og_title":"Avantages et Solutions de l\u2019Internet Fixe Sans Fil \u00e0 Domicile","og_description":"L\u2019internet fixe sans fil r\u00e9volutionne les connexions domestiques : 5G, WiFi \u00e9tendu, faible latence, et flexibilit\u00e9 pour maisons et bureaux. D\u00e9couvrez les avantages d\u00e8s aujourd\u2019hui.","og_url":"https:\/\/frhub.netgear.com\/fr\/hub\/network\/internet-fixe-sans-fil\/","og_site_name":"NETGEAR Blog","article_publisher":"https:\/\/www.facebook.com\/NetgearAU\/","article_modified_time":"2025-02-18T00:19:00+00:00","og_image":[{"width":612,"height":455,"url":"https:\/\/frhub.netgear.com\/fr\/hub\/wp-content\/uploads\/2024\/11\/gettyimages-88586463-612x612-1.jpg","type":"image\/jpeg"}],"twitter_card":"summary_large_image","twitter_site":"@NETGEAR","schema":{"@context":"https:\/\/schema.org","@graph":[{"@type":"WebPage","@id":"https:\/\/frhub.netgear.com\/fr\/hub\/network\/internet-fixe-sans-fil\/","url":"https:\/\/frhub.netgear.com\/fr\/hub\/network\/internet-fixe-sans-fil\/","name":"Avantages et Solutions de l\u2019Internet Fixe Sans Fil \u00e0 Domicile","isPartOf":{"@id":"https:\/\/frhub.netgear.com\/fr\/hub\/#website"},"primaryImageOfPage":{"@id":"https:\/\/frhub.netgear.com\/fr\/hub\/network\/internet-fixe-sans-fil\/#primaryimage"},"image":{"@id":"https:\/\/frhub.netgear.com\/fr\/hub\/network\/internet-fixe-sans-fil\/#primaryimage"},"thumbnailUrl":"https:\/\/frhub.netgear.com\/fr\/hub\/wp-content\/uploads\/2024\/11\/gettyimages-88586463-612x612-1.jpg","datePublished":"2024-11-26T02:12:34+00:00","dateModified":"2025-02-18T00:19:00+00:00","description":"L\u2019internet fixe sans fil r\u00e9volutionne les connexions domestiques : 5G, WiFi \u00e9tendu, faible latence, et flexibilit\u00e9 pour maisons et bureaux. D\u00e9couvrez les avantages d\u00e8s aujourd\u2019hui.","breadcrumb":{"@id":"https:\/\/frhub.netgear.com\/fr\/hub\/network\/internet-fixe-sans-fil\/#breadcrumb"},"inLanguage":"en-US","potentialAction":[{"@type":"ReadAction","target":["https:\/\/frhub.netgear.com\/fr\/hub\/network\/internet-fixe-sans-fil\/"]}]},{"@type":"ImageObject","inLanguage":"en-US","@id":"https:\/\/frhub.netgear.com\/fr\/hub\/network\/internet-fixe-sans-fil\/#primaryimage","url":"https:\/\/frhub.netgear.com\/fr\/hub\/wp-content\/uploads\/2024\/11\/gettyimages-88586463-612x612-1.jpg","contentUrl":"https:\/\/frhub.netgear.com\/fr\/hub\/wp-content\/uploads\/2024\/11\/gettyimages-88586463-612x612-1.jpg","width":612,"height":455},{"@type":"BreadcrumbList","@id":"https:\/\/frhub.netgear.com\/fr\/hub\/network\/internet-fixe-sans-fil\/#breadcrumb","itemListElement":[{"@type":"ListItem","position":1,"name":"Home","item":"https:\/\/frhub.netgear.com\/fr\/hub\/"},{"@type":"ListItem","position":2,"name":"Maison connect\u00e9e","item":"https:\/\/frhub.netgear.com\/fr\/hub\/network\/"},{"@type":"ListItem","position":3,"name":"Qu\u2019est-ce que l\u2019Internet fixe sans fil pour le domicile ?"}]},{"@type":"WebSite","@id":"https:\/\/frhub.netgear.com\/fr\/hub\/#website","url":"https:\/\/frhub.netgear.com\/fr\/hub\/","name":"NETGEAR Hub France","description":"Explorez les pages de notre blog et parcourez les articles pour en savoir plus sur les produits et la technologie NETGEAR.","publisher":{"@id":"https:\/\/frhub.netgear.com\/fr\/hub\/#organization"},"potentialAction":[{"@type":"SearchAction","target":{"@type":"EntryPoint","urlTemplate":"https:\/\/frhub.netgear.com\/fr\/hub\/?s={search_term_string}"},"query-input":{"@type":"PropertyValueSpecification","valueRequired":true,"valueName":"search_term_string"}}],"inLanguage":"en-US"},{"@type":"Organization","@id":"https:\/\/frhub.netgear.com\/fr\/hub\/#organization","name":"NETGEAR","url":"https:\/\/frhub.netgear.com\/fr\/hub\/","logo":{"@type":"ImageObject","inLanguage":"en-US","@id":"https:\/\/frhub.netgear.com\/fr\/hub\/#\/schema\/logo\/image\/","url":"https:\/\/www.netgear.com\/fr\/hub\/wp-content\/uploads\/2019\/07\/NETGEAR_logo.jpg","contentUrl":"https:\/\/www.netgear.com\/fr\/hub\/wp-content\/uploads\/2019\/07\/NETGEAR_logo.jpg","width":1500,"height":501,"caption":"NETGEAR"},"image":{"@id":"https:\/\/frhub.netgear.com\/fr\/hub\/#\/schema\/logo\/image\/"},"sameAs":["https:\/\/www.facebook.com\/NetgearAU\/","https:\/\/x.com\/NETGEAR","https:\/\/www.linkedin.com\/company\/netgear"]}]}},"_links":{"self":[{"href":"https:\/\/frhub.netgear.com\/fr\/hub\/wp-json\/wp\/v2\/pages\/9811","targetHints":{"allow":["GET"]}}],"collection":[{"href":"https:\/\/frhub.netgear.com\/fr\/hub\/wp-json\/wp\/v2\/pages"}],"about":[{"href":"https:\/\/frhub.netgear.com\/fr\/hub\/wp-json\/wp\/v2\/types\/page"}],"author":[{"embeddable":true,"href":"https:\/\/frhub.netgear.com\/fr\/hub\/wp-json\/wp\/v2\/users\/68"}],"replies":[{"embeddable":true,"href":"https:\/\/frhub.netgear.com\/fr\/hub\/wp-json\/wp\/v2\/comments?post=9811"}],"version-history":[{"count":10,"href":"https:\/\/frhub.netgear.com\/fr\/hub\/wp-json\/wp\/v2\/pages\/9811\/revisions"}],"predecessor-version":[{"id":10072,"href":"https:\/\/frhub.netgear.com\/fr\/hub\/wp-json\/wp\/v2\/pages\/9811\/revisions\/10072"}],"up":[{"embeddable":true,"href":"https:\/\/frhub.netgear.com\/fr\/hub\/wp-json\/wp\/v2\/pages\/6081"}],"wp:featuredmedia":[{"embeddable":true,"href":"https:\/\/frhub.netgear.com\/fr\/hub\/wp-json\/wp\/v2\/media\/9813"}],"wp:attachment":[{"href":"https:\/\/frhub.netgear.com\/fr\/hub\/wp-json\/wp\/v2\/media?parent=9811"}],"curies":[{"name":"wp","href":"https:\/\/api.w.org\/{rel}","templated":true}]}}