{"id":9701,"date":"2024-10-20T23:22:49","date_gmt":"2024-10-20T21:22:49","guid":{"rendered":"https:\/\/www.netgear.com\/fr\/hub\/?page_id=9701"},"modified":"2024-11-26T02:34:19","modified_gmt":"2024-11-26T01:34:19","slug":"comment-ameliorer-couverture-wifi","status":"publish","type":"page","link":"https:\/\/frhub.netgear.com\/fr\/hub\/network\/comment-ameliorer-couverture-wifi\/","title":{"rendered":"10 Questions Simples sur le WiFi R\u00e9pondues"},"content":{"rendered":"<h2>Foire Aux Questions<\/h2>\n<h3>1. Si j\u2019opte pour un forfait internet sup\u00e9rieur, est-ce que cela am\u00e9liorera la couverture de mon WiFi<\/h3>\n<p>La vitesse que votre connexion sans fil peut atteindre d\u00e9pend notamment des forfaits propos\u00e9s par votre fournisseur d\u2019acc\u00e8s internet (FAI) et des box qui sont int\u00e9gr\u00e9es \u00e0 ces offres. Si votre FAI propose des vitesses internet ultra-rapides (plusieurs gigabits) et des box r\u00e9centes avec une technologie WiFi de derni\u00e8re g\u00e9n\u00e9ration, comme le WiFi 7 par exemple, tous vos appareils fonctionneront de mani\u00e8re optimale. Si votre FAI propose des taux de donn\u00e9es plus lents (forfaits en Mbps), les performances de vos appareils WiFi seront limit\u00e9es. Un forfait internet plus rapide am\u00e9liorera la couverture WiFi pour la plupart des appareils. Les syst\u00e8mes WiFi Mesh Orbi de NETGEAR peuvent atteindre des vitesses allant jusqu\u2019\u00e0 27 Gbps et couvrir jusqu\u2019\u00e0 930 m\u00b2 (pour les packs de 3).<\/p>\n<div class=\"explore-btn-area\"><a class=\"explore-btn\" href=\"https:\/\/www.netgear.com\/fr\/home\/wifi\/mesh\/orbi\/\">D\u00e9couvrez Orbi Mesh<\/a><\/div>\n<h3>2. Si je mets \u00e0 jour mon abonnement internet, vais-je obtenir le double de la vitesse ?<\/h3>\n<p>Les vitesses de vos appareils sans fil d\u00e9pendent du FAI et du forfait que vous choisissez. Changer de forfait internet aupr\u00e8s de votre FAI peut augmenter la vitesse internet. Assurez-vous aupr\u00e8s de votre FAI que votre box ou routeur peut g\u00e9rer des forfaits internet plus rapides.<\/p>\n<h3>3.Quelles sont les causes des zones blanches dans ma maison ?<\/h3>\n<ul>\n<li>Plusieurs facteurs peuvent causer les zones blanches et des probl\u00e8mes de connexion WiFi dans la maison :<\/li>\n<li>Les murs \u00e9pais et les objets solides qui repoussent et absorbent les signaux WiFi.<\/li>\n<li>Un signal faible caus\u00e9 par des appareils sans fil trop \u00e9loign\u00e9s du routeur.<\/li>\n<li>Des appareils WiFi obsol\u00e8tes qui ne fonctionnent pas sur la derni\u00e8re norme WiFi.<\/li>\n<li>Une box ou un routeur WiFi obsol\u00e8te fourni par votre FAI.<\/li>\n<\/ul>\n<h3>4. Comment am\u00e9liorer la couverture WiFi dans une grande maison<\/h3>\n<p>Les <a href=\"https:\/\/www.netgear.com\/fr\/hub\/wifi\/routers\/comment-etendre-wifi-de-votre-domicile\/\">maisons fran\u00e7aises modernes sont diff\u00e9rentes<\/a>. Tout le monde veut un acc\u00e8s internet priv\u00e9 s\u00e9curis\u00e9 avec une couverture WiFi solide. La bande passante est \u00e9galement n\u00e9cessaire pour les r\u00e9seaux domestiques intelligents avec des objets connect\u00e9s (IoT), les iPhone d\u2019Apple, les smartphones Android, et plus encore. Le syst\u00e8me WiFi Mesh Orbi de NETGEAR offre un d\u00e9bit Ethernet et un WiFi super rapides, avec une force de signal sup\u00e9rieure gr\u00e2ce \u00e0 une technologie WiFi de pointe.<\/p>\n<p>Les syst\u00e8mes WiFi Mesh (aussi appel\u00e9s syst\u00e8mes maill\u00e9s) comprennent une base WiFi principale (qui est en fait un routeur) et plusieurs satellites plac\u00e9s strat\u00e9giquement autour de la maison. Les satellites se connectent et communiquent sans fil entre eux (la connexion c\u00e2bl\u00e9e est possible aussi) et avec le routeur principal de mani\u00e8re uniforme, d\u00e9livrant un WiFi ultra-rapide \u00e0 l\u2019\u00e9tage et au rez-de-chauss\u00e9e, de la porte d\u2019entr\u00e9e au jardin.<\/p>\n<h3>5. Avoir beaucoup d\u2019appareils connect\u00e9s, est-ce que cela ralentit mon WiFi ?<\/h3>\n<p>Si un routeur est obsol\u00e8te, avoir plusieurs appareils connect\u00e9s et des applications gourmandes en donn\u00e9es peuvent ralentir le r\u00e9seau. Les performances WiFi peuvent \u00e9galement \u00eatre affect\u00e9es par les ondes radio d\u2019autres appareils sur le r\u00e9seau local. Chaque nouvelle g\u00e9n\u00e9ration de WiFi nous a introduits \u00e0 des routeurs meilleurs, plus rapides, plus performants et plus puissants pour r\u00e9pondre \u00e0 la demande des utilisateurs. Le WiFi 7 est la toute derni\u00e8re g\u00e9n\u00e9ration de WiFi qui peut am\u00e9liorer la couverture WiFi et g\u00e9rer plus de 200 appareils simultan\u00e9ment, sans d\u00e9calage notable, latence, ou ralentissement des vitesses WiFi.<\/p>\n<p>&nbsp;<\/p>\n<p><img loading=\"lazy\" decoding=\"async\" class=\" wp-image-9706 aligncenter\" src=\"https:\/\/www.netgear.com\/fr\/hub\/wp-content\/uploads\/2024\/10\/gettyimages-1296342007-612x612-1-300x200.jpg\" alt=\"\" width=\"584\" height=\"389\" srcset=\"https:\/\/frhub.netgear.com\/fr\/hub\/wp-content\/uploads\/2024\/10\/gettyimages-1296342007-612x612-1-300x200.jpg 300w, https:\/\/frhub.netgear.com\/fr\/hub\/wp-content\/uploads\/2024\/10\/gettyimages-1296342007-612x612-1.jpg 612w\" sizes=\"auto, (max-width: 584px) 100vw, 584px\" \/><\/p>\n<h3>6. Quelle est la diff\u00e9rence entre le WiFi 2.4GHz et 5GHz ?<\/h3>\n<p>Le routeur WiFi 5 et WiFi 6 \u00e9taient limit\u00e9s aux bandes passantes 2.4GHz et 5GHz. Cela a suffi pendant un certain temps. Depuis l\u2019introduction du WiFi 6E et du WiFi 7, la toute nouvelle bande passante 6GHz a \u00e9t\u00e9 incluse, permettant \u00e0 NETGEAR de cr\u00e9er des syst\u00e8mes WiFi perfectionn\u00e9s, int\u00e9grant des technologies tri-bandes et quad-bandes pour les maisons fran\u00e7aises les plus grandes. Les derniers syst\u00e8mes incluent des routeurs et des satellites WiFi 7 ultra-performants et des options de connexion r\u00e9seau LAN c\u00e2bl\u00e9es pour une adaptabilit\u00e9 ultime.<\/p>\n<h3>7.Comment s\u00e9curiser mon r\u00e9seau WiFi ?<\/h3>\n<p>Un r\u00e9seau WiFi s\u00e9curis\u00e9 est essentiel, et les meilleurs syst\u00e8mes de r\u00e9seau WiFi sont dot\u00e9s d&#8217;applications de s\u00e9curit\u00e9 int\u00e9gr\u00e9es. Les syst\u00e8mes WiFi maill\u00e9s NETGEAR Orbi et les routeurs NETGEAR Nighthawk peuvent inclure la s\u00e9curit\u00e9 NETGEAR Armor avec cryptage WPA3 et VPN. Vous pouvez \u00e9galement inclure des contr\u00f4les parentaux stricts pour assurer que tout le monde sous votre toit est prot\u00e9g\u00e9 contre le spam, les cybermenaces, ou autres intrusions malveillantes.<\/p>\n<h3>8. Qu\u2019est-ce qu\u2019un syst\u00e8me WiFi maill\u00e9 et en ai-je besoin ?<\/h3>\n<p>Si votre domicile est petit ou si vous vivez dans un appartement, vous n&#8217;avez pas besoin d&#8217;un <a href=\"https:\/\/www.netgear.com\/fr\/hub\/technology\/extender-vs-mesh\/\">syst\u00e8me WiFi maill\u00e9<\/a>. Un routeur NETGEAR Nighthawk sera suffisant pour vous fournir toute la couverture WiFi dont vous avez besoin. Si vous \u00eates locataire ou une personne qui d\u00e9m\u00e9nage souvent, un routeur mobile 5G\/4G Nighthawk pourrait \u00eatre l&#8217;alternative id\u00e9ale. Cependant, un syst\u00e8me Mesh (= syst\u00e8me maill\u00e9) am\u00e9liorera le WiFi dans une grande maison. Si votre domicile est grand ou tr\u00e8s \u00e9tendu avec des zones blanches, sans WiFi, un syst\u00e8me WiFi maill\u00e9 pourra couvrir toute votre maison d&#8217;une couverture WiFi ultra-rapide. Des satellites suppl\u00e9mentaires peuvent \u00eatre ajout\u00e9s \u00e0 un syst\u00e8me maill\u00e9 WiFi pour profiter pleinement de sa capacit\u00e9 d\u2019expansion.<\/p>\n<div class=\"explore-btn-area\"><a class=\"explore-btn\" href=\"https:\/\/www.netgear.com\/fr\/home\/wifi\/routers\/nighthawk\/#homerouter\">D\u00e9couvrez les routeurs<\/a><\/div>\n<h3>9. Puis-je avoir du WiFi dans mon jardin ou mon garage ?<\/h3>\n<p>Le WiFi maill\u00e9 peut \u00eatre une excellente option pour \u00e9tendre le WiFi au jardin ou au garage. Par exemple, un satellite de syst\u00e8me WiFi maill\u00e9 plac\u00e9 sur une terrasse peut diffuser le signal WiFi vers l&#8217;abri de jardin ou le garage. Dans certains cas, les connexions par c\u00e2ble Ethernet sont pr\u00e9f\u00e9r\u00e9es. Mais le WiFi \u00e0 l\u2019ext\u00e9rieur, c\u2019est la recette pour des f\u00eates connect\u00e9es, des barbecues r\u00e9ussis et de bons moments pass\u00e9s avec la famille et les amis.<\/p>\n<p><img loading=\"lazy\" decoding=\"async\" class=\"wp-image-9704 aligncenter\" src=\"https:\/\/www.netgear.com\/fr\/hub\/wp-content\/uploads\/2024\/10\/gettyimages-2174874951-612x612-1-300x197.jpg\" alt=\"\" width=\"548\" height=\"360\" srcset=\"https:\/\/frhub.netgear.com\/fr\/hub\/wp-content\/uploads\/2024\/10\/gettyimages-2174874951-612x612-1-300x197.jpg 300w, https:\/\/frhub.netgear.com\/fr\/hub\/wp-content\/uploads\/2024\/10\/gettyimages-2174874951-612x612-1.jpg 612w\" sizes=\"auto, (max-width: 548px) 100vw, 548px\" \/><\/p>\n<h3>10. \u00c0 quelle fr\u00e9quence dois-je remplacer mon routeur ?<\/h3>\n<p>En g\u00e9n\u00e9ral, un routeur doit \u00eatre remplac\u00e9 tous les cinq ans environ. Cependant, le WiFi 7 a \u00e9t\u00e9 r\u00e9cemment introduit et est annonc\u00e9 comme le WiFi du futur pour tous les appareils connect\u00e9s pour plusieurs ann\u00e9es encore. Si votre routeur est ancien ou si vous aimez avoir les toutes derni\u00e8res technologies, vous b\u00e9n\u00e9ficierez grandement d&#8217;une mise \u00e0 jour vers le WiFi 7 de NETGEAR. Orbi Mesh est le meilleur syst\u00e8me WiFi maill\u00e9 pour les grandes maisons.<\/p>\n<h3>Faites Confiance \u00e0 NETGEAR pour Tous Vos Besoins en WiFi<\/h3>\n<p>NETGEAR est une marque de confiance dans l&#8217;industrie du WiFi. Notre r\u00e9putation s\u2019est fond\u00e9e sur la recherche, le d\u00e9veloppement et la conception de routeurs WiFi et de syst\u00e8mes maill\u00e9s de classe mondiale pour les maisons et les entreprises. Notre gamme de produits est sans \u00e9gale, avec le routeur adapt\u00e9 \u00e0 chaque budget, sans compromettre la qualit\u00e9 ou la capacit\u00e9. Si vous \u00eates pr\u00eat \u00e0 am\u00e9liorer la couverture et la vitesse WiFi, NETGEAR a les r\u00e9ponses !<\/p>\n","protected":false},"excerpt":{"rendered":"<p>Foire Aux Questions 1. Si j\u2019opte pour un forfait internet sup\u00e9rieur, est-ce que cela am\u00e9liorera la couverture de mon WiFi La vitesse que votre connexion sans fil peut atteindre d\u00e9pend notamment des forfaits propos\u00e9s par votre fournisseur d\u2019acc\u00e8s internet (FAI) et des box qui sont int\u00e9gr\u00e9es \u00e0 ces offres. Si votre FAI propose des vitesses [&hellip;]<\/p>\n","protected":false},"author":68,"featured_media":9705,"parent":6081,"menu_order":10,"comment_status":"closed","ping_status":"closed","template":"templates\/mesh-vs-wifi.php","meta":{"_acf_changed":false,"content-type":"","footnotes":""},"class_list":["post-9701","page","type-page","status-publish","has-post-thumbnail","hentry"],"acf":[],"yoast_head":"<!-- This site is optimized with the Yoast SEO plugin v27.4 - https:\/\/yoast.com\/product\/yoast-seo-wordpress\/ -->\n<title>Am\u00e9liorez votre WiFi avec NETGEAR - Couverture et Vitesse<\/title>\n<meta name=\"description\" content=\"D\u00e9couvrez comment am\u00e9liorer la couverture et la vitesse de votre WiFi avec les solutions NETGEAR. R\u00e9solvez les zones blanches et connectez tous vos appareils.\" \/>\n<meta name=\"robots\" content=\"index, follow, max-snippet:-1, max-image-preview:large, max-video-preview:-1\" \/>\n<link rel=\"canonical\" href=\"https:\/\/frhub.netgear.com\/fr\/hub\/network\/comment-ameliorer-couverture-wifi\/\" \/>\n<meta property=\"og:locale\" content=\"en_US\" \/>\n<meta property=\"og:type\" content=\"article\" \/>\n<meta property=\"og:title\" content=\"Am\u00e9liorez votre WiFi avec NETGEAR - Couverture et Vitesse\" \/>\n<meta property=\"og:description\" content=\"D\u00e9couvrez comment am\u00e9liorer la couverture et la vitesse de votre WiFi avec les solutions NETGEAR. R\u00e9solvez les zones blanches et connectez tous vos appareils.\" \/>\n<meta property=\"og:url\" content=\"https:\/\/frhub.netgear.com\/fr\/hub\/network\/comment-ameliorer-couverture-wifi\/\" \/>\n<meta property=\"og:site_name\" content=\"NETGEAR Blog\" \/>\n<meta property=\"article:publisher\" content=\"https:\/\/www.facebook.com\/NetgearAU\/\" \/>\n<meta property=\"article:modified_time\" content=\"2024-11-26T01:34:19+00:00\" \/>\n<meta property=\"og:image\" content=\"https:\/\/frhub.netgear.com\/fr\/hub\/wp-content\/uploads\/2024\/10\/gettyimages-1376105932-612x612-1.jpg\" \/>\n\t<meta property=\"og:image:width\" content=\"612\" \/>\n\t<meta property=\"og:image:height\" content=\"408\" \/>\n\t<meta property=\"og:image:type\" content=\"image\/jpeg\" \/>\n<meta name=\"twitter:card\" content=\"summary_large_image\" \/>\n<meta name=\"twitter:site\" content=\"@NETGEAR\" \/>\n<meta name=\"twitter:label1\" content=\"Est. reading time\" \/>\n\t<meta name=\"twitter:data1\" content=\"6 minutes\" \/>\n<script type=\"application\/ld+json\" class=\"yoast-schema-graph\">{\"@context\":\"https:\\\/\\\/schema.org\",\"@graph\":[{\"@type\":\"WebPage\",\"@id\":\"https:\\\/\\\/frhub.netgear.com\\\/fr\\\/hub\\\/network\\\/comment-ameliorer-couverture-wifi\\\/\",\"url\":\"https:\\\/\\\/frhub.netgear.com\\\/fr\\\/hub\\\/network\\\/comment-ameliorer-couverture-wifi\\\/\",\"name\":\"Am\u00e9liorez votre WiFi avec NETGEAR - Couverture et Vitesse\",\"isPartOf\":{\"@id\":\"https:\\\/\\\/frhub.netgear.com\\\/fr\\\/hub\\\/#website\"},\"primaryImageOfPage\":{\"@id\":\"https:\\\/\\\/frhub.netgear.com\\\/fr\\\/hub\\\/network\\\/comment-ameliorer-couverture-wifi\\\/#primaryimage\"},\"image\":{\"@id\":\"https:\\\/\\\/frhub.netgear.com\\\/fr\\\/hub\\\/network\\\/comment-ameliorer-couverture-wifi\\\/#primaryimage\"},\"thumbnailUrl\":\"https:\\\/\\\/frhub.netgear.com\\\/fr\\\/hub\\\/wp-content\\\/uploads\\\/2024\\\/10\\\/gettyimages-1376105932-612x612-1.jpg\",\"datePublished\":\"2024-10-20T21:22:49+00:00\",\"dateModified\":\"2024-11-26T01:34:19+00:00\",\"description\":\"D\u00e9couvrez comment am\u00e9liorer la couverture et la vitesse de votre WiFi avec les solutions NETGEAR. R\u00e9solvez les zones blanches et connectez tous vos appareils.\",\"breadcrumb\":{\"@id\":\"https:\\\/\\\/frhub.netgear.com\\\/fr\\\/hub\\\/network\\\/comment-ameliorer-couverture-wifi\\\/#breadcrumb\"},\"inLanguage\":\"en-US\",\"potentialAction\":[{\"@type\":\"ReadAction\",\"target\":[\"https:\\\/\\\/frhub.netgear.com\\\/fr\\\/hub\\\/network\\\/comment-ameliorer-couverture-wifi\\\/\"]}]},{\"@type\":\"ImageObject\",\"inLanguage\":\"en-US\",\"@id\":\"https:\\\/\\\/frhub.netgear.com\\\/fr\\\/hub\\\/network\\\/comment-ameliorer-couverture-wifi\\\/#primaryimage\",\"url\":\"https:\\\/\\\/frhub.netgear.com\\\/fr\\\/hub\\\/wp-content\\\/uploads\\\/2024\\\/10\\\/gettyimages-1376105932-612x612-1.jpg\",\"contentUrl\":\"https:\\\/\\\/frhub.netgear.com\\\/fr\\\/hub\\\/wp-content\\\/uploads\\\/2024\\\/10\\\/gettyimages-1376105932-612x612-1.jpg\",\"width\":612,\"height\":408,\"caption\":\"Mother and tween daughters snuggled under blanket and watching a movie on digital tablet\"},{\"@type\":\"BreadcrumbList\",\"@id\":\"https:\\\/\\\/frhub.netgear.com\\\/fr\\\/hub\\\/network\\\/comment-ameliorer-couverture-wifi\\\/#breadcrumb\",\"itemListElement\":[{\"@type\":\"ListItem\",\"position\":1,\"name\":\"Home\",\"item\":\"https:\\\/\\\/frhub.netgear.com\\\/fr\\\/hub\\\/\"},{\"@type\":\"ListItem\",\"position\":2,\"name\":\"Maison connect\u00e9e\",\"item\":\"https:\\\/\\\/frhub.netgear.com\\\/fr\\\/hub\\\/network\\\/\"},{\"@type\":\"ListItem\",\"position\":3,\"name\":\"10 Questions Simples sur le WiFi R\u00e9pondues\"}]},{\"@type\":\"WebSite\",\"@id\":\"https:\\\/\\\/frhub.netgear.com\\\/fr\\\/hub\\\/#website\",\"url\":\"https:\\\/\\\/frhub.netgear.com\\\/fr\\\/hub\\\/\",\"name\":\"NETGEAR Hub France\",\"description\":\"Explorez les pages de notre blog et parcourez les articles pour en savoir plus sur les produits et la technologie NETGEAR.\",\"publisher\":{\"@id\":\"https:\\\/\\\/frhub.netgear.com\\\/fr\\\/hub\\\/#organization\"},\"potentialAction\":[{\"@type\":\"SearchAction\",\"target\":{\"@type\":\"EntryPoint\",\"urlTemplate\":\"https:\\\/\\\/frhub.netgear.com\\\/fr\\\/hub\\\/?s={search_term_string}\"},\"query-input\":{\"@type\":\"PropertyValueSpecification\",\"valueRequired\":true,\"valueName\":\"search_term_string\"}}],\"inLanguage\":\"en-US\"},{\"@type\":\"Organization\",\"@id\":\"https:\\\/\\\/frhub.netgear.com\\\/fr\\\/hub\\\/#organization\",\"name\":\"NETGEAR\",\"url\":\"https:\\\/\\\/frhub.netgear.com\\\/fr\\\/hub\\\/\",\"logo\":{\"@type\":\"ImageObject\",\"inLanguage\":\"en-US\",\"@id\":\"https:\\\/\\\/frhub.netgear.com\\\/fr\\\/hub\\\/#\\\/schema\\\/logo\\\/image\\\/\",\"url\":\"https:\\\/\\\/www.netgear.com\\\/fr\\\/hub\\\/wp-content\\\/uploads\\\/2019\\\/07\\\/NETGEAR_logo.jpg\",\"contentUrl\":\"https:\\\/\\\/www.netgear.com\\\/fr\\\/hub\\\/wp-content\\\/uploads\\\/2019\\\/07\\\/NETGEAR_logo.jpg\",\"width\":1500,\"height\":501,\"caption\":\"NETGEAR\"},\"image\":{\"@id\":\"https:\\\/\\\/frhub.netgear.com\\\/fr\\\/hub\\\/#\\\/schema\\\/logo\\\/image\\\/\"},\"sameAs\":[\"https:\\\/\\\/www.facebook.com\\\/NetgearAU\\\/\",\"https:\\\/\\\/x.com\\\/NETGEAR\",\"https:\\\/\\\/www.linkedin.com\\\/company\\\/netgear\"]}]}<\/script>\n<!-- \/ Yoast SEO plugin. -->","yoast_head_json":{"title":"Am\u00e9liorez votre WiFi avec NETGEAR - Couverture et Vitesse","description":"D\u00e9couvrez comment am\u00e9liorer la couverture et la vitesse de votre WiFi avec les solutions NETGEAR. R\u00e9solvez les zones blanches et connectez tous vos appareils.","robots":{"index":"index","follow":"follow","max-snippet":"max-snippet:-1","max-image-preview":"max-image-preview:large","max-video-preview":"max-video-preview:-1"},"canonical":"https:\/\/frhub.netgear.com\/fr\/hub\/network\/comment-ameliorer-couverture-wifi\/","og_locale":"en_US","og_type":"article","og_title":"Am\u00e9liorez votre WiFi avec NETGEAR - Couverture et Vitesse","og_description":"D\u00e9couvrez comment am\u00e9liorer la couverture et la vitesse de votre WiFi avec les solutions NETGEAR. R\u00e9solvez les zones blanches et connectez tous vos appareils.","og_url":"https:\/\/frhub.netgear.com\/fr\/hub\/network\/comment-ameliorer-couverture-wifi\/","og_site_name":"NETGEAR Blog","article_publisher":"https:\/\/www.facebook.com\/NetgearAU\/","article_modified_time":"2024-11-26T01:34:19+00:00","og_image":[{"width":612,"height":408,"url":"https:\/\/frhub.netgear.com\/fr\/hub\/wp-content\/uploads\/2024\/10\/gettyimages-1376105932-612x612-1.jpg","type":"image\/jpeg"}],"twitter_card":"summary_large_image","twitter_site":"@NETGEAR","twitter_misc":{"Est. reading time":"6 minutes"},"schema":{"@context":"https:\/\/schema.org","@graph":[{"@type":"WebPage","@id":"https:\/\/frhub.netgear.com\/fr\/hub\/network\/comment-ameliorer-couverture-wifi\/","url":"https:\/\/frhub.netgear.com\/fr\/hub\/network\/comment-ameliorer-couverture-wifi\/","name":"Am\u00e9liorez votre WiFi avec NETGEAR - Couverture et Vitesse","isPartOf":{"@id":"https:\/\/frhub.netgear.com\/fr\/hub\/#website"},"primaryImageOfPage":{"@id":"https:\/\/frhub.netgear.com\/fr\/hub\/network\/comment-ameliorer-couverture-wifi\/#primaryimage"},"image":{"@id":"https:\/\/frhub.netgear.com\/fr\/hub\/network\/comment-ameliorer-couverture-wifi\/#primaryimage"},"thumbnailUrl":"https:\/\/frhub.netgear.com\/fr\/hub\/wp-content\/uploads\/2024\/10\/gettyimages-1376105932-612x612-1.jpg","datePublished":"2024-10-20T21:22:49+00:00","dateModified":"2024-11-26T01:34:19+00:00","description":"D\u00e9couvrez comment am\u00e9liorer la couverture et la vitesse de votre WiFi avec les solutions NETGEAR. R\u00e9solvez les zones blanches et connectez tous vos appareils.","breadcrumb":{"@id":"https:\/\/frhub.netgear.com\/fr\/hub\/network\/comment-ameliorer-couverture-wifi\/#breadcrumb"},"inLanguage":"en-US","potentialAction":[{"@type":"ReadAction","target":["https:\/\/frhub.netgear.com\/fr\/hub\/network\/comment-ameliorer-couverture-wifi\/"]}]},{"@type":"ImageObject","inLanguage":"en-US","@id":"https:\/\/frhub.netgear.com\/fr\/hub\/network\/comment-ameliorer-couverture-wifi\/#primaryimage","url":"https:\/\/frhub.netgear.com\/fr\/hub\/wp-content\/uploads\/2024\/10\/gettyimages-1376105932-612x612-1.jpg","contentUrl":"https:\/\/frhub.netgear.com\/fr\/hub\/wp-content\/uploads\/2024\/10\/gettyimages-1376105932-612x612-1.jpg","width":612,"height":408,"caption":"Mother and tween daughters snuggled under blanket and watching a movie on digital tablet"},{"@type":"BreadcrumbList","@id":"https:\/\/frhub.netgear.com\/fr\/hub\/network\/comment-ameliorer-couverture-wifi\/#breadcrumb","itemListElement":[{"@type":"ListItem","position":1,"name":"Home","item":"https:\/\/frhub.netgear.com\/fr\/hub\/"},{"@type":"ListItem","position":2,"name":"Maison connect\u00e9e","item":"https:\/\/frhub.netgear.com\/fr\/hub\/network\/"},{"@type":"ListItem","position":3,"name":"10 Questions Simples sur le WiFi R\u00e9pondues"}]},{"@type":"WebSite","@id":"https:\/\/frhub.netgear.com\/fr\/hub\/#website","url":"https:\/\/frhub.netgear.com\/fr\/hub\/","name":"NETGEAR Hub France","description":"Explorez les pages de notre blog et parcourez les articles pour en savoir plus sur les produits et la technologie NETGEAR.","publisher":{"@id":"https:\/\/frhub.netgear.com\/fr\/hub\/#organization"},"potentialAction":[{"@type":"SearchAction","target":{"@type":"EntryPoint","urlTemplate":"https:\/\/frhub.netgear.com\/fr\/hub\/?s={search_term_string}"},"query-input":{"@type":"PropertyValueSpecification","valueRequired":true,"valueName":"search_term_string"}}],"inLanguage":"en-US"},{"@type":"Organization","@id":"https:\/\/frhub.netgear.com\/fr\/hub\/#organization","name":"NETGEAR","url":"https:\/\/frhub.netgear.com\/fr\/hub\/","logo":{"@type":"ImageObject","inLanguage":"en-US","@id":"https:\/\/frhub.netgear.com\/fr\/hub\/#\/schema\/logo\/image\/","url":"https:\/\/www.netgear.com\/fr\/hub\/wp-content\/uploads\/2019\/07\/NETGEAR_logo.jpg","contentUrl":"https:\/\/www.netgear.com\/fr\/hub\/wp-content\/uploads\/2019\/07\/NETGEAR_logo.jpg","width":1500,"height":501,"caption":"NETGEAR"},"image":{"@id":"https:\/\/frhub.netgear.com\/fr\/hub\/#\/schema\/logo\/image\/"},"sameAs":["https:\/\/www.facebook.com\/NetgearAU\/","https:\/\/x.com\/NETGEAR","https:\/\/www.linkedin.com\/company\/netgear"]}]}},"_links":{"self":[{"href":"https:\/\/frhub.netgear.com\/fr\/hub\/wp-json\/wp\/v2\/pages\/9701","targetHints":{"allow":["GET"]}}],"collection":[{"href":"https:\/\/frhub.netgear.com\/fr\/hub\/wp-json\/wp\/v2\/pages"}],"about":[{"href":"https:\/\/frhub.netgear.com\/fr\/hub\/wp-json\/wp\/v2\/types\/page"}],"author":[{"embeddable":true,"href":"https:\/\/frhub.netgear.com\/fr\/hub\/wp-json\/wp\/v2\/users\/68"}],"replies":[{"embeddable":true,"href":"https:\/\/frhub.netgear.com\/fr\/hub\/wp-json\/wp\/v2\/comments?post=9701"}],"version-history":[{"count":8,"href":"https:\/\/frhub.netgear.com\/fr\/hub\/wp-json\/wp\/v2\/pages\/9701\/revisions"}],"predecessor-version":[{"id":9771,"href":"https:\/\/frhub.netgear.com\/fr\/hub\/wp-json\/wp\/v2\/pages\/9701\/revisions\/9771"}],"up":[{"embeddable":true,"href":"https:\/\/frhub.netgear.com\/fr\/hub\/wp-json\/wp\/v2\/pages\/6081"}],"wp:featuredmedia":[{"embeddable":true,"href":"https:\/\/frhub.netgear.com\/fr\/hub\/wp-json\/wp\/v2\/media\/9705"}],"wp:attachment":[{"href":"https:\/\/frhub.netgear.com\/fr\/hub\/wp-json\/wp\/v2\/media?parent=9701"}],"curies":[{"name":"wp","href":"https:\/\/api.w.org\/{rel}","templated":true}]}}