{"id":9697,"date":"2024-10-18T15:56:02","date_gmt":"2024-10-18T13:56:02","guid":{"rendered":"https:\/\/www.netgear.com\/fr\/hub\/?page_id=9697"},"modified":"2024-11-26T03:22:20","modified_gmt":"2024-11-26T02:22:20","slug":"router-login-page","status":"publish","type":"page","link":"https:\/\/frhub.netgear.com\/fr\/hub\/technology\/router-login-page\/","title":{"rendered":"Connexion et Configuration du Routeur"},"content":{"rendered":"<p>Configurer un routeur de r\u00e9seau sans fil NETGEAR Nighthawk ou Orbi ne prend que quelques minutes. Il vous suffit d\u2019installer l&#8217;application Nighthawk ou Orbi sur votre smartphone ou votre navigateur et web de suivre les instructions pour les identifiants de connexion et les pr\u00e9f\u00e9rences du syst\u00e8me, et le tour est jou\u00e9 !<\/p>\n<h2>Comment Se Connecter \u00e0 Votre Routeur NETGEAR &#8211; Guide Facile et Rapide<\/h2>\n<p>Il peut y avoir des moments o\u00f9 vous souhaitez acc\u00e9der aux param\u00e8tres et aux fonctionnalit\u00e9s de votre routeur NETGEAR. Vous pourriez avoir besoin de changer votre mot de passe WiFi, de mettre \u00e0 jour le micrologiciel de votre routeur, ou de configurer la s\u00e9curit\u00e9 de votre r\u00e9seau. Dans ces moments-l\u00e0, vous devez vous connecter \u00e0 votre routeur en utilisant un navigateur web ou en vous connectant \u00e0 <a href=\"https:\/\/www.netgear.com\/fr\/home\/wifi\/routers\/nighthawk\/\">l&#8217;application Nighthawk<\/a>. Dans ce guide, nous allons vous montrer comment vous connecter \u00e0 votre routeur.<\/p>\n<p><!-- StartAdSpot 970--><br \/>\n<a href=\"https:\/\/www.netgear.com\/fr\/home\/wifi\/mesh\/rbe973sb\/\"><img loading=\"lazy\" decoding=\"async\" class=\"aligncenter  wp-image-9768\" src=\"https:\/\/www.netgear.com\/fr\/hub\/wp-content\/uploads\/2024\/06\/big-728x90-1-300x37.jpg\" alt=\"\" width=\"739\" height=\"91\" \/><\/a><br \/>\n<!-- EndAdSpot 970--><\/p>\n<h2>Connexion au Routeur &#8211; M\u00e9thode de l&#8217;Application Nighthawk<\/h2>\n<p>L&#8217;application mobile NETGEAR Nighthawk est une application gratuite qui vous permet de g\u00e9rer votre routeur WiFi Nighthawk. Une fois configur\u00e9e, vous pouvez utiliser l&#8217;application pour surveiller et contr\u00f4ler votre r\u00e9seau domestique de n&#8217;importe o\u00f9, \u00e0 tout moment. L&#8217;application Nighthawk fournit des informations en temps r\u00e9el sur les performances du r\u00e9seau, les vitesses de connexion, l&#8217;utilisation des appareils, et plus encore.<br \/>\nVous pouvez t\u00e9l\u00e9charger l&#8217;application Nighthawk depuis l&#8217;App Store ou Google Play, puis suivre les instructions pour configurer votre routeur. Alternativement, vous pouvez acc\u00e9der \u00e0 la page de connexion du routeur depuis votre navigateur web Windows tel que Google Chrome.<br \/>\nCette page vous permet \u00e9galement de configurer les param\u00e8tres de votre routeur par d\u00e9faut et la connexion par d\u00e9faut, de changer votre mot de passe WiFi, de mettre \u00e0 jour votre micrologiciel, de configurer les contr\u00f4les parentaux, et plus encore.<\/p>\n<h2>Fonctionnalit\u00e9s de l&#8217;Application NETGEAR Nighthawk<\/h2>\n<p>Une fois que vous avez t\u00e9l\u00e9charg\u00e9 l&#8217;application NETGEAR Nighthawk depuis l&#8217;App Store, vous pouvez vous connecter avec votre compte NETGEAR, puis s\u00e9lectionner votre routeur Nighthawk dans la liste des appareils disponibles. Voici quelques fonctionnalit\u00e9s importantes de Nighthawk accessibles via l&#8217;application.<\/p>\n<ul>\n<li style=\"list-style-type: none;\">\n<li><strong>Configuration Facile<\/strong> &#8211; garantit que vous tirez le meilleur parti de votre r\u00e9seau local (LAN) WiFi.<\/li>\n<li><strong>Surveillance du R\u00e9seau<\/strong> &#8211; contr\u00f4le de votre r\u00e9seau domestique sans fil localement ou \u00e0 distance.<\/li>\n<li><strong>Contr\u00f4les Parentaux<\/strong> &#8211; tranquillit\u00e9 d&#8217;esprit totale avec une protection pour tous les membres de votre r\u00e9seau.<\/li>\n<li><strong>R\u00e9seau Invit\u00e9<\/strong> &#8211; cr\u00e9ez un r\u00e9seau WiFi s\u00e9par\u00e9 et s\u00e9curis\u00e9 pour les invit\u00e9s.<\/li>\n<li><strong>R\u00e9seau de Maison Intelligente<\/strong> &#8211; cr\u00e9ez un r\u00e9seau WiFi s\u00e9par\u00e9 pour les applications IoT de maison intelligentM\/li>\n<li><strong>Test de Vitesse<\/strong> &#8211; optimisez la vitesse de votre r\u00e9seau priv\u00e9 virtuel et de votre connexion internet ISP.<\/li>\n<li><strong>Priorisation des Appareils<\/strong> &#8211; priorisez les appareils sp\u00e9cifiques n\u00e9cessitant des vitesses plus rapides.<\/li>\n<li><strong>S\u00e9curit\u00e9 Avanc\u00e9e<\/strong> &#8211; prot\u00e9gez l&#8217;ensemble de votre r\u00e9seau avec des fonctionnalit\u00e9s de s\u00e9curit\u00e9 avanc\u00e9es.<\/li>\n<li><strong>Mises \u00e0 jour du Micrologiciel<\/strong> &#8211; mettez automatiquement \u00e0 jour le micrologiciel de votre routeur.<\/li>\n<li><strong>R\u00e9initialisation d&#8217;Usine<\/strong> &#8211; restaurez votre syst\u00e8me WiFi aux param\u00e8tres par d\u00e9faut et au mot de passe par d\u00e9faut.<\/li>\n<\/ul>\n<h2>Comment Acc\u00e9der \u00e0 la Page de Connexion du Routeur ?<\/h2>\n<p>Vous n&#8217;avez pas besoin d&#8217;\u00eatre un expert en technologie pour acc\u00e9der aux param\u00e8tres de NETGEAR Nighthawk ou Orbi. Vous pouvez utiliser n&#8217;importe quel appareil disposant d&#8217;un navigateur web, tel qu&#8217;un ordinateur Apple Mac, une tablette, ou un smartphone. Vous pouvez vous connecter \u00e0 votre routeur sans fil ou avec un c\u00e2ble Ethernet. Si vous utilisez le sans fil, assurez-vous d&#8217;\u00eatre connect\u00e9 au nom du r\u00e9seau SSID de votre routeur. Vous pouvez trouver le nom du r\u00e9seau (SSID) et le mot de passe sur l&#8217;\u00e9tiquette de votre routeur ou dans la documentation qui l&#8217;accompagne. Voici comment trouver la page de connexion de votre routeur en quelques \u00e9tapes simples.<br \/>\n1. Connectez votre appareil au r\u00e9seau WiFi de votre routeur sans fil ou avec un c\u00e2ble Ethernet.<\/p>\n<p>2. Ouvrez votre navigateur web pr\u00e9f\u00e9r\u00e9, tel que Chrome, Firefox, Safari, ou Edge. Dans la barre d&#8217;adresse, tapez l&#8217;adresse web par d\u00e9faut pour la plupart des routeurs NETGEAR : <a href=\"http:\/\/www.routerlogin.net\">http:\/\/www.routerlogin.net<\/a> ou <a href=\"http:\/\/www.routerlogin.com\">http:\/\/www.routerlogin.com<\/a>. Appuyez sur Entr\u00e9e ou cliquez sur Go.<\/p>\n<p>3. Vous pouvez \u00e9galement acc\u00e9der aux param\u00e8tres du routeur NETGEAR en entrant routerlogin.net ou http:\/\/192.168.1.1 dans votre navigateur web. Cependant, 192.168.1.1 n&#8217;est pas une adresse IP unique pour les routeurs NETGEAR, car elle est \u00e9galement utilis\u00e9e par certaines autres marques de routeurs, telles que Linksys, TP-Link, et ASUS comme adresse IP par d\u00e9faut.<\/p>\n<p>4. Entrez le nom d&#8217;utilisateur et le mot de passe par d\u00e9faut de votre routeur &#8211; g\u00e9n\u00e9ralement &#8216;admin&#8217; et &#8216;password&#8217;. Si vous avez chang\u00e9 le nom d&#8217;utilisateur admin de votre routeur ou avez un nouveau mot de passe, utilisez ces identifiants.<\/p>\n<p>5. Vous devriez maintenant voir la page de connexion du routeur, o\u00f9 vous pouvez acc\u00e9der aux param\u00e8tres de votre routeur et au tableau de bord de votre routeur pour modifier divers param\u00e8tres et fonctionnalit\u00e9s de votre routeur.<\/p>\n<h2>Conseils de D\u00e9pannage<\/h2>\n<p>Si vous avez des difficult\u00e9s \u00e0 acc\u00e9der \u00e0 la page de connexion du routeur, vous pouvez essayer ces conseils de d\u00e9pannage :<\/p>\n<ul>\n<li>Assurez-vous que votre syst\u00e8me de r\u00e9seau WiFi est connect\u00e9 \u00e0 votre fournisseur de services Internet (ISP) et \u00e0 votre modem. Si vous utilisez plusieurs routeurs ou extenders, assurez-vous d&#8217;\u00eatre connect\u00e9 \u00e0 celui auquel vous voulez vous connecter.<\/li>\n<li>Effacez le cache et les cookies de votre navigateur, puis essayez de vous reconnecter. Parfois, ces fichiers peuvent interf\u00e9rer avec le processus de connexion.<\/li>\n<li>V\u00e9rifiez les conflits d&#8217;adresses IP. Si un autre appareil sur votre r\u00e9seau a la m\u00eame adresse IP que votre routeur, vous pourriez ne pas \u00eatre en mesure d&#8217;acc\u00e9der \u00e0 l&#8217;adresse web du routeur.<\/li>\n<li>Changez l&#8217;adresse IP de votre routeur ou de l&#8217;autre appareil pour r\u00e9soudre ce probl\u00e8me.<\/li>\n<li>Mettez \u00e0 jour votre micrologiciel. Parfois, un micrologiciel obsol\u00e8te peut causer des probl\u00e8mes de connexion ou vous emp\u00eacher d&#8217;acc\u00e9der \u00e0 certaines fonctionnalit\u00e9s du routeur. Pour mettre \u00e0 jour votre micrologiciel, vous pouvez utiliser l&#8217;application NETGEAR Genie.<\/li>\n<li>R\u00e9initialisez votre routeur aux param\u00e8tres d&#8217;usine en appuyant et en maintenant le bouton de r\u00e9initialisation pendant 10 secondes. Cette action efface vos param\u00e8tres personnalis\u00e9s et restaure le nom d&#8217;utilisateur et le mot de passe par d\u00e9faut.<\/li>\n<\/ul>\n<h2>Pourquoi Choisir les Routeurs NETGEAR ?<\/h2>\n<p>NETGEAR innove dans les dispositifs technologiques WiFi depuis l&#8217;av\u00e8nement du WiFi en 1997. Nous restons les innovateurs et cr\u00e9ateurs mondiaux de dispositifs WiFi Nighthawk et Orbi r\u00e9volutionnaires, y compris les syst\u00e8mes WiFi maill\u00e9s WiFi 7 pr\u00eats pour l&#8217;avenir qui surpassent la concurrence. Pour des vitesses ultra-rapides, un potentiel illimit\u00e9 et la meilleure connexion WiFi disponible aujourd&#8217;hui et demain, vous pouvez compter sur NETGEAR.<\/p>\n","protected":false},"excerpt":{"rendered":"<p>Configurer un routeur de r\u00e9seau sans fil NETGEAR Nighthawk ou Orbi ne prend que quelques minutes. Il vous suffit d\u2019installer l&#8217;application Nighthawk ou Orbi sur votre smartphone ou votre navigateur et web de suivre les instructions pour les identifiants de connexion et les pr\u00e9f\u00e9rences du syst\u00e8me, et le tour est jou\u00e9 ! Comment Se Connecter [&hellip;]<\/p>\n","protected":false},"author":68,"featured_media":9826,"parent":6678,"menu_order":9,"comment_status":"closed","ping_status":"closed","template":"templates\/tech.php","meta":{"_acf_changed":false,"content-type":"","footnotes":""},"class_list":["post-9697","page","type-page","status-publish","has-post-thumbnail","hentry"],"acf":[],"yoast_head":"<!-- This site is optimized with the Yoast SEO plugin v27.5 - https:\/\/yoast.com\/product\/yoast-seo-wordpress\/ -->\n<title>Configurer Votre Routeur NETGEAR Nighthawk ou Orbi Facilement<\/title>\n<meta name=\"description\" content=\"Suivez notre guide rapide pour configurer et g\u00e9rer votre routeur NETGEAR Nighthawk ou Orbi en quelques minutes via l&#039;app ou le web.\" \/>\n<meta name=\"robots\" content=\"index, follow, max-snippet:-1, max-image-preview:large, max-video-preview:-1\" \/>\n<link rel=\"canonical\" href=\"https:\/\/frhub.netgear.com\/fr\/hub\/technology\/router-login-page\/\" \/>\n<meta property=\"og:locale\" content=\"en_US\" \/>\n<meta property=\"og:type\" content=\"article\" \/>\n<meta property=\"og:title\" content=\"Configurer Votre Routeur NETGEAR Nighthawk ou Orbi Facilement\" \/>\n<meta property=\"og:description\" content=\"Suivez notre guide rapide pour configurer et g\u00e9rer votre routeur NETGEAR Nighthawk ou Orbi en quelques minutes via l&#039;app ou le web.\" \/>\n<meta property=\"og:url\" content=\"https:\/\/frhub.netgear.com\/fr\/hub\/technology\/router-login-page\/\" \/>\n<meta property=\"og:site_name\" content=\"NETGEAR Blog\" \/>\n<meta property=\"article:publisher\" content=\"https:\/\/www.facebook.com\/NetgearAU\/\" \/>\n<meta property=\"article:modified_time\" content=\"2024-11-26T02:22:20+00:00\" \/>\n<meta property=\"og:image\" content=\"https:\/\/frhub.netgear.com\/fr\/hub\/wp-content\/uploads\/2024\/11\/gettyimages-1152307733-612x612-1.jpg\" \/>\n\t<meta property=\"og:image:width\" content=\"612\" \/>\n\t<meta property=\"og:image:height\" content=\"408\" \/>\n\t<meta property=\"og:image:type\" content=\"image\/jpeg\" \/>\n<meta name=\"twitter:card\" content=\"summary_large_image\" \/>\n<meta name=\"twitter:site\" content=\"@NETGEAR\" \/>\n<meta name=\"twitter:label1\" content=\"Est. reading time\" \/>\n\t<meta name=\"twitter:data1\" content=\"6 minutes\" \/>\n<script type=\"application\/ld+json\" class=\"yoast-schema-graph\">{\"@context\":\"https:\\\/\\\/schema.org\",\"@graph\":[{\"@type\":\"WebPage\",\"@id\":\"https:\\\/\\\/frhub.netgear.com\\\/fr\\\/hub\\\/technology\\\/router-login-page\\\/\",\"url\":\"https:\\\/\\\/frhub.netgear.com\\\/fr\\\/hub\\\/technology\\\/router-login-page\\\/\",\"name\":\"Configurer Votre Routeur NETGEAR Nighthawk ou Orbi Facilement\",\"isPartOf\":{\"@id\":\"https:\\\/\\\/frhub.netgear.com\\\/fr\\\/hub\\\/#website\"},\"primaryImageOfPage\":{\"@id\":\"https:\\\/\\\/frhub.netgear.com\\\/fr\\\/hub\\\/technology\\\/router-login-page\\\/#primaryimage\"},\"image\":{\"@id\":\"https:\\\/\\\/frhub.netgear.com\\\/fr\\\/hub\\\/technology\\\/router-login-page\\\/#primaryimage\"},\"thumbnailUrl\":\"https:\\\/\\\/frhub.netgear.com\\\/fr\\\/hub\\\/wp-content\\\/uploads\\\/2024\\\/11\\\/gettyimages-1152307733-612x612-1.jpg\",\"datePublished\":\"2024-10-18T13:56:02+00:00\",\"dateModified\":\"2024-11-26T02:22:20+00:00\",\"description\":\"Suivez notre guide rapide pour configurer et g\u00e9rer votre routeur NETGEAR Nighthawk ou Orbi en quelques minutes via l'app ou le web.\",\"breadcrumb\":{\"@id\":\"https:\\\/\\\/frhub.netgear.com\\\/fr\\\/hub\\\/technology\\\/router-login-page\\\/#breadcrumb\"},\"inLanguage\":\"en-US\",\"potentialAction\":[{\"@type\":\"ReadAction\",\"target\":[\"https:\\\/\\\/frhub.netgear.com\\\/fr\\\/hub\\\/technology\\\/router-login-page\\\/\"]}]},{\"@type\":\"ImageObject\",\"inLanguage\":\"en-US\",\"@id\":\"https:\\\/\\\/frhub.netgear.com\\\/fr\\\/hub\\\/technology\\\/router-login-page\\\/#primaryimage\",\"url\":\"https:\\\/\\\/frhub.netgear.com\\\/fr\\\/hub\\\/wp-content\\\/uploads\\\/2024\\\/11\\\/gettyimages-1152307733-612x612-1.jpg\",\"contentUrl\":\"https:\\\/\\\/frhub.netgear.com\\\/fr\\\/hub\\\/wp-content\\\/uploads\\\/2024\\\/11\\\/gettyimages-1152307733-612x612-1.jpg\",\"width\":612,\"height\":408},{\"@type\":\"BreadcrumbList\",\"@id\":\"https:\\\/\\\/frhub.netgear.com\\\/fr\\\/hub\\\/technology\\\/router-login-page\\\/#breadcrumb\",\"itemListElement\":[{\"@type\":\"ListItem\",\"position\":1,\"name\":\"Home\",\"item\":\"https:\\\/\\\/frhub.netgear.com\\\/fr\\\/hub\\\/\"},{\"@type\":\"ListItem\",\"position\":2,\"name\":\"Technologies\",\"item\":\"https:\\\/\\\/frhub.netgear.com\\\/fr\\\/hub\\\/technology\\\/\"},{\"@type\":\"ListItem\",\"position\":3,\"name\":\"Connexion et Configuration du Routeur\"}]},{\"@type\":\"WebSite\",\"@id\":\"https:\\\/\\\/frhub.netgear.com\\\/fr\\\/hub\\\/#website\",\"url\":\"https:\\\/\\\/frhub.netgear.com\\\/fr\\\/hub\\\/\",\"name\":\"NETGEAR Hub France\",\"description\":\"Explorez les pages de notre blog et parcourez les articles pour en savoir plus sur les produits et la technologie NETGEAR.\",\"publisher\":{\"@id\":\"https:\\\/\\\/frhub.netgear.com\\\/fr\\\/hub\\\/#organization\"},\"potentialAction\":[{\"@type\":\"SearchAction\",\"target\":{\"@type\":\"EntryPoint\",\"urlTemplate\":\"https:\\\/\\\/frhub.netgear.com\\\/fr\\\/hub\\\/?s={search_term_string}\"},\"query-input\":{\"@type\":\"PropertyValueSpecification\",\"valueRequired\":true,\"valueName\":\"search_term_string\"}}],\"inLanguage\":\"en-US\"},{\"@type\":\"Organization\",\"@id\":\"https:\\\/\\\/frhub.netgear.com\\\/fr\\\/hub\\\/#organization\",\"name\":\"NETGEAR\",\"url\":\"https:\\\/\\\/frhub.netgear.com\\\/fr\\\/hub\\\/\",\"logo\":{\"@type\":\"ImageObject\",\"inLanguage\":\"en-US\",\"@id\":\"https:\\\/\\\/frhub.netgear.com\\\/fr\\\/hub\\\/#\\\/schema\\\/logo\\\/image\\\/\",\"url\":\"https:\\\/\\\/www.netgear.com\\\/fr\\\/hub\\\/wp-content\\\/uploads\\\/2019\\\/07\\\/NETGEAR_logo.jpg\",\"contentUrl\":\"https:\\\/\\\/www.netgear.com\\\/fr\\\/hub\\\/wp-content\\\/uploads\\\/2019\\\/07\\\/NETGEAR_logo.jpg\",\"width\":1500,\"height\":501,\"caption\":\"NETGEAR\"},\"image\":{\"@id\":\"https:\\\/\\\/frhub.netgear.com\\\/fr\\\/hub\\\/#\\\/schema\\\/logo\\\/image\\\/\"},\"sameAs\":[\"https:\\\/\\\/www.facebook.com\\\/NetgearAU\\\/\",\"https:\\\/\\\/x.com\\\/NETGEAR\",\"https:\\\/\\\/www.linkedin.com\\\/company\\\/netgear\"]}]}<\/script>\n<!-- \/ Yoast SEO plugin. -->","yoast_head_json":{"title":"Configurer Votre Routeur NETGEAR Nighthawk ou Orbi Facilement","description":"Suivez notre guide rapide pour configurer et g\u00e9rer votre routeur NETGEAR Nighthawk ou Orbi en quelques minutes via l'app ou le web.","robots":{"index":"index","follow":"follow","max-snippet":"max-snippet:-1","max-image-preview":"max-image-preview:large","max-video-preview":"max-video-preview:-1"},"canonical":"https:\/\/frhub.netgear.com\/fr\/hub\/technology\/router-login-page\/","og_locale":"en_US","og_type":"article","og_title":"Configurer Votre Routeur NETGEAR Nighthawk ou Orbi Facilement","og_description":"Suivez notre guide rapide pour configurer et g\u00e9rer votre routeur NETGEAR Nighthawk ou Orbi en quelques minutes via l'app ou le web.","og_url":"https:\/\/frhub.netgear.com\/fr\/hub\/technology\/router-login-page\/","og_site_name":"NETGEAR Blog","article_publisher":"https:\/\/www.facebook.com\/NetgearAU\/","article_modified_time":"2024-11-26T02:22:20+00:00","og_image":[{"width":612,"height":408,"url":"https:\/\/frhub.netgear.com\/fr\/hub\/wp-content\/uploads\/2024\/11\/gettyimages-1152307733-612x612-1.jpg","type":"image\/jpeg"}],"twitter_card":"summary_large_image","twitter_site":"@NETGEAR","twitter_misc":{"Est. reading time":"6 minutes"},"schema":{"@context":"https:\/\/schema.org","@graph":[{"@type":"WebPage","@id":"https:\/\/frhub.netgear.com\/fr\/hub\/technology\/router-login-page\/","url":"https:\/\/frhub.netgear.com\/fr\/hub\/technology\/router-login-page\/","name":"Configurer Votre Routeur NETGEAR Nighthawk ou Orbi Facilement","isPartOf":{"@id":"https:\/\/frhub.netgear.com\/fr\/hub\/#website"},"primaryImageOfPage":{"@id":"https:\/\/frhub.netgear.com\/fr\/hub\/technology\/router-login-page\/#primaryimage"},"image":{"@id":"https:\/\/frhub.netgear.com\/fr\/hub\/technology\/router-login-page\/#primaryimage"},"thumbnailUrl":"https:\/\/frhub.netgear.com\/fr\/hub\/wp-content\/uploads\/2024\/11\/gettyimages-1152307733-612x612-1.jpg","datePublished":"2024-10-18T13:56:02+00:00","dateModified":"2024-11-26T02:22:20+00:00","description":"Suivez notre guide rapide pour configurer et g\u00e9rer votre routeur NETGEAR Nighthawk ou Orbi en quelques minutes via l'app ou le web.","breadcrumb":{"@id":"https:\/\/frhub.netgear.com\/fr\/hub\/technology\/router-login-page\/#breadcrumb"},"inLanguage":"en-US","potentialAction":[{"@type":"ReadAction","target":["https:\/\/frhub.netgear.com\/fr\/hub\/technology\/router-login-page\/"]}]},{"@type":"ImageObject","inLanguage":"en-US","@id":"https:\/\/frhub.netgear.com\/fr\/hub\/technology\/router-login-page\/#primaryimage","url":"https:\/\/frhub.netgear.com\/fr\/hub\/wp-content\/uploads\/2024\/11\/gettyimages-1152307733-612x612-1.jpg","contentUrl":"https:\/\/frhub.netgear.com\/fr\/hub\/wp-content\/uploads\/2024\/11\/gettyimages-1152307733-612x612-1.jpg","width":612,"height":408},{"@type":"BreadcrumbList","@id":"https:\/\/frhub.netgear.com\/fr\/hub\/technology\/router-login-page\/#breadcrumb","itemListElement":[{"@type":"ListItem","position":1,"name":"Home","item":"https:\/\/frhub.netgear.com\/fr\/hub\/"},{"@type":"ListItem","position":2,"name":"Technologies","item":"https:\/\/frhub.netgear.com\/fr\/hub\/technology\/"},{"@type":"ListItem","position":3,"name":"Connexion et Configuration du Routeur"}]},{"@type":"WebSite","@id":"https:\/\/frhub.netgear.com\/fr\/hub\/#website","url":"https:\/\/frhub.netgear.com\/fr\/hub\/","name":"NETGEAR Hub France","description":"Explorez les pages de notre blog et parcourez les articles pour en savoir plus sur les produits et la technologie NETGEAR.","publisher":{"@id":"https:\/\/frhub.netgear.com\/fr\/hub\/#organization"},"potentialAction":[{"@type":"SearchAction","target":{"@type":"EntryPoint","urlTemplate":"https:\/\/frhub.netgear.com\/fr\/hub\/?s={search_term_string}"},"query-input":{"@type":"PropertyValueSpecification","valueRequired":true,"valueName":"search_term_string"}}],"inLanguage":"en-US"},{"@type":"Organization","@id":"https:\/\/frhub.netgear.com\/fr\/hub\/#organization","name":"NETGEAR","url":"https:\/\/frhub.netgear.com\/fr\/hub\/","logo":{"@type":"ImageObject","inLanguage":"en-US","@id":"https:\/\/frhub.netgear.com\/fr\/hub\/#\/schema\/logo\/image\/","url":"https:\/\/www.netgear.com\/fr\/hub\/wp-content\/uploads\/2019\/07\/NETGEAR_logo.jpg","contentUrl":"https:\/\/www.netgear.com\/fr\/hub\/wp-content\/uploads\/2019\/07\/NETGEAR_logo.jpg","width":1500,"height":501,"caption":"NETGEAR"},"image":{"@id":"https:\/\/frhub.netgear.com\/fr\/hub\/#\/schema\/logo\/image\/"},"sameAs":["https:\/\/www.facebook.com\/NetgearAU\/","https:\/\/x.com\/NETGEAR","https:\/\/www.linkedin.com\/company\/netgear"]}]}},"_links":{"self":[{"href":"https:\/\/frhub.netgear.com\/fr\/hub\/wp-json\/wp\/v2\/pages\/9697","targetHints":{"allow":["GET"]}}],"collection":[{"href":"https:\/\/frhub.netgear.com\/fr\/hub\/wp-json\/wp\/v2\/pages"}],"about":[{"href":"https:\/\/frhub.netgear.com\/fr\/hub\/wp-json\/wp\/v2\/types\/page"}],"author":[{"embeddable":true,"href":"https:\/\/frhub.netgear.com\/fr\/hub\/wp-json\/wp\/v2\/users\/68"}],"replies":[{"embeddable":true,"href":"https:\/\/frhub.netgear.com\/fr\/hub\/wp-json\/wp\/v2\/comments?post=9697"}],"version-history":[{"count":9,"href":"https:\/\/frhub.netgear.com\/fr\/hub\/wp-json\/wp\/v2\/pages\/9697\/revisions"}],"predecessor-version":[{"id":9827,"href":"https:\/\/frhub.netgear.com\/fr\/hub\/wp-json\/wp\/v2\/pages\/9697\/revisions\/9827"}],"up":[{"embeddable":true,"href":"https:\/\/frhub.netgear.com\/fr\/hub\/wp-json\/wp\/v2\/pages\/6678"}],"wp:featuredmedia":[{"embeddable":true,"href":"https:\/\/frhub.netgear.com\/fr\/hub\/wp-json\/wp\/v2\/media\/9826"}],"wp:attachment":[{"href":"https:\/\/frhub.netgear.com\/fr\/hub\/wp-json\/wp\/v2\/media?parent=9697"}],"curies":[{"name":"wp","href":"https:\/\/api.w.org\/{rel}","templated":true}]}}