{"id":9641,"date":"2024-08-13T08:08:46","date_gmt":"2024-08-13T06:08:46","guid":{"rendered":"https:\/\/www.netgear.com\/fr\/hub\/?page_id=9641"},"modified":"2024-10-09T04:35:03","modified_gmt":"2024-10-09T02:35:03","slug":"installation-repeteur-wifi-netgear","status":"publish","type":"page","link":"https:\/\/frhub.netgear.com\/fr\/hub\/wifi\/extenders\/installation-repeteur-wifi-netgear\/","title":{"rendered":"Installation d\u2019un r\u00e9p\u00e9teur WiFi NETGEAR"},"content":{"rendered":"    <div class=\"table-of-content bg-gray\">\n        <p><strong>IN THIS ARTICLE<\/strong><\/p>\n        <ul>\n                        <li><a href=\"#topic1\">Comment fonctionne un r\u00e9p\u00e9teur WiFi ?<\/a><\/li>\n                        <li><a href=\"#topic2\">Qui a besoin d'un r\u00e9p\u00e9teur WiFi ?<\/a><\/li>\n                        <li><a href=\"#topic3\">Comment choisir un r\u00e9p\u00e9teur WiFi<\/a><\/li>\n                        <li><a href=\"#topic4\">Choisir le r\u00e9p\u00e9teur WiFi id\u00e9al<\/a><\/li>\n                        <li><a href=\"#topic5\">Instructions d'installation du r\u00e9p\u00e9teur WiFi<\/a><\/li>\n                        <li><a href=\"#topic6\">Avantages et inconv\u00e9nients du r\u00e9p\u00e9teur WiFi<\/a><\/li>\n                        <li><a href=\"#topic7\">FAQ<\/a><\/li>\n                    <\/ul>\n    <\/div>\n        <div id=\"topic1\" class=\"skip-item\">\n                        <h2>Comment fonctionne un r\u00e9p\u00e9teur WiFi ?<\/h2>\n                <p>L&#8217;installation des r\u00e9p\u00e9teurs <a style=\"text-decoration: underline\" href=\"https:www.netgear.com\/fr\/home\/wifi\/range-extenders\/\">WiFi range extenders<\/a> WiFi NETGEAR est tr\u00e8s simple. Placez le r\u00e9p\u00e9teur dans une zone au signal fort, branchez-le, puis appuyer sur les boutons WPS (WiFi Protected Setup) du routeur et du r\u00e9p\u00e9teur. \u00c7a y est, vous pouvez vous connecter \u00e0 Internet ! Essayez diff\u00e9rents emplacements pour vos \u00e9quipements (routeurs, modems, r\u00e9p\u00e9teurs, ordinateurs, consoles de jeu et t\u00e9l\u00e9viseurs intelligents) afin de maximiser le potentiel de votre r\u00e9seau.<br \/>\nLes signaux des r\u00e9p\u00e9teurs de port\u00e9e sont sujets aux interf\u00e9rences, tout comme ceux de votre routeur principal. \u00c9vitez, dans la mesure du possible, que le signal WiFi traverse des murs en b\u00e9ton ou d&#8217;autres surfaces dures. Parfois, les r\u00e9p\u00e9teurs sont accompagn\u00e9s d&#8217;un logiciel qui aide \u00e0 trouver le meilleur emplacement.<\/p>\n<p><!-- StartAdSpot --><a href=\"https:\/\/www.netgear.com\/fr\/home\/wifi\/mesh\/rbe973sb\/\"><img loading=\"lazy\" decoding=\"async\" class=\"aligncenter wp-image-10374 size-full\" src=\"https:\/\/www.netgear.com\/hub\/wp-content\/uploads\/2023\/12\/970-ad-spot.jpg\" alt=\"NETGEAR Orbi WiFi 7 ad banner\" width=\"728\" height=\"90\" \/><\/a><br \/>\n<!-- EndAdSpot --><\/p>\n    <\/div>\n        <div id=\"topic2\" class=\"skip-item\">\n                        <h2>Qui a besoin d'un r\u00e9p\u00e9teur WiFi ?<\/h2>\n                <p>Pour un logement de petite taille, il est recommand\u00e9 de placer le routeur au centre pour une couverture WiFi optimale (360\u00b0). Alors avant d&#8217;investir dans un nouveau routeur, r\u00e9p\u00e9teur ou syst\u00e8me Mesh WiFi, v\u00e9rifiez d&#8217;abord l&#8217;emplacement de votre routeur WiFi.<br \/>\nPour un logement plus grand n\u00e9cessitant une meilleure couverture ou pour maximiser le potentiel de divers appareils, consoles de jeux, imprimantes et applications de maison intelligente, envisagez l&#8217;ajout d&#8217;un r\u00e9p\u00e9teur ou d&#8217;un syst\u00e8me Mesh WiFi.<\/p>\n    <\/div>\n        <div id=\"topic3\" class=\"skip-item\">\n                        <h2>Comment choisir un r\u00e9p\u00e9teur WiFi<\/h2>\n                <p>Les r\u00e9p\u00e9teurs WiFi sont un excellent moyen d&#8217;am\u00e9liorer la couverture WiFi, \u00e0 condition qu&#8217;ils soient compatibles avec votre routeur et votre r\u00e9seau sans fil. Un r\u00e9p\u00e9teur WiFi NETGEAR peut fonctionner avec des routeurs plus anciens, mais n&#8217;am\u00e9liorera pas ses capacit\u00e9s. Pour profiter du meilleur des technologies WiFi 6 et WiFi 7, il faudra remplacer vos \u00e9quipements anciens par des mod\u00e8les plus r\u00e9cents. Chaque nouvelle norme WiFi est un pas en avant, et le WiFi 7 est un bond prodigieux dans l&#8217;avenir du WiFi.<br \/>\nSi votre routeur actuel prend en charge le WiFi 6 ou le WiFi 7, \u00e9vitez d&#8217;acheter un r\u00e9p\u00e9teur WiFi 5 obsol\u00e8te. Seuls les routeurs compatibles WiFi 6 et WiFi 7 seront en mesure de p\u00e9renniser l&#8217;avenir de vos r\u00e9seau domestique et invit\u00e9. Les solutions NETGEAR incluent des r\u00e9p\u00e9teurs WiFi \u00e0 enfichage mural. Les meilleurs r\u00e9p\u00e9teurs disposent de ports Ethernet pour maximiser les vitesses Internet par connexion directe.<\/p>\n    <\/div>\n        <div id=\"topic4\" class=\"skip-item\">\n                        <h2>Choisir le r\u00e9p\u00e9teur WiFi id\u00e9al<\/h2>\n                <p>Les r\u00e9p\u00e9teurs WiFi de bureau sont esth\u00e9tiques et puissants, souvent dot\u00e9s de ports Ethernet. Les r\u00e9p\u00e9teurs WiFi enfichables sont plus petits et se connectent directement \u00e0 une prise murale. Certains disposent \u00e9galement d&#8217;une prise d&#8217;alimentation. Les r\u00e9p\u00e9teurs de port\u00e9e, les r\u00e9p\u00e9teurs mesh et les routeurs NETGEAR les plus populaires sont :<\/p>\n<ul>\n<li><strong><u>R\u00e9p\u00e9teur WiFi mesh AX1800 :<\/u><\/strong> Ce r\u00e9p\u00e9teur WiFi 6 Bi-Band puissant offre des performances exceptionnelles (jusqu&#8217;\u00e0 1,8 Gbit\/s) et une couverture \u00e9largie et homog\u00e8ne pour un plus grand nombre d&#8217;appareils dans toute la maison.<\/li>\n<li><strong><u>R\u00e9p\u00e9teur WiFi AC750 :<\/u><\/strong> Ce r\u00e9p\u00e9teur WiFi Bi-Band atteint un d\u00e9bit de 750 Mbit\/s. Profitez instantan\u00e9ment de vos divertissements favoris partout dans la maison via smartphone, tablette, ordinateur portable, Amazon Alexa, et plus encore.<\/li>\n<li><strong><u>R\u00e9p\u00e9teur WiFi mesh AX6000 :<\/u><\/strong> Fini les zones non couvertes et les pertes de signal avec le NETGEAR Nighthawk AX6000 WiFi 6 qui offre le meilleur d\u00e9bit (jusqu&#8217;\u00e0 6 Gbit\/s) dans toute la maison, m\u00eame dans les zones difficiles d&#8217;acc\u00e8s.<\/li>\n<li><strong><u>R\u00e9p\u00e9teur WiFi mesh AC3000 :<\/u><\/strong> Le r\u00e9p\u00e9teur WiFi Tri-Band AC3000 avec technologie brevet\u00e9e FastLane3TM augmente le d\u00e9bit jusqu&#8217;\u00e0 3 Gbit\/s pour tous vos appareils connect\u00e9s. Le AC3000 transforme les zones mortes en zones de couverture WiFi ultra-rapide \u00e0 partir du modem, du routeur et du r\u00e9p\u00e9teur.<\/li>\n<\/ul>\n<p>Les appareils NETGEAR sont con\u00e7us pour r\u00e9pondre \u00e0 vos exigences de performance. Les r\u00e9p\u00e9teurs WiFi mesh Bi-band et les r\u00e9p\u00e9teurs enfichables avec antennes internes NETGEAR maximisent la vitesse, la couverture WiFi et la capacit\u00e9 en appareils partout chez vous.<\/p>\n<p><img loading=\"lazy\" decoding=\"async\" class=\"aligncenter wp-image-9801 size-large\" src=\"https:\/\/www.netgear.com\/hub\/wp-content\/uploads\/2023\/10\/orbi-satellite-side-view-1024x293.jpg\" alt=\"Home WiFi\" width=\"1024\" height=\"293\" \/><\/p>\n<p><!-- StartAdSpot --><a href=\"https:\/\/www.netgear.com\/fr\/home\/wifi\/mesh\/rbe973sb\/\"><img loading=\"lazy\" decoding=\"async\" class=\"aligncenter wp-image-10374 size-full\" src=\"https:\/\/www.netgear.com\/hub\/wp-content\/uploads\/2023\/12\/970-ad-spot.jpg\" alt=\"NETGEAR Orbi WiFi 7 AD\" width=\"728\" height=\"90\" \/><\/a><br \/>\n<!-- EndAdSpot --><\/p>\n    <\/div>\n        <div id=\"topic5\" class=\"skip-item\">\n                        <h2>Instructions d'installation du r\u00e9p\u00e9teur WiFi<\/h2>\n                <p><img decoding=\"async\" class=\"aligncenter size-large wp-image-12583\" src=\"https:\/\/www.netgear.com\/hub\/wp-content\/uploads\/2024\/07\/nhapp-header1_tcm166-112934-1024x576.jpg\" alt=\"\" width=\"500\" \/>Premi\u00e8rement, t\u00e9l\u00e9chargez l&#8217;application Nighthawk optimis\u00e9e pour les derniers r\u00e9p\u00e9teurs de port\u00e9e NETGEAR Nighthawk. L&#8217;application vous guidera pas \u00e0 pas tout au long du processus d&#8217;installation. Il faudra peut-\u00eatre assigner une nouvelle adresse IP \u00e0 votre r\u00e9p\u00e9teur. Le bouton WPS (WiFi Protected Setup) peut \u00eatre utilis\u00e9 pour prot\u00e9ger vos appareils. Suivez ces dix \u00e9tapes pour une installation manuelle :<\/p>\n<p>1. <strong><u>Mise sous tension :<\/u><\/strong> Branchez votre r\u00e9p\u00e9teur sur une prise de courant. V\u00e9rifiez que le voyant d&#8217;alimentation s&#8217;allume.<br \/>\n2. <strong><u>Connexion :<\/u><\/strong> Utilisez votre ordinateur ou votre appareil mobile pour vous connecter au r\u00e9seau WiFi du r\u00e9p\u00e9teur.<br \/>\n3. <strong><u>Acc\u00e8s \u00e0 la page de configuration :<\/u><\/strong> Ouvrez votre application ou votre navigateur web \u00e0 la page de configuration de votre nouveau r\u00e9p\u00e9teur.<br \/>\n4. <strong><u>Informations administrateur :<\/u><\/strong> Acceptez les conditions d&#8217;acc\u00e8s administrateur, puis choisissez un mot de passe WiFi unique.<br \/>\n5. <strong><u>Questions de s\u00e9curit\u00e9 :<\/u><\/strong> Choisissez puis r\u00e9pondez \u00e0 deux questions de s\u00e9curit\u00e9 pour la r\u00e9cup\u00e9ration du mot de passe.<br \/>\n6. <strong><u>Connexion au r\u00e9seau :<\/u><\/strong> Suivez les instructions pour vous connecter aux bandes WiFi 2,4 GHz et 5 GHz.<br \/>\n7. <strong><u>Configuration du r\u00e9seau du r\u00e9p\u00e9teur : Configurez les SSID (nom de r\u00e9seau WiFi) et les mots de passe de votre r\u00e9p\u00e9teur.<\/u><\/strong><br \/>\n8. <strong><u>Application des param\u00e8tres :<\/u><\/strong> Le r\u00e9p\u00e9teur appliquera vos param\u00e8tres apr\u00e8s la saisie de votre mot de passe.<br \/>\n9. <strong><u>Connexion des appareils :<\/u><\/strong> Notez le nom du r\u00e9seau (SSID), puis connectez vos appareils au r\u00e9seau.<br \/>\n10. <strong><u>Finalisation de l&#8217;installation :<\/u><\/strong> Cochez la case de confirmation, puis cliquez sur CONTINUER.<\/p>\n<p>F\u00e9licitations, votre r\u00e9p\u00e9teur NETGEAR fait d\u00e9sormais partie int\u00e9grante de votre r\u00e9seau WiFi domestique !<\/p>\n    <\/div>\n        <div id=\"topic6\" class=\"skip-item\">\n                        <h2>Avantages et inconv\u00e9nients du r\u00e9p\u00e9teur WiFi<\/h2>\n                <p>Les r\u00e9p\u00e9teurs de port\u00e9e WiFi sont un moyen rentable d&#8217;amplifier le signal de votre r\u00e9seau WiFi. Les r\u00e9p\u00e9teurs NETGEAR Nighthawk sont de loin la solution la plus populaire en France pour plusieurs raisons :<\/p>\n<ul>\n<li>La plupart des r\u00e9p\u00e9teurs de port\u00e9e WiFi NETGEAR fonctionnent avec votre routeur existant, il n&#8217;est donc pas n\u00e9cessaire de le remplacer.<\/li>\n<li>Un r\u00e9p\u00e9teur augmentera significativement la taille de votre r\u00e9seau sans fil. Le WiFi devient disponible partout \u00e0 l&#8217;int\u00e9rieur de votre maison, sur la terrasse et dans le jardin.<\/li>\n<li>Les r\u00e9p\u00e9teurs sont peu encombrants. Les mod\u00e8les enfichables se branchent directement sur une prise secteur pour renforcer le signal WiFi avec un format compact.<\/li>\n<\/ul>\n<p>M\u00eame les meilleurs r\u00e9p\u00e9teurs WiFi ont leurs limites, voici quelques inconv\u00e9nients potentiels :<\/p>\n<ul>\n<li>Le r\u00e9p\u00e9teur peut utiliser un r\u00e9seau WiFi diff\u00e9rent de celui de votre routeur. Dans ce cas, vous devez changer de r\u00e9seau lorsque vous vous d\u00e9placez dans la maison. Il est pr\u00e9f\u00e9rable de choisir des r\u00e9p\u00e9teurs qui rediffusent le signal en utilisant le m\u00eame nom\/identifiant de r\u00e9seau que votre routeur.<\/li>\n<li>M\u00eame si un r\u00e9p\u00e9teur WiFi peut prolonger le signal WiFi, celui-ci perdra probablement en puissance, ce qui se traduira par des ralentissements.<\/li>\n<\/ul>\n    <\/div>\n        <div id=\"topic7\" class=\"skip-item\">\n                        <h2>FAQ<\/h2>\n                <h3>Un r\u00e9p\u00e9teur \u00e9limine-t-il les zones mortes ?<\/h3>\n<p>Les r\u00e9p\u00e9teurs WiFi sont des points d&#8217;acc\u00e8s qui rediffusent le signal WiFi plus loin. Un emplacement \u00e0 mi-chemin entre le routeur principal et l&#8217;espace cible est id\u00e9al pour faire revivre une zone morte. Si vous souhaitez que le signal WiFi atteigne plusieurs autres zones, un syst\u00e8me Mesh avec plusieurs satellites peut s\u2019av\u00e9rer \u00eatre la meilleure solution.<\/p>\n<h3>Pourquoi certains clients choisissent-ils des syst\u00e8mes Mesh WiFi 7 ?<\/h3>\n<p>Les clients choisissent le syst\u00e8me Mesh Orbi S\u00e9rie 970 compatible WiFi 7 de NETGEAR pour ses performances exceptionnelles et sa couverture \u00e9tendue. Cette s\u00e9rie Quad-band peut atteindre un d\u00e9bit fulgurant de 27 Gbit\/s.<\/p>\n    <\/div>\n    \n","protected":false},"excerpt":{"rendered":"","protected":false},"author":87,"featured_media":9643,"parent":6709,"menu_order":1,"comment_status":"closed","ping_status":"closed","template":"templates\/mesh-vs-wifi.php","meta":{"_acf_changed":false,"content-type":"","footnotes":""},"class_list":["post-9641","page","type-page","status-publish","has-post-thumbnail","hentry"],"acf":[],"yoast_head":"<!-- This site is optimized with the Yoast SEO plugin v27.5 - https:\/\/yoast.com\/product\/yoast-seo-wordpress\/ -->\n<title>Installation d&#039;un R\u00e9p\u00e9teur WiFi NETGEAR | Guide Complet<\/title>\n<meta name=\"description\" content=\"\u00c9tendez la couverture de votre r\u00e9seau avec un r\u00e9p\u00e9teur WiFi NETGEAR. Suivez notre guide \u00e9tape par \u00e9tape pour une installation rapide et efficace.\" \/>\n<meta name=\"robots\" content=\"index, follow, max-snippet:-1, max-image-preview:large, max-video-preview:-1\" \/>\n<link rel=\"canonical\" href=\"https:\/\/frhub.netgear.com\/fr\/hub\/wifi\/extenders\/installation-repeteur-wifi-netgear\/\" \/>\n<meta property=\"og:locale\" content=\"en_US\" \/>\n<meta property=\"og:type\" content=\"article\" \/>\n<meta property=\"og:title\" content=\"Installation d&#039;un R\u00e9p\u00e9teur WiFi NETGEAR | Guide Complet\" \/>\n<meta property=\"og:description\" content=\"\u00c9tendez la couverture de votre r\u00e9seau avec un r\u00e9p\u00e9teur WiFi NETGEAR. Suivez notre guide \u00e9tape par \u00e9tape pour une installation rapide et efficace.\" \/>\n<meta property=\"og:url\" content=\"https:\/\/frhub.netgear.com\/fr\/hub\/wifi\/extenders\/installation-repeteur-wifi-netgear\/\" \/>\n<meta property=\"og:site_name\" content=\"NETGEAR Blog\" \/>\n<meta property=\"article:publisher\" content=\"https:\/\/www.facebook.com\/NetgearAU\/\" \/>\n<meta property=\"article:modified_time\" content=\"2024-10-09T02:35:03+00:00\" \/>\n<meta property=\"og:image\" content=\"https:\/\/frhub.netgear.com\/fr\/hub\/wp-content\/uploads\/2024\/08\/range-extender-setup-wall-icon-2.jpg\" \/>\n\t<meta property=\"og:image:width\" content=\"480\" \/>\n\t<meta property=\"og:image:height\" content=\"550\" \/>\n\t<meta property=\"og:image:type\" content=\"image\/jpeg\" \/>\n<meta name=\"twitter:card\" content=\"summary_large_image\" \/>\n<meta name=\"twitter:site\" content=\"@NETGEAR\" \/>\n<script type=\"application\/ld+json\" class=\"yoast-schema-graph\">{\"@context\":\"https:\\\/\\\/schema.org\",\"@graph\":[{\"@type\":\"WebPage\",\"@id\":\"https:\\\/\\\/frhub.netgear.com\\\/fr\\\/hub\\\/wifi\\\/extenders\\\/installation-repeteur-wifi-netgear\\\/\",\"url\":\"https:\\\/\\\/frhub.netgear.com\\\/fr\\\/hub\\\/wifi\\\/extenders\\\/installation-repeteur-wifi-netgear\\\/\",\"name\":\"Installation d'un R\u00e9p\u00e9teur WiFi NETGEAR | Guide Complet\",\"isPartOf\":{\"@id\":\"https:\\\/\\\/frhub.netgear.com\\\/fr\\\/hub\\\/#website\"},\"primaryImageOfPage\":{\"@id\":\"https:\\\/\\\/frhub.netgear.com\\\/fr\\\/hub\\\/wifi\\\/extenders\\\/installation-repeteur-wifi-netgear\\\/#primaryimage\"},\"image\":{\"@id\":\"https:\\\/\\\/frhub.netgear.com\\\/fr\\\/hub\\\/wifi\\\/extenders\\\/installation-repeteur-wifi-netgear\\\/#primaryimage\"},\"thumbnailUrl\":\"https:\\\/\\\/frhub.netgear.com\\\/fr\\\/hub\\\/wp-content\\\/uploads\\\/2024\\\/08\\\/range-extender-setup-wall-icon-2.jpg\",\"datePublished\":\"2024-08-13T06:08:46+00:00\",\"dateModified\":\"2024-10-09T02:35:03+00:00\",\"description\":\"\u00c9tendez la couverture de votre r\u00e9seau avec un r\u00e9p\u00e9teur WiFi NETGEAR. Suivez notre guide \u00e9tape par \u00e9tape pour une installation rapide et efficace.\",\"breadcrumb\":{\"@id\":\"https:\\\/\\\/frhub.netgear.com\\\/fr\\\/hub\\\/wifi\\\/extenders\\\/installation-repeteur-wifi-netgear\\\/#breadcrumb\"},\"inLanguage\":\"en-US\",\"potentialAction\":[{\"@type\":\"ReadAction\",\"target\":[\"https:\\\/\\\/frhub.netgear.com\\\/fr\\\/hub\\\/wifi\\\/extenders\\\/installation-repeteur-wifi-netgear\\\/\"]}]},{\"@type\":\"ImageObject\",\"inLanguage\":\"en-US\",\"@id\":\"https:\\\/\\\/frhub.netgear.com\\\/fr\\\/hub\\\/wifi\\\/extenders\\\/installation-repeteur-wifi-netgear\\\/#primaryimage\",\"url\":\"https:\\\/\\\/frhub.netgear.com\\\/fr\\\/hub\\\/wp-content\\\/uploads\\\/2024\\\/08\\\/range-extender-setup-wall-icon-2.jpg\",\"contentUrl\":\"https:\\\/\\\/frhub.netgear.com\\\/fr\\\/hub\\\/wp-content\\\/uploads\\\/2024\\\/08\\\/range-extender-setup-wall-icon-2.jpg\",\"width\":480,\"height\":550},{\"@type\":\"BreadcrumbList\",\"@id\":\"https:\\\/\\\/frhub.netgear.com\\\/fr\\\/hub\\\/wifi\\\/extenders\\\/installation-repeteur-wifi-netgear\\\/#breadcrumb\",\"itemListElement\":[{\"@type\":\"ListItem\",\"position\":1,\"name\":\"Home\",\"item\":\"https:\\\/\\\/frhub.netgear.com\\\/fr\\\/hub\\\/\"},{\"@type\":\"ListItem\",\"position\":2,\"name\":\"WiFi Tech Articles Hub\",\"item\":\"https:\\\/\\\/frhub.netgear.com\\\/fr\\\/hub\\\/wifi\\\/\"},{\"@type\":\"ListItem\",\"position\":3,\"name\":\"R\u00e9p\u00e9teurs WiFi\",\"item\":\"https:\\\/\\\/frhub.netgear.com\\\/fr\\\/hub\\\/wifi\\\/extenders\\\/\"},{\"@type\":\"ListItem\",\"position\":4,\"name\":\"Installation d\u2019un r\u00e9p\u00e9teur WiFi NETGEAR\"}]},{\"@type\":\"WebSite\",\"@id\":\"https:\\\/\\\/frhub.netgear.com\\\/fr\\\/hub\\\/#website\",\"url\":\"https:\\\/\\\/frhub.netgear.com\\\/fr\\\/hub\\\/\",\"name\":\"NETGEAR Hub France\",\"description\":\"Explorez les pages de notre blog et parcourez les articles pour en savoir plus sur les produits et la technologie NETGEAR.\",\"publisher\":{\"@id\":\"https:\\\/\\\/frhub.netgear.com\\\/fr\\\/hub\\\/#organization\"},\"potentialAction\":[{\"@type\":\"SearchAction\",\"target\":{\"@type\":\"EntryPoint\",\"urlTemplate\":\"https:\\\/\\\/frhub.netgear.com\\\/fr\\\/hub\\\/?s={search_term_string}\"},\"query-input\":{\"@type\":\"PropertyValueSpecification\",\"valueRequired\":true,\"valueName\":\"search_term_string\"}}],\"inLanguage\":\"en-US\"},{\"@type\":\"Organization\",\"@id\":\"https:\\\/\\\/frhub.netgear.com\\\/fr\\\/hub\\\/#organization\",\"name\":\"NETGEAR\",\"url\":\"https:\\\/\\\/frhub.netgear.com\\\/fr\\\/hub\\\/\",\"logo\":{\"@type\":\"ImageObject\",\"inLanguage\":\"en-US\",\"@id\":\"https:\\\/\\\/frhub.netgear.com\\\/fr\\\/hub\\\/#\\\/schema\\\/logo\\\/image\\\/\",\"url\":\"https:\\\/\\\/www.netgear.com\\\/fr\\\/hub\\\/wp-content\\\/uploads\\\/2019\\\/07\\\/NETGEAR_logo.jpg\",\"contentUrl\":\"https:\\\/\\\/www.netgear.com\\\/fr\\\/hub\\\/wp-content\\\/uploads\\\/2019\\\/07\\\/NETGEAR_logo.jpg\",\"width\":1500,\"height\":501,\"caption\":\"NETGEAR\"},\"image\":{\"@id\":\"https:\\\/\\\/frhub.netgear.com\\\/fr\\\/hub\\\/#\\\/schema\\\/logo\\\/image\\\/\"},\"sameAs\":[\"https:\\\/\\\/www.facebook.com\\\/NetgearAU\\\/\",\"https:\\\/\\\/x.com\\\/NETGEAR\",\"https:\\\/\\\/www.linkedin.com\\\/company\\\/netgear\"]}]}<\/script>\n<!-- \/ Yoast SEO plugin. -->","yoast_head_json":{"title":"Installation d'un R\u00e9p\u00e9teur WiFi NETGEAR | Guide Complet","description":"\u00c9tendez la couverture de votre r\u00e9seau avec un r\u00e9p\u00e9teur WiFi NETGEAR. Suivez notre guide \u00e9tape par \u00e9tape pour une installation rapide et efficace.","robots":{"index":"index","follow":"follow","max-snippet":"max-snippet:-1","max-image-preview":"max-image-preview:large","max-video-preview":"max-video-preview:-1"},"canonical":"https:\/\/frhub.netgear.com\/fr\/hub\/wifi\/extenders\/installation-repeteur-wifi-netgear\/","og_locale":"en_US","og_type":"article","og_title":"Installation d'un R\u00e9p\u00e9teur WiFi NETGEAR | Guide Complet","og_description":"\u00c9tendez la couverture de votre r\u00e9seau avec un r\u00e9p\u00e9teur WiFi NETGEAR. Suivez notre guide \u00e9tape par \u00e9tape pour une installation rapide et efficace.","og_url":"https:\/\/frhub.netgear.com\/fr\/hub\/wifi\/extenders\/installation-repeteur-wifi-netgear\/","og_site_name":"NETGEAR Blog","article_publisher":"https:\/\/www.facebook.com\/NetgearAU\/","article_modified_time":"2024-10-09T02:35:03+00:00","og_image":[{"width":480,"height":550,"url":"https:\/\/frhub.netgear.com\/fr\/hub\/wp-content\/uploads\/2024\/08\/range-extender-setup-wall-icon-2.jpg","type":"image\/jpeg"}],"twitter_card":"summary_large_image","twitter_site":"@NETGEAR","schema":{"@context":"https:\/\/schema.org","@graph":[{"@type":"WebPage","@id":"https:\/\/frhub.netgear.com\/fr\/hub\/wifi\/extenders\/installation-repeteur-wifi-netgear\/","url":"https:\/\/frhub.netgear.com\/fr\/hub\/wifi\/extenders\/installation-repeteur-wifi-netgear\/","name":"Installation d'un R\u00e9p\u00e9teur WiFi NETGEAR | Guide Complet","isPartOf":{"@id":"https:\/\/frhub.netgear.com\/fr\/hub\/#website"},"primaryImageOfPage":{"@id":"https:\/\/frhub.netgear.com\/fr\/hub\/wifi\/extenders\/installation-repeteur-wifi-netgear\/#primaryimage"},"image":{"@id":"https:\/\/frhub.netgear.com\/fr\/hub\/wifi\/extenders\/installation-repeteur-wifi-netgear\/#primaryimage"},"thumbnailUrl":"https:\/\/frhub.netgear.com\/fr\/hub\/wp-content\/uploads\/2024\/08\/range-extender-setup-wall-icon-2.jpg","datePublished":"2024-08-13T06:08:46+00:00","dateModified":"2024-10-09T02:35:03+00:00","description":"\u00c9tendez la couverture de votre r\u00e9seau avec un r\u00e9p\u00e9teur WiFi NETGEAR. Suivez notre guide \u00e9tape par \u00e9tape pour une installation rapide et efficace.","breadcrumb":{"@id":"https:\/\/frhub.netgear.com\/fr\/hub\/wifi\/extenders\/installation-repeteur-wifi-netgear\/#breadcrumb"},"inLanguage":"en-US","potentialAction":[{"@type":"ReadAction","target":["https:\/\/frhub.netgear.com\/fr\/hub\/wifi\/extenders\/installation-repeteur-wifi-netgear\/"]}]},{"@type":"ImageObject","inLanguage":"en-US","@id":"https:\/\/frhub.netgear.com\/fr\/hub\/wifi\/extenders\/installation-repeteur-wifi-netgear\/#primaryimage","url":"https:\/\/frhub.netgear.com\/fr\/hub\/wp-content\/uploads\/2024\/08\/range-extender-setup-wall-icon-2.jpg","contentUrl":"https:\/\/frhub.netgear.com\/fr\/hub\/wp-content\/uploads\/2024\/08\/range-extender-setup-wall-icon-2.jpg","width":480,"height":550},{"@type":"BreadcrumbList","@id":"https:\/\/frhub.netgear.com\/fr\/hub\/wifi\/extenders\/installation-repeteur-wifi-netgear\/#breadcrumb","itemListElement":[{"@type":"ListItem","position":1,"name":"Home","item":"https:\/\/frhub.netgear.com\/fr\/hub\/"},{"@type":"ListItem","position":2,"name":"WiFi Tech Articles Hub","item":"https:\/\/frhub.netgear.com\/fr\/hub\/wifi\/"},{"@type":"ListItem","position":3,"name":"R\u00e9p\u00e9teurs WiFi","item":"https:\/\/frhub.netgear.com\/fr\/hub\/wifi\/extenders\/"},{"@type":"ListItem","position":4,"name":"Installation d\u2019un r\u00e9p\u00e9teur WiFi NETGEAR"}]},{"@type":"WebSite","@id":"https:\/\/frhub.netgear.com\/fr\/hub\/#website","url":"https:\/\/frhub.netgear.com\/fr\/hub\/","name":"NETGEAR Hub France","description":"Explorez les pages de notre blog et parcourez les articles pour en savoir plus sur les produits et la technologie NETGEAR.","publisher":{"@id":"https:\/\/frhub.netgear.com\/fr\/hub\/#organization"},"potentialAction":[{"@type":"SearchAction","target":{"@type":"EntryPoint","urlTemplate":"https:\/\/frhub.netgear.com\/fr\/hub\/?s={search_term_string}"},"query-input":{"@type":"PropertyValueSpecification","valueRequired":true,"valueName":"search_term_string"}}],"inLanguage":"en-US"},{"@type":"Organization","@id":"https:\/\/frhub.netgear.com\/fr\/hub\/#organization","name":"NETGEAR","url":"https:\/\/frhub.netgear.com\/fr\/hub\/","logo":{"@type":"ImageObject","inLanguage":"en-US","@id":"https:\/\/frhub.netgear.com\/fr\/hub\/#\/schema\/logo\/image\/","url":"https:\/\/www.netgear.com\/fr\/hub\/wp-content\/uploads\/2019\/07\/NETGEAR_logo.jpg","contentUrl":"https:\/\/www.netgear.com\/fr\/hub\/wp-content\/uploads\/2019\/07\/NETGEAR_logo.jpg","width":1500,"height":501,"caption":"NETGEAR"},"image":{"@id":"https:\/\/frhub.netgear.com\/fr\/hub\/#\/schema\/logo\/image\/"},"sameAs":["https:\/\/www.facebook.com\/NetgearAU\/","https:\/\/x.com\/NETGEAR","https:\/\/www.linkedin.com\/company\/netgear"]}]}},"_links":{"self":[{"href":"https:\/\/frhub.netgear.com\/fr\/hub\/wp-json\/wp\/v2\/pages\/9641","targetHints":{"allow":["GET"]}}],"collection":[{"href":"https:\/\/frhub.netgear.com\/fr\/hub\/wp-json\/wp\/v2\/pages"}],"about":[{"href":"https:\/\/frhub.netgear.com\/fr\/hub\/wp-json\/wp\/v2\/types\/page"}],"author":[{"embeddable":true,"href":"https:\/\/frhub.netgear.com\/fr\/hub\/wp-json\/wp\/v2\/users\/87"}],"replies":[{"embeddable":true,"href":"https:\/\/frhub.netgear.com\/fr\/hub\/wp-json\/wp\/v2\/comments?post=9641"}],"version-history":[{"count":7,"href":"https:\/\/frhub.netgear.com\/fr\/hub\/wp-json\/wp\/v2\/pages\/9641\/revisions"}],"predecessor-version":[{"id":9690,"href":"https:\/\/frhub.netgear.com\/fr\/hub\/wp-json\/wp\/v2\/pages\/9641\/revisions\/9690"}],"up":[{"embeddable":true,"href":"https:\/\/frhub.netgear.com\/fr\/hub\/wp-json\/wp\/v2\/pages\/6709"}],"wp:featuredmedia":[{"embeddable":true,"href":"https:\/\/frhub.netgear.com\/fr\/hub\/wp-json\/wp\/v2\/media\/9643"}],"wp:attachment":[{"href":"https:\/\/frhub.netgear.com\/fr\/hub\/wp-json\/wp\/v2\/media?parent=9641"}],"curies":[{"name":"wp","href":"https:\/\/api.w.org\/{rel}","templated":true}]}}