{"id":9624,"date":"2024-08-03T00:28:09","date_gmt":"2024-08-02T22:28:09","guid":{"rendered":"https:\/\/www.netgear.com\/fr\/hub\/?page_id=9624"},"modified":"2024-12-28T06:47:29","modified_gmt":"2024-12-28T05:47:29","slug":"wifi-7-plus-rapide-au-monde","status":"publish","type":"page","link":"https:\/\/frhub.netgear.com\/fr\/hub\/technology\/wifi-7-plus-rapide-au-monde\/","title":{"rendered":"Le WiFi du futur est d\u00e9j\u00e0 l\u00e0 ! Pr\u00e9sentation du WiFi 7, le WiFi le plus rapide au monde"},"content":{"rendered":"    <div class=\"table-of-content bg-gray\">\n        <p><strong>IN THIS ARTICLE<\/strong><\/p>\n        <ul>\n                        <li><a href=\"#topic1\">Pr\u00e9sentation du WiFi 7<\/a><\/li>\n                        <li><a href=\"#topic2\">Des vitesses sans pr\u00e9c\u00e9dent pour des applications exigeantes<\/a><\/li>\n                        <li><a href=\"#topic3\">Qu\u2019est-ce qui rend le WiFi 7 si rapide ?<\/a><\/li>\n                        <li><a href=\"#topic4\">Technologies additionnelles propos\u00e9es par Orbi 970<\/a><\/li>\n                        <li><a href=\"#topic5\">Pourquoi le WiFi 7 change la donne<\/a><\/li>\n                        <li><a href=\"#topic6\">NETGEAR : Pionnier de l\u2019innovation WiFi<\/a><\/li>\n                    <\/ul>\n    <\/div>\n        <div id=\"topic1\" class=\"skip-item\">\n                        <h2>Pr\u00e9sentation du WiFi 7<\/h2>\n                <p>Le WiFi 7 (IEEE 802.11be) propose de grandes am\u00e9liorations en termes de vitesse et de fiabilit\u00e9, m\u00eame lorsque plusieurs appareils sont connect\u00e9s simultan\u00e9ment dans des r\u00e9seaux satur\u00e9s. Le WiFi 7 utilise des technologies de pointe et de nouvelles fonctionnalit\u00e9s pour r\u00e9volutionner les capacit\u00e9s du WiFi.<\/p>\n<p>La nouvelle g\u00e9n\u00e9ration WiFi 7 offre des am\u00e9liorations spectaculaires par rapport au WiFi 5, au WiFi 6 et au WiFi 6E. Les routeurs et les syst\u00e8mes Mesh WiFi 7 de NETGEAR tirent pleinement parti de cette technologie. Les caract\u00e9ristiques incluent une bande passante accrue jusqu&#8217;\u00e0 320 MHz, des vitesses jusqu\u2019\u00e0 40 Gbit\/s, et la possibilit\u00e9 de connecter plus de 200 appareils simultan\u00e9ment.<\/p>\n    <\/div>\n        <div id=\"topic2\" class=\"skip-item\">\n                        <h2>Des vitesses sans pr\u00e9c\u00e9dent pour des applications exigeantes<\/h2>\n                <p>Depuis la norme WiFi 1 (IEEE 802.11a) lanc\u00e9e en 1997, la technologie WiFi a consid\u00e9rablement \u00e9volu\u00e9. Les derni\u00e8res normes WiFi sont :<\/p>\n<ul>\n<li style=\"list-style-type: none\">\n<ul>\n<li><strong>WiFi 5 (IEEE 802.11ac) &#8211; 2013 :<\/strong><\/li>\n<\/ul>\n<\/li>\n<\/ul>\n<p>Canaux plus larges sur la bande 5 GHz, 8 flux spatiaux, modulation d&#8217;amplitude en quadrature (jusqu&#8217;\u00e0 256 QAM), et MIMO multi-utilisateurs (MU-MIMO).<\/p>\n<ul>\n<li style=\"list-style-type: none\">\n<ul>\n<li><strong>WiFi 6\/6E (IEEE 802.11ax) &#8211; 2020 :<\/strong><\/li>\n<\/ul>\n<\/li>\n<\/ul>\n<p>Bande de 6 GHz en plus des bandes 2,4 GHz et 5 GHz, d\u00e9bit maximal th\u00e9orique de 9,6 Gbit\/s.<\/p>\n<ul>\n<li><strong>WiFi 7 (IEEE 802.11be) &#8211; 2023 :<\/strong> D\u00e9bit jusqu&#8217;\u00e0 40 Gbit\/s, bandes de fr\u00e9quences 2,4 GHz, 5 GHz et 6 GHz, technologies pour le streaming 4K\/8K et la VR\/AR, latence quasi nulle.<\/li>\n<\/ul>\n<p><img loading=\"lazy\" decoding=\"async\" class=\"wp-image-9619 aligncenter\" src=\"https:\/\/www.netgear.com\/fr\/hub\/wp-content\/uploads\/2024\/08\/orbi-gaming-970-wide-2-300x88.jpg\" alt=\"\" width=\"811\" height=\"238\" srcset=\"https:\/\/frhub.netgear.com\/fr\/hub\/wp-content\/uploads\/2024\/08\/orbi-gaming-970-wide-2-300x88.jpg 300w, https:\/\/frhub.netgear.com\/fr\/hub\/wp-content\/uploads\/2024\/08\/orbi-gaming-970-wide-2-768x225.jpg 768w, https:\/\/frhub.netgear.com\/fr\/hub\/wp-content\/uploads\/2024\/08\/orbi-gaming-970-wide-2.jpg 1024w\" sizes=\"auto, (max-width: 811px) 100vw, 811px\" \/><\/p>\n    <\/div>\n        <div id=\"topic3\" class=\"skip-item\">\n                        <h2>Qu\u2019est-ce qui rend le WiFi 7 si rapide ?<\/h2>\n                <p>Le WiFi 7 se distingue par des avanc\u00e9es techniques majeures qui augmentent significativement sa vitesse et ses performances:<\/p>\n<p><strong>1. Bande passante plus large :<\/strong> avec des canaux de 320 MHz, le WiFi 7 double la largeur de bande disponible par rapport au WiFi 6E, permettant des transferts de donn\u00e9es beaucoup plus rapides.<\/p>\n<p><strong>2. Modulation d&#8217;amplitude en quadrature (QAM) plus \u00e9lev\u00e9e :<\/strong> le passage \u00e0 4096-QAM (4K QAM) augmente consid\u00e9rablement la quantit\u00e9 de donn\u00e9es pouvant \u00eatre transmises simultan\u00e9ment, offrant ainsi des d\u00e9bits de donn\u00e9es 20% sup\u00e9rieurs.<\/p>\n<p><strong>3. Fonctionnement multi-liens (MLO) :<\/strong> le MLO combine plusieurs fr\u00e9quences en une connexion unique qui optimise l&#8217;efficacit\u00e9, r\u00e9duit la congestion et pr\u00e9vient la latence.<\/p>\n<p><strong>4. Preamble Puncturing :<\/strong> cette technologie divise un canal en segments exploitables, r\u00e9duisant les interf\u00e9rences pour une exp\u00e9rience utilisateur fluide et continue.<\/p>\n<p><strong>5. Temps de r\u00e9veil cible :<\/strong> cette fonctionnalit\u00e9 r\u00e9serve de la bande passante pour des appareils et des applications sp\u00e9cifiques, garantissant une performance optimale m\u00eame avec de nombreux appareils connect\u00e9s.<\/p>\n    <\/div>\n        <div id=\"topic4\" class=\"skip-item\">\n                        <h2>Technologies additionnelles propos\u00e9es par Orbi 970<\/h2>\n                <p><img loading=\"lazy\" decoding=\"async\" class=\"wp-image-9229 aligncenter\" src=\"https:\/\/www.netgear.com\/fr\/hub\/wp-content\/uploads\/2023\/12\/common_armor_with_icons_mobile_tcm148-153078-crop-300x116-1.jpg\" alt=\"\" width=\"551\" height=\"213\" \/><br \/>\n<strong>NETGEAR Armor :<\/strong> bouclier de s\u00e9curit\u00e9 automatique et chiffr\u00e9 pour vos appareils connect\u00e9s.<\/p>\n<p><strong>Couverture WiFi \u00e0 360\u00b0 :<\/strong> antennes performantes pour une couverture exceptionnelle.<\/p>\n<p><strong>Ports Ethernet 10 Gbit\/s et 2,5 Gbit\/s :<\/strong> connexions filaires ultra-rapides et fiables.<\/p>\n<p><strong>D\u00e9bit jusqu&#8217;\u00e0 27 Gbit\/s :<\/strong> performances in\u00e9gal\u00e9es et couverture int\u00e9grale.<\/p>\n<p><strong>Backhaul d\u00e9di\u00e9 am\u00e9lior\u00e9 :<\/strong> technologie quad-band brevet\u00e9e avec le WiFi 7.<\/p>\n<p>Les syst\u00e8mes Mesh WiFi 7 Orbi S\u00e9rie 970 par NETGEAR sont aliment\u00e9s par la plateforme Qualcomm Networking Pro 1620. Le WiFi 7 est r\u00e9trocompatible avec vos anciens appareils, mais r\u00e9v\u00e8le pleinement ses atouts avec les nouveaux appareils compatibles. Cependant, les avantages complets et les vitesses maximales du WiFi 7 seront appr\u00e9ci\u00e9s au fur et \u00e0 mesure que vous mettrez \u00e0 niveau vos ordinateurs portables Windows et Apple, vos iPhones, vos smartphones, vos consoles de jeux et tous vos autres appareils connect\u00e9s.<\/p>\n<p>Avec les syst\u00e8mes Mesh WiFi 7 Orbi, vous pouvez cr\u00e9er trois r\u00e9seaux WiFi : le r\u00e9seau domestique, le r\u00e9seau invit\u00e9 et le r\u00e9seau de l&#8217;Internet des objets (IoT) de la maison intelligente. NETGEAR Orbi 970 exploite de mani\u00e8re experte les technologies WiFi 7 pour g\u00e9rer une multitude d&#8217;appareils sans sacrifier la vitesse ou la stabilit\u00e9.<br \/>\n<!-- StartAdSpot 970--><br \/>\n<a href=\"https:\/\/www.netgear.com\/fr\/home\/wifi\/mesh\/rbe973sb\/\"><img loading=\"lazy\" decoding=\"async\" class=\"aligncenter wp-image-9768\" src=\"https:\/\/www.netgear.com\/fr\/hub\/wp-content\/uploads\/2024\/06\/big-728x90-1-300x37.jpg\" alt=\"\" width=\"574\" height=\"71\" \/><\/a><br \/>\n<!-- EndAdSpot 970--><\/p>\n    <\/div>\n        <div id=\"topic5\" class=\"skip-item\">\n                        <h2>Pourquoi le WiFi 7 change la donne<\/h2>\n                <p><img loading=\"lazy\" decoding=\"async\" class=\"size-medium wp-image-9560 alignleft\" src=\"https:\/\/www.netgear.com\/fr\/hub\/wp-content\/uploads\/2024\/06\/image-1-Large-1-300x174.jpeg\" alt=\"\" width=\"300\" height=\"174\" srcset=\"https:\/\/frhub.netgear.com\/fr\/hub\/wp-content\/uploads\/2024\/06\/image-1-Large-1-300x174.jpeg 300w, https:\/\/frhub.netgear.com\/fr\/hub\/wp-content\/uploads\/2024\/06\/image-1-Large-1-1024x595.jpeg 1024w, https:\/\/frhub.netgear.com\/fr\/hub\/wp-content\/uploads\/2024\/06\/image-1-Large-1-768x446.jpeg 768w, https:\/\/frhub.netgear.com\/fr\/hub\/wp-content\/uploads\/2024\/06\/image-1-Large-1.jpeg 1280w\" sizes=\"auto, (max-width: 300px) 100vw, 300px\" \/>Le WiFi 10 Gbit\/s et la capacit\u00e9 multi-gigabit des appareils augmentent la demande. La gamme Orbi de NETGEAR supporte cette technologie pour un r\u00e9seau par\u00e9 pour l&#8217;avenir, r\u00e9pondant aux besoins croissants du gaming en haute d\u00e9finition et de la r\u00e9alit\u00e9 virtuelle.<\/p>\n<p><strong>Alimenter la maison intelligente du futur<\/strong><br \/>\nLe WiFi 7 ultra-rapide avec une latence tr\u00e8s basse est id\u00e9al pour les syst\u00e8mes Orbi 970, qui relaient le signal WiFi \u00e0 travers toute la maison. Un r\u00e9seau WiFi 7 domestique moderne peut inclure des Smart TV, des syst\u00e8mes de s\u00e9curit\u00e9, des moniteurs pour b\u00e9b\u00e9s, des portes de garage automatis\u00e9es, des enceintes connect\u00e9es, et bien d\u2019autres appareils connect\u00e9s.<\/p>\n<p><strong>Transformer les lieux de travail et les entreprises<\/strong><br \/>\nLe WiFi 7 permet de connecter le monde gr\u00e2ce \u00e0 la r\u00e9alit\u00e9 virtuelle, \u00e0 des collaborations \u00e0 distance, \u00e0 partager des t\u00e2ches aux donn\u00e9es volumineuses, \u00e0 connecter des dispositifs m\u00e9dicaux de pointe \u00e0 distance, et bien plus encore. Le fonctionnement multi-liens \u00e0 bande passante \u00e9tendue du WiFi 7 offre une exp\u00e9rience fluide dans les environnements WiFi \u00e0 haute densit\u00e9.<\/p>\n<p><strong>Se pr\u00e9parer pour le Metaverse et au-del\u00e0<\/strong><br \/>\nLes routeurs NETGEAR Orbi et Nighthawk de nouvelle g\u00e9n\u00e9ration WiFi 7 rendent le Metaverse plus accessible avec des exp\u00e9riences immersives en r\u00e9alit\u00e9 virtuelle et augment\u00e9e en temps r\u00e9el.<\/p>\n    <\/div>\n        <div id=\"topic6\" class=\"skip-item\">\n                        <h2>NETGEAR : Pionnier de l\u2019innovation WiFi<\/h2>\n                <p>NETGEAR est un leader de l&#8217;industrie WiFi avec plus de 25 ans d&#8217;exp\u00e9rience. Nous avons un engagement ind\u00e9fectible \u00e0 proposer les derni\u00e8res avanc\u00e9es WiFi aux utilisateurs, offrant tous les avantages du WiFi 7 avec nos nouveaux routeurs et nos syst\u00e8mes Mesh.<\/p>\n<p>Restez \u00e0 l&#8217;\u00e9coute de la gamme WiFi 7 de NETGEAR<br \/>\nNETGEAR s&#8217;engage \u00e0 jouer un r\u00f4le de premier plan avec la technologie WiFi 7, avec des produits comme la s\u00e9rie Orbi 970 qui red\u00e9finissent la connectivit\u00e9. Restez \u00e0 l&#8217;\u00e9coute pour plus de d\u00e9tails sur les produits NETGEAR compatibles WiFi 7.<\/p>\n<div class=\"explore-btn-area\"><a class=\"explore-btn\" href=\"https:\/\/www.netgear.com\/fr\/home\/wifi\/mesh\/orbi\/\">D\u00e9couvrez ORBI 970<\/a><\/div>\n<div class=\"explore-btn-area\"><a class=\"explore-btn\" href=\"https:\/\/www.netgear.com\/fr\/home\/discover\/wifi7\/\">D\u00e9couvrez le WiFi 7<\/a><\/div>\n    <\/div>\n    \n","protected":false},"excerpt":{"rendered":"","protected":false},"author":68,"featured_media":9741,"parent":6678,"menu_order":4,"comment_status":"closed","ping_status":"closed","template":"templates\/blog-wifi.php","meta":{"_acf_changed":false,"content-type":"","footnotes":""},"class_list":["post-9624","page","type-page","status-publish","has-post-thumbnail","hentry"],"acf":[],"yoast_head":"<!-- This site is optimized with the Yoast SEO plugin v27.5 - https:\/\/yoast.com\/product\/yoast-seo-wordpress\/ -->\n<title>D\u00e9couvrez le WiFi 7 : La Technologie WiFi la Plus Rapide<\/title>\n<meta name=\"description\" content=\"D\u00e9couvrez le WiFi 7, la technologie WiFi la plus rapide. Vivez une ultra-rapidit\u00e9, une faible latence et une bande passante \u00e9lev\u00e9e pour le gaming et plus encore.\" \/>\n<meta name=\"robots\" content=\"index, follow, max-snippet:-1, max-image-preview:large, max-video-preview:-1\" \/>\n<link rel=\"canonical\" href=\"https:\/\/frhub.netgear.com\/fr\/hub\/technology\/wifi-7-plus-rapide-au-monde\/\" \/>\n<meta property=\"og:locale\" content=\"en_US\" \/>\n<meta property=\"og:type\" content=\"article\" \/>\n<meta property=\"og:title\" content=\"D\u00e9couvrez le WiFi 7 : La Technologie WiFi la Plus Rapide\" \/>\n<meta property=\"og:description\" content=\"D\u00e9couvrez le WiFi 7, la technologie WiFi la plus rapide. Vivez une ultra-rapidit\u00e9, une faible latence et une bande passante \u00e9lev\u00e9e pour le gaming et plus encore.\" \/>\n<meta property=\"og:url\" content=\"https:\/\/frhub.netgear.com\/fr\/hub\/technology\/wifi-7-plus-rapide-au-monde\/\" \/>\n<meta property=\"og:site_name\" content=\"NETGEAR Blog\" \/>\n<meta property=\"article:publisher\" content=\"https:\/\/www.facebook.com\/NetgearAU\/\" \/>\n<meta property=\"article:modified_time\" content=\"2024-12-28T05:47:29+00:00\" \/>\n<meta property=\"og:image\" content=\"https:\/\/frhub.netgear.com\/fr\/hub\/wp-content\/uploads\/2024\/10\/gettyimages-909597698-612x612-1.jpg\" \/>\n\t<meta property=\"og:image:width\" content=\"612\" \/>\n\t<meta property=\"og:image:height\" content=\"408\" \/>\n\t<meta property=\"og:image:type\" content=\"image\/jpeg\" \/>\n<meta name=\"twitter:card\" content=\"summary_large_image\" \/>\n<meta name=\"twitter:site\" content=\"@NETGEAR\" \/>\n<script type=\"application\/ld+json\" class=\"yoast-schema-graph\">{\"@context\":\"https:\\\/\\\/schema.org\",\"@graph\":[{\"@type\":\"WebPage\",\"@id\":\"https:\\\/\\\/frhub.netgear.com\\\/fr\\\/hub\\\/technology\\\/wifi-7-plus-rapide-au-monde\\\/\",\"url\":\"https:\\\/\\\/frhub.netgear.com\\\/fr\\\/hub\\\/technology\\\/wifi-7-plus-rapide-au-monde\\\/\",\"name\":\"D\u00e9couvrez le WiFi 7 : La Technologie WiFi la Plus Rapide\",\"isPartOf\":{\"@id\":\"https:\\\/\\\/frhub.netgear.com\\\/fr\\\/hub\\\/#website\"},\"primaryImageOfPage\":{\"@id\":\"https:\\\/\\\/frhub.netgear.com\\\/fr\\\/hub\\\/technology\\\/wifi-7-plus-rapide-au-monde\\\/#primaryimage\"},\"image\":{\"@id\":\"https:\\\/\\\/frhub.netgear.com\\\/fr\\\/hub\\\/technology\\\/wifi-7-plus-rapide-au-monde\\\/#primaryimage\"},\"thumbnailUrl\":\"https:\\\/\\\/frhub.netgear.com\\\/fr\\\/hub\\\/wp-content\\\/uploads\\\/2024\\\/10\\\/gettyimages-909597698-612x612-1.jpg\",\"datePublished\":\"2024-08-02T22:28:09+00:00\",\"dateModified\":\"2024-12-28T05:47:29+00:00\",\"description\":\"D\u00e9couvrez le WiFi 7, la technologie WiFi la plus rapide. Vivez une ultra-rapidit\u00e9, une faible latence et une bande passante \u00e9lev\u00e9e pour le gaming et plus encore.\",\"breadcrumb\":{\"@id\":\"https:\\\/\\\/frhub.netgear.com\\\/fr\\\/hub\\\/technology\\\/wifi-7-plus-rapide-au-monde\\\/#breadcrumb\"},\"inLanguage\":\"en-US\",\"potentialAction\":[{\"@type\":\"ReadAction\",\"target\":[\"https:\\\/\\\/frhub.netgear.com\\\/fr\\\/hub\\\/technology\\\/wifi-7-plus-rapide-au-monde\\\/\"]}]},{\"@type\":\"ImageObject\",\"inLanguage\":\"en-US\",\"@id\":\"https:\\\/\\\/frhub.netgear.com\\\/fr\\\/hub\\\/technology\\\/wifi-7-plus-rapide-au-monde\\\/#primaryimage\",\"url\":\"https:\\\/\\\/frhub.netgear.com\\\/fr\\\/hub\\\/wp-content\\\/uploads\\\/2024\\\/10\\\/gettyimages-909597698-612x612-1.jpg\",\"contentUrl\":\"https:\\\/\\\/frhub.netgear.com\\\/fr\\\/hub\\\/wp-content\\\/uploads\\\/2024\\\/10\\\/gettyimages-909597698-612x612-1.jpg\",\"width\":612,\"height\":408},{\"@type\":\"BreadcrumbList\",\"@id\":\"https:\\\/\\\/frhub.netgear.com\\\/fr\\\/hub\\\/technology\\\/wifi-7-plus-rapide-au-monde\\\/#breadcrumb\",\"itemListElement\":[{\"@type\":\"ListItem\",\"position\":1,\"name\":\"Home\",\"item\":\"https:\\\/\\\/frhub.netgear.com\\\/fr\\\/hub\\\/\"},{\"@type\":\"ListItem\",\"position\":2,\"name\":\"Technologies\",\"item\":\"https:\\\/\\\/frhub.netgear.com\\\/fr\\\/hub\\\/technology\\\/\"},{\"@type\":\"ListItem\",\"position\":3,\"name\":\"Le WiFi du futur est d\u00e9j\u00e0 l\u00e0 ! Pr\u00e9sentation du WiFi 7, le WiFi le plus rapide au monde\"}]},{\"@type\":\"WebSite\",\"@id\":\"https:\\\/\\\/frhub.netgear.com\\\/fr\\\/hub\\\/#website\",\"url\":\"https:\\\/\\\/frhub.netgear.com\\\/fr\\\/hub\\\/\",\"name\":\"NETGEAR Hub France\",\"description\":\"Explorez les pages de notre blog et parcourez les articles pour en savoir plus sur les produits et la technologie NETGEAR.\",\"publisher\":{\"@id\":\"https:\\\/\\\/frhub.netgear.com\\\/fr\\\/hub\\\/#organization\"},\"potentialAction\":[{\"@type\":\"SearchAction\",\"target\":{\"@type\":\"EntryPoint\",\"urlTemplate\":\"https:\\\/\\\/frhub.netgear.com\\\/fr\\\/hub\\\/?s={search_term_string}\"},\"query-input\":{\"@type\":\"PropertyValueSpecification\",\"valueRequired\":true,\"valueName\":\"search_term_string\"}}],\"inLanguage\":\"en-US\"},{\"@type\":\"Organization\",\"@id\":\"https:\\\/\\\/frhub.netgear.com\\\/fr\\\/hub\\\/#organization\",\"name\":\"NETGEAR\",\"url\":\"https:\\\/\\\/frhub.netgear.com\\\/fr\\\/hub\\\/\",\"logo\":{\"@type\":\"ImageObject\",\"inLanguage\":\"en-US\",\"@id\":\"https:\\\/\\\/frhub.netgear.com\\\/fr\\\/hub\\\/#\\\/schema\\\/logo\\\/image\\\/\",\"url\":\"https:\\\/\\\/www.netgear.com\\\/fr\\\/hub\\\/wp-content\\\/uploads\\\/2019\\\/07\\\/NETGEAR_logo.jpg\",\"contentUrl\":\"https:\\\/\\\/www.netgear.com\\\/fr\\\/hub\\\/wp-content\\\/uploads\\\/2019\\\/07\\\/NETGEAR_logo.jpg\",\"width\":1500,\"height\":501,\"caption\":\"NETGEAR\"},\"image\":{\"@id\":\"https:\\\/\\\/frhub.netgear.com\\\/fr\\\/hub\\\/#\\\/schema\\\/logo\\\/image\\\/\"},\"sameAs\":[\"https:\\\/\\\/www.facebook.com\\\/NetgearAU\\\/\",\"https:\\\/\\\/x.com\\\/NETGEAR\",\"https:\\\/\\\/www.linkedin.com\\\/company\\\/netgear\"]}]}<\/script>\n<!-- \/ Yoast SEO plugin. -->","yoast_head_json":{"title":"D\u00e9couvrez le WiFi 7 : La Technologie WiFi la Plus Rapide","description":"D\u00e9couvrez le WiFi 7, la technologie WiFi la plus rapide. Vivez une ultra-rapidit\u00e9, une faible latence et une bande passante \u00e9lev\u00e9e pour le gaming et plus encore.","robots":{"index":"index","follow":"follow","max-snippet":"max-snippet:-1","max-image-preview":"max-image-preview:large","max-video-preview":"max-video-preview:-1"},"canonical":"https:\/\/frhub.netgear.com\/fr\/hub\/technology\/wifi-7-plus-rapide-au-monde\/","og_locale":"en_US","og_type":"article","og_title":"D\u00e9couvrez le WiFi 7 : La Technologie WiFi la Plus Rapide","og_description":"D\u00e9couvrez le WiFi 7, la technologie WiFi la plus rapide. Vivez une ultra-rapidit\u00e9, une faible latence et une bande passante \u00e9lev\u00e9e pour le gaming et plus encore.","og_url":"https:\/\/frhub.netgear.com\/fr\/hub\/technology\/wifi-7-plus-rapide-au-monde\/","og_site_name":"NETGEAR Blog","article_publisher":"https:\/\/www.facebook.com\/NetgearAU\/","article_modified_time":"2024-12-28T05:47:29+00:00","og_image":[{"width":612,"height":408,"url":"https:\/\/frhub.netgear.com\/fr\/hub\/wp-content\/uploads\/2024\/10\/gettyimages-909597698-612x612-1.jpg","type":"image\/jpeg"}],"twitter_card":"summary_large_image","twitter_site":"@NETGEAR","schema":{"@context":"https:\/\/schema.org","@graph":[{"@type":"WebPage","@id":"https:\/\/frhub.netgear.com\/fr\/hub\/technology\/wifi-7-plus-rapide-au-monde\/","url":"https:\/\/frhub.netgear.com\/fr\/hub\/technology\/wifi-7-plus-rapide-au-monde\/","name":"D\u00e9couvrez le WiFi 7 : La Technologie WiFi la Plus Rapide","isPartOf":{"@id":"https:\/\/frhub.netgear.com\/fr\/hub\/#website"},"primaryImageOfPage":{"@id":"https:\/\/frhub.netgear.com\/fr\/hub\/technology\/wifi-7-plus-rapide-au-monde\/#primaryimage"},"image":{"@id":"https:\/\/frhub.netgear.com\/fr\/hub\/technology\/wifi-7-plus-rapide-au-monde\/#primaryimage"},"thumbnailUrl":"https:\/\/frhub.netgear.com\/fr\/hub\/wp-content\/uploads\/2024\/10\/gettyimages-909597698-612x612-1.jpg","datePublished":"2024-08-02T22:28:09+00:00","dateModified":"2024-12-28T05:47:29+00:00","description":"D\u00e9couvrez le WiFi 7, la technologie WiFi la plus rapide. Vivez une ultra-rapidit\u00e9, une faible latence et une bande passante \u00e9lev\u00e9e pour le gaming et plus encore.","breadcrumb":{"@id":"https:\/\/frhub.netgear.com\/fr\/hub\/technology\/wifi-7-plus-rapide-au-monde\/#breadcrumb"},"inLanguage":"en-US","potentialAction":[{"@type":"ReadAction","target":["https:\/\/frhub.netgear.com\/fr\/hub\/technology\/wifi-7-plus-rapide-au-monde\/"]}]},{"@type":"ImageObject","inLanguage":"en-US","@id":"https:\/\/frhub.netgear.com\/fr\/hub\/technology\/wifi-7-plus-rapide-au-monde\/#primaryimage","url":"https:\/\/frhub.netgear.com\/fr\/hub\/wp-content\/uploads\/2024\/10\/gettyimages-909597698-612x612-1.jpg","contentUrl":"https:\/\/frhub.netgear.com\/fr\/hub\/wp-content\/uploads\/2024\/10\/gettyimages-909597698-612x612-1.jpg","width":612,"height":408},{"@type":"BreadcrumbList","@id":"https:\/\/frhub.netgear.com\/fr\/hub\/technology\/wifi-7-plus-rapide-au-monde\/#breadcrumb","itemListElement":[{"@type":"ListItem","position":1,"name":"Home","item":"https:\/\/frhub.netgear.com\/fr\/hub\/"},{"@type":"ListItem","position":2,"name":"Technologies","item":"https:\/\/frhub.netgear.com\/fr\/hub\/technology\/"},{"@type":"ListItem","position":3,"name":"Le WiFi du futur est d\u00e9j\u00e0 l\u00e0 ! Pr\u00e9sentation du WiFi 7, le WiFi le plus rapide au monde"}]},{"@type":"WebSite","@id":"https:\/\/frhub.netgear.com\/fr\/hub\/#website","url":"https:\/\/frhub.netgear.com\/fr\/hub\/","name":"NETGEAR Hub France","description":"Explorez les pages de notre blog et parcourez les articles pour en savoir plus sur les produits et la technologie NETGEAR.","publisher":{"@id":"https:\/\/frhub.netgear.com\/fr\/hub\/#organization"},"potentialAction":[{"@type":"SearchAction","target":{"@type":"EntryPoint","urlTemplate":"https:\/\/frhub.netgear.com\/fr\/hub\/?s={search_term_string}"},"query-input":{"@type":"PropertyValueSpecification","valueRequired":true,"valueName":"search_term_string"}}],"inLanguage":"en-US"},{"@type":"Organization","@id":"https:\/\/frhub.netgear.com\/fr\/hub\/#organization","name":"NETGEAR","url":"https:\/\/frhub.netgear.com\/fr\/hub\/","logo":{"@type":"ImageObject","inLanguage":"en-US","@id":"https:\/\/frhub.netgear.com\/fr\/hub\/#\/schema\/logo\/image\/","url":"https:\/\/www.netgear.com\/fr\/hub\/wp-content\/uploads\/2019\/07\/NETGEAR_logo.jpg","contentUrl":"https:\/\/www.netgear.com\/fr\/hub\/wp-content\/uploads\/2019\/07\/NETGEAR_logo.jpg","width":1500,"height":501,"caption":"NETGEAR"},"image":{"@id":"https:\/\/frhub.netgear.com\/fr\/hub\/#\/schema\/logo\/image\/"},"sameAs":["https:\/\/www.facebook.com\/NetgearAU\/","https:\/\/x.com\/NETGEAR","https:\/\/www.linkedin.com\/company\/netgear"]}]}},"_links":{"self":[{"href":"https:\/\/frhub.netgear.com\/fr\/hub\/wp-json\/wp\/v2\/pages\/9624","targetHints":{"allow":["GET"]}}],"collection":[{"href":"https:\/\/frhub.netgear.com\/fr\/hub\/wp-json\/wp\/v2\/pages"}],"about":[{"href":"https:\/\/frhub.netgear.com\/fr\/hub\/wp-json\/wp\/v2\/types\/page"}],"author":[{"embeddable":true,"href":"https:\/\/frhub.netgear.com\/fr\/hub\/wp-json\/wp\/v2\/users\/68"}],"replies":[{"embeddable":true,"href":"https:\/\/frhub.netgear.com\/fr\/hub\/wp-json\/wp\/v2\/comments?post=9624"}],"version-history":[{"count":10,"href":"https:\/\/frhub.netgear.com\/fr\/hub\/wp-json\/wp\/v2\/pages\/9624\/revisions"}],"predecessor-version":[{"id":9683,"href":"https:\/\/frhub.netgear.com\/fr\/hub\/wp-json\/wp\/v2\/pages\/9624\/revisions\/9683"}],"up":[{"embeddable":true,"href":"https:\/\/frhub.netgear.com\/fr\/hub\/wp-json\/wp\/v2\/pages\/6678"}],"wp:featuredmedia":[{"embeddable":true,"href":"https:\/\/frhub.netgear.com\/fr\/hub\/wp-json\/wp\/v2\/media\/9741"}],"wp:attachment":[{"href":"https:\/\/frhub.netgear.com\/fr\/hub\/wp-json\/wp\/v2\/media?parent=9624"}],"curies":[{"name":"wp","href":"https:\/\/api.w.org\/{rel}","templated":true}]}}