{"id":9546,"date":"2024-06-20T17:29:50","date_gmt":"2024-06-20T15:29:59","guid":{"rendered":"https:\/\/www.netgear.com\/fr\/hub\/?page_id=9546"},"modified":"2025-10-03T17:00:46","modified_gmt":"2025-10-03T15:00:46","slug":"comment-construire-des-fermes-dia-ou-de-ml-sans-se-ruiner","status":"publish","type":"page","link":"https:\/\/frhub.netgear.com\/fr\/hub\/business\/enterprise-it\/comment-construire-des-fermes-dia-ou-de-ml-sans-se-ruiner\/","title":{"rendered":"Comment construire des fermes d\u2019IA ou de ML sans se ruiner"},"content":{"rendered":"<p>Le cluster est l\u2019endroit o\u00f9 les choses peuvent devenir soit tr\u00e8s co\u00fbteuses, soit limiter les performances de l\u2019IA, ou les deux. Examinons les composants mat\u00e9riels typiques utilis\u00e9s et d\u00e9terminons o\u00f9 vous pouvez optimiser pour obtenir le meilleur rapport performance\/prix.<\/p>\n    <div class=\"table-of-content bg-gray\">\n        <p><strong>IN THIS ARTICLE<\/strong><\/p>\n        <ul>\n                        <li><a href=\"#topic1\">Serveurs IA <\/a><\/li>\n                        <li><a href=\"#topic2\">Syst\u00e8mes de stockage IA <\/a><\/li>\n                        <li><a href=\"#topic3\">Commutateurs de mat\u00e9riel r\u00e9seau IA<\/a><\/li>\n                        <li><a href=\"#topic4\">Exemples de fermes d\u2019IA et de ML<\/a><\/li>\n                        <li><a href=\"#topic5\">Plus d'informations<\/a><\/li>\n                    <\/ul>\n    <\/div>\n        <div id=\"topic1\" class=\"skip-item\">\n                        <h2>Serveurs IA <\/h2>\n                <p>Ce sont les b\u00eates de somme d\u2019une ferme de serveurs IA. Et vous en avez besoin de beaucoup. Ces serveurs ont g\u00e9n\u00e9ralement des CPU puissants et sont souvent \u00e9quip\u00e9s de GPU ou d\u2019acc\u00e9l\u00e9rateurs sp\u00e9cialis\u00e9s comme les TPU (Tensor Processing Units), con\u00e7us sp\u00e9cifiquement pour les t\u00e2ches de traitement parall\u00e8le courantes dans l\u2019apprentissage automatique et l\u2019apprentissage profond. Il n\u2019y a pas de compromis ici. La puissance de calcul brute des serveurs fera ou d\u00e9fera votre cluster IA.<\/p>\n    <\/div>\n        <div id=\"topic2\" class=\"skip-item\">\n                        <h2>Syst\u00e8mes de stockage IA <\/h2>\n                <p>Les applications IA n\u00e9cessitent souvent l\u2019acc\u00e8s \u00e0 de grands ensembles de donn\u00e9es. Les solutions de stockage dans une ferme de serveurs peuvent inclure des SSD pour un acc\u00e8s rapide, des HDD pour des donn\u00e9es plus volumineuses et moins fr\u00e9quemment acc\u00e9d\u00e9es, ainsi que du stockage en r\u00e9seau (NAS) ou des r\u00e9seaux de stockage (SAN) pour des solutions de stockage partag\u00e9es. Heureusement, ces syst\u00e8mes ont \u00e9t\u00e9 banalis\u00e9s, et il existe beaucoup de choix pour tous les budgets.<\/p>\n    <\/div>\n        <div id=\"topic3\" class=\"skip-item bg-gray-full\">\n                        <h2>Commutateurs de mat\u00e9riel r\u00e9seau IA<\/h2>\n                <p><img loading=\"lazy\" decoding=\"async\" class=\"alignright wp-image-9945 size-medium\" src=\"https:\/\/www.netgear.com\/hub\/wp-content\/uploads\/2023\/11\/m4350-series-switches-300x226.jpg\" alt=\"NETGEAR Switches\" width=\"300\" height=\"226\" \/>Les commutateurs \u00e0 large bande passante et \u00e0 faible latence sont cruciaux pour g\u00e9rer les exigences de trafic intense d\u2019une ferme de serveurs. Ils sont souvent le goulot d\u2019\u00e9tranglement de tout le transport de donn\u00e9es dans une configuration IA. Puisque vous ne pouvez pas faire de compromis sur les performances de d\u00e9bit ou la faible latence, c\u2019est un domaine o\u00f9 vous pourriez trouver que la nouvelle s\u00e9rie de commutateurs r\u00e9seau M4350 de NETGEAR de 10GbE\/100GbE est particuli\u00e8rement salvatrice.<\/p>\n<p>Ces commutateurs fonctionnent sur le silicium le plus moderne, \u00e0 faible latence et haute performance, et sont \u00e9galement con\u00e7us avec simplicit\u00e9 dans la gestion et les clients soucieux des co\u00fbts \u00e0 l\u2019esprit. Les fabricants de commutateurs de centres de donn\u00e9es d\u2019entreprise typiques ont rendu leurs produits inabordables, en faisant un mauvais pari.<\/p>\n<p>Les routeurs g\u00e8rent le trafic entre la ferme de serveurs et l\u2019Internet plus large ou d\u2019autres r\u00e9seaux. Il en va de m\u00eame ici ; ils pourraient \u00eatre le goulot d\u2019\u00e9tranglement avec le trafic vers\/depuis Internet. Cependant, des alternatives rentables sont disponibles, telles que le routeur professionnel PR60X de NETGEAR avec des performances WAN\/LAN multi-gig\/10gig.<\/p>\n<p>Les cartes d\u2019interface r\u00e9seau (NIC), \u00e9ventuellement avec un d\u00e9bit de 10GbE \/100GbE, sont essentielles pour une communication rapide entre serveurs. Elles doivent \u00eatre optimis\u00e9es pour les commutateurs que vous choisissez. L\u2019\u00e9quipe d\u2019ing\u00e9nierie de NETGEAR peut vous aider \u00e0 concevoir une configuration r\u00e9seau optimale avec ces composants.<\/p>\n<p>Le logiciel de gestion de r\u00e9seau est souvent oubli\u00e9, mais il est crucial pour g\u00e9rer les configurations de r\u00e9seau, surveiller les performances du r\u00e9seau, d\u00e9panner et assurer la s\u00e9curit\u00e9 du r\u00e9seau. NETGEAR offre un contr\u00f4leur gratuit, appel\u00e9 NETGEAR Engage, pour g\u00e9rer et surveiller un petit ou un grand nombre de commutateurs enti\u00e8rement g\u00e9r\u00e9s de NETGEAR.<\/p>\n    <\/div>\n        <div id=\"topic4\" class=\"skip-item\">\n                        <h2>Exemples de fermes d\u2019IA et de ML<\/h2>\n                <p style=\"padding-bottom: 0px\">Les commutateurs NETGEAR sont utilis\u00e9s dans des applications d\u2019IA\/ML de classe mondiale. Deux exemples :<\/p>\n<ul>\n<li>Cluster d\u2019IA\/ML pour analyser des milliers de flux de cam\u00e9ras simultan\u00e9s de voitures autonomes par une soci\u00e9t\u00e9 d\u2019analyse de donn\u00e9es tierce.<\/li>\n<li>Cluster d\u2019IA\/ML pour collecter, scanner, analyser et combiner des images de cam\u00e9ra de drone pour l\u2019arm\u00e9e d\u2019un \u00c9tat membre de l\u2019OTAN.<\/li>\n<\/ul>\n<p>Avec cet aper\u00e7u, nous esp\u00e9rons vous avoir donn\u00e9 une id\u00e9e g\u00e9n\u00e9rale des principales consid\u00e9rations dans la conception d\u2019une configuration d\u2019IA\/ML et o\u00f9 nous pouvons vous aider \u00e0 optimiser les performances et les co\u00fbts.<\/p>\n<p>Lorsque vous avez une proposition de projet pour l\u2019architecture de votre cluster, veuillez nous contacter pour discuter de la conception du r\u00e9seau. Nous concevrons votre r\u00e9seau gratuitement et garantissons son bon fonctionnement. Lisez-en plus sur notre <a href=\"\/fr\/business\/wired\/switches\/fully-managed\/m4350\/listing-filter\/10g\/25g\/40g\/50g\/100g\/\">s\u00e9rie de commutateurs M4350, adapt\u00e9e aux d\u00e9ploiements d\u2019IA et de ML<\/a>.<\/p>\n    <\/div>\n        <div id=\"topic5\" class=\"skip-item\">\n                        <h2>Plus d'informations<\/h2>\n                <p>\n<!--SOLUTIONS NETGEAR ENTERPRISE--><\/p>\n<p>Plus d\u2019informations sur nos solutions Business<\/p>\n<div class=\"hs-cta-embed hs-cta-simple-placeholder hs-cta-embed-241151168190\" style=\"max-width:100%;max-height:100%;width:310px;height:50.395835876464844px\" data-hubspot-wrapper-cta-id=\"241151168190\"><br \/>\n  <a href=\"https:\/\/cta-na2.hubspot.com\/web-interactives\/public\/v1\/track\/redirect?encryptedPayload=AVxigLLJWF%2FR9NCdRJZQ5KVHoS9cmTllDsgnRckWwZDoTJW93FYqIGm7y2jNQ4CGjjeyEntjB1Eh%2FcIvmOqeWKIuNi7jJ95TD1xOsd56OGsqZrwJYn2P4gpbjQJxBuk%2FcElRMomZ2nLAB1rUvsSFPpXbLLR0VoURWUj2oq%2BphOJeMWjoSz5dSBIDsA%3D%3D&#038;webInteractiveContentId=241151168190&#038;portalId=242128791\" target=\"_blank\" rel=\"noopener\"><br \/>\n    <img decoding=\"async\" alt=\"SOLUTIONS NETGEAR ENTERPRISE\" loading=\"lazy\" src=\"https:\/\/hubspot-no-cache-na2-prod.s3.amazonaws.com\/cta\/default\/242128791\/interactive-241151168190.png\" style=\"height: 100%;width: 100%;object-fit: fill\" \/><br \/>\n  <\/a>\n<\/div>\n<\/p>\n<p>\n<!--NETGEAR ACADEMY--><\/p>\n<p>Apprenez tout ce qu\u2019il faut savoir sur les r\u00e9seaux IP gr\u00e2ce \u00e0 notre NETGEAR ACADEMY<\/p>\n<div class=\"hs-cta-embed hs-cta-simple-placeholder hs-cta-embed-241151161035\" style=\"max-width:100%;max-height:100%;width:260px;height:50.390625px\" data-hubspot-wrapper-cta-id=\"241151161035\"><br \/>\n  <a href=\"https:\/\/cta-na2.hubspot.com\/web-interactives\/public\/v1\/track\/redirect?encryptedPayload=AVxigLJIgvHArQm4wTffTTUUJ%2F0ljCSNGcwj4PNLST8c9BdzGxqiACj%2Bz94HHc4mFPGtXF%2B%2F5wBeuQxMwTVaNhNVvj%2FrPoIwPhJXs1HyfD4geQMBkR1VuG%2BfPTfjyzB0ZZPS3Vs1DRegOuJZbqCiCvoqA4M8moDR4zNKVjZxPVGoUNOaIBrbKeHqgAhjG0PM1L1Yi66guE70DwgXJMTC7CAzvVrffriBmA%3D%3D&#038;webInteractiveContentId=241151161035&#038;portalId=242128791\" target=\"_blank\" rel=\"noopener\"><br \/>\n    <img decoding=\"async\" alt=\"NETGEAR ACADEMY\" loading=\"lazy\" src=\"https:\/\/hubspot-no-cache-na2-prod.s3.amazonaws.com\/cta\/default\/242128791\/interactive-241151161035.png\" style=\"height: 100%;width: 100%;object-fit: fill\" \/><br \/>\n  <\/a>\n<\/div>\n<\/p>\n<p><!--CONTACTEZ L'EQUIPE PRO-IT--><\/p>\n<p>Nos ing\u00e9nieurs vous accompagnent gratuitement dans la r\u00e9alisation de vos projets<\/p>\n<div class=\"hs-cta-embed hs-cta-simple-placeholder hs-cta-embed-245601455827\" style=\"max-width:100%;max-height:100%;width:287px;height:50.390625px\" data-hubspot-wrapper-cta-id=\"245601455827\"><br \/>\n  <a href=\"https:\/\/cta-na2.hubspot.com\/web-interactives\/public\/v1\/track\/redirect?encryptedPayload=AVxigLInaPY6CKjdDpPVYzjXnEGvPfbouzJx88Hc1CLeTaYRtnOO25E9XicF7pvzMQdle10f103Z%2F0L%2BbiJE2NwgOQVCpgxtwv3X4ZjoLQkEp5IHfzWjQzeN8Zq44UJQhsPMIst0b69UmgxZlIyrErVjJxyPRNNMsT41p87bUD9JAGKJ2ih7inbvBJTAWKny5YWUD0fN29FFl16U6g1urHYkE5vRzSSaFw%3D%3D&#038;webInteractiveContentId=245601455827&#038;portalId=242128791\" target=\"_blank\" rel=\"noopener\"><br \/>\n    <img decoding=\"async\" alt=\"CONTACTEZ L'EQUIPE PRO-IT\" loading=\"lazy\" src=\"https:\/\/hubspot-no-cache-na2-prod.s3.amazonaws.com\/cta\/default\/242128791\/interactive-245601455827.png\" style=\"height: 100%;width: 100%;object-fit: fill\" \/><br \/>\n  <\/a>\n<\/div>\n<\/p>\n<p><iframe loading=\"lazy\" src=\"https:\/\/405nrr.share-na2.hsforms.com\/24AR2ZDSmQqWycFqf8q5-eg\" width=\"100%\" height=\"1200px\"><\/iframe><\/p>\n    <\/div>\n    \n","protected":false},"excerpt":{"rendered":"<p>Le cluster est l\u2019endroit o\u00f9 les choses peuvent devenir soit tr\u00e8s co\u00fbteuses, soit limiter les performances de l\u2019IA, ou les deux. Examinons les composants mat\u00e9riels typiques utilis\u00e9s et d\u00e9terminons o\u00f9 vous pouvez optimiser pour obtenir le meilleur rapport performance\/prix.<\/p>\n","protected":false},"author":97,"featured_media":10371,"parent":6714,"menu_order":2,"comment_status":"closed","ping_status":"closed","template":"templates\/blog-wifi.php","meta":{"_acf_changed":false,"content-type":"","footnotes":""},"class_list":["post-9546","page","type-page","status-publish","has-post-thumbnail","hentry"],"acf":[],"yoast_head":"<!-- This site is optimized with the Yoast SEO plugin v27.4 - https:\/\/yoast.com\/product\/yoast-seo-wordpress\/ -->\n<title>Comment construire des fermes d\u2019IA ou de ML sans se ruiner - NETGEAR Blog<\/title>\n<meta name=\"description\" content=\"Apprenez \u00e0 cr\u00e9er des fermes d&#039;IA ou de ML, en vous concentrant sur des solutions de mise en r\u00e9seau qui \u00e9quilibrent performances et co\u00fbts. D\u00e9couvrez plus d\u2019informations sur NETGEAR.\" \/>\n<meta name=\"robots\" content=\"index, follow, max-snippet:-1, max-image-preview:large, max-video-preview:-1\" \/>\n<link rel=\"canonical\" href=\"https:\/\/frhub.netgear.com\/fr\/hub\/business\/enterprise-it\/comment-construire-des-fermes-dia-ou-de-ml-sans-se-ruiner\/\" \/>\n<meta property=\"og:locale\" content=\"en_US\" \/>\n<meta property=\"og:type\" content=\"article\" \/>\n<meta property=\"og:title\" content=\"Comment construire des fermes d\u2019IA ou de ML sans se ruiner - NETGEAR Blog\" \/>\n<meta property=\"og:description\" content=\"Apprenez \u00e0 cr\u00e9er des fermes d&#039;IA ou de ML, en vous concentrant sur des solutions de mise en r\u00e9seau qui \u00e9quilibrent performances et co\u00fbts. D\u00e9couvrez plus d\u2019informations sur NETGEAR.\" \/>\n<meta property=\"og:url\" content=\"https:\/\/frhub.netgear.com\/fr\/hub\/business\/enterprise-it\/comment-construire-des-fermes-dia-ou-de-ml-sans-se-ruiner\/\" \/>\n<meta property=\"og:site_name\" content=\"NETGEAR Blog\" \/>\n<meta property=\"article:publisher\" content=\"https:\/\/www.facebook.com\/NetgearAU\/\" \/>\n<meta property=\"article:modified_time\" content=\"2025-10-03T15:00:46+00:00\" \/>\n<meta property=\"og:image\" content=\"https:\/\/frhub.netgear.com\/fr\/hub\/wp-content\/uploads\/2025\/05\/Vignette-ferme-IA-383x288-1.jpg\" \/>\n\t<meta property=\"og:image:width\" content=\"383\" \/>\n\t<meta property=\"og:image:height\" content=\"288\" \/>\n\t<meta property=\"og:image:type\" content=\"image\/jpeg\" \/>\n<meta name=\"twitter:card\" content=\"summary_large_image\" \/>\n<meta name=\"twitter:site\" content=\"@NETGEAR\" \/>\n<script type=\"application\/ld+json\" class=\"yoast-schema-graph\">{\"@context\":\"https:\\\/\\\/schema.org\",\"@graph\":[{\"@type\":\"WebPage\",\"@id\":\"https:\\\/\\\/frhub.netgear.com\\\/fr\\\/hub\\\/business\\\/enterprise-it\\\/comment-construire-des-fermes-dia-ou-de-ml-sans-se-ruiner\\\/\",\"url\":\"https:\\\/\\\/frhub.netgear.com\\\/fr\\\/hub\\\/business\\\/enterprise-it\\\/comment-construire-des-fermes-dia-ou-de-ml-sans-se-ruiner\\\/\",\"name\":\"Comment construire des fermes d\u2019IA ou de ML sans se ruiner - NETGEAR Blog\",\"isPartOf\":{\"@id\":\"https:\\\/\\\/frhub.netgear.com\\\/fr\\\/hub\\\/#website\"},\"primaryImageOfPage\":{\"@id\":\"https:\\\/\\\/frhub.netgear.com\\\/fr\\\/hub\\\/business\\\/enterprise-it\\\/comment-construire-des-fermes-dia-ou-de-ml-sans-se-ruiner\\\/#primaryimage\"},\"image\":{\"@id\":\"https:\\\/\\\/frhub.netgear.com\\\/fr\\\/hub\\\/business\\\/enterprise-it\\\/comment-construire-des-fermes-dia-ou-de-ml-sans-se-ruiner\\\/#primaryimage\"},\"thumbnailUrl\":\"https:\\\/\\\/frhub.netgear.com\\\/fr\\\/hub\\\/wp-content\\\/uploads\\\/2025\\\/05\\\/Vignette-ferme-IA-383x288-1.jpg\",\"datePublished\":\"2024-06-20T15:29:59+00:00\",\"dateModified\":\"2025-10-03T15:00:46+00:00\",\"description\":\"Apprenez \u00e0 cr\u00e9er des fermes d'IA ou de ML, en vous concentrant sur des solutions de mise en r\u00e9seau qui \u00e9quilibrent performances et co\u00fbts. D\u00e9couvrez plus d\u2019informations sur NETGEAR.\",\"breadcrumb\":{\"@id\":\"https:\\\/\\\/frhub.netgear.com\\\/fr\\\/hub\\\/business\\\/enterprise-it\\\/comment-construire-des-fermes-dia-ou-de-ml-sans-se-ruiner\\\/#breadcrumb\"},\"inLanguage\":\"en-US\",\"potentialAction\":[{\"@type\":\"ReadAction\",\"target\":[\"https:\\\/\\\/frhub.netgear.com\\\/fr\\\/hub\\\/business\\\/enterprise-it\\\/comment-construire-des-fermes-dia-ou-de-ml-sans-se-ruiner\\\/\"]}]},{\"@type\":\"ImageObject\",\"inLanguage\":\"en-US\",\"@id\":\"https:\\\/\\\/frhub.netgear.com\\\/fr\\\/hub\\\/business\\\/enterprise-it\\\/comment-construire-des-fermes-dia-ou-de-ml-sans-se-ruiner\\\/#primaryimage\",\"url\":\"https:\\\/\\\/frhub.netgear.com\\\/fr\\\/hub\\\/wp-content\\\/uploads\\\/2025\\\/05\\\/Vignette-ferme-IA-383x288-1.jpg\",\"contentUrl\":\"https:\\\/\\\/frhub.netgear.com\\\/fr\\\/hub\\\/wp-content\\\/uploads\\\/2025\\\/05\\\/Vignette-ferme-IA-383x288-1.jpg\",\"width\":383,\"height\":288},{\"@type\":\"BreadcrumbList\",\"@id\":\"https:\\\/\\\/frhub.netgear.com\\\/fr\\\/hub\\\/business\\\/enterprise-it\\\/comment-construire-des-fermes-dia-ou-de-ml-sans-se-ruiner\\\/#breadcrumb\",\"itemListElement\":[{\"@type\":\"ListItem\",\"position\":1,\"name\":\"Home\",\"item\":\"https:\\\/\\\/frhub.netgear.com\\\/fr\\\/hub\\\/\"},{\"@type\":\"ListItem\",\"position\":2,\"name\":\"Entreprises\",\"item\":\"https:\\\/\\\/frhub.netgear.com\\\/fr\\\/hub\\\/business\\\/\"},{\"@type\":\"ListItem\",\"position\":3,\"name\":\"Business Networking Articles Hub\",\"item\":\"https:\\\/\\\/frhub.netgear.com\\\/fr\\\/hub\\\/business\\\/enterprise-it\\\/\"},{\"@type\":\"ListItem\",\"position\":4,\"name\":\"Comment construire des fermes d\u2019IA ou de ML sans se ruiner\"}]},{\"@type\":\"WebSite\",\"@id\":\"https:\\\/\\\/frhub.netgear.com\\\/fr\\\/hub\\\/#website\",\"url\":\"https:\\\/\\\/frhub.netgear.com\\\/fr\\\/hub\\\/\",\"name\":\"NETGEAR Hub France\",\"description\":\"Explorez les pages de notre blog et parcourez les articles pour en savoir plus sur les produits et la technologie NETGEAR.\",\"publisher\":{\"@id\":\"https:\\\/\\\/frhub.netgear.com\\\/fr\\\/hub\\\/#organization\"},\"potentialAction\":[{\"@type\":\"SearchAction\",\"target\":{\"@type\":\"EntryPoint\",\"urlTemplate\":\"https:\\\/\\\/frhub.netgear.com\\\/fr\\\/hub\\\/?s={search_term_string}\"},\"query-input\":{\"@type\":\"PropertyValueSpecification\",\"valueRequired\":true,\"valueName\":\"search_term_string\"}}],\"inLanguage\":\"en-US\"},{\"@type\":\"Organization\",\"@id\":\"https:\\\/\\\/frhub.netgear.com\\\/fr\\\/hub\\\/#organization\",\"name\":\"NETGEAR\",\"url\":\"https:\\\/\\\/frhub.netgear.com\\\/fr\\\/hub\\\/\",\"logo\":{\"@type\":\"ImageObject\",\"inLanguage\":\"en-US\",\"@id\":\"https:\\\/\\\/frhub.netgear.com\\\/fr\\\/hub\\\/#\\\/schema\\\/logo\\\/image\\\/\",\"url\":\"https:\\\/\\\/www.netgear.com\\\/fr\\\/hub\\\/wp-content\\\/uploads\\\/2019\\\/07\\\/NETGEAR_logo.jpg\",\"contentUrl\":\"https:\\\/\\\/www.netgear.com\\\/fr\\\/hub\\\/wp-content\\\/uploads\\\/2019\\\/07\\\/NETGEAR_logo.jpg\",\"width\":1500,\"height\":501,\"caption\":\"NETGEAR\"},\"image\":{\"@id\":\"https:\\\/\\\/frhub.netgear.com\\\/fr\\\/hub\\\/#\\\/schema\\\/logo\\\/image\\\/\"},\"sameAs\":[\"https:\\\/\\\/www.facebook.com\\\/NetgearAU\\\/\",\"https:\\\/\\\/x.com\\\/NETGEAR\",\"https:\\\/\\\/www.linkedin.com\\\/company\\\/netgear\"]}]}<\/script>\n<!-- \/ Yoast SEO plugin. -->","yoast_head_json":{"title":"Comment construire des fermes d\u2019IA ou de ML sans se ruiner - NETGEAR Blog","description":"Apprenez \u00e0 cr\u00e9er des fermes d'IA ou de ML, en vous concentrant sur des solutions de mise en r\u00e9seau qui \u00e9quilibrent performances et co\u00fbts. D\u00e9couvrez plus d\u2019informations sur NETGEAR.","robots":{"index":"index","follow":"follow","max-snippet":"max-snippet:-1","max-image-preview":"max-image-preview:large","max-video-preview":"max-video-preview:-1"},"canonical":"https:\/\/frhub.netgear.com\/fr\/hub\/business\/enterprise-it\/comment-construire-des-fermes-dia-ou-de-ml-sans-se-ruiner\/","og_locale":"en_US","og_type":"article","og_title":"Comment construire des fermes d\u2019IA ou de ML sans se ruiner - NETGEAR Blog","og_description":"Apprenez \u00e0 cr\u00e9er des fermes d'IA ou de ML, en vous concentrant sur des solutions de mise en r\u00e9seau qui \u00e9quilibrent performances et co\u00fbts. D\u00e9couvrez plus d\u2019informations sur NETGEAR.","og_url":"https:\/\/frhub.netgear.com\/fr\/hub\/business\/enterprise-it\/comment-construire-des-fermes-dia-ou-de-ml-sans-se-ruiner\/","og_site_name":"NETGEAR Blog","article_publisher":"https:\/\/www.facebook.com\/NetgearAU\/","article_modified_time":"2025-10-03T15:00:46+00:00","og_image":[{"width":383,"height":288,"url":"https:\/\/frhub.netgear.com\/fr\/hub\/wp-content\/uploads\/2025\/05\/Vignette-ferme-IA-383x288-1.jpg","type":"image\/jpeg"}],"twitter_card":"summary_large_image","twitter_site":"@NETGEAR","schema":{"@context":"https:\/\/schema.org","@graph":[{"@type":"WebPage","@id":"https:\/\/frhub.netgear.com\/fr\/hub\/business\/enterprise-it\/comment-construire-des-fermes-dia-ou-de-ml-sans-se-ruiner\/","url":"https:\/\/frhub.netgear.com\/fr\/hub\/business\/enterprise-it\/comment-construire-des-fermes-dia-ou-de-ml-sans-se-ruiner\/","name":"Comment construire des fermes d\u2019IA ou de ML sans se ruiner - NETGEAR Blog","isPartOf":{"@id":"https:\/\/frhub.netgear.com\/fr\/hub\/#website"},"primaryImageOfPage":{"@id":"https:\/\/frhub.netgear.com\/fr\/hub\/business\/enterprise-it\/comment-construire-des-fermes-dia-ou-de-ml-sans-se-ruiner\/#primaryimage"},"image":{"@id":"https:\/\/frhub.netgear.com\/fr\/hub\/business\/enterprise-it\/comment-construire-des-fermes-dia-ou-de-ml-sans-se-ruiner\/#primaryimage"},"thumbnailUrl":"https:\/\/frhub.netgear.com\/fr\/hub\/wp-content\/uploads\/2025\/05\/Vignette-ferme-IA-383x288-1.jpg","datePublished":"2024-06-20T15:29:59+00:00","dateModified":"2025-10-03T15:00:46+00:00","description":"Apprenez \u00e0 cr\u00e9er des fermes d'IA ou de ML, en vous concentrant sur des solutions de mise en r\u00e9seau qui \u00e9quilibrent performances et co\u00fbts. D\u00e9couvrez plus d\u2019informations sur NETGEAR.","breadcrumb":{"@id":"https:\/\/frhub.netgear.com\/fr\/hub\/business\/enterprise-it\/comment-construire-des-fermes-dia-ou-de-ml-sans-se-ruiner\/#breadcrumb"},"inLanguage":"en-US","potentialAction":[{"@type":"ReadAction","target":["https:\/\/frhub.netgear.com\/fr\/hub\/business\/enterprise-it\/comment-construire-des-fermes-dia-ou-de-ml-sans-se-ruiner\/"]}]},{"@type":"ImageObject","inLanguage":"en-US","@id":"https:\/\/frhub.netgear.com\/fr\/hub\/business\/enterprise-it\/comment-construire-des-fermes-dia-ou-de-ml-sans-se-ruiner\/#primaryimage","url":"https:\/\/frhub.netgear.com\/fr\/hub\/wp-content\/uploads\/2025\/05\/Vignette-ferme-IA-383x288-1.jpg","contentUrl":"https:\/\/frhub.netgear.com\/fr\/hub\/wp-content\/uploads\/2025\/05\/Vignette-ferme-IA-383x288-1.jpg","width":383,"height":288},{"@type":"BreadcrumbList","@id":"https:\/\/frhub.netgear.com\/fr\/hub\/business\/enterprise-it\/comment-construire-des-fermes-dia-ou-de-ml-sans-se-ruiner\/#breadcrumb","itemListElement":[{"@type":"ListItem","position":1,"name":"Home","item":"https:\/\/frhub.netgear.com\/fr\/hub\/"},{"@type":"ListItem","position":2,"name":"Entreprises","item":"https:\/\/frhub.netgear.com\/fr\/hub\/business\/"},{"@type":"ListItem","position":3,"name":"Business Networking Articles Hub","item":"https:\/\/frhub.netgear.com\/fr\/hub\/business\/enterprise-it\/"},{"@type":"ListItem","position":4,"name":"Comment construire des fermes d\u2019IA ou de ML sans se ruiner"}]},{"@type":"WebSite","@id":"https:\/\/frhub.netgear.com\/fr\/hub\/#website","url":"https:\/\/frhub.netgear.com\/fr\/hub\/","name":"NETGEAR Hub France","description":"Explorez les pages de notre blog et parcourez les articles pour en savoir plus sur les produits et la technologie NETGEAR.","publisher":{"@id":"https:\/\/frhub.netgear.com\/fr\/hub\/#organization"},"potentialAction":[{"@type":"SearchAction","target":{"@type":"EntryPoint","urlTemplate":"https:\/\/frhub.netgear.com\/fr\/hub\/?s={search_term_string}"},"query-input":{"@type":"PropertyValueSpecification","valueRequired":true,"valueName":"search_term_string"}}],"inLanguage":"en-US"},{"@type":"Organization","@id":"https:\/\/frhub.netgear.com\/fr\/hub\/#organization","name":"NETGEAR","url":"https:\/\/frhub.netgear.com\/fr\/hub\/","logo":{"@type":"ImageObject","inLanguage":"en-US","@id":"https:\/\/frhub.netgear.com\/fr\/hub\/#\/schema\/logo\/image\/","url":"https:\/\/www.netgear.com\/fr\/hub\/wp-content\/uploads\/2019\/07\/NETGEAR_logo.jpg","contentUrl":"https:\/\/www.netgear.com\/fr\/hub\/wp-content\/uploads\/2019\/07\/NETGEAR_logo.jpg","width":1500,"height":501,"caption":"NETGEAR"},"image":{"@id":"https:\/\/frhub.netgear.com\/fr\/hub\/#\/schema\/logo\/image\/"},"sameAs":["https:\/\/www.facebook.com\/NetgearAU\/","https:\/\/x.com\/NETGEAR","https:\/\/www.linkedin.com\/company\/netgear"]}]}},"_links":{"self":[{"href":"https:\/\/frhub.netgear.com\/fr\/hub\/wp-json\/wp\/v2\/pages\/9546","targetHints":{"allow":["GET"]}}],"collection":[{"href":"https:\/\/frhub.netgear.com\/fr\/hub\/wp-json\/wp\/v2\/pages"}],"about":[{"href":"https:\/\/frhub.netgear.com\/fr\/hub\/wp-json\/wp\/v2\/types\/page"}],"author":[{"embeddable":true,"href":"https:\/\/frhub.netgear.com\/fr\/hub\/wp-json\/wp\/v2\/users\/97"}],"replies":[{"embeddable":true,"href":"https:\/\/frhub.netgear.com\/fr\/hub\/wp-json\/wp\/v2\/comments?post=9546"}],"version-history":[{"count":8,"href":"https:\/\/frhub.netgear.com\/fr\/hub\/wp-json\/wp\/v2\/pages\/9546\/revisions"}],"predecessor-version":[{"id":11092,"href":"https:\/\/frhub.netgear.com\/fr\/hub\/wp-json\/wp\/v2\/pages\/9546\/revisions\/11092"}],"up":[{"embeddable":true,"href":"https:\/\/frhub.netgear.com\/fr\/hub\/wp-json\/wp\/v2\/pages\/6714"}],"wp:featuredmedia":[{"embeddable":true,"href":"https:\/\/frhub.netgear.com\/fr\/hub\/wp-json\/wp\/v2\/media\/10371"}],"wp:attachment":[{"href":"https:\/\/frhub.netgear.com\/fr\/hub\/wp-json\/wp\/v2\/media?parent=9546"}],"curies":[{"name":"wp","href":"https:\/\/api.w.org\/{rel}","templated":true}]}}