{"id":9504,"date":"2024-06-12T17:45:09","date_gmt":"2024-06-12T15:45:34","guid":{"rendered":"https:\/\/www.netgear.com\/fr\/hub\/?page_id=9504"},"modified":"2025-09-08T15:35:56","modified_gmt":"2025-09-08T13:35:56","slug":"mise-en-place-dun-reseau-wifi-de-qualite-dans-une-grande-enseigne-francaise","status":"publish","type":"page","link":"https:\/\/frhub.netgear.com\/fr\/hub\/business\/case-studies\/it-case-studies\/mise-en-place-dun-reseau-wifi-de-qualite-dans-une-grande-enseigne-francaise\/","title":{"rendered":"R\u00e9seau WiFi de qualit\u00e9 dans une grande enseigne fran\u00e7aise"},"content":{"rendered":"<p>L\u2019installation a eu lieu en mai 2022 et s\u2019est d\u00e9roul\u00e9e sans difficult\u00e9s, ne prenant qu\u2019une journ\u00e9e, avec un ing\u00e9nieur de Web\u2019in form\u00e9 par NETGEAR utilisant Insight Pro pour configurer le r\u00e9seau.     <div class=\"table-of-content bg-gray\">\n        <p><strong>IN THIS ARTICLE<\/strong><\/p>\n        <ul>\n                        <li><a href=\"#topic2\">R\u00e9sum\u00e9<\/a><\/li>\n                        <li><a href=\"#topic3\">Contexte <\/a><\/li>\n                        <li><a href=\"#topic4\">Conseils d'experts <\/a><\/li>\n                        <li><a href=\"#topic5\">Conclusion<\/a><\/li>\n                    <\/ul>\n    <\/div>\n        <div id=\"topic1\" class=\"skip-item\">\n                            <\/div>\n        <div id=\"topic2\" class=\"skip-item\">\n                        <h2>R\u00e9sum\u00e9<\/h2>\n                <p>&nbsp;<\/p>\n<div style=\"background-color: #eeeeee;padding: 20px;width: 33%;float: right\">\n<p><strong>Soci\u00e9t\u00e9 : <\/strong><br \/>\nCuisine Schmidt<\/p>\n<p><strong>Service :<\/strong><br \/>\nFabrication de cuisines<\/p>\n<p><strong>Site Web :<\/strong><br \/>\n<a href=\"https:\/\/www.home-design.schmidt\/fr-fr\">home-design.schmidt<\/a><\/p>\n<p><strong>Emplacement :<\/strong><br \/>\nLi\u00e8pvre, France<\/p>\n<p><button style=\"font-size: 18px\"><a href=\"https:\/\/image.e.netgear.com\/lib\/fe5e15707c6d04757015\/m\/1\/8a1223dd-eceb-4f9d-8bcf-b5c467424d16.pdf\"><strong>T\u00e9l\u00e9chargez cette \u00e9tude de cas<\/strong><\/a><\/button><\/p>\n<\/div>\n<p><em>Les conseillers en magasin de l&#8217;entreprise fran\u00e7aise Cuisine Schmidt utilisent des tablettes informatiques pour permettre \u00e0 leurs clients d\u2019explorer leurs projets de cuisine. Ce niveau d&#8217;interactivit\u00e9 n\u00e9cessite une bande passante \u00e9lev\u00e9e et un WiFi performant. Cuisine Schmidt a donc souhait\u00e9 investir dans une technologie de r\u00e9seau sans fil performante. L&#8217;entreprise cherchait \u00e9galement \u00e0 offrir aux visiteurs du magasin une connectivit\u00e9 WiFi de qualit\u00e9.<\/em><\/p>\n<p>Pour atteindre ces objectifs, Cuisine Schmidt a mis \u00e0 niveau son r\u00e9seau WiFi en s\u2019\u00e9quipant de points d\u2019acc\u00e8s NETGEAR Business WiFi 6, comprenant une gestion cloud \u00e0 distance, fournie par le partenaire commercial NETGEAR Business, Web\u2019in Informatique. Ainsi, que ce soit pour choisir la cuisine de leurs r\u00eaves ou simplement v\u00e9rifier leurs messages et leurs r\u00e9seaux sociaux, les clients peuvent d\u00e9sormais profiter d&#8217;une exp\u00e9rience num\u00e9rique en magasin convaincante.<\/p>\n    <\/div>\n        <div id=\"topic3\" class=\"skip-item\">\n                        <h2>Contexte <\/h2>\n                <p>Visiter un magasin vendant des cuisines et des meubles haut de gamme est bien plus qu&#8217;une simple visite dans n&#8217;importe quel magasin. Lorsque les gens investissent dans leur environnement int\u00e9rieur, ils veulent prendre leur temps pour faire le bon choix. Par cons\u00e9quent, la connectivit\u00e9 du magasin, le confort et l\u2019accueil sont des \u00e9l\u00e9ments essentiels de l&#8217;exp\u00e9rience client. Ils veulent \u00e9galement avoir des discussions d\u00e9taill\u00e9es avec les conseillers client\u00e8le et voir comment, par exemple, une nouvelle cuisine pourrait appara\u00eetre dans leur maison.<\/p>\n<p>C&#8217;est pourquoi Cuisine Schmidt, l&#8217;une des entreprises leaders sur le march\u00e9 de la cuisine, a d\u00e9cid\u00e9 de passer \u00e0 un r\u00e9seau WiFi plus rapide et plus fiable pour ses magasins de Hagenau et Vendenheim. Bien que les syst\u00e8mes existants fonctionnent toujours, Cuisine Schmidt voulait une meilleure performance, surtout pour les employ\u00e9s qui, via leurs tablettes informatiques, pr\u00e9sentent des agencements de pi\u00e8ces aux clients pour les aider \u00e0 visualiser comment les produits appara\u00eetront une fois install\u00e9s.<\/p>\n<div style=\"background-color: #ffffff;padding: 20px;width: 33%;float: left\"><img loading=\"lazy\" decoding=\"async\" class=\"alignnone wp-image-11166\" src=\"https:\/\/www.netgear.com\/fr\/hub\/wp-content\/uploads\/2024\/06\/CMS_Banner-WAX610_wShadow_Right_5Jun20-1024x1536.jpg\" alt=\"\" width=\"1024\" height=\"1536\" \/><br \/>\n&lt;\/div style&gt; De plus, \u00e9tant donn\u00e9 le temps qu&#8217;un client pourrait passer dans un magasin Cuisine Schmidt, il est \u00e9galement important de fournir un WiFi pour les invit\u00e9s de qualit\u00e9 dans le cadre de l&#8217;exp\u00e9rience client globale. Enfin, l&#8217;am\u00e9lioration du r\u00e9seau permettrait de b\u00e9n\u00e9ficier \u00e0 l\u2019ensemble des salari\u00e9s qui se connectent \u00e0 Internet.<\/div>\n    <\/div>\n        <div id=\"topic4\" class=\"skip-item\">\n                        <h2>Conseils d'experts <\/h2>\n                <p>Ainsi, Cuisine Schmidt a recherch\u00e9 des conseils aupr\u00e8s de Web\u2019in Informatique, un fournisseur de services informatiques bas\u00e9 \u00e0 Soultz-sous-For\u00eats. La soci\u00e9t\u00e9 b\u00e9n\u00e9ficie de plus de 20 ans d&#8217;exp\u00e9rience et est partenaire commercial de NETGEAR Business depuis plusieurs ann\u00e9es.<\/p>\n<p>Pour les magasins de Cuisine Schmidt, Web\u2019in a recommand\u00e9 un nouveau r\u00e9seau bas\u00e9 sur l&#8217;\u00e9quipement NETGEAR Business, comprenant un switch PoE GS728TP, ainsi que quatre points d&#8217;acc\u00e8s sans fil (aliment\u00e9s par PoE) WAX610 \u00e0 Hagenau et cinq \u00e0 Vendenheim. Ces derniers sont bas\u00e9s sur la norme WiFi 6, offrant ainsi une vitesse beaucoup plus rapide, une bande passante plus grande et la capacit\u00e9 de connecter simultan\u00e9ment plus d&#8217;appareils et d&#8217;utilisateurs que les normes WiFi pr\u00e9c\u00e9dentes. L&#8217;alimentation par Ethernet (PoE) constitue un avantage pr\u00e9cieux, combinant alimentation et donn\u00e9es dans un seul c\u00e2ble Ethernet, ce qui signifie que des alimentations suppl\u00e9mentaires et des c\u00e2bles ne sont pas n\u00e9cessaires pour les points d&#8217;acc\u00e8s.<\/p>\n<p>De plus, la solution comprend NETGEAR Insight Pro. Cette solution de gestion de r\u00e9seau bas\u00e9e sur le cloud est utilis\u00e9e pour configurer et surveiller \u00e0 distance le r\u00e9seau, permettant ainsi le d\u00e9pannage et m\u00eame la reconfiguration. Ainsi, cela permet une gestion \u00e0 distance, facilite la configuration et \u00e9vite certains d\u00e9placements.<\/p>\n    <\/div>\n        <div id=\"topic5\" class=\"skip-item\">\n                        <h2>Conclusion<\/h2>\n                <p>L&#8217;installation a eu lieu en mai 2022 et s&#8217;est d\u00e9roul\u00e9e sans difficult\u00e9s, ne prenant qu&#8217;une journ\u00e9e, avec un ing\u00e9nieur de Web\u2019in form\u00e9 par NETGEAR utilisant Insight Pro pour configurer le r\u00e9seau sans avoir besoin de contacter le support de NETGEAR.<\/p>\n<p>Ainsi, les magasins de Cuisine Schmidt ont imm\u00e9diatement b\u00e9n\u00e9fici\u00e9 d&#8217;une connectivit\u00e9 plus rapide et de meilleure qualit\u00e9, avec l&#8217;assurance que le r\u00e9seau est surveill\u00e9 et g\u00e9r\u00e9 \u00e0 distance par Web\u2019in. D&#8217;autres magasins de Cuisine Schmidt devraient b\u00e9n\u00e9ficier de ce type d\u2019installation \u00e0 l&#8217;avenir. En attendant, toute personne visitant ces magasins peut s&#8217;attendre \u00e0 un excellent r\u00e9seau WiFi.<\/p>\n    <\/div>\n        <div id=\"topic6\" class=\"skip-item\">\n                        <div style=\"background-color: #eeeeee;padding: 20px;width: 100%\">\n<p><strong> En savoir plus sur le NETGEAR Total Network Solutions<\/strong><br \/>\n<button style=\"font-size: 18px\"><a href=\"https:\/\/www.netgear.com\/fr\/business\/solutions\/total-network-solution\/\"><strong>Plus d&#8217;informations<\/strong><\/a><\/button><\/p>\n<\/div>\n<p data-start=\"67\" data-end=\"117\">Plus d&#8217;informations sur nos solutions Business.<\/p>\n<p><a style=\"background-color: #2b3749;border: 0px none #000000;border-radius: 50px;color: #ffffff;font-size: 16px;font-family: Inter,sans-serif;font-style: normal;font-weight: 500;text-decoration: none;width: 100%;padding: 16px 24px 16px 24px\" href=\"https:\/\/www.netgear.com\/fr\/business\/\" target=\"_blank\" rel=\"noopener\">SOLUTIONS NETGEAR BUSINESS<\/a><\/p>\n<p data-start=\"122\" data-end=\"210\">Apprenez tout ce qu\u2019il faut savoir sur les r\u00e9seaux IP gr\u00e2ce \u00e0 notre NETGEAR ACADEMY.<\/p>\n<p><a style=\"background-color: #2b3749;border: 0px none #000000;border-radius: 50px;color: #ffffff;font-size: 16px;font-family: Inter,sans-serif;font-style: normal;font-weight: 500;text-decoration: none;width: 100%;padding: 16px 24px 16px 24px\" href=\"https:\/\/academy.netgear.com\/course\/index.php?categoryid=2&amp;hsCtaAttrib=211825855224\" target=\"_blank\" rel=\"noopener\">NETGEAR ACADEMY<\/a><\/p>\n<p data-start=\"215\" data-end=\"296\">Nos ing\u00e9nieurs vous accompagnent gratuitement dans la r\u00e9alisation de vos projets.<\/p>\n<p><a style=\"background-color: #2b3749;border: 0px none #000000;border-radius: 50px;color: #ffffff;font-size: 16px;font-family: Inter,sans-serif;font-style: normal;font-weight: 500;text-decoration: none;width: 100%;padding: 16px 24px 16px 24px\" href=\"https:\/\/www.netgear.com\/fr\/business\/av\/services\/prowifi-designsupport\/?hsCtaAttrib=211833679597\" target=\"_blank\" rel=\"noopener\">CONTACTEZ L&#8217;EQUIPE PRO-IT DESIGN <\/a><\/p>\n<p><iframe loading=\"lazy\" src=\"https:\/\/405nrr.share-na2.hsforms.com\/24AR2ZDSmQqWycFqf8q5-eg\" width=\"100%\" height=\"1200px\"><\/iframe><\/p>\n    <\/div>\n    <\/p>\n","protected":false},"excerpt":{"rendered":"<p>L\u2019installation a eu lieu en mai 2022 et s\u2019est d\u00e9roul\u00e9e sans difficult\u00e9s, ne prenant qu\u2019une journ\u00e9e, avec un ing\u00e9nieur de Web\u2019in form\u00e9 par NETGEAR utilisant Insight Pro pour configurer le r\u00e9seau.<\/p>\n","protected":false},"author":97,"featured_media":10819,"parent":10491,"menu_order":0,"comment_status":"closed","ping_status":"closed","template":"templates\/blog-wifi.php","meta":{"_acf_changed":false,"content-type":"","footnotes":""},"class_list":["post-9504","page","type-page","status-publish","has-post-thumbnail","hentry"],"acf":[],"yoast_head":"<!-- This site is optimized with the Yoast SEO plugin v27.5 - https:\/\/yoast.com\/product\/yoast-seo-wordpress\/ -->\n<title>R\u00e9seau WiFi de qualit\u00e9 dans une grande enseigne fran\u00e7aise - NETGEAR Blog<\/title>\n<meta name=\"robots\" content=\"index, follow, max-snippet:-1, max-image-preview:large, max-video-preview:-1\" \/>\n<link rel=\"canonical\" href=\"https:\/\/frhub.netgear.com\/fr\/hub\/business\/case-studies\/it-case-studies\/mise-en-place-dun-reseau-wifi-de-qualite-dans-une-grande-enseigne-francaise\/\" \/>\n<meta property=\"og:locale\" content=\"en_US\" \/>\n<meta property=\"og:type\" content=\"article\" \/>\n<meta property=\"og:title\" content=\"R\u00e9seau WiFi de qualit\u00e9 dans une grande enseigne fran\u00e7aise - NETGEAR Blog\" \/>\n<meta property=\"og:description\" content=\"L\u2019installation a eu lieu en mai 2022 et s\u2019est d\u00e9roul\u00e9e sans difficult\u00e9s, ne prenant qu\u2019une journ\u00e9e, avec un ing\u00e9nieur de Web\u2019in form\u00e9 par NETGEAR utilisant Insight Pro pour configurer le r\u00e9seau.\" \/>\n<meta property=\"og:url\" content=\"https:\/\/frhub.netgear.com\/fr\/hub\/business\/case-studies\/it-case-studies\/mise-en-place-dun-reseau-wifi-de-qualite-dans-une-grande-enseigne-francaise\/\" \/>\n<meta property=\"og:site_name\" content=\"NETGEAR Blog\" \/>\n<meta property=\"article:publisher\" content=\"https:\/\/www.facebook.com\/NetgearAU\/\" \/>\n<meta property=\"article:modified_time\" content=\"2025-09-08T13:35:56+00:00\" \/>\n<meta property=\"og:image\" content=\"https:\/\/frhub.netgear.com\/fr\/hub\/wp-content\/uploads\/2025\/09\/Vignette-smidth-v3.jpg\" \/>\n\t<meta property=\"og:image:width\" content=\"383\" \/>\n\t<meta property=\"og:image:height\" content=\"288\" \/>\n\t<meta property=\"og:image:type\" content=\"image\/jpeg\" \/>\n<meta name=\"twitter:card\" content=\"summary_large_image\" \/>\n<meta name=\"twitter:site\" content=\"@NETGEAR\" \/>\n<script type=\"application\/ld+json\" class=\"yoast-schema-graph\">{\"@context\":\"https:\\\/\\\/schema.org\",\"@graph\":[{\"@type\":\"WebPage\",\"@id\":\"https:\\\/\\\/frhub.netgear.com\\\/fr\\\/hub\\\/business\\\/case-studies\\\/it-case-studies\\\/mise-en-place-dun-reseau-wifi-de-qualite-dans-une-grande-enseigne-francaise\\\/\",\"url\":\"https:\\\/\\\/frhub.netgear.com\\\/fr\\\/hub\\\/business\\\/case-studies\\\/it-case-studies\\\/mise-en-place-dun-reseau-wifi-de-qualite-dans-une-grande-enseigne-francaise\\\/\",\"name\":\"R\u00e9seau WiFi de qualit\u00e9 dans une grande enseigne fran\u00e7aise - NETGEAR Blog\",\"isPartOf\":{\"@id\":\"https:\\\/\\\/frhub.netgear.com\\\/fr\\\/hub\\\/#website\"},\"primaryImageOfPage\":{\"@id\":\"https:\\\/\\\/frhub.netgear.com\\\/fr\\\/hub\\\/business\\\/case-studies\\\/it-case-studies\\\/mise-en-place-dun-reseau-wifi-de-qualite-dans-une-grande-enseigne-francaise\\\/#primaryimage\"},\"image\":{\"@id\":\"https:\\\/\\\/frhub.netgear.com\\\/fr\\\/hub\\\/business\\\/case-studies\\\/it-case-studies\\\/mise-en-place-dun-reseau-wifi-de-qualite-dans-une-grande-enseigne-francaise\\\/#primaryimage\"},\"thumbnailUrl\":\"https:\\\/\\\/frhub.netgear.com\\\/fr\\\/hub\\\/wp-content\\\/uploads\\\/2025\\\/09\\\/Vignette-smidth-v3.jpg\",\"datePublished\":\"2024-06-12T15:45:34+00:00\",\"dateModified\":\"2025-09-08T13:35:56+00:00\",\"breadcrumb\":{\"@id\":\"https:\\\/\\\/frhub.netgear.com\\\/fr\\\/hub\\\/business\\\/case-studies\\\/it-case-studies\\\/mise-en-place-dun-reseau-wifi-de-qualite-dans-une-grande-enseigne-francaise\\\/#breadcrumb\"},\"inLanguage\":\"en-US\",\"potentialAction\":[{\"@type\":\"ReadAction\",\"target\":[\"https:\\\/\\\/frhub.netgear.com\\\/fr\\\/hub\\\/business\\\/case-studies\\\/it-case-studies\\\/mise-en-place-dun-reseau-wifi-de-qualite-dans-une-grande-enseigne-francaise\\\/\"]}]},{\"@type\":\"ImageObject\",\"inLanguage\":\"en-US\",\"@id\":\"https:\\\/\\\/frhub.netgear.com\\\/fr\\\/hub\\\/business\\\/case-studies\\\/it-case-studies\\\/mise-en-place-dun-reseau-wifi-de-qualite-dans-une-grande-enseigne-francaise\\\/#primaryimage\",\"url\":\"https:\\\/\\\/frhub.netgear.com\\\/fr\\\/hub\\\/wp-content\\\/uploads\\\/2025\\\/09\\\/Vignette-smidth-v3.jpg\",\"contentUrl\":\"https:\\\/\\\/frhub.netgear.com\\\/fr\\\/hub\\\/wp-content\\\/uploads\\\/2025\\\/09\\\/Vignette-smidth-v3.jpg\",\"width\":383,\"height\":288},{\"@type\":\"BreadcrumbList\",\"@id\":\"https:\\\/\\\/frhub.netgear.com\\\/fr\\\/hub\\\/business\\\/case-studies\\\/it-case-studies\\\/mise-en-place-dun-reseau-wifi-de-qualite-dans-une-grande-enseigne-francaise\\\/#breadcrumb\",\"itemListElement\":[{\"@type\":\"ListItem\",\"position\":1,\"name\":\"Home\",\"item\":\"https:\\\/\\\/frhub.netgear.com\\\/fr\\\/hub\\\/\"},{\"@type\":\"ListItem\",\"position\":2,\"name\":\"Entreprises\",\"item\":\"https:\\\/\\\/frhub.netgear.com\\\/fr\\\/hub\\\/business\\\/\"},{\"@type\":\"ListItem\",\"position\":3,\"name\":\"All Case Studies &#8211; FR\",\"item\":\"https:\\\/\\\/frhub.netgear.com\\\/fr\\\/hub\\\/business\\\/case-studies\\\/\"},{\"@type\":\"ListItem\",\"position\":4,\"name\":\"Case Studies &#8211; IT &#8211; FR\",\"item\":\"https:\\\/\\\/frhub.netgear.com\\\/fr\\\/hub\\\/business\\\/case-studies\\\/it-case-studies\\\/\"},{\"@type\":\"ListItem\",\"position\":5,\"name\":\"R\u00e9seau WiFi de qualit\u00e9 dans une grande enseigne fran\u00e7aise\"}]},{\"@type\":\"WebSite\",\"@id\":\"https:\\\/\\\/frhub.netgear.com\\\/fr\\\/hub\\\/#website\",\"url\":\"https:\\\/\\\/frhub.netgear.com\\\/fr\\\/hub\\\/\",\"name\":\"NETGEAR Hub France\",\"description\":\"Explorez les pages de notre blog et parcourez les articles pour en savoir plus sur les produits et la technologie NETGEAR.\",\"publisher\":{\"@id\":\"https:\\\/\\\/frhub.netgear.com\\\/fr\\\/hub\\\/#organization\"},\"potentialAction\":[{\"@type\":\"SearchAction\",\"target\":{\"@type\":\"EntryPoint\",\"urlTemplate\":\"https:\\\/\\\/frhub.netgear.com\\\/fr\\\/hub\\\/?s={search_term_string}\"},\"query-input\":{\"@type\":\"PropertyValueSpecification\",\"valueRequired\":true,\"valueName\":\"search_term_string\"}}],\"inLanguage\":\"en-US\"},{\"@type\":\"Organization\",\"@id\":\"https:\\\/\\\/frhub.netgear.com\\\/fr\\\/hub\\\/#organization\",\"name\":\"NETGEAR\",\"url\":\"https:\\\/\\\/frhub.netgear.com\\\/fr\\\/hub\\\/\",\"logo\":{\"@type\":\"ImageObject\",\"inLanguage\":\"en-US\",\"@id\":\"https:\\\/\\\/frhub.netgear.com\\\/fr\\\/hub\\\/#\\\/schema\\\/logo\\\/image\\\/\",\"url\":\"https:\\\/\\\/www.netgear.com\\\/fr\\\/hub\\\/wp-content\\\/uploads\\\/2019\\\/07\\\/NETGEAR_logo.jpg\",\"contentUrl\":\"https:\\\/\\\/www.netgear.com\\\/fr\\\/hub\\\/wp-content\\\/uploads\\\/2019\\\/07\\\/NETGEAR_logo.jpg\",\"width\":1500,\"height\":501,\"caption\":\"NETGEAR\"},\"image\":{\"@id\":\"https:\\\/\\\/frhub.netgear.com\\\/fr\\\/hub\\\/#\\\/schema\\\/logo\\\/image\\\/\"},\"sameAs\":[\"https:\\\/\\\/www.facebook.com\\\/NetgearAU\\\/\",\"https:\\\/\\\/x.com\\\/NETGEAR\",\"https:\\\/\\\/www.linkedin.com\\\/company\\\/netgear\"]}]}<\/script>\n<!-- \/ Yoast SEO plugin. -->","yoast_head_json":{"title":"R\u00e9seau WiFi de qualit\u00e9 dans une grande enseigne fran\u00e7aise - NETGEAR Blog","robots":{"index":"index","follow":"follow","max-snippet":"max-snippet:-1","max-image-preview":"max-image-preview:large","max-video-preview":"max-video-preview:-1"},"canonical":"https:\/\/frhub.netgear.com\/fr\/hub\/business\/case-studies\/it-case-studies\/mise-en-place-dun-reseau-wifi-de-qualite-dans-une-grande-enseigne-francaise\/","og_locale":"en_US","og_type":"article","og_title":"R\u00e9seau WiFi de qualit\u00e9 dans une grande enseigne fran\u00e7aise - NETGEAR Blog","og_description":"L\u2019installation a eu lieu en mai 2022 et s\u2019est d\u00e9roul\u00e9e sans difficult\u00e9s, ne prenant qu\u2019une journ\u00e9e, avec un ing\u00e9nieur de Web\u2019in form\u00e9 par NETGEAR utilisant Insight Pro pour configurer le r\u00e9seau.","og_url":"https:\/\/frhub.netgear.com\/fr\/hub\/business\/case-studies\/it-case-studies\/mise-en-place-dun-reseau-wifi-de-qualite-dans-une-grande-enseigne-francaise\/","og_site_name":"NETGEAR Blog","article_publisher":"https:\/\/www.facebook.com\/NetgearAU\/","article_modified_time":"2025-09-08T13:35:56+00:00","og_image":[{"width":383,"height":288,"url":"https:\/\/frhub.netgear.com\/fr\/hub\/wp-content\/uploads\/2025\/09\/Vignette-smidth-v3.jpg","type":"image\/jpeg"}],"twitter_card":"summary_large_image","twitter_site":"@NETGEAR","schema":{"@context":"https:\/\/schema.org","@graph":[{"@type":"WebPage","@id":"https:\/\/frhub.netgear.com\/fr\/hub\/business\/case-studies\/it-case-studies\/mise-en-place-dun-reseau-wifi-de-qualite-dans-une-grande-enseigne-francaise\/","url":"https:\/\/frhub.netgear.com\/fr\/hub\/business\/case-studies\/it-case-studies\/mise-en-place-dun-reseau-wifi-de-qualite-dans-une-grande-enseigne-francaise\/","name":"R\u00e9seau WiFi de qualit\u00e9 dans une grande enseigne fran\u00e7aise - NETGEAR Blog","isPartOf":{"@id":"https:\/\/frhub.netgear.com\/fr\/hub\/#website"},"primaryImageOfPage":{"@id":"https:\/\/frhub.netgear.com\/fr\/hub\/business\/case-studies\/it-case-studies\/mise-en-place-dun-reseau-wifi-de-qualite-dans-une-grande-enseigne-francaise\/#primaryimage"},"image":{"@id":"https:\/\/frhub.netgear.com\/fr\/hub\/business\/case-studies\/it-case-studies\/mise-en-place-dun-reseau-wifi-de-qualite-dans-une-grande-enseigne-francaise\/#primaryimage"},"thumbnailUrl":"https:\/\/frhub.netgear.com\/fr\/hub\/wp-content\/uploads\/2025\/09\/Vignette-smidth-v3.jpg","datePublished":"2024-06-12T15:45:34+00:00","dateModified":"2025-09-08T13:35:56+00:00","breadcrumb":{"@id":"https:\/\/frhub.netgear.com\/fr\/hub\/business\/case-studies\/it-case-studies\/mise-en-place-dun-reseau-wifi-de-qualite-dans-une-grande-enseigne-francaise\/#breadcrumb"},"inLanguage":"en-US","potentialAction":[{"@type":"ReadAction","target":["https:\/\/frhub.netgear.com\/fr\/hub\/business\/case-studies\/it-case-studies\/mise-en-place-dun-reseau-wifi-de-qualite-dans-une-grande-enseigne-francaise\/"]}]},{"@type":"ImageObject","inLanguage":"en-US","@id":"https:\/\/frhub.netgear.com\/fr\/hub\/business\/case-studies\/it-case-studies\/mise-en-place-dun-reseau-wifi-de-qualite-dans-une-grande-enseigne-francaise\/#primaryimage","url":"https:\/\/frhub.netgear.com\/fr\/hub\/wp-content\/uploads\/2025\/09\/Vignette-smidth-v3.jpg","contentUrl":"https:\/\/frhub.netgear.com\/fr\/hub\/wp-content\/uploads\/2025\/09\/Vignette-smidth-v3.jpg","width":383,"height":288},{"@type":"BreadcrumbList","@id":"https:\/\/frhub.netgear.com\/fr\/hub\/business\/case-studies\/it-case-studies\/mise-en-place-dun-reseau-wifi-de-qualite-dans-une-grande-enseigne-francaise\/#breadcrumb","itemListElement":[{"@type":"ListItem","position":1,"name":"Home","item":"https:\/\/frhub.netgear.com\/fr\/hub\/"},{"@type":"ListItem","position":2,"name":"Entreprises","item":"https:\/\/frhub.netgear.com\/fr\/hub\/business\/"},{"@type":"ListItem","position":3,"name":"All Case Studies &#8211; FR","item":"https:\/\/frhub.netgear.com\/fr\/hub\/business\/case-studies\/"},{"@type":"ListItem","position":4,"name":"Case Studies &#8211; IT &#8211; FR","item":"https:\/\/frhub.netgear.com\/fr\/hub\/business\/case-studies\/it-case-studies\/"},{"@type":"ListItem","position":5,"name":"R\u00e9seau WiFi de qualit\u00e9 dans une grande enseigne fran\u00e7aise"}]},{"@type":"WebSite","@id":"https:\/\/frhub.netgear.com\/fr\/hub\/#website","url":"https:\/\/frhub.netgear.com\/fr\/hub\/","name":"NETGEAR Hub France","description":"Explorez les pages de notre blog et parcourez les articles pour en savoir plus sur les produits et la technologie NETGEAR.","publisher":{"@id":"https:\/\/frhub.netgear.com\/fr\/hub\/#organization"},"potentialAction":[{"@type":"SearchAction","target":{"@type":"EntryPoint","urlTemplate":"https:\/\/frhub.netgear.com\/fr\/hub\/?s={search_term_string}"},"query-input":{"@type":"PropertyValueSpecification","valueRequired":true,"valueName":"search_term_string"}}],"inLanguage":"en-US"},{"@type":"Organization","@id":"https:\/\/frhub.netgear.com\/fr\/hub\/#organization","name":"NETGEAR","url":"https:\/\/frhub.netgear.com\/fr\/hub\/","logo":{"@type":"ImageObject","inLanguage":"en-US","@id":"https:\/\/frhub.netgear.com\/fr\/hub\/#\/schema\/logo\/image\/","url":"https:\/\/www.netgear.com\/fr\/hub\/wp-content\/uploads\/2019\/07\/NETGEAR_logo.jpg","contentUrl":"https:\/\/www.netgear.com\/fr\/hub\/wp-content\/uploads\/2019\/07\/NETGEAR_logo.jpg","width":1500,"height":501,"caption":"NETGEAR"},"image":{"@id":"https:\/\/frhub.netgear.com\/fr\/hub\/#\/schema\/logo\/image\/"},"sameAs":["https:\/\/www.facebook.com\/NetgearAU\/","https:\/\/x.com\/NETGEAR","https:\/\/www.linkedin.com\/company\/netgear"]}]}},"_links":{"self":[{"href":"https:\/\/frhub.netgear.com\/fr\/hub\/wp-json\/wp\/v2\/pages\/9504","targetHints":{"allow":["GET"]}}],"collection":[{"href":"https:\/\/frhub.netgear.com\/fr\/hub\/wp-json\/wp\/v2\/pages"}],"about":[{"href":"https:\/\/frhub.netgear.com\/fr\/hub\/wp-json\/wp\/v2\/types\/page"}],"author":[{"embeddable":true,"href":"https:\/\/frhub.netgear.com\/fr\/hub\/wp-json\/wp\/v2\/users\/97"}],"replies":[{"embeddable":true,"href":"https:\/\/frhub.netgear.com\/fr\/hub\/wp-json\/wp\/v2\/comments?post=9504"}],"version-history":[{"count":12,"href":"https:\/\/frhub.netgear.com\/fr\/hub\/wp-json\/wp\/v2\/pages\/9504\/revisions"}],"predecessor-version":[{"id":10856,"href":"https:\/\/frhub.netgear.com\/fr\/hub\/wp-json\/wp\/v2\/pages\/9504\/revisions\/10856"}],"up":[{"embeddable":true,"href":"https:\/\/frhub.netgear.com\/fr\/hub\/wp-json\/wp\/v2\/pages\/10491"}],"wp:featuredmedia":[{"embeddable":true,"href":"https:\/\/frhub.netgear.com\/fr\/hub\/wp-json\/wp\/v2\/media\/10819"}],"wp:attachment":[{"href":"https:\/\/frhub.netgear.com\/fr\/hub\/wp-json\/wp\/v2\/media?parent=9504"}],"curies":[{"name":"wp","href":"https:\/\/api.w.org\/{rel}","templated":true}]}}