{"id":9460,"date":"2024-05-28T15:23:09","date_gmt":"2024-05-28T13:23:53","guid":{"rendered":"https:\/\/www.netgear.com\/fr\/hub\/?page_id=9460"},"modified":"2025-10-03T13:50:23","modified_gmt":"2025-10-03T11:50:23","slug":"itsupervision-et-netgear-business","status":"publish","type":"page","link":"https:\/\/frhub.netgear.com\/fr\/hub\/business\/case-studies\/it-case-studies\/itsupervision-et-netgear-business\/","title":{"rendered":"ITsupervision et NETGEAR Business"},"content":{"rendered":"<p>ITsupervision\u00a0B.V. se distingue par l&#8217;excellence des services techniques et des produits qu&#8217;elle offre \u00e0 ses clients dans l&#8217;ensemble des Pays-Bas. NETGEAR Business est d\u00e9sormais devenu l&#8217;un de ses partenaires, gr\u00e2ce \u00e0 la qualit\u00e9 de l&#8217;\u00e9quipement et au service personnalis\u00e9 fourni par l&#8217;\u00e9quipe locale de NETGEAR.     <div class=\"table-of-content bg-gray\">\n        <p><strong>IN THIS ARTICLE<\/strong><\/p>\n        <ul>\n                        <li><a href=\"#topic1\">RESUME<\/a><\/li>\n                        <li><a href=\"#topic2\">CONTEXTE<\/a><\/li>\n                        <li><a href=\"#topic3\">DEFI<\/a><\/li>\n                        <li><a href=\"#topic4\">SOLUTION<\/a><\/li>\n                        <li><a href=\"#topic5\">RESULTATS<\/a><\/li>\n                        <li><a href=\"#topic6\">EQUIPEMENT<\/a><\/li>\n                    <\/ul>\n    <\/div>\n        <div id=\"topic1\" class=\"skip-item\">\n                        <h2>RESUME<\/h2>\n                <div style=\"background-color: #eeeeee;padding: 20px;width: 33%;float: right\">\n<p><strong>Nom de la soci\u00e9t\u00e9: <\/strong><br \/>\nITSupervision<\/p>\n<p><strong>Secteur:<\/strong><br \/>\nIT<\/p>\n<p><strong>Site Web de la soci\u00e9t\u00e9:<\/strong><br \/>\n<a href=\"https:\/\/www.itsupervision.nl\">itsupervision.nl<\/a><\/p>\n<p><strong>Geographical region:<\/strong><br \/>\nIjsselstein, Pays-Bas<\/p>\n<p><button style=\"font-size: 18px\"><a href=\"https:\/\/image.e.netgear.com\/lib\/fe5e15707c6d04757015\/m\/1\/a57af674-e3c0-4154-9678-9698acbe62ce.pdf\"><strong>T\u00e9l\u00e9chargez cette Case Study<\/strong><\/a><\/button><\/p>\n<\/div>\n<p>&nbsp;<\/p>\n<div style=\"background-color: #ffffff;padding: 20px;width: 50%;float: left\"><em><br \/>\nLe premier projet client sur lequel les deux entreprises ont collabor\u00e9 a \u00e9t\u00e9 con\u00e7u pour la soci\u00e9t\u00e9 m\u00e8re d&#8217;ITsupervision, Terberg\u00a0Verendide\u00a0Bedrijven. Cette derni\u00e8re se nomme d\u00e9sormais TVB (abr\u00e9viation de Technische\u00a0Verenigde\u00a0Bedrijven). Le projet consistait \u00e0 remplacer un r\u00e9seau Wi-Fi existant en fin de vie. Ainsi, pr\u00e8s de 600\u00a0000\u00a0utilisateurs b\u00e9n\u00e9ficient d\u00e9sormais d&#8217;une connectivit\u00e9 fiable, haut d\u00e9bit et s\u00e9curis\u00e9e bas\u00e9e sur NETGEAR\u00a0Total\u00a0Network\u00a0Solution.<br \/>\n<\/em><\/div>\n    <\/div>\n        <div id=\"topic2\" class=\"skip-item\">\n                        <h2>CONTEXTE<\/h2>\n                <p>Bas\u00e9 \u00e0 IJsselstein, le sp\u00e9cialiste ITsupervision\u00a0B.V., fournit des services complets d&#8217;installation technique et de maintenance aux entreprises dans l&#8217;ensemble des Pays-Bas. Elle est devenue une soci\u00e9t\u00e9 \u00e0 part enti\u00e8re en\u00a02010 lorsque sa soci\u00e9t\u00e9 m\u00e8re, TVB, a pu constater la valeur de ses services techniques. Aujourd&#8217;hui, ITsupervision vend ses services \u00e0 des clients internes au sein de TVB, ainsi qu\u2019\u00e0 des clients externes, prenant en charge pr\u00e8s de 1\u00a0200\u00a0utilisateurs dans tout le pays.<\/p>\n<p>La r\u00e9ussite d&#8217;ITSupervision repose en grande partie sur l&#8217;importance qu&#8217;elle accorde \u00e0 la fourniture d&#8217;une expertise et d&#8217;une exp\u00e9rience techniques d&#8217;une qualit\u00e9 optimale, gr\u00e2ce \u00e0 son \u00e9quipe de six personnes. Sa r\u00e9ussite s\u2019explique aussi par son engagement \u00e0 offrir \u00e0 ses clients des \u00e9quipements de qualit\u00e9 sup\u00e9rieure provenant de fournisseurs r\u00e9put\u00e9s et leaders dans leur secteur d&#8217;activit\u00e9.<\/p>\n    <\/div>\n        <div id=\"topic3\" class=\"skip-item\">\n                        <h2>DEFI<\/h2>\n                <p>R\u00e9cemment, ITsupervision a notamment aid\u00e9 TVB \u00e0 am\u00e9liorer le r\u00e9seau Wi-Fi dans son site d&#8217;IJsselstein. Les commutateurs r\u00e9seau existants \u00e9taient en fin de vie et ne pouvaient donc plus recevoir de correctifs de s\u00e9curit\u00e9, ce qui pr\u00e9sentait un risque cybern\u00e9tique potentiel. De plus, les quelque 600\u00a0utilisateurs de TVB signalaient r\u00e9guli\u00e8rement rencontrer des probl\u00e8mes de connectivit\u00e9 avec le r\u00e9seau sans fil vieillissant bas\u00e9 sur le Wi-Fi\u00a05.<\/p>\n<p>Dennis\u00a0van\u00a0Wankum, responsable informatique chez ITsupervision, d\u00e9clare\u00a0: \u00ab\u00a0Les r\u00e9seaux que nous utilisons tous aujourd&#8217;hui sont plus importants qu&#8217;il y a cinq ans. Sans r\u00e9seau, pas de donn\u00e9es, pas d&#8217;acc\u00e8s au Web, pas d&#8217;e-mails, rien.\u00a0\u00bb La d\u00e9cision a donc \u00e9t\u00e9 prise de remplacer le r\u00e9seau existant par une approche plus moderne, incluant une redondance robuste. Dennis explique\u00a0: \u00ab\u00a0Les temps d\u2019arr\u00eat doivent \u00eatre r\u00e9duits au maximum. Il \u00e9tait donc important d&#8217;int\u00e9grer la redondance au nouveau r\u00e9seau, lequel doit fonctionner correctement.\u00a0\u00bb<\/p>\n<p><img loading=\"lazy\" decoding=\"async\" class=\"aligncenter size-full wp-image-9466\" src=\"https:\/\/www.netgear.com\/fr\/hub\/wp-content\/uploads\/2024\/05\/Screenshot-2024-05-22-at-17.45.11.png\" alt=\"\" width=\"431\" height=\"239\" srcset=\"https:\/\/frhub.netgear.com\/fr\/hub\/wp-content\/uploads\/2024\/05\/Screenshot-2024-05-22-at-17.45.11.png 431w, https:\/\/frhub.netgear.com\/fr\/hub\/wp-content\/uploads\/2024\/05\/Screenshot-2024-05-22-at-17.45.11-300x166.png 300w\" sizes=\"auto, (max-width: 431px) 100vw, 431px\" \/><\/p>\n    <\/div>\n        <div id=\"topic4\" class=\"skip-item\">\n                        <h2>SOLUTION<\/h2>\n                <p>Tandis qu&#8217;ITsupervision cherchait des options pour TVB, Dennis a rencontr\u00e9 Thomas\u00a0Verheul, revendeur informatique et gestionnaire des comptes revendeurs direct au Benelux chez NETGEAR, lors du congr\u00e8s Rout-IT (un \u00e9v\u00e9nement local dans l\u2019industrie informatique). Dennis pr\u00e9cise\u00a0: \u00ab\u00a0J&#8217;ai \u00e9chang\u00e9 avec Thomas et il nous a vraiment bien vendu ses produits. NETGEAR poss\u00e8de toutes les fonctionnalit\u00e9s r\u00e9seau dont nous avons besoin et offre un bon rapport qualit\u00e9-prix. C\u2019est aussi l&#8217;enthousiasme de Thomas qui a fait la diff\u00e9rence et c&#8217;est ce qui nous a d\u00e9cid\u00e9s \u00e0 nous associer \u00e0 NETGEAR.\u00a0\u00bb<\/p>\n<p>La solution finale comprend principalement une combinaison de switches multi-Gigabit NETGEAR Business, des switches 1\u00a0Gigabit pour supporter les espaces de travail des utilisateurs, deux switches de c\u0153ur de r\u00e9seau redondants de sauvegarde pour donner \u00e0 Terberg la r\u00e9silience souhait\u00e9e par ITSupervision, et des switches \u00e9metteurs-r\u00e9cepteurs. En outre, il existe 24\u00a0points d&#8217;acc\u00e8s NETGEAR Business WiFi\u00a06e, en mesure de fournir la vitesse et la capacit\u00e9 rendues possible par la norme Wifi\u00a06e.<\/p>\n<p>L&#8217;installation devant \u00eatre rapide, ITSupervision n&#8217;a eu que peu de temps pour se familiariser avec les produits NETGEAR. Cela a repr\u00e9sent\u00e9 une courbe d&#8217;apprentissage pour ITSupervision, mais tous les probl\u00e8mes ont \u00e9t\u00e9 r\u00e9solus avec l&#8217;aide de Thomas et de ses coll\u00e8gues, ainsi que le soutien de l&#8217;\u00e9quipe NETGEAR\u00a0Pro\u00a0WiFi. \u00ab\u00a0Avec NETGEAR, vous d\u00e9crochez le t\u00e9l\u00e9phone et obtenez imm\u00e9diatement de l\u2019aide\u00a0\u00bb, affirme Dennis.<\/p>\n    <\/div>\n        <div id=\"topic5\" class=\"skip-item\">\n                        <h2>RESULTATS<\/h2>\n                <p>Le r\u00e9seau a \u00e9t\u00e9 install\u00e9 fin\u00a02023 et TVB peut donc avec certitude disposer de connexions haut d\u00e9bit stables, en mesure de r\u00e9pondre aux besoins des utilisateurs existants et de ceux \u00e0 venir.<\/p>\n<p>ITsupervision et NETGEAR collaborent d\u00e9sormais sur d&#8217;autres projets, et ITsupervision re\u00e7oit \u00e9galement une formation pratique de l&#8217;\u00e9quipe NETGEAR\u00a0Pro\u00a0WiFi. L&#8217;entreprise s&#8217;appuiera \u00e9galement NETGEAR\u00a0Insight, une solution d&#8217;administration r\u00e9seau bas\u00e9e sur le cloud qui<\/p>\n<p>permet \u00e0 ITsupervision de surveiller, d\u00e9panner, mettre \u00e0 jour et entretenir les r\u00e9seaux des clients \u00e0 distance.<\/p>\n<p>En attendant, la r\u00e9ussite v\u00e9ritable d&#8217;un projet r\u00e9seau s\u2019\u00e9value en fonction des retours des clients. \u00c0 ce sujet, Dennis indique\u00a0: \u00ab\u00a0Le seul retour que j&#8217;ai eu, c&#8217;est le silence. Les utilisateurs ne rencontrent plus de probl\u00e8mes de connectivit\u00e9.\u00a0 Selon moi, ne recevoir aucun retour est d\u00e9j\u00e0 un tr\u00e8s bon signe.\u00a0\u00bb<\/p>\n    <\/div>\n        <div id=\"topic6\" class=\"skip-item\">\n                        <h2>EQUIPEMENT<\/h2>\n                <ul>\n<li>24\u00a0points d&#8217;acc\u00e8s (PA) Wifi\u00a06e sans fil\u00a0WAX638E<\/li>\n<li>4\u00a0switches multi-Gigabit\u00a0MS324TXUP pour les PA<\/li>\n<li>5\u00a0modules de commutation\u00a0AXM765<\/li>\n<li>14\u00a0switches\u00a0GS752TPP 1\u00a0Gigabit<\/li>\n<li>2\u00a0switches de c\u0153ur de r\u00e9seau redondants\u00a0XSM4328FV<\/li>\n<\/ul>\n<p><img loading=\"lazy\" decoding=\"async\" class=\"aligncenter size-large wp-image-9465\" src=\"https:\/\/www.netgear.com\/fr\/hub\/wp-content\/uploads\/2024\/05\/Screenshot-2024-05-22-at-17.45.33-1024x431.png\" alt=\"\" width=\"1024\" height=\"431\" \/><\/p>\n    <\/div>\n        <div id=\"topic7\" class=\"skip-item\">\n                        <p>\n<!--SOLUTIONS NETGEAR ENTERPRISE--><\/p>\n<p>Plus d\u2019informations sur nos solutions Business<\/p>\n<div class=\"hs-cta-embed hs-cta-simple-placeholder hs-cta-embed-241151168190\" style=\"max-width:100%;max-height:100%;width:310px;height:50.395835876464844px\" data-hubspot-wrapper-cta-id=\"241151168190\"><br \/>\n  <a href=\"https:\/\/cta-na2.hubspot.com\/web-interactives\/public\/v1\/track\/redirect?encryptedPayload=AVxigLLJWF%2FR9NCdRJZQ5KVHoS9cmTllDsgnRckWwZDoTJW93FYqIGm7y2jNQ4CGjjeyEntjB1Eh%2FcIvmOqeWKIuNi7jJ95TD1xOsd56OGsqZrwJYn2P4gpbjQJxBuk%2FcElRMomZ2nLAB1rUvsSFPpXbLLR0VoURWUj2oq%2BphOJeMWjoSz5dSBIDsA%3D%3D&#038;webInteractiveContentId=241151168190&#038;portalId=242128791\" target=\"_blank\" rel=\"noopener\"><br \/>\n    <img decoding=\"async\" alt=\"SOLUTIONS NETGEAR ENTERPRISE\" loading=\"lazy\" src=\"https:\/\/hubspot-no-cache-na2-prod.s3.amazonaws.com\/cta\/default\/242128791\/interactive-241151168190.png\" style=\"height: 100%;width: 100%;object-fit: fill\" \/><br \/>\n  <\/a>\n<\/div>\n<\/p>\n<p>\n<!--NETGEAR ACADEMY--><\/p>\n<p>Apprenez tout ce qu\u2019il faut savoir sur les r\u00e9seaux IP gr\u00e2ce \u00e0 notre NETGEAR ACADEMY<\/p>\n<div class=\"hs-cta-embed hs-cta-simple-placeholder hs-cta-embed-241151161035\" style=\"max-width:100%;max-height:100%;width:260px;height:50.390625px\" data-hubspot-wrapper-cta-id=\"241151161035\"><br \/>\n  <a href=\"https:\/\/cta-na2.hubspot.com\/web-interactives\/public\/v1\/track\/redirect?encryptedPayload=AVxigLJIgvHArQm4wTffTTUUJ%2F0ljCSNGcwj4PNLST8c9BdzGxqiACj%2Bz94HHc4mFPGtXF%2B%2F5wBeuQxMwTVaNhNVvj%2FrPoIwPhJXs1HyfD4geQMBkR1VuG%2BfPTfjyzB0ZZPS3Vs1DRegOuJZbqCiCvoqA4M8moDR4zNKVjZxPVGoUNOaIBrbKeHqgAhjG0PM1L1Yi66guE70DwgXJMTC7CAzvVrffriBmA%3D%3D&#038;webInteractiveContentId=241151161035&#038;portalId=242128791\" target=\"_blank\" rel=\"noopener\"><br \/>\n    <img decoding=\"async\" alt=\"NETGEAR ACADEMY\" loading=\"lazy\" src=\"https:\/\/hubspot-no-cache-na2-prod.s3.amazonaws.com\/cta\/default\/242128791\/interactive-241151161035.png\" style=\"height: 100%;width: 100%;object-fit: fill\" \/><br \/>\n  <\/a>\n<\/div>\n<\/p>\n<p><!--CONTACTEZ L'EQUIPE PRO-IT--><\/p>\n<p>Nos ing\u00e9nieurs vous accompagnent gratuitement dans la r\u00e9alisation de vos projets<\/p>\n<div class=\"hs-cta-embed hs-cta-simple-placeholder hs-cta-embed-245601455827\" style=\"max-width:100%;max-height:100%;width:287px;height:50.390625px\" data-hubspot-wrapper-cta-id=\"245601455827\"><br \/>\n  <a href=\"https:\/\/cta-na2.hubspot.com\/web-interactives\/public\/v1\/track\/redirect?encryptedPayload=AVxigLInaPY6CKjdDpPVYzjXnEGvPfbouzJx88Hc1CLeTaYRtnOO25E9XicF7pvzMQdle10f103Z%2F0L%2BbiJE2NwgOQVCpgxtwv3X4ZjoLQkEp5IHfzWjQzeN8Zq44UJQhsPMIst0b69UmgxZlIyrErVjJxyPRNNMsT41p87bUD9JAGKJ2ih7inbvBJTAWKny5YWUD0fN29FFl16U6g1urHYkE5vRzSSaFw%3D%3D&#038;webInteractiveContentId=245601455827&#038;portalId=242128791\" target=\"_blank\" rel=\"noopener\"><br \/>\n    <img decoding=\"async\" alt=\"CONTACTEZ L'EQUIPE PRO-IT\" loading=\"lazy\" src=\"https:\/\/hubspot-no-cache-na2-prod.s3.amazonaws.com\/cta\/default\/242128791\/interactive-245601455827.png\" style=\"height: 100%;width: 100%;object-fit: fill\" \/><br \/>\n  <\/a>\n<\/div>\n<\/p>\n<p><iframe loading=\"lazy\" src=\"https:\/\/405nrr.share-na2.hsforms.com\/24AR2ZDSmQqWycFqf8q5-eg\" width=\"100%\" height=\"1200px\"><\/iframe><\/p>\n    <\/div>\n    <\/p>\n","protected":false},"excerpt":{"rendered":"<p>ITsupervision\u00a0B.V. se distingue par l&#8217;excellence des services techniques et des produits qu&#8217;elle offre \u00e0 ses clients dans l&#8217;ensemble des Pays-Bas. NETGEAR Business est d\u00e9sormais devenu l&#8217;un de ses partenaires, gr\u00e2ce \u00e0 la qualit\u00e9 de l&#8217;\u00e9quipement et au service personnalis\u00e9 fourni par l&#8217;\u00e9quipe locale de NETGEAR.<\/p>\n","protected":false},"author":97,"featured_media":10700,"parent":10491,"menu_order":1,"comment_status":"closed","ping_status":"closed","template":"templates\/blog-wifi.php","meta":{"_acf_changed":false,"content-type":"","footnotes":""},"class_list":["post-9460","page","type-page","status-publish","has-post-thumbnail","hentry"],"acf":[],"yoast_head":"<!-- This site is optimized with the Yoast SEO plugin v27.5 - https:\/\/yoast.com\/product\/yoast-seo-wordpress\/ -->\n<title>ITsupervision et NETGEAR Business - NETGEAR Blog<\/title>\n<meta name=\"description\" content=\"ITsupervision B.V. et NETGEAR Business sont partenaires gr\u00e2ce \u00e0 la qualit\u00e9 des \u00e9quipements et du service personnalis\u00e9.\" \/>\n<meta name=\"robots\" content=\"index, follow, max-snippet:-1, max-image-preview:large, max-video-preview:-1\" \/>\n<link rel=\"canonical\" href=\"https:\/\/frhub.netgear.com\/fr\/hub\/business\/case-studies\/it-case-studies\/itsupervision-et-netgear-business\/\" \/>\n<meta property=\"og:locale\" content=\"en_US\" \/>\n<meta property=\"og:type\" content=\"article\" \/>\n<meta property=\"og:title\" content=\"ITsupervision et NETGEAR Business - NETGEAR Blog\" \/>\n<meta property=\"og:description\" content=\"ITsupervision B.V. et NETGEAR Business sont partenaires gr\u00e2ce \u00e0 la qualit\u00e9 des \u00e9quipements et du service personnalis\u00e9.\" \/>\n<meta property=\"og:url\" content=\"https:\/\/frhub.netgear.com\/fr\/hub\/business\/case-studies\/it-case-studies\/itsupervision-et-netgear-business\/\" \/>\n<meta property=\"og:site_name\" content=\"NETGEAR Blog\" \/>\n<meta property=\"article:publisher\" content=\"https:\/\/www.facebook.com\/NetgearAU\/\" \/>\n<meta property=\"article:modified_time\" content=\"2025-10-03T11:50:23+00:00\" \/>\n<meta property=\"og:image\" content=\"https:\/\/frhub.netgear.com\/fr\/hub\/wp-content\/uploads\/2025\/09\/Vignette-ITSupervision-v2.jpg\" \/>\n\t<meta property=\"og:image:width\" content=\"383\" \/>\n\t<meta property=\"og:image:height\" content=\"288\" \/>\n\t<meta property=\"og:image:type\" content=\"image\/jpeg\" \/>\n<meta name=\"twitter:card\" content=\"summary_large_image\" \/>\n<meta name=\"twitter:site\" content=\"@NETGEAR\" \/>\n<script type=\"application\/ld+json\" class=\"yoast-schema-graph\">{\"@context\":\"https:\\\/\\\/schema.org\",\"@graph\":[{\"@type\":\"WebPage\",\"@id\":\"https:\\\/\\\/frhub.netgear.com\\\/fr\\\/hub\\\/business\\\/case-studies\\\/it-case-studies\\\/itsupervision-et-netgear-business\\\/\",\"url\":\"https:\\\/\\\/frhub.netgear.com\\\/fr\\\/hub\\\/business\\\/case-studies\\\/it-case-studies\\\/itsupervision-et-netgear-business\\\/\",\"name\":\"ITsupervision et NETGEAR Business - NETGEAR Blog\",\"isPartOf\":{\"@id\":\"https:\\\/\\\/frhub.netgear.com\\\/fr\\\/hub\\\/#website\"},\"primaryImageOfPage\":{\"@id\":\"https:\\\/\\\/frhub.netgear.com\\\/fr\\\/hub\\\/business\\\/case-studies\\\/it-case-studies\\\/itsupervision-et-netgear-business\\\/#primaryimage\"},\"image\":{\"@id\":\"https:\\\/\\\/frhub.netgear.com\\\/fr\\\/hub\\\/business\\\/case-studies\\\/it-case-studies\\\/itsupervision-et-netgear-business\\\/#primaryimage\"},\"thumbnailUrl\":\"https:\\\/\\\/frhub.netgear.com\\\/fr\\\/hub\\\/wp-content\\\/uploads\\\/2025\\\/09\\\/Vignette-ITSupervision-v2.jpg\",\"datePublished\":\"2024-05-28T13:23:53+00:00\",\"dateModified\":\"2025-10-03T11:50:23+00:00\",\"description\":\"ITsupervision B.V. et NETGEAR Business sont partenaires gr\u00e2ce \u00e0 la qualit\u00e9 des \u00e9quipements et du service personnalis\u00e9.\",\"breadcrumb\":{\"@id\":\"https:\\\/\\\/frhub.netgear.com\\\/fr\\\/hub\\\/business\\\/case-studies\\\/it-case-studies\\\/itsupervision-et-netgear-business\\\/#breadcrumb\"},\"inLanguage\":\"en-US\",\"potentialAction\":[{\"@type\":\"ReadAction\",\"target\":[\"https:\\\/\\\/frhub.netgear.com\\\/fr\\\/hub\\\/business\\\/case-studies\\\/it-case-studies\\\/itsupervision-et-netgear-business\\\/\"]}]},{\"@type\":\"ImageObject\",\"inLanguage\":\"en-US\",\"@id\":\"https:\\\/\\\/frhub.netgear.com\\\/fr\\\/hub\\\/business\\\/case-studies\\\/it-case-studies\\\/itsupervision-et-netgear-business\\\/#primaryimage\",\"url\":\"https:\\\/\\\/frhub.netgear.com\\\/fr\\\/hub\\\/wp-content\\\/uploads\\\/2025\\\/09\\\/Vignette-ITSupervision-v2.jpg\",\"contentUrl\":\"https:\\\/\\\/frhub.netgear.com\\\/fr\\\/hub\\\/wp-content\\\/uploads\\\/2025\\\/09\\\/Vignette-ITSupervision-v2.jpg\",\"width\":383,\"height\":288},{\"@type\":\"BreadcrumbList\",\"@id\":\"https:\\\/\\\/frhub.netgear.com\\\/fr\\\/hub\\\/business\\\/case-studies\\\/it-case-studies\\\/itsupervision-et-netgear-business\\\/#breadcrumb\",\"itemListElement\":[{\"@type\":\"ListItem\",\"position\":1,\"name\":\"Home\",\"item\":\"https:\\\/\\\/frhub.netgear.com\\\/fr\\\/hub\\\/\"},{\"@type\":\"ListItem\",\"position\":2,\"name\":\"Entreprises\",\"item\":\"https:\\\/\\\/frhub.netgear.com\\\/fr\\\/hub\\\/business\\\/\"},{\"@type\":\"ListItem\",\"position\":3,\"name\":\"All Case Studies &#8211; FR\",\"item\":\"https:\\\/\\\/frhub.netgear.com\\\/fr\\\/hub\\\/business\\\/case-studies\\\/\"},{\"@type\":\"ListItem\",\"position\":4,\"name\":\"Case Studies &#8211; IT &#8211; FR\",\"item\":\"https:\\\/\\\/frhub.netgear.com\\\/fr\\\/hub\\\/business\\\/case-studies\\\/it-case-studies\\\/\"},{\"@type\":\"ListItem\",\"position\":5,\"name\":\"ITsupervision et NETGEAR Business\"}]},{\"@type\":\"WebSite\",\"@id\":\"https:\\\/\\\/frhub.netgear.com\\\/fr\\\/hub\\\/#website\",\"url\":\"https:\\\/\\\/frhub.netgear.com\\\/fr\\\/hub\\\/\",\"name\":\"NETGEAR Hub France\",\"description\":\"Explorez les pages de notre blog et parcourez les articles pour en savoir plus sur les produits et la technologie NETGEAR.\",\"publisher\":{\"@id\":\"https:\\\/\\\/frhub.netgear.com\\\/fr\\\/hub\\\/#organization\"},\"potentialAction\":[{\"@type\":\"SearchAction\",\"target\":{\"@type\":\"EntryPoint\",\"urlTemplate\":\"https:\\\/\\\/frhub.netgear.com\\\/fr\\\/hub\\\/?s={search_term_string}\"},\"query-input\":{\"@type\":\"PropertyValueSpecification\",\"valueRequired\":true,\"valueName\":\"search_term_string\"}}],\"inLanguage\":\"en-US\"},{\"@type\":\"Organization\",\"@id\":\"https:\\\/\\\/frhub.netgear.com\\\/fr\\\/hub\\\/#organization\",\"name\":\"NETGEAR\",\"url\":\"https:\\\/\\\/frhub.netgear.com\\\/fr\\\/hub\\\/\",\"logo\":{\"@type\":\"ImageObject\",\"inLanguage\":\"en-US\",\"@id\":\"https:\\\/\\\/frhub.netgear.com\\\/fr\\\/hub\\\/#\\\/schema\\\/logo\\\/image\\\/\",\"url\":\"https:\\\/\\\/www.netgear.com\\\/fr\\\/hub\\\/wp-content\\\/uploads\\\/2019\\\/07\\\/NETGEAR_logo.jpg\",\"contentUrl\":\"https:\\\/\\\/www.netgear.com\\\/fr\\\/hub\\\/wp-content\\\/uploads\\\/2019\\\/07\\\/NETGEAR_logo.jpg\",\"width\":1500,\"height\":501,\"caption\":\"NETGEAR\"},\"image\":{\"@id\":\"https:\\\/\\\/frhub.netgear.com\\\/fr\\\/hub\\\/#\\\/schema\\\/logo\\\/image\\\/\"},\"sameAs\":[\"https:\\\/\\\/www.facebook.com\\\/NetgearAU\\\/\",\"https:\\\/\\\/x.com\\\/NETGEAR\",\"https:\\\/\\\/www.linkedin.com\\\/company\\\/netgear\"]}]}<\/script>\n<!-- \/ Yoast SEO plugin. -->","yoast_head_json":{"title":"ITsupervision et NETGEAR Business - NETGEAR Blog","description":"ITsupervision B.V. et NETGEAR Business sont partenaires gr\u00e2ce \u00e0 la qualit\u00e9 des \u00e9quipements et du service personnalis\u00e9.","robots":{"index":"index","follow":"follow","max-snippet":"max-snippet:-1","max-image-preview":"max-image-preview:large","max-video-preview":"max-video-preview:-1"},"canonical":"https:\/\/frhub.netgear.com\/fr\/hub\/business\/case-studies\/it-case-studies\/itsupervision-et-netgear-business\/","og_locale":"en_US","og_type":"article","og_title":"ITsupervision et NETGEAR Business - NETGEAR Blog","og_description":"ITsupervision B.V. et NETGEAR Business sont partenaires gr\u00e2ce \u00e0 la qualit\u00e9 des \u00e9quipements et du service personnalis\u00e9.","og_url":"https:\/\/frhub.netgear.com\/fr\/hub\/business\/case-studies\/it-case-studies\/itsupervision-et-netgear-business\/","og_site_name":"NETGEAR Blog","article_publisher":"https:\/\/www.facebook.com\/NetgearAU\/","article_modified_time":"2025-10-03T11:50:23+00:00","og_image":[{"width":383,"height":288,"url":"https:\/\/frhub.netgear.com\/fr\/hub\/wp-content\/uploads\/2025\/09\/Vignette-ITSupervision-v2.jpg","type":"image\/jpeg"}],"twitter_card":"summary_large_image","twitter_site":"@NETGEAR","schema":{"@context":"https:\/\/schema.org","@graph":[{"@type":"WebPage","@id":"https:\/\/frhub.netgear.com\/fr\/hub\/business\/case-studies\/it-case-studies\/itsupervision-et-netgear-business\/","url":"https:\/\/frhub.netgear.com\/fr\/hub\/business\/case-studies\/it-case-studies\/itsupervision-et-netgear-business\/","name":"ITsupervision et NETGEAR Business - NETGEAR Blog","isPartOf":{"@id":"https:\/\/frhub.netgear.com\/fr\/hub\/#website"},"primaryImageOfPage":{"@id":"https:\/\/frhub.netgear.com\/fr\/hub\/business\/case-studies\/it-case-studies\/itsupervision-et-netgear-business\/#primaryimage"},"image":{"@id":"https:\/\/frhub.netgear.com\/fr\/hub\/business\/case-studies\/it-case-studies\/itsupervision-et-netgear-business\/#primaryimage"},"thumbnailUrl":"https:\/\/frhub.netgear.com\/fr\/hub\/wp-content\/uploads\/2025\/09\/Vignette-ITSupervision-v2.jpg","datePublished":"2024-05-28T13:23:53+00:00","dateModified":"2025-10-03T11:50:23+00:00","description":"ITsupervision B.V. et NETGEAR Business sont partenaires gr\u00e2ce \u00e0 la qualit\u00e9 des \u00e9quipements et du service personnalis\u00e9.","breadcrumb":{"@id":"https:\/\/frhub.netgear.com\/fr\/hub\/business\/case-studies\/it-case-studies\/itsupervision-et-netgear-business\/#breadcrumb"},"inLanguage":"en-US","potentialAction":[{"@type":"ReadAction","target":["https:\/\/frhub.netgear.com\/fr\/hub\/business\/case-studies\/it-case-studies\/itsupervision-et-netgear-business\/"]}]},{"@type":"ImageObject","inLanguage":"en-US","@id":"https:\/\/frhub.netgear.com\/fr\/hub\/business\/case-studies\/it-case-studies\/itsupervision-et-netgear-business\/#primaryimage","url":"https:\/\/frhub.netgear.com\/fr\/hub\/wp-content\/uploads\/2025\/09\/Vignette-ITSupervision-v2.jpg","contentUrl":"https:\/\/frhub.netgear.com\/fr\/hub\/wp-content\/uploads\/2025\/09\/Vignette-ITSupervision-v2.jpg","width":383,"height":288},{"@type":"BreadcrumbList","@id":"https:\/\/frhub.netgear.com\/fr\/hub\/business\/case-studies\/it-case-studies\/itsupervision-et-netgear-business\/#breadcrumb","itemListElement":[{"@type":"ListItem","position":1,"name":"Home","item":"https:\/\/frhub.netgear.com\/fr\/hub\/"},{"@type":"ListItem","position":2,"name":"Entreprises","item":"https:\/\/frhub.netgear.com\/fr\/hub\/business\/"},{"@type":"ListItem","position":3,"name":"All Case Studies &#8211; FR","item":"https:\/\/frhub.netgear.com\/fr\/hub\/business\/case-studies\/"},{"@type":"ListItem","position":4,"name":"Case Studies &#8211; IT &#8211; FR","item":"https:\/\/frhub.netgear.com\/fr\/hub\/business\/case-studies\/it-case-studies\/"},{"@type":"ListItem","position":5,"name":"ITsupervision et NETGEAR Business"}]},{"@type":"WebSite","@id":"https:\/\/frhub.netgear.com\/fr\/hub\/#website","url":"https:\/\/frhub.netgear.com\/fr\/hub\/","name":"NETGEAR Hub France","description":"Explorez les pages de notre blog et parcourez les articles pour en savoir plus sur les produits et la technologie NETGEAR.","publisher":{"@id":"https:\/\/frhub.netgear.com\/fr\/hub\/#organization"},"potentialAction":[{"@type":"SearchAction","target":{"@type":"EntryPoint","urlTemplate":"https:\/\/frhub.netgear.com\/fr\/hub\/?s={search_term_string}"},"query-input":{"@type":"PropertyValueSpecification","valueRequired":true,"valueName":"search_term_string"}}],"inLanguage":"en-US"},{"@type":"Organization","@id":"https:\/\/frhub.netgear.com\/fr\/hub\/#organization","name":"NETGEAR","url":"https:\/\/frhub.netgear.com\/fr\/hub\/","logo":{"@type":"ImageObject","inLanguage":"en-US","@id":"https:\/\/frhub.netgear.com\/fr\/hub\/#\/schema\/logo\/image\/","url":"https:\/\/www.netgear.com\/fr\/hub\/wp-content\/uploads\/2019\/07\/NETGEAR_logo.jpg","contentUrl":"https:\/\/www.netgear.com\/fr\/hub\/wp-content\/uploads\/2019\/07\/NETGEAR_logo.jpg","width":1500,"height":501,"caption":"NETGEAR"},"image":{"@id":"https:\/\/frhub.netgear.com\/fr\/hub\/#\/schema\/logo\/image\/"},"sameAs":["https:\/\/www.facebook.com\/NetgearAU\/","https:\/\/x.com\/NETGEAR","https:\/\/www.linkedin.com\/company\/netgear"]}]}},"_links":{"self":[{"href":"https:\/\/frhub.netgear.com\/fr\/hub\/wp-json\/wp\/v2\/pages\/9460","targetHints":{"allow":["GET"]}}],"collection":[{"href":"https:\/\/frhub.netgear.com\/fr\/hub\/wp-json\/wp\/v2\/pages"}],"about":[{"href":"https:\/\/frhub.netgear.com\/fr\/hub\/wp-json\/wp\/v2\/types\/page"}],"author":[{"embeddable":true,"href":"https:\/\/frhub.netgear.com\/fr\/hub\/wp-json\/wp\/v2\/users\/97"}],"replies":[{"embeddable":true,"href":"https:\/\/frhub.netgear.com\/fr\/hub\/wp-json\/wp\/v2\/comments?post=9460"}],"version-history":[{"count":13,"href":"https:\/\/frhub.netgear.com\/fr\/hub\/wp-json\/wp\/v2\/pages\/9460\/revisions"}],"predecessor-version":[{"id":11068,"href":"https:\/\/frhub.netgear.com\/fr\/hub\/wp-json\/wp\/v2\/pages\/9460\/revisions\/11068"}],"up":[{"embeddable":true,"href":"https:\/\/frhub.netgear.com\/fr\/hub\/wp-json\/wp\/v2\/pages\/10491"}],"wp:featuredmedia":[{"embeddable":true,"href":"https:\/\/frhub.netgear.com\/fr\/hub\/wp-json\/wp\/v2\/media\/10700"}],"wp:attachment":[{"href":"https:\/\/frhub.netgear.com\/fr\/hub\/wp-json\/wp\/v2\/media?parent=9460"}],"curies":[{"name":"wp","href":"https:\/\/api.w.org\/{rel}","templated":true}]}}