{"id":9454,"date":"2024-05-21T04:06:49","date_gmt":"2024-05-21T02:06:49","guid":{"rendered":"https:\/\/www.netgear.com\/fr\/hub\/?page_id=9454"},"modified":"2024-12-12T00:08:25","modified_gmt":"2024-12-11T23:08:25","slug":"evenements-sportifs-wifi","status":"publish","type":"page","link":"https:\/\/frhub.netgear.com\/fr\/hub\/wifi\/mesh\/evenements-sportifs-wifi\/","title":{"rendered":"Streamer les \u00e9v\u00e9nements sportifs en WiFi"},"content":{"rendered":"    <div class=\"table-of-content bg-gray\">\n        <p><strong>IN THIS ARTICLE<\/strong><\/p>\n        <ul>\n                        <li><a href=\"#topic1\">Une exp\u00e9rience parfaite<\/a><\/li>\n                        <li><a href=\"#topic2\">Performance et qualit\u00e9 du streaming WiFi 7<\/a><\/li>\n                        <li><a href=\"#topic3\">Une installation pour un streaming sportif parfait<\/a><\/li>\n                        <li><a href=\"#topic4\">Configuration du r\u00e9seau invit\u00e9 pour le streaming avec Orbi 970<\/a><\/li>\n                        <li><a href=\"#topic5\">Ajoutez sur votre agenda une f\u00eate qui fera sensation<\/a><\/li>\n                        <li><a href=\"#topic6\">Qualit\u00e9 du streaming en direct pour toute connexion Internet<\/a><\/li>\n                        <li><a href=\"#topic7\">Streaming avec un hotspot<\/a><\/li>\n                        <li><a href=\"#topic8\">FAQs<\/a><\/li>\n                    <\/ul>\n    <\/div>\n        <div id=\"topic1\" class=\"skip-item\">\n                        <h2>Une exp\u00e9rience parfaite<\/h2>\n                <p>Avec les \u00e9v\u00e9nements sportifs majeurs qui arrivent, tous les spectateurs de France et du monde entier vont vouloir vivre pleinement ces exploits en direct, dans leur salon. Pour une immersion maximale et une exp\u00e9rience optimale, aucune interruption ne sera permise. Et pour cela, c\u2019est le syst\u00e8me Mesh Orbi s\u00e9rie 970 de NETGEAR qui y parvient le mieux.<\/p>\n<h3>L&#8217;\u00e9volution du streaming en direct<\/h3>\n<p>De nombreuses options sont possibles pour vivre les grands \u00e9v\u00e9nements sportifs : aller directement au stade pour plonger dans l&#8217;ambiance \u00e9lectrisante, rejoindre les bars bond\u00e9s et partager l&#8217;excitation, ou suivre la retransmission devant sa t\u00e9l\u00e9vision connect\u00e9e tranquillement \u00e0 la maison.<br \/>\nPour cette derni\u00e8re option, la meilleure option de connexion sans fil pour en profiter pleinement, c\u2019est le WiFi 7 (IEEE 802.11be).<br \/>\nCette derni\u00e8re norme, aussi appel\u00e9e EHT (Extremely High Throughput &#8211; d\u00e9bit extr\u00eamement \u00e9lev\u00e9), est une avanc\u00e9e majeure pour les activit\u00e9s en ligne qui demandent plusieurs gigabits de donn\u00e9es pour livrer tout leur potentiel.<\/p>\n<p>Les appareils domestiques connect\u00e9s sont tr\u00e8s pratiques mais demandent une connexion WiFi performante. La s\u00e9rie NETGEAR Orbi 970, compatible WiFi 7, est con\u00e7ue pour y r\u00e9pondre. Il n&#8217;y a rien de tel pour regarder les exploits des sportifs dans les meilleures conditions depuis n&#8217;importe quelle pi\u00e8ce de chez votre maison, voire dans le jardin.<br \/>\nPourquoi votre WiFi actuel risque de vous d\u00e9cevoir le jour J<\/p>\n<p>Les maisons intelligentes modernes sont \u00e9quip\u00e9es de dizaines d&#8217;appareils connect\u00e9s au r\u00e9seau WiFi. Un seul routeur, ou un seul modem WiFi de base, s&#8217;essoufflera vite dans une maison pleine de monde et d\u2019objets connect\u00e9s qui sollicitent le r\u00e9seau. Par contre, les syst\u00e8mes Mesh WiFi 7 Orbi seront en mesure de fournir \u00e0 chacun une couverture WiFi int\u00e9grale, du rez-de-chauss\u00e9e aux \u00e9tages et m\u00eame jusqu&#8217;au jardin. Les retransmissions sportives n&#8217;ont jamais \u00e9t\u00e9 aussi fid\u00e8les, c&#8217;est presque comme si on y \u00e9tait.<br \/>\nLe syst\u00e8me WiFi 7 Orbi 970 de NETGEAR r\u00e9volutionne le divertissement, la communication et le travail pour vous faire profiter de la technologie du futur d\u00e8s aujourd\u2019hui.<\/p>\n    <\/div>\n        <div id=\"topic2\" class=\"skip-item\">\n                        <h2>Performance et qualit\u00e9 du streaming WiFi 7<\/h2>\n                <p>Quand vous et vos invit\u00e9s regardez les grands rendez-vous de football, tennis ou n\u2019importe quel autre sport en streaming, vous ne voulez surtout pas que votre connexion ralentisse. Les meilleurs routeurs et syst\u00e8mes Mesh WiFi vous permettront de profiter pleinement des c\u00e9r\u00e9monies d&#8217;ouverture et des exploits sportifs des athl\u00e8tes en vous immergeant au c\u0153ur des \u00e9v\u00e9nements. Le syst\u00e8me Mesh WiFi 7 Orbi 970 de NETGEAR offre un d\u00e9bit maximal pour une qualit\u00e9 optimale sur votre appareil connect\u00e9 pr\u00e9f\u00e9r\u00e9, et peut m\u00eame g\u00e9rer jusqu\u2019\u00e0 200 appareils simultan\u00e9ment.<\/p>\n<p>Les baisses de qualit\u00e9 et de performance du WiFi surviennent g\u00e9n\u00e9ralement \u00e0 cause d\u2019une latence. Le WiFi 7, qui offre \u00e0 la fois une vitesse incomparable par rapport aux autres normes WiFi et une tr\u00e8s grande r\u00e9activit\u00e9, permet une immersion en temps r\u00e9el dans les streams en direct, les jeux vid\u00e9o en ligne, la r\u00e9alit\u00e9 virtuelle et la r\u00e9alit\u00e9 augment\u00e9e, et toutes les autres activit\u00e9s en ligne gourmandes en donn\u00e9es.<\/p>\n<p><a href=\"https:\/\/www.netgear.com\/fr\/home\/wifi\/mesh\/rbe973sb\/\"><br \/>\n<\/a><a href=\"https:\/\/www.netgear.com\/fr\/home\/wifi\/mesh\/rbe973sb\/\"><img loading=\"lazy\" decoding=\"async\" class=\"aligncenter wp-image-10636 size-large\" src=\"https:\/\/www.netgear.com\/hub\/wp-content\/uploads\/2024\/02\/orbi-970-superbowl-1024x293.jpg\" alt=\"NETGEAR Orbi pour la Maison\" width=\"1024\" height=\"293\" \/><\/a><\/p>\n    <\/div>\n        <div id=\"topic3\" class=\"skip-item\">\n                        <h2>Une installation pour un streaming sportif parfait<\/h2>\n                <p>Il existe de nombreux services de streaming en direct pour les amateurs de sport. Une installation WiFi d\u00e9di\u00e9e au streaming n&#8217;est ni complexe ni co\u00fbteuse.<\/p>\n<p>Le signal sans fil est redirig\u00e9 automatiquement en toute fluidit\u00e9 entre le routeur et les satellites lorsque vous vous d\u00e9placez \u00e0 l&#8217;int\u00e9rieur ou \u00e0 l\u2019ext\u00e9rieur de votre domicile.<\/p>\n<p>Pour tirer le meilleur parti de ces services, il suffit de suivre ces \u00e9tapes tr\u00e8s simples :<\/p>\n<ul>\n<li>Choisissez un service de streaming qui met en avant vos sports favoris.<\/li>\n<li>V\u00e9rifiez que vos appareils supportent le streaming en direct.<\/li>\n<li>V\u00e9rifiez que votre syst\u00e8me g\u00e8re efficacement une forte sollicitation au r\u00e9seau WiFi, comme le fait Orbi 970.<\/li>\n<li>Configurez le WiFi pour profiter d\u2019une connexion \u00e0 la fois performante et s\u00e9curis\u00e9e.<\/li>\n<\/ul>\n    <\/div>\n        <div id=\"topic4\" class=\"skip-item\">\n                        <h2>Configuration du r\u00e9seau invit\u00e9 pour le streaming avec Orbi 970<\/h2>\n                <p>Si vous souhaitez partager ces moments de sport avec des amis, vous pouvez pr\u00e9voir de configurer un r\u00e9seau WiFi invit\u00e9. En effet, Orbi 970 offre la possibilit\u00e9 de configurer trois r\u00e9seaux individuels : domestique, invit\u00e9 et IoT (Internet des objets), et ce pour une large gamme d&#8217;appareils, gadgets et applications.<br \/>\nAinsi, vos invit\u00e9s pourront rester connect\u00e9s \u00e0 leurs tablettes ou \u00e0 leurs smartphones pour suivre une autre comp\u00e9tition et suivre les r\u00e9sultats en direct. Pour cela il suffit de suivre ces \u00e9tapes :<\/p>\n<p>&#8211; Connectez-vous au tableau de bord de votre routeur Orbi via l&#8217;application NETGEAR Orbi ou \u00e0 l&#8217;interface web.<br \/>\n&#8211; Activez l&#8217;option &#8220;Guest Network&#8221; (R\u00e9seau Invit\u00e9) pour cr\u00e9er un r\u00e9seau WiFi s\u00e9par\u00e9.<br \/>\n&#8211; Personnalisez le r\u00e9seau invit\u00e9 et s\u00e9curisez-le avec un mot de passe.<br \/>\n&#8211; Partagez les d\u00e9tails de connexion avec vos invit\u00e9s.<\/p>\n<p>Une fois le r\u00e9seau WiFi disponible, vous et vos amis pourrez profiter pleinement du match ou de la comp\u00e9tition et encourager vos sportifs favoris ! Notez que votre r\u00e9seau WiFi domestique principal restera enti\u00e8rement fonctionnel et s\u00e9curis\u00e9 pour les membres autoris\u00e9s, quel que soit le nombre de connexions au r\u00e9seau invit\u00e9. Les comp\u00e9titions sportives de 2024 sont l&#8217;occasion id\u00e9ale de surclasser votre installation en WiFi 7 pour profiter de sa tr\u00e8s faible latence et de son d\u00e9bit ultra-rapide (jusqu&#8217;\u00e0 27 Gbps).<\/p>\n    <\/div>\n        <div id=\"topic5\" class=\"skip-item\">\n                        <h2>Ajoutez sur votre agenda une f\u00eate qui fera sensation<\/h2>\n                <p>Depuis leur lancement par NETGEAR \u00e0 la fin des ann\u00e9es 90, les routeurs WiFi ont \u00e9norm\u00e9ment \u00e9volu\u00e9 pour arriver aux syst\u00e8mes Mesh ultra-rapides d\u2019aujourd\u2019hui. Avec le syst\u00e8me Mesh Orbi 970 de NETGEAR, chaque exploit sportif pourra \u00eatre c\u00e9l\u00e9br\u00e9 en haute d\u00e9finition. Une mise \u00e0 niveau vers le WiFi 7 de NETGEAR pourrait bien faire de ces comp\u00e9titions l&#8217;exp\u00e9rience la plus excitante de votre vie.<\/p>\n    <\/div>\n        <div id=\"topic6\" class=\"skip-item\">\n                        <h2>Qualit\u00e9 du streaming en direct pour toute connexion Internet<\/h2>\n                <p>Le WiFi 7 d\u00e9livr\u00e9 par Orbi fonctionne avec tous les FAI (fournisseur d&#8217;acc\u00e8s \u00e0 Internet) et la majorit\u00e9 des box Internet. Avec le WiFi 7, le streaming n&#8217;est pas limit\u00e9 \u00e0 un seul appareil. Vous pouvez regarder vos films Netflix en streaming sur une t\u00e9l\u00e9vision grand \u00e9cran, un iPhone ou un t\u00e9l\u00e9phone Android, une tablette ou m\u00eame un ordinateur portable. Le r\u00e9seau Mesh Orbi 970 couvre chaque recoin de la maison afin que tous ses occupants profitent en permanence des meilleures vitesses.<\/p>\n    <\/div>\n        <div id=\"topic7\" class=\"skip-item\">\n                        <h2>Streaming avec un hotspot<\/h2>\n                <p>Si toutefois vous devez voyager cet \u00e9t\u00e9 et que vous voulez continuer \u00e0 suivre les \u00e9pop\u00e9es sportives en haute qualit\u00e9, les routeurs mobiles 5G de NETGEAR seront des alli\u00e9s de choix. En effet, les hotspots mobiles Nighthawk M6 et Nighthawk M6 Pro sont d\u00e9bloqu\u00e9s et peuvent fonctionner dans 125 pays. Gr\u00e2ce \u00e0 eux, vous pouvez b\u00e9n\u00e9ficier de tr\u00e8s hauts d\u00e9bits pour tous vos appareils. Le WiFi mobile a progress\u00e9 au m\u00eame rythme que le WiFi Mesh, et les hotspots Nighthawk transforment les modes de diffusion et de consommation du sport en temps r\u00e9el.<\/p>\n    <\/div>\n        <div id=\"topic8\" class=\"skip-item\">\n                        <h2>FAQs<\/h2>\n                    <div class=\"common-qus-area\">\n                <div class=\"qus-ans-area\">\n                        <h6>Que dire de l'acc\u00e8s Internet par Ethernet ?<\/h6>\n                                    <p>NETGEAR Orbi propose des options de connectivit\u00e9 avec et sans fil. Les meilleurs FAI proposent des offres par fibre optique incroyablement rapides avec une connexion Ethernet. Chaque satellite Orbi 970 dispose de ports Ethernet afin de pouvoir fournir de meilleures vitesses aux appareils de votre choix, comme une Smart TV 4K\/8K par exemple.<\/p>\n                    <\/div>\n                <div class=\"qus-ans-area\">\n                        <h6>Comment choisir les meilleurs FAI pour le streaming ?<\/h6>\n                                    <p>Si vous cherchez une offre de qualit\u00e9, assurez-vous de choisir une offre fibre \u00e0 laquelle vous ajouterez une solution de WiFi 7 compl\u00e8te pour un confort absolu devant vos \u00e9missions, vos films et vos \u00e9v\u00e9nements sportifs pr\u00e9f\u00e9r\u00e9s.<\/p>\n                    <\/div>\n            <\/div>\n\n<p><a href=\"\/\/www.netgear.com\/fr\/home\/wifi\/mesh\/rbe973sb\/\"><img loading=\"lazy\" decoding=\"async\" class=\"aligncenter wp-image-10642 size-full\" src=\"https:\/\/www.netgear.com\/hub\/wp-content\/uploads\/2024\/02\/superbowl-wide-shop-now.jpg\" alt=\"NETGEAR Orbi WiFi 7 Ad\" width=\"728\" height=\"90\" \/><\/a><br \/>\n<div class=\"explore-btn-area\"><a class=\"explore-btn\" href=\"\/\/www.netgear.com\/fr\/home\/wifi\/mesh\/rbe973sb\/\">Achetez le Syst\u00e8me Mesh WiFi 7 Orbi S\u00e9rie 970<\/a><\/div><\/p>\n    <\/div>\n    \n","protected":false},"excerpt":{"rendered":"","protected":false},"author":68,"featured_media":9455,"parent":6707,"menu_order":9,"comment_status":"closed","ping_status":"closed","template":"templates\/blog-wifi.php","meta":{"_acf_changed":false,"content-type":"","footnotes":""},"class_list":["post-9454","page","type-page","status-publish","has-post-thumbnail","hentry"],"acf":[],"yoast_head":"<!-- This site is optimized with the Yoast SEO plugin v27.5 - https:\/\/yoast.com\/product\/yoast-seo-wordpress\/ -->\n<title>WiFi pour \u00e9v\u00e9nements sportifs | Solutions Mesh NETGEAR<\/title>\n<meta name=\"description\" content=\"Optimisez le WiFi pour les \u00e9v\u00e9nements sportifs avec les solutions Mesh de NETGEAR. Offrez une connexion rapide et fiable \u00e0 tous vos participants.\" \/>\n<meta name=\"robots\" content=\"index, follow, max-snippet:-1, max-image-preview:large, max-video-preview:-1\" \/>\n<link rel=\"canonical\" href=\"https:\/\/frhub.netgear.com\/fr\/hub\/wifi\/mesh\/evenements-sportifs-wifi\/\" \/>\n<meta property=\"og:locale\" content=\"en_US\" \/>\n<meta property=\"og:type\" content=\"article\" \/>\n<meta property=\"og:title\" content=\"WiFi pour \u00e9v\u00e9nements sportifs | Solutions Mesh NETGEAR\" \/>\n<meta property=\"og:description\" content=\"Optimisez le WiFi pour les \u00e9v\u00e9nements sportifs avec les solutions Mesh de NETGEAR. Offrez une connexion rapide et fiable \u00e0 tous vos participants.\" \/>\n<meta property=\"og:url\" content=\"https:\/\/frhub.netgear.com\/fr\/hub\/wifi\/mesh\/evenements-sportifs-wifi\/\" \/>\n<meta property=\"og:site_name\" content=\"NETGEAR Blog\" \/>\n<meta property=\"article:publisher\" content=\"https:\/\/www.facebook.com\/NetgearAU\/\" \/>\n<meta property=\"article:modified_time\" content=\"2024-12-11T23:08:25+00:00\" \/>\n<meta property=\"og:image\" content=\"https:\/\/frhub.netgear.com\/fr\/hub\/wp-content\/uploads\/2024\/05\/orbi-970-superbowl.jpg\" \/>\n\t<meta property=\"og:image:width\" content=\"1920\" \/>\n\t<meta property=\"og:image:height\" content=\"550\" \/>\n\t<meta property=\"og:image:type\" content=\"image\/jpeg\" \/>\n<meta name=\"twitter:card\" content=\"summary_large_image\" \/>\n<meta name=\"twitter:site\" content=\"@NETGEAR\" \/>\n<script type=\"application\/ld+json\" class=\"yoast-schema-graph\">{\"@context\":\"https:\\\/\\\/schema.org\",\"@graph\":[{\"@type\":\"WebPage\",\"@id\":\"https:\\\/\\\/frhub.netgear.com\\\/fr\\\/hub\\\/wifi\\\/mesh\\\/evenements-sportifs-wifi\\\/\",\"url\":\"https:\\\/\\\/frhub.netgear.com\\\/fr\\\/hub\\\/wifi\\\/mesh\\\/evenements-sportifs-wifi\\\/\",\"name\":\"WiFi pour \u00e9v\u00e9nements sportifs | Solutions Mesh NETGEAR\",\"isPartOf\":{\"@id\":\"https:\\\/\\\/frhub.netgear.com\\\/fr\\\/hub\\\/#website\"},\"primaryImageOfPage\":{\"@id\":\"https:\\\/\\\/frhub.netgear.com\\\/fr\\\/hub\\\/wifi\\\/mesh\\\/evenements-sportifs-wifi\\\/#primaryimage\"},\"image\":{\"@id\":\"https:\\\/\\\/frhub.netgear.com\\\/fr\\\/hub\\\/wifi\\\/mesh\\\/evenements-sportifs-wifi\\\/#primaryimage\"},\"thumbnailUrl\":\"https:\\\/\\\/frhub.netgear.com\\\/fr\\\/hub\\\/wp-content\\\/uploads\\\/2024\\\/05\\\/orbi-970-superbowl.jpg\",\"datePublished\":\"2024-05-21T02:06:49+00:00\",\"dateModified\":\"2024-12-11T23:08:25+00:00\",\"description\":\"Optimisez le WiFi pour les \u00e9v\u00e9nements sportifs avec les solutions Mesh de NETGEAR. Offrez une connexion rapide et fiable \u00e0 tous vos participants.\",\"breadcrumb\":{\"@id\":\"https:\\\/\\\/frhub.netgear.com\\\/fr\\\/hub\\\/wifi\\\/mesh\\\/evenements-sportifs-wifi\\\/#breadcrumb\"},\"inLanguage\":\"en-US\",\"potentialAction\":[{\"@type\":\"ReadAction\",\"target\":[\"https:\\\/\\\/frhub.netgear.com\\\/fr\\\/hub\\\/wifi\\\/mesh\\\/evenements-sportifs-wifi\\\/\"]}]},{\"@type\":\"ImageObject\",\"inLanguage\":\"en-US\",\"@id\":\"https:\\\/\\\/frhub.netgear.com\\\/fr\\\/hub\\\/wifi\\\/mesh\\\/evenements-sportifs-wifi\\\/#primaryimage\",\"url\":\"https:\\\/\\\/frhub.netgear.com\\\/fr\\\/hub\\\/wp-content\\\/uploads\\\/2024\\\/05\\\/orbi-970-superbowl.jpg\",\"contentUrl\":\"https:\\\/\\\/frhub.netgear.com\\\/fr\\\/hub\\\/wp-content\\\/uploads\\\/2024\\\/05\\\/orbi-970-superbowl.jpg\",\"width\":1920,\"height\":550,\"caption\":\"Orbi superbowl\"},{\"@type\":\"BreadcrumbList\",\"@id\":\"https:\\\/\\\/frhub.netgear.com\\\/fr\\\/hub\\\/wifi\\\/mesh\\\/evenements-sportifs-wifi\\\/#breadcrumb\",\"itemListElement\":[{\"@type\":\"ListItem\",\"position\":1,\"name\":\"Home\",\"item\":\"https:\\\/\\\/frhub.netgear.com\\\/fr\\\/hub\\\/\"},{\"@type\":\"ListItem\",\"position\":2,\"name\":\"WiFi Tech Articles Hub\",\"item\":\"https:\\\/\\\/frhub.netgear.com\\\/fr\\\/hub\\\/wifi\\\/\"},{\"@type\":\"ListItem\",\"position\":3,\"name\":\"Articles sur le WiFi Maill\u00e9\",\"item\":\"https:\\\/\\\/frhub.netgear.com\\\/fr\\\/hub\\\/wifi\\\/mesh\\\/\"},{\"@type\":\"ListItem\",\"position\":4,\"name\":\"Streamer les \u00e9v\u00e9nements sportifs en WiFi\"}]},{\"@type\":\"WebSite\",\"@id\":\"https:\\\/\\\/frhub.netgear.com\\\/fr\\\/hub\\\/#website\",\"url\":\"https:\\\/\\\/frhub.netgear.com\\\/fr\\\/hub\\\/\",\"name\":\"NETGEAR Hub France\",\"description\":\"Explorez les pages de notre blog et parcourez les articles pour en savoir plus sur les produits et la technologie NETGEAR.\",\"publisher\":{\"@id\":\"https:\\\/\\\/frhub.netgear.com\\\/fr\\\/hub\\\/#organization\"},\"potentialAction\":[{\"@type\":\"SearchAction\",\"target\":{\"@type\":\"EntryPoint\",\"urlTemplate\":\"https:\\\/\\\/frhub.netgear.com\\\/fr\\\/hub\\\/?s={search_term_string}\"},\"query-input\":{\"@type\":\"PropertyValueSpecification\",\"valueRequired\":true,\"valueName\":\"search_term_string\"}}],\"inLanguage\":\"en-US\"},{\"@type\":\"Organization\",\"@id\":\"https:\\\/\\\/frhub.netgear.com\\\/fr\\\/hub\\\/#organization\",\"name\":\"NETGEAR\",\"url\":\"https:\\\/\\\/frhub.netgear.com\\\/fr\\\/hub\\\/\",\"logo\":{\"@type\":\"ImageObject\",\"inLanguage\":\"en-US\",\"@id\":\"https:\\\/\\\/frhub.netgear.com\\\/fr\\\/hub\\\/#\\\/schema\\\/logo\\\/image\\\/\",\"url\":\"https:\\\/\\\/www.netgear.com\\\/fr\\\/hub\\\/wp-content\\\/uploads\\\/2019\\\/07\\\/NETGEAR_logo.jpg\",\"contentUrl\":\"https:\\\/\\\/www.netgear.com\\\/fr\\\/hub\\\/wp-content\\\/uploads\\\/2019\\\/07\\\/NETGEAR_logo.jpg\",\"width\":1500,\"height\":501,\"caption\":\"NETGEAR\"},\"image\":{\"@id\":\"https:\\\/\\\/frhub.netgear.com\\\/fr\\\/hub\\\/#\\\/schema\\\/logo\\\/image\\\/\"},\"sameAs\":[\"https:\\\/\\\/www.facebook.com\\\/NetgearAU\\\/\",\"https:\\\/\\\/x.com\\\/NETGEAR\",\"https:\\\/\\\/www.linkedin.com\\\/company\\\/netgear\"]}]}<\/script>\n<!-- \/ Yoast SEO plugin. -->","yoast_head_json":{"title":"WiFi pour \u00e9v\u00e9nements sportifs | Solutions Mesh NETGEAR","description":"Optimisez le WiFi pour les \u00e9v\u00e9nements sportifs avec les solutions Mesh de NETGEAR. Offrez une connexion rapide et fiable \u00e0 tous vos participants.","robots":{"index":"index","follow":"follow","max-snippet":"max-snippet:-1","max-image-preview":"max-image-preview:large","max-video-preview":"max-video-preview:-1"},"canonical":"https:\/\/frhub.netgear.com\/fr\/hub\/wifi\/mesh\/evenements-sportifs-wifi\/","og_locale":"en_US","og_type":"article","og_title":"WiFi pour \u00e9v\u00e9nements sportifs | Solutions Mesh NETGEAR","og_description":"Optimisez le WiFi pour les \u00e9v\u00e9nements sportifs avec les solutions Mesh de NETGEAR. Offrez une connexion rapide et fiable \u00e0 tous vos participants.","og_url":"https:\/\/frhub.netgear.com\/fr\/hub\/wifi\/mesh\/evenements-sportifs-wifi\/","og_site_name":"NETGEAR Blog","article_publisher":"https:\/\/www.facebook.com\/NetgearAU\/","article_modified_time":"2024-12-11T23:08:25+00:00","og_image":[{"width":1920,"height":550,"url":"https:\/\/frhub.netgear.com\/fr\/hub\/wp-content\/uploads\/2024\/05\/orbi-970-superbowl.jpg","type":"image\/jpeg"}],"twitter_card":"summary_large_image","twitter_site":"@NETGEAR","schema":{"@context":"https:\/\/schema.org","@graph":[{"@type":"WebPage","@id":"https:\/\/frhub.netgear.com\/fr\/hub\/wifi\/mesh\/evenements-sportifs-wifi\/","url":"https:\/\/frhub.netgear.com\/fr\/hub\/wifi\/mesh\/evenements-sportifs-wifi\/","name":"WiFi pour \u00e9v\u00e9nements sportifs | Solutions Mesh NETGEAR","isPartOf":{"@id":"https:\/\/frhub.netgear.com\/fr\/hub\/#website"},"primaryImageOfPage":{"@id":"https:\/\/frhub.netgear.com\/fr\/hub\/wifi\/mesh\/evenements-sportifs-wifi\/#primaryimage"},"image":{"@id":"https:\/\/frhub.netgear.com\/fr\/hub\/wifi\/mesh\/evenements-sportifs-wifi\/#primaryimage"},"thumbnailUrl":"https:\/\/frhub.netgear.com\/fr\/hub\/wp-content\/uploads\/2024\/05\/orbi-970-superbowl.jpg","datePublished":"2024-05-21T02:06:49+00:00","dateModified":"2024-12-11T23:08:25+00:00","description":"Optimisez le WiFi pour les \u00e9v\u00e9nements sportifs avec les solutions Mesh de NETGEAR. Offrez une connexion rapide et fiable \u00e0 tous vos participants.","breadcrumb":{"@id":"https:\/\/frhub.netgear.com\/fr\/hub\/wifi\/mesh\/evenements-sportifs-wifi\/#breadcrumb"},"inLanguage":"en-US","potentialAction":[{"@type":"ReadAction","target":["https:\/\/frhub.netgear.com\/fr\/hub\/wifi\/mesh\/evenements-sportifs-wifi\/"]}]},{"@type":"ImageObject","inLanguage":"en-US","@id":"https:\/\/frhub.netgear.com\/fr\/hub\/wifi\/mesh\/evenements-sportifs-wifi\/#primaryimage","url":"https:\/\/frhub.netgear.com\/fr\/hub\/wp-content\/uploads\/2024\/05\/orbi-970-superbowl.jpg","contentUrl":"https:\/\/frhub.netgear.com\/fr\/hub\/wp-content\/uploads\/2024\/05\/orbi-970-superbowl.jpg","width":1920,"height":550,"caption":"Orbi superbowl"},{"@type":"BreadcrumbList","@id":"https:\/\/frhub.netgear.com\/fr\/hub\/wifi\/mesh\/evenements-sportifs-wifi\/#breadcrumb","itemListElement":[{"@type":"ListItem","position":1,"name":"Home","item":"https:\/\/frhub.netgear.com\/fr\/hub\/"},{"@type":"ListItem","position":2,"name":"WiFi Tech Articles Hub","item":"https:\/\/frhub.netgear.com\/fr\/hub\/wifi\/"},{"@type":"ListItem","position":3,"name":"Articles sur le WiFi Maill\u00e9","item":"https:\/\/frhub.netgear.com\/fr\/hub\/wifi\/mesh\/"},{"@type":"ListItem","position":4,"name":"Streamer les \u00e9v\u00e9nements sportifs en WiFi"}]},{"@type":"WebSite","@id":"https:\/\/frhub.netgear.com\/fr\/hub\/#website","url":"https:\/\/frhub.netgear.com\/fr\/hub\/","name":"NETGEAR Hub France","description":"Explorez les pages de notre blog et parcourez les articles pour en savoir plus sur les produits et la technologie NETGEAR.","publisher":{"@id":"https:\/\/frhub.netgear.com\/fr\/hub\/#organization"},"potentialAction":[{"@type":"SearchAction","target":{"@type":"EntryPoint","urlTemplate":"https:\/\/frhub.netgear.com\/fr\/hub\/?s={search_term_string}"},"query-input":{"@type":"PropertyValueSpecification","valueRequired":true,"valueName":"search_term_string"}}],"inLanguage":"en-US"},{"@type":"Organization","@id":"https:\/\/frhub.netgear.com\/fr\/hub\/#organization","name":"NETGEAR","url":"https:\/\/frhub.netgear.com\/fr\/hub\/","logo":{"@type":"ImageObject","inLanguage":"en-US","@id":"https:\/\/frhub.netgear.com\/fr\/hub\/#\/schema\/logo\/image\/","url":"https:\/\/www.netgear.com\/fr\/hub\/wp-content\/uploads\/2019\/07\/NETGEAR_logo.jpg","contentUrl":"https:\/\/www.netgear.com\/fr\/hub\/wp-content\/uploads\/2019\/07\/NETGEAR_logo.jpg","width":1500,"height":501,"caption":"NETGEAR"},"image":{"@id":"https:\/\/frhub.netgear.com\/fr\/hub\/#\/schema\/logo\/image\/"},"sameAs":["https:\/\/www.facebook.com\/NetgearAU\/","https:\/\/x.com\/NETGEAR","https:\/\/www.linkedin.com\/company\/netgear"]}]}},"_links":{"self":[{"href":"https:\/\/frhub.netgear.com\/fr\/hub\/wp-json\/wp\/v2\/pages\/9454","targetHints":{"allow":["GET"]}}],"collection":[{"href":"https:\/\/frhub.netgear.com\/fr\/hub\/wp-json\/wp\/v2\/pages"}],"about":[{"href":"https:\/\/frhub.netgear.com\/fr\/hub\/wp-json\/wp\/v2\/types\/page"}],"author":[{"embeddable":true,"href":"https:\/\/frhub.netgear.com\/fr\/hub\/wp-json\/wp\/v2\/users\/68"}],"replies":[{"embeddable":true,"href":"https:\/\/frhub.netgear.com\/fr\/hub\/wp-json\/wp\/v2\/comments?post=9454"}],"version-history":[{"count":6,"href":"https:\/\/frhub.netgear.com\/fr\/hub\/wp-json\/wp\/v2\/pages\/9454\/revisions"}],"predecessor-version":[{"id":9860,"href":"https:\/\/frhub.netgear.com\/fr\/hub\/wp-json\/wp\/v2\/pages\/9454\/revisions\/9860"}],"up":[{"embeddable":true,"href":"https:\/\/frhub.netgear.com\/fr\/hub\/wp-json\/wp\/v2\/pages\/6707"}],"wp:featuredmedia":[{"embeddable":true,"href":"https:\/\/frhub.netgear.com\/fr\/hub\/wp-json\/wp\/v2\/media\/9455"}],"wp:attachment":[{"href":"https:\/\/frhub.netgear.com\/fr\/hub\/wp-json\/wp\/v2\/media?parent=9454"}],"curies":[{"name":"wp","href":"https:\/\/api.w.org\/{rel}","templated":true}]}}