{"id":9441,"date":"2024-05-13T23:50:02","date_gmt":"2024-05-13T21:50:02","guid":{"rendered":"https:\/\/www.netgear.com\/fr\/hub\/?page_id=9441"},"modified":"2025-09-15T15:34:18","modified_gmt":"2025-09-15T13:34:18","slug":"10-gbps-wifi-7-et-wifi-6e","status":"publish","type":"page","link":"https:\/\/frhub.netgear.com\/fr\/hub\/wifi\/routers\/10-gbps-wifi-7-et-wifi-6e\/","title":{"rendered":"Nos deux meilleurs routeurs 10 Gbps WiFi 7 et WiFi 6E"},"content":{"rendered":"    <div class=\"table-of-content bg-gray\">\n        <p><strong>IN THIS ARTICLE<\/strong><\/p>\n        <ul>\n                        <li><a href=\"#topic1\">Routeurs multi-gigabit<\/a><\/li>\n                        <li><a href=\"#topic2\">Routeurs performants et \u00e9volutifs en syst\u00e8mes Mesh<\/a><\/li>\n                        <li><a href=\"#topic3\">Qu'est-ce que le WiFi 7 ?<\/a><\/li>\n                        <li><a href=\"#topic4\">Caract\u00e9ristiques du routeur WiFi 6E 10 gigabit Orbi 960<\/a><\/li>\n                        <li><a href=\"#topic5\">Caract\u00e9ristiques du routeur  WiFi 6 10 gigabit Orbi 860<\/a><\/li>\n                        <li><a href=\"#topic6\">NETGEAR Armor\u2122 et le contr\u00f4le parental<\/a><\/li>\n                    <\/ul>\n    <\/div>\n        <div id=\"topic1\" class=\"skip-item\">\n                        <h2>Routeurs multi-gigabit<\/h2>\n                <p>Avec le d\u00e9veloppement de la vie nomade et du t\u00e9l\u00e9travail, l&#8217;acc\u00e8s \u00e0 un WiFi fiable, rapide et s\u00e9curis\u00e9 pour son domicile est essentiel. Alors que les offres des FAI (fournisseurs d&#8217;acc\u00e8s \u00e0 Internet) atteignent maintenant des d\u00e9bits allant jusqu\u2019\u00e0 10 Gbps, il faut donc s\u2019\u00e9quiper d\u2019un routeur multi-gigabit puissant pour pouvoir b\u00e9n\u00e9ficier d\u2019une connexion WiFi capable de suivre la cadence. C&#8217;est pourquoi NETGEAR dispose, dans sa gamme phare Orbi, de deux routeurs autonomes : le RBRE960 (Orbi 960) et le RBR860S (Orbi 860).<\/p>\n    <\/div>\n        <div id=\"topic2\" class=\"skip-item\">\n                        <h2>Routeurs performants et \u00e9volutifs en syst\u00e8mes Mesh<\/h2>\n                <p>Les routeurs Orbi conviennent particuli\u00e8rement \u00e0 tous ceux qui habitent en appartements ou en maison et qui souhaitent b\u00e9n\u00e9ficier d&#8217;un syst\u00e8me Orbi performant et extensible, c\u2019est-\u00e0-dire des syst\u00e8mes maill\u00e9s (Mesh). Il est possible d&#8217;y ajouter des satellites en quelques minutes pour couvrir une terrasse, une nouvelle pi\u00e8ce (comme par exemple un bureau am\u00e9nag\u00e9 sous les combles), et m\u00eame un domicile plus grand en cas de d\u00e9m\u00e9nagement. Les deux routeurs Mesh (maill\u00e9s) Orbi 10 Gbps sont aussi disponibles dans des packs incluant chacun un routeur et deux satellites.<\/p>\n    <\/div>\n        <div id=\"topic3\" class=\"skip-item\">\n                        <h2>Qu'est-ce que le WiFi 7 ?<\/h2>\n                <p>La derni\u00e8re norme WiFi 7 fait des v\u00e9ritables vitesses WiFi multigig dans toute la maison une r\u00e9alit\u00e9, ouvrant un nouveau monde de possibilit\u00e9s pour les modes de vie connect\u00e9s d&#8217;aujourd&#8217;hui.<\/p>\n<ul>\n<li>2.4x PLUS RAPIDE: T\u00e9l\u00e9chargez des films, des jeux et des fichiers en un instant<\/li>\n<li>JUSQU&#8217;\u00c0 5X PLUS DE CAPACIT\u00c9: diffusez sur plus d&#8217;appareils sans faille, tout \u00e0 la fois<\/li>\n<li>PLUS DE FIABILIT\u00c9: moins de baisses de vitesse et de pertes de connexions<\/li>\n<li>MOINS D&#8217;INTERF\u00c9RENCES: les autres r\u00e9seaux WiFi ne vous ralentiront pas<\/li>\n<li>LATENCE INF\u00c9RIEURE: meilleures performances de divertissement et de jeu<\/li>\n<\/ul>\n    <\/div>\n        <div id=\"topic4\" class=\"skip-item\">\n                        <h2>Caract\u00e9ristiques du routeur WiFi 6E 10 gigabit Orbi 960<\/h2>\n                <p><img loading=\"lazy\" decoding=\"async\" class=\"aligncenter size-large wp-image-9141\" src=\"https:\/\/www.netgear.com\/hub\/wp-content\/uploads\/2023\/09\/Orbi_RBE970_Office-1024x394.jpg\" alt=\"\" width=\"1024\" height=\"394\" \/><br \/>\nLe routeur Mesh (maill\u00e9) Orbi\u00ae S\u00e9rie 970 WiFi 7 lib\u00e8re des vitesses allant jusqu&#8217;\u00e0 27 Gbit\/s\u2020 pour des performances et une couverture in\u00e9gal\u00e9es pour toute votre maison, de l\u2019entr\u00e9e au jardin et du rez-de-chauss\u00e9e au grenier. Les ports Ethernet 10 Gbit\/s \u2020 et 2,5 Gbit\/s \u2020 d\u00e9bloquent une vitesse et une fiabilit\u00e9 imbattables pour les connexions filaires, y compris les consoles de jeux, le stockage multim\u00e9dia et l&#8217;option de backhaul filaire 10 Gbit\/s. Le routeur Mesh (maill\u00e9) Orbi 960, c\u2019est le meilleur choix pour tous les utilisateurs qui veulent exploiter pleinement la norme WiFi 6E, disponible sur les derniers iPhone, t\u00e9l\u00e9phones Android ou PC Windows 11. Avec la nouvelle bande WiFi 6 GHz, son d\u00e9bit peut atteindre 10,8 Gbps et offre une couverture de 265 m\u00b2. Le routeur Orbi 960 dispose \u00e9galement d&#8217;une connectique filaire de qualit\u00e9 sup\u00e9rieure incluant un port WAN Ethernet 10 Gbps, un port LAN Ethernet 2,5 Gbps, et trois ports LAN Ethernet 10\/100\/1000 Mbps. Il est possible d\u2019y ajouter le logiciel de s\u00e9curit\u00e9 Armor\u2122, qui prot\u00e8ge les appareils connect\u00e9s au routeur contre les cybermenaces.<\/p>\n<p><img decoding=\"async\" class=\"alignright size-large wp-image-10912\" src=\"https:\/\/www.netgear.com\/hub\/wp-content\/uploads\/2024\/03\/10GbE-ports.jpg\" alt=\"\" width=\"300\" \/><\/p>\n    <\/div>\n        <div id=\"topic5\" class=\"skip-item\">\n                        <h2>Caract\u00e9ristiques du routeur  WiFi 6 10 gigabit Orbi 860<\/h2>\n                <p>Le routeur Mesh (maill\u00e9) Orbi 860 fournit un WiFi 6 tri-bande (12 flux) qui maximise le d\u00e9bit et la port\u00e9e de tous les appareils qui y sont connect\u00e9s, qu\u2019ils soient r\u00e9cents ou anciens. Il dispose d&#8217;un port Internet 10 Gbps et de quatre ports LAN Ethernet 1 Gbps. Gr\u00e2ce \u00e0 son antenne de conception brevet\u00e9e, il gagne 20 % de performance sur son pr\u00e9d\u00e9cesseur avec une couverture atteignant 250 m\u00b2. Le routeur maill\u00e9 Orbi 860 int\u00e8gre \u00e9galement le logiciel de s\u00e9curit\u00e9 NETGEAR Armor\u2122 (gratuit pendant 1 an) qui agit comme un bouclier de protection pour tous vos appareils connect\u00e9s en WiFi.<\/p>\n    <\/div>\n        <div id=\"topic6\" class=\"skip-item\">\n                        <h2>NETGEAR Armor\u2122 et le contr\u00f4le parental<\/h2>\n                <p><img loading=\"lazy\" decoding=\"async\" class=\"size-medium wp-image-9087 alignleft\" src=\"https:\/\/www.netgear.com\/fr\/hub\/wp-content\/uploads\/2023\/09\/protection-col-img-300x219.jpg\" alt=\"\" width=\"300\" height=\"219\" srcset=\"https:\/\/frhub.netgear.com\/fr\/hub\/wp-content\/uploads\/2023\/09\/protection-col-img-300x219.jpg 300w, https:\/\/frhub.netgear.com\/fr\/hub\/wp-content\/uploads\/2023\/09\/protection-col-img.jpg 512w\" sizes=\"auto, (max-width: 300px) 100vw, 300px\" \/>Le service NETGEAR\u00ae Armor\u2122 offre un bouclier de s\u00e9curit\u00e9 automatique pour votre WiFi et les appareils connect\u00e9s (ordinateur, t\u00e9l\u00e9phone, cam\u00e9ra, t\u00e9l\u00e9vision, enceinte, etc.) pour une protection en temps r\u00e9el contre les cybermenaces et une confidentialit\u00e9 accrue avec le VPN. Abonnement d&#8217;un an inclus<\/p>\n<p>Avec leur design compact et \u00e9l\u00e9gant, les deux routeurs Orbi sauront s&#8217;int\u00e9grer facilement dans votre int\u00e9rieur. Tr\u00e8s faciles \u00e0 configurer et \u00e0 g\u00e9rer via l&#8217;application Orbi, ils incluent tous les deux une solution de contr\u00f4le parental intelligent pour r\u00e9guler l&#8217;utilisation d&#8217;Internet faite par vos enfants.<\/p>\n    <\/div>\n    \n","protected":false},"excerpt":{"rendered":"","protected":false},"author":68,"featured_media":10927,"parent":6752,"menu_order":10,"comment_status":"closed","ping_status":"closed","template":"templates\/blog-wifi.php","meta":{"_acf_changed":false,"content-type":"","footnotes":""},"class_list":["post-9441","page","type-page","status-publish","has-post-thumbnail","hentry"],"acf":[],"yoast_head":"<!-- This site is optimized with the Yoast SEO plugin v27.4 - https:\/\/yoast.com\/product\/yoast-seo-wordpress\/ -->\n<title>Routeurs WiFi 7 et 6E 10 Gb\/s | NETGEAR FR<\/title>\n<meta name=\"description\" content=\"D\u00e9couvrez les routeurs WiFi 7 et 6E NETGEAR avec ports 10 Gb\/s. Vitesse et capacit\u00e9 in\u00e9gal\u00e9es pour le streaming et le gaming sans fil nouvelle g\u00e9n\u00e9ration.\" \/>\n<meta name=\"robots\" content=\"index, follow, max-snippet:-1, max-image-preview:large, max-video-preview:-1\" \/>\n<link rel=\"canonical\" href=\"https:\/\/frhub.netgear.com\/fr\/hub\/wifi\/routers\/10-gbps-wifi-7-et-wifi-6e\/\" \/>\n<meta property=\"og:locale\" content=\"en_US\" \/>\n<meta property=\"og:type\" content=\"article\" \/>\n<meta property=\"og:title\" content=\"Routeurs WiFi 7 et 6E 10 Gb\/s | NETGEAR FR\" \/>\n<meta property=\"og:description\" content=\"D\u00e9couvrez les routeurs WiFi 7 et 6E NETGEAR avec ports 10 Gb\/s. Vitesse et capacit\u00e9 in\u00e9gal\u00e9es pour le streaming et le gaming sans fil nouvelle g\u00e9n\u00e9ration.\" \/>\n<meta property=\"og:url\" content=\"https:\/\/frhub.netgear.com\/fr\/hub\/wifi\/routers\/10-gbps-wifi-7-et-wifi-6e\/\" \/>\n<meta property=\"og:site_name\" content=\"NETGEAR Blog\" \/>\n<meta property=\"article:publisher\" content=\"https:\/\/www.facebook.com\/NetgearAU\/\" \/>\n<meta property=\"article:modified_time\" content=\"2025-09-15T13:34:18+00:00\" \/>\n<meta property=\"og:image\" content=\"https:\/\/frhub.netgear.com\/fr\/hub\/wp-content\/uploads\/2025\/09\/vignette-Nos-deux-meilleurs-routeurs-10-Gbps-WiFi-7-et-WiFi-6E.png\" \/>\n\t<meta property=\"og:image:width\" content=\"612\" \/>\n\t<meta property=\"og:image:height\" content=\"408\" \/>\n\t<meta property=\"og:image:type\" content=\"image\/png\" \/>\n<meta name=\"twitter:card\" content=\"summary_large_image\" \/>\n<meta name=\"twitter:site\" content=\"@NETGEAR\" \/>\n<script type=\"application\/ld+json\" class=\"yoast-schema-graph\">{\"@context\":\"https:\\\/\\\/schema.org\",\"@graph\":[{\"@type\":\"WebPage\",\"@id\":\"https:\\\/\\\/frhub.netgear.com\\\/fr\\\/hub\\\/wifi\\\/routers\\\/10-gbps-wifi-7-et-wifi-6e\\\/\",\"url\":\"https:\\\/\\\/frhub.netgear.com\\\/fr\\\/hub\\\/wifi\\\/routers\\\/10-gbps-wifi-7-et-wifi-6e\\\/\",\"name\":\"Routeurs WiFi 7 et 6E 10 Gb\\\/s | NETGEAR FR\",\"isPartOf\":{\"@id\":\"https:\\\/\\\/frhub.netgear.com\\\/fr\\\/hub\\\/#website\"},\"primaryImageOfPage\":{\"@id\":\"https:\\\/\\\/frhub.netgear.com\\\/fr\\\/hub\\\/wifi\\\/routers\\\/10-gbps-wifi-7-et-wifi-6e\\\/#primaryimage\"},\"image\":{\"@id\":\"https:\\\/\\\/frhub.netgear.com\\\/fr\\\/hub\\\/wifi\\\/routers\\\/10-gbps-wifi-7-et-wifi-6e\\\/#primaryimage\"},\"thumbnailUrl\":\"https:\\\/\\\/frhub.netgear.com\\\/fr\\\/hub\\\/wp-content\\\/uploads\\\/2025\\\/09\\\/vignette-Nos-deux-meilleurs-routeurs-10-Gbps-WiFi-7-et-WiFi-6E.png\",\"datePublished\":\"2024-05-13T21:50:02+00:00\",\"dateModified\":\"2025-09-15T13:34:18+00:00\",\"description\":\"D\u00e9couvrez les routeurs WiFi 7 et 6E NETGEAR avec ports 10 Gb\\\/s. Vitesse et capacit\u00e9 in\u00e9gal\u00e9es pour le streaming et le gaming sans fil nouvelle g\u00e9n\u00e9ration.\",\"breadcrumb\":{\"@id\":\"https:\\\/\\\/frhub.netgear.com\\\/fr\\\/hub\\\/wifi\\\/routers\\\/10-gbps-wifi-7-et-wifi-6e\\\/#breadcrumb\"},\"inLanguage\":\"en-US\",\"potentialAction\":[{\"@type\":\"ReadAction\",\"target\":[\"https:\\\/\\\/frhub.netgear.com\\\/fr\\\/hub\\\/wifi\\\/routers\\\/10-gbps-wifi-7-et-wifi-6e\\\/\"]}]},{\"@type\":\"ImageObject\",\"inLanguage\":\"en-US\",\"@id\":\"https:\\\/\\\/frhub.netgear.com\\\/fr\\\/hub\\\/wifi\\\/routers\\\/10-gbps-wifi-7-et-wifi-6e\\\/#primaryimage\",\"url\":\"https:\\\/\\\/frhub.netgear.com\\\/fr\\\/hub\\\/wp-content\\\/uploads\\\/2025\\\/09\\\/vignette-Nos-deux-meilleurs-routeurs-10-Gbps-WiFi-7-et-WiFi-6E.png\",\"contentUrl\":\"https:\\\/\\\/frhub.netgear.com\\\/fr\\\/hub\\\/wp-content\\\/uploads\\\/2025\\\/09\\\/vignette-Nos-deux-meilleurs-routeurs-10-Gbps-WiFi-7-et-WiFi-6E.png\",\"width\":612,\"height\":408},{\"@type\":\"BreadcrumbList\",\"@id\":\"https:\\\/\\\/frhub.netgear.com\\\/fr\\\/hub\\\/wifi\\\/routers\\\/10-gbps-wifi-7-et-wifi-6e\\\/#breadcrumb\",\"itemListElement\":[{\"@type\":\"ListItem\",\"position\":1,\"name\":\"Home\",\"item\":\"https:\\\/\\\/frhub.netgear.com\\\/fr\\\/hub\\\/\"},{\"@type\":\"ListItem\",\"position\":2,\"name\":\"WiFi Tech Articles Hub\",\"item\":\"https:\\\/\\\/frhub.netgear.com\\\/fr\\\/hub\\\/wifi\\\/\"},{\"@type\":\"ListItem\",\"position\":3,\"name\":\"Article sur les Routeurs WiFi Hub\",\"item\":\"https:\\\/\\\/frhub.netgear.com\\\/fr\\\/hub\\\/wifi\\\/routers\\\/\"},{\"@type\":\"ListItem\",\"position\":4,\"name\":\"Nos deux meilleurs routeurs 10 Gbps WiFi 7 et WiFi 6E\"}]},{\"@type\":\"WebSite\",\"@id\":\"https:\\\/\\\/frhub.netgear.com\\\/fr\\\/hub\\\/#website\",\"url\":\"https:\\\/\\\/frhub.netgear.com\\\/fr\\\/hub\\\/\",\"name\":\"NETGEAR Hub France\",\"description\":\"Explorez les pages de notre blog et parcourez les articles pour en savoir plus sur les produits et la technologie NETGEAR.\",\"publisher\":{\"@id\":\"https:\\\/\\\/frhub.netgear.com\\\/fr\\\/hub\\\/#organization\"},\"potentialAction\":[{\"@type\":\"SearchAction\",\"target\":{\"@type\":\"EntryPoint\",\"urlTemplate\":\"https:\\\/\\\/frhub.netgear.com\\\/fr\\\/hub\\\/?s={search_term_string}\"},\"query-input\":{\"@type\":\"PropertyValueSpecification\",\"valueRequired\":true,\"valueName\":\"search_term_string\"}}],\"inLanguage\":\"en-US\"},{\"@type\":\"Organization\",\"@id\":\"https:\\\/\\\/frhub.netgear.com\\\/fr\\\/hub\\\/#organization\",\"name\":\"NETGEAR\",\"url\":\"https:\\\/\\\/frhub.netgear.com\\\/fr\\\/hub\\\/\",\"logo\":{\"@type\":\"ImageObject\",\"inLanguage\":\"en-US\",\"@id\":\"https:\\\/\\\/frhub.netgear.com\\\/fr\\\/hub\\\/#\\\/schema\\\/logo\\\/image\\\/\",\"url\":\"https:\\\/\\\/www.netgear.com\\\/fr\\\/hub\\\/wp-content\\\/uploads\\\/2019\\\/07\\\/NETGEAR_logo.jpg\",\"contentUrl\":\"https:\\\/\\\/www.netgear.com\\\/fr\\\/hub\\\/wp-content\\\/uploads\\\/2019\\\/07\\\/NETGEAR_logo.jpg\",\"width\":1500,\"height\":501,\"caption\":\"NETGEAR\"},\"image\":{\"@id\":\"https:\\\/\\\/frhub.netgear.com\\\/fr\\\/hub\\\/#\\\/schema\\\/logo\\\/image\\\/\"},\"sameAs\":[\"https:\\\/\\\/www.facebook.com\\\/NetgearAU\\\/\",\"https:\\\/\\\/x.com\\\/NETGEAR\",\"https:\\\/\\\/www.linkedin.com\\\/company\\\/netgear\"]}]}<\/script>\n<!-- \/ Yoast SEO plugin. -->","yoast_head_json":{"title":"Routeurs WiFi 7 et 6E 10 Gb\/s | NETGEAR FR","description":"D\u00e9couvrez les routeurs WiFi 7 et 6E NETGEAR avec ports 10 Gb\/s. Vitesse et capacit\u00e9 in\u00e9gal\u00e9es pour le streaming et le gaming sans fil nouvelle g\u00e9n\u00e9ration.","robots":{"index":"index","follow":"follow","max-snippet":"max-snippet:-1","max-image-preview":"max-image-preview:large","max-video-preview":"max-video-preview:-1"},"canonical":"https:\/\/frhub.netgear.com\/fr\/hub\/wifi\/routers\/10-gbps-wifi-7-et-wifi-6e\/","og_locale":"en_US","og_type":"article","og_title":"Routeurs WiFi 7 et 6E 10 Gb\/s | NETGEAR FR","og_description":"D\u00e9couvrez les routeurs WiFi 7 et 6E NETGEAR avec ports 10 Gb\/s. Vitesse et capacit\u00e9 in\u00e9gal\u00e9es pour le streaming et le gaming sans fil nouvelle g\u00e9n\u00e9ration.","og_url":"https:\/\/frhub.netgear.com\/fr\/hub\/wifi\/routers\/10-gbps-wifi-7-et-wifi-6e\/","og_site_name":"NETGEAR Blog","article_publisher":"https:\/\/www.facebook.com\/NetgearAU\/","article_modified_time":"2025-09-15T13:34:18+00:00","og_image":[{"width":612,"height":408,"url":"https:\/\/frhub.netgear.com\/fr\/hub\/wp-content\/uploads\/2025\/09\/vignette-Nos-deux-meilleurs-routeurs-10-Gbps-WiFi-7-et-WiFi-6E.png","type":"image\/png"}],"twitter_card":"summary_large_image","twitter_site":"@NETGEAR","schema":{"@context":"https:\/\/schema.org","@graph":[{"@type":"WebPage","@id":"https:\/\/frhub.netgear.com\/fr\/hub\/wifi\/routers\/10-gbps-wifi-7-et-wifi-6e\/","url":"https:\/\/frhub.netgear.com\/fr\/hub\/wifi\/routers\/10-gbps-wifi-7-et-wifi-6e\/","name":"Routeurs WiFi 7 et 6E 10 Gb\/s | NETGEAR FR","isPartOf":{"@id":"https:\/\/frhub.netgear.com\/fr\/hub\/#website"},"primaryImageOfPage":{"@id":"https:\/\/frhub.netgear.com\/fr\/hub\/wifi\/routers\/10-gbps-wifi-7-et-wifi-6e\/#primaryimage"},"image":{"@id":"https:\/\/frhub.netgear.com\/fr\/hub\/wifi\/routers\/10-gbps-wifi-7-et-wifi-6e\/#primaryimage"},"thumbnailUrl":"https:\/\/frhub.netgear.com\/fr\/hub\/wp-content\/uploads\/2025\/09\/vignette-Nos-deux-meilleurs-routeurs-10-Gbps-WiFi-7-et-WiFi-6E.png","datePublished":"2024-05-13T21:50:02+00:00","dateModified":"2025-09-15T13:34:18+00:00","description":"D\u00e9couvrez les routeurs WiFi 7 et 6E NETGEAR avec ports 10 Gb\/s. Vitesse et capacit\u00e9 in\u00e9gal\u00e9es pour le streaming et le gaming sans fil nouvelle g\u00e9n\u00e9ration.","breadcrumb":{"@id":"https:\/\/frhub.netgear.com\/fr\/hub\/wifi\/routers\/10-gbps-wifi-7-et-wifi-6e\/#breadcrumb"},"inLanguage":"en-US","potentialAction":[{"@type":"ReadAction","target":["https:\/\/frhub.netgear.com\/fr\/hub\/wifi\/routers\/10-gbps-wifi-7-et-wifi-6e\/"]}]},{"@type":"ImageObject","inLanguage":"en-US","@id":"https:\/\/frhub.netgear.com\/fr\/hub\/wifi\/routers\/10-gbps-wifi-7-et-wifi-6e\/#primaryimage","url":"https:\/\/frhub.netgear.com\/fr\/hub\/wp-content\/uploads\/2025\/09\/vignette-Nos-deux-meilleurs-routeurs-10-Gbps-WiFi-7-et-WiFi-6E.png","contentUrl":"https:\/\/frhub.netgear.com\/fr\/hub\/wp-content\/uploads\/2025\/09\/vignette-Nos-deux-meilleurs-routeurs-10-Gbps-WiFi-7-et-WiFi-6E.png","width":612,"height":408},{"@type":"BreadcrumbList","@id":"https:\/\/frhub.netgear.com\/fr\/hub\/wifi\/routers\/10-gbps-wifi-7-et-wifi-6e\/#breadcrumb","itemListElement":[{"@type":"ListItem","position":1,"name":"Home","item":"https:\/\/frhub.netgear.com\/fr\/hub\/"},{"@type":"ListItem","position":2,"name":"WiFi Tech Articles Hub","item":"https:\/\/frhub.netgear.com\/fr\/hub\/wifi\/"},{"@type":"ListItem","position":3,"name":"Article sur les Routeurs WiFi Hub","item":"https:\/\/frhub.netgear.com\/fr\/hub\/wifi\/routers\/"},{"@type":"ListItem","position":4,"name":"Nos deux meilleurs routeurs 10 Gbps WiFi 7 et WiFi 6E"}]},{"@type":"WebSite","@id":"https:\/\/frhub.netgear.com\/fr\/hub\/#website","url":"https:\/\/frhub.netgear.com\/fr\/hub\/","name":"NETGEAR Hub France","description":"Explorez les pages de notre blog et parcourez les articles pour en savoir plus sur les produits et la technologie NETGEAR.","publisher":{"@id":"https:\/\/frhub.netgear.com\/fr\/hub\/#organization"},"potentialAction":[{"@type":"SearchAction","target":{"@type":"EntryPoint","urlTemplate":"https:\/\/frhub.netgear.com\/fr\/hub\/?s={search_term_string}"},"query-input":{"@type":"PropertyValueSpecification","valueRequired":true,"valueName":"search_term_string"}}],"inLanguage":"en-US"},{"@type":"Organization","@id":"https:\/\/frhub.netgear.com\/fr\/hub\/#organization","name":"NETGEAR","url":"https:\/\/frhub.netgear.com\/fr\/hub\/","logo":{"@type":"ImageObject","inLanguage":"en-US","@id":"https:\/\/frhub.netgear.com\/fr\/hub\/#\/schema\/logo\/image\/","url":"https:\/\/www.netgear.com\/fr\/hub\/wp-content\/uploads\/2019\/07\/NETGEAR_logo.jpg","contentUrl":"https:\/\/www.netgear.com\/fr\/hub\/wp-content\/uploads\/2019\/07\/NETGEAR_logo.jpg","width":1500,"height":501,"caption":"NETGEAR"},"image":{"@id":"https:\/\/frhub.netgear.com\/fr\/hub\/#\/schema\/logo\/image\/"},"sameAs":["https:\/\/www.facebook.com\/NetgearAU\/","https:\/\/x.com\/NETGEAR","https:\/\/www.linkedin.com\/company\/netgear"]}]}},"_links":{"self":[{"href":"https:\/\/frhub.netgear.com\/fr\/hub\/wp-json\/wp\/v2\/pages\/9441","targetHints":{"allow":["GET"]}}],"collection":[{"href":"https:\/\/frhub.netgear.com\/fr\/hub\/wp-json\/wp\/v2\/pages"}],"about":[{"href":"https:\/\/frhub.netgear.com\/fr\/hub\/wp-json\/wp\/v2\/types\/page"}],"author":[{"embeddable":true,"href":"https:\/\/frhub.netgear.com\/fr\/hub\/wp-json\/wp\/v2\/users\/68"}],"replies":[{"embeddable":true,"href":"https:\/\/frhub.netgear.com\/fr\/hub\/wp-json\/wp\/v2\/comments?post=9441"}],"version-history":[{"count":4,"href":"https:\/\/frhub.netgear.com\/fr\/hub\/wp-json\/wp\/v2\/pages\/9441\/revisions"}],"predecessor-version":[{"id":9686,"href":"https:\/\/frhub.netgear.com\/fr\/hub\/wp-json\/wp\/v2\/pages\/9441\/revisions\/9686"}],"up":[{"embeddable":true,"href":"https:\/\/frhub.netgear.com\/fr\/hub\/wp-json\/wp\/v2\/pages\/6752"}],"wp:featuredmedia":[{"embeddable":true,"href":"https:\/\/frhub.netgear.com\/fr\/hub\/wp-json\/wp\/v2\/media\/10927"}],"wp:attachment":[{"href":"https:\/\/frhub.netgear.com\/fr\/hub\/wp-json\/wp\/v2\/media?parent=9441"}],"curies":[{"name":"wp","href":"https:\/\/api.w.org\/{rel}","templated":true}]}}