{"id":9435,"date":"2024-05-08T07:17:21","date_gmt":"2024-05-08T05:17:21","guid":{"rendered":"https:\/\/www.netgear.com\/fr\/hub\/?page_id=9435"},"modified":"2024-11-26T05:05:01","modified_gmt":"2024-11-26T04:05:01","slug":"nighthawk-rs700-wifi-7-router","status":"publish","type":"page","link":"https:\/\/frhub.netgear.com\/fr\/hub\/wifi\/extenders\/nighthawk-rs700-wifi-7-router\/","title":{"rendered":"Pr\u00e9sentation du routeur WiFi 7 tri-bande Nighthawk RS700S"},"content":{"rendered":"<p>Je suis heureux d&#8217;annoncer le lancement de notre premier routeur WiFi 7, le Nighthawk RS700S en France. Le routeur Nighthawk a \u00e9t\u00e9 modernis\u00e9 et int\u00e8gre de nouvelles antennes qui fournissent un WiFi ultra-rapide atteignant jusqu\u2019\u00e0 19 Gbps. Cette technologie r\u00e9volutionnaire rend possible la r\u00e9activit\u00e9 en temps r\u00e9el, la nouvelle g\u00e9n\u00e9ration de jeux en VR (r\u00e9alit\u00e9 virtuelle) et AR (r\u00e9alit\u00e9 augment\u00e9e), la vid\u00e9oconf\u00e9rence UHD fluide et le streaming simultan\u00e9 en 8K.<br \/>\n<div class=\"explore-btn-area\"><a class=\"explore-btn\" href=\"https:\/\/www.netgear.com\/fr\/home\/wifi\/routers\/rs700s\/\">ACHETER LE ROUTEUR RS700S<\/a><\/div><br \/>\n    <div class=\"table-of-content bg-gray\">\n        <p><strong>IN THIS ARTICLE<\/strong><\/p>\n        <ul>\n                        <li><a href=\"#topic1\"> Du WiFi comme on n'en a jamais vu<\/a><\/li>\n                        <li><a href=\"#topic2\">Caract\u00e9ristiques du RS700 | RS700S<\/a><\/li>\n                        <li><a href=\"#topic3\">Principe de base du WiFi 7<\/a><\/li>\n                        <li><a href=\"#topic4\">Technologies du WiFi 7<\/a><\/li>\n                        <li><a href=\"#topic5\">Fonctionnement du WiFi 7<\/a><\/li>\n                        <li><a href=\"#topic6\">Routeurs et syst\u00e8mes Mesh  WiFi 7 NETGEAR  disponibles<\/a><\/li>\n                        <li><a href=\"#topic7\">O\u00f9 trouver le routeur WiFi 7 RS700S<\/a><\/li>\n                    <\/ul>\n    <\/div>\n        <div id=\"topic1\" class=\"skip-item\">\n                        <h2> Du WiFi comme on n'en a jamais vu<\/h2>\n                <p>Ces derni\u00e8res ann\u00e9es, on a vu une explosion des appareils connect\u00e9s et des applications toujours plus consommatrices de bande passante. Les normes WiFi ont \u00e9volu\u00e9 pour satisfaire la demande, les syst\u00e8mes maill\u00e9s domestiques NETGEAR ouvrant la voie. Les progr\u00e8s se poursuivent avec la derni\u00e8re norme WiFi 7 qui offre une latence r\u00e9duite, une vitesse imbattable et une capacit\u00e9 accrue \u00e0 la maison et au bureau, dans les environnements multi-utilisateurs et o\u00f9 de nombreux appareils communiquent en simultan\u00e9. Le routeur WiFi 7 tri-bande RS700 est la concr\u00e9tisation de cette nouvelle norme.<\/p>\n    <\/div>\n        <div id=\"topic2\" class=\"skip-item bg-gray-full\">\n                        <h2>Caract\u00e9ristiques du RS700 | RS700S<\/h2>\n                <p>Voici six caract\u00e9ristiques remarquables de notre premier routeur WiFi 7, le Nighthawk RS700.<\/p>\n<p>1. <strong>Canaux haute capacit\u00e9 320 MHz et 4K QAM :<\/strong> bande passante ultra-large pour une vitesse 2,4 fois plus rapide et un d\u00e9bit atteignant 5 Gbps.<br \/>\n2. <strong>MLO (fonctionnement multi-liens) :<\/strong> utilisation simultan\u00e9e de plusieurs bandes WiFi pour renforcer la fiabilit\u00e9 du r\u00e9seau, r\u00e9duire la latence et maximiser le d\u00e9bit.<br \/>\n3. <strong>Latence r\u00e9duite :<\/strong> am\u00e9lioration consid\u00e9rable de l&#8217;exp\u00e9rience de jeu et d&#8217;interaction en ligne, ouvrant la voie aux nouvelles exp\u00e9riences VR et AR immersives.<br \/>\n4. <strong>Capacit\u00e9 accrue :<\/strong> prend en charge jusqu&#8217;\u00e0 200 appareils simultan\u00e9ment comme des cam\u00e9ras de s\u00e9curit\u00e9, des \u00e9quipements domotiques intelligents et des enceintes connect\u00e9es.<br \/>\n5. <strong>Port Ethernet 10 Gbps :<\/strong> d\u00e9bit multi-gigabit pour les services Internet par fibre optique jusqu&#8217;\u00e0 10 Gbps. Compatible avec tous les FAI (fournisseur d&#8217;acc\u00e8s \u00e0 Internet).<br \/>\n6.<strong> Ports filaires suppl\u00e9mentaires sur chaque dispositif :<\/strong> un port 10 Gbps et quatre ports LAN 1 Gbps pour de hautes performances avec les appareils Ethernet.<\/p>\n    <\/div>\n        <div id=\"topic3\" class=\"skip-item\">\n                        <h2>Principe de base du WiFi 7<\/h2>\n                <p>Le WiFi 7, \u00e9galement connu sous le nom IEEE 802.11be, fournit un d\u00e9bit extr\u00eamement \u00e9lev\u00e9 qui rend possible les activit\u00e9s tr\u00e8s consommatrices en bande passante, partout chez soi.<\/p>\n    <\/div>\n        <div id=\"topic4\" class=\"skip-item\">\n                        <h2>Technologies du WiFi 7<\/h2>\n                    <div class=\"pdt-dtls-area\">\n                <div class=\"pdt-dtls-item\">\n            <div class=\"pdt-dtls-left\">\n                                <h6>Canaux haute capacit\u00e9 320 MHz<\/h6>\n                            <\/div>\n                        <div class=\"pdt-dtls-right\">\n                <p>Les anciennes normes WiFi limitent la largeur de canal \u00e0 160 MHz. Le WiFi 7 double la largeur de canal en passant \u00e0 320 MHz, permettant \u00e0 davantage d'appareils WiFi de fonctionner sans interf\u00e9rences dans les zones encombr\u00e9es.<\/p>\n            <\/div>\n                    <\/div>\n                <div class=\"pdt-dtls-item\">\n            <div class=\"pdt-dtls-left\">\n                                <h6>Modulation d'amplitude en quadrature - 4096 QAM<\/h6>\n                            <\/div>\n                        <div class=\"pdt-dtls-right\">\n                <p>La modulation d'amplitude en quadrature (QAM) est le processus de conversion des donn\u00e9es en ondes radio WiFi. Alors que le WiFi 6 utilise le 1024 QAM sur 10 bits, le WiFi 7 passe au 4096 QAM sur 12 bits, augmentant de 20 % le d\u00e9bit de donn\u00e9es vers les appareils WiFi.<\/p>\n            <\/div>\n                    <\/div>\n                <div class=\"pdt-dtls-item\">\n            <div class=\"pdt-dtls-left\">\n                                <h6>MLO - Fonctionnement multi-liens<\/h6>\n                            <\/div>\n                        <div class=\"pdt-dtls-right\">\n                <p>Le WiFi 7 utilise simultan\u00e9ment les trois bandes WiFi via le fonctionnement multi-liens (MLO - Multi-Link Operation). Celui-ci permet aux appareils WiFi 7 de commuter dynamiquement entre les bandes 2,4 GHz, 5 GHz et 6 GHz pour contourner la congestion r\u00e9seau ou maintenir la connexion si l'appareil devient hors de port\u00e9e d'une bande de plus haute fr\u00e9quence. Le fonctionnement multi-liens assure une connexion WiFi stable, des vitesses maximales et une faible latence.<\/p>\n            <\/div>\n                    <\/div>\n                <div class=\"pdt-dtls-item\">\n            <div class=\"pdt-dtls-left\">\n                                <h6>Preamble Puncturing<\/h6>\n                            <\/div>\n                        <div class=\"pdt-dtls-right\">\n                <p>Avec les anciennes normes WiFi, un canal subissant les interf\u00e9rences d'autres r\u00e9seaux devenait indisponible. Le WiFi 7 introduit le \u201cPreamble Puncturing\u201d qui permet de d\u00e9limiter des segments d'un canal WiFi afin de faire intervenir la transmission des donn\u00e9es lorsque les interf\u00e9rences n'occupent pas l'int\u00e9gralit\u00e9 du canal. Gr\u00e2ce \u00e0 cette technologie, les appareils ont acc\u00e8s aux meilleurs canaux m\u00eame en pr\u00e9sence d'interf\u00e9rences.<\/p>\n            <\/div>\n                    <\/div>\n            <\/div>\n\n    <\/div>\n        <div id=\"topic5\" class=\"skip-item\">\n                        <h2>Fonctionnement du WiFi 7<\/h2>\n                <p>Le WiFi 7 utilise simultan\u00e9ment et commute librement entre les trois bandes WiFi (6 GHz, 2,4 GHz et 5 GHz) via le fonctionnement multi-liens (MLO) pour une vitesse maximale. Gr\u00e2ce \u00e0 la plus grande bande passante et \u00e0 la meilleure allocation des ressources, les jeux en ligne (VR et AR compris) gagnent en r\u00e9activit\u00e9, et les vid\u00e9os gagnent en nettet\u00e9 et en fluidit\u00e9.<br \/>\nTous les membres de la famille peuvent facilement diffuser simultan\u00e9ment du contenu 4K et 8K, h\u00e9berger un stream Twitch, converser en vid\u00e9oconf\u00e9rence et naviguer sur le web.<\/p>\n<p>Le WiFi 7 ultra-haut d\u00e9bit ouvre de nombreuses possibilit\u00e9s d&#8217;interaction dans les mondes virtuels de nouvelle g\u00e9n\u00e9ration. Avec les nouvelles technologies sensorielles z\u00e9ro latence, l&#8217;immersion s&#8217;annonce encore plus excitante.<\/p>\n    <\/div>\n        <div id=\"topic6\" class=\"skip-item\">\n                        <h2>Routeurs et syst\u00e8mes Mesh  WiFi 7 NETGEAR  disponibles<\/h2>\n                <p>Cela fait plus de 25 ans que NETGEAR a d\u00e9velopp\u00e9 son expertise dans l\u2019univers des routeurs WiFi. Avec son nouveau ch\u00e2ssis \u00e9lanc\u00e9, le routeur Nighthawk RS700 a un design r\u00e9solument moderne. Il offre une couverture 360\u00b0 via ses antennes haute performance et prend en charge simultan\u00e9ment jusqu&#8217;\u00e0 200 appareils r\u00e9partis dans tout votre domicile.<\/p>\n<p>Le design 3D des antennes permet une connectivit\u00e9 optimale que cela soit dans des maisons \u00e0 \u00e9tage ou de plain-pied. Les circuits de radiofr\u00e9quence de qualit\u00e9 sup\u00e9rieure envoient des signaux WiFi haute puissance couvrant jusqu&#8217;\u00e0 320 m\u00b2. De profil mince, le routeur s&#8217;int\u00e8gre discr\u00e8tement sur une \u00e9tag\u00e8re ou sur une table sans encombrer votre int\u00e9rieur. Parfait pour les appartements ou maisons de plain pied peu \u00e9tendues.<\/p>\n<p>Mais NETGEAR est aussi le leader mondial des syst\u00e8mes WiFi maill\u00e9s (WiFi Mesh) de nouvelle g\u00e9n\u00e9ration qui changent notre fa\u00e7on de vivre et de travailler. Con\u00e7us pour ceux qui ont de grandes superficies \u00e0 couvrir et veulent garder la possibilit\u00e9 d\u2019\u00e9tendre leur syst\u00e8me \u00e0 tout moment via l\u2019ajout de satellites.<\/p>\n    <\/div>\n        <div id=\"topic7\" class=\"skip-item bg-gray-full\">\n                        <h2>O\u00f9 trouver le routeur WiFi 7 RS700S<\/h2>\n                <p>Le RS700S inclut un an de souscription \u00e0 NETGEAR Armor\u2122, un service de Cyber protection d\u00e9velopp\u00e9 par Bitdefender\u00ae. Armor\u2122 prot\u00e8ge automatiquement tous vos appareils connect\u00e9s derri\u00e8re un bouclier de s\u00e9curit\u00e9. Le RS700S est disponible sur netgear.fr au prix de 899,99 euros. Pour plus de d\u00e9tails et de sp\u00e9cifications, consultez le site <a href=\"https:\/\/www.netgear.com\/fr\/home\/wifi\/routers\/rs700s\/\">Nighthawk RS700s<\/a><\/p>\n    <\/div>\n    <\/p>\n","protected":false},"excerpt":{"rendered":"<p>Je suis heureux d&#8217;annoncer le lancement de notre premier routeur WiFi 7, le Nighthawk RS700S en France. Le routeur Nighthawk a \u00e9t\u00e9 modernis\u00e9 et int\u00e8gre de nouvelles antennes qui fournissent un WiFi ultra-rapide atteignant jusqu\u2019\u00e0 19 Gbps. Cette technologie r\u00e9volutionnaire rend possible la r\u00e9activit\u00e9 en temps r\u00e9el, la nouvelle g\u00e9n\u00e9ration de jeux en VR (r\u00e9alit\u00e9 [&hellip;]<\/p>\n","protected":false},"author":68,"featured_media":9832,"parent":6709,"menu_order":2,"comment_status":"closed","ping_status":"closed","template":"templates\/blog-wifi.php","meta":{"_acf_changed":false,"content-type":"","footnotes":""},"class_list":["post-9435","page","type-page","status-publish","has-post-thumbnail","hentry"],"acf":[],"yoast_head":"<!-- This site is optimized with the Yoast SEO plugin v27.5 - https:\/\/yoast.com\/product\/yoast-seo-wordpress\/ -->\n<title>Nighthawk RS700 : Routeur WiFi 7 Tri-Bande | NETGEAR<\/title>\n<meta name=\"description\" content=\"D\u00e9couvrez le routeur WiFi 7 Nighthawk RS700 de NETGEAR. Profitez de vitesses fulgurantes, d&#039;une faible latence et d&#039;une couverture \u00e9tendue pour une exp\u00e9rience en ligne in\u00e9gal\u00e9e.\" \/>\n<meta name=\"robots\" content=\"index, follow, max-snippet:-1, max-image-preview:large, max-video-preview:-1\" \/>\n<link rel=\"canonical\" href=\"https:\/\/frhub.netgear.com\/fr\/hub\/wifi\/extenders\/nighthawk-rs700-wifi-7-router\/\" \/>\n<meta property=\"og:locale\" content=\"en_US\" \/>\n<meta property=\"og:type\" content=\"article\" \/>\n<meta property=\"og:title\" content=\"Nighthawk RS700 : Routeur WiFi 7 Tri-Bande | NETGEAR\" \/>\n<meta property=\"og:description\" content=\"D\u00e9couvrez le routeur WiFi 7 Nighthawk RS700 de NETGEAR. Profitez de vitesses fulgurantes, d&#039;une faible latence et d&#039;une couverture \u00e9tendue pour une exp\u00e9rience en ligne in\u00e9gal\u00e9e.\" \/>\n<meta property=\"og:url\" content=\"https:\/\/frhub.netgear.com\/fr\/hub\/wifi\/extenders\/nighthawk-rs700-wifi-7-router\/\" \/>\n<meta property=\"og:site_name\" content=\"NETGEAR Blog\" \/>\n<meta property=\"article:publisher\" content=\"https:\/\/www.facebook.com\/NetgearAU\/\" \/>\n<meta property=\"article:modified_time\" content=\"2024-11-26T04:05:01+00:00\" \/>\n<meta property=\"og:image\" content=\"https:\/\/frhub.netgear.com\/fr\/hub\/wp-content\/uploads\/2024\/11\/webimage-0170115B-D265-4AEB-822F2CD99E1B785F.png\" \/>\n\t<meta property=\"og:image:width\" content=\"800\" \/>\n\t<meta property=\"og:image:height\" content=\"450\" \/>\n\t<meta property=\"og:image:type\" content=\"image\/png\" \/>\n<meta name=\"twitter:card\" content=\"summary_large_image\" \/>\n<meta name=\"twitter:site\" content=\"@NETGEAR\" \/>\n<meta name=\"twitter:label1\" content=\"Est. reading time\" \/>\n\t<meta name=\"twitter:data1\" content=\"1 minute\" \/>\n<script type=\"application\/ld+json\" class=\"yoast-schema-graph\">{\"@context\":\"https:\\\/\\\/schema.org\",\"@graph\":[{\"@type\":\"WebPage\",\"@id\":\"https:\\\/\\\/frhub.netgear.com\\\/fr\\\/hub\\\/wifi\\\/extenders\\\/nighthawk-rs700-wifi-7-router\\\/\",\"url\":\"https:\\\/\\\/frhub.netgear.com\\\/fr\\\/hub\\\/wifi\\\/extenders\\\/nighthawk-rs700-wifi-7-router\\\/\",\"name\":\"Nighthawk RS700 : Routeur WiFi 7 Tri-Bande | NETGEAR\",\"isPartOf\":{\"@id\":\"https:\\\/\\\/frhub.netgear.com\\\/fr\\\/hub\\\/#website\"},\"primaryImageOfPage\":{\"@id\":\"https:\\\/\\\/frhub.netgear.com\\\/fr\\\/hub\\\/wifi\\\/extenders\\\/nighthawk-rs700-wifi-7-router\\\/#primaryimage\"},\"image\":{\"@id\":\"https:\\\/\\\/frhub.netgear.com\\\/fr\\\/hub\\\/wifi\\\/extenders\\\/nighthawk-rs700-wifi-7-router\\\/#primaryimage\"},\"thumbnailUrl\":\"https:\\\/\\\/frhub.netgear.com\\\/fr\\\/hub\\\/wp-content\\\/uploads\\\/2024\\\/11\\\/webimage-0170115B-D265-4AEB-822F2CD99E1B785F.png\",\"datePublished\":\"2024-05-08T05:17:21+00:00\",\"dateModified\":\"2024-11-26T04:05:01+00:00\",\"description\":\"D\u00e9couvrez le routeur WiFi 7 Nighthawk RS700 de NETGEAR. Profitez de vitesses fulgurantes, d'une faible latence et d'une couverture \u00e9tendue pour une exp\u00e9rience en ligne in\u00e9gal\u00e9e.\",\"breadcrumb\":{\"@id\":\"https:\\\/\\\/frhub.netgear.com\\\/fr\\\/hub\\\/wifi\\\/extenders\\\/nighthawk-rs700-wifi-7-router\\\/#breadcrumb\"},\"inLanguage\":\"en-US\",\"potentialAction\":[{\"@type\":\"ReadAction\",\"target\":[\"https:\\\/\\\/frhub.netgear.com\\\/fr\\\/hub\\\/wifi\\\/extenders\\\/nighthawk-rs700-wifi-7-router\\\/\"]}]},{\"@type\":\"ImageObject\",\"inLanguage\":\"en-US\",\"@id\":\"https:\\\/\\\/frhub.netgear.com\\\/fr\\\/hub\\\/wifi\\\/extenders\\\/nighthawk-rs700-wifi-7-router\\\/#primaryimage\",\"url\":\"https:\\\/\\\/frhub.netgear.com\\\/fr\\\/hub\\\/wp-content\\\/uploads\\\/2024\\\/11\\\/webimage-0170115B-D265-4AEB-822F2CD99E1B785F.png\",\"contentUrl\":\"https:\\\/\\\/frhub.netgear.com\\\/fr\\\/hub\\\/wp-content\\\/uploads\\\/2024\\\/11\\\/webimage-0170115B-D265-4AEB-822F2CD99E1B785F.png\",\"width\":800,\"height\":450},{\"@type\":\"BreadcrumbList\",\"@id\":\"https:\\\/\\\/frhub.netgear.com\\\/fr\\\/hub\\\/wifi\\\/extenders\\\/nighthawk-rs700-wifi-7-router\\\/#breadcrumb\",\"itemListElement\":[{\"@type\":\"ListItem\",\"position\":1,\"name\":\"Home\",\"item\":\"https:\\\/\\\/frhub.netgear.com\\\/fr\\\/hub\\\/\"},{\"@type\":\"ListItem\",\"position\":2,\"name\":\"WiFi Tech Articles Hub\",\"item\":\"https:\\\/\\\/frhub.netgear.com\\\/fr\\\/hub\\\/wifi\\\/\"},{\"@type\":\"ListItem\",\"position\":3,\"name\":\"R\u00e9p\u00e9teurs WiFi\",\"item\":\"https:\\\/\\\/frhub.netgear.com\\\/fr\\\/hub\\\/wifi\\\/extenders\\\/\"},{\"@type\":\"ListItem\",\"position\":4,\"name\":\"Pr\u00e9sentation du routeur WiFi 7 tri-bande Nighthawk RS700S\"}]},{\"@type\":\"WebSite\",\"@id\":\"https:\\\/\\\/frhub.netgear.com\\\/fr\\\/hub\\\/#website\",\"url\":\"https:\\\/\\\/frhub.netgear.com\\\/fr\\\/hub\\\/\",\"name\":\"NETGEAR Hub France\",\"description\":\"Explorez les pages de notre blog et parcourez les articles pour en savoir plus sur les produits et la technologie NETGEAR.\",\"publisher\":{\"@id\":\"https:\\\/\\\/frhub.netgear.com\\\/fr\\\/hub\\\/#organization\"},\"potentialAction\":[{\"@type\":\"SearchAction\",\"target\":{\"@type\":\"EntryPoint\",\"urlTemplate\":\"https:\\\/\\\/frhub.netgear.com\\\/fr\\\/hub\\\/?s={search_term_string}\"},\"query-input\":{\"@type\":\"PropertyValueSpecification\",\"valueRequired\":true,\"valueName\":\"search_term_string\"}}],\"inLanguage\":\"en-US\"},{\"@type\":\"Organization\",\"@id\":\"https:\\\/\\\/frhub.netgear.com\\\/fr\\\/hub\\\/#organization\",\"name\":\"NETGEAR\",\"url\":\"https:\\\/\\\/frhub.netgear.com\\\/fr\\\/hub\\\/\",\"logo\":{\"@type\":\"ImageObject\",\"inLanguage\":\"en-US\",\"@id\":\"https:\\\/\\\/frhub.netgear.com\\\/fr\\\/hub\\\/#\\\/schema\\\/logo\\\/image\\\/\",\"url\":\"https:\\\/\\\/www.netgear.com\\\/fr\\\/hub\\\/wp-content\\\/uploads\\\/2019\\\/07\\\/NETGEAR_logo.jpg\",\"contentUrl\":\"https:\\\/\\\/www.netgear.com\\\/fr\\\/hub\\\/wp-content\\\/uploads\\\/2019\\\/07\\\/NETGEAR_logo.jpg\",\"width\":1500,\"height\":501,\"caption\":\"NETGEAR\"},\"image\":{\"@id\":\"https:\\\/\\\/frhub.netgear.com\\\/fr\\\/hub\\\/#\\\/schema\\\/logo\\\/image\\\/\"},\"sameAs\":[\"https:\\\/\\\/www.facebook.com\\\/NetgearAU\\\/\",\"https:\\\/\\\/x.com\\\/NETGEAR\",\"https:\\\/\\\/www.linkedin.com\\\/company\\\/netgear\"]}]}<\/script>\n<!-- \/ Yoast SEO plugin. -->","yoast_head_json":{"title":"Nighthawk RS700 : Routeur WiFi 7 Tri-Bande | NETGEAR","description":"D\u00e9couvrez le routeur WiFi 7 Nighthawk RS700 de NETGEAR. Profitez de vitesses fulgurantes, d'une faible latence et d'une couverture \u00e9tendue pour une exp\u00e9rience en ligne in\u00e9gal\u00e9e.","robots":{"index":"index","follow":"follow","max-snippet":"max-snippet:-1","max-image-preview":"max-image-preview:large","max-video-preview":"max-video-preview:-1"},"canonical":"https:\/\/frhub.netgear.com\/fr\/hub\/wifi\/extenders\/nighthawk-rs700-wifi-7-router\/","og_locale":"en_US","og_type":"article","og_title":"Nighthawk RS700 : Routeur WiFi 7 Tri-Bande | NETGEAR","og_description":"D\u00e9couvrez le routeur WiFi 7 Nighthawk RS700 de NETGEAR. Profitez de vitesses fulgurantes, d'une faible latence et d'une couverture \u00e9tendue pour une exp\u00e9rience en ligne in\u00e9gal\u00e9e.","og_url":"https:\/\/frhub.netgear.com\/fr\/hub\/wifi\/extenders\/nighthawk-rs700-wifi-7-router\/","og_site_name":"NETGEAR Blog","article_publisher":"https:\/\/www.facebook.com\/NetgearAU\/","article_modified_time":"2024-11-26T04:05:01+00:00","og_image":[{"width":800,"height":450,"url":"https:\/\/frhub.netgear.com\/fr\/hub\/wp-content\/uploads\/2024\/11\/webimage-0170115B-D265-4AEB-822F2CD99E1B785F.png","type":"image\/png"}],"twitter_card":"summary_large_image","twitter_site":"@NETGEAR","twitter_misc":{"Est. reading time":"1 minute"},"schema":{"@context":"https:\/\/schema.org","@graph":[{"@type":"WebPage","@id":"https:\/\/frhub.netgear.com\/fr\/hub\/wifi\/extenders\/nighthawk-rs700-wifi-7-router\/","url":"https:\/\/frhub.netgear.com\/fr\/hub\/wifi\/extenders\/nighthawk-rs700-wifi-7-router\/","name":"Nighthawk RS700 : Routeur WiFi 7 Tri-Bande | NETGEAR","isPartOf":{"@id":"https:\/\/frhub.netgear.com\/fr\/hub\/#website"},"primaryImageOfPage":{"@id":"https:\/\/frhub.netgear.com\/fr\/hub\/wifi\/extenders\/nighthawk-rs700-wifi-7-router\/#primaryimage"},"image":{"@id":"https:\/\/frhub.netgear.com\/fr\/hub\/wifi\/extenders\/nighthawk-rs700-wifi-7-router\/#primaryimage"},"thumbnailUrl":"https:\/\/frhub.netgear.com\/fr\/hub\/wp-content\/uploads\/2024\/11\/webimage-0170115B-D265-4AEB-822F2CD99E1B785F.png","datePublished":"2024-05-08T05:17:21+00:00","dateModified":"2024-11-26T04:05:01+00:00","description":"D\u00e9couvrez le routeur WiFi 7 Nighthawk RS700 de NETGEAR. Profitez de vitesses fulgurantes, d'une faible latence et d'une couverture \u00e9tendue pour une exp\u00e9rience en ligne in\u00e9gal\u00e9e.","breadcrumb":{"@id":"https:\/\/frhub.netgear.com\/fr\/hub\/wifi\/extenders\/nighthawk-rs700-wifi-7-router\/#breadcrumb"},"inLanguage":"en-US","potentialAction":[{"@type":"ReadAction","target":["https:\/\/frhub.netgear.com\/fr\/hub\/wifi\/extenders\/nighthawk-rs700-wifi-7-router\/"]}]},{"@type":"ImageObject","inLanguage":"en-US","@id":"https:\/\/frhub.netgear.com\/fr\/hub\/wifi\/extenders\/nighthawk-rs700-wifi-7-router\/#primaryimage","url":"https:\/\/frhub.netgear.com\/fr\/hub\/wp-content\/uploads\/2024\/11\/webimage-0170115B-D265-4AEB-822F2CD99E1B785F.png","contentUrl":"https:\/\/frhub.netgear.com\/fr\/hub\/wp-content\/uploads\/2024\/11\/webimage-0170115B-D265-4AEB-822F2CD99E1B785F.png","width":800,"height":450},{"@type":"BreadcrumbList","@id":"https:\/\/frhub.netgear.com\/fr\/hub\/wifi\/extenders\/nighthawk-rs700-wifi-7-router\/#breadcrumb","itemListElement":[{"@type":"ListItem","position":1,"name":"Home","item":"https:\/\/frhub.netgear.com\/fr\/hub\/"},{"@type":"ListItem","position":2,"name":"WiFi Tech Articles Hub","item":"https:\/\/frhub.netgear.com\/fr\/hub\/wifi\/"},{"@type":"ListItem","position":3,"name":"R\u00e9p\u00e9teurs WiFi","item":"https:\/\/frhub.netgear.com\/fr\/hub\/wifi\/extenders\/"},{"@type":"ListItem","position":4,"name":"Pr\u00e9sentation du routeur WiFi 7 tri-bande Nighthawk RS700S"}]},{"@type":"WebSite","@id":"https:\/\/frhub.netgear.com\/fr\/hub\/#website","url":"https:\/\/frhub.netgear.com\/fr\/hub\/","name":"NETGEAR Hub France","description":"Explorez les pages de notre blog et parcourez les articles pour en savoir plus sur les produits et la technologie NETGEAR.","publisher":{"@id":"https:\/\/frhub.netgear.com\/fr\/hub\/#organization"},"potentialAction":[{"@type":"SearchAction","target":{"@type":"EntryPoint","urlTemplate":"https:\/\/frhub.netgear.com\/fr\/hub\/?s={search_term_string}"},"query-input":{"@type":"PropertyValueSpecification","valueRequired":true,"valueName":"search_term_string"}}],"inLanguage":"en-US"},{"@type":"Organization","@id":"https:\/\/frhub.netgear.com\/fr\/hub\/#organization","name":"NETGEAR","url":"https:\/\/frhub.netgear.com\/fr\/hub\/","logo":{"@type":"ImageObject","inLanguage":"en-US","@id":"https:\/\/frhub.netgear.com\/fr\/hub\/#\/schema\/logo\/image\/","url":"https:\/\/www.netgear.com\/fr\/hub\/wp-content\/uploads\/2019\/07\/NETGEAR_logo.jpg","contentUrl":"https:\/\/www.netgear.com\/fr\/hub\/wp-content\/uploads\/2019\/07\/NETGEAR_logo.jpg","width":1500,"height":501,"caption":"NETGEAR"},"image":{"@id":"https:\/\/frhub.netgear.com\/fr\/hub\/#\/schema\/logo\/image\/"},"sameAs":["https:\/\/www.facebook.com\/NetgearAU\/","https:\/\/x.com\/NETGEAR","https:\/\/www.linkedin.com\/company\/netgear"]}]}},"_links":{"self":[{"href":"https:\/\/frhub.netgear.com\/fr\/hub\/wp-json\/wp\/v2\/pages\/9435","targetHints":{"allow":["GET"]}}],"collection":[{"href":"https:\/\/frhub.netgear.com\/fr\/hub\/wp-json\/wp\/v2\/pages"}],"about":[{"href":"https:\/\/frhub.netgear.com\/fr\/hub\/wp-json\/wp\/v2\/types\/page"}],"author":[{"embeddable":true,"href":"https:\/\/frhub.netgear.com\/fr\/hub\/wp-json\/wp\/v2\/users\/68"}],"replies":[{"embeddable":true,"href":"https:\/\/frhub.netgear.com\/fr\/hub\/wp-json\/wp\/v2\/comments?post=9435"}],"version-history":[{"count":4,"href":"https:\/\/frhub.netgear.com\/fr\/hub\/wp-json\/wp\/v2\/pages\/9435\/revisions"}],"predecessor-version":[{"id":9691,"href":"https:\/\/frhub.netgear.com\/fr\/hub\/wp-json\/wp\/v2\/pages\/9435\/revisions\/9691"}],"up":[{"embeddable":true,"href":"https:\/\/frhub.netgear.com\/fr\/hub\/wp-json\/wp\/v2\/pages\/6709"}],"wp:featuredmedia":[{"embeddable":true,"href":"https:\/\/frhub.netgear.com\/fr\/hub\/wp-json\/wp\/v2\/media\/9832"}],"wp:attachment":[{"href":"https:\/\/frhub.netgear.com\/fr\/hub\/wp-json\/wp\/v2\/media?parent=9435"}],"curies":[{"name":"wp","href":"https:\/\/api.w.org\/{rel}","templated":true}]}}