{"id":9407,"date":"2024-04-18T19:29:41","date_gmt":"2024-04-18T17:29:41","guid":{"rendered":"https:\/\/www.netgear.com\/fr\/hub\/?page_id=9407"},"modified":"2024-04-18T21:32:43","modified_gmt":"2024-04-18T19:32:43","slug":"events-schedule-fr","status":"publish","type":"page","link":"https:\/\/frhub.netgear.com\/fr\/hub\/technology\/events-schedule-fr\/","title":{"rendered":"Business Events &#038; Webinars schedule &#8211; FR"},"content":{"rendered":"    <div class=\"table-of-content bg-gray\">\n        <p><strong>IN THIS ARTICLE<\/strong><\/p>\n        <ul>\n                        <li><a href=\"#topic1\">IT Events<\/a><\/li>\n                        <li><a href=\"#topic2\">IT Webinars<\/a><\/li>\n                        <li><a href=\"#topic3\">AV Events<\/a><\/li>\n                        <li><a href=\"#topic4\">AV Webinars<\/a><\/li>\n                    <\/ul>\n    <\/div>\n        <div id=\"topic1\" class=\"skip-item\">\n                        <h2>IT Events<\/h2>\n                \n<table id=\"tablepress-4\" class=\"tablepress tablepress-id-4\">\n<thead>\n<tr class=\"row-1\">\n\t<th class=\"column-1\">Date<\/th><th class=\"column-2\">Country<\/th><th class=\"column-3\">Event Name<\/th><th class=\"column-4\">Info<\/th>\n<\/tr>\n<\/thead>\n<tbody class=\"row-striping row-hover\">\n<tr class=\"row-2\">\n\t<td class=\"column-1\">26\/06\/2024<\/td><td class=\"column-2\">FRANCE<\/td><td class=\"column-3\">Inforsud Toulouse Open Day\t<\/td><td class=\"column-4\"><a href=\"https:\/\/inforsud-technologies.com\/\">En savoir plus<\/a><\/td>\n<\/tr>\n<tr class=\"row-3\">\n\t<td class=\"column-1\">11\/06\/2024<\/td><td class=\"column-2\">FRANCE<\/td><td class=\"column-3\">Synology Solution Day Toulouse\t<\/td><td class=\"column-4\"><a href=\"https:\/\/event.synology.com\/fr-fr\/synology-solution-day-2024\/toulouse\">S\u2019inscrire<\/a><\/td>\n<\/tr>\n<tr class=\"row-4\">\n\t<td class=\"column-1\">13\/06\/2024\t<\/td><td class=\"column-2\">FRANCE<\/td><td class=\"column-3\">Synology Solution Day Bordeaux\t<\/td><td class=\"column-4\"><a href=\"https:\/\/event.synology.com\/fr-fr\/synology-solution-day-2024\/toulouse\">S\u2019inscrire<\/a><\/td>\n<\/tr>\n<\/tbody>\n<\/table>\n<!-- #tablepress-4 from cache -->\n    <\/div>\n        <div id=\"topic2\" class=\"skip-item\">\n                        <h2>IT Webinars<\/h2>\n                \n<table id=\"tablepress-5\" class=\"tablepress tablepress-id-5\">\n<thead>\n<tr class=\"row-1\">\n\t<th class=\"column-1\">Date<\/th><th class=\"column-2\">Country<\/th><th class=\"column-3\">Event Name<\/th><th class=\"column-4\">Info<\/th>\n<\/tr>\n<\/thead>\n<tbody class=\"row-striping row-hover\">\n<tr class=\"row-2\">\n\t<td class=\"column-1\">23\/04\/2024<\/td><td class=\"column-2\">FRANCE<\/td><td class=\"column-3\">Le WiFi 7 By NETGEAR<\/td><td class=\"column-4\"><a href=\"https:\/\/netgear.zoom.us\/webinar\/register\/WN_NBrhWijCTMK76rKTPaJ0AA\">Je m\u2019inscris<\/a><\/td>\n<\/tr>\n<tr class=\"row-3\">\n\t<td class=\"column-1\">7\/5\/2024<\/td><td class=\"column-2\">FRANCE<\/td><td class=\"column-3\">Faciliter la mobilit\u00e9 avec les Mobile Hotspot NETGEAR\t<\/td><td class=\"column-4\"><a href=\"https:\/\/netgear.zoom.us\/webinar\/register\/WN_o0KGp9Z1RfiKqou6jRaWyA\">Je m\u2019inscris<\/a><\/td>\n<\/tr>\n<tr class=\"row-4\">\n\t<td class=\"column-1\">16\/05\/2024<\/td><td class=\"column-2\">EUROPE<\/td><td class=\"column-3\">Unleashing Mobility with a Mobile Hotspot\t<\/td><td class=\"column-4\"><a href=\"https:\/\/www.brighttalk.com\/webcast\/19914\/612699?utm_source=NETGEARBusiness&amp;utm_medium=brighttalk&amp;utm_campaign=612699\">Register<\/a><\/td>\n<\/tr>\n<tr class=\"row-5\">\n\t<td class=\"column-1\">28\/05\/2024<\/td><td class=\"column-2\">FRANCE<\/td><td class=\"column-3\">D\u00e9couvrez les fonctionnalit\u00e9s pour am\u00e9liorer votre r\u00e9seau Wi-Fi avec Insight PRO<\/td><td class=\"column-4\"><a href=\"https:\/\/netgear.zoom.us\/webinar\/register\/WN_rXmtiXfPTRyTmG25InZ3vw\">Je m\u2019inscris<\/a><\/td>\n<\/tr>\n<\/tbody>\n<\/table>\n<!-- #tablepress-5 from cache -->\n    <\/div>\n        <div id=\"topic3\" class=\"skip-item\">\n                        <h2>AV Events<\/h2>\n                \n<table id=\"tablepress-6\" class=\"tablepress tablepress-id-6\">\n<thead>\n<tr class=\"row-1\">\n\t<th class=\"column-1\">Date<\/th><th class=\"column-2\">Country<\/th><th class=\"column-3\">Event Name<\/th><th class=\"column-4\">Info<\/th>\n<\/tr>\n<\/thead>\n<tbody class=\"row-striping row-hover\">\n<tr class=\"row-2\">\n\t<td class=\"column-1\">TBD<\/td><td class=\"column-2\">TBD<\/td><td class=\"column-3\">TBD<\/td><td class=\"column-4\">TBD<\/td>\n<\/tr>\n<\/tbody>\n<\/table>\n<!-- #tablepress-6 from cache -->\n    <\/div>\n        <div id=\"topic4\" class=\"skip-item\">\n                        <h2>AV Webinars<\/h2>\n                \n<table id=\"tablepress-7\" class=\"tablepress tablepress-id-7\">\n<thead>\n<tr class=\"row-1\">\n\t<th class=\"column-1\">Date<\/th><th class=\"column-2\">Country<\/th><th class=\"column-3\">Event Name<\/th><th class=\"column-4\">Info<\/th>\n<\/tr>\n<\/thead>\n<tbody class=\"row-striping row-hover\">\n<tr class=\"row-2\">\n\t<td class=\"column-1\">11\/06\/2024<\/td><td class=\"column-2\">FRANCE<\/td><td class=\"column-3\">Configurer un VLAN sur plusieurs switches en quelques minutes avec Engage\t<\/td><td class=\"column-4\"><a href=\"https:\/\/netgear.zoom.us\/webinar\/register\/WN_VGBS_PlWRxmtoTlZnEkbXQ\">Je m\u2019inscris<\/a><\/td>\n<\/tr>\n<\/tbody>\n<\/table>\n<!-- #tablepress-7 from cache -->\n    <\/div>\n    \n","protected":false},"excerpt":{"rendered":"","protected":false},"author":83,"featured_media":9418,"parent":6678,"menu_order":7,"comment_status":"closed","ping_status":"closed","template":"templates\/blog-wifi.php","meta":{"_acf_changed":false,"content-type":"","footnotes":""},"class_list":["post-9407","page","type-page","status-publish","has-post-thumbnail","hentry"],"acf":[],"yoast_head":"<!-- This site is optimized with the Yoast SEO plugin v27.5 - https:\/\/yoast.com\/product\/yoast-seo-wordpress\/ -->\n<title>Business Events &amp; Webinars schedule - FR - NETGEAR Blog<\/title>\n<meta name=\"description\" content=\"Join our French Business Webinars and IT Events featuring NETGEAR Business products.\" \/>\n<meta name=\"robots\" content=\"index, follow, max-snippet:-1, max-image-preview:large, max-video-preview:-1\" \/>\n<link rel=\"canonical\" href=\"https:\/\/frhub.netgear.com\/fr\/hub\/technology\/events-schedule-fr\/\" \/>\n<meta property=\"og:locale\" content=\"en_US\" \/>\n<meta property=\"og:type\" content=\"article\" \/>\n<meta property=\"og:title\" content=\"Business Events &amp; Webinars schedule - FR - NETGEAR Blog\" \/>\n<meta property=\"og:description\" content=\"Join our French Business Webinars and IT Events featuring NETGEAR Business products.\" \/>\n<meta property=\"og:url\" content=\"https:\/\/frhub.netgear.com\/fr\/hub\/technology\/events-schedule-fr\/\" \/>\n<meta property=\"og:site_name\" content=\"NETGEAR Blog\" \/>\n<meta property=\"article:publisher\" content=\"https:\/\/www.facebook.com\/NetgearAU\/\" \/>\n<meta property=\"article:modified_time\" content=\"2024-04-18T19:32:43+00:00\" \/>\n<meta property=\"og:image\" content=\"https:\/\/frhub.netgear.com\/fr\/hub\/wp-content\/uploads\/2024\/04\/webinars-events-featured.jpg\" \/>\n\t<meta property=\"og:image:width\" content=\"480\" \/>\n\t<meta property=\"og:image:height\" content=\"550\" \/>\n\t<meta property=\"og:image:type\" content=\"image\/jpeg\" \/>\n<meta name=\"twitter:card\" content=\"summary_large_image\" \/>\n<meta name=\"twitter:site\" content=\"@NETGEAR\" \/>\n<script type=\"application\/ld+json\" class=\"yoast-schema-graph\">{\"@context\":\"https:\\\/\\\/schema.org\",\"@graph\":[{\"@type\":\"WebPage\",\"@id\":\"https:\\\/\\\/frhub.netgear.com\\\/fr\\\/hub\\\/technology\\\/events-schedule-fr\\\/\",\"url\":\"https:\\\/\\\/frhub.netgear.com\\\/fr\\\/hub\\\/technology\\\/events-schedule-fr\\\/\",\"name\":\"Business Events & Webinars schedule - FR - NETGEAR Blog\",\"isPartOf\":{\"@id\":\"https:\\\/\\\/frhub.netgear.com\\\/fr\\\/hub\\\/#website\"},\"primaryImageOfPage\":{\"@id\":\"https:\\\/\\\/frhub.netgear.com\\\/fr\\\/hub\\\/technology\\\/events-schedule-fr\\\/#primaryimage\"},\"image\":{\"@id\":\"https:\\\/\\\/frhub.netgear.com\\\/fr\\\/hub\\\/technology\\\/events-schedule-fr\\\/#primaryimage\"},\"thumbnailUrl\":\"https:\\\/\\\/frhub.netgear.com\\\/fr\\\/hub\\\/wp-content\\\/uploads\\\/2024\\\/04\\\/webinars-events-featured.jpg\",\"datePublished\":\"2024-04-18T17:29:41+00:00\",\"dateModified\":\"2024-04-18T19:32:43+00:00\",\"description\":\"Join our French Business Webinars and IT Events featuring NETGEAR Business products.\",\"breadcrumb\":{\"@id\":\"https:\\\/\\\/frhub.netgear.com\\\/fr\\\/hub\\\/technology\\\/events-schedule-fr\\\/#breadcrumb\"},\"inLanguage\":\"en-US\",\"potentialAction\":[{\"@type\":\"ReadAction\",\"target\":[\"https:\\\/\\\/frhub.netgear.com\\\/fr\\\/hub\\\/technology\\\/events-schedule-fr\\\/\"]}]},{\"@type\":\"ImageObject\",\"inLanguage\":\"en-US\",\"@id\":\"https:\\\/\\\/frhub.netgear.com\\\/fr\\\/hub\\\/technology\\\/events-schedule-fr\\\/#primaryimage\",\"url\":\"https:\\\/\\\/frhub.netgear.com\\\/fr\\\/hub\\\/wp-content\\\/uploads\\\/2024\\\/04\\\/webinars-events-featured.jpg\",\"contentUrl\":\"https:\\\/\\\/frhub.netgear.com\\\/fr\\\/hub\\\/wp-content\\\/uploads\\\/2024\\\/04\\\/webinars-events-featured.jpg\",\"width\":480,\"height\":550},{\"@type\":\"BreadcrumbList\",\"@id\":\"https:\\\/\\\/frhub.netgear.com\\\/fr\\\/hub\\\/technology\\\/events-schedule-fr\\\/#breadcrumb\",\"itemListElement\":[{\"@type\":\"ListItem\",\"position\":1,\"name\":\"Home\",\"item\":\"https:\\\/\\\/frhub.netgear.com\\\/fr\\\/hub\\\/\"},{\"@type\":\"ListItem\",\"position\":2,\"name\":\"Technologies\",\"item\":\"https:\\\/\\\/frhub.netgear.com\\\/fr\\\/hub\\\/technology\\\/\"},{\"@type\":\"ListItem\",\"position\":3,\"name\":\"Business Events &#038; Webinars schedule &#8211; FR\"}]},{\"@type\":\"WebSite\",\"@id\":\"https:\\\/\\\/frhub.netgear.com\\\/fr\\\/hub\\\/#website\",\"url\":\"https:\\\/\\\/frhub.netgear.com\\\/fr\\\/hub\\\/\",\"name\":\"NETGEAR Hub France\",\"description\":\"Explorez les pages de notre blog et parcourez les articles pour en savoir plus sur les produits et la technologie NETGEAR.\",\"publisher\":{\"@id\":\"https:\\\/\\\/frhub.netgear.com\\\/fr\\\/hub\\\/#organization\"},\"potentialAction\":[{\"@type\":\"SearchAction\",\"target\":{\"@type\":\"EntryPoint\",\"urlTemplate\":\"https:\\\/\\\/frhub.netgear.com\\\/fr\\\/hub\\\/?s={search_term_string}\"},\"query-input\":{\"@type\":\"PropertyValueSpecification\",\"valueRequired\":true,\"valueName\":\"search_term_string\"}}],\"inLanguage\":\"en-US\"},{\"@type\":\"Organization\",\"@id\":\"https:\\\/\\\/frhub.netgear.com\\\/fr\\\/hub\\\/#organization\",\"name\":\"NETGEAR\",\"url\":\"https:\\\/\\\/frhub.netgear.com\\\/fr\\\/hub\\\/\",\"logo\":{\"@type\":\"ImageObject\",\"inLanguage\":\"en-US\",\"@id\":\"https:\\\/\\\/frhub.netgear.com\\\/fr\\\/hub\\\/#\\\/schema\\\/logo\\\/image\\\/\",\"url\":\"https:\\\/\\\/www.netgear.com\\\/fr\\\/hub\\\/wp-content\\\/uploads\\\/2019\\\/07\\\/NETGEAR_logo.jpg\",\"contentUrl\":\"https:\\\/\\\/www.netgear.com\\\/fr\\\/hub\\\/wp-content\\\/uploads\\\/2019\\\/07\\\/NETGEAR_logo.jpg\",\"width\":1500,\"height\":501,\"caption\":\"NETGEAR\"},\"image\":{\"@id\":\"https:\\\/\\\/frhub.netgear.com\\\/fr\\\/hub\\\/#\\\/schema\\\/logo\\\/image\\\/\"},\"sameAs\":[\"https:\\\/\\\/www.facebook.com\\\/NetgearAU\\\/\",\"https:\\\/\\\/x.com\\\/NETGEAR\",\"https:\\\/\\\/www.linkedin.com\\\/company\\\/netgear\"]}]}<\/script>\n<!-- \/ Yoast SEO plugin. -->","yoast_head_json":{"title":"Business Events & Webinars schedule - FR - NETGEAR Blog","description":"Join our French Business Webinars and IT Events featuring NETGEAR Business products.","robots":{"index":"index","follow":"follow","max-snippet":"max-snippet:-1","max-image-preview":"max-image-preview:large","max-video-preview":"max-video-preview:-1"},"canonical":"https:\/\/frhub.netgear.com\/fr\/hub\/technology\/events-schedule-fr\/","og_locale":"en_US","og_type":"article","og_title":"Business Events & Webinars schedule - FR - NETGEAR Blog","og_description":"Join our French Business Webinars and IT Events featuring NETGEAR Business products.","og_url":"https:\/\/frhub.netgear.com\/fr\/hub\/technology\/events-schedule-fr\/","og_site_name":"NETGEAR Blog","article_publisher":"https:\/\/www.facebook.com\/NetgearAU\/","article_modified_time":"2024-04-18T19:32:43+00:00","og_image":[{"width":480,"height":550,"url":"https:\/\/frhub.netgear.com\/fr\/hub\/wp-content\/uploads\/2024\/04\/webinars-events-featured.jpg","type":"image\/jpeg"}],"twitter_card":"summary_large_image","twitter_site":"@NETGEAR","schema":{"@context":"https:\/\/schema.org","@graph":[{"@type":"WebPage","@id":"https:\/\/frhub.netgear.com\/fr\/hub\/technology\/events-schedule-fr\/","url":"https:\/\/frhub.netgear.com\/fr\/hub\/technology\/events-schedule-fr\/","name":"Business Events & Webinars schedule - FR - NETGEAR Blog","isPartOf":{"@id":"https:\/\/frhub.netgear.com\/fr\/hub\/#website"},"primaryImageOfPage":{"@id":"https:\/\/frhub.netgear.com\/fr\/hub\/technology\/events-schedule-fr\/#primaryimage"},"image":{"@id":"https:\/\/frhub.netgear.com\/fr\/hub\/technology\/events-schedule-fr\/#primaryimage"},"thumbnailUrl":"https:\/\/frhub.netgear.com\/fr\/hub\/wp-content\/uploads\/2024\/04\/webinars-events-featured.jpg","datePublished":"2024-04-18T17:29:41+00:00","dateModified":"2024-04-18T19:32:43+00:00","description":"Join our French Business Webinars and IT Events featuring NETGEAR Business products.","breadcrumb":{"@id":"https:\/\/frhub.netgear.com\/fr\/hub\/technology\/events-schedule-fr\/#breadcrumb"},"inLanguage":"en-US","potentialAction":[{"@type":"ReadAction","target":["https:\/\/frhub.netgear.com\/fr\/hub\/technology\/events-schedule-fr\/"]}]},{"@type":"ImageObject","inLanguage":"en-US","@id":"https:\/\/frhub.netgear.com\/fr\/hub\/technology\/events-schedule-fr\/#primaryimage","url":"https:\/\/frhub.netgear.com\/fr\/hub\/wp-content\/uploads\/2024\/04\/webinars-events-featured.jpg","contentUrl":"https:\/\/frhub.netgear.com\/fr\/hub\/wp-content\/uploads\/2024\/04\/webinars-events-featured.jpg","width":480,"height":550},{"@type":"BreadcrumbList","@id":"https:\/\/frhub.netgear.com\/fr\/hub\/technology\/events-schedule-fr\/#breadcrumb","itemListElement":[{"@type":"ListItem","position":1,"name":"Home","item":"https:\/\/frhub.netgear.com\/fr\/hub\/"},{"@type":"ListItem","position":2,"name":"Technologies","item":"https:\/\/frhub.netgear.com\/fr\/hub\/technology\/"},{"@type":"ListItem","position":3,"name":"Business Events &#038; Webinars schedule &#8211; FR"}]},{"@type":"WebSite","@id":"https:\/\/frhub.netgear.com\/fr\/hub\/#website","url":"https:\/\/frhub.netgear.com\/fr\/hub\/","name":"NETGEAR Hub France","description":"Explorez les pages de notre blog et parcourez les articles pour en savoir plus sur les produits et la technologie NETGEAR.","publisher":{"@id":"https:\/\/frhub.netgear.com\/fr\/hub\/#organization"},"potentialAction":[{"@type":"SearchAction","target":{"@type":"EntryPoint","urlTemplate":"https:\/\/frhub.netgear.com\/fr\/hub\/?s={search_term_string}"},"query-input":{"@type":"PropertyValueSpecification","valueRequired":true,"valueName":"search_term_string"}}],"inLanguage":"en-US"},{"@type":"Organization","@id":"https:\/\/frhub.netgear.com\/fr\/hub\/#organization","name":"NETGEAR","url":"https:\/\/frhub.netgear.com\/fr\/hub\/","logo":{"@type":"ImageObject","inLanguage":"en-US","@id":"https:\/\/frhub.netgear.com\/fr\/hub\/#\/schema\/logo\/image\/","url":"https:\/\/www.netgear.com\/fr\/hub\/wp-content\/uploads\/2019\/07\/NETGEAR_logo.jpg","contentUrl":"https:\/\/www.netgear.com\/fr\/hub\/wp-content\/uploads\/2019\/07\/NETGEAR_logo.jpg","width":1500,"height":501,"caption":"NETGEAR"},"image":{"@id":"https:\/\/frhub.netgear.com\/fr\/hub\/#\/schema\/logo\/image\/"},"sameAs":["https:\/\/www.facebook.com\/NetgearAU\/","https:\/\/x.com\/NETGEAR","https:\/\/www.linkedin.com\/company\/netgear"]}]}},"_links":{"self":[{"href":"https:\/\/frhub.netgear.com\/fr\/hub\/wp-json\/wp\/v2\/pages\/9407","targetHints":{"allow":["GET"]}}],"collection":[{"href":"https:\/\/frhub.netgear.com\/fr\/hub\/wp-json\/wp\/v2\/pages"}],"about":[{"href":"https:\/\/frhub.netgear.com\/fr\/hub\/wp-json\/wp\/v2\/types\/page"}],"author":[{"embeddable":true,"href":"https:\/\/frhub.netgear.com\/fr\/hub\/wp-json\/wp\/v2\/users\/83"}],"replies":[{"embeddable":true,"href":"https:\/\/frhub.netgear.com\/fr\/hub\/wp-json\/wp\/v2\/comments?post=9407"}],"version-history":[{"count":2,"href":"https:\/\/frhub.netgear.com\/fr\/hub\/wp-json\/wp\/v2\/pages\/9407\/revisions"}],"predecessor-version":[{"id":9514,"href":"https:\/\/frhub.netgear.com\/fr\/hub\/wp-json\/wp\/v2\/pages\/9407\/revisions\/9514"}],"up":[{"embeddable":true,"href":"https:\/\/frhub.netgear.com\/fr\/hub\/wp-json\/wp\/v2\/pages\/6678"}],"wp:featuredmedia":[{"embeddable":true,"href":"https:\/\/frhub.netgear.com\/fr\/hub\/wp-json\/wp\/v2\/media\/9418"}],"wp:attachment":[{"href":"https:\/\/frhub.netgear.com\/fr\/hub\/wp-json\/wp\/v2\/media?parent=9407"}],"curies":[{"name":"wp","href":"https:\/\/api.w.org\/{rel}","templated":true}]}}