{"id":9379,"date":"2024-04-03T15:57:53","date_gmt":"2024-04-03T13:57:53","guid":{"rendered":"https:\/\/www.netgear.com\/fr\/hub\/?page_id=9379"},"modified":"2025-02-18T01:25:38","modified_gmt":"2025-02-18T00:25:38","slug":"algam-salon-2024","status":"publish","type":"page","link":"https:\/\/frhub.netgear.com\/fr\/hub\/technology\/algam-salon-2024\/","title":{"rendered":"Algam Salon 2024"},"content":{"rendered":"    <div class=\"table-of-content bg-gray\">\n        <p><strong>IN THIS ARTICLE<\/strong><\/p>\n        <ul>\n                        <li><a href=\"#topic1\">L'\u00e9v\u00e9nement<\/a><\/li>\n                        <li><a href=\"#topic2\">Les actes<\/a><\/li>\n                        <li><a href=\"#topic3\">Vid\u00e9o<\/a><\/li>\n                        <li><a href=\"#topic4\">Plus d'information<\/a><\/li>\n                    <\/ul>\n    <\/div>\n        <div id=\"topic1\" class=\"skip-item\">\n                        <h2>L'\u00e9v\u00e9nement<\/h2>\n                <p><span style=\"color: #000000\">L&#8217;\u00e9quipe fran\u00e7aise NETGEAR AV a particip\u00e9 \u00e0 un \u00e9v\u00e9nement ProAV remarquable le week-end dernier : le salon Algam \u00e9dition 2024 \u00e0 Nantes, du 24 au 26 Mars. Algam a commenc\u00e9 \u00e0 travailler avec NETGEAR 2 ans auparavant et ils sont maintenant le premier distributeur de solutions r\u00e9seau NETGEAR pour le secteur de l&#8217;Audiovisuel en France.<\/span><\/p>\n    <\/div>\n        <div id=\"topic2\" class=\"skip-item\">\n                        <h2>Les actes<\/h2>\n                <p><span style=\"color: #000000\">Fort de 53 ans de tradition dans le domaine de l\u2019audiovisuel, Algam a une grande histoire et son fondateur flamboyant G\u00e9rard Garnier a partag\u00e9 une belle histoire sur sc\u00e8ne dimanche soir.<\/span><\/p>\n<p><span style=\"color: #000000\">SHURE Inc l\u2019a remerci\u00e9 pour ses 20 ans d\u2019activit\u00e9 avec une r\u00e9plique dor\u00e9e du microphone d\u2019Elvis Presley. Il n&#8217;y en a que trois dans le monde. L\u2019un est dans un mus\u00e9e Shure, l\u2019autre dans le domaine familial Shure et le troisi\u00e8me est sur le bureau de G\u00e9rard.<\/span><\/p>\n<p><span style=\"color: #000000\">G\u00e9rard aime dire avec un sourire fier qu\u2019il a d\u00e9but\u00e9 dans l\u2019industrie musicale avec une seule chose : une perceuse Black &amp; Decker ! Il a commenc\u00e9 \u00e0 fabriquer des fl\u00fbtes en bois en 1971 et a rapidement augment\u00e9 sa soci\u00e9t\u00e9 \u00e0 50 employ\u00e9s. La vente en gros et l&#8217;importation sont devenues une grande partie des activit\u00e9s d&#8217;Algam au d\u00e9but des ann\u00e9es 1970 Il avait m\u00eame les droits de distribution des clubs de golf Calloway Big Bertha, mais le secteur Audio \u00e9tait, et reste, sa passion. Aujourd\u2019hui, ALGAM est une entreprise multinationale de 300 millions de dollars, dirig\u00e9e par Benjamin, le fils de G\u00e9rard.<\/span><\/p>\n    <\/div>\n        <div id=\"topic3\" class=\"skip-item\">\n                        <h2>Vid\u00e9o<\/h2>\n                <p><iframe loading=\"lazy\" src=\"https:\/\/www.youtube.com\/embed\/tgIQPDgOb9I?si=WyHgz_em8KhFBWCE\" width=\"560\" height=\"315\" frameborder=\"0\" allowfullscreen=\"allowfullscreen\"><\/iframe><br \/>\n<a href=\"https:\/\/www.youtube.com\/embed\/tgIQPDgOb9I\"><img loading=\"lazy\" decoding=\"async\" class=\"aligncenter size-full wp-image-9404\" src=\"https:\/\/www.netgear.com\/fr\/hub\/wp-content\/uploads\/2024\/04\/Algam-Salon-2024-video.jpg\" alt=\"\" width=\"1031\" height=\"603\" srcset=\"https:\/\/frhub.netgear.com\/fr\/hub\/wp-content\/uploads\/2024\/04\/Algam-Salon-2024-video.jpg 1031w, https:\/\/frhub.netgear.com\/fr\/hub\/wp-content\/uploads\/2024\/04\/Algam-Salon-2024-video-300x175.jpg 300w, https:\/\/frhub.netgear.com\/fr\/hub\/wp-content\/uploads\/2024\/04\/Algam-Salon-2024-video-1024x599.jpg 1024w, https:\/\/frhub.netgear.com\/fr\/hub\/wp-content\/uploads\/2024\/04\/Algam-Salon-2024-video-768x449.jpg 768w\" sizes=\"auto, (max-width: 1031px) 100vw, 1031px\" \/><\/a><\/p>\n    <\/div>\n        <div id=\"topic4\" class=\"skip-item\">\n                        <h2>Plus d'information<\/h2>\n                <p>Algam est partenaire de NETGEAR pour les commutateurs AV. Veuillez consulter <a href=\"https:\/\/www.algamenterprise.fr\/marques\/NETGEAR-NetGear\/\">https:\/\/www.algamenterprise.fr\/marques\/NETGEAR-NetGear\/<\/a> ou <a href=\"https:\/\/www.netgear.com\/fr\/business\/solutions\/av-over-ip\/\">https:\/\/www.netgear.com\/fr\/business\/solutions\/av-over-ip\/<\/a> pour plus d&#8217;informations.<\/p>\n    <\/div>\n    \n","protected":false},"excerpt":{"rendered":"","protected":false},"author":68,"featured_media":0,"parent":6678,"menu_order":6,"comment_status":"closed","ping_status":"closed","template":"templates\/blog-wifi.php","meta":{"_acf_changed":false,"content-type":"","footnotes":""},"class_list":["post-9379","page","type-page","status-publish","hentry"],"acf":[],"yoast_head":"<!-- This site is optimized with the Yoast SEO plugin v27.5 - https:\/\/yoast.com\/product\/yoast-seo-wordpress\/ -->\n<title>Algam Salon 2024 - NETGEAR Blog<\/title>\n<meta name=\"robots\" content=\"index, follow, max-snippet:-1, max-image-preview:large, max-video-preview:-1\" \/>\n<link rel=\"canonical\" href=\"https:\/\/frhub.netgear.com\/fr\/hub\/technology\/algam-salon-2024\/\" \/>\n<meta property=\"og:locale\" content=\"en_US\" \/>\n<meta property=\"og:type\" content=\"article\" \/>\n<meta property=\"og:title\" content=\"Algam Salon 2024 - NETGEAR Blog\" \/>\n<meta property=\"og:url\" content=\"https:\/\/frhub.netgear.com\/fr\/hub\/technology\/algam-salon-2024\/\" \/>\n<meta property=\"og:site_name\" content=\"NETGEAR Blog\" \/>\n<meta property=\"article:publisher\" content=\"https:\/\/www.facebook.com\/NetgearAU\/\" \/>\n<meta property=\"article:modified_time\" content=\"2025-02-18T00:25:38+00:00\" \/>\n<meta name=\"twitter:card\" content=\"summary_large_image\" \/>\n<meta name=\"twitter:site\" content=\"@NETGEAR\" \/>\n<script type=\"application\/ld+json\" class=\"yoast-schema-graph\">{\"@context\":\"https:\\\/\\\/schema.org\",\"@graph\":[{\"@type\":\"WebPage\",\"@id\":\"https:\\\/\\\/frhub.netgear.com\\\/fr\\\/hub\\\/technology\\\/algam-salon-2024\\\/\",\"url\":\"https:\\\/\\\/frhub.netgear.com\\\/fr\\\/hub\\\/technology\\\/algam-salon-2024\\\/\",\"name\":\"Algam Salon 2024 - NETGEAR Blog\",\"isPartOf\":{\"@id\":\"https:\\\/\\\/frhub.netgear.com\\\/fr\\\/hub\\\/#website\"},\"datePublished\":\"2024-04-03T13:57:53+00:00\",\"dateModified\":\"2025-02-18T00:25:38+00:00\",\"breadcrumb\":{\"@id\":\"https:\\\/\\\/frhub.netgear.com\\\/fr\\\/hub\\\/technology\\\/algam-salon-2024\\\/#breadcrumb\"},\"inLanguage\":\"en-US\",\"potentialAction\":[{\"@type\":\"ReadAction\",\"target\":[\"https:\\\/\\\/frhub.netgear.com\\\/fr\\\/hub\\\/technology\\\/algam-salon-2024\\\/\"]}]},{\"@type\":\"BreadcrumbList\",\"@id\":\"https:\\\/\\\/frhub.netgear.com\\\/fr\\\/hub\\\/technology\\\/algam-salon-2024\\\/#breadcrumb\",\"itemListElement\":[{\"@type\":\"ListItem\",\"position\":1,\"name\":\"Home\",\"item\":\"https:\\\/\\\/frhub.netgear.com\\\/fr\\\/hub\\\/\"},{\"@type\":\"ListItem\",\"position\":2,\"name\":\"Technologies\",\"item\":\"https:\\\/\\\/frhub.netgear.com\\\/fr\\\/hub\\\/technology\\\/\"},{\"@type\":\"ListItem\",\"position\":3,\"name\":\"Algam Salon 2024\"}]},{\"@type\":\"WebSite\",\"@id\":\"https:\\\/\\\/frhub.netgear.com\\\/fr\\\/hub\\\/#website\",\"url\":\"https:\\\/\\\/frhub.netgear.com\\\/fr\\\/hub\\\/\",\"name\":\"NETGEAR Hub France\",\"description\":\"Explorez les pages de notre blog et parcourez les articles pour en savoir plus sur les produits et la technologie NETGEAR.\",\"publisher\":{\"@id\":\"https:\\\/\\\/frhub.netgear.com\\\/fr\\\/hub\\\/#organization\"},\"potentialAction\":[{\"@type\":\"SearchAction\",\"target\":{\"@type\":\"EntryPoint\",\"urlTemplate\":\"https:\\\/\\\/frhub.netgear.com\\\/fr\\\/hub\\\/?s={search_term_string}\"},\"query-input\":{\"@type\":\"PropertyValueSpecification\",\"valueRequired\":true,\"valueName\":\"search_term_string\"}}],\"inLanguage\":\"en-US\"},{\"@type\":\"Organization\",\"@id\":\"https:\\\/\\\/frhub.netgear.com\\\/fr\\\/hub\\\/#organization\",\"name\":\"NETGEAR\",\"url\":\"https:\\\/\\\/frhub.netgear.com\\\/fr\\\/hub\\\/\",\"logo\":{\"@type\":\"ImageObject\",\"inLanguage\":\"en-US\",\"@id\":\"https:\\\/\\\/frhub.netgear.com\\\/fr\\\/hub\\\/#\\\/schema\\\/logo\\\/image\\\/\",\"url\":\"https:\\\/\\\/www.netgear.com\\\/fr\\\/hub\\\/wp-content\\\/uploads\\\/2019\\\/07\\\/NETGEAR_logo.jpg\",\"contentUrl\":\"https:\\\/\\\/www.netgear.com\\\/fr\\\/hub\\\/wp-content\\\/uploads\\\/2019\\\/07\\\/NETGEAR_logo.jpg\",\"width\":1500,\"height\":501,\"caption\":\"NETGEAR\"},\"image\":{\"@id\":\"https:\\\/\\\/frhub.netgear.com\\\/fr\\\/hub\\\/#\\\/schema\\\/logo\\\/image\\\/\"},\"sameAs\":[\"https:\\\/\\\/www.facebook.com\\\/NetgearAU\\\/\",\"https:\\\/\\\/x.com\\\/NETGEAR\",\"https:\\\/\\\/www.linkedin.com\\\/company\\\/netgear\"]}]}<\/script>\n<!-- \/ Yoast SEO plugin. -->","yoast_head_json":{"title":"Algam Salon 2024 - NETGEAR Blog","robots":{"index":"index","follow":"follow","max-snippet":"max-snippet:-1","max-image-preview":"max-image-preview:large","max-video-preview":"max-video-preview:-1"},"canonical":"https:\/\/frhub.netgear.com\/fr\/hub\/technology\/algam-salon-2024\/","og_locale":"en_US","og_type":"article","og_title":"Algam Salon 2024 - NETGEAR Blog","og_url":"https:\/\/frhub.netgear.com\/fr\/hub\/technology\/algam-salon-2024\/","og_site_name":"NETGEAR Blog","article_publisher":"https:\/\/www.facebook.com\/NetgearAU\/","article_modified_time":"2025-02-18T00:25:38+00:00","twitter_card":"summary_large_image","twitter_site":"@NETGEAR","schema":{"@context":"https:\/\/schema.org","@graph":[{"@type":"WebPage","@id":"https:\/\/frhub.netgear.com\/fr\/hub\/technology\/algam-salon-2024\/","url":"https:\/\/frhub.netgear.com\/fr\/hub\/technology\/algam-salon-2024\/","name":"Algam Salon 2024 - NETGEAR Blog","isPartOf":{"@id":"https:\/\/frhub.netgear.com\/fr\/hub\/#website"},"datePublished":"2024-04-03T13:57:53+00:00","dateModified":"2025-02-18T00:25:38+00:00","breadcrumb":{"@id":"https:\/\/frhub.netgear.com\/fr\/hub\/technology\/algam-salon-2024\/#breadcrumb"},"inLanguage":"en-US","potentialAction":[{"@type":"ReadAction","target":["https:\/\/frhub.netgear.com\/fr\/hub\/technology\/algam-salon-2024\/"]}]},{"@type":"BreadcrumbList","@id":"https:\/\/frhub.netgear.com\/fr\/hub\/technology\/algam-salon-2024\/#breadcrumb","itemListElement":[{"@type":"ListItem","position":1,"name":"Home","item":"https:\/\/frhub.netgear.com\/fr\/hub\/"},{"@type":"ListItem","position":2,"name":"Technologies","item":"https:\/\/frhub.netgear.com\/fr\/hub\/technology\/"},{"@type":"ListItem","position":3,"name":"Algam Salon 2024"}]},{"@type":"WebSite","@id":"https:\/\/frhub.netgear.com\/fr\/hub\/#website","url":"https:\/\/frhub.netgear.com\/fr\/hub\/","name":"NETGEAR Hub France","description":"Explorez les pages de notre blog et parcourez les articles pour en savoir plus sur les produits et la technologie NETGEAR.","publisher":{"@id":"https:\/\/frhub.netgear.com\/fr\/hub\/#organization"},"potentialAction":[{"@type":"SearchAction","target":{"@type":"EntryPoint","urlTemplate":"https:\/\/frhub.netgear.com\/fr\/hub\/?s={search_term_string}"},"query-input":{"@type":"PropertyValueSpecification","valueRequired":true,"valueName":"search_term_string"}}],"inLanguage":"en-US"},{"@type":"Organization","@id":"https:\/\/frhub.netgear.com\/fr\/hub\/#organization","name":"NETGEAR","url":"https:\/\/frhub.netgear.com\/fr\/hub\/","logo":{"@type":"ImageObject","inLanguage":"en-US","@id":"https:\/\/frhub.netgear.com\/fr\/hub\/#\/schema\/logo\/image\/","url":"https:\/\/www.netgear.com\/fr\/hub\/wp-content\/uploads\/2019\/07\/NETGEAR_logo.jpg","contentUrl":"https:\/\/www.netgear.com\/fr\/hub\/wp-content\/uploads\/2019\/07\/NETGEAR_logo.jpg","width":1500,"height":501,"caption":"NETGEAR"},"image":{"@id":"https:\/\/frhub.netgear.com\/fr\/hub\/#\/schema\/logo\/image\/"},"sameAs":["https:\/\/www.facebook.com\/NetgearAU\/","https:\/\/x.com\/NETGEAR","https:\/\/www.linkedin.com\/company\/netgear"]}]}},"_links":{"self":[{"href":"https:\/\/frhub.netgear.com\/fr\/hub\/wp-json\/wp\/v2\/pages\/9379","targetHints":{"allow":["GET"]}}],"collection":[{"href":"https:\/\/frhub.netgear.com\/fr\/hub\/wp-json\/wp\/v2\/pages"}],"about":[{"href":"https:\/\/frhub.netgear.com\/fr\/hub\/wp-json\/wp\/v2\/types\/page"}],"author":[{"embeddable":true,"href":"https:\/\/frhub.netgear.com\/fr\/hub\/wp-json\/wp\/v2\/users\/68"}],"replies":[{"embeddable":true,"href":"https:\/\/frhub.netgear.com\/fr\/hub\/wp-json\/wp\/v2\/comments?post=9379"}],"version-history":[{"count":10,"href":"https:\/\/frhub.netgear.com\/fr\/hub\/wp-json\/wp\/v2\/pages\/9379\/revisions"}],"predecessor-version":[{"id":10073,"href":"https:\/\/frhub.netgear.com\/fr\/hub\/wp-json\/wp\/v2\/pages\/9379\/revisions\/10073"}],"up":[{"embeddable":true,"href":"https:\/\/frhub.netgear.com\/fr\/hub\/wp-json\/wp\/v2\/pages\/6678"}],"wp:attachment":[{"href":"https:\/\/frhub.netgear.com\/fr\/hub\/wp-json\/wp\/v2\/media?parent=9379"}],"curies":[{"name":"wp","href":"https:\/\/api.w.org\/{rel}","templated":true}]}}