{"id":9334,"date":"2024-02-18T22:00:51","date_gmt":"2024-02-18T21:00:51","guid":{"rendered":"https:\/\/www.netgear.com\/fr\/hub\/?page_id=9334"},"modified":"2024-10-09T04:06:40","modified_gmt":"2024-10-09T02:06:40","slug":"orbi-970-wifi-7","status":"publish","type":"page","link":"https:\/\/frhub.netgear.com\/fr\/hub\/wifi\/mesh\/orbi-970-wifi-7\/","title":{"rendered":"Orbi 970 par NETGEAR : Le WiFi 7 au sommet"},"content":{"rendered":"    <div class=\"table-of-content bg-gray\">\n        <p><strong>IN THIS ARTICLE<\/strong><\/p>\n        <ul>\n                        <li><a href=\"#topic1\"> Orbi 970 : le premier Orbi WiFi 7<\/a><\/li>\n                        <li><a href=\"#topic2\">Des vitesses in\u00e9gal\u00e9es avec le backhaul d\u00e9di\u00e9 am\u00e9lior\u00e9<\/a><\/li>\n                        <li><a href=\"#topic3\">Ports LAN Internet et Ethernet 10 Gbps pour une connectivit\u00e9 ultime<\/a><\/li>\n                        <li><a href=\"#topic4\">Couverture 360\u00b0 int\u00e9grale<\/a><\/li>\n                        <li><a href=\"#topic5\">S\u00e9curisez votre WiFi domestique<\/a><\/li>\n                        <li><a href=\"#topic6\">D\u00e9couvrez un r\u00e9seau maill\u00e9 multi-gigabit enti\u00e8rement WiFi 7<\/a><\/li>\n                        <li><a href=\"#topic7\">Un WiFi qui suit le rythme de vos appareils<\/a><\/li>\n                        <li><a href=\"#topic8\">D\u00e9tails techniques de la s\u00e9rie Orbi 970 :<\/a><\/li>\n                        <li><a href=\"#topic9\">Vid\u00e9o : Orbi 970<\/a><\/li>\n                    <\/ul>\n    <\/div>\n        <div id=\"topic1\" class=\"skip-item\">\n                        <h2> Orbi 970 : le premier Orbi WiFi 7<\/h2>\n                <p>Avec un d\u00e9bit atteignant 27 Gbps, un backhaul d\u00e9di\u00e9 am\u00e9lior\u00e9 et une couverture 360\u00b0, la <strong><a href=\"https:\/\/www.netgear.com\/fr\/home\/wifi\/mesh\/rbe973sb\/\"> s\u00e9rie 970 apporte la puissance extraordinaire du WiFi 7<\/a><\/strong> \u00e0 chaque recoin de votre domicile.<\/p>\n<p><img loading=\"lazy\" decoding=\"async\" class=\"alignright wp-image-9148 size-large\" src=\"https:\/\/www.netgear.com\/hub\/wp-content\/uploads\/2023\/09\/CMS_Banner-Orbi_RBE973_navy-1024x353.jpg\" alt=\"3 Orbi 970s white\" width=\"1024\" height=\"353\" \/><\/p>\n<p>&nbsp;<\/p>\n<div style=\"background-color: #f2f2f2;padding: 10px\"><em><strong>Qu&#8217;est-ce que le WiFi 7 ?<\/strong><br \/>\n<\/em><img loading=\"lazy\" decoding=\"async\" class=\"alignright wp-image-9161 size-medium\" src=\"https:\/\/www.netgear.com\/hub\/wp-content\/uploads\/2023\/09\/wifi-7-pretty-300x119.jpg\" alt=\"WiFi 7 6 5 graphic\" width=\"300\" height=\"119\" \/><em>Le WiFi 7 est la norme sans fil de derni\u00e8re g\u00e9n\u00e9ration aux performances in\u00e9gal\u00e9es : d\u00e9bit augment\u00e9, latence r\u00e9duite, et capacit\u00e9 accrue. Tous vos appareils b\u00e9n\u00e9ficieront d&#8217;une connexion fiable pour du streaming stable, de la vid\u00e9oconf\u00e9rence fluide et des jeux r\u00e9actifs.<\/em><\/div>\n<p><!--StartAdSpot 970--><a href=\"https:\/\/www.netgear.com\/fr\/home\/wifi\/mesh\/rbe973sb\/\"><img loading=\"lazy\" decoding=\"async\" class=\"aligncenter wp-image-10374 size-full\" src=\"https:\/\/www.netgear.com\/hub\/wp-content\/uploads\/2023\/12\/970-ad-spot.jpg\" alt=\"Orbi WiFi 7 banner shop now\" width=\"728\" height=\"90\" \/><\/a><!--EndAdSpot 970--><\/p>\n    <\/div>\n        <div id=\"topic2\" class=\"skip-item\">\n                        <h2>Des vitesses in\u00e9gal\u00e9es avec le backhaul d\u00e9di\u00e9 am\u00e9lior\u00e9<\/h2>\n                <p>Gr\u00e2ce \u00e0 notre technologie quadri-bande brevet\u00e9e et \u00e0 notre backhaul d\u00e9di\u00e9 am\u00e9lior\u00e9, le WiFi reste rapide en toutes circonstances pour tous les appareils. En combinant une bande 5 GHz d\u00e9di\u00e9e avec une bande 6 GHz partag\u00e9e, la s\u00e9rie Orbi 970 \u00e9tablit entre le routeur et les satellites une connexion sans fil 10 Gbps, r\u00e9duisant la latence et acc\u00e9l\u00e9rant significativement la transmission des donn\u00e9es.<br \/>\n<img loading=\"lazy\" decoding=\"async\" class=\"alignleft wp-image-9157 size-large\" src=\"https:\/\/www.netgear.com\/hub\/wp-content\/uploads\/2023\/09\/rbke973s_impossibly_fast_made_possible_v1_tcm148-152175-1024x394.jpg\" alt=\"NETGEAR Enhanced Dedicated Backhaul \" width=\"1024\" height=\"394\" \/><\/p>\n    <\/div>\n        <div id=\"topic3\" class=\"skip-item\">\n                        <h2>Ports LAN Internet et Ethernet 10 Gbps pour une connectivit\u00e9 ultime<\/h2>\n                <div style=\"width: 100%;height: auto\">\n<p><img loading=\"lazy\" decoding=\"async\" class=\"alignleft wp-image-9156 size-medium\" src=\"https:\/\/www.netgear.com\/hub\/wp-content\/uploads\/2023\/09\/rbe973s_unleash_the_power_of_10g_tcm148-152182-300x234.jpg\" alt=\"NETGEAR Cable port Image\" width=\"300\" height=\"234\" \/>B\u00e9n\u00e9ficiez des meilleures vitesses d&#8217;aujourd&#8217;hui et de demain avec le port Internet 10 Gbps, le port Ethernet 10 Gbps et les quatre ports Ethernet 2,5 Gbps. La s\u00e9rie Orbi 970 met en valeur les vid\u00e9os 4K\/8K, la conception graphique et l&#8217;immersion VR\/AR.<\/p>\n<\/div>\n    <\/div>\n        <div id=\"topic4\" class=\"skip-item\">\n                        <h2>Couverture 360\u00b0 int\u00e9grale<\/h2>\n                <p>Fini les zones mortes. Avec la s\u00e9rie Orbi 970 dot\u00e9e de 12 antennes internes haute performance, chaque appareil re\u00e7oit un signal WiFi de qualit\u00e9 de la porte d&#8217;entr\u00e9e au jardin.<\/p>\n    <\/div>\n        <div id=\"topic5\" class=\"skip-item\">\n                        <h2>S\u00e9curisez votre WiFi domestique<\/h2>\n                <p><img loading=\"lazy\" decoding=\"async\" class=\"alignleft wp-image-9158 size-medium\" src=\"https:\/\/www.netgear.com\/hub\/wp-content\/uploads\/2023\/09\/common_armor_with_icons_mobile_tcm148-153078-crop-300x116.jpg\" alt=\"home with protection shield\" width=\"300\" height=\"116\" \/><strong>Prot\u00e9gez vos appareils avec NETGEAR Armor\u2122<\/strong><br \/>\nLa s\u00e9rie Orbi 970 inclut un an de souscription \u00e0 Armor\u2122 d\u00e9velopp\u00e9 par Bitdefender. Armor\u2122 est un bouclier de protection automatique pour vos appareils connect\u00e9s, y compris ordinateurs, cam\u00e9ras de s\u00e9curit\u00e9, moniteurs de b\u00e9b\u00e9 et appareils IoT. Armor\u2122 \u00e9tant int\u00e9gr\u00e9 directement au routeur, il n&#8217;est pas n\u00e9cessaire d&#8217;ajouter d&#8217;autres logiciels de s\u00e9curit\u00e9.<br \/>\nProhibez les mauvaises pratiques en ligne avec le contr\u00f4le parental intelligent NETGEAR<\/p>\n<p><strong>Prohibez les mauvaises pratiques en ligne avec le contr\u00f4le parental intelligent NETGEAR<\/strong><br \/>\nG\u00e9rez facilement le temps que vos enfants passent en ligne pour \u00e9quilibrer leur exp\u00e9rience num\u00e9rique. Les fonctionnalit\u00e9s de base sont disponibles gratuitement, et vous pouvez opter pour une offre Premium apr\u00e8s la p\u00e9riode d&#8217;essai de 30 jours.<\/p>\n    <\/div>\n        <div id=\"topic6\" class=\"skip-item\">\n                        <h2>D\u00e9couvrez un r\u00e9seau maill\u00e9 multi-gigabit enti\u00e8rement WiFi 7<\/h2>\n                <p>Le syst\u00e8me maill\u00e9 Orbi 970 couvre jusqu&#8217;\u00e0 950 m\u00b2 (pack x3) et prend en charge simultan\u00e9ment jusqu&#8217;\u00e0 200 appareils. C&#8217;est la solution id\u00e9ale pour les familles de geeks qui occupent des grandes maisons. La couverture est extensible par l&#8217;ajout de satellites, chacun dot\u00e9 d&#8217;un port Ethernet 10 Gbps et de deux ports Ethernet 2,5 Gbps.<\/p>\n    <\/div>\n        <div id=\"topic7\" class=\"skip-item\">\n                        <h2>Un WiFi qui suit le rythme de vos appareils<\/h2>\n                <p>La s\u00e9rie Orbi 970 compatible WiFi 7 exploite \u00e0 fond les derniers appareils et gadgets, y compris :<\/p>\n<ul>\n<li>\u200b\u200bOrdinateurs portables et smartphones tels que iPhones et Android\u200b\u200b\u200b<\/li>\n<li>T\u00e9l\u00e9viseurs intelligents 4K\/8K et mat\u00e9riel de streaming<\/li>\n<li>Consoles de jeux telles que PlayStation 5 et Xbox Series X\/S<\/li>\n<li>Cam\u00e9ras de s\u00e9curit\u00e9<\/li>\n<li>Casques VR\/AR<\/li>\n<li>Stations de travail et appareils IoT haute performance<\/li>\n<\/ul>\n<p>M\u00eame les appareils d\u00e9pourvus de WiFi 7 peuvent tirer parti de la s\u00e9rie Orbi 970<\/p>\n    <\/div>\n        <div id=\"topic8\" class=\"skip-item\">\n                        <h2>D\u00e9tails techniques de la s\u00e9rie Orbi 970 :<\/h2>\n                <ul>\n<li>D\u00e9bit WiFi jusqu&#8217;\u00e0 27 Gbps<\/li>\n<li>Couverture jusqu&#8217;\u00e0 950 m\u00b2 (pack x3)<\/li>\n<li><img loading=\"lazy\" decoding=\"async\" class=\"alignright wp-image-9176 size-full\" src=\"https:\/\/www.netgear.com\/hub\/wp-content\/uploads\/2023\/09\/orbi-970-single-unit-png-v2.png\" alt=\"NETGEAR Orbi white\" width=\"115\" height=\"300\" \/>Canaux haute capacit\u00e9 320 MHz pour une vitesse x2,4<\/li>\n<li>Technologie 4K QAM pour une meilleure utilisation de la bande passante<\/li>\n<li>Perforation de pr\u00e9ambule pour optimiser les canaux dans les zones \u00e0 fortes interf\u00e9rences<\/li>\n<li>Fonctionnement multi-liens pour renforcer la fiabilit\u00e9 du r\u00e9seau et r\u00e9duire la latence<\/li>\n<li>Backhaul d\u00e9di\u00e9 am\u00e9lior\u00e9 au d\u00e9bit de 10 Gbps<\/li>\n<li>Technologie brevet\u00e9e WiFi quadri-bande 1x 2,4 GHz, 2x 5 GHz et 1x 6 GHz<\/li>\n<li>Port Internet 10 Gbps pour les services Internet par c\u00e2ble ou fibre optique jusqu&#8217;\u00e0 10 Gbps<\/li>\n<li>Ports LAN 10 Gbps pour les connexions filaires haut d\u00e9bit<\/li>\n<li>Prend en charge simultan\u00e9ment jusqu&#8217;\u00e0 200 appareils<\/li>\n<li>Streaming 4K\/8K fluide, jeux en ligne r\u00e9actifs, et plus<\/li>\n<li>Routeur et satellites en pack de diff\u00e9rentes tailles pour une couverture adapt\u00e9e<\/li>\n<\/ul>\n    <\/div>\n        <div id=\"topic9\" class=\"skip-item\">\n                        <h2>Vid\u00e9o : Orbi 970<\/h2>\n                <p><iframe loading=\"lazy\" src=\"https:\/\/www.youtube.com\/embed\/_MdCt9I5dwc?si=JfiUEw5KSLj_IgYm\" width=\"960\" height=\"540\" frameborder=\"0\" allowfullscreen=\"allowfullscreen\"><\/iframe><\/p>\n    <\/div>\n        <div id=\"topic10\" class=\"skip-item\">\n                        <p><img loading=\"lazy\" decoding=\"async\" class=\"alignright wp-image-9231\" src=\"https:\/\/www.netgear.com\/hub\/wp-content\/uploads\/2023\/09\/orbi-rbke973sb-3-pack-black-cropped-300x300.jpg\" alt=\"NETGEAR Orbi Black\" width=\"245\" height=\"245\" \/><strong>NETGEAR Orbi 970 Black Edition<\/strong> est disponible exclusivement sur netgear.com. La version en blanc est disponible sur netgear.com et chez d&#8217;autres gros d\u00e9taillants. Ouvrez le champ des possibles et <strong>vivez le WiFi 7 en grand avec le plus puissant Orbi du moment.<\/strong><\/p>\n<p><strong><button style=\"font-size: 1.1em\"><a href=\"https:\/\/www.netgear.com\/fr\/home\/wifi\/mesh\/rbe973sb\/\">Consulter Orbi 970 WiFi 7 Black Edition pack x3 (RBE973SB)<\/a><\/button><\/strong><\/p>\n<p><button style=\"font-size: 1.1em\"><a href=\"https:\/\/www.netgear.com\/fr\/home\/wifi\/mesh\/orbi\/\">En savoir plus sur les syst\u00e8mes WiFi mesh Orbi<\/a><\/button><\/p>\n    <\/div>\n        <div id=\"topic11\" class=\"skip-item\">\n                        <p><img loading=\"lazy\" decoding=\"async\" class=\"aligncenter wp-image-9061 size-large\" src=\"https:\/\/www.netgear.com\/hub\/wp-content\/uploads\/2023\/09\/Orbi-Blog-image-Desktop-Hero-banner-1024x288.jpg\" alt=\"NETGEAR Orbi black in the living room\" width=\"1024\" height=\"288\" \/><\/p>\n    <\/div>\n    \n","protected":false},"excerpt":{"rendered":"","protected":false},"author":68,"featured_media":9094,"parent":6707,"menu_order":6,"comment_status":"closed","ping_status":"closed","template":"templates\/blog-wifi.php","meta":{"_acf_changed":false,"content-type":"","footnotes":""},"class_list":["post-9334","page","type-page","status-publish","has-post-thumbnail","hentry"],"acf":[],"yoast_head":"<!-- This site is optimized with the Yoast SEO plugin v27.4 - https:\/\/yoast.com\/product\/yoast-seo-wordpress\/ -->\n<title>Orbi 970 par NETGEAR : Le WiFi 7 au sommet - NETGEAR<\/title>\n<meta name=\"description\" content=\"Notre dernier bijou d&#039;ing\u00e9nierie est enfin l\u00e0, voici le syst\u00e8me mesh Orbi 970 compatible WiFi 7. Avec ses technologies de pointe aux performances in\u00e9gal\u00e9es, la s\u00e9rie 970 va r\u00e9volutionner votre exp\u00e9rience du WiFi domestique.\" \/>\n<meta name=\"robots\" content=\"index, follow, max-snippet:-1, max-image-preview:large, max-video-preview:-1\" \/>\n<link rel=\"canonical\" href=\"https:\/\/frhub.netgear.com\/fr\/hub\/wifi\/mesh\/orbi-970-wifi-7\/\" \/>\n<meta property=\"og:locale\" content=\"en_US\" \/>\n<meta property=\"og:type\" content=\"article\" \/>\n<meta property=\"og:title\" content=\"Orbi 970 par NETGEAR : Le WiFi 7 au sommet - NETGEAR\" \/>\n<meta property=\"og:description\" content=\"Notre dernier bijou d&#039;ing\u00e9nierie est enfin l\u00e0, voici le syst\u00e8me mesh Orbi 970 compatible WiFi 7. Avec ses technologies de pointe aux performances in\u00e9gal\u00e9es, la s\u00e9rie 970 va r\u00e9volutionner votre exp\u00e9rience du WiFi domestique.\" \/>\n<meta property=\"og:url\" content=\"https:\/\/frhub.netgear.com\/fr\/hub\/wifi\/mesh\/orbi-970-wifi-7\/\" \/>\n<meta property=\"og:site_name\" content=\"NETGEAR Blog\" \/>\n<meta property=\"article:publisher\" content=\"https:\/\/www.facebook.com\/NetgearAU\/\" \/>\n<meta property=\"article:modified_time\" content=\"2024-10-09T02:06:40+00:00\" \/>\n<meta property=\"og:image\" content=\"https:\/\/frhub.netgear.com\/fr\/hub\/wp-content\/uploads\/2023\/09\/orbi-rbke973s_g1_779x536_hero_banner_tcm148-152127-e1694558321186.jpg\" \/>\n\t<meta property=\"og:image:width\" content=\"449\" \/>\n\t<meta property=\"og:image:height\" content=\"459\" \/>\n\t<meta property=\"og:image:type\" content=\"image\/jpeg\" \/>\n<meta name=\"twitter:card\" content=\"summary_large_image\" \/>\n<meta name=\"twitter:site\" content=\"@NETGEAR\" \/>\n<script type=\"application\/ld+json\" class=\"yoast-schema-graph\">{\"@context\":\"https:\\\/\\\/schema.org\",\"@graph\":[{\"@type\":\"WebPage\",\"@id\":\"https:\\\/\\\/frhub.netgear.com\\\/fr\\\/hub\\\/wifi\\\/mesh\\\/orbi-970-wifi-7\\\/\",\"url\":\"https:\\\/\\\/frhub.netgear.com\\\/fr\\\/hub\\\/wifi\\\/mesh\\\/orbi-970-wifi-7\\\/\",\"name\":\"Orbi 970 par NETGEAR : Le WiFi 7 au sommet - NETGEAR\",\"isPartOf\":{\"@id\":\"https:\\\/\\\/frhub.netgear.com\\\/fr\\\/hub\\\/#website\"},\"primaryImageOfPage\":{\"@id\":\"https:\\\/\\\/frhub.netgear.com\\\/fr\\\/hub\\\/wifi\\\/mesh\\\/orbi-970-wifi-7\\\/#primaryimage\"},\"image\":{\"@id\":\"https:\\\/\\\/frhub.netgear.com\\\/fr\\\/hub\\\/wifi\\\/mesh\\\/orbi-970-wifi-7\\\/#primaryimage\"},\"thumbnailUrl\":\"https:\\\/\\\/frhub.netgear.com\\\/fr\\\/hub\\\/wp-content\\\/uploads\\\/2023\\\/09\\\/orbi-rbke973s_g1_779x536_hero_banner_tcm148-152127-e1694558321186.jpg\",\"datePublished\":\"2024-02-18T21:00:51+00:00\",\"dateModified\":\"2024-10-09T02:06:40+00:00\",\"description\":\"Notre dernier bijou d'ing\u00e9nierie est enfin l\u00e0, voici le syst\u00e8me mesh Orbi 970 compatible WiFi 7. Avec ses technologies de pointe aux performances in\u00e9gal\u00e9es, la s\u00e9rie 970 va r\u00e9volutionner votre exp\u00e9rience du WiFi domestique.\",\"breadcrumb\":{\"@id\":\"https:\\\/\\\/frhub.netgear.com\\\/fr\\\/hub\\\/wifi\\\/mesh\\\/orbi-970-wifi-7\\\/#breadcrumb\"},\"inLanguage\":\"en-US\",\"potentialAction\":[{\"@type\":\"ReadAction\",\"target\":[\"https:\\\/\\\/frhub.netgear.com\\\/fr\\\/hub\\\/wifi\\\/mesh\\\/orbi-970-wifi-7\\\/\"]}]},{\"@type\":\"ImageObject\",\"inLanguage\":\"en-US\",\"@id\":\"https:\\\/\\\/frhub.netgear.com\\\/fr\\\/hub\\\/wifi\\\/mesh\\\/orbi-970-wifi-7\\\/#primaryimage\",\"url\":\"https:\\\/\\\/frhub.netgear.com\\\/fr\\\/hub\\\/wp-content\\\/uploads\\\/2023\\\/09\\\/orbi-rbke973s_g1_779x536_hero_banner_tcm148-152127-e1694558321186.jpg\",\"contentUrl\":\"https:\\\/\\\/frhub.netgear.com\\\/fr\\\/hub\\\/wp-content\\\/uploads\\\/2023\\\/09\\\/orbi-rbke973s_g1_779x536_hero_banner_tcm148-152127-e1694558321186.jpg\",\"width\":449,\"height\":459},{\"@type\":\"BreadcrumbList\",\"@id\":\"https:\\\/\\\/frhub.netgear.com\\\/fr\\\/hub\\\/wifi\\\/mesh\\\/orbi-970-wifi-7\\\/#breadcrumb\",\"itemListElement\":[{\"@type\":\"ListItem\",\"position\":1,\"name\":\"Home\",\"item\":\"https:\\\/\\\/frhub.netgear.com\\\/fr\\\/hub\\\/\"},{\"@type\":\"ListItem\",\"position\":2,\"name\":\"WiFi Tech Articles Hub\",\"item\":\"https:\\\/\\\/frhub.netgear.com\\\/fr\\\/hub\\\/wifi\\\/\"},{\"@type\":\"ListItem\",\"position\":3,\"name\":\"Articles sur le WiFi Maill\u00e9\",\"item\":\"https:\\\/\\\/frhub.netgear.com\\\/fr\\\/hub\\\/wifi\\\/mesh\\\/\"},{\"@type\":\"ListItem\",\"position\":4,\"name\":\"Orbi 970 par NETGEAR : Le WiFi 7 au sommet\"}]},{\"@type\":\"WebSite\",\"@id\":\"https:\\\/\\\/frhub.netgear.com\\\/fr\\\/hub\\\/#website\",\"url\":\"https:\\\/\\\/frhub.netgear.com\\\/fr\\\/hub\\\/\",\"name\":\"NETGEAR Hub France\",\"description\":\"Explorez les pages de notre blog et parcourez les articles pour en savoir plus sur les produits et la technologie NETGEAR.\",\"publisher\":{\"@id\":\"https:\\\/\\\/frhub.netgear.com\\\/fr\\\/hub\\\/#organization\"},\"potentialAction\":[{\"@type\":\"SearchAction\",\"target\":{\"@type\":\"EntryPoint\",\"urlTemplate\":\"https:\\\/\\\/frhub.netgear.com\\\/fr\\\/hub\\\/?s={search_term_string}\"},\"query-input\":{\"@type\":\"PropertyValueSpecification\",\"valueRequired\":true,\"valueName\":\"search_term_string\"}}],\"inLanguage\":\"en-US\"},{\"@type\":\"Organization\",\"@id\":\"https:\\\/\\\/frhub.netgear.com\\\/fr\\\/hub\\\/#organization\",\"name\":\"NETGEAR\",\"url\":\"https:\\\/\\\/frhub.netgear.com\\\/fr\\\/hub\\\/\",\"logo\":{\"@type\":\"ImageObject\",\"inLanguage\":\"en-US\",\"@id\":\"https:\\\/\\\/frhub.netgear.com\\\/fr\\\/hub\\\/#\\\/schema\\\/logo\\\/image\\\/\",\"url\":\"https:\\\/\\\/www.netgear.com\\\/fr\\\/hub\\\/wp-content\\\/uploads\\\/2019\\\/07\\\/NETGEAR_logo.jpg\",\"contentUrl\":\"https:\\\/\\\/www.netgear.com\\\/fr\\\/hub\\\/wp-content\\\/uploads\\\/2019\\\/07\\\/NETGEAR_logo.jpg\",\"width\":1500,\"height\":501,\"caption\":\"NETGEAR\"},\"image\":{\"@id\":\"https:\\\/\\\/frhub.netgear.com\\\/fr\\\/hub\\\/#\\\/schema\\\/logo\\\/image\\\/\"},\"sameAs\":[\"https:\\\/\\\/www.facebook.com\\\/NetgearAU\\\/\",\"https:\\\/\\\/x.com\\\/NETGEAR\",\"https:\\\/\\\/www.linkedin.com\\\/company\\\/netgear\"]}]}<\/script>\n<!-- \/ Yoast SEO plugin. -->","yoast_head_json":{"title":"Orbi 970 par NETGEAR : Le WiFi 7 au sommet - NETGEAR","description":"Notre dernier bijou d'ing\u00e9nierie est enfin l\u00e0, voici le syst\u00e8me mesh Orbi 970 compatible WiFi 7. Avec ses technologies de pointe aux performances in\u00e9gal\u00e9es, la s\u00e9rie 970 va r\u00e9volutionner votre exp\u00e9rience du WiFi domestique.","robots":{"index":"index","follow":"follow","max-snippet":"max-snippet:-1","max-image-preview":"max-image-preview:large","max-video-preview":"max-video-preview:-1"},"canonical":"https:\/\/frhub.netgear.com\/fr\/hub\/wifi\/mesh\/orbi-970-wifi-7\/","og_locale":"en_US","og_type":"article","og_title":"Orbi 970 par NETGEAR : Le WiFi 7 au sommet - NETGEAR","og_description":"Notre dernier bijou d'ing\u00e9nierie est enfin l\u00e0, voici le syst\u00e8me mesh Orbi 970 compatible WiFi 7. Avec ses technologies de pointe aux performances in\u00e9gal\u00e9es, la s\u00e9rie 970 va r\u00e9volutionner votre exp\u00e9rience du WiFi domestique.","og_url":"https:\/\/frhub.netgear.com\/fr\/hub\/wifi\/mesh\/orbi-970-wifi-7\/","og_site_name":"NETGEAR Blog","article_publisher":"https:\/\/www.facebook.com\/NetgearAU\/","article_modified_time":"2024-10-09T02:06:40+00:00","og_image":[{"width":449,"height":459,"url":"https:\/\/frhub.netgear.com\/fr\/hub\/wp-content\/uploads\/2023\/09\/orbi-rbke973s_g1_779x536_hero_banner_tcm148-152127-e1694558321186.jpg","type":"image\/jpeg"}],"twitter_card":"summary_large_image","twitter_site":"@NETGEAR","schema":{"@context":"https:\/\/schema.org","@graph":[{"@type":"WebPage","@id":"https:\/\/frhub.netgear.com\/fr\/hub\/wifi\/mesh\/orbi-970-wifi-7\/","url":"https:\/\/frhub.netgear.com\/fr\/hub\/wifi\/mesh\/orbi-970-wifi-7\/","name":"Orbi 970 par NETGEAR : Le WiFi 7 au sommet - NETGEAR","isPartOf":{"@id":"https:\/\/frhub.netgear.com\/fr\/hub\/#website"},"primaryImageOfPage":{"@id":"https:\/\/frhub.netgear.com\/fr\/hub\/wifi\/mesh\/orbi-970-wifi-7\/#primaryimage"},"image":{"@id":"https:\/\/frhub.netgear.com\/fr\/hub\/wifi\/mesh\/orbi-970-wifi-7\/#primaryimage"},"thumbnailUrl":"https:\/\/frhub.netgear.com\/fr\/hub\/wp-content\/uploads\/2023\/09\/orbi-rbke973s_g1_779x536_hero_banner_tcm148-152127-e1694558321186.jpg","datePublished":"2024-02-18T21:00:51+00:00","dateModified":"2024-10-09T02:06:40+00:00","description":"Notre dernier bijou d'ing\u00e9nierie est enfin l\u00e0, voici le syst\u00e8me mesh Orbi 970 compatible WiFi 7. Avec ses technologies de pointe aux performances in\u00e9gal\u00e9es, la s\u00e9rie 970 va r\u00e9volutionner votre exp\u00e9rience du WiFi domestique.","breadcrumb":{"@id":"https:\/\/frhub.netgear.com\/fr\/hub\/wifi\/mesh\/orbi-970-wifi-7\/#breadcrumb"},"inLanguage":"en-US","potentialAction":[{"@type":"ReadAction","target":["https:\/\/frhub.netgear.com\/fr\/hub\/wifi\/mesh\/orbi-970-wifi-7\/"]}]},{"@type":"ImageObject","inLanguage":"en-US","@id":"https:\/\/frhub.netgear.com\/fr\/hub\/wifi\/mesh\/orbi-970-wifi-7\/#primaryimage","url":"https:\/\/frhub.netgear.com\/fr\/hub\/wp-content\/uploads\/2023\/09\/orbi-rbke973s_g1_779x536_hero_banner_tcm148-152127-e1694558321186.jpg","contentUrl":"https:\/\/frhub.netgear.com\/fr\/hub\/wp-content\/uploads\/2023\/09\/orbi-rbke973s_g1_779x536_hero_banner_tcm148-152127-e1694558321186.jpg","width":449,"height":459},{"@type":"BreadcrumbList","@id":"https:\/\/frhub.netgear.com\/fr\/hub\/wifi\/mesh\/orbi-970-wifi-7\/#breadcrumb","itemListElement":[{"@type":"ListItem","position":1,"name":"Home","item":"https:\/\/frhub.netgear.com\/fr\/hub\/"},{"@type":"ListItem","position":2,"name":"WiFi Tech Articles Hub","item":"https:\/\/frhub.netgear.com\/fr\/hub\/wifi\/"},{"@type":"ListItem","position":3,"name":"Articles sur le WiFi Maill\u00e9","item":"https:\/\/frhub.netgear.com\/fr\/hub\/wifi\/mesh\/"},{"@type":"ListItem","position":4,"name":"Orbi 970 par NETGEAR : Le WiFi 7 au sommet"}]},{"@type":"WebSite","@id":"https:\/\/frhub.netgear.com\/fr\/hub\/#website","url":"https:\/\/frhub.netgear.com\/fr\/hub\/","name":"NETGEAR Hub France","description":"Explorez les pages de notre blog et parcourez les articles pour en savoir plus sur les produits et la technologie NETGEAR.","publisher":{"@id":"https:\/\/frhub.netgear.com\/fr\/hub\/#organization"},"potentialAction":[{"@type":"SearchAction","target":{"@type":"EntryPoint","urlTemplate":"https:\/\/frhub.netgear.com\/fr\/hub\/?s={search_term_string}"},"query-input":{"@type":"PropertyValueSpecification","valueRequired":true,"valueName":"search_term_string"}}],"inLanguage":"en-US"},{"@type":"Organization","@id":"https:\/\/frhub.netgear.com\/fr\/hub\/#organization","name":"NETGEAR","url":"https:\/\/frhub.netgear.com\/fr\/hub\/","logo":{"@type":"ImageObject","inLanguage":"en-US","@id":"https:\/\/frhub.netgear.com\/fr\/hub\/#\/schema\/logo\/image\/","url":"https:\/\/www.netgear.com\/fr\/hub\/wp-content\/uploads\/2019\/07\/NETGEAR_logo.jpg","contentUrl":"https:\/\/www.netgear.com\/fr\/hub\/wp-content\/uploads\/2019\/07\/NETGEAR_logo.jpg","width":1500,"height":501,"caption":"NETGEAR"},"image":{"@id":"https:\/\/frhub.netgear.com\/fr\/hub\/#\/schema\/logo\/image\/"},"sameAs":["https:\/\/www.facebook.com\/NetgearAU\/","https:\/\/x.com\/NETGEAR","https:\/\/www.linkedin.com\/company\/netgear"]}]}},"_links":{"self":[{"href":"https:\/\/frhub.netgear.com\/fr\/hub\/wp-json\/wp\/v2\/pages\/9334","targetHints":{"allow":["GET"]}}],"collection":[{"href":"https:\/\/frhub.netgear.com\/fr\/hub\/wp-json\/wp\/v2\/pages"}],"about":[{"href":"https:\/\/frhub.netgear.com\/fr\/hub\/wp-json\/wp\/v2\/types\/page"}],"author":[{"embeddable":true,"href":"https:\/\/frhub.netgear.com\/fr\/hub\/wp-json\/wp\/v2\/users\/68"}],"replies":[{"embeddable":true,"href":"https:\/\/frhub.netgear.com\/fr\/hub\/wp-json\/wp\/v2\/comments?post=9334"}],"version-history":[{"count":10,"href":"https:\/\/frhub.netgear.com\/fr\/hub\/wp-json\/wp\/v2\/pages\/9334\/revisions"}],"predecessor-version":[{"id":9681,"href":"https:\/\/frhub.netgear.com\/fr\/hub\/wp-json\/wp\/v2\/pages\/9334\/revisions\/9681"}],"up":[{"embeddable":true,"href":"https:\/\/frhub.netgear.com\/fr\/hub\/wp-json\/wp\/v2\/pages\/6707"}],"wp:featuredmedia":[{"embeddable":true,"href":"https:\/\/frhub.netgear.com\/fr\/hub\/wp-json\/wp\/v2\/media\/9094"}],"wp:attachment":[{"href":"https:\/\/frhub.netgear.com\/fr\/hub\/wp-json\/wp\/v2\/media?parent=9334"}],"curies":[{"name":"wp","href":"https:\/\/api.w.org\/{rel}","templated":true}]}}