{"id":9319,"date":"2024-02-12T04:23:02","date_gmt":"2024-02-12T03:23:02","guid":{"rendered":"https:\/\/www.netgear.com\/fr\/hub\/?page_id=9319"},"modified":"2024-10-09T04:07:59","modified_gmt":"2024-10-09T02:07:59","slug":"orbi-rbk853-contre-rbk863s","status":"publish","type":"page","link":"https:\/\/frhub.netgear.com\/fr\/hub\/wifi\/mesh\/orbi-rbk853-contre-rbk863s\/","title":{"rendered":"Orbi RBK853 contre RBK863S : notre syst\u00e8me maill\u00e9 best-seller poursuit son \u00e9volution"},"content":{"rendered":"    <div class=\"table-of-content bg-gray\">\n        <p><strong>IN THIS ARTICLE<\/strong><\/p>\n        <ul>\n                        <li><a href=\"#topic1\">Orbi 860 : nouveaut\u00e9s<\/a><\/li>\n                        <li><a href=\"#topic2\">Orbi 860 contre 850<\/a><\/li>\n                        <li><a href=\"#topic3\">\"S\" comme s\u00e9curit\u00e9<\/a><\/li>\n                        <li><a href=\"#topic4\">Routeur 10 gigabit puissant<\/a><\/li>\n                    <\/ul>\n    <\/div>\n        <div id=\"topic1\" class=\"skip-item\">\n                        <h2>Orbi 860 : nouveaut\u00e9s<\/h2>\n                <p><span style=\"font-weight: 400\">Nous avons r\u00e9cemment annonc\u00e9 notre nouvelle s\u00e9rie Orbi 860, la nouvelle version de notre syst\u00e8me maill\u00e9 WiFi 6 tri-bande prim\u00e9. La s\u00e9rie 860 reprend les bases de notre s\u00e9rie 850 best-seller et y ajoute des technologies nouvelles et modernis\u00e9es. Les nouveaut\u00e9s incluent la prise en charge des connexions multi-gigabit, une antenne modernis\u00e9e, et un an de souscription \u00e0 NETGEAR Armor\u2122 qui prot\u00e8ge automatiquement les appareils connect\u00e9s.<\/span><\/p>\n    <\/div>\n        <div id=\"topic2\" class=\"skip-item\">\n                        <h2>Orbi 860 contre 850<\/h2>\n                <p><span style=\"font-weight: 400\">Orbi 860 pack x3 (RBK863S) est un syst\u00e8me WiFi maill\u00e9 haute performance qui couvre l&#8217;ensemble du domicile. Son architecture tri-bande unique associ\u00e9e \u00e0 notre technologie brevet\u00e9e de backhaul (liaison de retour) d\u00e9di\u00e9, toutes deux h\u00e9rit\u00e9es de la s\u00e9rie Orbi 850 RBK853, assurent une vitesse maximale pour tous les appareils dans chaque pi\u00e8ce. Son optimisation WiFi unique et sa nouvelle antenne-r\u00e9seau permettent une augmentation \u00e0 la fois de la port\u00e9e et du d\u00e9bit. En effet, comparativement \u00e0 la s\u00e9rie 850, la couverture passe \u00e0 750 m\u00b2 (soit 50 m\u00b2 de plus) et le d\u00e9bit \u00e0 6 Gbps (jusqu&#8217;\u00e0 20 % de plus) pour un maximum de 100 appareils connect\u00e9s.<\/span><\/p>\n<p><span style=\"font-weight: 400\">\u00a0<\/span><span style=\"font-weight: 400\">En outre, la s\u00e9rie 860 prend en charge les d\u00e9bits domestiques les plus \u00e9lev\u00e9s gr\u00e2ce au port Ethernet 10 Gbps. Avec les services Internet par c\u00e2ble ou fibre optique les plus r\u00e9cents, vous pouvez atteindre un d\u00e9bit de 10 Gbps (contre seulement 1 et 2,5 Gbps pour la s\u00e9rie Orbi 850), de quoi \u00eatre tranquille pendant plusieurs ann\u00e9es.<\/span><\/p>\n    <\/div>\n        <div id=\"topic3\" class=\"skip-item\">\n                        <h2>\"S\" comme s\u00e9curit\u00e9<\/h2>\n                <p><span style=\"font-weight: 400\">La s\u00e9rie Orbi 860 inclut un an de souscription \u00e0 NETGEAR Armor\u2122 pour prot\u00e9ger votre r\u00e9seau contre les cybermenaces. Armor\u2122 n&#8217;est pas un antivirus standard qui s&#8217;ex\u00e9cute sur un terminal, c&#8217;est une solution de s\u00e9curit\u00e9 compl\u00e8te int\u00e9gr\u00e9e au routeur. Armor\u2122 prot\u00e8ge les ordinateurs, les cam\u00e9ras de s\u00e9curit\u00e9, les moniteurs pour b\u00e9b\u00e9 et autres appareils IoT en surveillant l&#8217;activit\u00e9 Internet entrante et sortante. Pas besoin d&#8217;abonnements ni de logiciels de s\u00e9curit\u00e9 suppl\u00e9mentaires.<\/span><\/p>\n    <\/div>\n        <div id=\"topic4\" class=\"skip-item\">\n                        <h2>Routeur 10 gigabit puissant<\/h2>\n                <p><span style=\"font-weight: 400\">La s\u00e9rie Orbi 860 ajoute \u00e0 la s\u00e9rie 850 (RBR860S) un routeur autonome adapt\u00e9 aux petits logements. Ainsi, vous b\u00e9n\u00e9ficiez de la performance Orbi en gardant la possibilit\u00e9 de passer au WiFi maill\u00e9. Le routeur inclut \u00e9galement un an de souscription \u00e0 Armor\u2122.<\/span><\/p>\n<p><span style=\"font-weight: 400\">\u00a0<\/span><span style=\"font-weight: 400\">Au final, la s\u00e9rie Orbi 860 reprend les atouts de la s\u00e9rie 850 et les met au go\u00fbt du jour pour satisfaire sur la dur\u00e9e les utilisateurs les plus exigeants. En savoir plus sur les syst\u00e8mes maill\u00e9s Orbi.<\/span><\/p>\n    <\/div>\n    \n","protected":false},"excerpt":{"rendered":"","protected":false},"author":68,"featured_media":9320,"parent":6707,"menu_order":4,"comment_status":"closed","ping_status":"closed","template":"templates\/mesh-vs-wifi.php","meta":{"_acf_changed":false,"content-type":"","footnotes":""},"class_list":["post-9319","page","type-page","status-publish","has-post-thumbnail","hentry"],"acf":[],"yoast_head":"<!-- This site is optimized with the Yoast SEO plugin v27.5 - https:\/\/yoast.com\/product\/yoast-seo-wordpress\/ -->\n<title>Comparaison Orbi RBK853 vs RBK863S - NETGEAR France<\/title>\n<meta name=\"description\" content=\"D\u00e9couvrez les diff\u00e9rences entre Orbi RBK853 et RBK863S sur NETGEAR France. Choisissez le meilleur syst\u00e8me mesh WiFi pour votre maison.\" \/>\n<meta name=\"robots\" content=\"index, follow, max-snippet:-1, max-image-preview:large, max-video-preview:-1\" \/>\n<link rel=\"canonical\" href=\"https:\/\/frhub.netgear.com\/fr\/hub\/wifi\/mesh\/orbi-rbk853-contre-rbk863s\/\" \/>\n<meta property=\"og:locale\" content=\"en_US\" \/>\n<meta property=\"og:type\" content=\"article\" \/>\n<meta property=\"og:title\" content=\"Comparaison Orbi RBK853 vs RBK863S - NETGEAR France\" \/>\n<meta property=\"og:description\" content=\"D\u00e9couvrez les diff\u00e9rences entre Orbi RBK853 et RBK863S sur NETGEAR France. Choisissez le meilleur syst\u00e8me mesh WiFi pour votre maison.\" \/>\n<meta property=\"og:url\" content=\"https:\/\/frhub.netgear.com\/fr\/hub\/wifi\/mesh\/orbi-rbk853-contre-rbk863s\/\" \/>\n<meta property=\"og:site_name\" content=\"NETGEAR Blog\" \/>\n<meta property=\"article:publisher\" content=\"https:\/\/www.facebook.com\/NetgearAU\/\" \/>\n<meta property=\"article:modified_time\" content=\"2024-10-09T02:07:59+00:00\" \/>\n<meta property=\"og:image\" content=\"https:\/\/frhub.netgear.com\/fr\/hub\/wp-content\/uploads\/2024\/02\/Blog_850vs860_router_tcm148-1448801-1-1.jpg\" \/>\n\t<meta property=\"og:image:width\" content=\"1920\" \/>\n\t<meta property=\"og:image:height\" content=\"537\" \/>\n\t<meta property=\"og:image:type\" content=\"image\/jpeg\" \/>\n<meta name=\"twitter:card\" content=\"summary_large_image\" \/>\n<meta name=\"twitter:site\" content=\"@NETGEAR\" \/>\n<script type=\"application\/ld+json\" class=\"yoast-schema-graph\">{\"@context\":\"https:\\\/\\\/schema.org\",\"@graph\":[{\"@type\":\"WebPage\",\"@id\":\"https:\\\/\\\/frhub.netgear.com\\\/fr\\\/hub\\\/wifi\\\/mesh\\\/orbi-rbk853-contre-rbk863s\\\/\",\"url\":\"https:\\\/\\\/frhub.netgear.com\\\/fr\\\/hub\\\/wifi\\\/mesh\\\/orbi-rbk853-contre-rbk863s\\\/\",\"name\":\"Comparaison Orbi RBK853 vs RBK863S - NETGEAR France\",\"isPartOf\":{\"@id\":\"https:\\\/\\\/frhub.netgear.com\\\/fr\\\/hub\\\/#website\"},\"primaryImageOfPage\":{\"@id\":\"https:\\\/\\\/frhub.netgear.com\\\/fr\\\/hub\\\/wifi\\\/mesh\\\/orbi-rbk853-contre-rbk863s\\\/#primaryimage\"},\"image\":{\"@id\":\"https:\\\/\\\/frhub.netgear.com\\\/fr\\\/hub\\\/wifi\\\/mesh\\\/orbi-rbk853-contre-rbk863s\\\/#primaryimage\"},\"thumbnailUrl\":\"https:\\\/\\\/frhub.netgear.com\\\/fr\\\/hub\\\/wp-content\\\/uploads\\\/2024\\\/02\\\/Blog_850vs860_router_tcm148-1448801-1-1.jpg\",\"datePublished\":\"2024-02-12T03:23:02+00:00\",\"dateModified\":\"2024-10-09T02:07:59+00:00\",\"description\":\"D\u00e9couvrez les diff\u00e9rences entre Orbi RBK853 et RBK863S sur NETGEAR France. Choisissez le meilleur syst\u00e8me mesh WiFi pour votre maison.\",\"breadcrumb\":{\"@id\":\"https:\\\/\\\/frhub.netgear.com\\\/fr\\\/hub\\\/wifi\\\/mesh\\\/orbi-rbk853-contre-rbk863s\\\/#breadcrumb\"},\"inLanguage\":\"en-US\",\"potentialAction\":[{\"@type\":\"ReadAction\",\"target\":[\"https:\\\/\\\/frhub.netgear.com\\\/fr\\\/hub\\\/wifi\\\/mesh\\\/orbi-rbk853-contre-rbk863s\\\/\"]}]},{\"@type\":\"ImageObject\",\"inLanguage\":\"en-US\",\"@id\":\"https:\\\/\\\/frhub.netgear.com\\\/fr\\\/hub\\\/wifi\\\/mesh\\\/orbi-rbk853-contre-rbk863s\\\/#primaryimage\",\"url\":\"https:\\\/\\\/frhub.netgear.com\\\/fr\\\/hub\\\/wp-content\\\/uploads\\\/2024\\\/02\\\/Blog_850vs860_router_tcm148-1448801-1-1.jpg\",\"contentUrl\":\"https:\\\/\\\/frhub.netgear.com\\\/fr\\\/hub\\\/wp-content\\\/uploads\\\/2024\\\/02\\\/Blog_850vs860_router_tcm148-1448801-1-1.jpg\",\"width\":1920,\"height\":537,\"caption\":\"Connected Home ORBI\"},{\"@type\":\"BreadcrumbList\",\"@id\":\"https:\\\/\\\/frhub.netgear.com\\\/fr\\\/hub\\\/wifi\\\/mesh\\\/orbi-rbk853-contre-rbk863s\\\/#breadcrumb\",\"itemListElement\":[{\"@type\":\"ListItem\",\"position\":1,\"name\":\"Home\",\"item\":\"https:\\\/\\\/frhub.netgear.com\\\/fr\\\/hub\\\/\"},{\"@type\":\"ListItem\",\"position\":2,\"name\":\"WiFi Tech Articles Hub\",\"item\":\"https:\\\/\\\/frhub.netgear.com\\\/fr\\\/hub\\\/wifi\\\/\"},{\"@type\":\"ListItem\",\"position\":3,\"name\":\"Articles sur le WiFi Maill\u00e9\",\"item\":\"https:\\\/\\\/frhub.netgear.com\\\/fr\\\/hub\\\/wifi\\\/mesh\\\/\"},{\"@type\":\"ListItem\",\"position\":4,\"name\":\"Orbi RBK853 contre RBK863S : notre syst\u00e8me maill\u00e9 best-seller poursuit son \u00e9volution\"}]},{\"@type\":\"WebSite\",\"@id\":\"https:\\\/\\\/frhub.netgear.com\\\/fr\\\/hub\\\/#website\",\"url\":\"https:\\\/\\\/frhub.netgear.com\\\/fr\\\/hub\\\/\",\"name\":\"NETGEAR Hub France\",\"description\":\"Explorez les pages de notre blog et parcourez les articles pour en savoir plus sur les produits et la technologie NETGEAR.\",\"publisher\":{\"@id\":\"https:\\\/\\\/frhub.netgear.com\\\/fr\\\/hub\\\/#organization\"},\"potentialAction\":[{\"@type\":\"SearchAction\",\"target\":{\"@type\":\"EntryPoint\",\"urlTemplate\":\"https:\\\/\\\/frhub.netgear.com\\\/fr\\\/hub\\\/?s={search_term_string}\"},\"query-input\":{\"@type\":\"PropertyValueSpecification\",\"valueRequired\":true,\"valueName\":\"search_term_string\"}}],\"inLanguage\":\"en-US\"},{\"@type\":\"Organization\",\"@id\":\"https:\\\/\\\/frhub.netgear.com\\\/fr\\\/hub\\\/#organization\",\"name\":\"NETGEAR\",\"url\":\"https:\\\/\\\/frhub.netgear.com\\\/fr\\\/hub\\\/\",\"logo\":{\"@type\":\"ImageObject\",\"inLanguage\":\"en-US\",\"@id\":\"https:\\\/\\\/frhub.netgear.com\\\/fr\\\/hub\\\/#\\\/schema\\\/logo\\\/image\\\/\",\"url\":\"https:\\\/\\\/www.netgear.com\\\/fr\\\/hub\\\/wp-content\\\/uploads\\\/2019\\\/07\\\/NETGEAR_logo.jpg\",\"contentUrl\":\"https:\\\/\\\/www.netgear.com\\\/fr\\\/hub\\\/wp-content\\\/uploads\\\/2019\\\/07\\\/NETGEAR_logo.jpg\",\"width\":1500,\"height\":501,\"caption\":\"NETGEAR\"},\"image\":{\"@id\":\"https:\\\/\\\/frhub.netgear.com\\\/fr\\\/hub\\\/#\\\/schema\\\/logo\\\/image\\\/\"},\"sameAs\":[\"https:\\\/\\\/www.facebook.com\\\/NetgearAU\\\/\",\"https:\\\/\\\/x.com\\\/NETGEAR\",\"https:\\\/\\\/www.linkedin.com\\\/company\\\/netgear\"]}]}<\/script>\n<!-- \/ Yoast SEO plugin. -->","yoast_head_json":{"title":"Comparaison Orbi RBK853 vs RBK863S - NETGEAR France","description":"D\u00e9couvrez les diff\u00e9rences entre Orbi RBK853 et RBK863S sur NETGEAR France. Choisissez le meilleur syst\u00e8me mesh WiFi pour votre maison.","robots":{"index":"index","follow":"follow","max-snippet":"max-snippet:-1","max-image-preview":"max-image-preview:large","max-video-preview":"max-video-preview:-1"},"canonical":"https:\/\/frhub.netgear.com\/fr\/hub\/wifi\/mesh\/orbi-rbk853-contre-rbk863s\/","og_locale":"en_US","og_type":"article","og_title":"Comparaison Orbi RBK853 vs RBK863S - NETGEAR France","og_description":"D\u00e9couvrez les diff\u00e9rences entre Orbi RBK853 et RBK863S sur NETGEAR France. Choisissez le meilleur syst\u00e8me mesh WiFi pour votre maison.","og_url":"https:\/\/frhub.netgear.com\/fr\/hub\/wifi\/mesh\/orbi-rbk853-contre-rbk863s\/","og_site_name":"NETGEAR Blog","article_publisher":"https:\/\/www.facebook.com\/NetgearAU\/","article_modified_time":"2024-10-09T02:07:59+00:00","og_image":[{"width":1920,"height":537,"url":"https:\/\/frhub.netgear.com\/fr\/hub\/wp-content\/uploads\/2024\/02\/Blog_850vs860_router_tcm148-1448801-1-1.jpg","type":"image\/jpeg"}],"twitter_card":"summary_large_image","twitter_site":"@NETGEAR","schema":{"@context":"https:\/\/schema.org","@graph":[{"@type":"WebPage","@id":"https:\/\/frhub.netgear.com\/fr\/hub\/wifi\/mesh\/orbi-rbk853-contre-rbk863s\/","url":"https:\/\/frhub.netgear.com\/fr\/hub\/wifi\/mesh\/orbi-rbk853-contre-rbk863s\/","name":"Comparaison Orbi RBK853 vs RBK863S - NETGEAR France","isPartOf":{"@id":"https:\/\/frhub.netgear.com\/fr\/hub\/#website"},"primaryImageOfPage":{"@id":"https:\/\/frhub.netgear.com\/fr\/hub\/wifi\/mesh\/orbi-rbk853-contre-rbk863s\/#primaryimage"},"image":{"@id":"https:\/\/frhub.netgear.com\/fr\/hub\/wifi\/mesh\/orbi-rbk853-contre-rbk863s\/#primaryimage"},"thumbnailUrl":"https:\/\/frhub.netgear.com\/fr\/hub\/wp-content\/uploads\/2024\/02\/Blog_850vs860_router_tcm148-1448801-1-1.jpg","datePublished":"2024-02-12T03:23:02+00:00","dateModified":"2024-10-09T02:07:59+00:00","description":"D\u00e9couvrez les diff\u00e9rences entre Orbi RBK853 et RBK863S sur NETGEAR France. Choisissez le meilleur syst\u00e8me mesh WiFi pour votre maison.","breadcrumb":{"@id":"https:\/\/frhub.netgear.com\/fr\/hub\/wifi\/mesh\/orbi-rbk853-contre-rbk863s\/#breadcrumb"},"inLanguage":"en-US","potentialAction":[{"@type":"ReadAction","target":["https:\/\/frhub.netgear.com\/fr\/hub\/wifi\/mesh\/orbi-rbk853-contre-rbk863s\/"]}]},{"@type":"ImageObject","inLanguage":"en-US","@id":"https:\/\/frhub.netgear.com\/fr\/hub\/wifi\/mesh\/orbi-rbk853-contre-rbk863s\/#primaryimage","url":"https:\/\/frhub.netgear.com\/fr\/hub\/wp-content\/uploads\/2024\/02\/Blog_850vs860_router_tcm148-1448801-1-1.jpg","contentUrl":"https:\/\/frhub.netgear.com\/fr\/hub\/wp-content\/uploads\/2024\/02\/Blog_850vs860_router_tcm148-1448801-1-1.jpg","width":1920,"height":537,"caption":"Connected Home ORBI"},{"@type":"BreadcrumbList","@id":"https:\/\/frhub.netgear.com\/fr\/hub\/wifi\/mesh\/orbi-rbk853-contre-rbk863s\/#breadcrumb","itemListElement":[{"@type":"ListItem","position":1,"name":"Home","item":"https:\/\/frhub.netgear.com\/fr\/hub\/"},{"@type":"ListItem","position":2,"name":"WiFi Tech Articles Hub","item":"https:\/\/frhub.netgear.com\/fr\/hub\/wifi\/"},{"@type":"ListItem","position":3,"name":"Articles sur le WiFi Maill\u00e9","item":"https:\/\/frhub.netgear.com\/fr\/hub\/wifi\/mesh\/"},{"@type":"ListItem","position":4,"name":"Orbi RBK853 contre RBK863S : notre syst\u00e8me maill\u00e9 best-seller poursuit son \u00e9volution"}]},{"@type":"WebSite","@id":"https:\/\/frhub.netgear.com\/fr\/hub\/#website","url":"https:\/\/frhub.netgear.com\/fr\/hub\/","name":"NETGEAR Hub France","description":"Explorez les pages de notre blog et parcourez les articles pour en savoir plus sur les produits et la technologie NETGEAR.","publisher":{"@id":"https:\/\/frhub.netgear.com\/fr\/hub\/#organization"},"potentialAction":[{"@type":"SearchAction","target":{"@type":"EntryPoint","urlTemplate":"https:\/\/frhub.netgear.com\/fr\/hub\/?s={search_term_string}"},"query-input":{"@type":"PropertyValueSpecification","valueRequired":true,"valueName":"search_term_string"}}],"inLanguage":"en-US"},{"@type":"Organization","@id":"https:\/\/frhub.netgear.com\/fr\/hub\/#organization","name":"NETGEAR","url":"https:\/\/frhub.netgear.com\/fr\/hub\/","logo":{"@type":"ImageObject","inLanguage":"en-US","@id":"https:\/\/frhub.netgear.com\/fr\/hub\/#\/schema\/logo\/image\/","url":"https:\/\/www.netgear.com\/fr\/hub\/wp-content\/uploads\/2019\/07\/NETGEAR_logo.jpg","contentUrl":"https:\/\/www.netgear.com\/fr\/hub\/wp-content\/uploads\/2019\/07\/NETGEAR_logo.jpg","width":1500,"height":501,"caption":"NETGEAR"},"image":{"@id":"https:\/\/frhub.netgear.com\/fr\/hub\/#\/schema\/logo\/image\/"},"sameAs":["https:\/\/www.facebook.com\/NetgearAU\/","https:\/\/x.com\/NETGEAR","https:\/\/www.linkedin.com\/company\/netgear"]}]}},"_links":{"self":[{"href":"https:\/\/frhub.netgear.com\/fr\/hub\/wp-json\/wp\/v2\/pages\/9319","targetHints":{"allow":["GET"]}}],"collection":[{"href":"https:\/\/frhub.netgear.com\/fr\/hub\/wp-json\/wp\/v2\/pages"}],"about":[{"href":"https:\/\/frhub.netgear.com\/fr\/hub\/wp-json\/wp\/v2\/types\/page"}],"author":[{"embeddable":true,"href":"https:\/\/frhub.netgear.com\/fr\/hub\/wp-json\/wp\/v2\/users\/68"}],"replies":[{"embeddable":true,"href":"https:\/\/frhub.netgear.com\/fr\/hub\/wp-json\/wp\/v2\/comments?post=9319"}],"version-history":[{"count":6,"href":"https:\/\/frhub.netgear.com\/fr\/hub\/wp-json\/wp\/v2\/pages\/9319\/revisions"}],"predecessor-version":[{"id":9682,"href":"https:\/\/frhub.netgear.com\/fr\/hub\/wp-json\/wp\/v2\/pages\/9319\/revisions\/9682"}],"up":[{"embeddable":true,"href":"https:\/\/frhub.netgear.com\/fr\/hub\/wp-json\/wp\/v2\/pages\/6707"}],"wp:featuredmedia":[{"embeddable":true,"href":"https:\/\/frhub.netgear.com\/fr\/hub\/wp-json\/wp\/v2\/media\/9320"}],"wp:attachment":[{"href":"https:\/\/frhub.netgear.com\/fr\/hub\/wp-json\/wp\/v2\/media?parent=9319"}],"curies":[{"name":"wp","href":"https:\/\/api.w.org\/{rel}","templated":true}]}}