{"id":9243,"date":"2024-02-19T08:44:52","date_gmt":"2024-02-19T07:44:52","guid":{"rendered":"https:\/\/blog-dev.netgear.com\/fr\/hub\/?page_id=9243"},"modified":"2024-10-09T03:48:27","modified_gmt":"2024-10-09T01:48:27","slug":"wifi-7-contre-wifi-6-plus","status":"publish","type":"page","link":"https:\/\/frhub.netgear.com\/fr\/hub\/technology\/wifi-7-contre-wifi-6-plus\/","title":{"rendered":"WiFi 7 contre WiFi 6. Plus de vitesse et de capacit\u00e9"},"content":{"rendered":"<h2><strong>EN QUOI LE WiFi 7 EST-IL DIFF\u00c9RENT DU WiFi 6\/6E ?<\/strong><\/h2>\n<p>Le WiFi 7 offre des avantages qui permettent un bond en avant par rapport au WiFi 6 et au WiFi 6E. Avec des vitesses plus rapides, une latence plus faible et des capacit\u00e9s consid\u00e9rablement accrues, le WiFi 7, est une \u00e9volution majeure par rapport au WiFi 6 et 6E. La nouvelle norme sans fil a tout de m\u00eame beaucoup en commun avec les normes ant\u00e9rieures, mais propose des am\u00e9liorations significatives pour r\u00e9pondre \u00e0 nos exigences croissantes. Qu&#8217;est-ce qui a chang\u00e9, qu&#8217;est-ce qui reste le m\u00eame, et quand devez-vous effectuer une mise \u00e0 niveau ? Nous vous r\u00e9pondons.<\/p>\n<p><div class=\"explore-btn-area\"><a class=\"explore-btn\" href=\"\/fr\/home\/wifi\/mesh\/rbe973sb\/\">BOUTIQUE EN LIGNE : WiFi 7 MESH ORBI 970<\/a><\/div><br \/>\n<div class=\"explore-btn-area\"><a class=\"explore-btn\" href=\"\/fr\/home\/wifi\/routers\/rs700s\/\">BOUTIQUE EN LIGNE : WiFi 7 ROUTEUR NIGHTHAWK RS700S<\/a><\/div><br \/>\n<div class=\"explore-btn-area\"><a class=\"explore-btn\" href=\"\/fr\/home\/discover\/wifi7\/\">En savoir plus Qu'est-ce que le WiFi 7 ?<\/a><\/div><\/p>\n<h2><strong>Quoi de nouveau avec le WiFi 7 ?<\/strong><\/h2>\n<p><strong>\u2022 46 Gbit\/s \u2013 Vitesse 4,8X plus rapide<\/strong><br \/>\n<strong>\u2022 Jusqu&#8217;\u00e0 2,4 fois plus rapide pour la m\u00eame configuration WiFi<\/strong><br \/>\n<strong>\u2022 320 MHz \u2013 2X plus de bande passante<\/strong><br \/>\n<strong>\u2022 4096 QAM \u2013 Densit\u00e9 des donn\u00e9es X<\/strong><\/p>\n<h2>Des d\u00e9bits plus rapidess<\/h2>\n<p>Ce qu\u2019il y a de plus remarquable avec le WiFi 7, c\u2019est sa rapidit\u00e9 par rapport au WiFi 6. Pour la m\u00eame configuration, les vitesses seront 2,4 fois plus rapides. Ainsi, les vitesses maximales avec un t\u00e9l\u00e9phone mobile classique peuvent atteindre jusqu&#8217;\u00e0 5 Gbit\/s avec le WiFi 7. Alors que la vitesse des offres propos\u00e9es par les fournisseurs d\u2019acc\u00e8s \u00e0 Internet (FAI) continue de cro\u00eetre, le WiFi 7 vous garantit que votre maison est pr\u00eate pour des vitesses Internet de 10 Gigabit \u00e0 mesure qu\u2019elles deviennent disponibles.<\/p>\n<p>Mais qu&#8217;est-ce qui rend possible ces vitesses incroyables ? Ce sont principalement ces deux am\u00e9liorations majeures.<br \/>\nCe qu\u2019il y a de plus remarquable avec le WiFi 7, c\u2019est sa rapidit\u00e9 par rapport au WiFi 6. Pour la m\u00eame configuration, les vitesses seront 2,4 fois plus rapides. Ainsi, les vitesses maximales avec un t\u00e9l\u00e9phone mobile classique peuvent atteindre jusqu&#8217;\u00e0 5 Gbit\/s avec le WiFi 7. Alors que la vitesse des offres propos\u00e9es par les fournisseurs d\u2019acc\u00e8s \u00e0 Internet (FAI) continue de cro\u00eetre, le WiFi 7 vous garantit que votre maison est pr\u00eate pour des vitesses Internet de 10 Gigabit \u00e0 mesure qu\u2019elles deviennent disponibles.<\/p>\n<p>Mais qu&#8217;est-ce qui rend possible ces vitesses incroyables ? Ce sont principalement ces deux am\u00e9liorations majeures.<\/p>\n<h3>Meilleure largeur de bande<\/h3>\n<p>Chaque bande WiFi fonctionne dans des bandes plus petites de 20\/40\/80\/160MHz pour la connexion \u00e0 des appareils individuels. Le WiFi 7 double la bande passante \u00e0 320 MHz. En fait, cela double les vitesses WiFi pour les p\u00e9riph\u00e9riques individuels et ajoute beaucoup plus de bande passante pour prendre en charge plus de p\u00e9riph\u00e9riques.<\/p>\n<h3>Plus de densit\u00e9 de donn\u00e9es<\/h3>\n<p>Le WiFi 7 augmente non seulement la vitesse et la bande passante, mais aussi la quantit\u00e9 de donn\u00e9es pouvant \u00eatre encod\u00e9es sur un signal radio. Ceci est mesur\u00e9 par une norme connue sous le nom de modulation d&#8217;amplitude en quadrature (QAM). Alors que la limite QAM du WiFi 6 \u00e9tait de 1024, le WiFi 7 offre un impressionnant 4096 (ou 4k ; la norme est \u00e9galement connue sous le nom de QAM 4k), augmentant ses d\u00e9bits de cr\u00eate pour augmenter le d\u00e9bit. Chaque paquet transmis peut d\u00e9sormais transporter 12 bits au lieu de 10, ce qui signifie des d\u00e9bits th\u00e9oriques de transmission sup\u00e9rieurs de 20 %.<\/p>\n<p>Une plus grande bande passante du canal (320 MHz) et une plus grande densit\u00e9 de donn\u00e9es (QAM 4k) expliquent l&#8217;am\u00e9lioration des vitesses WiFi entre WiFi 6 et WiFi 7.<\/p>\n<h2><strong>Autres am\u00e9liorations significatives<\/strong><\/h2>\n<h3>Fonctionnement multi-liaison (MLO)<\/h3>\n<p>Actuellement, les routeurs peuvent prendre en charge plusieurs bandes WiFi &#8211; 2,4, 5 et 6 GHz, mais les clients WiFi se connectent en n\u2019utilisant qu\u2019une seule de ces bandes WiFi. Avec le WiFi 7, les routeurs pourront se connecter sur deux bandes diff\u00e9rentes \u00e0 un p\u00e9riph\u00e9rique client.<br \/>\nImaginez deux autoroutes menant \u00e0 votre destination. Le MLO est semblable \u00e0 donner \u00e0 ces autoroutes la flexibilit\u00e9 de r\u00e9partir le trafic sur les deux routes ou de d\u00e9placer rapidement le trafic d&#8217;une autoroute \u00e0 l&#8217;autre si l&#8217;une est encombr\u00e9e.<br \/>\nLes syst\u00e8mes Mesh profitent particuli\u00e8rement du MLO, car ils permettent \u00e0 un routeur et \u00e0 un satellite de transmettre simultan\u00e9ment sur deux bandes diff\u00e9rentes pour obtenir les meilleures performances. Cette fonctionnalit\u00e9 est \u00e9galement tr\u00e8s utile pour passer d&#8217;une bande \u00e0 une autre sur votre appareil mobile sans perdre la connexion. Si vous passez un appel en visioconf\u00e9rence et marchez de votre maison au fond du jardin, le WiFi 7 permet \u00e0 votre appareil de passer de 6 GHz \u00e0 5 GHz \u00e0 2,4 GHz sans perturber l&#8217;appel ou la mise en m\u00e9moire tampon.<\/p>\n<h3>Utilisation flexible des canaux<\/h3>\n<p>L&#8217;une des principales limitations du WiFi est que tout type d&#8217;interf\u00e9rence a un impact sur l&#8217;ensemble du canal. Avec le \u00ab preamble puncturing \u00bb, si une partie d\u2019un canal est impact\u00e9e avec des interf\u00e9rences, seule cette partie sera bloqu\u00e9e tout en continuant \u00e0 utiliser le reste du canal pour le transfert de donn\u00e9es. Cela rend le WiFi plus r\u00e9sistant aux interf\u00e9rences et garantit que le flux critique et la latence ne soient pas affect\u00e9s.<br \/>\nPour en revenir \u00e0 notre exemple d&#8217;autoroute, un nid-de-poule dans une voie WiFi 6 peut rendre cette voie inutilisable, mais avec WiFi 7, vous pouvez bloquer ce nid-de-poule, rouler autour et continuer \u00e0 utiliser le reste de la voie.<\/p>\n<h3>Qu\u2019est-ce qui n\u2019a pas chang\u00e9 ?<\/h3>\n<p>\u2022 Les 3 bandes sont les m\u00eames<br \/>\n\u2022 Des vitesses fulgurantes<br \/>\n\u2022 Grande bande passante<br \/>\n\u2022 Prise en charge limit\u00e9e des p\u00e9riph\u00e9riques<\/p>\n<p>Avec les caract\u00e9ristiques incroyables du WiFi 7, il est difficile \u00e0 croire que la norme s\u2019appuie sur les fonctionnalit\u00e9s et sur l\u2019infrastructure du WiFi 6 et 6E. Comme nous l\u2019avons vu, le WiFi 6 et le WiFi 7 offrent les trois m\u00eames bandes, y compris la bande ultra-rapide de 6 GHz. Les deux normes offrent aussi une large bande passante. Tant pour le WiFi 6E que pour le WiFi 7, les grandes marques sont encore en train de rattraper leur retard, et de nouveaux appareils compatibles avec ces normes sont constamment pr\u00e9sent\u00e9s. M\u00eame dans l&#8217;ombre du WiFi 7, le WiFi 6E doit toujours \u00eatre consid\u00e9r\u00e9 comme une technologie de pointe.<\/p>\n<h3>Devez-vous passer \u00e0 un routeur WiFi 7 ?<\/h3>\n<p>Le WiFi 7 est sans aucun doute l&#8217;avenir de la connexion sans fil : il est certain qu\u2019un jour nous utiliserons tous des routeurs et des p\u00e9riph\u00e9riques WiFi 7. D\u2019ici l\u00e0, la plupart des utilisateurs trouveront toujours enti\u00e8re satisfaction avec le WiFi 6 et le WiFi 6E, et en particulier gr\u00e2ce aux routeurs et aux syst\u00e8mes Mesh de nos gammes Orbi et Nighthawk.<\/p>\n<p>Il faut aussi consid\u00e9rer quel type de smartphone vous avez. \u00c0 l&#8217;heure actuelle, l&#8217;iPhone d&#8217;Apple ne prend pas en charge le WiFi 6E, et un r\u00e9seau WiFi 6 offrira des performances optimales aux utilisateurs d&#8217;iPhone. Ceux qui poss\u00e8dent le dernier ordinateur portable Windows ou un t\u00e9l\u00e9phone Android, qui prennent en charge le WiFi 6E, devraient envisager eux de passer \u00e0 un r\u00e9seau WiFi 6E s&#8217;ils ne l&#8217;ont pas d\u00e9j\u00e0 fait. Un tel syst\u00e8me fournira de superbes performances pour les ann\u00e9es \u00e0 venir.<\/p>\n<p>Acheter un routeur WiFi est un investissement dans la mise \u00e0 niveau de votre infrastructure WiFi domestique. Mais cela permet \u00e0 la fois de r\u00e9pondre aux besoins d\u2019aujourd\u2019hui, mais aussi d\u2019anticiper les besoins futurs. Si vous pr\u00e9voyez de changer de t\u00e9l\u00e9phone ou d\u2019ordinateur dans les deux prochaines ann\u00e9es, vos nouveaux appareils prendront tr\u00e8s probablement en charge la derni\u00e8re norme WiFi. Il est donc fortement recommand\u00e9 de faire attention \u00e0 votre investissement et d&#8217;opter tout de suite pour un routeur ou un syst\u00e8me Mesh compatible avec la derni\u00e8re technologie WiFi.<\/p>\n<p>Alors que le WiFi 7 va commencer \u00e0 \u00e9merger au cours de cette ann\u00e9e, des syst\u00e8mes prenant en charge ses fonctionnalit\u00e9s premium commenceront certainement \u00e0 \u00eatre introduits sur le march\u00e9. Les utilisateurs exigeants qui envisagent de p\u00e9renniser leur r\u00e9seau domestique pour les prochaines ann\u00e9es devraient envisager d&#8217;adopter des appareils WiFi 7 d\u00e8s lors qu\u2019ils seront disponibles. Les gamers appr\u00e9cieront la faible latence et la r\u00e9activit\u00e9 de la norme. Ceux qui font fr\u00e9quemment des activit\u00e9s en VR\/AR, que cela soit pour le travail ou pour le plaisir, b\u00e9n\u00e9ficieront de vitesses incroyables et de la faible latence du WiFi 7. Et pour ceux qui veulent toujours \u00eatre \u00e0 la pointe de la technologie, ils appr\u00e9cieront de savoir que leur r\u00e9seau sera pr\u00eat \u00e0 tirer le meilleur parti de leurs futurs achats de produits pendant un bon moment.<\/p>\n<p>Il est \u00e9vident que la meilleure exp\u00e9rience avec l\u2019une de ces normes est possible gr\u00e2ce \u00e0 un routeur NETGEAR ou \u00e0 un de nos syst\u00e8mes Mesh. Dans l\u2019ann\u00e9e qui vient, nous allons lancer de nouveaux produits dans les familles Orbi et Nighthawk qui r\u00e9pondront pleinement aux exigences de nos clients en termes de vitesse, de capacit\u00e9 et de s\u00e9curit\u00e9.<\/p>\n","protected":false},"excerpt":{"rendered":"<p>EN QUOI LE WiFi 7 EST-IL DIFF\u00c9RENT DU WiFi 6\/6E ? Le WiFi 7 offre des avantages qui permettent un bond en avant par rapport au WiFi 6 et au WiFi 6E. Avec des vitesses plus rapides, une latence plus faible et des capacit\u00e9s consid\u00e9rablement accrues, le WiFi 7, est une \u00e9volution majeure par rapport [&hellip;]<\/p>\n","protected":false},"author":68,"featured_media":9605,"parent":6678,"menu_order":1,"comment_status":"closed","ping_status":"closed","template":"templates\/blog-wifi.php","meta":{"_acf_changed":false,"content-type":"","footnotes":""},"class_list":["post-9243","page","type-page","status-publish","has-post-thumbnail","hentry"],"acf":[],"yoast_head":"<!-- This site is optimized with the Yoast SEO plugin v27.5 - https:\/\/yoast.com\/product\/yoast-seo-wordpress\/ -->\n<title>Comparaison WiFi 7 vs WiFi 6 Plus - NETGEAR France<\/title>\n<meta name=\"description\" content=\"D\u00e9couvrez les avanc\u00e9es de WiFi 7 par rapport \u00e0 WiFi 6 Plus avec NETGEAR. Choisissez la technologie WiFi qui r\u00e9pond le mieux \u00e0 vos besoins.\" \/>\n<meta name=\"robots\" content=\"index, follow, max-snippet:-1, max-image-preview:large, max-video-preview:-1\" \/>\n<link rel=\"canonical\" href=\"https:\/\/frhub.netgear.com\/fr\/hub\/technology\/wifi-7-contre-wifi-6-plus\/\" \/>\n<meta property=\"og:locale\" content=\"en_US\" \/>\n<meta property=\"og:type\" content=\"article\" \/>\n<meta property=\"og:title\" content=\"Comparaison WiFi 7 vs WiFi 6 Plus - NETGEAR France\" \/>\n<meta property=\"og:description\" content=\"D\u00e9couvrez les avanc\u00e9es de WiFi 7 par rapport \u00e0 WiFi 6 Plus avec NETGEAR. Choisissez la technologie WiFi qui r\u00e9pond le mieux \u00e0 vos besoins.\" \/>\n<meta property=\"og:url\" content=\"https:\/\/frhub.netgear.com\/fr\/hub\/technology\/wifi-7-contre-wifi-6-plus\/\" \/>\n<meta property=\"og:site_name\" content=\"NETGEAR Blog\" \/>\n<meta property=\"article:publisher\" content=\"https:\/\/www.facebook.com\/NetgearAU\/\" \/>\n<meta property=\"article:modified_time\" content=\"2024-10-09T01:48:27+00:00\" \/>\n<meta property=\"og:image\" content=\"https:\/\/frhub.netgear.com\/fr\/hub\/wp-content\/uploads\/2024\/08\/NHLP-Hero-Mobile_tcm148-149327_tcm160-153805.jpg\" \/>\n\t<meta property=\"og:image:width\" content=\"390\" \/>\n\t<meta property=\"og:image:height\" content=\"390\" \/>\n\t<meta property=\"og:image:type\" content=\"image\/jpeg\" \/>\n<meta name=\"twitter:card\" content=\"summary_large_image\" \/>\n<meta name=\"twitter:site\" content=\"@NETGEAR\" \/>\n<meta name=\"twitter:label1\" content=\"Est. reading time\" \/>\n\t<meta name=\"twitter:data1\" content=\"8 minutes\" \/>\n<script type=\"application\/ld+json\" class=\"yoast-schema-graph\">{\"@context\":\"https:\\\/\\\/schema.org\",\"@graph\":[{\"@type\":\"WebPage\",\"@id\":\"https:\\\/\\\/frhub.netgear.com\\\/fr\\\/hub\\\/technology\\\/wifi-7-contre-wifi-6-plus\\\/\",\"url\":\"https:\\\/\\\/frhub.netgear.com\\\/fr\\\/hub\\\/technology\\\/wifi-7-contre-wifi-6-plus\\\/\",\"name\":\"Comparaison WiFi 7 vs WiFi 6 Plus - NETGEAR France\",\"isPartOf\":{\"@id\":\"https:\\\/\\\/frhub.netgear.com\\\/fr\\\/hub\\\/#website\"},\"primaryImageOfPage\":{\"@id\":\"https:\\\/\\\/frhub.netgear.com\\\/fr\\\/hub\\\/technology\\\/wifi-7-contre-wifi-6-plus\\\/#primaryimage\"},\"image\":{\"@id\":\"https:\\\/\\\/frhub.netgear.com\\\/fr\\\/hub\\\/technology\\\/wifi-7-contre-wifi-6-plus\\\/#primaryimage\"},\"thumbnailUrl\":\"https:\\\/\\\/frhub.netgear.com\\\/fr\\\/hub\\\/wp-content\\\/uploads\\\/2024\\\/08\\\/NHLP-Hero-Mobile_tcm148-149327_tcm160-153805.jpg\",\"datePublished\":\"2024-02-19T07:44:52+00:00\",\"dateModified\":\"2024-10-09T01:48:27+00:00\",\"description\":\"D\u00e9couvrez les avanc\u00e9es de WiFi 7 par rapport \u00e0 WiFi 6 Plus avec NETGEAR. Choisissez la technologie WiFi qui r\u00e9pond le mieux \u00e0 vos besoins.\",\"breadcrumb\":{\"@id\":\"https:\\\/\\\/frhub.netgear.com\\\/fr\\\/hub\\\/technology\\\/wifi-7-contre-wifi-6-plus\\\/#breadcrumb\"},\"inLanguage\":\"en-US\",\"potentialAction\":[{\"@type\":\"ReadAction\",\"target\":[\"https:\\\/\\\/frhub.netgear.com\\\/fr\\\/hub\\\/technology\\\/wifi-7-contre-wifi-6-plus\\\/\"]}]},{\"@type\":\"ImageObject\",\"inLanguage\":\"en-US\",\"@id\":\"https:\\\/\\\/frhub.netgear.com\\\/fr\\\/hub\\\/technology\\\/wifi-7-contre-wifi-6-plus\\\/#primaryimage\",\"url\":\"https:\\\/\\\/frhub.netgear.com\\\/fr\\\/hub\\\/wp-content\\\/uploads\\\/2024\\\/08\\\/NHLP-Hero-Mobile_tcm148-149327_tcm160-153805.jpg\",\"contentUrl\":\"https:\\\/\\\/frhub.netgear.com\\\/fr\\\/hub\\\/wp-content\\\/uploads\\\/2024\\\/08\\\/NHLP-Hero-Mobile_tcm148-149327_tcm160-153805.jpg\",\"width\":390,\"height\":390,\"caption\":\"RS700s\"},{\"@type\":\"BreadcrumbList\",\"@id\":\"https:\\\/\\\/frhub.netgear.com\\\/fr\\\/hub\\\/technology\\\/wifi-7-contre-wifi-6-plus\\\/#breadcrumb\",\"itemListElement\":[{\"@type\":\"ListItem\",\"position\":1,\"name\":\"Home\",\"item\":\"https:\\\/\\\/frhub.netgear.com\\\/fr\\\/hub\\\/\"},{\"@type\":\"ListItem\",\"position\":2,\"name\":\"Technologies\",\"item\":\"https:\\\/\\\/frhub.netgear.com\\\/fr\\\/hub\\\/technology\\\/\"},{\"@type\":\"ListItem\",\"position\":3,\"name\":\"WiFi 7 contre WiFi 6. Plus de vitesse et de capacit\u00e9\"}]},{\"@type\":\"WebSite\",\"@id\":\"https:\\\/\\\/frhub.netgear.com\\\/fr\\\/hub\\\/#website\",\"url\":\"https:\\\/\\\/frhub.netgear.com\\\/fr\\\/hub\\\/\",\"name\":\"NETGEAR Hub France\",\"description\":\"Explorez les pages de notre blog et parcourez les articles pour en savoir plus sur les produits et la technologie NETGEAR.\",\"publisher\":{\"@id\":\"https:\\\/\\\/frhub.netgear.com\\\/fr\\\/hub\\\/#organization\"},\"potentialAction\":[{\"@type\":\"SearchAction\",\"target\":{\"@type\":\"EntryPoint\",\"urlTemplate\":\"https:\\\/\\\/frhub.netgear.com\\\/fr\\\/hub\\\/?s={search_term_string}\"},\"query-input\":{\"@type\":\"PropertyValueSpecification\",\"valueRequired\":true,\"valueName\":\"search_term_string\"}}],\"inLanguage\":\"en-US\"},{\"@type\":\"Organization\",\"@id\":\"https:\\\/\\\/frhub.netgear.com\\\/fr\\\/hub\\\/#organization\",\"name\":\"NETGEAR\",\"url\":\"https:\\\/\\\/frhub.netgear.com\\\/fr\\\/hub\\\/\",\"logo\":{\"@type\":\"ImageObject\",\"inLanguage\":\"en-US\",\"@id\":\"https:\\\/\\\/frhub.netgear.com\\\/fr\\\/hub\\\/#\\\/schema\\\/logo\\\/image\\\/\",\"url\":\"https:\\\/\\\/www.netgear.com\\\/fr\\\/hub\\\/wp-content\\\/uploads\\\/2019\\\/07\\\/NETGEAR_logo.jpg\",\"contentUrl\":\"https:\\\/\\\/www.netgear.com\\\/fr\\\/hub\\\/wp-content\\\/uploads\\\/2019\\\/07\\\/NETGEAR_logo.jpg\",\"width\":1500,\"height\":501,\"caption\":\"NETGEAR\"},\"image\":{\"@id\":\"https:\\\/\\\/frhub.netgear.com\\\/fr\\\/hub\\\/#\\\/schema\\\/logo\\\/image\\\/\"},\"sameAs\":[\"https:\\\/\\\/www.facebook.com\\\/NetgearAU\\\/\",\"https:\\\/\\\/x.com\\\/NETGEAR\",\"https:\\\/\\\/www.linkedin.com\\\/company\\\/netgear\"]}]}<\/script>\n<!-- \/ Yoast SEO plugin. -->","yoast_head_json":{"title":"Comparaison WiFi 7 vs WiFi 6 Plus - NETGEAR France","description":"D\u00e9couvrez les avanc\u00e9es de WiFi 7 par rapport \u00e0 WiFi 6 Plus avec NETGEAR. Choisissez la technologie WiFi qui r\u00e9pond le mieux \u00e0 vos besoins.","robots":{"index":"index","follow":"follow","max-snippet":"max-snippet:-1","max-image-preview":"max-image-preview:large","max-video-preview":"max-video-preview:-1"},"canonical":"https:\/\/frhub.netgear.com\/fr\/hub\/technology\/wifi-7-contre-wifi-6-plus\/","og_locale":"en_US","og_type":"article","og_title":"Comparaison WiFi 7 vs WiFi 6 Plus - NETGEAR France","og_description":"D\u00e9couvrez les avanc\u00e9es de WiFi 7 par rapport \u00e0 WiFi 6 Plus avec NETGEAR. Choisissez la technologie WiFi qui r\u00e9pond le mieux \u00e0 vos besoins.","og_url":"https:\/\/frhub.netgear.com\/fr\/hub\/technology\/wifi-7-contre-wifi-6-plus\/","og_site_name":"NETGEAR Blog","article_publisher":"https:\/\/www.facebook.com\/NetgearAU\/","article_modified_time":"2024-10-09T01:48:27+00:00","og_image":[{"width":390,"height":390,"url":"https:\/\/frhub.netgear.com\/fr\/hub\/wp-content\/uploads\/2024\/08\/NHLP-Hero-Mobile_tcm148-149327_tcm160-153805.jpg","type":"image\/jpeg"}],"twitter_card":"summary_large_image","twitter_site":"@NETGEAR","twitter_misc":{"Est. reading time":"8 minutes"},"schema":{"@context":"https:\/\/schema.org","@graph":[{"@type":"WebPage","@id":"https:\/\/frhub.netgear.com\/fr\/hub\/technology\/wifi-7-contre-wifi-6-plus\/","url":"https:\/\/frhub.netgear.com\/fr\/hub\/technology\/wifi-7-contre-wifi-6-plus\/","name":"Comparaison WiFi 7 vs WiFi 6 Plus - NETGEAR France","isPartOf":{"@id":"https:\/\/frhub.netgear.com\/fr\/hub\/#website"},"primaryImageOfPage":{"@id":"https:\/\/frhub.netgear.com\/fr\/hub\/technology\/wifi-7-contre-wifi-6-plus\/#primaryimage"},"image":{"@id":"https:\/\/frhub.netgear.com\/fr\/hub\/technology\/wifi-7-contre-wifi-6-plus\/#primaryimage"},"thumbnailUrl":"https:\/\/frhub.netgear.com\/fr\/hub\/wp-content\/uploads\/2024\/08\/NHLP-Hero-Mobile_tcm148-149327_tcm160-153805.jpg","datePublished":"2024-02-19T07:44:52+00:00","dateModified":"2024-10-09T01:48:27+00:00","description":"D\u00e9couvrez les avanc\u00e9es de WiFi 7 par rapport \u00e0 WiFi 6 Plus avec NETGEAR. Choisissez la technologie WiFi qui r\u00e9pond le mieux \u00e0 vos besoins.","breadcrumb":{"@id":"https:\/\/frhub.netgear.com\/fr\/hub\/technology\/wifi-7-contre-wifi-6-plus\/#breadcrumb"},"inLanguage":"en-US","potentialAction":[{"@type":"ReadAction","target":["https:\/\/frhub.netgear.com\/fr\/hub\/technology\/wifi-7-contre-wifi-6-plus\/"]}]},{"@type":"ImageObject","inLanguage":"en-US","@id":"https:\/\/frhub.netgear.com\/fr\/hub\/technology\/wifi-7-contre-wifi-6-plus\/#primaryimage","url":"https:\/\/frhub.netgear.com\/fr\/hub\/wp-content\/uploads\/2024\/08\/NHLP-Hero-Mobile_tcm148-149327_tcm160-153805.jpg","contentUrl":"https:\/\/frhub.netgear.com\/fr\/hub\/wp-content\/uploads\/2024\/08\/NHLP-Hero-Mobile_tcm148-149327_tcm160-153805.jpg","width":390,"height":390,"caption":"RS700s"},{"@type":"BreadcrumbList","@id":"https:\/\/frhub.netgear.com\/fr\/hub\/technology\/wifi-7-contre-wifi-6-plus\/#breadcrumb","itemListElement":[{"@type":"ListItem","position":1,"name":"Home","item":"https:\/\/frhub.netgear.com\/fr\/hub\/"},{"@type":"ListItem","position":2,"name":"Technologies","item":"https:\/\/frhub.netgear.com\/fr\/hub\/technology\/"},{"@type":"ListItem","position":3,"name":"WiFi 7 contre WiFi 6. Plus de vitesse et de capacit\u00e9"}]},{"@type":"WebSite","@id":"https:\/\/frhub.netgear.com\/fr\/hub\/#website","url":"https:\/\/frhub.netgear.com\/fr\/hub\/","name":"NETGEAR Hub France","description":"Explorez les pages de notre blog et parcourez les articles pour en savoir plus sur les produits et la technologie NETGEAR.","publisher":{"@id":"https:\/\/frhub.netgear.com\/fr\/hub\/#organization"},"potentialAction":[{"@type":"SearchAction","target":{"@type":"EntryPoint","urlTemplate":"https:\/\/frhub.netgear.com\/fr\/hub\/?s={search_term_string}"},"query-input":{"@type":"PropertyValueSpecification","valueRequired":true,"valueName":"search_term_string"}}],"inLanguage":"en-US"},{"@type":"Organization","@id":"https:\/\/frhub.netgear.com\/fr\/hub\/#organization","name":"NETGEAR","url":"https:\/\/frhub.netgear.com\/fr\/hub\/","logo":{"@type":"ImageObject","inLanguage":"en-US","@id":"https:\/\/frhub.netgear.com\/fr\/hub\/#\/schema\/logo\/image\/","url":"https:\/\/www.netgear.com\/fr\/hub\/wp-content\/uploads\/2019\/07\/NETGEAR_logo.jpg","contentUrl":"https:\/\/www.netgear.com\/fr\/hub\/wp-content\/uploads\/2019\/07\/NETGEAR_logo.jpg","width":1500,"height":501,"caption":"NETGEAR"},"image":{"@id":"https:\/\/frhub.netgear.com\/fr\/hub\/#\/schema\/logo\/image\/"},"sameAs":["https:\/\/www.facebook.com\/NetgearAU\/","https:\/\/x.com\/NETGEAR","https:\/\/www.linkedin.com\/company\/netgear"]}]}},"_links":{"self":[{"href":"https:\/\/frhub.netgear.com\/fr\/hub\/wp-json\/wp\/v2\/pages\/9243","targetHints":{"allow":["GET"]}}],"collection":[{"href":"https:\/\/frhub.netgear.com\/fr\/hub\/wp-json\/wp\/v2\/pages"}],"about":[{"href":"https:\/\/frhub.netgear.com\/fr\/hub\/wp-json\/wp\/v2\/types\/page"}],"author":[{"embeddable":true,"href":"https:\/\/frhub.netgear.com\/fr\/hub\/wp-json\/wp\/v2\/users\/68"}],"replies":[{"embeddable":true,"href":"https:\/\/frhub.netgear.com\/fr\/hub\/wp-json\/wp\/v2\/comments?post=9243"}],"version-history":[{"count":10,"href":"https:\/\/frhub.netgear.com\/fr\/hub\/wp-json\/wp\/v2\/pages\/9243\/revisions"}],"predecessor-version":[{"id":9673,"href":"https:\/\/frhub.netgear.com\/fr\/hub\/wp-json\/wp\/v2\/pages\/9243\/revisions\/9673"}],"up":[{"embeddable":true,"href":"https:\/\/frhub.netgear.com\/fr\/hub\/wp-json\/wp\/v2\/pages\/6678"}],"wp:featuredmedia":[{"embeddable":true,"href":"https:\/\/frhub.netgear.com\/fr\/hub\/wp-json\/wp\/v2\/media\/9605"}],"wp:attachment":[{"href":"https:\/\/frhub.netgear.com\/fr\/hub\/wp-json\/wp\/v2\/media?parent=9243"}],"curies":[{"name":"wp","href":"https:\/\/api.w.org\/{rel}","templated":true}]}}