{"id":9206,"date":"2023-10-26T02:30:21","date_gmt":"2023-10-26T00:30:21","guid":{"rendered":"https:\/\/stg-justingrossbard-netgearuk.kinsta.cloud\/?page_id=9206"},"modified":"2024-10-09T03:51:40","modified_gmt":"2024-10-09T01:51:40","slug":"mesh-mashups-choisir-le-bon-systeme-mesh","status":"publish","type":"page","link":"https:\/\/frhub.netgear.com\/fr\/hub\/wifi\/mesh\/mesh-mashups-choisir-le-bon-systeme-mesh\/","title":{"rendered":"Mesh Mashups : Quel syst\u00e8me Mesh vous convient le mieux ?"},"content":{"rendered":"<p><a title=\"noopener noreferer\" href=\"https:\/\/www.netgear.com\/fr\/home\/wifi\/mesh\/tri-band-quad-band\/\" target=\"_blank\" rel=\"noopener\">Dual Band contre Tri Band<\/a>\u2026<\/p>\n<p>Il existe de nombreuses options pour configurer votre r\u00e9seau WiFi domestique pour des performances optimales. Et comme la technologie sans fil continue de s&#8217;am\u00e9liorer, ce nombre d&#8217;options continue de cro\u00eetre avec le lancement d&#8217;\u00e9quipements WiFi mis \u00e0 niveau qui d\u00e9ploient ces innovations de diverses mani\u00e8res.<\/p>\n<p>Un exemple est le WiFi syst\u00e8me Mesh\u00a0<a title=\"noopener noreferer\" href=\"https:\/\/www.netgear.com\/fr\/home\/wifi\/mesh\/orbi\/\" target=\"_blank\" rel=\"noopener\">Tri Band de NETGEAR Orbi<\/a>, un pionnier et notre offre phare pour le march\u00e9 WiFi Mesh.\u202f Contrairement aux syst\u00e8mes Mesh Dual Band concurrents qui transmettent toutes les donn\u00e9es uniquement sur les fr\u00e9quences de 2,4 GHz et 5 GHz, Orbi dispose d&#8217;une troisi\u00e8me bande de liaison radio pour la communication d\u00e9di\u00e9e entre le routeur et les satellites du r\u00e9seau.<\/p>\n<p><img loading=\"lazy\" decoding=\"async\" class=\" wp-image-9208 aligncenter\" src=\"https:\/\/www.netgear.com\/fr\/hub\/wp-content\/uploads\/2023\/10\/Nighthawk-mesh-blog-600x389_tcm169-135256-300x195.jpg\" alt=\"\" width=\"516\" height=\"336\" srcset=\"https:\/\/frhub.netgear.com\/fr\/hub\/wp-content\/uploads\/2023\/10\/Nighthawk-mesh-blog-600x389_tcm169-135256-300x195.jpg 300w, https:\/\/frhub.netgear.com\/fr\/hub\/wp-content\/uploads\/2023\/10\/Nighthawk-mesh-blog-600x389_tcm169-135256.jpg 600w\" sizes=\"auto, (max-width: 516px) 100vw, 516px\" \/><\/p>\n<p>Gr\u00e2ce au succ\u00e8s d\u2019Orbi, NETGEAR a poursuivi sa trajectoire de pionnier en d\u00e9veloppant\u00a0<a title=\"noopener noreferer\" href=\"https:\/\/www.netgear.com\/fr\/landings\/mesh-wifi-extenders\/\" target=\"_blank\" rel=\"noopener\">Nighthawk Mesh\u00a0<\/a><a href=\"https:\/\/www.netgear.com\/fr\/home\/products\/networking\/wifi-range-extenders\/ex8000.aspx\">. Comme Orbi, Nighthawk Mesh offre \u00e9galement des fonctionnalit\u00e9s Tri Band qui \u00e9tendent la couverture WiFi (voir : Comment \u00e9tendre la couverture WiFi de votre domicile Mais cela soul\u00e8ve alors les questions suivantes : En quoi ces produits ou solutions sont-ils diff\u00e9rents ? Quelle est la meilleure solution pour mon r\u00e9seau domestique ?<\/a><\/p>\n<p>Comparons les syst\u00e8mes Mesh Dual Band (comme Google WiFi) \u00e0 Nighthawk Mesh (un Mesh r\u00e9p\u00e9teur tribande) et Orbi (un syst\u00e8me Mesh Tri Band) en \u00e9valuant leurs performances dans ces domaines cl\u00e9s : vitesse, couverture et compatibilit\u00e9.<\/p>\n<p>&nbsp;<\/p>\n<p>&nbsp;<\/p>\n<p style=\"text-align: center;\"><strong>Laquelle offre le plus de vitesse?<\/strong><\/p>\n<p><a href=\"https:\/\/www.netgear.com\/fr\/home\/products\/networking\/wifi-range-extenders\/ex8000.aspx\"><img loading=\"lazy\" decoding=\"async\" class=\"aligncenter wp-image-9210\" src=\"https:\/\/www.netgear.com\/fr\/hub\/wp-content\/uploads\/2023\/10\/2023-10-25_17-17-35-296x300.jpg\" alt=\"\" width=\"481\" height=\"488\" srcset=\"https:\/\/frhub.netgear.com\/fr\/hub\/wp-content\/uploads\/2023\/10\/2023-10-25_17-17-35-296x300.jpg 296w, https:\/\/frhub.netgear.com\/fr\/hub\/wp-content\/uploads\/2023\/10\/2023-10-25_17-17-35.jpg 575w\" sizes=\"auto, (max-width: 481px) 100vw, 481px\" \/><\/a><\/p>\n<p>&nbsp;<\/p>\n<p style=\"text-align: center;\"><strong>Laquelle offre la meilleure couverture ?<\/strong><\/p>\n<p><a href=\"https:\/\/www.netgear.com\/fr\/home\/products\/networking\/wifi-range-extenders\/ex8000.aspx\"><img loading=\"lazy\" decoding=\"async\" class=\"aligncenter wp-image-9211\" src=\"https:\/\/www.netgear.com\/fr\/hub\/wp-content\/uploads\/2023\/10\/2023-10-25_17-24-23-280x300.jpg\" alt=\"\" width=\"458\" height=\"491\" srcset=\"https:\/\/frhub.netgear.com\/fr\/hub\/wp-content\/uploads\/2023\/10\/2023-10-25_17-24-23-280x300.jpg 280w, https:\/\/frhub.netgear.com\/fr\/hub\/wp-content\/uploads\/2023\/10\/2023-10-25_17-24-23.jpg 576w\" sizes=\"auto, (max-width: 458px) 100vw, 458px\" \/><\/a><\/p>\n<p>&nbsp;<\/p>\n<p style=\"text-align: center;\"><strong>Sont-ils compatibles <\/strong><strong>avec <\/strong><strong>les <\/strong><strong>appareils\u00a0My WiFi\u00a0?<\/strong><\/p>\n<p><a href=\"https:\/\/www.netgear.com\/fr\/home\/products\/networking\/wifi-range-extenders\/ex8000.aspx\"><img loading=\"lazy\" decoding=\"async\" class=\"aligncenter wp-image-9212\" src=\"https:\/\/www.netgear.com\/fr\/hub\/wp-content\/uploads\/2023\/10\/2023-10-25_17-25-50-300x161.jpg\" alt=\"\" width=\"446\" height=\"239\" srcset=\"https:\/\/frhub.netgear.com\/fr\/hub\/wp-content\/uploads\/2023\/10\/2023-10-25_17-25-50-300x161.jpg 300w, https:\/\/frhub.netgear.com\/fr\/hub\/wp-content\/uploads\/2023\/10\/2023-10-25_17-25-50.jpg 569w\" sizes=\"auto, (max-width: 446px) 100vw, 446px\" \/><\/a><\/p>\n<p>&nbsp;<\/p>\n<p><strong>Et le gagnant est\u2026<\/strong><\/p>\n<p>Les syst\u00e8mes Mesh Tri Band et bibande et les rallonges Mesh cherchent tous \u00e0 fournir une couverture WiFi transparente aux r\u00e9seaux domestiques \u00e0 l&#8217;aide d&#8217;une technologie sans fil innovante. Cependant, le succ\u00e8s de leurs d\u00e9ploiements contraste consid\u00e9rablement.<\/p>\n<p>En g\u00e9n\u00e9ral, les syst\u00e8mes Mesh Dual Band ne fournissent pas les vitesses les plus rapides ni la couverture \u00e9tendue standard des produits Mesh Tri Band. Ils ne sont donc pas recommand\u00e9s pour les r\u00e9seaux WiFi domestiques modernes.<\/p>\n<p>Cela \u00e9tant dit, quel produit Mesh tri-bande est le mieux adapt\u00e9 \u00e0 votre r\u00e9seau domestique WiFi ?\u00a0<strong>Nighthawk Mesh ou Orbi<\/strong>? En fin de compte, cela d\u00e9pend de votre routeur et de vos besoins.<\/p>\n<p>Si vous disposez d&#8217;un routeur WiFi plus r\u00e9cent ou si vous devez utiliser une bo\u00eete fournie par votre FAI en raison d&#8217;obligations contractuelles, Nighthawk Mesh\u00a0<strong>offre une couverture \u00e9tendue et des vitesses plus rapides au co\u00fbt le plus bas. La flexibilit\u00e9 de cr\u00e9er un syst\u00e8me Mesh avec n&#8217;importe quel routeur de marque est une autre raison que vous allez pour le Nighthawk Mesh. Les extensions Nighthawk Mesh sont compatibles avec les passerelles ISP, ainsi qu&#8217;avec d&#8217;autres routeurs du march\u00e9.<\/strong><\/p>\n<p>Cependant, si vous disposez d&#8217;un routeur WiFi obsol\u00e8te, tel qu&#8217;un routeur install\u00e9 par votre FAI, il est probablement temps de passer \u00e0 la WiFi syst\u00e8me Mesh\u00a0<strong>tribande Orbi,<\/strong>\u00a0une solution \u00e9volutive facile qui peut \u00e9voluer en fonction de vos besoins WiFi.<\/p>\n<p><strong>C&#8217;est donc l\u00e0 que vous l&#8217;avez.<\/strong><\/p>\n<p><strong>Mesh mashups non maill\u00e9s.<\/strong><\/p>\n","protected":false},"excerpt":{"rendered":"<p>Dual Band contre Tri Band\u2026 Il existe de nombreuses options pour configurer votre r\u00e9seau WiFi domestique pour des performances optimales. Et comme la technologie sans fil continue de s&#8217;am\u00e9liorer, ce nombre d&#8217;options continue de cro\u00eetre avec le lancement d&#8217;\u00e9quipements WiFi mis \u00e0 niveau qui d\u00e9ploient ces innovations de diverses mani\u00e8res. Un exemple est le WiFi [&hellip;]<\/p>\n","protected":false},"author":68,"featured_media":9207,"parent":6707,"menu_order":10,"comment_status":"closed","ping_status":"closed","template":"templates\/tech.php","meta":{"_acf_changed":false,"content-type":"","footnotes":""},"class_list":["post-9206","page","type-page","status-publish","has-post-thumbnail","hentry"],"acf":[],"yoast_head":"<!-- This site is optimized with the Yoast SEO plugin v27.4 - https:\/\/yoast.com\/product\/yoast-seo-wordpress\/ -->\n<title>Meilleur Syst\u00e8me Mesh : Trouvez Votre Id\u00e9al<\/title>\n<meta name=\"description\" content=\"Choisissez le syst\u00e8me Mesh parfait avec notre guide NETGEAR. Comparez et trouvez la meilleure solution Mesh pour votre maison ou bureau.\" \/>\n<meta name=\"robots\" content=\"index, follow, max-snippet:-1, max-image-preview:large, max-video-preview:-1\" \/>\n<link rel=\"canonical\" href=\"https:\/\/frhub.netgear.com\/fr\/hub\/wifi\/mesh\/mesh-mashups-choisir-le-bon-systeme-mesh\/\" \/>\n<meta property=\"og:locale\" content=\"en_US\" \/>\n<meta property=\"og:type\" content=\"article\" \/>\n<meta property=\"og:title\" content=\"Meilleur Syst\u00e8me Mesh : Trouvez Votre Id\u00e9al\" \/>\n<meta property=\"og:description\" content=\"Choisissez le syst\u00e8me Mesh parfait avec notre guide NETGEAR. Comparez et trouvez la meilleure solution Mesh pour votre maison ou bureau.\" \/>\n<meta property=\"og:url\" content=\"https:\/\/frhub.netgear.com\/fr\/hub\/wifi\/mesh\/mesh-mashups-choisir-le-bon-systeme-mesh\/\" \/>\n<meta property=\"og:site_name\" content=\"NETGEAR Blog\" \/>\n<meta property=\"article:publisher\" content=\"https:\/\/www.facebook.com\/NetgearAU\/\" \/>\n<meta property=\"article:modified_time\" content=\"2024-10-09T01:51:40+00:00\" \/>\n<meta property=\"og:image\" content=\"https:\/\/frhub.netgear.com\/fr\/hub\/wp-content\/uploads\/2023\/10\/Old_Blog_4-min_tcm169-136044.jpg\" \/>\n\t<meta property=\"og:image:width\" content=\"1920\" \/>\n\t<meta property=\"og:image:height\" content=\"537\" \/>\n\t<meta property=\"og:image:type\" content=\"image\/jpeg\" \/>\n<meta name=\"twitter:card\" content=\"summary_large_image\" \/>\n<meta name=\"twitter:site\" content=\"@NETGEAR\" \/>\n<meta name=\"twitter:label1\" content=\"Est. reading time\" \/>\n\t<meta name=\"twitter:data1\" content=\"3 minutes\" \/>\n<script type=\"application\/ld+json\" class=\"yoast-schema-graph\">{\"@context\":\"https:\\\/\\\/schema.org\",\"@graph\":[{\"@type\":\"WebPage\",\"@id\":\"https:\\\/\\\/frhub.netgear.com\\\/fr\\\/hub\\\/wifi\\\/mesh\\\/mesh-mashups-choisir-le-bon-systeme-mesh\\\/\",\"url\":\"https:\\\/\\\/frhub.netgear.com\\\/fr\\\/hub\\\/wifi\\\/mesh\\\/mesh-mashups-choisir-le-bon-systeme-mesh\\\/\",\"name\":\"Meilleur Syst\u00e8me Mesh : Trouvez Votre Id\u00e9al\",\"isPartOf\":{\"@id\":\"https:\\\/\\\/frhub.netgear.com\\\/fr\\\/hub\\\/#website\"},\"primaryImageOfPage\":{\"@id\":\"https:\\\/\\\/frhub.netgear.com\\\/fr\\\/hub\\\/wifi\\\/mesh\\\/mesh-mashups-choisir-le-bon-systeme-mesh\\\/#primaryimage\"},\"image\":{\"@id\":\"https:\\\/\\\/frhub.netgear.com\\\/fr\\\/hub\\\/wifi\\\/mesh\\\/mesh-mashups-choisir-le-bon-systeme-mesh\\\/#primaryimage\"},\"thumbnailUrl\":\"https:\\\/\\\/frhub.netgear.com\\\/fr\\\/hub\\\/wp-content\\\/uploads\\\/2023\\\/10\\\/Old_Blog_4-min_tcm169-136044.jpg\",\"datePublished\":\"2023-10-26T00:30:21+00:00\",\"dateModified\":\"2024-10-09T01:51:40+00:00\",\"description\":\"Choisissez le syst\u00e8me Mesh parfait avec notre guide NETGEAR. Comparez et trouvez la meilleure solution Mesh pour votre maison ou bureau.\",\"breadcrumb\":{\"@id\":\"https:\\\/\\\/frhub.netgear.com\\\/fr\\\/hub\\\/wifi\\\/mesh\\\/mesh-mashups-choisir-le-bon-systeme-mesh\\\/#breadcrumb\"},\"inLanguage\":\"en-US\",\"potentialAction\":[{\"@type\":\"ReadAction\",\"target\":[\"https:\\\/\\\/frhub.netgear.com\\\/fr\\\/hub\\\/wifi\\\/mesh\\\/mesh-mashups-choisir-le-bon-systeme-mesh\\\/\"]}]},{\"@type\":\"ImageObject\",\"inLanguage\":\"en-US\",\"@id\":\"https:\\\/\\\/frhub.netgear.com\\\/fr\\\/hub\\\/wifi\\\/mesh\\\/mesh-mashups-choisir-le-bon-systeme-mesh\\\/#primaryimage\",\"url\":\"https:\\\/\\\/frhub.netgear.com\\\/fr\\\/hub\\\/wp-content\\\/uploads\\\/2023\\\/10\\\/Old_Blog_4-min_tcm169-136044.jpg\",\"contentUrl\":\"https:\\\/\\\/frhub.netgear.com\\\/fr\\\/hub\\\/wp-content\\\/uploads\\\/2023\\\/10\\\/Old_Blog_4-min_tcm169-136044.jpg\",\"width\":1920,\"height\":537},{\"@type\":\"BreadcrumbList\",\"@id\":\"https:\\\/\\\/frhub.netgear.com\\\/fr\\\/hub\\\/wifi\\\/mesh\\\/mesh-mashups-choisir-le-bon-systeme-mesh\\\/#breadcrumb\",\"itemListElement\":[{\"@type\":\"ListItem\",\"position\":1,\"name\":\"Home\",\"item\":\"https:\\\/\\\/frhub.netgear.com\\\/fr\\\/hub\\\/\"},{\"@type\":\"ListItem\",\"position\":2,\"name\":\"WiFi Tech Articles Hub\",\"item\":\"https:\\\/\\\/frhub.netgear.com\\\/fr\\\/hub\\\/wifi\\\/\"},{\"@type\":\"ListItem\",\"position\":3,\"name\":\"Articles sur le WiFi Maill\u00e9\",\"item\":\"https:\\\/\\\/frhub.netgear.com\\\/fr\\\/hub\\\/wifi\\\/mesh\\\/\"},{\"@type\":\"ListItem\",\"position\":4,\"name\":\"Mesh Mashups : Quel syst\u00e8me Mesh vous convient le mieux ?\"}]},{\"@type\":\"WebSite\",\"@id\":\"https:\\\/\\\/frhub.netgear.com\\\/fr\\\/hub\\\/#website\",\"url\":\"https:\\\/\\\/frhub.netgear.com\\\/fr\\\/hub\\\/\",\"name\":\"NETGEAR Hub France\",\"description\":\"Explorez les pages de notre blog et parcourez les articles pour en savoir plus sur les produits et la technologie NETGEAR.\",\"publisher\":{\"@id\":\"https:\\\/\\\/frhub.netgear.com\\\/fr\\\/hub\\\/#organization\"},\"potentialAction\":[{\"@type\":\"SearchAction\",\"target\":{\"@type\":\"EntryPoint\",\"urlTemplate\":\"https:\\\/\\\/frhub.netgear.com\\\/fr\\\/hub\\\/?s={search_term_string}\"},\"query-input\":{\"@type\":\"PropertyValueSpecification\",\"valueRequired\":true,\"valueName\":\"search_term_string\"}}],\"inLanguage\":\"en-US\"},{\"@type\":\"Organization\",\"@id\":\"https:\\\/\\\/frhub.netgear.com\\\/fr\\\/hub\\\/#organization\",\"name\":\"NETGEAR\",\"url\":\"https:\\\/\\\/frhub.netgear.com\\\/fr\\\/hub\\\/\",\"logo\":{\"@type\":\"ImageObject\",\"inLanguage\":\"en-US\",\"@id\":\"https:\\\/\\\/frhub.netgear.com\\\/fr\\\/hub\\\/#\\\/schema\\\/logo\\\/image\\\/\",\"url\":\"https:\\\/\\\/www.netgear.com\\\/fr\\\/hub\\\/wp-content\\\/uploads\\\/2019\\\/07\\\/NETGEAR_logo.jpg\",\"contentUrl\":\"https:\\\/\\\/www.netgear.com\\\/fr\\\/hub\\\/wp-content\\\/uploads\\\/2019\\\/07\\\/NETGEAR_logo.jpg\",\"width\":1500,\"height\":501,\"caption\":\"NETGEAR\"},\"image\":{\"@id\":\"https:\\\/\\\/frhub.netgear.com\\\/fr\\\/hub\\\/#\\\/schema\\\/logo\\\/image\\\/\"},\"sameAs\":[\"https:\\\/\\\/www.facebook.com\\\/NetgearAU\\\/\",\"https:\\\/\\\/x.com\\\/NETGEAR\",\"https:\\\/\\\/www.linkedin.com\\\/company\\\/netgear\"]}]}<\/script>\n<!-- \/ Yoast SEO plugin. -->","yoast_head_json":{"title":"Meilleur Syst\u00e8me Mesh : Trouvez Votre Id\u00e9al","description":"Choisissez le syst\u00e8me Mesh parfait avec notre guide NETGEAR. Comparez et trouvez la meilleure solution Mesh pour votre maison ou bureau.","robots":{"index":"index","follow":"follow","max-snippet":"max-snippet:-1","max-image-preview":"max-image-preview:large","max-video-preview":"max-video-preview:-1"},"canonical":"https:\/\/frhub.netgear.com\/fr\/hub\/wifi\/mesh\/mesh-mashups-choisir-le-bon-systeme-mesh\/","og_locale":"en_US","og_type":"article","og_title":"Meilleur Syst\u00e8me Mesh : Trouvez Votre Id\u00e9al","og_description":"Choisissez le syst\u00e8me Mesh parfait avec notre guide NETGEAR. Comparez et trouvez la meilleure solution Mesh pour votre maison ou bureau.","og_url":"https:\/\/frhub.netgear.com\/fr\/hub\/wifi\/mesh\/mesh-mashups-choisir-le-bon-systeme-mesh\/","og_site_name":"NETGEAR Blog","article_publisher":"https:\/\/www.facebook.com\/NetgearAU\/","article_modified_time":"2024-10-09T01:51:40+00:00","og_image":[{"width":1920,"height":537,"url":"https:\/\/frhub.netgear.com\/fr\/hub\/wp-content\/uploads\/2023\/10\/Old_Blog_4-min_tcm169-136044.jpg","type":"image\/jpeg"}],"twitter_card":"summary_large_image","twitter_site":"@NETGEAR","twitter_misc":{"Est. reading time":"3 minutes"},"schema":{"@context":"https:\/\/schema.org","@graph":[{"@type":"WebPage","@id":"https:\/\/frhub.netgear.com\/fr\/hub\/wifi\/mesh\/mesh-mashups-choisir-le-bon-systeme-mesh\/","url":"https:\/\/frhub.netgear.com\/fr\/hub\/wifi\/mesh\/mesh-mashups-choisir-le-bon-systeme-mesh\/","name":"Meilleur Syst\u00e8me Mesh : Trouvez Votre Id\u00e9al","isPartOf":{"@id":"https:\/\/frhub.netgear.com\/fr\/hub\/#website"},"primaryImageOfPage":{"@id":"https:\/\/frhub.netgear.com\/fr\/hub\/wifi\/mesh\/mesh-mashups-choisir-le-bon-systeme-mesh\/#primaryimage"},"image":{"@id":"https:\/\/frhub.netgear.com\/fr\/hub\/wifi\/mesh\/mesh-mashups-choisir-le-bon-systeme-mesh\/#primaryimage"},"thumbnailUrl":"https:\/\/frhub.netgear.com\/fr\/hub\/wp-content\/uploads\/2023\/10\/Old_Blog_4-min_tcm169-136044.jpg","datePublished":"2023-10-26T00:30:21+00:00","dateModified":"2024-10-09T01:51:40+00:00","description":"Choisissez le syst\u00e8me Mesh parfait avec notre guide NETGEAR. Comparez et trouvez la meilleure solution Mesh pour votre maison ou bureau.","breadcrumb":{"@id":"https:\/\/frhub.netgear.com\/fr\/hub\/wifi\/mesh\/mesh-mashups-choisir-le-bon-systeme-mesh\/#breadcrumb"},"inLanguage":"en-US","potentialAction":[{"@type":"ReadAction","target":["https:\/\/frhub.netgear.com\/fr\/hub\/wifi\/mesh\/mesh-mashups-choisir-le-bon-systeme-mesh\/"]}]},{"@type":"ImageObject","inLanguage":"en-US","@id":"https:\/\/frhub.netgear.com\/fr\/hub\/wifi\/mesh\/mesh-mashups-choisir-le-bon-systeme-mesh\/#primaryimage","url":"https:\/\/frhub.netgear.com\/fr\/hub\/wp-content\/uploads\/2023\/10\/Old_Blog_4-min_tcm169-136044.jpg","contentUrl":"https:\/\/frhub.netgear.com\/fr\/hub\/wp-content\/uploads\/2023\/10\/Old_Blog_4-min_tcm169-136044.jpg","width":1920,"height":537},{"@type":"BreadcrumbList","@id":"https:\/\/frhub.netgear.com\/fr\/hub\/wifi\/mesh\/mesh-mashups-choisir-le-bon-systeme-mesh\/#breadcrumb","itemListElement":[{"@type":"ListItem","position":1,"name":"Home","item":"https:\/\/frhub.netgear.com\/fr\/hub\/"},{"@type":"ListItem","position":2,"name":"WiFi Tech Articles Hub","item":"https:\/\/frhub.netgear.com\/fr\/hub\/wifi\/"},{"@type":"ListItem","position":3,"name":"Articles sur le WiFi Maill\u00e9","item":"https:\/\/frhub.netgear.com\/fr\/hub\/wifi\/mesh\/"},{"@type":"ListItem","position":4,"name":"Mesh Mashups : Quel syst\u00e8me Mesh vous convient le mieux ?"}]},{"@type":"WebSite","@id":"https:\/\/frhub.netgear.com\/fr\/hub\/#website","url":"https:\/\/frhub.netgear.com\/fr\/hub\/","name":"NETGEAR Hub France","description":"Explorez les pages de notre blog et parcourez les articles pour en savoir plus sur les produits et la technologie NETGEAR.","publisher":{"@id":"https:\/\/frhub.netgear.com\/fr\/hub\/#organization"},"potentialAction":[{"@type":"SearchAction","target":{"@type":"EntryPoint","urlTemplate":"https:\/\/frhub.netgear.com\/fr\/hub\/?s={search_term_string}"},"query-input":{"@type":"PropertyValueSpecification","valueRequired":true,"valueName":"search_term_string"}}],"inLanguage":"en-US"},{"@type":"Organization","@id":"https:\/\/frhub.netgear.com\/fr\/hub\/#organization","name":"NETGEAR","url":"https:\/\/frhub.netgear.com\/fr\/hub\/","logo":{"@type":"ImageObject","inLanguage":"en-US","@id":"https:\/\/frhub.netgear.com\/fr\/hub\/#\/schema\/logo\/image\/","url":"https:\/\/www.netgear.com\/fr\/hub\/wp-content\/uploads\/2019\/07\/NETGEAR_logo.jpg","contentUrl":"https:\/\/www.netgear.com\/fr\/hub\/wp-content\/uploads\/2019\/07\/NETGEAR_logo.jpg","width":1500,"height":501,"caption":"NETGEAR"},"image":{"@id":"https:\/\/frhub.netgear.com\/fr\/hub\/#\/schema\/logo\/image\/"},"sameAs":["https:\/\/www.facebook.com\/NetgearAU\/","https:\/\/x.com\/NETGEAR","https:\/\/www.linkedin.com\/company\/netgear"]}]}},"_links":{"self":[{"href":"https:\/\/frhub.netgear.com\/fr\/hub\/wp-json\/wp\/v2\/pages\/9206","targetHints":{"allow":["GET"]}}],"collection":[{"href":"https:\/\/frhub.netgear.com\/fr\/hub\/wp-json\/wp\/v2\/pages"}],"about":[{"href":"https:\/\/frhub.netgear.com\/fr\/hub\/wp-json\/wp\/v2\/types\/page"}],"author":[{"embeddable":true,"href":"https:\/\/frhub.netgear.com\/fr\/hub\/wp-json\/wp\/v2\/users\/68"}],"replies":[{"embeddable":true,"href":"https:\/\/frhub.netgear.com\/fr\/hub\/wp-json\/wp\/v2\/comments?post=9206"}],"version-history":[{"count":7,"href":"https:\/\/frhub.netgear.com\/fr\/hub\/wp-json\/wp\/v2\/pages\/9206\/revisions"}],"predecessor-version":[{"id":9674,"href":"https:\/\/frhub.netgear.com\/fr\/hub\/wp-json\/wp\/v2\/pages\/9206\/revisions\/9674"}],"up":[{"embeddable":true,"href":"https:\/\/frhub.netgear.com\/fr\/hub\/wp-json\/wp\/v2\/pages\/6707"}],"wp:featuredmedia":[{"embeddable":true,"href":"https:\/\/frhub.netgear.com\/fr\/hub\/wp-json\/wp\/v2\/media\/9207"}],"wp:attachment":[{"href":"https:\/\/frhub.netgear.com\/fr\/hub\/wp-json\/wp\/v2\/media?parent=9206"}],"curies":[{"name":"wp","href":"https:\/\/api.w.org\/{rel}","templated":true}]}}