{"id":9182,"date":"2023-10-25T07:37:03","date_gmt":"2023-10-25T05:37:03","guid":{"rendered":"https:\/\/stg-justingrossbard-netgearuk.kinsta.cloud\/?page_id=9182"},"modified":"2024-10-30T15:06:05","modified_gmt":"2024-10-30T14:06:05","slug":"levolution-du-wifi","status":"publish","type":"page","link":"https:\/\/frhub.netgear.com\/fr\/hub\/wifi\/routers\/levolution-du-wifi\/","title":{"rendered":"L&#8217;\u00e9volution du WiFi"},"content":{"rendered":"<p class=\"h5\">Le monde du WiFi a beaucoup \u00e9volu\u00e9 depuis qu&#8217;il a \u00e9t\u00e9 pr\u00e9sent\u00e9 pour la premi\u00e8re fois aux consommateurs en 1997 \u2013 que cela soit en termes de vitesse et de capacit\u00e9, de d\u00e9nomination et de positionnement. L&#8217;offre initiale de WiFi pour le grand public \u00e9tait bas\u00e9e sur la norme IEEE 802.11, et les versions suivantes \u00e9taient nomm\u00e9es en fonction de leurs mises \u00e0 jour et des modifications apport\u00e9es aux capacit\u00e9s, par exemple 802.11b ou 802.11g.<\/p>\n<p class=\"h5\">Comme cela devenait de plus en plus d\u00e9routant pour les consommateurs, une d\u00e9cision a \u00e9t\u00e9 prise en 2018 par la WiFi Alliance pour rendre la d\u00e9nomination des normes WiFi plus facile \u00e0 comprendre &#8211; et donc plus facile \u00e0 adopter \u00e0 mesure que les technologies \u00e9voluaient et se d\u00e9veloppaient en fonction des besoins changeants des consommateurs. Aujourd&#8217;hui, nous sommes \u00e0 l&#8217;aube de la prochaine phase pour la connectivit\u00e9 sans fil via le WiFi 6E &#8211; mais comprendre comment nous en sommes arriv\u00e9s l\u00e0 peut nous permettre d&#8217;appr\u00e9cier tout ce que le\u00a0<a href=\"https:\/\/www.netgear.com\/fr\/home\/wifi\/wifi6e\/\">WiFi 6E<\/a>\u00a0offre aujourd&#8217;hui.<\/p>\n<p>&nbsp;<\/p>\n<h3 class=\"h5\"><strong class=\"font-weight-bold\">Le voyage du WiFi au WiFi 6E \u00a0<\/strong><\/h3>\n<p>&nbsp;<\/p>\n<p class=\"h5\">Le WiFi a certainement pris le monde d&#8217;assaut, les consommateurs et les entreprises r\u00e9alisant les avantages d&#8217;une connectivit\u00e9 et de capacit\u00e9s Internet accrues.<\/p>\n<p>&nbsp;<\/p>\n<p class=\"h5\">\u00c0 la fin des ann\u00e9es 1990, les normes 802.11b et 802.11a ont \u00e9t\u00e9 lanc\u00e9es. Utilisant la fr\u00e9quence de 2,4 GHz, la norme 802.11b permettait un d\u00e9bit th\u00e9orique maximal de 11 Mbps avec une port\u00e9e de 45m\u00b2. Cependant, la vitesse \u00e9tait assez lente et, comme la norme 802.11b ne fonctionnait que dans la bande de fr\u00e9quences 2,4 GHz, les appareils utilis\u00e9s en simultan\u00e9s et les autres r\u00e9seaux Wi-Fi 2,4 GHz pouvaient provoquer des interf\u00e9rences. Avec la norme 802.11a, en revanche, une technique plus complexe connue sous le nom de multiplexage par r\u00e9partition orthogonale de la fr\u00e9quence (OFDM) a \u00e9t\u00e9 utilis\u00e9e pour g\u00e9n\u00e9rer le signal sans fil, ce qui lui conf\u00e8re quelques avantages par rapport \u00e0 la norme 802.11b. Tout d&#8217;abord, elle fonctionnait dans la bande de fr\u00e9quences des 5 GHz, moins encombr\u00e9e, ce qui la rendait moins sujette aux interf\u00e9rences, et sa bande passante \u00e9tait beaucoup plus \u00e9lev\u00e9e, avec un maximum th\u00e9orique de 54 Mbps. Compte tenu de ces caract\u00e9ristiques, elle \u00e9tait plus ch\u00e8re et se rencontrait davantage dans les applications professionnelles, tandis que la norme 802.11b \u00e9tait plus populaire sur le march\u00e9 grand public.<\/p>\n<p>&nbsp;<\/p>\n<p class=\"h5\">Une am\u00e9lioration est intervenue avec la norme 802.11g. Utilisant la m\u00eame technologie OFDM que la 802.11a, la 802.11g supportait un d\u00e9bit th\u00e9orique maximal de 54 Mbps. R\u00e9trocompatibles avec les appareils 802.11b, les utilisateurs de la norme 802.11g ont b\u00e9n\u00e9fici\u00e9 de vitesses plus rapides et d&#8217;une couverture WiFi nettement am\u00e9lior\u00e9e. Toutefois, comme la norme 802.11b, elle fonctionne sur la fr\u00e9quence 2,4 GHz, plus encombr\u00e9e, ce qui signifie qu&#8217;elle \u00e9tait toujours sujette aux probl\u00e8mes d&#8217;interf\u00e9rences.<\/p>\n<p>&nbsp;<\/p>\n<p class=\"h5\">La perc\u00e9e suivante a eu lieu en 2009 avec la norme 802.11n ou ce que nous appelons aujourd&#8217;hui WiFi 4. Le WiFi est devenu plus rapide et plus fiable, le 802.11n supportant un taux de transfert th\u00e9orique maximum de 300 Mbps (et pouvant atteindre 450 Mbps en utilisant trois antennes). La norme 802.11n utilise la technologie MIMO (Multiple Input Multiple Output, soit en fran\u00e7ais \u00ab entr\u00e9es multiples et sorties multiples \u00bb). Cela signifie que plusieurs \u00e9metteurs et r\u00e9cepteurs peuvent fonctionner simultan\u00e9ment \u00e0 l&#8217;une ou aux deux extr\u00e9mit\u00e9s de la liaison avec un seul appareil, ce qui permet d&#8217;augmenter consid\u00e9rablement le volume de donn\u00e9es sans avoir besoin d&#8217;une bande passante ou d&#8217;une puissance d&#8217;\u00e9mission plus \u00e9lev\u00e9e. En outre, elle pouvait fonctionner \u00e0 la fois dans les bandes de 2,4 GHz et de 5 GHz.<\/p>\n<p>&nbsp;<\/p>\n<p class=\"h5\">La norme 802.11ac ou WiFi 5, qui repr\u00e9sente une \u00e9tape importante dans l&#8217;\u00e9volution du WiFi, a \u00e9t\u00e9 introduite en 2014. Elle a permis de faire passer les vitesses du WiFi de 433 Mbps \u00e0 plusieurs Gigabit par seconde. Cela a \u00e9t\u00e9 rendu possible par le fait que la norme 802.11ac fonctionne exclusivement dans la bande des 5 GHz, les points d\u2019acc\u00e8s basculant en Wi-Fi N sur la bande des 2,4 GHz. Elle prend en charge jusqu&#8217;\u00e0 huit streams (\u00ab flux spatiaux \u00bb), elle double la largeur du canal \u00e0 80 MHz et elle utilise une technologie appel\u00e9e &#8220;beamforming&#8221; (formation de faisceau), c&#8217;est-\u00e0-dire que l&#8217;antenne transmet les signaux radio de mani\u00e8re \u00e0 ce qu&#8217;ils soient dirig\u00e9s vers un appareil sp\u00e9cifique. Une autre avanc\u00e9e importante du WiFi 5 est le MIMO multi-utilisateurs (MU-MIMO). Alors que MIMO dirige plusieurs flux vers un seul client, MU-MIMO peut diriger les flux spatiaux vers plusieurs appareils simultan\u00e9ment. Cela n&#8217;augmente pas la vitesse d&#8217;un seul client, mais peut augmenter le d\u00e9bit global de donn\u00e9es de l&#8217;ensemble du r\u00e9seau.<\/p>\n<p>&nbsp;<\/p>\n<p class=\"h5\">Avec l&#8217;introduction du\u00a0<a href=\"https:\/\/www.netgear.com\/fr\/home\/discover\/wifi6\/\">WiFi 6<\/a>\u00a0(802.11ax), l&#8217;industrie va encore plus loin. Le WiFi 6 permet d&#8217;\u00e9viter les encombrements dans les espaces publics, offre des d\u00e9bits de donn\u00e9es et une capacit\u00e9 plus \u00e9lev\u00e9s (jusqu&#8217;\u00e0 9,6 Gbps) et pr\u00e9sente des am\u00e9liorations similaires \u00e0 la 5G. Il offre \u00e9galement une meilleure prise en charge du spectre de 2,4 GHz et de 5 GHz et une augmentation du nombre d&#8217;utilisateurs, d&#8217;entr\u00e9es multiples et de sorties multiples (MU-MIMO) de 4 x 4 \u00e0 8 x 8. Le r\u00e9sultat global est une meilleure performance et plus de vitesse tout en permettant \u00e0 une personne de connecter encore plus d&#8217;appareils dans sa maison. Et, contrairement aux normes ant\u00e9rieures, le Wi-Fi 6 permet \u00e0 un routeur de g\u00e9rer plus d&#8217;antennes &#8211; ce qui signifie qu&#8217;un routeur peut se connecter \u00e0 plus d&#8217;appareils.<\/p>\n<p>&nbsp;<\/p>\n<p class=\"h5\">Avec le tout nouveau WiFi 6E, vous b\u00e9n\u00e9ficiez de tous les avantages de WiFi 6, plus une nouvelle bande de fr\u00e9quences, car le WiFi 6E prend en charge le 6 GHz, qui offre des d\u00e9bits plus \u00e9lev\u00e9s et une latence plus faible.<\/p>\n<p>&nbsp;<\/p>\n<h3 class=\"h5\"><strong class=\"font-weight-bold\">Caract\u00e9ristiques principales du WiFi 6E et de la bande 6 Ghz<\/strong><\/h3>\n<p>&nbsp;<\/p>\n<p class=\"h5\">La bande 6GHz est d\u00e9di\u00e9e aux appareils 6E. La bande 6 GHz offre \u00e9galement une connexion tr\u00e8s haut d\u00e9bit avec un WiFi pouvant atteindre 10,8 Gbit\/s. Et comme il y a un peu d&#8217;appareils sur la bande 6 GHz (pour l\u2019instant), cela signifie une latence ultra-faible pour le trafic r\u00e9seau en temps r\u00e9el et les jeux. Cette nouvelle forme de WiFi offre \u00e9galement aux utilisateurs des vitesses incroyablement \u00e9lev\u00e9es et moins d&#8217;interf\u00e9rences avec 3 fois plus de canaux WiFi 160MHz \u00e0 large bande passante. Avec le WiFi 6E, la liste des possibilit\u00e9s pour les r\u00e9seaux domestiques ne cesse de s&#8217;allonger. Gr\u00e2ce \u00e0 cette nouvelle technologie, vous pourrez profiter de plus de vitesse pour un streaming fluide et une faible latence pour diffuser vos vid\u00e9os en 4K\/8K, les jeux AR\/VR et les vid\u00e9oconf\u00e9rences HD. Quel que soit le besoin, la bande 6 GHz et le <a href=\"https:\/\/www.netgear.com\/fr\/hub\/wifi\/routers\/wifi-6e-pour-la-generation-de-ma-soeur\/\">WiFi 6E constituent une nouvelle fa\u00e7on puissante de tout faire<\/a>, du travail aux jeux. Vous pouvez v\u00e9rifier l&#8217;\u00e9tendue des possibilit\u00e9s dans nos cas d&#8217;usages du WiFi 6E.<\/p>\n<p>&nbsp;<\/p>\n<p class=\"h5\">Quant \u00e0 la derni\u00e8re gamme Orbi <a href=\"https:\/\/www.netgear.com\/fr\/hub\/wifi\/routers\/difference-entre-wifi-6-et-wifi-6e\/\">WiFi 6E<\/a> de NETGEAR, le premier syst\u00e8me WiFi 6E Quad band du march\u00e9 assure un d\u00e9bit maximal avec 16 flux WiFi s\u00e9par\u00e9s. Il s&#8217;agit de la plus haute sp\u00e9cification possible pour les nouveaux et anciens appareils, \u00e0 2.4GHz, 5GHz et 6 GHz &#8211; ainsi qu&#8217;un backhaul d\u00e9di\u00e9 \u00e0 5 GHz. NETGEAR a \u00e9t\u00e9 le premier \u00e0 mettre au point cette technologie de liaison d\u00e9di\u00e9e pour \u00e9changer des donn\u00e9es entre le routeur et les satellites sans affecter les performances.<\/p>\n","protected":false},"excerpt":{"rendered":"<p>Le monde du WiFi a beaucoup \u00e9volu\u00e9 depuis qu&#8217;il a \u00e9t\u00e9 pr\u00e9sent\u00e9 pour la premi\u00e8re fois aux consommateurs en 1997 \u2013 que cela soit en termes de vitesse et de capacit\u00e9, de d\u00e9nomination et de positionnement. L&#8217;offre initiale de WiFi pour le grand public \u00e9tait bas\u00e9e sur la norme IEEE 802.11, et les versions suivantes [&hellip;]<\/p>\n","protected":false},"author":68,"featured_media":9183,"parent":6752,"menu_order":8,"comment_status":"closed","ping_status":"closed","template":"templates\/press-room-single.php","meta":{"_acf_changed":false,"content-type":"","footnotes":""},"class_list":["post-9182","page","type-page","status-publish","has-post-thumbnail","hentry"],"acf":[],"yoast_head":"<!-- This site is optimized with the Yoast SEO plugin v27.4 - https:\/\/yoast.com\/product\/yoast-seo-wordpress\/ -->\n<title>WiFi 6E et la bande 6GHz : Tout comprendre<\/title>\n<meta name=\"description\" content=\"Qu&#039;est-ce que le WiFi 6E et la bande 6GHz ? NETGEAR explique les avantages et les nouveaut\u00e9s de cette technologie r\u00e9volutionnaire.\" \/>\n<meta name=\"robots\" content=\"index, follow, max-snippet:-1, max-image-preview:large, max-video-preview:-1\" \/>\n<link rel=\"canonical\" href=\"https:\/\/frhub.netgear.com\/fr\/hub\/wifi\/routers\/levolution-du-wifi\/\" \/>\n<meta property=\"og:locale\" content=\"en_US\" \/>\n<meta property=\"og:type\" content=\"article\" \/>\n<meta property=\"og:title\" content=\"WiFi 6E et la bande 6GHz : Tout comprendre\" \/>\n<meta property=\"og:description\" content=\"Qu&#039;est-ce que le WiFi 6E et la bande 6GHz ? NETGEAR explique les avantages et les nouveaut\u00e9s de cette technologie r\u00e9volutionnaire.\" \/>\n<meta property=\"og:url\" content=\"https:\/\/frhub.netgear.com\/fr\/hub\/wifi\/routers\/levolution-du-wifi\/\" \/>\n<meta property=\"og:site_name\" content=\"NETGEAR Blog\" \/>\n<meta property=\"article:publisher\" content=\"https:\/\/www.facebook.com\/NetgearAU\/\" \/>\n<meta property=\"article:modified_time\" content=\"2024-10-30T14:06:05+00:00\" \/>\n<meta property=\"og:image\" content=\"https:\/\/frhub.netgear.com\/fr\/hub\/wp-content\/uploads\/2023\/10\/Evolution-of-WiFi_tcm169-130332.jpg\" \/>\n\t<meta property=\"og:image:width\" content=\"1897\" \/>\n\t<meta property=\"og:image:height\" content=\"475\" \/>\n\t<meta property=\"og:image:type\" content=\"image\/jpeg\" \/>\n<meta name=\"twitter:card\" content=\"summary_large_image\" \/>\n<meta name=\"twitter:site\" content=\"@NETGEAR\" \/>\n<meta name=\"twitter:label1\" content=\"Est. reading time\" \/>\n\t<meta name=\"twitter:data1\" content=\"6 minutes\" \/>\n<script type=\"application\/ld+json\" class=\"yoast-schema-graph\">{\"@context\":\"https:\\\/\\\/schema.org\",\"@graph\":[{\"@type\":\"WebPage\",\"@id\":\"https:\\\/\\\/frhub.netgear.com\\\/fr\\\/hub\\\/wifi\\\/routers\\\/levolution-du-wifi\\\/\",\"url\":\"https:\\\/\\\/frhub.netgear.com\\\/fr\\\/hub\\\/wifi\\\/routers\\\/levolution-du-wifi\\\/\",\"name\":\"WiFi 6E et la bande 6GHz : Tout comprendre\",\"isPartOf\":{\"@id\":\"https:\\\/\\\/frhub.netgear.com\\\/fr\\\/hub\\\/#website\"},\"primaryImageOfPage\":{\"@id\":\"https:\\\/\\\/frhub.netgear.com\\\/fr\\\/hub\\\/wifi\\\/routers\\\/levolution-du-wifi\\\/#primaryimage\"},\"image\":{\"@id\":\"https:\\\/\\\/frhub.netgear.com\\\/fr\\\/hub\\\/wifi\\\/routers\\\/levolution-du-wifi\\\/#primaryimage\"},\"thumbnailUrl\":\"https:\\\/\\\/frhub.netgear.com\\\/fr\\\/hub\\\/wp-content\\\/uploads\\\/2023\\\/10\\\/Evolution-of-WiFi_tcm169-130332.jpg\",\"datePublished\":\"2023-10-25T05:37:03+00:00\",\"dateModified\":\"2024-10-30T14:06:05+00:00\",\"description\":\"Qu'est-ce que le WiFi 6E et la bande 6GHz ? NETGEAR explique les avantages et les nouveaut\u00e9s de cette technologie r\u00e9volutionnaire.\",\"breadcrumb\":{\"@id\":\"https:\\\/\\\/frhub.netgear.com\\\/fr\\\/hub\\\/wifi\\\/routers\\\/levolution-du-wifi\\\/#breadcrumb\"},\"inLanguage\":\"en-US\",\"potentialAction\":[{\"@type\":\"ReadAction\",\"target\":[\"https:\\\/\\\/frhub.netgear.com\\\/fr\\\/hub\\\/wifi\\\/routers\\\/levolution-du-wifi\\\/\"]}]},{\"@type\":\"ImageObject\",\"inLanguage\":\"en-US\",\"@id\":\"https:\\\/\\\/frhub.netgear.com\\\/fr\\\/hub\\\/wifi\\\/routers\\\/levolution-du-wifi\\\/#primaryimage\",\"url\":\"https:\\\/\\\/frhub.netgear.com\\\/fr\\\/hub\\\/wp-content\\\/uploads\\\/2023\\\/10\\\/Evolution-of-WiFi_tcm169-130332.jpg\",\"contentUrl\":\"https:\\\/\\\/frhub.netgear.com\\\/fr\\\/hub\\\/wp-content\\\/uploads\\\/2023\\\/10\\\/Evolution-of-WiFi_tcm169-130332.jpg\",\"width\":1897,\"height\":475},{\"@type\":\"BreadcrumbList\",\"@id\":\"https:\\\/\\\/frhub.netgear.com\\\/fr\\\/hub\\\/wifi\\\/routers\\\/levolution-du-wifi\\\/#breadcrumb\",\"itemListElement\":[{\"@type\":\"ListItem\",\"position\":1,\"name\":\"Home\",\"item\":\"https:\\\/\\\/frhub.netgear.com\\\/fr\\\/hub\\\/\"},{\"@type\":\"ListItem\",\"position\":2,\"name\":\"WiFi Tech Articles Hub\",\"item\":\"https:\\\/\\\/frhub.netgear.com\\\/fr\\\/hub\\\/wifi\\\/\"},{\"@type\":\"ListItem\",\"position\":3,\"name\":\"Article sur les Routeurs WiFi Hub\",\"item\":\"https:\\\/\\\/frhub.netgear.com\\\/fr\\\/hub\\\/wifi\\\/routers\\\/\"},{\"@type\":\"ListItem\",\"position\":4,\"name\":\"L&#8217;\u00e9volution du WiFi\"}]},{\"@type\":\"WebSite\",\"@id\":\"https:\\\/\\\/frhub.netgear.com\\\/fr\\\/hub\\\/#website\",\"url\":\"https:\\\/\\\/frhub.netgear.com\\\/fr\\\/hub\\\/\",\"name\":\"NETGEAR Hub France\",\"description\":\"Explorez les pages de notre blog et parcourez les articles pour en savoir plus sur les produits et la technologie NETGEAR.\",\"publisher\":{\"@id\":\"https:\\\/\\\/frhub.netgear.com\\\/fr\\\/hub\\\/#organization\"},\"potentialAction\":[{\"@type\":\"SearchAction\",\"target\":{\"@type\":\"EntryPoint\",\"urlTemplate\":\"https:\\\/\\\/frhub.netgear.com\\\/fr\\\/hub\\\/?s={search_term_string}\"},\"query-input\":{\"@type\":\"PropertyValueSpecification\",\"valueRequired\":true,\"valueName\":\"search_term_string\"}}],\"inLanguage\":\"en-US\"},{\"@type\":\"Organization\",\"@id\":\"https:\\\/\\\/frhub.netgear.com\\\/fr\\\/hub\\\/#organization\",\"name\":\"NETGEAR\",\"url\":\"https:\\\/\\\/frhub.netgear.com\\\/fr\\\/hub\\\/\",\"logo\":{\"@type\":\"ImageObject\",\"inLanguage\":\"en-US\",\"@id\":\"https:\\\/\\\/frhub.netgear.com\\\/fr\\\/hub\\\/#\\\/schema\\\/logo\\\/image\\\/\",\"url\":\"https:\\\/\\\/www.netgear.com\\\/fr\\\/hub\\\/wp-content\\\/uploads\\\/2019\\\/07\\\/NETGEAR_logo.jpg\",\"contentUrl\":\"https:\\\/\\\/www.netgear.com\\\/fr\\\/hub\\\/wp-content\\\/uploads\\\/2019\\\/07\\\/NETGEAR_logo.jpg\",\"width\":1500,\"height\":501,\"caption\":\"NETGEAR\"},\"image\":{\"@id\":\"https:\\\/\\\/frhub.netgear.com\\\/fr\\\/hub\\\/#\\\/schema\\\/logo\\\/image\\\/\"},\"sameAs\":[\"https:\\\/\\\/www.facebook.com\\\/NetgearAU\\\/\",\"https:\\\/\\\/x.com\\\/NETGEAR\",\"https:\\\/\\\/www.linkedin.com\\\/company\\\/netgear\"]}]}<\/script>\n<!-- \/ Yoast SEO plugin. -->","yoast_head_json":{"title":"WiFi 6E et la bande 6GHz : Tout comprendre","description":"Qu'est-ce que le WiFi 6E et la bande 6GHz ? NETGEAR explique les avantages et les nouveaut\u00e9s de cette technologie r\u00e9volutionnaire.","robots":{"index":"index","follow":"follow","max-snippet":"max-snippet:-1","max-image-preview":"max-image-preview:large","max-video-preview":"max-video-preview:-1"},"canonical":"https:\/\/frhub.netgear.com\/fr\/hub\/wifi\/routers\/levolution-du-wifi\/","og_locale":"en_US","og_type":"article","og_title":"WiFi 6E et la bande 6GHz : Tout comprendre","og_description":"Qu'est-ce que le WiFi 6E et la bande 6GHz ? NETGEAR explique les avantages et les nouveaut\u00e9s de cette technologie r\u00e9volutionnaire.","og_url":"https:\/\/frhub.netgear.com\/fr\/hub\/wifi\/routers\/levolution-du-wifi\/","og_site_name":"NETGEAR Blog","article_publisher":"https:\/\/www.facebook.com\/NetgearAU\/","article_modified_time":"2024-10-30T14:06:05+00:00","og_image":[{"width":1897,"height":475,"url":"https:\/\/frhub.netgear.com\/fr\/hub\/wp-content\/uploads\/2023\/10\/Evolution-of-WiFi_tcm169-130332.jpg","type":"image\/jpeg"}],"twitter_card":"summary_large_image","twitter_site":"@NETGEAR","twitter_misc":{"Est. reading time":"6 minutes"},"schema":{"@context":"https:\/\/schema.org","@graph":[{"@type":"WebPage","@id":"https:\/\/frhub.netgear.com\/fr\/hub\/wifi\/routers\/levolution-du-wifi\/","url":"https:\/\/frhub.netgear.com\/fr\/hub\/wifi\/routers\/levolution-du-wifi\/","name":"WiFi 6E et la bande 6GHz : Tout comprendre","isPartOf":{"@id":"https:\/\/frhub.netgear.com\/fr\/hub\/#website"},"primaryImageOfPage":{"@id":"https:\/\/frhub.netgear.com\/fr\/hub\/wifi\/routers\/levolution-du-wifi\/#primaryimage"},"image":{"@id":"https:\/\/frhub.netgear.com\/fr\/hub\/wifi\/routers\/levolution-du-wifi\/#primaryimage"},"thumbnailUrl":"https:\/\/frhub.netgear.com\/fr\/hub\/wp-content\/uploads\/2023\/10\/Evolution-of-WiFi_tcm169-130332.jpg","datePublished":"2023-10-25T05:37:03+00:00","dateModified":"2024-10-30T14:06:05+00:00","description":"Qu'est-ce que le WiFi 6E et la bande 6GHz ? NETGEAR explique les avantages et les nouveaut\u00e9s de cette technologie r\u00e9volutionnaire.","breadcrumb":{"@id":"https:\/\/frhub.netgear.com\/fr\/hub\/wifi\/routers\/levolution-du-wifi\/#breadcrumb"},"inLanguage":"en-US","potentialAction":[{"@type":"ReadAction","target":["https:\/\/frhub.netgear.com\/fr\/hub\/wifi\/routers\/levolution-du-wifi\/"]}]},{"@type":"ImageObject","inLanguage":"en-US","@id":"https:\/\/frhub.netgear.com\/fr\/hub\/wifi\/routers\/levolution-du-wifi\/#primaryimage","url":"https:\/\/frhub.netgear.com\/fr\/hub\/wp-content\/uploads\/2023\/10\/Evolution-of-WiFi_tcm169-130332.jpg","contentUrl":"https:\/\/frhub.netgear.com\/fr\/hub\/wp-content\/uploads\/2023\/10\/Evolution-of-WiFi_tcm169-130332.jpg","width":1897,"height":475},{"@type":"BreadcrumbList","@id":"https:\/\/frhub.netgear.com\/fr\/hub\/wifi\/routers\/levolution-du-wifi\/#breadcrumb","itemListElement":[{"@type":"ListItem","position":1,"name":"Home","item":"https:\/\/frhub.netgear.com\/fr\/hub\/"},{"@type":"ListItem","position":2,"name":"WiFi Tech Articles Hub","item":"https:\/\/frhub.netgear.com\/fr\/hub\/wifi\/"},{"@type":"ListItem","position":3,"name":"Article sur les Routeurs WiFi Hub","item":"https:\/\/frhub.netgear.com\/fr\/hub\/wifi\/routers\/"},{"@type":"ListItem","position":4,"name":"L&#8217;\u00e9volution du WiFi"}]},{"@type":"WebSite","@id":"https:\/\/frhub.netgear.com\/fr\/hub\/#website","url":"https:\/\/frhub.netgear.com\/fr\/hub\/","name":"NETGEAR Hub France","description":"Explorez les pages de notre blog et parcourez les articles pour en savoir plus sur les produits et la technologie NETGEAR.","publisher":{"@id":"https:\/\/frhub.netgear.com\/fr\/hub\/#organization"},"potentialAction":[{"@type":"SearchAction","target":{"@type":"EntryPoint","urlTemplate":"https:\/\/frhub.netgear.com\/fr\/hub\/?s={search_term_string}"},"query-input":{"@type":"PropertyValueSpecification","valueRequired":true,"valueName":"search_term_string"}}],"inLanguage":"en-US"},{"@type":"Organization","@id":"https:\/\/frhub.netgear.com\/fr\/hub\/#organization","name":"NETGEAR","url":"https:\/\/frhub.netgear.com\/fr\/hub\/","logo":{"@type":"ImageObject","inLanguage":"en-US","@id":"https:\/\/frhub.netgear.com\/fr\/hub\/#\/schema\/logo\/image\/","url":"https:\/\/www.netgear.com\/fr\/hub\/wp-content\/uploads\/2019\/07\/NETGEAR_logo.jpg","contentUrl":"https:\/\/www.netgear.com\/fr\/hub\/wp-content\/uploads\/2019\/07\/NETGEAR_logo.jpg","width":1500,"height":501,"caption":"NETGEAR"},"image":{"@id":"https:\/\/frhub.netgear.com\/fr\/hub\/#\/schema\/logo\/image\/"},"sameAs":["https:\/\/www.facebook.com\/NetgearAU\/","https:\/\/x.com\/NETGEAR","https:\/\/www.linkedin.com\/company\/netgear"]}]}},"_links":{"self":[{"href":"https:\/\/frhub.netgear.com\/fr\/hub\/wp-json\/wp\/v2\/pages\/9182","targetHints":{"allow":["GET"]}}],"collection":[{"href":"https:\/\/frhub.netgear.com\/fr\/hub\/wp-json\/wp\/v2\/pages"}],"about":[{"href":"https:\/\/frhub.netgear.com\/fr\/hub\/wp-json\/wp\/v2\/types\/page"}],"author":[{"embeddable":true,"href":"https:\/\/frhub.netgear.com\/fr\/hub\/wp-json\/wp\/v2\/users\/68"}],"replies":[{"embeddable":true,"href":"https:\/\/frhub.netgear.com\/fr\/hub\/wp-json\/wp\/v2\/comments?post=9182"}],"version-history":[{"count":6,"href":"https:\/\/frhub.netgear.com\/fr\/hub\/wp-json\/wp\/v2\/pages\/9182\/revisions"}],"predecessor-version":[{"id":9769,"href":"https:\/\/frhub.netgear.com\/fr\/hub\/wp-json\/wp\/v2\/pages\/9182\/revisions\/9769"}],"up":[{"embeddable":true,"href":"https:\/\/frhub.netgear.com\/fr\/hub\/wp-json\/wp\/v2\/pages\/6752"}],"wp:featuredmedia":[{"embeddable":true,"href":"https:\/\/frhub.netgear.com\/fr\/hub\/wp-json\/wp\/v2\/media\/9183"}],"wp:attachment":[{"href":"https:\/\/frhub.netgear.com\/fr\/hub\/wp-json\/wp\/v2\/media?parent=9182"}],"curies":[{"name":"wp","href":"https:\/\/api.w.org\/{rel}","templated":true}]}}