{"id":9172,"date":"2023-10-25T07:25:40","date_gmt":"2023-10-25T05:25:40","guid":{"rendered":"https:\/\/stg-justingrossbard-netgearuk.kinsta.cloud\/?page_id=9172"},"modified":"2024-10-09T03:53:54","modified_gmt":"2024-10-09T01:53:54","slug":"difference-entre-wifi-6-et-wifi-6e","status":"publish","type":"page","link":"https:\/\/frhub.netgear.com\/fr\/hub\/wifi\/routers\/difference-entre-wifi-6-et-wifi-6e\/","title":{"rendered":"Quelle est la diff\u00e9rence entre WiFi 6 et WiFi 6E ?"},"content":{"rendered":"    <div class=\"table-of-content bg-gray\">\n        <p><strong>IN THIS ARTICLE<\/strong><\/p>\n        <ul>\n                        <li><a href=\"#topic1\">Qu\u2019est-ce que le WiFi 6 ?<\/a><\/li>\n                        <li><a href=\"#topic2\">Pourquoi le WiFi 6E est-il meilleur pour le consommateur final ?<\/a><\/li>\n                        <li><a href=\"#topic3\">Comment cela fonctionne-t-il ?<\/a><\/li>\n                    <\/ul>\n    <\/div>\n        <div id=\"topic1\" class=\"skip-item\">\n                        <h2>Qu\u2019est-ce que le WiFi 6 ?<\/h2>\n                <p>Le WiFi 6 (802.11ax) a \u00e9t\u00e9 introduit en 2018, et l\u2019adoption g\u00e9n\u00e9rale de cette norme a rapidement suivi avec la compatibilit\u00e9 de nombreux appareils comme l\u2019iPhone, le Samsung Galaxy, la PlayStation 5, de nombreux ordinateurs portables et smart TV, et bien d\u2019autres objets connect\u00e9s. Le WiFi 6 offre de nombreuses am\u00e9liorations par rapport au WiFi 5 (802.11ac), la norme WiFi pr\u00e9c\u00e9dente. Il a notamment une capacit\u00e9 de connexion multipli\u00e9e par quatre, un d\u00e9bit de donn\u00e9es accru et des vitesses plus rapides. Le WiFi 6 offre donc une am\u00e9lioration notable des performances pour une exp\u00e9rience WiFi plus agr\u00e9able. C\u2019est id\u00e9al pour prendre en charge les maisons connect\u00e9es, le streaming 4K\/8K, les t\u00e9l\u00e9chargements de fichiers volumineux et les niveaux de vitesse Internet Gigabit.<\/p>\n<h3>Quelle est la diff\u00e9rence avec le WiFi 6E ?<\/h3>\n<p>Le WiFi 6E est une extension de la norme WiFi 6, introduisant une nouvelle bande de fr\u00e9quence de 6 GHz en plus des bandes 2,4 GHz et 5 GHz utilis\u00e9es par les g\u00e9n\u00e9rations pr\u00e9c\u00e9dentes de WiFi. Cette extension permet d\u2019acc\u00e9der \u00e0 un spectre plus large, offrant jusqu\u2019\u00e0 1200 MHz de bande passante suppl\u00e9mentaire.<\/p>\n    <\/div>\n        <div id=\"topic2\" class=\"skip-item\">\n                        <h2>Pourquoi le WiFi 6E est-il meilleur pour le consommateur final ?<\/h2>\n                <p><strong>1. Moins de congestion :<\/strong> la bande de 6 GHz est moins encombr\u00e9e que les bandes de 2,4 GHz et 5 GHz, ce qui signifie moins d\u2019interf\u00e9rences et une meilleure performance, notamment dans les environnements denses o\u00f9 de nombreux appareils sont connect\u00e9s.<\/p>\n<p><strong>2. Plus de canaux disponibles :<\/strong> le WiFi 6E offre plus de canaux \u00e0 large bande (80 MHz et 160 MHz), ce qui permet des connexions plus rapides et une latence r\u00e9duite. Cela est particuli\u00e8rement b\u00e9n\u00e9fique pour les applications exigeantes comme les jeux en ligne, la r\u00e9alit\u00e9 virtuelle et le streaming en haute d\u00e9finition.<\/p>\n<p><strong>3. Des vitesses de connexion accrues :<\/strong> avec plus de spectre disponible, le WiFi 6E peut offrir des vitesses de donn\u00e9es encore plus \u00e9lev\u00e9es, d\u00e9passant celles du WiFi 6, ce qui permet des t\u00e9l\u00e9chargements et des transferts de fichiers plus rapides.<\/p>\n<p><strong>4. Support des futurs dispositifs :<\/strong> en adoptant le WiFi 6E, les consommateurs se pr\u00e9parent aux prochaines g\u00e9n\u00e9rations de dispositifs connect\u00e9s, qui tireront pleinement parti de cette nouvelle bande de fr\u00e9quence pour offrir des performances optimales.<\/p>\n    <\/div>\n        <div id=\"topic3\" class=\"skip-item\">\n                        <h2>Comment cela fonctionne-t-il ?<\/h2>\n                <p>Le WiFi 6E fonctionne en exploitant la bande de fr\u00e9quence de 6 GHz, qui est divis\u00e9e en plusieurs canaux plus larges par rapport aux bandes traditionnelles. Ces canaux offrent une capacit\u00e9 de transmission sup\u00e9rieure et une interf\u00e9rence r\u00e9duite. Pour tirer parti du WiFi 6E, les appareils doivent \u00eatre compatibles avec cette nouvelle bande. Les syst\u00e8mes Mesh compatibles comme la s\u00e9rie Orbi 960 de NETGEAR, sont \u00e9quip\u00e9s pour \u00e9mettre sur cette fr\u00e9quence, assurant ainsi une connexion stable et rapide pour les appareils compatibles.<\/p>\n<p>En conclusion, bien que le WiFi 6 ait apport\u00e9 des am\u00e9liorations significatives en termes de vitesse et de capacit\u00e9, le WiFi 6E va encore plus loin en ouvrant une nouvelle bande de fr\u00e9quence de 6 GHz. Cela offre des avantages suppl\u00e9mentaires en termes de r\u00e9duction de la congestion, de multiplication des canaux disponibles et d\u2019augmentation des vitesses de connexion, tout en pr\u00e9parant les utilisateurs aux exigences des futurs dispositifs connect\u00e9s.<\/p>\n    <\/div>\n    \n<p><iframe loading=\"lazy\" title=\"Wifi 6 ou Wifi AX : en quoi \u00e7a consiste et pourquoi c&#039;est mieux ?\" width=\"500\" height=\"281\" src=\"https:\/\/www.youtube.com\/embed\/YKvInm9VutA?feature=oembed\" frameborder=\"0\" allow=\"accelerometer; autoplay; clipboard-write; encrypted-media; gyroscope; picture-in-picture; web-share\" referrerpolicy=\"strict-origin-when-cross-origin\" allowfullscreen><\/iframe><\/p>\n","protected":false},"excerpt":{"rendered":"","protected":false},"author":68,"featured_media":9173,"parent":6752,"menu_order":6,"comment_status":"closed","ping_status":"closed","template":"templates\/mesh-vs-wifi.php","meta":{"_acf_changed":false,"content-type":"","footnotes":""},"class_list":["post-9172","page","type-page","status-publish","has-post-thumbnail","hentry"],"acf":[],"yoast_head":"<!-- This site is optimized with the Yoast SEO plugin v27.4 - https:\/\/yoast.com\/product\/yoast-seo-wordpress\/ -->\n<title>Diff\u00e9rence entre WiFi 6 et WiFi 6E expliqu\u00e9e<\/title>\n<meta name=\"description\" content=\"Comprenez la diff\u00e9rence cl\u00e9 entre WiFi 6 et WiFi 6E. NETGEAR vous guide \u00e0 travers les avantages et les innovations de ces technologies WiFi.\" \/>\n<meta name=\"robots\" content=\"index, follow, max-snippet:-1, max-image-preview:large, max-video-preview:-1\" \/>\n<link rel=\"canonical\" href=\"https:\/\/frhub.netgear.com\/fr\/hub\/wifi\/routers\/difference-entre-wifi-6-et-wifi-6e\/\" \/>\n<meta property=\"og:locale\" content=\"en_US\" \/>\n<meta property=\"og:type\" content=\"article\" \/>\n<meta property=\"og:title\" content=\"Diff\u00e9rence entre WiFi 6 et WiFi 6E expliqu\u00e9e\" \/>\n<meta property=\"og:description\" content=\"Comprenez la diff\u00e9rence cl\u00e9 entre WiFi 6 et WiFi 6E. NETGEAR vous guide \u00e0 travers les avantages et les innovations de ces technologies WiFi.\" \/>\n<meta property=\"og:url\" content=\"https:\/\/frhub.netgear.com\/fr\/hub\/wifi\/routers\/difference-entre-wifi-6-et-wifi-6e\/\" \/>\n<meta property=\"og:site_name\" content=\"NETGEAR Blog\" \/>\n<meta property=\"article:publisher\" content=\"https:\/\/www.facebook.com\/NetgearAU\/\" \/>\n<meta property=\"article:modified_time\" content=\"2024-10-09T01:53:54+00:00\" \/>\n<meta property=\"og:image\" content=\"https:\/\/frhub.netgear.com\/fr\/hub\/wp-content\/uploads\/2023\/10\/banner-blog-raxe500_tcm169-133340.jpg\" \/>\n\t<meta property=\"og:image:width\" content=\"1920\" \/>\n\t<meta property=\"og:image:height\" content=\"450\" \/>\n\t<meta property=\"og:image:type\" content=\"image\/jpeg\" \/>\n<meta name=\"twitter:card\" content=\"summary_large_image\" \/>\n<meta name=\"twitter:site\" content=\"@NETGEAR\" \/>\n<script type=\"application\/ld+json\" class=\"yoast-schema-graph\">{\"@context\":\"https:\\\/\\\/schema.org\",\"@graph\":[{\"@type\":\"WebPage\",\"@id\":\"https:\\\/\\\/frhub.netgear.com\\\/fr\\\/hub\\\/wifi\\\/routers\\\/difference-entre-wifi-6-et-wifi-6e\\\/\",\"url\":\"https:\\\/\\\/frhub.netgear.com\\\/fr\\\/hub\\\/wifi\\\/routers\\\/difference-entre-wifi-6-et-wifi-6e\\\/\",\"name\":\"Diff\u00e9rence entre WiFi 6 et WiFi 6E expliqu\u00e9e\",\"isPartOf\":{\"@id\":\"https:\\\/\\\/frhub.netgear.com\\\/fr\\\/hub\\\/#website\"},\"primaryImageOfPage\":{\"@id\":\"https:\\\/\\\/frhub.netgear.com\\\/fr\\\/hub\\\/wifi\\\/routers\\\/difference-entre-wifi-6-et-wifi-6e\\\/#primaryimage\"},\"image\":{\"@id\":\"https:\\\/\\\/frhub.netgear.com\\\/fr\\\/hub\\\/wifi\\\/routers\\\/difference-entre-wifi-6-et-wifi-6e\\\/#primaryimage\"},\"thumbnailUrl\":\"https:\\\/\\\/frhub.netgear.com\\\/fr\\\/hub\\\/wp-content\\\/uploads\\\/2023\\\/10\\\/banner-blog-raxe500_tcm169-133340.jpg\",\"datePublished\":\"2023-10-25T05:25:40+00:00\",\"dateModified\":\"2024-10-09T01:53:54+00:00\",\"description\":\"Comprenez la diff\u00e9rence cl\u00e9 entre WiFi 6 et WiFi 6E. NETGEAR vous guide \u00e0 travers les avantages et les innovations de ces technologies WiFi.\",\"breadcrumb\":{\"@id\":\"https:\\\/\\\/frhub.netgear.com\\\/fr\\\/hub\\\/wifi\\\/routers\\\/difference-entre-wifi-6-et-wifi-6e\\\/#breadcrumb\"},\"inLanguage\":\"en-US\",\"potentialAction\":[{\"@type\":\"ReadAction\",\"target\":[\"https:\\\/\\\/frhub.netgear.com\\\/fr\\\/hub\\\/wifi\\\/routers\\\/difference-entre-wifi-6-et-wifi-6e\\\/\"]}]},{\"@type\":\"ImageObject\",\"inLanguage\":\"en-US\",\"@id\":\"https:\\\/\\\/frhub.netgear.com\\\/fr\\\/hub\\\/wifi\\\/routers\\\/difference-entre-wifi-6-et-wifi-6e\\\/#primaryimage\",\"url\":\"https:\\\/\\\/frhub.netgear.com\\\/fr\\\/hub\\\/wp-content\\\/uploads\\\/2023\\\/10\\\/banner-blog-raxe500_tcm169-133340.jpg\",\"contentUrl\":\"https:\\\/\\\/frhub.netgear.com\\\/fr\\\/hub\\\/wp-content\\\/uploads\\\/2023\\\/10\\\/banner-blog-raxe500_tcm169-133340.jpg\",\"width\":1920,\"height\":450},{\"@type\":\"BreadcrumbList\",\"@id\":\"https:\\\/\\\/frhub.netgear.com\\\/fr\\\/hub\\\/wifi\\\/routers\\\/difference-entre-wifi-6-et-wifi-6e\\\/#breadcrumb\",\"itemListElement\":[{\"@type\":\"ListItem\",\"position\":1,\"name\":\"Home\",\"item\":\"https:\\\/\\\/frhub.netgear.com\\\/fr\\\/hub\\\/\"},{\"@type\":\"ListItem\",\"position\":2,\"name\":\"WiFi Tech Articles Hub\",\"item\":\"https:\\\/\\\/frhub.netgear.com\\\/fr\\\/hub\\\/wifi\\\/\"},{\"@type\":\"ListItem\",\"position\":3,\"name\":\"Article sur les Routeurs WiFi Hub\",\"item\":\"https:\\\/\\\/frhub.netgear.com\\\/fr\\\/hub\\\/wifi\\\/routers\\\/\"},{\"@type\":\"ListItem\",\"position\":4,\"name\":\"Quelle est la diff\u00e9rence entre WiFi 6 et WiFi 6E ?\"}]},{\"@type\":\"WebSite\",\"@id\":\"https:\\\/\\\/frhub.netgear.com\\\/fr\\\/hub\\\/#website\",\"url\":\"https:\\\/\\\/frhub.netgear.com\\\/fr\\\/hub\\\/\",\"name\":\"NETGEAR Hub France\",\"description\":\"Explorez les pages de notre blog et parcourez les articles pour en savoir plus sur les produits et la technologie NETGEAR.\",\"publisher\":{\"@id\":\"https:\\\/\\\/frhub.netgear.com\\\/fr\\\/hub\\\/#organization\"},\"potentialAction\":[{\"@type\":\"SearchAction\",\"target\":{\"@type\":\"EntryPoint\",\"urlTemplate\":\"https:\\\/\\\/frhub.netgear.com\\\/fr\\\/hub\\\/?s={search_term_string}\"},\"query-input\":{\"@type\":\"PropertyValueSpecification\",\"valueRequired\":true,\"valueName\":\"search_term_string\"}}],\"inLanguage\":\"en-US\"},{\"@type\":\"Organization\",\"@id\":\"https:\\\/\\\/frhub.netgear.com\\\/fr\\\/hub\\\/#organization\",\"name\":\"NETGEAR\",\"url\":\"https:\\\/\\\/frhub.netgear.com\\\/fr\\\/hub\\\/\",\"logo\":{\"@type\":\"ImageObject\",\"inLanguage\":\"en-US\",\"@id\":\"https:\\\/\\\/frhub.netgear.com\\\/fr\\\/hub\\\/#\\\/schema\\\/logo\\\/image\\\/\",\"url\":\"https:\\\/\\\/www.netgear.com\\\/fr\\\/hub\\\/wp-content\\\/uploads\\\/2019\\\/07\\\/NETGEAR_logo.jpg\",\"contentUrl\":\"https:\\\/\\\/www.netgear.com\\\/fr\\\/hub\\\/wp-content\\\/uploads\\\/2019\\\/07\\\/NETGEAR_logo.jpg\",\"width\":1500,\"height\":501,\"caption\":\"NETGEAR\"},\"image\":{\"@id\":\"https:\\\/\\\/frhub.netgear.com\\\/fr\\\/hub\\\/#\\\/schema\\\/logo\\\/image\\\/\"},\"sameAs\":[\"https:\\\/\\\/www.facebook.com\\\/NetgearAU\\\/\",\"https:\\\/\\\/x.com\\\/NETGEAR\",\"https:\\\/\\\/www.linkedin.com\\\/company\\\/netgear\"]}]}<\/script>\n<!-- \/ Yoast SEO plugin. -->","yoast_head_json":{"title":"Diff\u00e9rence entre WiFi 6 et WiFi 6E expliqu\u00e9e","description":"Comprenez la diff\u00e9rence cl\u00e9 entre WiFi 6 et WiFi 6E. NETGEAR vous guide \u00e0 travers les avantages et les innovations de ces technologies WiFi.","robots":{"index":"index","follow":"follow","max-snippet":"max-snippet:-1","max-image-preview":"max-image-preview:large","max-video-preview":"max-video-preview:-1"},"canonical":"https:\/\/frhub.netgear.com\/fr\/hub\/wifi\/routers\/difference-entre-wifi-6-et-wifi-6e\/","og_locale":"en_US","og_type":"article","og_title":"Diff\u00e9rence entre WiFi 6 et WiFi 6E expliqu\u00e9e","og_description":"Comprenez la diff\u00e9rence cl\u00e9 entre WiFi 6 et WiFi 6E. NETGEAR vous guide \u00e0 travers les avantages et les innovations de ces technologies WiFi.","og_url":"https:\/\/frhub.netgear.com\/fr\/hub\/wifi\/routers\/difference-entre-wifi-6-et-wifi-6e\/","og_site_name":"NETGEAR Blog","article_publisher":"https:\/\/www.facebook.com\/NetgearAU\/","article_modified_time":"2024-10-09T01:53:54+00:00","og_image":[{"width":1920,"height":450,"url":"https:\/\/frhub.netgear.com\/fr\/hub\/wp-content\/uploads\/2023\/10\/banner-blog-raxe500_tcm169-133340.jpg","type":"image\/jpeg"}],"twitter_card":"summary_large_image","twitter_site":"@NETGEAR","schema":{"@context":"https:\/\/schema.org","@graph":[{"@type":"WebPage","@id":"https:\/\/frhub.netgear.com\/fr\/hub\/wifi\/routers\/difference-entre-wifi-6-et-wifi-6e\/","url":"https:\/\/frhub.netgear.com\/fr\/hub\/wifi\/routers\/difference-entre-wifi-6-et-wifi-6e\/","name":"Diff\u00e9rence entre WiFi 6 et WiFi 6E expliqu\u00e9e","isPartOf":{"@id":"https:\/\/frhub.netgear.com\/fr\/hub\/#website"},"primaryImageOfPage":{"@id":"https:\/\/frhub.netgear.com\/fr\/hub\/wifi\/routers\/difference-entre-wifi-6-et-wifi-6e\/#primaryimage"},"image":{"@id":"https:\/\/frhub.netgear.com\/fr\/hub\/wifi\/routers\/difference-entre-wifi-6-et-wifi-6e\/#primaryimage"},"thumbnailUrl":"https:\/\/frhub.netgear.com\/fr\/hub\/wp-content\/uploads\/2023\/10\/banner-blog-raxe500_tcm169-133340.jpg","datePublished":"2023-10-25T05:25:40+00:00","dateModified":"2024-10-09T01:53:54+00:00","description":"Comprenez la diff\u00e9rence cl\u00e9 entre WiFi 6 et WiFi 6E. NETGEAR vous guide \u00e0 travers les avantages et les innovations de ces technologies WiFi.","breadcrumb":{"@id":"https:\/\/frhub.netgear.com\/fr\/hub\/wifi\/routers\/difference-entre-wifi-6-et-wifi-6e\/#breadcrumb"},"inLanguage":"en-US","potentialAction":[{"@type":"ReadAction","target":["https:\/\/frhub.netgear.com\/fr\/hub\/wifi\/routers\/difference-entre-wifi-6-et-wifi-6e\/"]}]},{"@type":"ImageObject","inLanguage":"en-US","@id":"https:\/\/frhub.netgear.com\/fr\/hub\/wifi\/routers\/difference-entre-wifi-6-et-wifi-6e\/#primaryimage","url":"https:\/\/frhub.netgear.com\/fr\/hub\/wp-content\/uploads\/2023\/10\/banner-blog-raxe500_tcm169-133340.jpg","contentUrl":"https:\/\/frhub.netgear.com\/fr\/hub\/wp-content\/uploads\/2023\/10\/banner-blog-raxe500_tcm169-133340.jpg","width":1920,"height":450},{"@type":"BreadcrumbList","@id":"https:\/\/frhub.netgear.com\/fr\/hub\/wifi\/routers\/difference-entre-wifi-6-et-wifi-6e\/#breadcrumb","itemListElement":[{"@type":"ListItem","position":1,"name":"Home","item":"https:\/\/frhub.netgear.com\/fr\/hub\/"},{"@type":"ListItem","position":2,"name":"WiFi Tech Articles Hub","item":"https:\/\/frhub.netgear.com\/fr\/hub\/wifi\/"},{"@type":"ListItem","position":3,"name":"Article sur les Routeurs WiFi Hub","item":"https:\/\/frhub.netgear.com\/fr\/hub\/wifi\/routers\/"},{"@type":"ListItem","position":4,"name":"Quelle est la diff\u00e9rence entre WiFi 6 et WiFi 6E ?"}]},{"@type":"WebSite","@id":"https:\/\/frhub.netgear.com\/fr\/hub\/#website","url":"https:\/\/frhub.netgear.com\/fr\/hub\/","name":"NETGEAR Hub France","description":"Explorez les pages de notre blog et parcourez les articles pour en savoir plus sur les produits et la technologie NETGEAR.","publisher":{"@id":"https:\/\/frhub.netgear.com\/fr\/hub\/#organization"},"potentialAction":[{"@type":"SearchAction","target":{"@type":"EntryPoint","urlTemplate":"https:\/\/frhub.netgear.com\/fr\/hub\/?s={search_term_string}"},"query-input":{"@type":"PropertyValueSpecification","valueRequired":true,"valueName":"search_term_string"}}],"inLanguage":"en-US"},{"@type":"Organization","@id":"https:\/\/frhub.netgear.com\/fr\/hub\/#organization","name":"NETGEAR","url":"https:\/\/frhub.netgear.com\/fr\/hub\/","logo":{"@type":"ImageObject","inLanguage":"en-US","@id":"https:\/\/frhub.netgear.com\/fr\/hub\/#\/schema\/logo\/image\/","url":"https:\/\/www.netgear.com\/fr\/hub\/wp-content\/uploads\/2019\/07\/NETGEAR_logo.jpg","contentUrl":"https:\/\/www.netgear.com\/fr\/hub\/wp-content\/uploads\/2019\/07\/NETGEAR_logo.jpg","width":1500,"height":501,"caption":"NETGEAR"},"image":{"@id":"https:\/\/frhub.netgear.com\/fr\/hub\/#\/schema\/logo\/image\/"},"sameAs":["https:\/\/www.facebook.com\/NetgearAU\/","https:\/\/x.com\/NETGEAR","https:\/\/www.linkedin.com\/company\/netgear"]}]}},"_links":{"self":[{"href":"https:\/\/frhub.netgear.com\/fr\/hub\/wp-json\/wp\/v2\/pages\/9172","targetHints":{"allow":["GET"]}}],"collection":[{"href":"https:\/\/frhub.netgear.com\/fr\/hub\/wp-json\/wp\/v2\/pages"}],"about":[{"href":"https:\/\/frhub.netgear.com\/fr\/hub\/wp-json\/wp\/v2\/types\/page"}],"author":[{"embeddable":true,"href":"https:\/\/frhub.netgear.com\/fr\/hub\/wp-json\/wp\/v2\/users\/68"}],"replies":[{"embeddable":true,"href":"https:\/\/frhub.netgear.com\/fr\/hub\/wp-json\/wp\/v2\/comments?post=9172"}],"version-history":[{"count":7,"href":"https:\/\/frhub.netgear.com\/fr\/hub\/wp-json\/wp\/v2\/pages\/9172\/revisions"}],"predecessor-version":[{"id":9675,"href":"https:\/\/frhub.netgear.com\/fr\/hub\/wp-json\/wp\/v2\/pages\/9172\/revisions\/9675"}],"up":[{"embeddable":true,"href":"https:\/\/frhub.netgear.com\/fr\/hub\/wp-json\/wp\/v2\/pages\/6752"}],"wp:featuredmedia":[{"embeddable":true,"href":"https:\/\/frhub.netgear.com\/fr\/hub\/wp-json\/wp\/v2\/media\/9173"}],"wp:attachment":[{"href":"https:\/\/frhub.netgear.com\/fr\/hub\/wp-json\/wp\/v2\/media?parent=9172"}],"curies":[{"name":"wp","href":"https:\/\/api.w.org\/{rel}","templated":true}]}}