{"id":9161,"date":"2023-10-25T06:58:59","date_gmt":"2023-10-25T04:58:59","guid":{"rendered":"https:\/\/stg-justingrossbard-netgearuk.kinsta.cloud\/?page_id=9161"},"modified":"2024-10-19T06:58:39","modified_gmt":"2024-10-19T04:58:39","slug":"comment-etendre-wifi-de-votre-domicile","status":"publish","type":"page","link":"https:\/\/frhub.netgear.com\/fr\/hub\/wifi\/routers\/comment-etendre-wifi-de-votre-domicile\/","title":{"rendered":"Comment \u00e9tendre la couverture WiFi de votre domicile"},"content":{"rendered":"<p>Alors que nous poss\u00e9dons tous de plus en plus d&#8217;appareils sans fil connect\u00e9s performants, notre besoin de disposer d&#8217;une couverture WiFi \u00e0 haut d\u00e9bit et stable dans toute la maison est plus n\u00e9cessaire que jamais.<\/p>\n<p>De nombreuses familles utilisent principalement les box de leur fournisseur d&#8217;acc\u00e8s \u00e0 Internet (FAI) comme source WiFi. D&#8217;autres m\u00e9nages s&#8217;\u00e9quipent de routeurs plus puissants, \u00e0 la pointe de la technologie et dot\u00e9s des derni\u00e8res fonctionnalit\u00e9s pour leur r\u00e9seau domestique. Mais bien que ces nouveaux routeurs haut de gamme am\u00e9liorent la vitesse, ils ne sont pas toujours capables d&#8217;assurer une couverture WiFi compl\u00e8te de la maison.<\/p>\n<p>Passons en revue quelques solutions qui permettent une couverture WiFi compl\u00e8te dans des maisons de taille moyenne ou grande.<\/p>\n    <div class=\"table-of-content bg-gray\">\n        <p><strong>IN THIS ARTICLE<\/strong><\/p>\n        <ul>\n                        <li><a href=\"#topic1\">Installez un r\u00e9p\u00e9teur WiFi<\/a><\/li>\n                        <li><a href=\"#topic2\">Installez un routeur WiFi suppl\u00e9mentaire<\/a><\/li>\n                        <li><a href=\"#topic3\">Mieux encore, installez un syst\u00e8me WiFi Mesh<\/a><\/li>\n                    <\/ul>\n    <\/div>\n        <div id=\"topic1\" class=\"skip-item\">\n                        <h2>Installez un r\u00e9p\u00e9teur WiFi<\/h2>\n                <p>L&#8217;un des moyens les plus simples pour am\u00e9liorer la couverture WiFi de votre maison est d&#8217;installer un r\u00e9p\u00e9teur WiFi. Un r\u00e9p\u00e9teur (aussi appel\u00e9 r\u00e9p\u00e9titeur WiFi) augmente la couverture WiFi en se connectant \u00e0 votre routeur WiFi existant et en cr\u00e9ant un r\u00e9seau WiFi s\u00e9par\u00e9 qui a son propre nom et ses propres r\u00e9f\u00e9rences de s\u00e9curit\u00e9.<\/p>\n<p>Si les r\u00e9p\u00e9teurs WiFi fonctionnent relativement bien, leurs limites se font vite ressentir. Comme ils ont leurs propres identifiants de s\u00e9curit\u00e9, vos appareils doivent constamment se connecter au r\u00e9p\u00e9teur puis au routeur lorsque vous vous d\u00e9placez dans votre maison. Aussi, le r\u00e9p\u00e9teur ne peut pas communiquer simultan\u00e9ment avec votre routeur et tous vos appareils. Cela r\u00e9duit donc de moiti\u00e9 la capacit\u00e9 de transmission, car la bande passante disponible est partag\u00e9e entre le r\u00e9p\u00e9teur, le routeur et tous les appareils connect\u00e9s. Les performances globales du WiFi sont donc consid\u00e9rablement r\u00e9duites avec cette solution.<\/p>\n    <\/div>\n        <div id=\"topic2\" class=\"skip-item\">\n                        <h2>Installez un routeur WiFi suppl\u00e9mentaire<\/h2>\n                <p>Certains choisissent \u00e9galement d&#8217;installer un routeur suppl\u00e9mentaire chez eux pour \u00e9tendre la couverture WiFi. Toutefois, cette m\u00e9thode n\u00e9cessite un c\u00e2blage r\u00e9seau \u00e0 tous les points d&#8217;acc\u00e8s appropri\u00e9s de votre domicile, ce qui rend la configuration et la maintenance initiales complexes et co\u00fbteuses. En outre, l&#8217;installation d&#8217;un routeur suppl\u00e9mentaire ne permet pas de contourner les interruptions de connexion, ni les probl\u00e8mes de bande passante, d\u00e9crits dans la m\u00e9thode pr\u00e9c\u00e9dente.<\/p>\n<p><!-- StartAdSpot 970--><br \/>\n<a href=\"https:\/\/www.netgear.com\/fr\/home\/wifi\/mesh\/rbe973sb\/\"><img loading=\"lazy\" decoding=\"async\" class=\"aligncenter size-full wp-image-9768\" src=\"https:\/\/www.netgear.com\/fr\/hub\/wp-content\/uploads\/2024\/07\/Orbi-970-768x95-blog.jpg\" alt=\"\" width=\"749\" height=\"150\" \/><\/a><br \/>\n<!-- EndAdSpot 970--><\/p>\n    <\/div>\n        <div id=\"topic3\" class=\"skip-item\">\n                        <h2>Mieux encore, installez un syst\u00e8me WiFi Mesh<\/h2>\n                <p>Reconnaissant le d\u00e9fi de fournir une couverture WiFi transparente \u00e0 une maison classique, NETGEAR<\/p>\n<p><img loading=\"lazy\" decoding=\"async\" class=\"wp-image-9364 alignright\" src=\"https:\/\/www.netgear.com\/fr\/hub\/wp-content\/uploads\/2024\/02\/Orbi-Blog-image-Desktop-Feature-image1-267x300.jpg\" alt=\"Orbi 970 with background\" width=\"213\" height=\"239\" srcset=\"https:\/\/frhub.netgear.com\/fr\/hub\/wp-content\/uploads\/2024\/02\/Orbi-Blog-image-Desktop-Feature-image1-267x300.jpg 267w, https:\/\/frhub.netgear.com\/fr\/hub\/wp-content\/uploads\/2024\/02\/Orbi-Blog-image-Desktop-Feature-image1.jpg 480w\" sizes=\"auto, (max-width: 213px) 100vw, 213px\" \/>a con\u00e7u une solution qui \u00e9limine les pi\u00e8ges des m\u00e9thodes pr\u00e9c\u00e9dentes. Le r\u00e9sultat est le syst\u00e8me Nighthawk Mesh r\u00e9p\u00e9teur, qui offre une port\u00e9e WiFi transparente et \u00e9largie sans interruption de connexion, probl\u00e8mes de bande passante ou complexit\u00e9 de configuration caract\u00e9ris\u00e9e par l&#8217;installation d&#8217;extensions traditionnelles et de routeurs suppl\u00e9mentaires.<\/p>\n<p>Le syst\u00e8me Nighthawk Mesh r\u00e9p\u00e9teur est unique dans plusieurs domaines cl\u00e9s. Tout d&#8217;abord, il dispose d&#8217;une radio backhaul avec une connexion d\u00e9di\u00e9e \u00e0 votre routeur qui n&#8217;est pas partag\u00e9e par vos p\u00e9riph\u00e9riques connect\u00e9s. Non seulement le routeur et le syst\u00e8me Mesh peuvent communiquer directement entre eux, mais les bandes de 2,4 GHz et 5 GHz sont disponibles pour que les p\u00e9riph\u00e9riques transmettent les donn\u00e9es aux vitesses les plus \u00e9lev\u00e9es possibles. Cette division du travail change la donne en termes d&#8217;extension de la gamme.<\/p>\n<p>Une autre diff\u00e9rence est que le r\u00e9p\u00e9teur Nighthawk Mesh partage le m\u00eame nom de r\u00e9seau et les m\u00eames informations de s\u00e9curit\u00e9 que le routeur existant. Vous pouvez donc vous d\u00e9placer dans votre maison et votre appareil se connecte en toute transparence au signal WiFi le plus puissant, que ce soit par le routeur ou par le Nighthawk Mesh r\u00e9p\u00e9teur.\u202fPuisqu\u2019il n\u2019y a qu\u2019un seul nom de r\u00e9seau avec un seul mot de passe, vous ne serez pas d\u00e9connect\u00e9.\u202fVotre connexion WiFi fonctionne aussi facilement que vous le souhaitez.<\/p>\n<p>&nbsp;<\/p>\n<p>&nbsp;<\/p>\n<p><img loading=\"lazy\" decoding=\"async\" class=\"wp-image-9427 aligncenter\" src=\"https:\/\/www.netgear.com\/fr\/hub\/wp-content\/uploads\/2024\/05\/what-is-mesh-wifi-common_tcm148-1389761.jpg\" alt=\"Mesh Wifi\" width=\"1260\" height=\"279\" \/><\/p>\n    <\/div>\n        <div id=\"topic4\" class=\"skip-item\">\n                            <\/div>\n    \n","protected":false},"excerpt":{"rendered":"<p>Alors que nous poss\u00e9dons tous de plus en plus d&#8217;appareils sans fil connect\u00e9s performants, notre besoin de disposer d&#8217;une couverture WiFi \u00e0 haut d\u00e9bit et stable dans toute la maison est plus n\u00e9cessaire que jamais. De nombreuses familles utilisent principalement les box de leur fournisseur d&#8217;acc\u00e8s \u00e0 Internet (FAI) comme source WiFi. D&#8217;autres m\u00e9nages s&#8217;\u00e9quipent [&hellip;]<\/p>\n","protected":false},"author":68,"featured_media":9162,"parent":6752,"menu_order":5,"comment_status":"closed","ping_status":"closed","template":"templates\/blog-wifi.php","meta":{"_acf_changed":false,"content-type":"","footnotes":""},"class_list":["post-9161","page","type-page","status-publish","has-post-thumbnail","hentry"],"acf":[],"yoast_head":"<!-- This site is optimized with the Yoast SEO plugin v27.4 - https:\/\/yoast.com\/product\/yoast-seo-wordpress\/ -->\n<title>\u00c9tendre la couverture WiFi chez soi avec NETGEAR<\/title>\n<meta name=\"description\" content=\"Am\u00e9liorez la port\u00e9e de votre WiFi \u00e0 la maison. D\u00e9couvrez des astuces efficaces avec les solutions NETGEAR pour une couverture WiFi optimale\" \/>\n<meta name=\"robots\" content=\"index, follow, max-snippet:-1, max-image-preview:large, max-video-preview:-1\" \/>\n<link rel=\"canonical\" href=\"https:\/\/frhub.netgear.com\/fr\/hub\/wifi\/routers\/comment-etendre-wifi-de-votre-domicile\/\" \/>\n<meta property=\"og:locale\" content=\"en_US\" \/>\n<meta property=\"og:type\" content=\"article\" \/>\n<meta property=\"og:title\" content=\"\u00c9tendre la couverture WiFi chez soi avec NETGEAR\" \/>\n<meta property=\"og:description\" content=\"Am\u00e9liorez la port\u00e9e de votre WiFi \u00e0 la maison. D\u00e9couvrez des astuces efficaces avec les solutions NETGEAR pour une couverture WiFi optimale\" \/>\n<meta property=\"og:url\" content=\"https:\/\/frhub.netgear.com\/fr\/hub\/wifi\/routers\/comment-etendre-wifi-de-votre-domicile\/\" \/>\n<meta property=\"og:site_name\" content=\"NETGEAR Blog\" \/>\n<meta property=\"article:publisher\" content=\"https:\/\/www.facebook.com\/NetgearAU\/\" \/>\n<meta property=\"article:modified_time\" content=\"2024-10-19T04:58:39+00:00\" \/>\n<meta property=\"og:image\" content=\"https:\/\/frhub.netgear.com\/fr\/hub\/wp-content\/uploads\/2023\/10\/Old_Blog_2-min_tcm169-136040-1.jpg\" \/>\n\t<meta property=\"og:image:width\" content=\"1920\" \/>\n\t<meta property=\"og:image:height\" content=\"537\" \/>\n\t<meta property=\"og:image:type\" content=\"image\/jpeg\" \/>\n<meta name=\"twitter:card\" content=\"summary_large_image\" \/>\n<meta name=\"twitter:site\" content=\"@NETGEAR\" \/>\n<meta name=\"twitter:label1\" content=\"Est. reading time\" \/>\n\t<meta name=\"twitter:data1\" content=\"1 minute\" \/>\n<script type=\"application\/ld+json\" class=\"yoast-schema-graph\">{\"@context\":\"https:\\\/\\\/schema.org\",\"@graph\":[{\"@type\":\"WebPage\",\"@id\":\"https:\\\/\\\/frhub.netgear.com\\\/fr\\\/hub\\\/wifi\\\/routers\\\/comment-etendre-wifi-de-votre-domicile\\\/\",\"url\":\"https:\\\/\\\/frhub.netgear.com\\\/fr\\\/hub\\\/wifi\\\/routers\\\/comment-etendre-wifi-de-votre-domicile\\\/\",\"name\":\"\u00c9tendre la couverture WiFi chez soi avec NETGEAR\",\"isPartOf\":{\"@id\":\"https:\\\/\\\/frhub.netgear.com\\\/fr\\\/hub\\\/#website\"},\"primaryImageOfPage\":{\"@id\":\"https:\\\/\\\/frhub.netgear.com\\\/fr\\\/hub\\\/wifi\\\/routers\\\/comment-etendre-wifi-de-votre-domicile\\\/#primaryimage\"},\"image\":{\"@id\":\"https:\\\/\\\/frhub.netgear.com\\\/fr\\\/hub\\\/wifi\\\/routers\\\/comment-etendre-wifi-de-votre-domicile\\\/#primaryimage\"},\"thumbnailUrl\":\"https:\\\/\\\/frhub.netgear.com\\\/fr\\\/hub\\\/wp-content\\\/uploads\\\/2023\\\/10\\\/Old_Blog_2-min_tcm169-136040-1.jpg\",\"datePublished\":\"2023-10-25T04:58:59+00:00\",\"dateModified\":\"2024-10-19T04:58:39+00:00\",\"description\":\"Am\u00e9liorez la port\u00e9e de votre WiFi \u00e0 la maison. D\u00e9couvrez des astuces efficaces avec les solutions NETGEAR pour une couverture WiFi optimale\",\"breadcrumb\":{\"@id\":\"https:\\\/\\\/frhub.netgear.com\\\/fr\\\/hub\\\/wifi\\\/routers\\\/comment-etendre-wifi-de-votre-domicile\\\/#breadcrumb\"},\"inLanguage\":\"en-US\",\"potentialAction\":[{\"@type\":\"ReadAction\",\"target\":[\"https:\\\/\\\/frhub.netgear.com\\\/fr\\\/hub\\\/wifi\\\/routers\\\/comment-etendre-wifi-de-votre-domicile\\\/\"]}]},{\"@type\":\"ImageObject\",\"inLanguage\":\"en-US\",\"@id\":\"https:\\\/\\\/frhub.netgear.com\\\/fr\\\/hub\\\/wifi\\\/routers\\\/comment-etendre-wifi-de-votre-domicile\\\/#primaryimage\",\"url\":\"https:\\\/\\\/frhub.netgear.com\\\/fr\\\/hub\\\/wp-content\\\/uploads\\\/2023\\\/10\\\/Old_Blog_2-min_tcm169-136040-1.jpg\",\"contentUrl\":\"https:\\\/\\\/frhub.netgear.com\\\/fr\\\/hub\\\/wp-content\\\/uploads\\\/2023\\\/10\\\/Old_Blog_2-min_tcm169-136040-1.jpg\",\"width\":1920,\"height\":537},{\"@type\":\"BreadcrumbList\",\"@id\":\"https:\\\/\\\/frhub.netgear.com\\\/fr\\\/hub\\\/wifi\\\/routers\\\/comment-etendre-wifi-de-votre-domicile\\\/#breadcrumb\",\"itemListElement\":[{\"@type\":\"ListItem\",\"position\":1,\"name\":\"Home\",\"item\":\"https:\\\/\\\/frhub.netgear.com\\\/fr\\\/hub\\\/\"},{\"@type\":\"ListItem\",\"position\":2,\"name\":\"WiFi Tech Articles Hub\",\"item\":\"https:\\\/\\\/frhub.netgear.com\\\/fr\\\/hub\\\/wifi\\\/\"},{\"@type\":\"ListItem\",\"position\":3,\"name\":\"Article sur les Routeurs WiFi Hub\",\"item\":\"https:\\\/\\\/frhub.netgear.com\\\/fr\\\/hub\\\/wifi\\\/routers\\\/\"},{\"@type\":\"ListItem\",\"position\":4,\"name\":\"Comment \u00e9tendre la couverture WiFi de votre domicile\"}]},{\"@type\":\"WebSite\",\"@id\":\"https:\\\/\\\/frhub.netgear.com\\\/fr\\\/hub\\\/#website\",\"url\":\"https:\\\/\\\/frhub.netgear.com\\\/fr\\\/hub\\\/\",\"name\":\"NETGEAR Hub France\",\"description\":\"Explorez les pages de notre blog et parcourez les articles pour en savoir plus sur les produits et la technologie NETGEAR.\",\"publisher\":{\"@id\":\"https:\\\/\\\/frhub.netgear.com\\\/fr\\\/hub\\\/#organization\"},\"potentialAction\":[{\"@type\":\"SearchAction\",\"target\":{\"@type\":\"EntryPoint\",\"urlTemplate\":\"https:\\\/\\\/frhub.netgear.com\\\/fr\\\/hub\\\/?s={search_term_string}\"},\"query-input\":{\"@type\":\"PropertyValueSpecification\",\"valueRequired\":true,\"valueName\":\"search_term_string\"}}],\"inLanguage\":\"en-US\"},{\"@type\":\"Organization\",\"@id\":\"https:\\\/\\\/frhub.netgear.com\\\/fr\\\/hub\\\/#organization\",\"name\":\"NETGEAR\",\"url\":\"https:\\\/\\\/frhub.netgear.com\\\/fr\\\/hub\\\/\",\"logo\":{\"@type\":\"ImageObject\",\"inLanguage\":\"en-US\",\"@id\":\"https:\\\/\\\/frhub.netgear.com\\\/fr\\\/hub\\\/#\\\/schema\\\/logo\\\/image\\\/\",\"url\":\"https:\\\/\\\/www.netgear.com\\\/fr\\\/hub\\\/wp-content\\\/uploads\\\/2019\\\/07\\\/NETGEAR_logo.jpg\",\"contentUrl\":\"https:\\\/\\\/www.netgear.com\\\/fr\\\/hub\\\/wp-content\\\/uploads\\\/2019\\\/07\\\/NETGEAR_logo.jpg\",\"width\":1500,\"height\":501,\"caption\":\"NETGEAR\"},\"image\":{\"@id\":\"https:\\\/\\\/frhub.netgear.com\\\/fr\\\/hub\\\/#\\\/schema\\\/logo\\\/image\\\/\"},\"sameAs\":[\"https:\\\/\\\/www.facebook.com\\\/NetgearAU\\\/\",\"https:\\\/\\\/x.com\\\/NETGEAR\",\"https:\\\/\\\/www.linkedin.com\\\/company\\\/netgear\"]}]}<\/script>\n<!-- \/ Yoast SEO plugin. -->","yoast_head_json":{"title":"\u00c9tendre la couverture WiFi chez soi avec NETGEAR","description":"Am\u00e9liorez la port\u00e9e de votre WiFi \u00e0 la maison. D\u00e9couvrez des astuces efficaces avec les solutions NETGEAR pour une couverture WiFi optimale","robots":{"index":"index","follow":"follow","max-snippet":"max-snippet:-1","max-image-preview":"max-image-preview:large","max-video-preview":"max-video-preview:-1"},"canonical":"https:\/\/frhub.netgear.com\/fr\/hub\/wifi\/routers\/comment-etendre-wifi-de-votre-domicile\/","og_locale":"en_US","og_type":"article","og_title":"\u00c9tendre la couverture WiFi chez soi avec NETGEAR","og_description":"Am\u00e9liorez la port\u00e9e de votre WiFi \u00e0 la maison. D\u00e9couvrez des astuces efficaces avec les solutions NETGEAR pour une couverture WiFi optimale","og_url":"https:\/\/frhub.netgear.com\/fr\/hub\/wifi\/routers\/comment-etendre-wifi-de-votre-domicile\/","og_site_name":"NETGEAR Blog","article_publisher":"https:\/\/www.facebook.com\/NetgearAU\/","article_modified_time":"2024-10-19T04:58:39+00:00","og_image":[{"width":1920,"height":537,"url":"https:\/\/frhub.netgear.com\/fr\/hub\/wp-content\/uploads\/2023\/10\/Old_Blog_2-min_tcm169-136040-1.jpg","type":"image\/jpeg"}],"twitter_card":"summary_large_image","twitter_site":"@NETGEAR","twitter_misc":{"Est. reading time":"1 minute"},"schema":{"@context":"https:\/\/schema.org","@graph":[{"@type":"WebPage","@id":"https:\/\/frhub.netgear.com\/fr\/hub\/wifi\/routers\/comment-etendre-wifi-de-votre-domicile\/","url":"https:\/\/frhub.netgear.com\/fr\/hub\/wifi\/routers\/comment-etendre-wifi-de-votre-domicile\/","name":"\u00c9tendre la couverture WiFi chez soi avec NETGEAR","isPartOf":{"@id":"https:\/\/frhub.netgear.com\/fr\/hub\/#website"},"primaryImageOfPage":{"@id":"https:\/\/frhub.netgear.com\/fr\/hub\/wifi\/routers\/comment-etendre-wifi-de-votre-domicile\/#primaryimage"},"image":{"@id":"https:\/\/frhub.netgear.com\/fr\/hub\/wifi\/routers\/comment-etendre-wifi-de-votre-domicile\/#primaryimage"},"thumbnailUrl":"https:\/\/frhub.netgear.com\/fr\/hub\/wp-content\/uploads\/2023\/10\/Old_Blog_2-min_tcm169-136040-1.jpg","datePublished":"2023-10-25T04:58:59+00:00","dateModified":"2024-10-19T04:58:39+00:00","description":"Am\u00e9liorez la port\u00e9e de votre WiFi \u00e0 la maison. D\u00e9couvrez des astuces efficaces avec les solutions NETGEAR pour une couverture WiFi optimale","breadcrumb":{"@id":"https:\/\/frhub.netgear.com\/fr\/hub\/wifi\/routers\/comment-etendre-wifi-de-votre-domicile\/#breadcrumb"},"inLanguage":"en-US","potentialAction":[{"@type":"ReadAction","target":["https:\/\/frhub.netgear.com\/fr\/hub\/wifi\/routers\/comment-etendre-wifi-de-votre-domicile\/"]}]},{"@type":"ImageObject","inLanguage":"en-US","@id":"https:\/\/frhub.netgear.com\/fr\/hub\/wifi\/routers\/comment-etendre-wifi-de-votre-domicile\/#primaryimage","url":"https:\/\/frhub.netgear.com\/fr\/hub\/wp-content\/uploads\/2023\/10\/Old_Blog_2-min_tcm169-136040-1.jpg","contentUrl":"https:\/\/frhub.netgear.com\/fr\/hub\/wp-content\/uploads\/2023\/10\/Old_Blog_2-min_tcm169-136040-1.jpg","width":1920,"height":537},{"@type":"BreadcrumbList","@id":"https:\/\/frhub.netgear.com\/fr\/hub\/wifi\/routers\/comment-etendre-wifi-de-votre-domicile\/#breadcrumb","itemListElement":[{"@type":"ListItem","position":1,"name":"Home","item":"https:\/\/frhub.netgear.com\/fr\/hub\/"},{"@type":"ListItem","position":2,"name":"WiFi Tech Articles Hub","item":"https:\/\/frhub.netgear.com\/fr\/hub\/wifi\/"},{"@type":"ListItem","position":3,"name":"Article sur les Routeurs WiFi Hub","item":"https:\/\/frhub.netgear.com\/fr\/hub\/wifi\/routers\/"},{"@type":"ListItem","position":4,"name":"Comment \u00e9tendre la couverture WiFi de votre domicile"}]},{"@type":"WebSite","@id":"https:\/\/frhub.netgear.com\/fr\/hub\/#website","url":"https:\/\/frhub.netgear.com\/fr\/hub\/","name":"NETGEAR Hub France","description":"Explorez les pages de notre blog et parcourez les articles pour en savoir plus sur les produits et la technologie NETGEAR.","publisher":{"@id":"https:\/\/frhub.netgear.com\/fr\/hub\/#organization"},"potentialAction":[{"@type":"SearchAction","target":{"@type":"EntryPoint","urlTemplate":"https:\/\/frhub.netgear.com\/fr\/hub\/?s={search_term_string}"},"query-input":{"@type":"PropertyValueSpecification","valueRequired":true,"valueName":"search_term_string"}}],"inLanguage":"en-US"},{"@type":"Organization","@id":"https:\/\/frhub.netgear.com\/fr\/hub\/#organization","name":"NETGEAR","url":"https:\/\/frhub.netgear.com\/fr\/hub\/","logo":{"@type":"ImageObject","inLanguage":"en-US","@id":"https:\/\/frhub.netgear.com\/fr\/hub\/#\/schema\/logo\/image\/","url":"https:\/\/www.netgear.com\/fr\/hub\/wp-content\/uploads\/2019\/07\/NETGEAR_logo.jpg","contentUrl":"https:\/\/www.netgear.com\/fr\/hub\/wp-content\/uploads\/2019\/07\/NETGEAR_logo.jpg","width":1500,"height":501,"caption":"NETGEAR"},"image":{"@id":"https:\/\/frhub.netgear.com\/fr\/hub\/#\/schema\/logo\/image\/"},"sameAs":["https:\/\/www.facebook.com\/NetgearAU\/","https:\/\/x.com\/NETGEAR","https:\/\/www.linkedin.com\/company\/netgear"]}]}},"_links":{"self":[{"href":"https:\/\/frhub.netgear.com\/fr\/hub\/wp-json\/wp\/v2\/pages\/9161","targetHints":{"allow":["GET"]}}],"collection":[{"href":"https:\/\/frhub.netgear.com\/fr\/hub\/wp-json\/wp\/v2\/pages"}],"about":[{"href":"https:\/\/frhub.netgear.com\/fr\/hub\/wp-json\/wp\/v2\/types\/page"}],"author":[{"embeddable":true,"href":"https:\/\/frhub.netgear.com\/fr\/hub\/wp-json\/wp\/v2\/users\/68"}],"replies":[{"embeddable":true,"href":"https:\/\/frhub.netgear.com\/fr\/hub\/wp-json\/wp\/v2\/comments?post=9161"}],"version-history":[{"count":10,"href":"https:\/\/frhub.netgear.com\/fr\/hub\/wp-json\/wp\/v2\/pages\/9161\/revisions"}],"predecessor-version":[{"id":9700,"href":"https:\/\/frhub.netgear.com\/fr\/hub\/wp-json\/wp\/v2\/pages\/9161\/revisions\/9700"}],"up":[{"embeddable":true,"href":"https:\/\/frhub.netgear.com\/fr\/hub\/wp-json\/wp\/v2\/pages\/6752"}],"wp:featuredmedia":[{"embeddable":true,"href":"https:\/\/frhub.netgear.com\/fr\/hub\/wp-json\/wp\/v2\/media\/9162"}],"wp:attachment":[{"href":"https:\/\/frhub.netgear.com\/fr\/hub\/wp-json\/wp\/v2\/media?parent=9161"}],"curies":[{"name":"wp","href":"https:\/\/api.w.org\/{rel}","templated":true}]}}