{"id":9144,"date":"2023-10-25T02:11:43","date_gmt":"2023-10-25T00:11:43","guid":{"rendered":"https:\/\/stg-justingrossbard-netgearuk.kinsta.cloud\/?page_id=9144"},"modified":"2024-10-09T04:41:06","modified_gmt":"2024-10-09T02:41:06","slug":"les-usages-du-wifi-6e","status":"publish","type":"page","link":"https:\/\/frhub.netgear.com\/fr\/hub\/wifi\/routers\/les-usages-du-wifi-6e\/","title":{"rendered":"Les usages du WiFi 6E"},"content":{"rendered":"    <div class=\"table-of-content bg-gray\">\n        <p><strong>IN THIS ARTICLE<\/strong><\/p>\n        <ul>\n                        <li><a href=\"#topic1\">Qu'est-ce que le WiFi 6E ? <\/a><\/li>\n                        <li><a href=\"#topic2\">Pourquoi le WiFi 6E?<\/a><\/li>\n                        <li><a href=\"#topic3\">Comment puis-je utiliser la nouvelle norme WiFi 6E?<\/a><\/li>\n                        <li><a href=\"#topic4\">L'avenir du WiFi<\/a><\/li>\n                    <\/ul>\n    <\/div>\n        <div id=\"topic1\" class=\"skip-item\">\n                        <h2>Qu'est-ce que le WiFi 6E ? <\/h2>\n                <p class=\"h5\">Le WiFi 6E, annonc\u00e9 en 2020, vient tout juste d\u2019arriver en France*, et il \u00e9tait temps ! Au cours de l&#8217;ann\u00e9e derni\u00e8re, les besoins en Internet \u00e0 domicile ont augment\u00e9 de fa\u00e7on spectaculaire. L&#8217;utilisation accrue du r\u00e9seau domestique pour les appels Zoom, l&#8217;apprentissage \u00e0 distance et bien d&#8217;autres applications encore a entra\u00een\u00e9 une augmentation du trafic de pointe de 38 % en download et de 56 % en upload, par rapport aux niveaux d&#8217;avant la pand\u00e9mie. Etant donn\u00e9 que les besoins de vitesse et le volume d\u2019appareils \u00e0 connecter ne montrent aucun signe de ralentissement, le WiFi 6E apportera un avantage unique aux foyers qui recherchent un meilleur WiFi, plus rapide et plus fiable.<\/p>\n<p>&nbsp;<\/p>\n<p class=\"h5\">La principale diff\u00e9rence entre le WiFi 6E et la norme WiFi 6 est l\u2019ajout de la nouvelle bande de fr\u00e9quence 6GHz, jusqu&#8217;alors indisponible en France. La bande WiFi 6GHz ajoute de la bande passante suppl\u00e9mentaire, ce qui r\u00e9sout les probl\u00e8mes d&#8217;interf\u00e9rences et de congestion sur la bande WiFi 5GHz et permet une vitesse de plusieurs gigabits pour les appareils WiFi 6E connect\u00e9s. Le WiFi 6E ouvre en quelque sorte une toute nouvelle autoroute r\u00e9serv\u00e9e aux appareils les plus rapides et les plus r\u00e9cents. Afin de maximiser le potentiel du WiFi 6E, NETGEAR introduit du mat\u00e9riel et des logiciels pour vous aider \u00e0 en tirer profit.<\/p>\n<p>&nbsp;<\/p>\n<p class=\"h5\">Le Syst\u00e8me Mesh Orbi WiFi 6E Quad-band est le premier Syst\u00e8me \u00e0 exploiter les plus hauts d\u00e9bits qui puissent exister, et cela partout chez vous, sur une superficie allant jusqu&#8217;\u00e0 800 m\u00b2. En ce qui concerne le Routeur Nighthawk RAXE500, il peut desservir jusqu&#8217;\u00e0 60 appareils sur une superficie allant jusqu\u2019\u00e0 230 m\u00b2. La connexion \u00e0 votre r\u00e9seau avec la nouvelle bande 6Ghz apporte une vitesse, une capacit\u00e9 et des possibilit\u00e9s WiFi comme jamais vues chez vous dans votre maison.<\/p>\n<p><img loading=\"lazy\" decoding=\"async\" class=\"wp-image-9146 aligncenter\" src=\"https:\/\/www.netgear.com\/fr\/hub\/wp-content\/uploads\/2023\/10\/RBK963_black_dual_box_mobile_tcm169-130004-300x222.jpg\" alt=\"\" width=\"564\" height=\"417\" srcset=\"https:\/\/frhub.netgear.com\/fr\/hub\/wp-content\/uploads\/2023\/10\/RBK963_black_dual_box_mobile_tcm169-130004-300x222.jpg 300w, https:\/\/frhub.netgear.com\/fr\/hub\/wp-content\/uploads\/2023\/10\/RBK963_black_dual_box_mobile_tcm169-130004-768x569.jpg 768w, https:\/\/frhub.netgear.com\/fr\/hub\/wp-content\/uploads\/2023\/10\/RBK963_black_dual_box_mobile_tcm169-130004-328x242.jpg 328w, https:\/\/frhub.netgear.com\/fr\/hub\/wp-content\/uploads\/2023\/10\/RBK963_black_dual_box_mobile_tcm169-130004.jpg 944w\" sizes=\"auto, (max-width: 564px) 100vw, 564px\" \/><\/p>\n    <\/div>\n        <div id=\"topic2\" class=\"skip-item\">\n                        <h2>Pourquoi le WiFi 6E?<\/h2>\n                <p class=\"h5\">Le WiFi 6E (E pour \u00ab Extended \u00bb, c\u2019est-\u00e0-dire \u00e9tendu) est une \u00e9volution du WiFi 6, et fait suite au WiFi 5, WiFi 4, etc. La nouvelle bande 6GHz est con\u00e7ue pour les appareils compatibles WiFi 6E, ce qui signifie que ces nouveaux appareils peuvent b\u00e9n\u00e9ficier des vitesses et des performances les plus rapides sans interf\u00e9rence avec les appareils existants, qui peuvent ralentir la vitesse du WiFi. Aujourd&#8217;hui, un foyer type compte plus de 20 appareils connect\u00e9s \u00e0 son r\u00e9seau domestique, dont toute une s\u00e9rie d&#8217;objets connect\u00e9s tels que des robots aspirateurs, des lampes, des cam\u00e9ras de s\u00e9curit\u00e9, en plus des PC et des t\u00e9l\u00e9phones portables. Cela repr\u00e9sente beaucoup de trafic sur votre r\u00e9seau et, tout comme un embouteillage sur une autoroute, cela peut causer une grande frustration. Avec le WiFi 6E, les appareils les plus r\u00e9cents peuvent profiter de la nouvelle bande 6GHz, performante et ultrarapide, tout en lib\u00e9rant les bandes 5Ghz et 2.4GHz pour que les appareils plus anciens puissent \u00e9galement b\u00e9n\u00e9ficier de meilleures performances.<\/p>\n<p>&nbsp;<\/p>\n<p class=\"h5\">De nombreux appareils compatibles avec le WiFi 6E sont d\u00e9j\u00e0 disponibles et beaucoup d&#8217;autres sont \u00e0 venir, notamment le Smartphone Samsung S21 Ultra 5G, le t\u00e9l\u00e9viseur Samsung Neo QLED 8K, le Dell LATITUDE 5520, le Lenovo ThinkPad L15 Gen 2 et le module Intel\u00ae Wi-Fi 6E AX210 (Gig+). Il est tr\u00e8s probable que le prochain Smartphone, t\u00e9l\u00e9viseur, tablette ou PC que vous ach\u00e8terez soit compatible avec le WiFi 6E.<\/p>\n    <\/div>\n        <div id=\"topic3\" class=\"skip-item\">\n                        <h2>Comment puis-je utiliser la nouvelle norme WiFi 6E?<\/h2>\n                <p class=\"h5\">Le streaming vid\u00e9o de haute qualit\u00e9 et le WiFi 6E vont de pair. Les canaux suppl\u00e9mentaires de 160 MHz et la bande passante de 6Ghz vous permettront d&#8217;obtenir un streaming 4K et 8K ultra-fluide. Il s&#8217;agit d&#8217;une am\u00e9lioration significative par rapport aux routeurs 5GHz qui pourraient \u00eatre affect\u00e9s par le trafic sur votre r\u00e9seau, mais aussi sur celui de vos voisins. Si tous les habitants de votre quartier ou de votre immeuble essaient de regarder en m\u00eame temps le dernier film en UHD, votre exp\u00e9rience visuelle risque d&#8217;\u00eatre moins bonne que celle d&#8217;une salle de cin\u00e9ma, avec des baisses de qualit\u00e9 en HD ou m\u00eame des mises en m\u00e9moire tampon pendant que le r\u00e9seau essaie de s&#8217;adapter. Avec le WiFi 6E, vous avez plus de chances de pouvoir regarder votre film en streaming avec la meilleure qualit\u00e9 possible sur votre nouveau T\u00e9l\u00e9viseur 8K.<\/p>\n<p>&nbsp;<\/p>\n<p class=\"h5\">Ce n&#8217;est un secret pour personne, le monde a beaucoup chang\u00e9 l&#8217;ann\u00e9e derni\u00e8re. De nombreuses personnes se sont adapt\u00e9es \u00e0 une nouvelle normalit\u00e9 qui inclut le t\u00e9l\u00e9travail et les cours en ligne ainsi que les activit\u00e9s de streaming, des jeux, des t\u00e9l\u00e9chargements, les visioconf\u00e9rences avec les amis et la famille et bien plus encore. Lorsque tout le monde \u00e0 la maison fait tout cela en m\u00eame temps, une r\u00e9union Zoom peut \u00eatre mise en p\u00e9ril si les enfants utilisent \u00e9galement le r\u00e9seau pour des applications gourmandes en bande passante telles que le cloud gaming. Un r\u00e9seau domestique con\u00e7u pour r\u00e9pondre aux exigences de nos activit\u00e9s en ligne actuelles est imp\u00e9ratif.<\/p>\n<p>&nbsp;<\/p>\n<p class=\"h5\">Le nouveau Syst\u00e8me Mesh Orbi WiFi 6E rend la gestion de tous les appareils d&#8217;un r\u00e9seau domestique, nouveaux et anciens, aussi efficace que possible en prenant en charge quatre r\u00e9seaux WiFi distincts. En plus du r\u00e9seau Mesh domestique par d\u00e9faut pour les appareils 2.4, 5 et 6 GHz et d&#8217;un r\u00e9seau invit\u00e9, les utilisateurs ont la possibilit\u00e9 de configurer leurs nouveaux appareils 6E sur un r\u00e9seau WiFi 6E exclusif afin de s&#8217;assurer que ces appareils b\u00e9n\u00e9ficient des meilleures vitesses et performances possibles. Il existe \u00e9galement un r\u00e9seau IoT pour les appareils connect\u00e9s existants, tels que les prises intelligentes, les lampes, etc. Ces r\u00e9seaux distincts permettent une flexibilit\u00e9 de configuration du r\u00e9seau, des performances maximales et la s\u00e9paration des appareils moins s\u00e9curis\u00e9s du r\u00e9seau principal.<\/p>\n<p>&nbsp;<\/p>\n<p class=\"h5\">Au-del\u00e0 des applications habituelles, des dispositifs et des exp\u00e9riences plus performantes se profilent \u00e0 l&#8217;horizon. Pour information, Facebook a r\u00e9cemment lanc\u00e9 Horizon Workrooms, qui permet la vid\u00e9oconf\u00e9rence VR avec son casque Oculus. Bien que les jeux et le streaming vid\u00e9o soient les plus \u00e9vidents lorsqu&#8217;on pense \u00e0 la R\u00e9alit\u00e9 Augment\u00e9e (AR) et \u00e0 la R\u00e9alit\u00e9 Virtuelle (VR), ces technologies sont en train d&#8217;\u00eatre int\u00e9gr\u00e9es dans le monde de l\u2019entreprise, dans l\u2019\u00e9ducation, la m\u00e9decine et dans d&#8217;autres domaines. Alors que le monde continue d&#8217;\u00e9voluer et que de nouvelles technologies \u00e9mergent, le WiFi 6E nous aidera \u00e0 nous pr\u00e9parer \u00e0 ce qui nous attend.<\/p>\n    <\/div>\n        <div id=\"topic4\" class=\"skip-item\">\n                        <h2>L'avenir du WiFi<\/h2>\n                <p class=\"h5\">La bande 5Ghz existe depuis des d\u00e9cennies maintenant, et les voies de circulation ne font que s&#8217;encombrer. \u00c0 mesure que nos vies deviennent de plus en plus connect\u00e9es, cet encombrement va poser de s\u00e9rieux probl\u00e8mes. L&#8217;arriv\u00e9e du WiFi 6E jouera un r\u00f4le \u00e9norme \u00e0 la fois dans un pr\u00e9sent proche et dans l&#8217;avenir de la connectivit\u00e9. Avec le travail hybride qui devient la nouvelle normalit\u00e9 et les personnes qui utilisent davantage le streaming et les jeux, le WiFi 6E sera une option attrayante. Alors que la technologie devient de plus en plus connect\u00e9e avec la croissance rapide du cloud gaming, du streaming 8K et d&#8217;autres nouvelles innovations, le WiFi 6E sera l\u00e0 pour s&#8217;assurer que tout se passe bien. Les solutions NETGEAR, comme le routeur WiFi Nighthawk RAXE500 et le nouvel Orbi RBKE960, peuvent aider \u00e0 apporter aux utilisateurs tous les avantages du WiFi 6E, dans un ensemble facile \u00e0 utiliser et \u00e0 g\u00e9rer. D\u00e9couvrez ce que\u00a0<a href=\"https:\/\/www.netgear.com\/fr\/home\/wifi\/wifi6e\/\">les produits WiFi 6E 6Ghz<\/a>\u00a0peuvent faire pour vous sur\u00a0<a href=\"https:\/\/www.netgear.fr\/\">NETGEAR.fr<\/a>.<\/p>\n<p>&nbsp;<\/p>\n<p>* Publi\u00e9 au Journal Officiel le 1er d\u00e9cembre 2021.<\/p>\n    <\/div>\n    \n","protected":false},"excerpt":{"rendered":"","protected":false},"author":68,"featured_media":9145,"parent":6752,"menu_order":4,"comment_status":"closed","ping_status":"closed","template":"templates\/blog-wifi.php","meta":{"_acf_changed":false,"content-type":"","footnotes":""},"class_list":["post-9144","page","type-page","status-publish","has-post-thumbnail","hentry"],"acf":[],"yoast_head":"<!-- This site is optimized with the Yoast SEO plugin v27.5 - https:\/\/yoast.com\/product\/yoast-seo-wordpress\/ -->\n<title>\u00c9volution du WiFi: De 802.11 \u00e0 WiFi 6E | NETGEAR<\/title>\n<meta name=\"description\" content=\"D\u00e9couvrez l&#039;\u00e9volution du WiFi vers le 6E. Apprenez comment le WiFi 6E offre une connectivit\u00e9 am\u00e9lior\u00e9e et pourquoi changer d&#039;\u00e9quipement avec NETGEAR.\" \/>\n<meta name=\"robots\" content=\"index, follow, max-snippet:-1, max-image-preview:large, max-video-preview:-1\" \/>\n<link rel=\"canonical\" href=\"https:\/\/frhub.netgear.com\/fr\/hub\/wifi\/routers\/les-usages-du-wifi-6e\/\" \/>\n<meta property=\"og:locale\" content=\"en_US\" \/>\n<meta property=\"og:type\" content=\"article\" \/>\n<meta property=\"og:title\" content=\"\u00c9volution du WiFi: De 802.11 \u00e0 WiFi 6E | NETGEAR\" \/>\n<meta property=\"og:description\" content=\"D\u00e9couvrez l&#039;\u00e9volution du WiFi vers le 6E. Apprenez comment le WiFi 6E offre une connectivit\u00e9 am\u00e9lior\u00e9e et pourquoi changer d&#039;\u00e9quipement avec NETGEAR.\" \/>\n<meta property=\"og:url\" content=\"https:\/\/frhub.netgear.com\/fr\/hub\/wifi\/routers\/les-usages-du-wifi-6e\/\" \/>\n<meta property=\"og:site_name\" content=\"NETGEAR Blog\" \/>\n<meta property=\"article:publisher\" content=\"https:\/\/www.facebook.com\/NetgearAU\/\" \/>\n<meta property=\"article:modified_time\" content=\"2024-10-09T02:41:06+00:00\" \/>\n<meta property=\"og:image\" content=\"https:\/\/frhub.netgear.com\/fr\/hub\/wp-content\/uploads\/2023\/10\/Blog1-min_tcm169-135192-1.jpg\" \/>\n\t<meta property=\"og:image:width\" content=\"1920\" \/>\n\t<meta property=\"og:image:height\" content=\"537\" \/>\n\t<meta property=\"og:image:type\" content=\"image\/jpeg\" \/>\n<meta name=\"twitter:card\" content=\"summary_large_image\" \/>\n<meta name=\"twitter:site\" content=\"@NETGEAR\" \/>\n<script type=\"application\/ld+json\" class=\"yoast-schema-graph\">{\"@context\":\"https:\\\/\\\/schema.org\",\"@graph\":[{\"@type\":\"WebPage\",\"@id\":\"https:\\\/\\\/frhub.netgear.com\\\/fr\\\/hub\\\/wifi\\\/routers\\\/les-usages-du-wifi-6e\\\/\",\"url\":\"https:\\\/\\\/frhub.netgear.com\\\/fr\\\/hub\\\/wifi\\\/routers\\\/les-usages-du-wifi-6e\\\/\",\"name\":\"\u00c9volution du WiFi: De 802.11 \u00e0 WiFi 6E | NETGEAR\",\"isPartOf\":{\"@id\":\"https:\\\/\\\/frhub.netgear.com\\\/fr\\\/hub\\\/#website\"},\"primaryImageOfPage\":{\"@id\":\"https:\\\/\\\/frhub.netgear.com\\\/fr\\\/hub\\\/wifi\\\/routers\\\/les-usages-du-wifi-6e\\\/#primaryimage\"},\"image\":{\"@id\":\"https:\\\/\\\/frhub.netgear.com\\\/fr\\\/hub\\\/wifi\\\/routers\\\/les-usages-du-wifi-6e\\\/#primaryimage\"},\"thumbnailUrl\":\"https:\\\/\\\/frhub.netgear.com\\\/fr\\\/hub\\\/wp-content\\\/uploads\\\/2023\\\/10\\\/Blog1-min_tcm169-135192-1.jpg\",\"datePublished\":\"2023-10-25T00:11:43+00:00\",\"dateModified\":\"2024-10-09T02:41:06+00:00\",\"description\":\"D\u00e9couvrez l'\u00e9volution du WiFi vers le 6E. Apprenez comment le WiFi 6E offre une connectivit\u00e9 am\u00e9lior\u00e9e et pourquoi changer d'\u00e9quipement avec NETGEAR.\",\"breadcrumb\":{\"@id\":\"https:\\\/\\\/frhub.netgear.com\\\/fr\\\/hub\\\/wifi\\\/routers\\\/les-usages-du-wifi-6e\\\/#breadcrumb\"},\"inLanguage\":\"en-US\",\"potentialAction\":[{\"@type\":\"ReadAction\",\"target\":[\"https:\\\/\\\/frhub.netgear.com\\\/fr\\\/hub\\\/wifi\\\/routers\\\/les-usages-du-wifi-6e\\\/\"]}]},{\"@type\":\"ImageObject\",\"inLanguage\":\"en-US\",\"@id\":\"https:\\\/\\\/frhub.netgear.com\\\/fr\\\/hub\\\/wifi\\\/routers\\\/les-usages-du-wifi-6e\\\/#primaryimage\",\"url\":\"https:\\\/\\\/frhub.netgear.com\\\/fr\\\/hub\\\/wp-content\\\/uploads\\\/2023\\\/10\\\/Blog1-min_tcm169-135192-1.jpg\",\"contentUrl\":\"https:\\\/\\\/frhub.netgear.com\\\/fr\\\/hub\\\/wp-content\\\/uploads\\\/2023\\\/10\\\/Blog1-min_tcm169-135192-1.jpg\",\"width\":1920,\"height\":537},{\"@type\":\"BreadcrumbList\",\"@id\":\"https:\\\/\\\/frhub.netgear.com\\\/fr\\\/hub\\\/wifi\\\/routers\\\/les-usages-du-wifi-6e\\\/#breadcrumb\",\"itemListElement\":[{\"@type\":\"ListItem\",\"position\":1,\"name\":\"Home\",\"item\":\"https:\\\/\\\/frhub.netgear.com\\\/fr\\\/hub\\\/\"},{\"@type\":\"ListItem\",\"position\":2,\"name\":\"WiFi Tech Articles Hub\",\"item\":\"https:\\\/\\\/frhub.netgear.com\\\/fr\\\/hub\\\/wifi\\\/\"},{\"@type\":\"ListItem\",\"position\":3,\"name\":\"Article sur les Routeurs WiFi Hub\",\"item\":\"https:\\\/\\\/frhub.netgear.com\\\/fr\\\/hub\\\/wifi\\\/routers\\\/\"},{\"@type\":\"ListItem\",\"position\":4,\"name\":\"Les usages du WiFi 6E\"}]},{\"@type\":\"WebSite\",\"@id\":\"https:\\\/\\\/frhub.netgear.com\\\/fr\\\/hub\\\/#website\",\"url\":\"https:\\\/\\\/frhub.netgear.com\\\/fr\\\/hub\\\/\",\"name\":\"NETGEAR Hub France\",\"description\":\"Explorez les pages de notre blog et parcourez les articles pour en savoir plus sur les produits et la technologie NETGEAR.\",\"publisher\":{\"@id\":\"https:\\\/\\\/frhub.netgear.com\\\/fr\\\/hub\\\/#organization\"},\"potentialAction\":[{\"@type\":\"SearchAction\",\"target\":{\"@type\":\"EntryPoint\",\"urlTemplate\":\"https:\\\/\\\/frhub.netgear.com\\\/fr\\\/hub\\\/?s={search_term_string}\"},\"query-input\":{\"@type\":\"PropertyValueSpecification\",\"valueRequired\":true,\"valueName\":\"search_term_string\"}}],\"inLanguage\":\"en-US\"},{\"@type\":\"Organization\",\"@id\":\"https:\\\/\\\/frhub.netgear.com\\\/fr\\\/hub\\\/#organization\",\"name\":\"NETGEAR\",\"url\":\"https:\\\/\\\/frhub.netgear.com\\\/fr\\\/hub\\\/\",\"logo\":{\"@type\":\"ImageObject\",\"inLanguage\":\"en-US\",\"@id\":\"https:\\\/\\\/frhub.netgear.com\\\/fr\\\/hub\\\/#\\\/schema\\\/logo\\\/image\\\/\",\"url\":\"https:\\\/\\\/www.netgear.com\\\/fr\\\/hub\\\/wp-content\\\/uploads\\\/2019\\\/07\\\/NETGEAR_logo.jpg\",\"contentUrl\":\"https:\\\/\\\/www.netgear.com\\\/fr\\\/hub\\\/wp-content\\\/uploads\\\/2019\\\/07\\\/NETGEAR_logo.jpg\",\"width\":1500,\"height\":501,\"caption\":\"NETGEAR\"},\"image\":{\"@id\":\"https:\\\/\\\/frhub.netgear.com\\\/fr\\\/hub\\\/#\\\/schema\\\/logo\\\/image\\\/\"},\"sameAs\":[\"https:\\\/\\\/www.facebook.com\\\/NetgearAU\\\/\",\"https:\\\/\\\/x.com\\\/NETGEAR\",\"https:\\\/\\\/www.linkedin.com\\\/company\\\/netgear\"]}]}<\/script>\n<!-- \/ Yoast SEO plugin. -->","yoast_head_json":{"title":"\u00c9volution du WiFi: De 802.11 \u00e0 WiFi 6E | NETGEAR","description":"D\u00e9couvrez l'\u00e9volution du WiFi vers le 6E. Apprenez comment le WiFi 6E offre une connectivit\u00e9 am\u00e9lior\u00e9e et pourquoi changer d'\u00e9quipement avec NETGEAR.","robots":{"index":"index","follow":"follow","max-snippet":"max-snippet:-1","max-image-preview":"max-image-preview:large","max-video-preview":"max-video-preview:-1"},"canonical":"https:\/\/frhub.netgear.com\/fr\/hub\/wifi\/routers\/les-usages-du-wifi-6e\/","og_locale":"en_US","og_type":"article","og_title":"\u00c9volution du WiFi: De 802.11 \u00e0 WiFi 6E | NETGEAR","og_description":"D\u00e9couvrez l'\u00e9volution du WiFi vers le 6E. Apprenez comment le WiFi 6E offre une connectivit\u00e9 am\u00e9lior\u00e9e et pourquoi changer d'\u00e9quipement avec NETGEAR.","og_url":"https:\/\/frhub.netgear.com\/fr\/hub\/wifi\/routers\/les-usages-du-wifi-6e\/","og_site_name":"NETGEAR Blog","article_publisher":"https:\/\/www.facebook.com\/NetgearAU\/","article_modified_time":"2024-10-09T02:41:06+00:00","og_image":[{"width":1920,"height":537,"url":"https:\/\/frhub.netgear.com\/fr\/hub\/wp-content\/uploads\/2023\/10\/Blog1-min_tcm169-135192-1.jpg","type":"image\/jpeg"}],"twitter_card":"summary_large_image","twitter_site":"@NETGEAR","schema":{"@context":"https:\/\/schema.org","@graph":[{"@type":"WebPage","@id":"https:\/\/frhub.netgear.com\/fr\/hub\/wifi\/routers\/les-usages-du-wifi-6e\/","url":"https:\/\/frhub.netgear.com\/fr\/hub\/wifi\/routers\/les-usages-du-wifi-6e\/","name":"\u00c9volution du WiFi: De 802.11 \u00e0 WiFi 6E | NETGEAR","isPartOf":{"@id":"https:\/\/frhub.netgear.com\/fr\/hub\/#website"},"primaryImageOfPage":{"@id":"https:\/\/frhub.netgear.com\/fr\/hub\/wifi\/routers\/les-usages-du-wifi-6e\/#primaryimage"},"image":{"@id":"https:\/\/frhub.netgear.com\/fr\/hub\/wifi\/routers\/les-usages-du-wifi-6e\/#primaryimage"},"thumbnailUrl":"https:\/\/frhub.netgear.com\/fr\/hub\/wp-content\/uploads\/2023\/10\/Blog1-min_tcm169-135192-1.jpg","datePublished":"2023-10-25T00:11:43+00:00","dateModified":"2024-10-09T02:41:06+00:00","description":"D\u00e9couvrez l'\u00e9volution du WiFi vers le 6E. Apprenez comment le WiFi 6E offre une connectivit\u00e9 am\u00e9lior\u00e9e et pourquoi changer d'\u00e9quipement avec NETGEAR.","breadcrumb":{"@id":"https:\/\/frhub.netgear.com\/fr\/hub\/wifi\/routers\/les-usages-du-wifi-6e\/#breadcrumb"},"inLanguage":"en-US","potentialAction":[{"@type":"ReadAction","target":["https:\/\/frhub.netgear.com\/fr\/hub\/wifi\/routers\/les-usages-du-wifi-6e\/"]}]},{"@type":"ImageObject","inLanguage":"en-US","@id":"https:\/\/frhub.netgear.com\/fr\/hub\/wifi\/routers\/les-usages-du-wifi-6e\/#primaryimage","url":"https:\/\/frhub.netgear.com\/fr\/hub\/wp-content\/uploads\/2023\/10\/Blog1-min_tcm169-135192-1.jpg","contentUrl":"https:\/\/frhub.netgear.com\/fr\/hub\/wp-content\/uploads\/2023\/10\/Blog1-min_tcm169-135192-1.jpg","width":1920,"height":537},{"@type":"BreadcrumbList","@id":"https:\/\/frhub.netgear.com\/fr\/hub\/wifi\/routers\/les-usages-du-wifi-6e\/#breadcrumb","itemListElement":[{"@type":"ListItem","position":1,"name":"Home","item":"https:\/\/frhub.netgear.com\/fr\/hub\/"},{"@type":"ListItem","position":2,"name":"WiFi Tech Articles Hub","item":"https:\/\/frhub.netgear.com\/fr\/hub\/wifi\/"},{"@type":"ListItem","position":3,"name":"Article sur les Routeurs WiFi Hub","item":"https:\/\/frhub.netgear.com\/fr\/hub\/wifi\/routers\/"},{"@type":"ListItem","position":4,"name":"Les usages du WiFi 6E"}]},{"@type":"WebSite","@id":"https:\/\/frhub.netgear.com\/fr\/hub\/#website","url":"https:\/\/frhub.netgear.com\/fr\/hub\/","name":"NETGEAR Hub France","description":"Explorez les pages de notre blog et parcourez les articles pour en savoir plus sur les produits et la technologie NETGEAR.","publisher":{"@id":"https:\/\/frhub.netgear.com\/fr\/hub\/#organization"},"potentialAction":[{"@type":"SearchAction","target":{"@type":"EntryPoint","urlTemplate":"https:\/\/frhub.netgear.com\/fr\/hub\/?s={search_term_string}"},"query-input":{"@type":"PropertyValueSpecification","valueRequired":true,"valueName":"search_term_string"}}],"inLanguage":"en-US"},{"@type":"Organization","@id":"https:\/\/frhub.netgear.com\/fr\/hub\/#organization","name":"NETGEAR","url":"https:\/\/frhub.netgear.com\/fr\/hub\/","logo":{"@type":"ImageObject","inLanguage":"en-US","@id":"https:\/\/frhub.netgear.com\/fr\/hub\/#\/schema\/logo\/image\/","url":"https:\/\/www.netgear.com\/fr\/hub\/wp-content\/uploads\/2019\/07\/NETGEAR_logo.jpg","contentUrl":"https:\/\/www.netgear.com\/fr\/hub\/wp-content\/uploads\/2019\/07\/NETGEAR_logo.jpg","width":1500,"height":501,"caption":"NETGEAR"},"image":{"@id":"https:\/\/frhub.netgear.com\/fr\/hub\/#\/schema\/logo\/image\/"},"sameAs":["https:\/\/www.facebook.com\/NetgearAU\/","https:\/\/x.com\/NETGEAR","https:\/\/www.linkedin.com\/company\/netgear"]}]}},"_links":{"self":[{"href":"https:\/\/frhub.netgear.com\/fr\/hub\/wp-json\/wp\/v2\/pages\/9144","targetHints":{"allow":["GET"]}}],"collection":[{"href":"https:\/\/frhub.netgear.com\/fr\/hub\/wp-json\/wp\/v2\/pages"}],"about":[{"href":"https:\/\/frhub.netgear.com\/fr\/hub\/wp-json\/wp\/v2\/types\/page"}],"author":[{"embeddable":true,"href":"https:\/\/frhub.netgear.com\/fr\/hub\/wp-json\/wp\/v2\/users\/68"}],"replies":[{"embeddable":true,"href":"https:\/\/frhub.netgear.com\/fr\/hub\/wp-json\/wp\/v2\/comments?post=9144"}],"version-history":[{"count":8,"href":"https:\/\/frhub.netgear.com\/fr\/hub\/wp-json\/wp\/v2\/pages\/9144\/revisions"}],"predecessor-version":[{"id":9692,"href":"https:\/\/frhub.netgear.com\/fr\/hub\/wp-json\/wp\/v2\/pages\/9144\/revisions\/9692"}],"up":[{"embeddable":true,"href":"https:\/\/frhub.netgear.com\/fr\/hub\/wp-json\/wp\/v2\/pages\/6752"}],"wp:featuredmedia":[{"embeddable":true,"href":"https:\/\/frhub.netgear.com\/fr\/hub\/wp-json\/wp\/v2\/media\/9145"}],"wp:attachment":[{"href":"https:\/\/frhub.netgear.com\/fr\/hub\/wp-json\/wp\/v2\/media?parent=9144"}],"curies":[{"name":"wp","href":"https:\/\/api.w.org\/{rel}","templated":true}]}}