{"id":9135,"date":"2023-10-25T01:59:35","date_gmt":"2023-10-24T23:59:35","guid":{"rendered":"https:\/\/stg-justingrossbard-netgearuk.kinsta.cloud\/?page_id=9135"},"modified":"2024-12-30T01:01:25","modified_gmt":"2024-12-30T00:01:25","slug":"5-raisons-pour-migrer-vers-un-routeur-wifi-6","status":"publish","type":"page","link":"https:\/\/frhub.netgear.com\/fr\/hub\/wifi\/routers\/5-raisons-pour-migrer-vers-un-routeur-wifi-6\/","title":{"rendered":"5 raisons pour lesquelles vous devriez envisager la migration vers un routeur WiFi 6"},"content":{"rendered":"<p>La mise en m\u00e9moire tampon est trop longue, assurez-vous que votre routeur n&#8217;en est pas la cause ! Profitez de connexions ultra-rapides gr\u00e2ce \u00e0 la technologie WiFi 6. Le WiFi 6 est con\u00e7u pour augmenter les performances de votre r\u00e9seau. Le technologie WiFi 6\u00a0<a href=\"https:\/\/www.netgear.com\/fr\/home\/discover\/wifi6\/\">(<\/a><a href=\"https:\/\/www.netgear.com\/fr\/home\/discover\/wifi6\/\">802,11ax<\/a>) est la derni\u00e8re g\u00e9n\u00e9ration de WiFi. Les routeurs WiFi 6 vous offrent des vitesses WiFi plus rapides et des connexions plus fiables. Profitez d&#8217;une diffusion sans lag et de t\u00e9l\u00e9chargements plus rapides. Ajoutez d&#8217;autres appareils domestiques intelligents sans ralentir les performances globales du r\u00e9seau.<\/p>\n<p>Le WiFi 6 est con\u00e7u pour fournir le WiFi le plus rapide \u00e0 tous vos p\u00e9riph\u00e9riques connect\u00e9s. Choisissez un\u00a0<a href=\"https:\/\/www.netgear.com\/fr\/home\/discover\/wifi6\/\">routeur WiFi 6<\/a>\u00a0pour am\u00e9liorer les performances de votre r\u00e9seau.<\/p>\n<p><strong>Mise \u00e0 jour\u00a0: En 2021, la technologie WiFi 6E est apparue.<\/strong>\u00a0Elle a permis d&#8217;exploiter une nouvelle fr\u00e9quence WiFi 6GHz et de prendre en charge des connexions Internet Gigabit.\u00a0<a href=\"https:\/\/www.netgear.com\/fr\/home\/wifi\/wifi6e\/\">En savoir plus sur WiFi 6E &#8211; WiFi 6 GHz.<\/a><\/p>\n    <div class=\"table-of-content bg-gray\">\n        <p><strong>IN THIS ARTICLE<\/strong><\/p>\n        <ul>\n                        <li><a href=\"#topic1\">Le WiFi 6 offre le niveau de performances le plus \u00e9lev\u00e9 \u00e0 votre r\u00e9seau pour de nombreux appareils<\/a><\/li>\n                        <li><a href=\"#topic2\">Le WiFi 6 offre des vitesses plus rapides et une port\u00e9e accrue<\/a><\/li>\n                        <li><a href=\"#topic3\">Le WiFi 6 est con\u00e7u pour les maisons connect\u00e9es<\/a><\/li>\n                        <li><a href=\"#topic4\">Les routeurs WiFi 6 sont parfaits pour la diffusion de flux 4K\/8K UHD<\/a><\/li>\n                        <li><a href=\"#topic5\">Les clients WiFi 6 sont maintenant disponibles sur le march\u00e9<\/a><\/li>\n                    <\/ul>\n    <\/div>\n        <div id=\"topic1\" class=\"skip-item\">\n                        <h2>Le WiFi 6 offre le niveau de performances le plus \u00e9lev\u00e9 \u00e0 votre r\u00e9seau pour de nombreux appareils<\/h2>\n                <p>La toute derni\u00e8re norme WiFi 6 s&#8217;appuie sur la technologie WiFi 5 (802.11ac) qui offrait d\u00e9j\u00e0 des performances exceptionnelles. Le WiFi 5 apportait d\u00e9j\u00e0 des vitesses Gigabit sur le r\u00e9seau WiFi. N\u00e9anmoins, il lui restait \u00e0 prendre en charge plus d&#8217;appareils car les maisons<\/p>\n<p><img loading=\"lazy\" decoding=\"async\" class=\"size-full wp-image-9139 alignright\" src=\"https:\/\/www.netgear.com\/fr\/hub\/wp-content\/uploads\/2023\/10\/Getty_Smart_Home4.1-300x193_tcm169-135245.jpg\" alt=\"\" width=\"300\" height=\"193\" \/><\/p>\n<p>connect\u00e9es g\u00e8rent de plus en plus de p\u00e9riph\u00e9riques. Le WiFi 6 utilise l&#8217;OFDMA (Orthogonal Frequency Division Multiple Access). Il s&#8217;agit d&#8217;une fonction cl\u00e9 qui augmente l&#8217;efficacit\u00e9 globale du r\u00e9seau. Elle permet de connecter plusieurs p\u00e9riph\u00e9riques ayant besoin d&#8217;une bande passante plus importante.<\/p>\n<p>En savoir plus sur\u00a0<a href=\"https:\/\/blog.netgear.com\/blog\/network-capacity-its-the-new-network-speed\/\">l&#8217;OFDMA<\/a> sur notre blog.<\/p>\n    <\/div>\n        <div id=\"topic2\" class=\"skip-item\">\n                        <h2>Le WiFi 6 offre des vitesses plus rapides et une port\u00e9e accrue<\/h2>\n                <p><img loading=\"lazy\" decoding=\"async\" class=\"size-full wp-image-9138 alignleft\" src=\"https:\/\/www.netgear.com\/fr\/hub\/wp-content\/uploads\/2023\/10\/Getty_Smart_home_5.1jpg-300x200_tcm169-135267.jpg\" alt=\"\" width=\"300\" height=\"200\" \/>En mati\u00e8re de technologie WiFi, chaque fr\u00e9quence (2,4 GHz ou 5 GHz) est porteuse de flux. Les donn\u00e9es transitent sur ces fr\u00e9quences. Les technologies WiFi 5 et WiFi 6 transportent un plus grand nombre de flux permettant d&#8217;atteindre des vitesses WiFi Gigabit. Le WiFi 6 augmente le nombre de flux sur les bandes de 2,4 et 5 GHz par rapport au WiFi 5.<\/p>\n<p>Cette augmentation de flux fournit une vitesse de connexion plus \u00e9lev\u00e9e \u00e0 vos p\u00e9riph\u00e9riques. Ils disposent de plus de chemins pour communiquer avec votre routeur WiFi. Les p\u00e9riph\u00e9riques WiFi 6 b\u00e9n\u00e9ficient d&#8217;une augmentation de 40 % de la vitesse par rapport \u00e0 leurs homologues WiFi 5.<\/p>\n<p>Consultez notre blog :\u00a0<a href=\"https:\/\/www.netgear.com\/fr\/blog\/home\/wifi-streams-matter-heres-why\/\">Pourquoi les flux WiFi sont-ils importants ?<\/a>.<\/p>\n    <\/div>\n        <div id=\"topic3\" class=\"skip-item\">\n                        <h2>Le WiFi 6 est con\u00e7u pour les maisons connect\u00e9es<\/h2>\n                <p>L&#8217;adoption des appareils domotiques et des objets connect\u00e9s est en plein essor. Par cons\u00e9quent, le nombre d&#8217;appareils connect\u00e9s au WiFi au sein des maisons est en pleine croissance. Les ampoules, les serrures de porte ou les volets connect\u00e9s au WiFi sont des charges suppl\u00e9mentaire sur votre r\u00e9seau. Le WiFi 6 a \u00e9t\u00e9 con\u00e7u pour g\u00e9rer l&#8217;augmentation du nombre d&#8217;appareils connect\u00e9s au r\u00e9seau sans affecter les performances. Vous b\u00e9n\u00e9ficiez ainsi d&#8217;une diffusion fluide afin d&#8217;offrir une connectivit\u00e9 ininterrompue pour g\u00e9rer les \u00e9clairages, les thermostats et les autres dispositifs domotiques.<\/p>\n    <\/div>\n        <div id=\"topic4\" class=\"skip-item\">\n                        <h2>Les routeurs WiFi 6 sont parfaits pour la diffusion de flux 4K\/8K UHD<\/h2>\n                <p>La diffusion de vid\u00e9os en 4K ou 8K n\u00e9cessite une connexion WiFI puissante. Dans les foyers comptant plusieurs utilisateur<\/p>\n<p><img loading=\"lazy\" decoding=\"async\" class=\"size-full wp-image-9137 alignright\" src=\"https:\/\/www.netgear.com\/fr\/hub\/wp-content\/uploads\/2023\/10\/Getty_4K_TV-300x200_tcm169-135268.jpg\" alt=\"\" width=\"300\" height=\"200\" \/><\/p>\n<p>&nbsp;<\/p>\n<p>s, la diffusion de vid\u00e9os haute d\u00e9finition impose une charge encore plus importante sur le r\u00e9seau. Gr\u00e2ce \u00e0 la combinaison de processeurs ultra-rapides, d&#8217;une m\u00e9moire accrue et d&#8217;un nombre plus important de flux radio, les routeurs WiFi 6 peuvent diffuser plusieurs vid\u00e9os haute d\u00e9finition sans lag et sans mise en m\u00e9moire tampon.<\/p>\n    <\/div>\n        <div id=\"topic5\" class=\"skip-item\">\n                        <h2>Les clients WiFi 6 sont maintenant disponibles sur le march\u00e9<\/h2>\n                <p>Les p\u00e9riph\u00e9riques WiFi 6 se sont d\u00e9mocratis\u00e9s sur le march\u00e9. Si vous avez achet\u00e9 le dernier smartphone Samsung Galaxy, vous b\u00e9n\u00e9ficierez de vitesses WiFi plus rapides.<\/p>\n<p><img loading=\"lazy\" decoding=\"async\" class=\"alignright\" src=\"https:\/\/www.netgear.com\/zone2\/cid\/fit\/1024x\/https\/www.netgear.com\/fr\/media\/Screen-Shot_tcm169-135269.png\" alt=\"Screen-Shot\" width=\"328\" height=\"201\" data-aspect=\"0\" \/><\/p>\n<p>De nombreux appareils WiFi 6 sont d\u00e9sormais disponibles \u00e0 la vente. Les grandes entreprises reconnaissent l&#8217;importance de cette derni\u00e8re technologie WiFi et d\u00e9veloppent leur portefeuille de produits WiFi 6.<\/p>\n<p>Donnez un coup de jeune \u00e0 votre WiFi. D\u00e9couvrez la meilleure\u00a0<a title=\"noopener noreferer\" href=\"https:\/\/www.netgear.com\/fr\/home\/discover\/wifi6\/\" target=\"_blank\" rel=\"noopener\">gamme de routeurs WiFi 6 NETGEAR Nighthawk<\/a>.<\/p>\n<p>En savoir plus sur\u00a0<a href=\"https:\/\/www.netgear.com\/fr\/home\/wifi\/routers\/nighthawk\/\">les routeurs Nighthawk<\/a>\u00a0WiFi 6 et\u00a0<a href=\"https:\/\/www.netgear.com\/fr\/home\/wifi\/routers\/raxe500\/\">WiFi 6E<\/a><\/p>\n    <\/div>\n    \n","protected":false},"excerpt":{"rendered":"<p>La mise en m\u00e9moire tampon est trop longue, assurez-vous que votre routeur n&#8217;en est pas la cause ! Profitez de connexions ultra-rapides gr\u00e2ce \u00e0 la technologie WiFi 6. Le WiFi 6 est con\u00e7u pour augmenter les performances de votre r\u00e9seau. Le technologie WiFi 6\u00a0(802,11ax) est la derni\u00e8re g\u00e9n\u00e9ration de WiFi. Les routeurs WiFi 6 vous [&hellip;]<\/p>\n","protected":false},"author":68,"featured_media":9136,"parent":6752,"menu_order":3,"comment_status":"closed","ping_status":"closed","template":"templates\/mesh-vs-wifi.php","meta":{"_acf_changed":false,"content-type":"","footnotes":""},"class_list":["post-9135","page","type-page","status-publish","has-post-thumbnail","hentry"],"acf":[],"yoast_head":"<!-- This site is optimized with the Yoast SEO plugin v27.4 - https:\/\/yoast.com\/product\/yoast-seo-wordpress\/ -->\n<title>5 raisons d&#039;adopter un routeur WiFi 6 | NETGEAR Blog<\/title>\n<meta name=\"description\" content=\"D\u00e9couvrez pourquoi il est temps de passer \u00e0 un routeur WiFi 6. Am\u00e9liorez votre connectivit\u00e9 et vivez une exp\u00e9rience en ligne optimale avec NETGEAR.\" \/>\n<meta name=\"robots\" content=\"index, follow, max-snippet:-1, max-image-preview:large, max-video-preview:-1\" \/>\n<link rel=\"canonical\" href=\"https:\/\/frhub.netgear.com\/fr\/hub\/wifi\/routers\/5-raisons-pour-migrer-vers-un-routeur-wifi-6\/\" \/>\n<meta property=\"og:locale\" content=\"en_US\" \/>\n<meta property=\"og:type\" content=\"article\" \/>\n<meta property=\"og:title\" content=\"5 raisons d&#039;adopter un routeur WiFi 6 | NETGEAR Blog\" \/>\n<meta property=\"og:description\" content=\"D\u00e9couvrez pourquoi il est temps de passer \u00e0 un routeur WiFi 6. Am\u00e9liorez votre connectivit\u00e9 et vivez une exp\u00e9rience en ligne optimale avec NETGEAR.\" \/>\n<meta property=\"og:url\" content=\"https:\/\/frhub.netgear.com\/fr\/hub\/wifi\/routers\/5-raisons-pour-migrer-vers-un-routeur-wifi-6\/\" \/>\n<meta property=\"og:site_name\" content=\"NETGEAR Blog\" \/>\n<meta property=\"article:publisher\" content=\"https:\/\/www.facebook.com\/NetgearAU\/\" \/>\n<meta property=\"article:modified_time\" content=\"2024-12-30T00:01:25+00:00\" \/>\n<meta property=\"og:image\" content=\"https:\/\/frhub.netgear.com\/fr\/hub\/wp-content\/uploads\/2023\/10\/header-desktop_tcm148-142257.jpg\" \/>\n\t<meta property=\"og:image:width\" content=\"1920\" \/>\n\t<meta property=\"og:image:height\" content=\"425\" \/>\n\t<meta property=\"og:image:type\" content=\"image\/jpeg\" \/>\n<meta name=\"twitter:card\" content=\"summary_large_image\" \/>\n<meta name=\"twitter:site\" content=\"@NETGEAR\" \/>\n<meta name=\"twitter:label1\" content=\"Est. reading time\" \/>\n\t<meta name=\"twitter:data1\" content=\"1 minute\" \/>\n<script type=\"application\/ld+json\" class=\"yoast-schema-graph\">{\"@context\":\"https:\\\/\\\/schema.org\",\"@graph\":[{\"@type\":\"WebPage\",\"@id\":\"https:\\\/\\\/frhub.netgear.com\\\/fr\\\/hub\\\/wifi\\\/routers\\\/5-raisons-pour-migrer-vers-un-routeur-wifi-6\\\/\",\"url\":\"https:\\\/\\\/frhub.netgear.com\\\/fr\\\/hub\\\/wifi\\\/routers\\\/5-raisons-pour-migrer-vers-un-routeur-wifi-6\\\/\",\"name\":\"5 raisons d'adopter un routeur WiFi 6 | NETGEAR Blog\",\"isPartOf\":{\"@id\":\"https:\\\/\\\/frhub.netgear.com\\\/fr\\\/hub\\\/#website\"},\"primaryImageOfPage\":{\"@id\":\"https:\\\/\\\/frhub.netgear.com\\\/fr\\\/hub\\\/wifi\\\/routers\\\/5-raisons-pour-migrer-vers-un-routeur-wifi-6\\\/#primaryimage\"},\"image\":{\"@id\":\"https:\\\/\\\/frhub.netgear.com\\\/fr\\\/hub\\\/wifi\\\/routers\\\/5-raisons-pour-migrer-vers-un-routeur-wifi-6\\\/#primaryimage\"},\"thumbnailUrl\":\"https:\\\/\\\/frhub.netgear.com\\\/fr\\\/hub\\\/wp-content\\\/uploads\\\/2023\\\/10\\\/header-desktop_tcm148-142257.jpg\",\"datePublished\":\"2023-10-24T23:59:35+00:00\",\"dateModified\":\"2024-12-30T00:01:25+00:00\",\"description\":\"D\u00e9couvrez pourquoi il est temps de passer \u00e0 un routeur WiFi 6. Am\u00e9liorez votre connectivit\u00e9 et vivez une exp\u00e9rience en ligne optimale avec NETGEAR.\",\"breadcrumb\":{\"@id\":\"https:\\\/\\\/frhub.netgear.com\\\/fr\\\/hub\\\/wifi\\\/routers\\\/5-raisons-pour-migrer-vers-un-routeur-wifi-6\\\/#breadcrumb\"},\"inLanguage\":\"en-US\",\"potentialAction\":[{\"@type\":\"ReadAction\",\"target\":[\"https:\\\/\\\/frhub.netgear.com\\\/fr\\\/hub\\\/wifi\\\/routers\\\/5-raisons-pour-migrer-vers-un-routeur-wifi-6\\\/\"]}]},{\"@type\":\"ImageObject\",\"inLanguage\":\"en-US\",\"@id\":\"https:\\\/\\\/frhub.netgear.com\\\/fr\\\/hub\\\/wifi\\\/routers\\\/5-raisons-pour-migrer-vers-un-routeur-wifi-6\\\/#primaryimage\",\"url\":\"https:\\\/\\\/frhub.netgear.com\\\/fr\\\/hub\\\/wp-content\\\/uploads\\\/2023\\\/10\\\/header-desktop_tcm148-142257.jpg\",\"contentUrl\":\"https:\\\/\\\/frhub.netgear.com\\\/fr\\\/hub\\\/wp-content\\\/uploads\\\/2023\\\/10\\\/header-desktop_tcm148-142257.jpg\",\"width\":1920,\"height\":425},{\"@type\":\"BreadcrumbList\",\"@id\":\"https:\\\/\\\/frhub.netgear.com\\\/fr\\\/hub\\\/wifi\\\/routers\\\/5-raisons-pour-migrer-vers-un-routeur-wifi-6\\\/#breadcrumb\",\"itemListElement\":[{\"@type\":\"ListItem\",\"position\":1,\"name\":\"Home\",\"item\":\"https:\\\/\\\/frhub.netgear.com\\\/fr\\\/hub\\\/\"},{\"@type\":\"ListItem\",\"position\":2,\"name\":\"WiFi Tech Articles Hub\",\"item\":\"https:\\\/\\\/frhub.netgear.com\\\/fr\\\/hub\\\/wifi\\\/\"},{\"@type\":\"ListItem\",\"position\":3,\"name\":\"Article sur les Routeurs WiFi Hub\",\"item\":\"https:\\\/\\\/frhub.netgear.com\\\/fr\\\/hub\\\/wifi\\\/routers\\\/\"},{\"@type\":\"ListItem\",\"position\":4,\"name\":\"5 raisons pour lesquelles vous devriez envisager la migration vers un routeur WiFi 6\"}]},{\"@type\":\"WebSite\",\"@id\":\"https:\\\/\\\/frhub.netgear.com\\\/fr\\\/hub\\\/#website\",\"url\":\"https:\\\/\\\/frhub.netgear.com\\\/fr\\\/hub\\\/\",\"name\":\"NETGEAR Hub France\",\"description\":\"Explorez les pages de notre blog et parcourez les articles pour en savoir plus sur les produits et la technologie NETGEAR.\",\"publisher\":{\"@id\":\"https:\\\/\\\/frhub.netgear.com\\\/fr\\\/hub\\\/#organization\"},\"potentialAction\":[{\"@type\":\"SearchAction\",\"target\":{\"@type\":\"EntryPoint\",\"urlTemplate\":\"https:\\\/\\\/frhub.netgear.com\\\/fr\\\/hub\\\/?s={search_term_string}\"},\"query-input\":{\"@type\":\"PropertyValueSpecification\",\"valueRequired\":true,\"valueName\":\"search_term_string\"}}],\"inLanguage\":\"en-US\"},{\"@type\":\"Organization\",\"@id\":\"https:\\\/\\\/frhub.netgear.com\\\/fr\\\/hub\\\/#organization\",\"name\":\"NETGEAR\",\"url\":\"https:\\\/\\\/frhub.netgear.com\\\/fr\\\/hub\\\/\",\"logo\":{\"@type\":\"ImageObject\",\"inLanguage\":\"en-US\",\"@id\":\"https:\\\/\\\/frhub.netgear.com\\\/fr\\\/hub\\\/#\\\/schema\\\/logo\\\/image\\\/\",\"url\":\"https:\\\/\\\/www.netgear.com\\\/fr\\\/hub\\\/wp-content\\\/uploads\\\/2019\\\/07\\\/NETGEAR_logo.jpg\",\"contentUrl\":\"https:\\\/\\\/www.netgear.com\\\/fr\\\/hub\\\/wp-content\\\/uploads\\\/2019\\\/07\\\/NETGEAR_logo.jpg\",\"width\":1500,\"height\":501,\"caption\":\"NETGEAR\"},\"image\":{\"@id\":\"https:\\\/\\\/frhub.netgear.com\\\/fr\\\/hub\\\/#\\\/schema\\\/logo\\\/image\\\/\"},\"sameAs\":[\"https:\\\/\\\/www.facebook.com\\\/NetgearAU\\\/\",\"https:\\\/\\\/x.com\\\/NETGEAR\",\"https:\\\/\\\/www.linkedin.com\\\/company\\\/netgear\"]}]}<\/script>\n<!-- \/ Yoast SEO plugin. -->","yoast_head_json":{"title":"5 raisons d'adopter un routeur WiFi 6 | NETGEAR Blog","description":"D\u00e9couvrez pourquoi il est temps de passer \u00e0 un routeur WiFi 6. Am\u00e9liorez votre connectivit\u00e9 et vivez une exp\u00e9rience en ligne optimale avec NETGEAR.","robots":{"index":"index","follow":"follow","max-snippet":"max-snippet:-1","max-image-preview":"max-image-preview:large","max-video-preview":"max-video-preview:-1"},"canonical":"https:\/\/frhub.netgear.com\/fr\/hub\/wifi\/routers\/5-raisons-pour-migrer-vers-un-routeur-wifi-6\/","og_locale":"en_US","og_type":"article","og_title":"5 raisons d'adopter un routeur WiFi 6 | NETGEAR Blog","og_description":"D\u00e9couvrez pourquoi il est temps de passer \u00e0 un routeur WiFi 6. Am\u00e9liorez votre connectivit\u00e9 et vivez une exp\u00e9rience en ligne optimale avec NETGEAR.","og_url":"https:\/\/frhub.netgear.com\/fr\/hub\/wifi\/routers\/5-raisons-pour-migrer-vers-un-routeur-wifi-6\/","og_site_name":"NETGEAR Blog","article_publisher":"https:\/\/www.facebook.com\/NetgearAU\/","article_modified_time":"2024-12-30T00:01:25+00:00","og_image":[{"width":1920,"height":425,"url":"https:\/\/frhub.netgear.com\/fr\/hub\/wp-content\/uploads\/2023\/10\/header-desktop_tcm148-142257.jpg","type":"image\/jpeg"}],"twitter_card":"summary_large_image","twitter_site":"@NETGEAR","twitter_misc":{"Est. reading time":"1 minute"},"schema":{"@context":"https:\/\/schema.org","@graph":[{"@type":"WebPage","@id":"https:\/\/frhub.netgear.com\/fr\/hub\/wifi\/routers\/5-raisons-pour-migrer-vers-un-routeur-wifi-6\/","url":"https:\/\/frhub.netgear.com\/fr\/hub\/wifi\/routers\/5-raisons-pour-migrer-vers-un-routeur-wifi-6\/","name":"5 raisons d'adopter un routeur WiFi 6 | NETGEAR Blog","isPartOf":{"@id":"https:\/\/frhub.netgear.com\/fr\/hub\/#website"},"primaryImageOfPage":{"@id":"https:\/\/frhub.netgear.com\/fr\/hub\/wifi\/routers\/5-raisons-pour-migrer-vers-un-routeur-wifi-6\/#primaryimage"},"image":{"@id":"https:\/\/frhub.netgear.com\/fr\/hub\/wifi\/routers\/5-raisons-pour-migrer-vers-un-routeur-wifi-6\/#primaryimage"},"thumbnailUrl":"https:\/\/frhub.netgear.com\/fr\/hub\/wp-content\/uploads\/2023\/10\/header-desktop_tcm148-142257.jpg","datePublished":"2023-10-24T23:59:35+00:00","dateModified":"2024-12-30T00:01:25+00:00","description":"D\u00e9couvrez pourquoi il est temps de passer \u00e0 un routeur WiFi 6. Am\u00e9liorez votre connectivit\u00e9 et vivez une exp\u00e9rience en ligne optimale avec NETGEAR.","breadcrumb":{"@id":"https:\/\/frhub.netgear.com\/fr\/hub\/wifi\/routers\/5-raisons-pour-migrer-vers-un-routeur-wifi-6\/#breadcrumb"},"inLanguage":"en-US","potentialAction":[{"@type":"ReadAction","target":["https:\/\/frhub.netgear.com\/fr\/hub\/wifi\/routers\/5-raisons-pour-migrer-vers-un-routeur-wifi-6\/"]}]},{"@type":"ImageObject","inLanguage":"en-US","@id":"https:\/\/frhub.netgear.com\/fr\/hub\/wifi\/routers\/5-raisons-pour-migrer-vers-un-routeur-wifi-6\/#primaryimage","url":"https:\/\/frhub.netgear.com\/fr\/hub\/wp-content\/uploads\/2023\/10\/header-desktop_tcm148-142257.jpg","contentUrl":"https:\/\/frhub.netgear.com\/fr\/hub\/wp-content\/uploads\/2023\/10\/header-desktop_tcm148-142257.jpg","width":1920,"height":425},{"@type":"BreadcrumbList","@id":"https:\/\/frhub.netgear.com\/fr\/hub\/wifi\/routers\/5-raisons-pour-migrer-vers-un-routeur-wifi-6\/#breadcrumb","itemListElement":[{"@type":"ListItem","position":1,"name":"Home","item":"https:\/\/frhub.netgear.com\/fr\/hub\/"},{"@type":"ListItem","position":2,"name":"WiFi Tech Articles Hub","item":"https:\/\/frhub.netgear.com\/fr\/hub\/wifi\/"},{"@type":"ListItem","position":3,"name":"Article sur les Routeurs WiFi Hub","item":"https:\/\/frhub.netgear.com\/fr\/hub\/wifi\/routers\/"},{"@type":"ListItem","position":4,"name":"5 raisons pour lesquelles vous devriez envisager la migration vers un routeur WiFi 6"}]},{"@type":"WebSite","@id":"https:\/\/frhub.netgear.com\/fr\/hub\/#website","url":"https:\/\/frhub.netgear.com\/fr\/hub\/","name":"NETGEAR Hub France","description":"Explorez les pages de notre blog et parcourez les articles pour en savoir plus sur les produits et la technologie NETGEAR.","publisher":{"@id":"https:\/\/frhub.netgear.com\/fr\/hub\/#organization"},"potentialAction":[{"@type":"SearchAction","target":{"@type":"EntryPoint","urlTemplate":"https:\/\/frhub.netgear.com\/fr\/hub\/?s={search_term_string}"},"query-input":{"@type":"PropertyValueSpecification","valueRequired":true,"valueName":"search_term_string"}}],"inLanguage":"en-US"},{"@type":"Organization","@id":"https:\/\/frhub.netgear.com\/fr\/hub\/#organization","name":"NETGEAR","url":"https:\/\/frhub.netgear.com\/fr\/hub\/","logo":{"@type":"ImageObject","inLanguage":"en-US","@id":"https:\/\/frhub.netgear.com\/fr\/hub\/#\/schema\/logo\/image\/","url":"https:\/\/www.netgear.com\/fr\/hub\/wp-content\/uploads\/2019\/07\/NETGEAR_logo.jpg","contentUrl":"https:\/\/www.netgear.com\/fr\/hub\/wp-content\/uploads\/2019\/07\/NETGEAR_logo.jpg","width":1500,"height":501,"caption":"NETGEAR"},"image":{"@id":"https:\/\/frhub.netgear.com\/fr\/hub\/#\/schema\/logo\/image\/"},"sameAs":["https:\/\/www.facebook.com\/NetgearAU\/","https:\/\/x.com\/NETGEAR","https:\/\/www.linkedin.com\/company\/netgear"]}]}},"_links":{"self":[{"href":"https:\/\/frhub.netgear.com\/fr\/hub\/wp-json\/wp\/v2\/pages\/9135","targetHints":{"allow":["GET"]}}],"collection":[{"href":"https:\/\/frhub.netgear.com\/fr\/hub\/wp-json\/wp\/v2\/pages"}],"about":[{"href":"https:\/\/frhub.netgear.com\/fr\/hub\/wp-json\/wp\/v2\/types\/page"}],"author":[{"embeddable":true,"href":"https:\/\/frhub.netgear.com\/fr\/hub\/wp-json\/wp\/v2\/users\/68"}],"replies":[{"embeddable":true,"href":"https:\/\/frhub.netgear.com\/fr\/hub\/wp-json\/wp\/v2\/comments?post=9135"}],"version-history":[{"count":8,"href":"https:\/\/frhub.netgear.com\/fr\/hub\/wp-json\/wp\/v2\/pages\/9135\/revisions"}],"predecessor-version":[{"id":10030,"href":"https:\/\/frhub.netgear.com\/fr\/hub\/wp-json\/wp\/v2\/pages\/9135\/revisions\/10030"}],"up":[{"embeddable":true,"href":"https:\/\/frhub.netgear.com\/fr\/hub\/wp-json\/wp\/v2\/pages\/6752"}],"wp:featuredmedia":[{"embeddable":true,"href":"https:\/\/frhub.netgear.com\/fr\/hub\/wp-json\/wp\/v2\/media\/9136"}],"wp:attachment":[{"href":"https:\/\/frhub.netgear.com\/fr\/hub\/wp-json\/wp\/v2\/media?parent=9135"}],"curies":[{"name":"wp","href":"https:\/\/api.w.org\/{rel}","templated":true}]}}