{"id":6065,"date":"2023-03-11T17:35:50","date_gmt":"2023-03-12T01:35:51","guid":{"rendered":"https:\/\/compareforex.com.au\/?page_id=6065"},"modified":"2025-10-03T17:02:33","modified_gmt":"2025-10-03T15:02:33","slug":"multigig-25g-switches","status":"publish","type":"page","link":"https:\/\/frhub.netgear.com\/fr\/hub\/business\/enterprise-it\/multigig-25g-switches\/","title":{"rendered":"Le Multi-Gigabit, m\u00eame sur les petits formats !"},"content":{"rendered":"<h2>Du multi-Gigabit \u00e0 partir de 5 ports, c&#8217;est possible !<\/h2>\n<p>Le nombre d\u2019appareils, tels que les points d\u2019acc\u00e8s WiFi 6 et les NAS, dot\u00e9s de capacit\u00e9s multi-gigabit et de vitesses \u00e9lev\u00e9es, ne cesse d\u2019augmenter. De plus, l&#8217;utilisation d&#8217;applications modernes, la g\u00e9n\u00e9ralisation du BYOD (Bring Your Own Device) et la consommation croissante de vid\u00e9os exigent une bande passante accrue pour assurer un trafic r\u00e9seau fluide \u2014 une t\u00e2che que la connectivit\u00e9 Gigabit ne peut plus prendre en charge. M\u00eame les plus petites entreprises g\u00e8rent aujourd\u2019hui un volume de donn\u00e9es cons\u00e9quent sur leurs r\u00e9seaux, un volume qui ne fera qu\u2019augmenter \u00e0 mesure de l&#8217;\u00e9volution des applications.<\/p>\n<p>Pour aider les entreprises \u00e0 \u00e9tendre leur r\u00e9seau \u00e0 moindres co\u00fbts tout en b\u00e9n\u00e9ficiant de vitesses multi-gigabit, nous avons lanc\u00e9 deux nouveaux switches non manageables Multi-Gigabit 5 ports : <a href=\"https:\/\/www.netgear.com\/fr\/business\/wired\/switches\/unmanaged\/ms105\/\">le MS105<\/a> et <a href=\"https:\/\/www.netgear.com\/fr\/business\/wired\/switches\/unmanaged\/ms305\/\">le MS305<\/a>.Ces switches Ethernet Multi-Gigabit sont \u00e9quip\u00e9s de 5 ports 2.5G et d\u2019un bo\u00eetier m\u00e9tallique pouvant \u00eatre pos\u00e9 sur un bureau ou fix\u00e9 au mur. Ils sont \u00e9conomes en \u00e9nergie, con\u00e7us pour durer, et test\u00e9s de mani\u00e8re rigoureuse afin de garantir la fiabilit\u00e9 attendue par les entreprises.<\/p>\n<p>Avec ces nouveaut\u00e9s, nous \u00e9toffons notre large gamme de <a href=\"https:\/\/www.netgear.com\/fr\/business\/wired\/switches\/multi-gig\/\">switches multi-gig <\/a> flexibles et \u00e9volutifs, con\u00e7us pour r\u00e9pondre aux besoins de toutes les entreprises, avec des performances et une s\u00e9curit\u00e9 de premier ordre.<\/p>\n<h2>Caract\u00e9ristiques principales des MS105 et MS305<\/h2>\n<ul>\n<li>Fonction Plug-and-Play avec installation simple, sans logiciel ni configuration n\u00e9cessaires<\/li>\n<li>5 ports Ethernet 2.5G Multi-Gigabit pour une productivit\u00e9 plus rapide et fluide<\/li>\n<li>Bo\u00eetier m\u00e9tallique compact et robuste, fonctionnement totalement silencieux<\/li>\n<li>Installation flexible : sur bureau ou murale<\/li>\n<li>Surveillance facile gr\u00e2ce aux LEDs par port indiquant l\u2019activit\u00e9 et la vitesse<\/li>\n<li>Priorisation du trafic 802.1p et prise en charge des trames Jumbo pour une int\u00e9gration fluide dans des r\u00e9seaux plus complexes<\/li>\n<li>Conception \u00e9co\u00e9nerg\u00e9tique, conforme \u00e0 la norme IEEE802.3az<\/li>\n<\/ul>\n<p>De plus, le MS105 est couvert par notre garantie \u00e0 vie limit\u00e9e ProSAFE, avec remplacement le jour ouvr\u00e9 suivant et support par chat \u00e0 vie limit\u00e9. Le MS305, quant \u00e0 lui, b\u00e9n\u00e9ficie d&#8217;une garantie mat\u00e9rielle de 3 ans. Les deux mod\u00e8les incluent 90 jours de support technique 24\/7 gratuit.<\/p>\n<p><strong>Plus d&#8217;informations<\/strong><\/p>\n<p>\n<!--SOLUTIONS NETGEAR ENTERPRISE--><\/p>\n<p>Plus d\u2019informations sur nos solutions Business<\/p>\n<div class=\"hs-cta-embed hs-cta-simple-placeholder hs-cta-embed-241151168190\"\n  style=\"max-width:100%; max-height:100%; width:310px;height:50.395835876464844px\" data-hubspot-wrapper-cta-id=\"241151168190\"><br \/>\n  <a href=\"https:\/\/cta-na2.hubspot.com\/web-interactives\/public\/v1\/track\/redirect?encryptedPayload=AVxigLLJWF%2FR9NCdRJZQ5KVHoS9cmTllDsgnRckWwZDoTJW93FYqIGm7y2jNQ4CGjjeyEntjB1Eh%2FcIvmOqeWKIuNi7jJ95TD1xOsd56OGsqZrwJYn2P4gpbjQJxBuk%2FcElRMomZ2nLAB1rUvsSFPpXbLLR0VoURWUj2oq%2BphOJeMWjoSz5dSBIDsA%3D%3D&#038;webInteractiveContentId=241151168190&#038;portalId=242128791\" target=\"_blank\" rel=\"noopener\" crossorigin=\"anonymous\"><br \/>\n    <img decoding=\"async\" alt=\"SOLUTIONS NETGEAR ENTERPRISE\" loading=\"lazy\" src=\"https:\/\/hubspot-no-cache-na2-prod.s3.amazonaws.com\/cta\/default\/242128791\/interactive-241151168190.png\" style=\"height: 100%; width: 100%; object-fit: fill\"\n      onerror=\"this.style.display='none'\" \/><br \/>\n  <\/a>\n<\/div>\n<\/p>\n<p>\n<!--NETGEAR ACADEMY--><\/p>\n<p>Apprenez tout ce qu\u2019il faut savoir sur les r\u00e9seaux IP gr\u00e2ce \u00e0 notre NETGEAR ACADEMY<\/p>\n<div class=\"hs-cta-embed hs-cta-simple-placeholder hs-cta-embed-241151161035\"\n  style=\"max-width:100%; max-height:100%; width:260px;height:50.390625px\" data-hubspot-wrapper-cta-id=\"241151161035\"><br \/>\n  <a href=\"https:\/\/cta-na2.hubspot.com\/web-interactives\/public\/v1\/track\/redirect?encryptedPayload=AVxigLJIgvHArQm4wTffTTUUJ%2F0ljCSNGcwj4PNLST8c9BdzGxqiACj%2Bz94HHc4mFPGtXF%2B%2F5wBeuQxMwTVaNhNVvj%2FrPoIwPhJXs1HyfD4geQMBkR1VuG%2BfPTfjyzB0ZZPS3Vs1DRegOuJZbqCiCvoqA4M8moDR4zNKVjZxPVGoUNOaIBrbKeHqgAhjG0PM1L1Yi66guE70DwgXJMTC7CAzvVrffriBmA%3D%3D&#038;webInteractiveContentId=241151161035&#038;portalId=242128791\" target=\"_blank\" rel=\"noopener\" crossorigin=\"anonymous\"><br \/>\n    <img decoding=\"async\" alt=\"NETGEAR ACADEMY\" loading=\"lazy\" src=\"https:\/\/hubspot-no-cache-na2-prod.s3.amazonaws.com\/cta\/default\/242128791\/interactive-241151161035.png\" style=\"height: 100%; width: 100%; object-fit: fill\"\n      onerror=\"this.style.display='none'\" \/><br \/>\n  <\/a>\n<\/div>\n<\/p>\n<p><!--CONTACTEZ L'EQUIPE PRO-IT--><\/p>\n<p>Nos ing\u00e9nieurs vous accompagnent gratuitement dans la r\u00e9alisation de vos projets<\/p>\n<div class=\"hs-cta-embed hs-cta-simple-placeholder hs-cta-embed-245601455827\"\n  style=\"max-width:100%; max-height:100%; width:287px;height:50.390625px\" data-hubspot-wrapper-cta-id=\"245601455827\"><br \/>\n  <a href=\"https:\/\/cta-na2.hubspot.com\/web-interactives\/public\/v1\/track\/redirect?encryptedPayload=AVxigLInaPY6CKjdDpPVYzjXnEGvPfbouzJx88Hc1CLeTaYRtnOO25E9XicF7pvzMQdle10f103Z%2F0L%2BbiJE2NwgOQVCpgxtwv3X4ZjoLQkEp5IHfzWjQzeN8Zq44UJQhsPMIst0b69UmgxZlIyrErVjJxyPRNNMsT41p87bUD9JAGKJ2ih7inbvBJTAWKny5YWUD0fN29FFl16U6g1urHYkE5vRzSSaFw%3D%3D&#038;webInteractiveContentId=245601455827&#038;portalId=242128791\" target=\"_blank\" rel=\"noopener\" crossorigin=\"anonymous\"><br \/>\n    <img decoding=\"async\" alt=\"CONTACTEZ L'EQUIPE PRO-IT\" loading=\"lazy\" src=\"https:\/\/hubspot-no-cache-na2-prod.s3.amazonaws.com\/cta\/default\/242128791\/interactive-245601455827.png\" style=\"height: 100%; width: 100%; object-fit: fill\"\n      onerror=\"this.style.display='none'\" \/><br \/>\n  <\/a>\n<\/div>\n<\/p>\n<p><iframe loading=\"lazy\" src=\"https:\/\/405nrr.share-na2.hsforms.com\/24AR2ZDSmQqWycFqf8q5-eg\" width=\"100%\" height=\"1200px\"><\/iframe><\/p>\n","protected":false},"excerpt":{"rendered":"<p>Du multi-Gigabit \u00e0 partir de 5 ports, c&#8217;est possible ! Le nombre d\u2019appareils, tels que les points d\u2019acc\u00e8s WiFi 6 et les NAS, dot\u00e9s de capacit\u00e9s multi-gigabit et de vitesses \u00e9lev\u00e9es, ne cesse d\u2019augmenter. De plus, l&#8217;utilisation d&#8217;applications modernes, la g\u00e9n\u00e9ralisation du BYOD (Bring Your Own Device) et la consommation croissante de vid\u00e9os exigent une [&hellip;]<\/p>\n","protected":false},"author":97,"featured_media":10659,"parent":6714,"menu_order":16,"comment_status":"closed","ping_status":"closed","template":"templates\/tech.php","meta":{"_acf_changed":false,"content-type":"","footnotes":""},"class_list":["post-6065","page","type-page","status-publish","has-post-thumbnail","hentry"],"acf":[],"yoast_head":"<!-- This site is optimized with the Yoast SEO plugin v27.4 - https:\/\/yoast.com\/product\/yoast-seo-wordpress\/ -->\n<title>Nouveaux switches 5 ports 2.5G \u2013 NETGEAR Business<\/title>\n<meta name=\"description\" content=\"Nouveaux switches 5 ports 2.5G \u2013 NETGEAR Business\" \/>\n<meta name=\"robots\" content=\"index, follow, max-snippet:-1, max-image-preview:large, max-video-preview:-1\" \/>\n<link rel=\"canonical\" href=\"https:\/\/frhub.netgear.com\/fr\/hub\/business\/enterprise-it\/multigig-25g-switches\/\" \/>\n<meta property=\"og:locale\" content=\"en_US\" \/>\n<meta property=\"og:type\" content=\"article\" \/>\n<meta property=\"og:title\" content=\"Nouveaux switches 5 ports 2.5G \u2013 NETGEAR Business\" \/>\n<meta property=\"og:description\" content=\"Nouveaux switches 5 ports 2.5G \u2013 NETGEAR Business\" \/>\n<meta property=\"og:url\" content=\"https:\/\/frhub.netgear.com\/fr\/hub\/business\/enterprise-it\/multigig-25g-switches\/\" \/>\n<meta property=\"og:site_name\" content=\"NETGEAR Blog\" \/>\n<meta property=\"article:publisher\" content=\"https:\/\/www.facebook.com\/NetgearAU\/\" \/>\n<meta property=\"article:modified_time\" content=\"2025-10-03T15:02:33+00:00\" \/>\n<meta property=\"og:image\" content=\"https:\/\/frhub.netgear.com\/fr\/hub\/wp-content\/uploads\/2025\/08\/vignette-2.5gb-tech-icon-new-383x288-1.jpg\" \/>\n\t<meta property=\"og:image:width\" content=\"383\" \/>\n\t<meta property=\"og:image:height\" content=\"288\" \/>\n\t<meta property=\"og:image:type\" content=\"image\/jpeg\" \/>\n<meta name=\"twitter:card\" content=\"summary_large_image\" \/>\n<meta name=\"twitter:site\" content=\"@NETGEAR\" \/>\n<meta name=\"twitter:label1\" content=\"Est. reading time\" \/>\n\t<meta name=\"twitter:data1\" content=\"2 minutes\" \/>\n<script type=\"application\/ld+json\" class=\"yoast-schema-graph\">{\"@context\":\"https:\\\/\\\/schema.org\",\"@graph\":[{\"@type\":\"WebPage\",\"@id\":\"https:\\\/\\\/frhub.netgear.com\\\/fr\\\/hub\\\/business\\\/enterprise-it\\\/multigig-25g-switches\\\/\",\"url\":\"https:\\\/\\\/frhub.netgear.com\\\/fr\\\/hub\\\/business\\\/enterprise-it\\\/multigig-25g-switches\\\/\",\"name\":\"Nouveaux switches 5 ports 2.5G \u2013 NETGEAR Business\",\"isPartOf\":{\"@id\":\"https:\\\/\\\/frhub.netgear.com\\\/fr\\\/hub\\\/#website\"},\"primaryImageOfPage\":{\"@id\":\"https:\\\/\\\/frhub.netgear.com\\\/fr\\\/hub\\\/business\\\/enterprise-it\\\/multigig-25g-switches\\\/#primaryimage\"},\"image\":{\"@id\":\"https:\\\/\\\/frhub.netgear.com\\\/fr\\\/hub\\\/business\\\/enterprise-it\\\/multigig-25g-switches\\\/#primaryimage\"},\"thumbnailUrl\":\"https:\\\/\\\/frhub.netgear.com\\\/fr\\\/hub\\\/wp-content\\\/uploads\\\/2025\\\/08\\\/vignette-2.5gb-tech-icon-new-383x288-1.jpg\",\"datePublished\":\"2023-03-12T01:35:51+00:00\",\"dateModified\":\"2025-10-03T15:02:33+00:00\",\"description\":\"Nouveaux switches 5 ports 2.5G \u2013 NETGEAR Business\",\"breadcrumb\":{\"@id\":\"https:\\\/\\\/frhub.netgear.com\\\/fr\\\/hub\\\/business\\\/enterprise-it\\\/multigig-25g-switches\\\/#breadcrumb\"},\"inLanguage\":\"en-US\",\"potentialAction\":[{\"@type\":\"ReadAction\",\"target\":[\"https:\\\/\\\/frhub.netgear.com\\\/fr\\\/hub\\\/business\\\/enterprise-it\\\/multigig-25g-switches\\\/\"]}]},{\"@type\":\"ImageObject\",\"inLanguage\":\"en-US\",\"@id\":\"https:\\\/\\\/frhub.netgear.com\\\/fr\\\/hub\\\/business\\\/enterprise-it\\\/multigig-25g-switches\\\/#primaryimage\",\"url\":\"https:\\\/\\\/frhub.netgear.com\\\/fr\\\/hub\\\/wp-content\\\/uploads\\\/2025\\\/08\\\/vignette-2.5gb-tech-icon-new-383x288-1.jpg\",\"contentUrl\":\"https:\\\/\\\/frhub.netgear.com\\\/fr\\\/hub\\\/wp-content\\\/uploads\\\/2025\\\/08\\\/vignette-2.5gb-tech-icon-new-383x288-1.jpg\",\"width\":383,\"height\":288},{\"@type\":\"BreadcrumbList\",\"@id\":\"https:\\\/\\\/frhub.netgear.com\\\/fr\\\/hub\\\/business\\\/enterprise-it\\\/multigig-25g-switches\\\/#breadcrumb\",\"itemListElement\":[{\"@type\":\"ListItem\",\"position\":1,\"name\":\"Home\",\"item\":\"https:\\\/\\\/frhub.netgear.com\\\/fr\\\/hub\\\/\"},{\"@type\":\"ListItem\",\"position\":2,\"name\":\"Entreprises\",\"item\":\"https:\\\/\\\/frhub.netgear.com\\\/fr\\\/hub\\\/business\\\/\"},{\"@type\":\"ListItem\",\"position\":3,\"name\":\"Business Networking Articles Hub\",\"item\":\"https:\\\/\\\/frhub.netgear.com\\\/fr\\\/hub\\\/business\\\/enterprise-it\\\/\"},{\"@type\":\"ListItem\",\"position\":4,\"name\":\"Le Multi-Gigabit, m\u00eame sur les petits formats !\"}]},{\"@type\":\"WebSite\",\"@id\":\"https:\\\/\\\/frhub.netgear.com\\\/fr\\\/hub\\\/#website\",\"url\":\"https:\\\/\\\/frhub.netgear.com\\\/fr\\\/hub\\\/\",\"name\":\"NETGEAR Hub France\",\"description\":\"Explorez les pages de notre blog et parcourez les articles pour en savoir plus sur les produits et la technologie NETGEAR.\",\"publisher\":{\"@id\":\"https:\\\/\\\/frhub.netgear.com\\\/fr\\\/hub\\\/#organization\"},\"potentialAction\":[{\"@type\":\"SearchAction\",\"target\":{\"@type\":\"EntryPoint\",\"urlTemplate\":\"https:\\\/\\\/frhub.netgear.com\\\/fr\\\/hub\\\/?s={search_term_string}\"},\"query-input\":{\"@type\":\"PropertyValueSpecification\",\"valueRequired\":true,\"valueName\":\"search_term_string\"}}],\"inLanguage\":\"en-US\"},{\"@type\":\"Organization\",\"@id\":\"https:\\\/\\\/frhub.netgear.com\\\/fr\\\/hub\\\/#organization\",\"name\":\"NETGEAR\",\"url\":\"https:\\\/\\\/frhub.netgear.com\\\/fr\\\/hub\\\/\",\"logo\":{\"@type\":\"ImageObject\",\"inLanguage\":\"en-US\",\"@id\":\"https:\\\/\\\/frhub.netgear.com\\\/fr\\\/hub\\\/#\\\/schema\\\/logo\\\/image\\\/\",\"url\":\"https:\\\/\\\/www.netgear.com\\\/fr\\\/hub\\\/wp-content\\\/uploads\\\/2019\\\/07\\\/NETGEAR_logo.jpg\",\"contentUrl\":\"https:\\\/\\\/www.netgear.com\\\/fr\\\/hub\\\/wp-content\\\/uploads\\\/2019\\\/07\\\/NETGEAR_logo.jpg\",\"width\":1500,\"height\":501,\"caption\":\"NETGEAR\"},\"image\":{\"@id\":\"https:\\\/\\\/frhub.netgear.com\\\/fr\\\/hub\\\/#\\\/schema\\\/logo\\\/image\\\/\"},\"sameAs\":[\"https:\\\/\\\/www.facebook.com\\\/NetgearAU\\\/\",\"https:\\\/\\\/x.com\\\/NETGEAR\",\"https:\\\/\\\/www.linkedin.com\\\/company\\\/netgear\"]}]}<\/script>\n<!-- \/ Yoast SEO plugin. -->","yoast_head_json":{"title":"Nouveaux switches 5 ports 2.5G \u2013 NETGEAR Business","description":"Nouveaux switches 5 ports 2.5G \u2013 NETGEAR Business","robots":{"index":"index","follow":"follow","max-snippet":"max-snippet:-1","max-image-preview":"max-image-preview:large","max-video-preview":"max-video-preview:-1"},"canonical":"https:\/\/frhub.netgear.com\/fr\/hub\/business\/enterprise-it\/multigig-25g-switches\/","og_locale":"en_US","og_type":"article","og_title":"Nouveaux switches 5 ports 2.5G \u2013 NETGEAR Business","og_description":"Nouveaux switches 5 ports 2.5G \u2013 NETGEAR Business","og_url":"https:\/\/frhub.netgear.com\/fr\/hub\/business\/enterprise-it\/multigig-25g-switches\/","og_site_name":"NETGEAR Blog","article_publisher":"https:\/\/www.facebook.com\/NetgearAU\/","article_modified_time":"2025-10-03T15:02:33+00:00","og_image":[{"width":383,"height":288,"url":"https:\/\/frhub.netgear.com\/fr\/hub\/wp-content\/uploads\/2025\/08\/vignette-2.5gb-tech-icon-new-383x288-1.jpg","type":"image\/jpeg"}],"twitter_card":"summary_large_image","twitter_site":"@NETGEAR","twitter_misc":{"Est. reading time":"2 minutes"},"schema":{"@context":"https:\/\/schema.org","@graph":[{"@type":"WebPage","@id":"https:\/\/frhub.netgear.com\/fr\/hub\/business\/enterprise-it\/multigig-25g-switches\/","url":"https:\/\/frhub.netgear.com\/fr\/hub\/business\/enterprise-it\/multigig-25g-switches\/","name":"Nouveaux switches 5 ports 2.5G \u2013 NETGEAR Business","isPartOf":{"@id":"https:\/\/frhub.netgear.com\/fr\/hub\/#website"},"primaryImageOfPage":{"@id":"https:\/\/frhub.netgear.com\/fr\/hub\/business\/enterprise-it\/multigig-25g-switches\/#primaryimage"},"image":{"@id":"https:\/\/frhub.netgear.com\/fr\/hub\/business\/enterprise-it\/multigig-25g-switches\/#primaryimage"},"thumbnailUrl":"https:\/\/frhub.netgear.com\/fr\/hub\/wp-content\/uploads\/2025\/08\/vignette-2.5gb-tech-icon-new-383x288-1.jpg","datePublished":"2023-03-12T01:35:51+00:00","dateModified":"2025-10-03T15:02:33+00:00","description":"Nouveaux switches 5 ports 2.5G \u2013 NETGEAR Business","breadcrumb":{"@id":"https:\/\/frhub.netgear.com\/fr\/hub\/business\/enterprise-it\/multigig-25g-switches\/#breadcrumb"},"inLanguage":"en-US","potentialAction":[{"@type":"ReadAction","target":["https:\/\/frhub.netgear.com\/fr\/hub\/business\/enterprise-it\/multigig-25g-switches\/"]}]},{"@type":"ImageObject","inLanguage":"en-US","@id":"https:\/\/frhub.netgear.com\/fr\/hub\/business\/enterprise-it\/multigig-25g-switches\/#primaryimage","url":"https:\/\/frhub.netgear.com\/fr\/hub\/wp-content\/uploads\/2025\/08\/vignette-2.5gb-tech-icon-new-383x288-1.jpg","contentUrl":"https:\/\/frhub.netgear.com\/fr\/hub\/wp-content\/uploads\/2025\/08\/vignette-2.5gb-tech-icon-new-383x288-1.jpg","width":383,"height":288},{"@type":"BreadcrumbList","@id":"https:\/\/frhub.netgear.com\/fr\/hub\/business\/enterprise-it\/multigig-25g-switches\/#breadcrumb","itemListElement":[{"@type":"ListItem","position":1,"name":"Home","item":"https:\/\/frhub.netgear.com\/fr\/hub\/"},{"@type":"ListItem","position":2,"name":"Entreprises","item":"https:\/\/frhub.netgear.com\/fr\/hub\/business\/"},{"@type":"ListItem","position":3,"name":"Business Networking Articles Hub","item":"https:\/\/frhub.netgear.com\/fr\/hub\/business\/enterprise-it\/"},{"@type":"ListItem","position":4,"name":"Le Multi-Gigabit, m\u00eame sur les petits formats !"}]},{"@type":"WebSite","@id":"https:\/\/frhub.netgear.com\/fr\/hub\/#website","url":"https:\/\/frhub.netgear.com\/fr\/hub\/","name":"NETGEAR Hub France","description":"Explorez les pages de notre blog et parcourez les articles pour en savoir plus sur les produits et la technologie NETGEAR.","publisher":{"@id":"https:\/\/frhub.netgear.com\/fr\/hub\/#organization"},"potentialAction":[{"@type":"SearchAction","target":{"@type":"EntryPoint","urlTemplate":"https:\/\/frhub.netgear.com\/fr\/hub\/?s={search_term_string}"},"query-input":{"@type":"PropertyValueSpecification","valueRequired":true,"valueName":"search_term_string"}}],"inLanguage":"en-US"},{"@type":"Organization","@id":"https:\/\/frhub.netgear.com\/fr\/hub\/#organization","name":"NETGEAR","url":"https:\/\/frhub.netgear.com\/fr\/hub\/","logo":{"@type":"ImageObject","inLanguage":"en-US","@id":"https:\/\/frhub.netgear.com\/fr\/hub\/#\/schema\/logo\/image\/","url":"https:\/\/www.netgear.com\/fr\/hub\/wp-content\/uploads\/2019\/07\/NETGEAR_logo.jpg","contentUrl":"https:\/\/www.netgear.com\/fr\/hub\/wp-content\/uploads\/2019\/07\/NETGEAR_logo.jpg","width":1500,"height":501,"caption":"NETGEAR"},"image":{"@id":"https:\/\/frhub.netgear.com\/fr\/hub\/#\/schema\/logo\/image\/"},"sameAs":["https:\/\/www.facebook.com\/NetgearAU\/","https:\/\/x.com\/NETGEAR","https:\/\/www.linkedin.com\/company\/netgear"]}]}},"_links":{"self":[{"href":"https:\/\/frhub.netgear.com\/fr\/hub\/wp-json\/wp\/v2\/pages\/6065","targetHints":{"allow":["GET"]}}],"collection":[{"href":"https:\/\/frhub.netgear.com\/fr\/hub\/wp-json\/wp\/v2\/pages"}],"about":[{"href":"https:\/\/frhub.netgear.com\/fr\/hub\/wp-json\/wp\/v2\/types\/page"}],"author":[{"embeddable":true,"href":"https:\/\/frhub.netgear.com\/fr\/hub\/wp-json\/wp\/v2\/users\/97"}],"replies":[{"embeddable":true,"href":"https:\/\/frhub.netgear.com\/fr\/hub\/wp-json\/wp\/v2\/comments?post=6065"}],"version-history":[{"count":13,"href":"https:\/\/frhub.netgear.com\/fr\/hub\/wp-json\/wp\/v2\/pages\/6065\/revisions"}],"predecessor-version":[{"id":11093,"href":"https:\/\/frhub.netgear.com\/fr\/hub\/wp-json\/wp\/v2\/pages\/6065\/revisions\/11093"}],"up":[{"embeddable":true,"href":"https:\/\/frhub.netgear.com\/fr\/hub\/wp-json\/wp\/v2\/pages\/6714"}],"wp:featuredmedia":[{"embeddable":true,"href":"https:\/\/frhub.netgear.com\/fr\/hub\/wp-json\/wp\/v2\/media\/10659"}],"wp:attachment":[{"href":"https:\/\/frhub.netgear.com\/fr\/hub\/wp-json\/wp\/v2\/media?parent=6065"}],"curies":[{"name":"wp","href":"https:\/\/api.w.org\/{rel}","templated":true}]}}