{"id":11815,"date":"2026-01-30T16:06:29","date_gmt":"2026-01-30T15:06:29","guid":{"rendered":"https:\/\/frhub.netgear.com\/fr\/hub\/?page_id=11815"},"modified":"2026-01-30T16:41:59","modified_gmt":"2026-01-30T15:41:59","slug":"formation-certifiante-av-sur-ip-paris-mercredi-25-fevrier-2026","status":"publish","type":"page","link":"https:\/\/frhub.netgear.com\/fr\/hub\/business\/av\/formation-certifiante-av-sur-ip-paris-mercredi-25-fevrier-2026\/","title":{"rendered":"Formation certifiante AV sur IP &#8211; Paris &#8211; Mercredi 25 F\u00e9vrier 2026"},"content":{"rendered":"<p><img loading=\"lazy\" decoding=\"async\" class=\"alignone size-full wp-image-10681\" style=\"border-radius: 1em;\" src=\"https:\/\/frhub.netgear.com\/fr\/hub\/wp-content\/uploads\/2026\/01\/LP_Header_AV_Cert_Niveau1.jpg\" alt=\"\" width=\"1048\" height=\"511\" \/><\/p>\n<p><script src=\"https:\/\/js-na2.hsforms.net\/forms\/embed\/242128791.js\" defer><\/script><\/p>\n<div class=\"hs-form-frame\" data-region=\"na2\" data-form-id=\"9e4445ac-fca5-434d-bf35-80ba0294fb3d\" data-portal-id=\"242128791\"><\/div>\n","protected":false},"excerpt":{"rendered":"","protected":false},"author":97,"featured_media":11817,"parent":6754,"menu_order":0,"comment_status":"closed","ping_status":"closed","template":"templates\/blog-wifi.php","meta":{"_acf_changed":false,"content-type":"","footnotes":""},"class_list":["post-11815","page","type-page","status-publish","has-post-thumbnail","hentry"],"acf":[],"yoast_head":"<!-- This site is optimized with the Yoast SEO plugin v27.4 - https:\/\/yoast.com\/product\/yoast-seo-wordpress\/ -->\n<title>Formation certifiante AV sur IP - Paris - Mercredi 25 F\u00e9vrier 2026 - NETGEAR Blog<\/title>\n<meta name=\"description\" content=\"Formation AV sur IP certifiante Mercredi 25 F\u00e9vrier \u00e0 Paris. Notre \u00e9quipe d&#039;experts AV vous accompagne, avec th\u00e9orie et mise en pratique.\" \/>\n<meta name=\"robots\" content=\"index, follow, max-snippet:-1, max-image-preview:large, max-video-preview:-1\" \/>\n<link rel=\"canonical\" href=\"https:\/\/frhub.netgear.com\/fr\/hub\/business\/av\/formation-certifiante-av-sur-ip-paris-mercredi-25-fevrier-2026\/\" \/>\n<meta property=\"og:locale\" content=\"en_US\" \/>\n<meta property=\"og:type\" content=\"article\" \/>\n<meta property=\"og:title\" content=\"Formation certifiante AV sur IP - Paris - Mercredi 25 F\u00e9vrier 2026 - NETGEAR Blog\" \/>\n<meta property=\"og:description\" content=\"Formation AV sur IP certifiante Mercredi 25 F\u00e9vrier \u00e0 Paris. Notre \u00e9quipe d&#039;experts AV vous accompagne, avec th\u00e9orie et mise en pratique.\" \/>\n<meta property=\"og:url\" content=\"https:\/\/frhub.netgear.com\/fr\/hub\/business\/av\/formation-certifiante-av-sur-ip-paris-mercredi-25-fevrier-2026\/\" \/>\n<meta property=\"og:site_name\" content=\"NETGEAR Blog\" \/>\n<meta property=\"article:publisher\" content=\"https:\/\/www.facebook.com\/NetgearAU\/\" \/>\n<meta property=\"article:modified_time\" content=\"2026-01-30T15:41:59+00:00\" \/>\n<meta property=\"og:image\" content=\"https:\/\/frhub.netgear.com\/fr\/hub\/wp-content\/uploads\/2026\/01\/LP_Header_AV_Cert_Niveau1.jpg\" \/>\n\t<meta property=\"og:image:width\" content=\"1200\" \/>\n\t<meta property=\"og:image:height\" content=\"627\" \/>\n\t<meta property=\"og:image:type\" content=\"image\/jpeg\" \/>\n<meta name=\"twitter:card\" content=\"summary_large_image\" \/>\n<meta name=\"twitter:site\" content=\"@NETGEAR\" \/>\n<script type=\"application\/ld+json\" class=\"yoast-schema-graph\">{\"@context\":\"https:\\\/\\\/schema.org\",\"@graph\":[{\"@type\":\"WebPage\",\"@id\":\"https:\\\/\\\/frhub.netgear.com\\\/fr\\\/hub\\\/business\\\/av\\\/formation-certifiante-av-sur-ip-paris-mercredi-25-fevrier-2026\\\/\",\"url\":\"https:\\\/\\\/frhub.netgear.com\\\/fr\\\/hub\\\/business\\\/av\\\/formation-certifiante-av-sur-ip-paris-mercredi-25-fevrier-2026\\\/\",\"name\":\"Formation certifiante AV sur IP - Paris - Mercredi 25 F\u00e9vrier 2026 - NETGEAR Blog\",\"isPartOf\":{\"@id\":\"https:\\\/\\\/frhub.netgear.com\\\/fr\\\/hub\\\/#website\"},\"primaryImageOfPage\":{\"@id\":\"https:\\\/\\\/frhub.netgear.com\\\/fr\\\/hub\\\/business\\\/av\\\/formation-certifiante-av-sur-ip-paris-mercredi-25-fevrier-2026\\\/#primaryimage\"},\"image\":{\"@id\":\"https:\\\/\\\/frhub.netgear.com\\\/fr\\\/hub\\\/business\\\/av\\\/formation-certifiante-av-sur-ip-paris-mercredi-25-fevrier-2026\\\/#primaryimage\"},\"thumbnailUrl\":\"https:\\\/\\\/frhub.netgear.com\\\/fr\\\/hub\\\/wp-content\\\/uploads\\\/2026\\\/01\\\/LP_Header_AV_Cert_Niveau1.jpg\",\"datePublished\":\"2026-01-30T15:06:29+00:00\",\"dateModified\":\"2026-01-30T15:41:59+00:00\",\"description\":\"Formation AV sur IP certifiante Mercredi 25 F\u00e9vrier \u00e0 Paris. Notre \u00e9quipe d'experts AV vous accompagne, avec th\u00e9orie et mise en pratique.\",\"breadcrumb\":{\"@id\":\"https:\\\/\\\/frhub.netgear.com\\\/fr\\\/hub\\\/business\\\/av\\\/formation-certifiante-av-sur-ip-paris-mercredi-25-fevrier-2026\\\/#breadcrumb\"},\"inLanguage\":\"en-US\",\"potentialAction\":[{\"@type\":\"ReadAction\",\"target\":[\"https:\\\/\\\/frhub.netgear.com\\\/fr\\\/hub\\\/business\\\/av\\\/formation-certifiante-av-sur-ip-paris-mercredi-25-fevrier-2026\\\/\"]}]},{\"@type\":\"ImageObject\",\"inLanguage\":\"en-US\",\"@id\":\"https:\\\/\\\/frhub.netgear.com\\\/fr\\\/hub\\\/business\\\/av\\\/formation-certifiante-av-sur-ip-paris-mercredi-25-fevrier-2026\\\/#primaryimage\",\"url\":\"https:\\\/\\\/frhub.netgear.com\\\/fr\\\/hub\\\/wp-content\\\/uploads\\\/2026\\\/01\\\/LP_Header_AV_Cert_Niveau1.jpg\",\"contentUrl\":\"https:\\\/\\\/frhub.netgear.com\\\/fr\\\/hub\\\/wp-content\\\/uploads\\\/2026\\\/01\\\/LP_Header_AV_Cert_Niveau1.jpg\",\"width\":1200,\"height\":627,\"caption\":\"Inscription formation certifiante AV sur IP L1 - Paris - 25\\\/02\"},{\"@type\":\"BreadcrumbList\",\"@id\":\"https:\\\/\\\/frhub.netgear.com\\\/fr\\\/hub\\\/business\\\/av\\\/formation-certifiante-av-sur-ip-paris-mercredi-25-fevrier-2026\\\/#breadcrumb\",\"itemListElement\":[{\"@type\":\"ListItem\",\"position\":1,\"name\":\"Home\",\"item\":\"https:\\\/\\\/frhub.netgear.com\\\/fr\\\/hub\\\/\"},{\"@type\":\"ListItem\",\"position\":2,\"name\":\"Entreprises\",\"item\":\"https:\\\/\\\/frhub.netgear.com\\\/fr\\\/hub\\\/business\\\/\"},{\"@type\":\"ListItem\",\"position\":3,\"name\":\"Entreprise AV\",\"item\":\"https:\\\/\\\/frhub.netgear.com\\\/fr\\\/hub\\\/business\\\/av\\\/\"},{\"@type\":\"ListItem\",\"position\":4,\"name\":\"Formation certifiante AV sur IP &#8211; Paris &#8211; Mercredi 25 F\u00e9vrier 2026\"}]},{\"@type\":\"WebSite\",\"@id\":\"https:\\\/\\\/frhub.netgear.com\\\/fr\\\/hub\\\/#website\",\"url\":\"https:\\\/\\\/frhub.netgear.com\\\/fr\\\/hub\\\/\",\"name\":\"NETGEAR Hub France\",\"description\":\"Explorez les pages de notre blog et parcourez les articles pour en savoir plus sur les produits et la technologie NETGEAR.\",\"publisher\":{\"@id\":\"https:\\\/\\\/frhub.netgear.com\\\/fr\\\/hub\\\/#organization\"},\"potentialAction\":[{\"@type\":\"SearchAction\",\"target\":{\"@type\":\"EntryPoint\",\"urlTemplate\":\"https:\\\/\\\/frhub.netgear.com\\\/fr\\\/hub\\\/?s={search_term_string}\"},\"query-input\":{\"@type\":\"PropertyValueSpecification\",\"valueRequired\":true,\"valueName\":\"search_term_string\"}}],\"inLanguage\":\"en-US\"},{\"@type\":\"Organization\",\"@id\":\"https:\\\/\\\/frhub.netgear.com\\\/fr\\\/hub\\\/#organization\",\"name\":\"NETGEAR\",\"url\":\"https:\\\/\\\/frhub.netgear.com\\\/fr\\\/hub\\\/\",\"logo\":{\"@type\":\"ImageObject\",\"inLanguage\":\"en-US\",\"@id\":\"https:\\\/\\\/frhub.netgear.com\\\/fr\\\/hub\\\/#\\\/schema\\\/logo\\\/image\\\/\",\"url\":\"https:\\\/\\\/www.netgear.com\\\/fr\\\/hub\\\/wp-content\\\/uploads\\\/2019\\\/07\\\/NETGEAR_logo.jpg\",\"contentUrl\":\"https:\\\/\\\/www.netgear.com\\\/fr\\\/hub\\\/wp-content\\\/uploads\\\/2019\\\/07\\\/NETGEAR_logo.jpg\",\"width\":1500,\"height\":501,\"caption\":\"NETGEAR\"},\"image\":{\"@id\":\"https:\\\/\\\/frhub.netgear.com\\\/fr\\\/hub\\\/#\\\/schema\\\/logo\\\/image\\\/\"},\"sameAs\":[\"https:\\\/\\\/www.facebook.com\\\/NetgearAU\\\/\",\"https:\\\/\\\/x.com\\\/NETGEAR\",\"https:\\\/\\\/www.linkedin.com\\\/company\\\/netgear\"]}]}<\/script>\n<!-- \/ Yoast SEO plugin. -->","yoast_head_json":{"title":"Formation certifiante AV sur IP - Paris - Mercredi 25 F\u00e9vrier 2026 - NETGEAR Blog","description":"Formation AV sur IP certifiante Mercredi 25 F\u00e9vrier \u00e0 Paris. Notre \u00e9quipe d'experts AV vous accompagne, avec th\u00e9orie et mise en pratique.","robots":{"index":"index","follow":"follow","max-snippet":"max-snippet:-1","max-image-preview":"max-image-preview:large","max-video-preview":"max-video-preview:-1"},"canonical":"https:\/\/frhub.netgear.com\/fr\/hub\/business\/av\/formation-certifiante-av-sur-ip-paris-mercredi-25-fevrier-2026\/","og_locale":"en_US","og_type":"article","og_title":"Formation certifiante AV sur IP - Paris - Mercredi 25 F\u00e9vrier 2026 - NETGEAR Blog","og_description":"Formation AV sur IP certifiante Mercredi 25 F\u00e9vrier \u00e0 Paris. Notre \u00e9quipe d'experts AV vous accompagne, avec th\u00e9orie et mise en pratique.","og_url":"https:\/\/frhub.netgear.com\/fr\/hub\/business\/av\/formation-certifiante-av-sur-ip-paris-mercredi-25-fevrier-2026\/","og_site_name":"NETGEAR Blog","article_publisher":"https:\/\/www.facebook.com\/NetgearAU\/","article_modified_time":"2026-01-30T15:41:59+00:00","og_image":[{"width":1200,"height":627,"url":"https:\/\/frhub.netgear.com\/fr\/hub\/wp-content\/uploads\/2026\/01\/LP_Header_AV_Cert_Niveau1.jpg","type":"image\/jpeg"}],"twitter_card":"summary_large_image","twitter_site":"@NETGEAR","schema":{"@context":"https:\/\/schema.org","@graph":[{"@type":"WebPage","@id":"https:\/\/frhub.netgear.com\/fr\/hub\/business\/av\/formation-certifiante-av-sur-ip-paris-mercredi-25-fevrier-2026\/","url":"https:\/\/frhub.netgear.com\/fr\/hub\/business\/av\/formation-certifiante-av-sur-ip-paris-mercredi-25-fevrier-2026\/","name":"Formation certifiante AV sur IP - Paris - Mercredi 25 F\u00e9vrier 2026 - NETGEAR Blog","isPartOf":{"@id":"https:\/\/frhub.netgear.com\/fr\/hub\/#website"},"primaryImageOfPage":{"@id":"https:\/\/frhub.netgear.com\/fr\/hub\/business\/av\/formation-certifiante-av-sur-ip-paris-mercredi-25-fevrier-2026\/#primaryimage"},"image":{"@id":"https:\/\/frhub.netgear.com\/fr\/hub\/business\/av\/formation-certifiante-av-sur-ip-paris-mercredi-25-fevrier-2026\/#primaryimage"},"thumbnailUrl":"https:\/\/frhub.netgear.com\/fr\/hub\/wp-content\/uploads\/2026\/01\/LP_Header_AV_Cert_Niveau1.jpg","datePublished":"2026-01-30T15:06:29+00:00","dateModified":"2026-01-30T15:41:59+00:00","description":"Formation AV sur IP certifiante Mercredi 25 F\u00e9vrier \u00e0 Paris. Notre \u00e9quipe d'experts AV vous accompagne, avec th\u00e9orie et mise en pratique.","breadcrumb":{"@id":"https:\/\/frhub.netgear.com\/fr\/hub\/business\/av\/formation-certifiante-av-sur-ip-paris-mercredi-25-fevrier-2026\/#breadcrumb"},"inLanguage":"en-US","potentialAction":[{"@type":"ReadAction","target":["https:\/\/frhub.netgear.com\/fr\/hub\/business\/av\/formation-certifiante-av-sur-ip-paris-mercredi-25-fevrier-2026\/"]}]},{"@type":"ImageObject","inLanguage":"en-US","@id":"https:\/\/frhub.netgear.com\/fr\/hub\/business\/av\/formation-certifiante-av-sur-ip-paris-mercredi-25-fevrier-2026\/#primaryimage","url":"https:\/\/frhub.netgear.com\/fr\/hub\/wp-content\/uploads\/2026\/01\/LP_Header_AV_Cert_Niveau1.jpg","contentUrl":"https:\/\/frhub.netgear.com\/fr\/hub\/wp-content\/uploads\/2026\/01\/LP_Header_AV_Cert_Niveau1.jpg","width":1200,"height":627,"caption":"Inscription formation certifiante AV sur IP L1 - Paris - 25\/02"},{"@type":"BreadcrumbList","@id":"https:\/\/frhub.netgear.com\/fr\/hub\/business\/av\/formation-certifiante-av-sur-ip-paris-mercredi-25-fevrier-2026\/#breadcrumb","itemListElement":[{"@type":"ListItem","position":1,"name":"Home","item":"https:\/\/frhub.netgear.com\/fr\/hub\/"},{"@type":"ListItem","position":2,"name":"Entreprises","item":"https:\/\/frhub.netgear.com\/fr\/hub\/business\/"},{"@type":"ListItem","position":3,"name":"Entreprise AV","item":"https:\/\/frhub.netgear.com\/fr\/hub\/business\/av\/"},{"@type":"ListItem","position":4,"name":"Formation certifiante AV sur IP &#8211; Paris &#8211; Mercredi 25 F\u00e9vrier 2026"}]},{"@type":"WebSite","@id":"https:\/\/frhub.netgear.com\/fr\/hub\/#website","url":"https:\/\/frhub.netgear.com\/fr\/hub\/","name":"NETGEAR Hub France","description":"Explorez les pages de notre blog et parcourez les articles pour en savoir plus sur les produits et la technologie NETGEAR.","publisher":{"@id":"https:\/\/frhub.netgear.com\/fr\/hub\/#organization"},"potentialAction":[{"@type":"SearchAction","target":{"@type":"EntryPoint","urlTemplate":"https:\/\/frhub.netgear.com\/fr\/hub\/?s={search_term_string}"},"query-input":{"@type":"PropertyValueSpecification","valueRequired":true,"valueName":"search_term_string"}}],"inLanguage":"en-US"},{"@type":"Organization","@id":"https:\/\/frhub.netgear.com\/fr\/hub\/#organization","name":"NETGEAR","url":"https:\/\/frhub.netgear.com\/fr\/hub\/","logo":{"@type":"ImageObject","inLanguage":"en-US","@id":"https:\/\/frhub.netgear.com\/fr\/hub\/#\/schema\/logo\/image\/","url":"https:\/\/www.netgear.com\/fr\/hub\/wp-content\/uploads\/2019\/07\/NETGEAR_logo.jpg","contentUrl":"https:\/\/www.netgear.com\/fr\/hub\/wp-content\/uploads\/2019\/07\/NETGEAR_logo.jpg","width":1500,"height":501,"caption":"NETGEAR"},"image":{"@id":"https:\/\/frhub.netgear.com\/fr\/hub\/#\/schema\/logo\/image\/"},"sameAs":["https:\/\/www.facebook.com\/NetgearAU\/","https:\/\/x.com\/NETGEAR","https:\/\/www.linkedin.com\/company\/netgear"]}]}},"_links":{"self":[{"href":"https:\/\/frhub.netgear.com\/fr\/hub\/wp-json\/wp\/v2\/pages\/11815","targetHints":{"allow":["GET"]}}],"collection":[{"href":"https:\/\/frhub.netgear.com\/fr\/hub\/wp-json\/wp\/v2\/pages"}],"about":[{"href":"https:\/\/frhub.netgear.com\/fr\/hub\/wp-json\/wp\/v2\/types\/page"}],"author":[{"embeddable":true,"href":"https:\/\/frhub.netgear.com\/fr\/hub\/wp-json\/wp\/v2\/users\/97"}],"replies":[{"embeddable":true,"href":"https:\/\/frhub.netgear.com\/fr\/hub\/wp-json\/wp\/v2\/comments?post=11815"}],"version-history":[{"count":9,"href":"https:\/\/frhub.netgear.com\/fr\/hub\/wp-json\/wp\/v2\/pages\/11815\/revisions"}],"predecessor-version":[{"id":11827,"href":"https:\/\/frhub.netgear.com\/fr\/hub\/wp-json\/wp\/v2\/pages\/11815\/revisions\/11827"}],"up":[{"embeddable":true,"href":"https:\/\/frhub.netgear.com\/fr\/hub\/wp-json\/wp\/v2\/pages\/6754"}],"wp:featuredmedia":[{"embeddable":true,"href":"https:\/\/frhub.netgear.com\/fr\/hub\/wp-json\/wp\/v2\/media\/11817"}],"wp:attachment":[{"href":"https:\/\/frhub.netgear.com\/fr\/hub\/wp-json\/wp\/v2\/media?parent=11815"}],"curies":[{"name":"wp","href":"https:\/\/api.w.org\/{rel}","templated":true}]}}