{"id":11809,"date":"2025-12-23T11:56:50","date_gmt":"2026-01-05T10:56:26","guid":{"rendered":"https:\/\/frhub.netgear.com\/fr\/hub\/?page_id=11809"},"modified":"2026-01-05T11:57:03","modified_gmt":"2026-01-05T10:57:03","slug":"netgear-av-closes-2025-with-unprecedented-recognition-and-strategic-momentum","status":"publish","type":"page","link":"https:\/\/frhub.netgear.com\/fr\/hub\/business\/av\/netgear-av-closes-2025-with-unprecedented-recognition-and-strategic-momentum\/","title":{"rendered":"NETGEAR AV cl\u00f4ture 2025 avec une reconnaissance sans pr\u00e9c\u00e9dent et un \u00e9lan strat\u00e9gique majeur"},"content":{"rendered":"<p><img loading=\"lazy\" decoding=\"async\" class=\"alignone size-full wp-image-10681\" style=\"border-radius: 1em;\" src=\"https:\/\/www.netgear.com\/hub\/wp-content\/uploads\/2025\/12\/Award-Pic-e1766155741385.jpg\" alt=\"\" width=\"1048\" height=\"511\" \/><\/p>\n    <div class=\"table-of-content bg-gray\">\n        <p><strong>IN THIS ARTICLE<\/strong><\/p>\n        <ul>\n                        <li><a href=\"#topic1\">Une reconnaissance mondiale sur plusieurs continents<\/a><\/li>\n                        <li><a href=\"#topic2\">Une innovation qui parle d\u2019elle-m\u00eame<\/a><\/li>\n                        <li><a href=\"#topic3\">Des technologies prim\u00e9es qui font sensation<\/a><\/li>\n                        <li><a href=\"#topic4\">Investir dans le savoir-faire de l\u2019industrie<\/a><\/li>\n                        <li><a href=\"#topic5\">Plus d'informations<\/a><\/li>\n                    <\/ul>\n    <\/div>\n        <div id=\"topic1\" class=\"skip-item\">\n                        <h2>Une reconnaissance mondiale sur plusieurs continents<\/h2>\n                <p>L\u2019influence de NETGEAR AV n\u2019a cess\u00e9 de s\u2019\u00e9tendre \u00e0 l\u2019\u00e9chelle mondiale, avec une reconnaissance prestigieuse sur trois continents. Nous avons eu l\u2019honneur de recevoir le prix de <strong data-start=\"235\" data-end=\"263\">Manufacturer of the Year<\/strong> d\u00e9cern\u00e9 par InAVate APAC, marquant une \u00e9tape majeure dans le renforcement de notre pr\u00e9sence dans la r\u00e9gion Asie-Pacifique. Cette distinction refl\u00e8te la confiance que les int\u00e9grateurs, consultants et utilisateurs finaux de march\u00e9s tr\u00e8s vari\u00e9s accordent \u00e0 l\u2019engagement de NETGEAR \u00e0 fournir des solutions de mise en r\u00e9seau AV fiables et accessibles.<\/p>\n    <\/div>\n        <div id=\"topic2\" class=\"skip-item\">\n                        <h2>Une innovation qui parle d\u2019elle-m\u00eame<\/h2>\n                <p>Lors de l\u2019IBC2025 \u00e0 Amsterdam, NETGEAR AV a d\u00e9montr\u00e9 toute l\u2019importance de l\u2019innovation. Nos commutateurs r\u00e9seau <strong data-start=\"772\" data-end=\"781\">M4350<\/strong> ont remport\u00e9 le prestigieux <strong data-start=\"810\" data-end=\"842\">TVBEurope Best of Show Award<\/strong>, mettant en avant leurs performances exceptionnelles dans les environnements de diffusion (broadcast). Cette reconnaissance a soulign\u00e9 ce qui rend ces commutateurs v\u00e9ritablement transformateurs : l\u2019identification des ports par LED multicolores offrant une confirmation visuelle instantan\u00e9e de l\u2019\u00e9tat du r\u00e9seau, des capacit\u00e9s de synchronisation de pr\u00e9cision int\u00e9gr\u00e9es \u00e9liminant le besoin d\u2019infrastructures de timing broadcast s\u00e9par\u00e9es, ainsi que la prise en charge des protocoles les plus exigeants, notamment <strong data-start=\"1352\" data-end=\"1369\">SMPTE ST 2110<\/strong>.<\/p>\n    <\/div>\n        <div id=\"topic3\" class=\"skip-item\">\n                        <h2>Des technologies prim\u00e9es qui font sensation<\/h2>\n                <p data-start=\"1426\" data-end=\"1523\">La reconnaissance de l\u2019industrie s\u2019est poursuivie \u00e0 travers plusieurs programmes de r\u00e9compenses :<\/p>\n<ul data-start=\"1525\" data-end=\"2502\">\n<li data-start=\"1525\" data-end=\"2058\">\n<p data-start=\"1527\" data-end=\"1659\"><strong data-start=\"1527\" data-end=\"1568\">Systems &amp; Video Contractor News (SVC)<\/strong> a distingu\u00e9 NETGEAR avec une double victoire lors des <strong data-start=\"1623\" data-end=\"1657\">Innovative Product Awards 2025<\/strong> :<\/p>\n<ul data-start=\"1662\" data-end=\"2058\">\n<li data-start=\"1662\" data-end=\"1835\">\n<p data-start=\"1664\" data-end=\"1835\">Les <strong data-start=\"1668\" data-end=\"1697\">commutateurs r\u00e9seau M4350<\/strong> dans la cat\u00e9gorie <strong data-start=\"1716\" data-end=\"1730\">AV Over IP<\/strong>, saluant leur conception d\u00e9di\u00e9e qui allie exigences de l\u2019AV professionnel et simplicit\u00e9 de d\u00e9ploiement<\/p>\n<\/li>\n<li data-start=\"1838\" data-end=\"2058\">\n<p data-start=\"1840\" data-end=\"2058\"><strong data-start=\"1840\" data-end=\"1865\">Engage Controller 2.0<\/strong> dans la cat\u00e9gorie <strong data-start=\"1884\" data-end=\"1912\">Applications \/ Logiciels<\/strong>, r\u00e9compensant sa plateforme de gestion unifi\u00e9e qui pilote commutateurs, routeurs et points d\u2019acc\u00e8s WiFi 7 gr\u00e2ce \u00e0 une automatisation intelligente<\/p>\n<\/li>\n<\/ul>\n<\/li>\n<li data-start=\"2060\" data-end=\"2502\">\n<p data-start=\"2062\" data-end=\"2502\"><strong data-start=\"2062\" data-end=\"2076\">TVB Europe<\/strong> a \u00e9galement valid\u00e9 notre innovation logicielle avec le prix <strong data-start=\"2137\" data-end=\"2178\">Media &amp; Entertainment: Best in Market<\/strong>, reconnaissant le <strong data-start=\"2197\" data-end=\"2226\">NETGEAR Engage Controller<\/strong> pour son approche r\u00e9volutionnaire de la gestion des r\u00e9seaux. Cette plateforme gratuite transforme des r\u00e9seaux complexes \u2014 autrefois r\u00e9serv\u00e9s \u00e0 des experts IT \u2014 en une exp\u00e9rience intuitive, certifi\u00e9e et bas\u00e9e sur des profils, accessible \u00e0 tous les professionnels du broadcast.<\/p>\n<\/li>\n<\/ul>\n<p data-start=\"2504\" data-end=\"2687\">Ces distinctions confirment l\u2019approche fondamentale de NETGEAR : rendre la technologie AV-over-IP sophistiqu\u00e9e accessible, sans compromis sur les performances de niveau professionnel.<\/p>\n<p data-start=\"2504\" data-end=\"2687\"><img loading=\"lazy\" decoding=\"async\" class=\"aligncenter wp-image-22750 size-full\" src=\"https:\/\/www.netgear.com\/hub\/wp-content\/uploads\/2025\/12\/Best-of-Show.png\" alt=\"\" width=\"1024\" height=\"683\" \/><\/p>\n    <\/div>\n        <div id=\"topic4\" class=\"skip-item\">\n                        <h2>Investir dans le savoir-faire de l\u2019industrie<\/h2>\n                <p data-start=\"2744\" data-end=\"3287\">La transition de l\u2019industrie AV vers des infrastructures bas\u00e9es sur l\u2019IP a cr\u00e9\u00e9 un d\u00e9ficit critique de comp\u00e9tences, et NETGEAR y r\u00e9pond de mani\u00e8re proactive. L\u2019extension de la <strong data-start=\"2920\" data-end=\"2939\">NETGEAR Academy<\/strong> l\u2019a fait \u00e9voluer d\u2019un outil de formation interne vers la plateforme p\u00e9dagogique AV-over-IP la plus compl\u00e8te du secteur. Proposant des contenus gratuits issus de leaders de l\u2019industrie \u2014 notamment Crestron, Dante by Audinate, Lightware, Sennheiser, Q-SYS, SDVoE Alliance et bien d\u2019autres \u2014 l\u2019Academy compte aujourd\u2019hui plus de <strong data-start=\"3266\" data-end=\"3286\">30 000 \u00e9tudiants<\/strong>.<\/p>\n<p data-start=\"3289\" data-end=\"3502\" data-is-last-node=\"\" data-is-only-node=\"\">Nous remercions chaleureusement nos \u00e9quipes, partenaires et clients d\u2019avoir fait de ce second semestre 2025 une r\u00e9ussite exceptionnelle. Continuons sur cette lanc\u00e9e pour fa\u00e7onner ensemble l\u2019avenir de l\u2019AV-over-IP.<\/p>\n    <\/div>\n        <div id=\"topic5\" class=\"skip-item\">\n                        <h2>Plus d'informations<\/h2>\n                <p><!--SOLUTIONS NETGEAR AV --><br \/>\nPlus d\u2019informations sur nos solutions audiovisuelles<\/p>\n<div class=\"hs-cta-embed hs-cta-simple-placeholder hs-cta-embed-241151160046\" style=\"max-width: 100%;max-height: 100%;width: 260px;height: 50.390625px\" data-hubspot-wrapper-cta-id=\"241151160046\"><a href=\"https:\/\/cta-na2.hubspot.com\/web-interactives\/public\/v1\/track\/redirect?encryptedPayload=AVxigLJf4HGLXU18h5HBrlQTZuKX4p21iriDX%2FD9Weo1E0jc26wgSp32sJpGF%2FrOb977gqk9Skq%2FVgamhq%2FXvCN0mPQ1dmrdARtcNUH8fV5cFOvngo8qJ8EuMyEq%2Fqu2y51zC2FZUVyu97opP5ixVGCiE%2Bg6BOgTVVDljEMF5hhhXUNpnikrl2UTN%2Bb3TA%3D%3D&amp;webInteractiveContentId=241151160046&amp;portalId=242128791\" target=\"_blank\" rel=\"noopener\"><br \/>\n<img decoding=\"async\" style=\"height: 100%;width: 100%;object-fit: fill\" src=\"https:\/\/hubspot-no-cache-na2-prod.s3.amazonaws.com\/cta\/default\/242128791\/interactive-241151160046.png\" alt=\"SOLUTIONS NETGEAR AV\" \/><br \/>\n<\/a><\/div>\n<p><!-- NETGEAR ACADEMY AV --><br \/>\nApprenez tout sur les r\u00e9seaux IP gr\u00e2ce \u00e0 la NETGEAR ACADEMY<\/p>\n<div class=\"hs-cta-embed hs-cta-simple-placeholder hs-cta-embed-241151160033\" style=\"max-width: 100%;max-height: 100%;width: 260px;height: 50.390625px\" data-hubspot-wrapper-cta-id=\"241151160033\"><a href=\"https:\/\/cta-na2.hubspot.com\/web-interactives\/public\/v1\/track\/redirect?encryptedPayload=AVxigLJ6zgXxrLVJLagOt9pyIXf5%2FGgh9lUupWJj49Nfcbq71eIrrvJQt9JGeaQwNkTAPTWhI2%2BXk56NQscWP4xOQ7iZrhk6rkBjyO4dBlJGP1gG3BpcrdlgLyF%2F850K2l3xn5kDj5H%2Fur8VO2zJH58QH7by4HFWliY25223Shr3sQx25aCmNBjCDkNwA2WRum67F9fGyQyzoYOn86wAq%2Brw3xzsBDMbyw%3D%3D&amp;webInteractiveContentId=241151160033&amp;portalId=242128791\" target=\"_blank\" rel=\"noopener\"><br \/>\n<img decoding=\"async\" style=\"height: 100%;width: 100%;object-fit: fill\" src=\"https:\/\/hubspot-no-cache-na2-prod.s3.amazonaws.com\/cta\/default\/242128791\/interactive-241151160033.png\" alt=\"NETGEAR ACADEMY\" \/><br \/>\n<\/a><\/div>\n<p style=\"margin-bottom: 30px\"><!--CONTACTEZ L'EQUIPE PROAV --><br \/>\nNos ing\u00e9nieurs vous accompagneront gratuitement dans la r\u00e9alisation de vos projets audiovisuels<\/p>\n<div class=\"hs-cta-embed hs-cta-simple-placeholder hs-cta-embed-241151160055\" style=\"max-width: 100%;max-height: 100%;width: 270px;height: 50.390625px\" data-hubspot-wrapper-cta-id=\"241151160055\"><a href=\"https:\/\/cta-na2.hubspot.com\/web-interactives\/public\/v1\/track\/redirect?encryptedPayload=AVxigLLUG9XShtF2ziGdRlpsMD%2BMJ39t1kFOE7VlHl2HmmlWzlJWH0rsV7f3eoQL53gclcWb0lliiDgK3EAMVvEOcIE7gW9aYOwk1uipv43pSUkBlDtiKJ%2BcB7fopWupnJbggqZWRkNERZkdh1dDGXHHDJX3V0sOA8mbXD%2Fd6QC2XK2OyVtrDNFDHbBoT6b15PyvF4Ca3b6JBNTYdAzYeH790XenlNKBP4OKZqw50t7IGx9DuADFMFlNdg6FWQ%3D%3D&amp;webInteractiveContentId=241151160055&amp;portalId=242128791\" target=\"_blank\" rel=\"noopener\"><br \/>\n<img decoding=\"async\" style=\"height: 100%;width: 100%;object-fit: fill\" src=\"https:\/\/hubspot-no-cache-na2-prod.s3.amazonaws.com\/cta\/default\/242128791\/interactive-241151160055.png\" alt=\"CONTACTEZ L'EQUIPE PROAV\" \/><br \/>\n<\/a><\/div>\n<p style=\"margin-top: 50px\"><iframe loading=\"lazy\" src=\"https:\/\/405nrr.share-na2.hsforms.com\/24AR2ZDSmQqWycFqf8q5-eg\" width=\"100%\" height=\"1200px\"><\/iframe><\/p>\n    <\/div>\n    \n","protected":false},"excerpt":{"rendered":"","protected":false},"author":97,"featured_media":11811,"parent":6754,"menu_order":0,"comment_status":"closed","ping_status":"closed","template":"templates\/blog-wifi.php","meta":{"_acf_changed":false,"content-type":"","footnotes":""},"class_list":["post-11809","page","type-page","status-publish","has-post-thumbnail","hentry"],"acf":[],"yoast_head":"<!-- This site is optimized with the Yoast SEO plugin v27.4 - https:\/\/yoast.com\/product\/yoast-seo-wordpress\/ -->\n<title>NETGEAR AV cl\u00f4ture 2025 avec une reconnaissance sans pr\u00e9c\u00e9dent et un \u00e9lan strat\u00e9gique majeur - NETGEAR Blog<\/title>\n<meta name=\"description\" content=\"NETGEAR AV cl\u00f4ture 2025 avec une reconnaissance sans pr\u00e9c\u00e9dent et un \u00e9lan strat\u00e9gique majeur\" \/>\n<meta name=\"robots\" content=\"index, follow, max-snippet:-1, max-image-preview:large, max-video-preview:-1\" \/>\n<link rel=\"canonical\" href=\"https:\/\/frhub.netgear.com\/fr\/hub\/business\/av\/netgear-av-closes-2025-with-unprecedented-recognition-and-strategic-momentum\/\" \/>\n<meta property=\"og:locale\" content=\"en_US\" \/>\n<meta property=\"og:type\" content=\"article\" \/>\n<meta property=\"og:title\" content=\"NETGEAR AV cl\u00f4ture 2025 avec une reconnaissance sans pr\u00e9c\u00e9dent et un \u00e9lan strat\u00e9gique majeur - NETGEAR Blog\" \/>\n<meta property=\"og:description\" content=\"NETGEAR AV cl\u00f4ture 2025 avec une reconnaissance sans pr\u00e9c\u00e9dent et un \u00e9lan strat\u00e9gique majeur\" \/>\n<meta property=\"og:url\" content=\"https:\/\/frhub.netgear.com\/fr\/hub\/business\/av\/netgear-av-closes-2025-with-unprecedented-recognition-and-strategic-momentum\/\" \/>\n<meta property=\"og:site_name\" content=\"NETGEAR Blog\" \/>\n<meta property=\"article:publisher\" content=\"https:\/\/www.facebook.com\/NetgearAU\/\" \/>\n<meta property=\"article:modified_time\" content=\"2026-01-05T10:57:03+00:00\" \/>\n<meta property=\"og:image\" content=\"https:\/\/frhub.netgear.com\/fr\/hub\/wp-content\/uploads\/2026\/01\/Social_1200x627_TW_27-383x288-1.png\" \/>\n\t<meta property=\"og:image:width\" content=\"383\" \/>\n\t<meta property=\"og:image:height\" content=\"288\" \/>\n\t<meta property=\"og:image:type\" content=\"image\/png\" \/>\n<meta name=\"twitter:card\" content=\"summary_large_image\" \/>\n<meta name=\"twitter:site\" content=\"@NETGEAR\" \/>\n<script type=\"application\/ld+json\" class=\"yoast-schema-graph\">{\"@context\":\"https:\\\/\\\/schema.org\",\"@graph\":[{\"@type\":\"WebPage\",\"@id\":\"https:\\\/\\\/frhub.netgear.com\\\/fr\\\/hub\\\/business\\\/av\\\/netgear-av-closes-2025-with-unprecedented-recognition-and-strategic-momentum\\\/\",\"url\":\"https:\\\/\\\/frhub.netgear.com\\\/fr\\\/hub\\\/business\\\/av\\\/netgear-av-closes-2025-with-unprecedented-recognition-and-strategic-momentum\\\/\",\"name\":\"NETGEAR AV cl\u00f4ture 2025 avec une reconnaissance sans pr\u00e9c\u00e9dent et un \u00e9lan strat\u00e9gique majeur - NETGEAR Blog\",\"isPartOf\":{\"@id\":\"https:\\\/\\\/frhub.netgear.com\\\/fr\\\/hub\\\/#website\"},\"primaryImageOfPage\":{\"@id\":\"https:\\\/\\\/frhub.netgear.com\\\/fr\\\/hub\\\/business\\\/av\\\/netgear-av-closes-2025-with-unprecedented-recognition-and-strategic-momentum\\\/#primaryimage\"},\"image\":{\"@id\":\"https:\\\/\\\/frhub.netgear.com\\\/fr\\\/hub\\\/business\\\/av\\\/netgear-av-closes-2025-with-unprecedented-recognition-and-strategic-momentum\\\/#primaryimage\"},\"thumbnailUrl\":\"https:\\\/\\\/frhub.netgear.com\\\/fr\\\/hub\\\/wp-content\\\/uploads\\\/2026\\\/01\\\/Social_1200x627_TW_27-383x288-1.png\",\"datePublished\":\"2026-01-05T10:56:26+00:00\",\"dateModified\":\"2026-01-05T10:57:03+00:00\",\"description\":\"NETGEAR AV cl\u00f4ture 2025 avec une reconnaissance sans pr\u00e9c\u00e9dent et un \u00e9lan strat\u00e9gique majeur\",\"breadcrumb\":{\"@id\":\"https:\\\/\\\/frhub.netgear.com\\\/fr\\\/hub\\\/business\\\/av\\\/netgear-av-closes-2025-with-unprecedented-recognition-and-strategic-momentum\\\/#breadcrumb\"},\"inLanguage\":\"en-US\",\"potentialAction\":[{\"@type\":\"ReadAction\",\"target\":[\"https:\\\/\\\/frhub.netgear.com\\\/fr\\\/hub\\\/business\\\/av\\\/netgear-av-closes-2025-with-unprecedented-recognition-and-strategic-momentum\\\/\"]}]},{\"@type\":\"ImageObject\",\"inLanguage\":\"en-US\",\"@id\":\"https:\\\/\\\/frhub.netgear.com\\\/fr\\\/hub\\\/business\\\/av\\\/netgear-av-closes-2025-with-unprecedented-recognition-and-strategic-momentum\\\/#primaryimage\",\"url\":\"https:\\\/\\\/frhub.netgear.com\\\/fr\\\/hub\\\/wp-content\\\/uploads\\\/2026\\\/01\\\/Social_1200x627_TW_27-383x288-1.png\",\"contentUrl\":\"https:\\\/\\\/frhub.netgear.com\\\/fr\\\/hub\\\/wp-content\\\/uploads\\\/2026\\\/01\\\/Social_1200x627_TW_27-383x288-1.png\",\"width\":383,\"height\":288},{\"@type\":\"BreadcrumbList\",\"@id\":\"https:\\\/\\\/frhub.netgear.com\\\/fr\\\/hub\\\/business\\\/av\\\/netgear-av-closes-2025-with-unprecedented-recognition-and-strategic-momentum\\\/#breadcrumb\",\"itemListElement\":[{\"@type\":\"ListItem\",\"position\":1,\"name\":\"Home\",\"item\":\"https:\\\/\\\/frhub.netgear.com\\\/fr\\\/hub\\\/\"},{\"@type\":\"ListItem\",\"position\":2,\"name\":\"Entreprises\",\"item\":\"https:\\\/\\\/frhub.netgear.com\\\/fr\\\/hub\\\/business\\\/\"},{\"@type\":\"ListItem\",\"position\":3,\"name\":\"Entreprise AV\",\"item\":\"https:\\\/\\\/frhub.netgear.com\\\/fr\\\/hub\\\/business\\\/av\\\/\"},{\"@type\":\"ListItem\",\"position\":4,\"name\":\"NETGEAR AV cl\u00f4ture 2025 avec une reconnaissance sans pr\u00e9c\u00e9dent et un \u00e9lan strat\u00e9gique majeur\"}]},{\"@type\":\"WebSite\",\"@id\":\"https:\\\/\\\/frhub.netgear.com\\\/fr\\\/hub\\\/#website\",\"url\":\"https:\\\/\\\/frhub.netgear.com\\\/fr\\\/hub\\\/\",\"name\":\"NETGEAR Hub France\",\"description\":\"Explorez les pages de notre blog et parcourez les articles pour en savoir plus sur les produits et la technologie NETGEAR.\",\"publisher\":{\"@id\":\"https:\\\/\\\/frhub.netgear.com\\\/fr\\\/hub\\\/#organization\"},\"potentialAction\":[{\"@type\":\"SearchAction\",\"target\":{\"@type\":\"EntryPoint\",\"urlTemplate\":\"https:\\\/\\\/frhub.netgear.com\\\/fr\\\/hub\\\/?s={search_term_string}\"},\"query-input\":{\"@type\":\"PropertyValueSpecification\",\"valueRequired\":true,\"valueName\":\"search_term_string\"}}],\"inLanguage\":\"en-US\"},{\"@type\":\"Organization\",\"@id\":\"https:\\\/\\\/frhub.netgear.com\\\/fr\\\/hub\\\/#organization\",\"name\":\"NETGEAR\",\"url\":\"https:\\\/\\\/frhub.netgear.com\\\/fr\\\/hub\\\/\",\"logo\":{\"@type\":\"ImageObject\",\"inLanguage\":\"en-US\",\"@id\":\"https:\\\/\\\/frhub.netgear.com\\\/fr\\\/hub\\\/#\\\/schema\\\/logo\\\/image\\\/\",\"url\":\"https:\\\/\\\/www.netgear.com\\\/fr\\\/hub\\\/wp-content\\\/uploads\\\/2019\\\/07\\\/NETGEAR_logo.jpg\",\"contentUrl\":\"https:\\\/\\\/www.netgear.com\\\/fr\\\/hub\\\/wp-content\\\/uploads\\\/2019\\\/07\\\/NETGEAR_logo.jpg\",\"width\":1500,\"height\":501,\"caption\":\"NETGEAR\"},\"image\":{\"@id\":\"https:\\\/\\\/frhub.netgear.com\\\/fr\\\/hub\\\/#\\\/schema\\\/logo\\\/image\\\/\"},\"sameAs\":[\"https:\\\/\\\/www.facebook.com\\\/NetgearAU\\\/\",\"https:\\\/\\\/x.com\\\/NETGEAR\",\"https:\\\/\\\/www.linkedin.com\\\/company\\\/netgear\"]}]}<\/script>\n<!-- \/ Yoast SEO plugin. -->","yoast_head_json":{"title":"NETGEAR AV cl\u00f4ture 2025 avec une reconnaissance sans pr\u00e9c\u00e9dent et un \u00e9lan strat\u00e9gique majeur - NETGEAR Blog","description":"NETGEAR AV cl\u00f4ture 2025 avec une reconnaissance sans pr\u00e9c\u00e9dent et un \u00e9lan strat\u00e9gique majeur","robots":{"index":"index","follow":"follow","max-snippet":"max-snippet:-1","max-image-preview":"max-image-preview:large","max-video-preview":"max-video-preview:-1"},"canonical":"https:\/\/frhub.netgear.com\/fr\/hub\/business\/av\/netgear-av-closes-2025-with-unprecedented-recognition-and-strategic-momentum\/","og_locale":"en_US","og_type":"article","og_title":"NETGEAR AV cl\u00f4ture 2025 avec une reconnaissance sans pr\u00e9c\u00e9dent et un \u00e9lan strat\u00e9gique majeur - NETGEAR Blog","og_description":"NETGEAR AV cl\u00f4ture 2025 avec une reconnaissance sans pr\u00e9c\u00e9dent et un \u00e9lan strat\u00e9gique majeur","og_url":"https:\/\/frhub.netgear.com\/fr\/hub\/business\/av\/netgear-av-closes-2025-with-unprecedented-recognition-and-strategic-momentum\/","og_site_name":"NETGEAR Blog","article_publisher":"https:\/\/www.facebook.com\/NetgearAU\/","article_modified_time":"2026-01-05T10:57:03+00:00","og_image":[{"width":383,"height":288,"url":"https:\/\/frhub.netgear.com\/fr\/hub\/wp-content\/uploads\/2026\/01\/Social_1200x627_TW_27-383x288-1.png","type":"image\/png"}],"twitter_card":"summary_large_image","twitter_site":"@NETGEAR","schema":{"@context":"https:\/\/schema.org","@graph":[{"@type":"WebPage","@id":"https:\/\/frhub.netgear.com\/fr\/hub\/business\/av\/netgear-av-closes-2025-with-unprecedented-recognition-and-strategic-momentum\/","url":"https:\/\/frhub.netgear.com\/fr\/hub\/business\/av\/netgear-av-closes-2025-with-unprecedented-recognition-and-strategic-momentum\/","name":"NETGEAR AV cl\u00f4ture 2025 avec une reconnaissance sans pr\u00e9c\u00e9dent et un \u00e9lan strat\u00e9gique majeur - NETGEAR Blog","isPartOf":{"@id":"https:\/\/frhub.netgear.com\/fr\/hub\/#website"},"primaryImageOfPage":{"@id":"https:\/\/frhub.netgear.com\/fr\/hub\/business\/av\/netgear-av-closes-2025-with-unprecedented-recognition-and-strategic-momentum\/#primaryimage"},"image":{"@id":"https:\/\/frhub.netgear.com\/fr\/hub\/business\/av\/netgear-av-closes-2025-with-unprecedented-recognition-and-strategic-momentum\/#primaryimage"},"thumbnailUrl":"https:\/\/frhub.netgear.com\/fr\/hub\/wp-content\/uploads\/2026\/01\/Social_1200x627_TW_27-383x288-1.png","datePublished":"2026-01-05T10:56:26+00:00","dateModified":"2026-01-05T10:57:03+00:00","description":"NETGEAR AV cl\u00f4ture 2025 avec une reconnaissance sans pr\u00e9c\u00e9dent et un \u00e9lan strat\u00e9gique majeur","breadcrumb":{"@id":"https:\/\/frhub.netgear.com\/fr\/hub\/business\/av\/netgear-av-closes-2025-with-unprecedented-recognition-and-strategic-momentum\/#breadcrumb"},"inLanguage":"en-US","potentialAction":[{"@type":"ReadAction","target":["https:\/\/frhub.netgear.com\/fr\/hub\/business\/av\/netgear-av-closes-2025-with-unprecedented-recognition-and-strategic-momentum\/"]}]},{"@type":"ImageObject","inLanguage":"en-US","@id":"https:\/\/frhub.netgear.com\/fr\/hub\/business\/av\/netgear-av-closes-2025-with-unprecedented-recognition-and-strategic-momentum\/#primaryimage","url":"https:\/\/frhub.netgear.com\/fr\/hub\/wp-content\/uploads\/2026\/01\/Social_1200x627_TW_27-383x288-1.png","contentUrl":"https:\/\/frhub.netgear.com\/fr\/hub\/wp-content\/uploads\/2026\/01\/Social_1200x627_TW_27-383x288-1.png","width":383,"height":288},{"@type":"BreadcrumbList","@id":"https:\/\/frhub.netgear.com\/fr\/hub\/business\/av\/netgear-av-closes-2025-with-unprecedented-recognition-and-strategic-momentum\/#breadcrumb","itemListElement":[{"@type":"ListItem","position":1,"name":"Home","item":"https:\/\/frhub.netgear.com\/fr\/hub\/"},{"@type":"ListItem","position":2,"name":"Entreprises","item":"https:\/\/frhub.netgear.com\/fr\/hub\/business\/"},{"@type":"ListItem","position":3,"name":"Entreprise AV","item":"https:\/\/frhub.netgear.com\/fr\/hub\/business\/av\/"},{"@type":"ListItem","position":4,"name":"NETGEAR AV cl\u00f4ture 2025 avec une reconnaissance sans pr\u00e9c\u00e9dent et un \u00e9lan strat\u00e9gique majeur"}]},{"@type":"WebSite","@id":"https:\/\/frhub.netgear.com\/fr\/hub\/#website","url":"https:\/\/frhub.netgear.com\/fr\/hub\/","name":"NETGEAR Hub France","description":"Explorez les pages de notre blog et parcourez les articles pour en savoir plus sur les produits et la technologie NETGEAR.","publisher":{"@id":"https:\/\/frhub.netgear.com\/fr\/hub\/#organization"},"potentialAction":[{"@type":"SearchAction","target":{"@type":"EntryPoint","urlTemplate":"https:\/\/frhub.netgear.com\/fr\/hub\/?s={search_term_string}"},"query-input":{"@type":"PropertyValueSpecification","valueRequired":true,"valueName":"search_term_string"}}],"inLanguage":"en-US"},{"@type":"Organization","@id":"https:\/\/frhub.netgear.com\/fr\/hub\/#organization","name":"NETGEAR","url":"https:\/\/frhub.netgear.com\/fr\/hub\/","logo":{"@type":"ImageObject","inLanguage":"en-US","@id":"https:\/\/frhub.netgear.com\/fr\/hub\/#\/schema\/logo\/image\/","url":"https:\/\/www.netgear.com\/fr\/hub\/wp-content\/uploads\/2019\/07\/NETGEAR_logo.jpg","contentUrl":"https:\/\/www.netgear.com\/fr\/hub\/wp-content\/uploads\/2019\/07\/NETGEAR_logo.jpg","width":1500,"height":501,"caption":"NETGEAR"},"image":{"@id":"https:\/\/frhub.netgear.com\/fr\/hub\/#\/schema\/logo\/image\/"},"sameAs":["https:\/\/www.facebook.com\/NetgearAU\/","https:\/\/x.com\/NETGEAR","https:\/\/www.linkedin.com\/company\/netgear"]}]}},"_links":{"self":[{"href":"https:\/\/frhub.netgear.com\/fr\/hub\/wp-json\/wp\/v2\/pages\/11809","targetHints":{"allow":["GET"]}}],"collection":[{"href":"https:\/\/frhub.netgear.com\/fr\/hub\/wp-json\/wp\/v2\/pages"}],"about":[{"href":"https:\/\/frhub.netgear.com\/fr\/hub\/wp-json\/wp\/v2\/types\/page"}],"author":[{"embeddable":true,"href":"https:\/\/frhub.netgear.com\/fr\/hub\/wp-json\/wp\/v2\/users\/97"}],"replies":[{"embeddable":true,"href":"https:\/\/frhub.netgear.com\/fr\/hub\/wp-json\/wp\/v2\/comments?post=11809"}],"version-history":[{"count":2,"href":"https:\/\/frhub.netgear.com\/fr\/hub\/wp-json\/wp\/v2\/pages\/11809\/revisions"}],"predecessor-version":[{"id":11818,"href":"https:\/\/frhub.netgear.com\/fr\/hub\/wp-json\/wp\/v2\/pages\/11809\/revisions\/11818"}],"up":[{"embeddable":true,"href":"https:\/\/frhub.netgear.com\/fr\/hub\/wp-json\/wp\/v2\/pages\/6754"}],"wp:featuredmedia":[{"embeddable":true,"href":"https:\/\/frhub.netgear.com\/fr\/hub\/wp-json\/wp\/v2\/media\/11811"}],"wp:attachment":[{"href":"https:\/\/frhub.netgear.com\/fr\/hub\/wp-json\/wp\/v2\/media?parent=11809"}],"curies":[{"name":"wp","href":"https:\/\/api.w.org\/{rel}","templated":true}]}}