{"id":11806,"date":"2025-12-16T11:31:50","date_gmt":"2026-01-05T10:31:41","guid":{"rendered":"https:\/\/frhub.netgear.com\/fr\/hub\/?page_id=11806"},"modified":"2026-01-05T11:57:52","modified_gmt":"2026-01-05T10:57:52","slug":"wyrestorm-netgear-jpeg2000-av-over-ip-collaboration","status":"publish","type":"page","link":"https:\/\/frhub.netgear.com\/fr\/hub\/business\/av\/wyrestorm-netgear-jpeg2000-av-over-ip-collaboration\/","title":{"rendered":"L\u2019innovation JPEG2000 dynamise la collaboration entre WyreStorm et NETGEAR"},"content":{"rendered":"<p><img loading=\"lazy\" decoding=\"async\" class=\"alignone size-full wp-image-10681\" style=\"border-radius: 1em;\" src=\"https:\/\/www.netgear.com\/hub\/wp-content\/uploads\/2025\/12\/Maclesfield_FC-33-1200x800-1.jpg\" alt=\"\" width=\"1048\" height=\"511\" \/><\/p>\n    <div class=\"table-of-content bg-gray\">\n        <p><strong>IN THIS ARTICLE<\/strong><\/p>\n        <ul>\n                        <li><a href=\"#topic1\">AV \u00c9VOLU\u00c9 \u2013 Des partenariats de nouvelle g\u00e9n\u00e9ration pour l\u2019AV de demain<\/a><\/li>\n                        <li><a href=\"#topic2\">Int\u00e9gration USB-over-IP compl\u00e8te<\/a><\/li>\n                        <li><a href=\"#topic3\">Performances \u00e9volutives pour l\u2019entreprise<\/a><\/li>\n                        <li><a href=\"#topic4\">Alignement strat\u00e9gique des canaux<\/a><\/li>\n                        <li><a href=\"#topic5\">Plus d'informations<\/a><\/li>\n                    <\/ul>\n    <\/div>\n        <div id=\"topic1\" class=\"skip-item\">\n                        <h2>AV \u00c9VOLU\u00c9 \u2013 Des partenariats de nouvelle g\u00e9n\u00e9ration pour l\u2019AV de demain<\/h2>\n                <p data-start=\"77\" data-end=\"352\">L\u2019industrie de l\u2019audiovisuel professionnel \u00e9volue vers une distribution des signaux sur r\u00e9seau, cr\u00e9ant une demande pour des syst\u00e8mes capables d\u2019offrir des performances visuelles exceptionnelles tout en simplifiant le d\u00e9ploiement dans des environnements d\u2019installation vari\u00e9s.<\/p>\n<p data-start=\"354\" data-end=\"781\">Le partenariat strat\u00e9gique entre WyreStorm et NETGEAR d\u00e9montre comment la technologie avanc\u00e9e d\u2019encodage JPEG2000 converge avec une commutation r\u00e9seau intelligente. Le r\u00e9sultat ? Des installations \u00e9volutives et pr\u00eates \u00e0 l\u2019emploi, offrant des performances \u00e0 latence ultra-faible, des options de transport flexibles et un contr\u00f4le complet dans les environnements d\u2019entreprise, \u00e9ducatifs, gouvernementaux et de salles de contr\u00f4le.<\/p>\n<p data-start=\"783\" data-end=\"1251\">La s\u00e9rie NetworkHD 500 de WyreStorm offre des performances exceptionnelles de distribution des signaux gr\u00e2ce \u00e0 un encodage JPEG2000 avanc\u00e9, prenant en charge les contenus 4K60 4:4:4, y compris Dolby Vision, HDR10 et HLG. Cette approche \u00e9limine la complexit\u00e9 des installations AV traditionnelles tout en conservant une qualit\u00e9 d\u2019image de niveau professionnel, avec une latence pouvant descendre jusqu\u2019\u00e0 4 ms, garantissant des performances ultra-r\u00e9actives en temps r\u00e9el.<\/p>\n<p data-start=\"1253\" data-end=\"1731\">L\u2019encodeur NHD-500-TX v2 et le d\u00e9codeur NHD-500-RX v2 prennent en charge les connexions Ethernet et fibre, offrant une grande flexibilit\u00e9 d\u2019installation : l\u2019Ethernet permet des transmissions jusqu\u2019\u00e0 100 m\u00e8tres, tandis que la fibre peut atteindre jusqu\u2019\u00e0 10 km selon le module fibre s\u00e9lectionn\u00e9. De plus, ils int\u00e8grent un port Ethernet prenant en charge l\u2019int\u00e9gration Dante AV-A ou la connexion directe de p\u00e9riph\u00e9riques locaux au r\u00e9seau, renfor\u00e7ant la polyvalence du d\u00e9ploiement.<\/p>\n<p data-start=\"1733\" data-end=\"2307\">Le NHD-510-TX repr\u00e9sente la derni\u00e8re \u00e9volution de la famille NetworkHD 500. Il int\u00e8gre des entr\u00e9es HDMI et USB-C avec commutation automatique intelligente, s\u00e9lectionnant automatiquement la source active pour des transitions fluides lors des pr\u00e9sentations et des sessions collaboratives. L\u2019encodeur prend en charge Dante AV-A avec des canaux audio d\u00e9di\u00e9s 2\u00d72, une sortie HDMI en boucle pour la connexion d\u2019un affichage local, ainsi qu\u2019une commutation ultra-rapide (moins d\u2019une seconde entre les sources), un atout essentiel pour les environnements de pr\u00e9sentation dynamiques.<\/p>\n<p data-start=\"2309\" data-end=\"3038\">Les commutateurs AV Line M4250 et M4300 de NETGEAR constituent la base essentielle de la technologie NetworkHD, en proposant des profils pr\u00e9configur\u00e9s garantissant des performances optimales pour les syst\u00e8mes WyreStorm d\u00e8s la mise en service. L\u2019infrastructure de commutation NETGEAR fournit la bande passante, la pr\u00e9cision de synchronisation et les fonctionnalit\u00e9s de qualit\u00e9 de service n\u00e9cessaires au transport professionnel en JPEG2000. Cette combinaison permet aux int\u00e9grateurs de cr\u00e9er des syst\u00e8mes de commutation matricielle complexes, o\u00f9 chaque encodeur et d\u00e9codeur peut \u00eatre contr\u00f4l\u00e9 et rout\u00e9 ind\u00e9pendamment via l\u2019application de contr\u00f4le NetworkHD Touch de WyreStorm, tout en b\u00e9n\u00e9ficiant de la fiabilit\u00e9 du r\u00e9seau NETGEAR.<\/p>\n    <\/div>\n        <div id=\"topic2\" class=\"skip-item\">\n                        <h2>Int\u00e9gration USB-over-IP compl\u00e8te<\/h2>\n                <p data-start=\"3083\" data-end=\"3471\">L\u2019\u00e9cosyst\u00e8me NetworkHD va au-del\u00e0 du transport audio et vid\u00e9o en int\u00e9grant une connectivit\u00e9 USB compl\u00e8te gr\u00e2ce au transcepteur NHD-USB-TRX. Ce dispositif puissant permet l\u2019extension transparente d\u2019\u00e9quipements USB 2.0 \u2014 tels que cam\u00e9ras, claviers, souris et \u00e9crans tactiles \u2014 sur des r\u00e9seaux IP standards, avec la prise en charge de jusqu\u2019\u00e0 7 p\u00e9riph\u00e9riques USB et 21 points de terminaison.<\/p>\n<p data-start=\"3473\" data-end=\"4189\">Le NHD-USB-TRX offre une grande flexibilit\u00e9 de d\u00e9ploiement gr\u00e2ce \u00e0 une simple configuration par interrupteurs DIP, permettant au dispositif de fonctionner soit comme \u00e9metteur, soit comme r\u00e9cepteur. Cela simplifie la gestion des stocks tout en maximisant la flexibilit\u00e9 d\u2019installation. Avec la prise en charge du PoE et de la connectivit\u00e9 fibre SFP, le transcepteur assure une extension USB sur de longues distances tout en conservant la faible latence n\u00e9cessaire au contr\u00f4le clavier\/souris et aux applications interactives. Il s\u2019int\u00e8gre parfaitement \u00e0 la s\u00e9rie NetworkHD 500, permettant aux int\u00e9grateurs d\u2019ajouter des fonctionnalit\u00e9s USB aux syst\u00e8mes vid\u00e9o AV-over-IP existants sans modification de l\u2019infrastructure.<img loading=\"lazy\" decoding=\"async\" class=\"aligncenter size-medium wp-image-22610\" src=\"https:\/\/www.netgear.com\/hub\/wp-content\/uploads\/2025\/12\/NHD-500-TX-v2_Stacked_FrntTilt_Ang_BG-300x163.jpg\" alt=\"\" width=\"300\" height=\"163\" \/><\/p>\n    <\/div>\n        <div id=\"topic3\" class=\"skip-item\">\n                        <h2>Performances \u00e9volutives pour l\u2019entreprise<\/h2>\n                <p data-start=\"4243\" data-end=\"4750\">Les solutions de la s\u00e9rie NetworkHD 500 peuvent \u00eatre librement combin\u00e9es sur un r\u00e9seau pour cr\u00e9er des syst\u00e8mes allant de la distribution point \u00e0 point simple \u00e0 des installations multi-salles complexes avec un traitement avanc\u00e9 des murs d\u2019images. Le d\u00e9codeur NHD-500-RX prend en charge des murs vid\u00e9o jusqu\u2019\u00e0 16\u00d716, avec compensation compl\u00e8te des bords et configurations de type mosa\u00efque, permettant de cr\u00e9er des affichages grand format impressionnants pour les salles de contr\u00f4le et centres de commandement.<\/p>\n<p data-start=\"4752\" data-end=\"5295\">La collaboration garantit des performances constantes avec une latence de 4 millisecondes en mode passthrough, assurant une distribution de contenu sans d\u00e9lai perceptible. Qu\u2019il s\u2019agisse d\u2019\u00e9quiper une seule salle de r\u00e9union ou des installations \u00e0 l\u2019\u00e9chelle d\u2019un campus comprenant des centaines de points de terminaison, chaque d\u00e9ploiement b\u00e9n\u00e9ficie de la m\u00eame qualit\u00e9 d\u2019image professionnelle et des capacit\u00e9s de gestion intelligente offertes par l\u2019application de contr\u00f4le NetworkHD Touch, avec des flux de pr\u00e9visualisation en haute d\u00e9finition.<\/p>\n<p data-start=\"5297\" data-end=\"5860\">Les solutions NetworkHD de WyreStorm int\u00e8grent des moteurs de routage puissants permettant d\u2019acheminer s\u00e9par\u00e9ment et ind\u00e9pendamment les signaux audio, vid\u00e9o, USB et de contr\u00f4le entre les encodeurs et les d\u00e9codeurs. Associ\u00e9es \u00e0 la technologie IGMP Plus de NETGEAR pour la gestion automatique du multicast et aux ports arri\u00e8re facilitant une int\u00e9gration propre en baie, elles forment un \u00e9cosyst\u00e8me complet o\u00f9 l\u2019infrastructure r\u00e9seau et la distribution des signaux fonctionnent de concert pour offrir des performances exceptionnelles avec une configuration minimale.<\/p>\n    <\/div>\n        <div id=\"topic4\" class=\"skip-item\">\n                        <h2>Alignement strat\u00e9gique des canaux<\/h2>\n                <p data-start=\"5906\" data-end=\"6318\">WyreStorm propose d\u00e9sormais des commutateurs NETGEAR pr\u00e9configur\u00e9s pour les syst\u00e8mes NetworkHD, permettant aux clients d\u2019int\u00e9grer facilement leur solution AV-over-IP avec une infrastructure r\u00e9seau enti\u00e8rement compatible et adapt\u00e9e \u00e0 leur \u00e9quipement. Ce partenariat refl\u00e8te un engagement commun \u00e0 simplifier les d\u00e9ploiements AV professionnels gr\u00e2ce \u00e0 des solutions technologiques valid\u00e9es et \u00e0 un support complet.<\/p>\n<p data-start=\"6320\" data-end=\"6648\" data-is-last-node=\"\" data-is-only-node=\"\">Cette collaboration permet aux int\u00e9grateurs de d\u00e9ployer des solutions AV-over-IP compl\u00e8tes en toute confiance, en sachant que l\u2019infrastructure r\u00e9seau a \u00e9t\u00e9 sp\u00e9cifiquement valid\u00e9e pour les \u00e9quipements WyreStorm gr\u00e2ce \u00e0 des tests approfondis et \u00e0 une optimisation conjointe men\u00e9e par les \u00e9quipes d\u2019ing\u00e9nierie des deux entreprises.<\/p>\n    <\/div>\n        <div id=\"topic5\" class=\"skip-item\">\n                        <h2>Plus d'informations<\/h2>\n                <p><!--SOLUTIONS NETGEAR AV --><br \/>\nPlus d\u2019informations sur nos solutions audiovisuelles<\/p>\n<div class=\"hs-cta-embed hs-cta-simple-placeholder hs-cta-embed-241151160046\" style=\"max-width: 100%;max-height: 100%;width: 260px;height: 50.390625px\" data-hubspot-wrapper-cta-id=\"241151160046\"><a href=\"https:\/\/cta-na2.hubspot.com\/web-interactives\/public\/v1\/track\/redirect?encryptedPayload=AVxigLJf4HGLXU18h5HBrlQTZuKX4p21iriDX%2FD9Weo1E0jc26wgSp32sJpGF%2FrOb977gqk9Skq%2FVgamhq%2FXvCN0mPQ1dmrdARtcNUH8fV5cFOvngo8qJ8EuMyEq%2Fqu2y51zC2FZUVyu97opP5ixVGCiE%2Bg6BOgTVVDljEMF5hhhXUNpnikrl2UTN%2Bb3TA%3D%3D&amp;webInteractiveContentId=241151160046&amp;portalId=242128791\" target=\"_blank\" rel=\"noopener\"><br \/>\n<img decoding=\"async\" style=\"height: 100%;width: 100%;object-fit: fill\" src=\"https:\/\/hubspot-no-cache-na2-prod.s3.amazonaws.com\/cta\/default\/242128791\/interactive-241151160046.png\" alt=\"SOLUTIONS NETGEAR AV\" \/><br \/>\n<\/a><\/div>\n<p><!-- NETGEAR ACADEMY AV --><br \/>\nApprenez tout sur les r\u00e9seaux IP gr\u00e2ce \u00e0 la NETGEAR ACADEMY<\/p>\n<div class=\"hs-cta-embed hs-cta-simple-placeholder hs-cta-embed-241151160033\" style=\"max-width: 100%;max-height: 100%;width: 260px;height: 50.390625px\" data-hubspot-wrapper-cta-id=\"241151160033\"><a href=\"https:\/\/cta-na2.hubspot.com\/web-interactives\/public\/v1\/track\/redirect?encryptedPayload=AVxigLJ6zgXxrLVJLagOt9pyIXf5%2FGgh9lUupWJj49Nfcbq71eIrrvJQt9JGeaQwNkTAPTWhI2%2BXk56NQscWP4xOQ7iZrhk6rkBjyO4dBlJGP1gG3BpcrdlgLyF%2F850K2l3xn5kDj5H%2Fur8VO2zJH58QH7by4HFWliY25223Shr3sQx25aCmNBjCDkNwA2WRum67F9fGyQyzoYOn86wAq%2Brw3xzsBDMbyw%3D%3D&amp;webInteractiveContentId=241151160033&amp;portalId=242128791\" target=\"_blank\" rel=\"noopener\"><br \/>\n<img decoding=\"async\" style=\"height: 100%;width: 100%;object-fit: fill\" src=\"https:\/\/hubspot-no-cache-na2-prod.s3.amazonaws.com\/cta\/default\/242128791\/interactive-241151160033.png\" alt=\"NETGEAR ACADEMY\" \/><br \/>\n<\/a><\/div>\n<p style=\"margin-bottom: 30px\"><!--CONTACTEZ L'EQUIPE PROAV --><br \/>\nNos ing\u00e9nieurs vous accompagneront gratuitement dans la r\u00e9alisation de vos projets audiovisuels<\/p>\n<div class=\"hs-cta-embed hs-cta-simple-placeholder hs-cta-embed-241151160055\" style=\"max-width: 100%;max-height: 100%;width: 270px;height: 50.390625px\" data-hubspot-wrapper-cta-id=\"241151160055\"><a href=\"https:\/\/cta-na2.hubspot.com\/web-interactives\/public\/v1\/track\/redirect?encryptedPayload=AVxigLLUG9XShtF2ziGdRlpsMD%2BMJ39t1kFOE7VlHl2HmmlWzlJWH0rsV7f3eoQL53gclcWb0lliiDgK3EAMVvEOcIE7gW9aYOwk1uipv43pSUkBlDtiKJ%2BcB7fopWupnJbggqZWRkNERZkdh1dDGXHHDJX3V0sOA8mbXD%2Fd6QC2XK2OyVtrDNFDHbBoT6b15PyvF4Ca3b6JBNTYdAzYeH790XenlNKBP4OKZqw50t7IGx9DuADFMFlNdg6FWQ%3D%3D&amp;webInteractiveContentId=241151160055&amp;portalId=242128791\" target=\"_blank\" rel=\"noopener\"><br \/>\n<img decoding=\"async\" style=\"height: 100%;width: 100%;object-fit: fill\" src=\"https:\/\/hubspot-no-cache-na2-prod.s3.amazonaws.com\/cta\/default\/242128791\/interactive-241151160055.png\" alt=\"CONTACTEZ L'EQUIPE PROAV\" \/><br \/>\n<\/a><\/div>\n<p style=\"margin-top: 50px\"><iframe loading=\"lazy\" src=\"https:\/\/405nrr.share-na2.hsforms.com\/24AR2ZDSmQqWycFqf8q5-eg\" width=\"100%\" height=\"1200px\"><\/iframe><\/p>\n    <\/div>\n    \n","protected":false},"excerpt":{"rendered":"","protected":false},"author":97,"featured_media":11807,"parent":6754,"menu_order":0,"comment_status":"closed","ping_status":"closed","template":"templates\/blog-wifi.php","meta":{"_acf_changed":false,"content-type":"","footnotes":""},"class_list":["post-11806","page","type-page","status-publish","has-post-thumbnail","hentry"],"acf":[],"yoast_head":"<!-- This site is optimized with the Yoast SEO plugin v27.4 - https:\/\/yoast.com\/product\/yoast-seo-wordpress\/ -->\n<title>L\u2019innovation JPEG2000 dynamise la collaboration entre WyreStorm et NETGEAR - NETGEAR Blog<\/title>\n<meta name=\"description\" content=\"L\u2019innovation JPEG2000 dynamise la collaboration entre WyreStorm et NETGEAR\" \/>\n<meta name=\"robots\" content=\"index, follow, max-snippet:-1, max-image-preview:large, max-video-preview:-1\" \/>\n<link rel=\"canonical\" href=\"https:\/\/frhub.netgear.com\/fr\/hub\/business\/av\/wyrestorm-netgear-jpeg2000-av-over-ip-collaboration\/\" \/>\n<meta property=\"og:locale\" content=\"en_US\" \/>\n<meta property=\"og:type\" content=\"article\" \/>\n<meta property=\"og:title\" content=\"L\u2019innovation JPEG2000 dynamise la collaboration entre WyreStorm et NETGEAR - NETGEAR Blog\" \/>\n<meta property=\"og:description\" content=\"L\u2019innovation JPEG2000 dynamise la collaboration entre WyreStorm et NETGEAR\" \/>\n<meta property=\"og:url\" content=\"https:\/\/frhub.netgear.com\/fr\/hub\/business\/av\/wyrestorm-netgear-jpeg2000-av-over-ip-collaboration\/\" \/>\n<meta property=\"og:site_name\" content=\"NETGEAR Blog\" \/>\n<meta property=\"article:publisher\" content=\"https:\/\/www.facebook.com\/NetgearAU\/\" \/>\n<meta property=\"article:modified_time\" content=\"2026-01-05T10:57:52+00:00\" \/>\n<meta property=\"og:image\" content=\"https:\/\/frhub.netgear.com\/fr\/hub\/wp-content\/uploads\/2026\/01\/Wyrestorm-1-5-383x288-1.jpeg\" \/>\n\t<meta property=\"og:image:width\" content=\"383\" \/>\n\t<meta property=\"og:image:height\" content=\"288\" \/>\n\t<meta property=\"og:image:type\" content=\"image\/jpeg\" \/>\n<meta name=\"twitter:card\" content=\"summary_large_image\" \/>\n<meta name=\"twitter:site\" content=\"@NETGEAR\" \/>\n<script type=\"application\/ld+json\" class=\"yoast-schema-graph\">{\"@context\":\"https:\\\/\\\/schema.org\",\"@graph\":[{\"@type\":\"WebPage\",\"@id\":\"https:\\\/\\\/frhub.netgear.com\\\/fr\\\/hub\\\/business\\\/av\\\/wyrestorm-netgear-jpeg2000-av-over-ip-collaboration\\\/\",\"url\":\"https:\\\/\\\/frhub.netgear.com\\\/fr\\\/hub\\\/business\\\/av\\\/wyrestorm-netgear-jpeg2000-av-over-ip-collaboration\\\/\",\"name\":\"L\u2019innovation JPEG2000 dynamise la collaboration entre WyreStorm et NETGEAR - NETGEAR Blog\",\"isPartOf\":{\"@id\":\"https:\\\/\\\/frhub.netgear.com\\\/fr\\\/hub\\\/#website\"},\"primaryImageOfPage\":{\"@id\":\"https:\\\/\\\/frhub.netgear.com\\\/fr\\\/hub\\\/business\\\/av\\\/wyrestorm-netgear-jpeg2000-av-over-ip-collaboration\\\/#primaryimage\"},\"image\":{\"@id\":\"https:\\\/\\\/frhub.netgear.com\\\/fr\\\/hub\\\/business\\\/av\\\/wyrestorm-netgear-jpeg2000-av-over-ip-collaboration\\\/#primaryimage\"},\"thumbnailUrl\":\"https:\\\/\\\/frhub.netgear.com\\\/fr\\\/hub\\\/wp-content\\\/uploads\\\/2026\\\/01\\\/Wyrestorm-1-5-383x288-1.jpeg\",\"datePublished\":\"2026-01-05T10:31:41+00:00\",\"dateModified\":\"2026-01-05T10:57:52+00:00\",\"description\":\"L\u2019innovation JPEG2000 dynamise la collaboration entre WyreStorm et NETGEAR\",\"breadcrumb\":{\"@id\":\"https:\\\/\\\/frhub.netgear.com\\\/fr\\\/hub\\\/business\\\/av\\\/wyrestorm-netgear-jpeg2000-av-over-ip-collaboration\\\/#breadcrumb\"},\"inLanguage\":\"en-US\",\"potentialAction\":[{\"@type\":\"ReadAction\",\"target\":[\"https:\\\/\\\/frhub.netgear.com\\\/fr\\\/hub\\\/business\\\/av\\\/wyrestorm-netgear-jpeg2000-av-over-ip-collaboration\\\/\"]}]},{\"@type\":\"ImageObject\",\"inLanguage\":\"en-US\",\"@id\":\"https:\\\/\\\/frhub.netgear.com\\\/fr\\\/hub\\\/business\\\/av\\\/wyrestorm-netgear-jpeg2000-av-over-ip-collaboration\\\/#primaryimage\",\"url\":\"https:\\\/\\\/frhub.netgear.com\\\/fr\\\/hub\\\/wp-content\\\/uploads\\\/2026\\\/01\\\/Wyrestorm-1-5-383x288-1.jpeg\",\"contentUrl\":\"https:\\\/\\\/frhub.netgear.com\\\/fr\\\/hub\\\/wp-content\\\/uploads\\\/2026\\\/01\\\/Wyrestorm-1-5-383x288-1.jpeg\",\"width\":383,\"height\":288},{\"@type\":\"BreadcrumbList\",\"@id\":\"https:\\\/\\\/frhub.netgear.com\\\/fr\\\/hub\\\/business\\\/av\\\/wyrestorm-netgear-jpeg2000-av-over-ip-collaboration\\\/#breadcrumb\",\"itemListElement\":[{\"@type\":\"ListItem\",\"position\":1,\"name\":\"Home\",\"item\":\"https:\\\/\\\/frhub.netgear.com\\\/fr\\\/hub\\\/\"},{\"@type\":\"ListItem\",\"position\":2,\"name\":\"Entreprises\",\"item\":\"https:\\\/\\\/frhub.netgear.com\\\/fr\\\/hub\\\/business\\\/\"},{\"@type\":\"ListItem\",\"position\":3,\"name\":\"Entreprise AV\",\"item\":\"https:\\\/\\\/frhub.netgear.com\\\/fr\\\/hub\\\/business\\\/av\\\/\"},{\"@type\":\"ListItem\",\"position\":4,\"name\":\"L\u2019innovation JPEG2000 dynamise la collaboration entre WyreStorm et NETGEAR\"}]},{\"@type\":\"WebSite\",\"@id\":\"https:\\\/\\\/frhub.netgear.com\\\/fr\\\/hub\\\/#website\",\"url\":\"https:\\\/\\\/frhub.netgear.com\\\/fr\\\/hub\\\/\",\"name\":\"NETGEAR Hub France\",\"description\":\"Explorez les pages de notre blog et parcourez les articles pour en savoir plus sur les produits et la technologie NETGEAR.\",\"publisher\":{\"@id\":\"https:\\\/\\\/frhub.netgear.com\\\/fr\\\/hub\\\/#organization\"},\"potentialAction\":[{\"@type\":\"SearchAction\",\"target\":{\"@type\":\"EntryPoint\",\"urlTemplate\":\"https:\\\/\\\/frhub.netgear.com\\\/fr\\\/hub\\\/?s={search_term_string}\"},\"query-input\":{\"@type\":\"PropertyValueSpecification\",\"valueRequired\":true,\"valueName\":\"search_term_string\"}}],\"inLanguage\":\"en-US\"},{\"@type\":\"Organization\",\"@id\":\"https:\\\/\\\/frhub.netgear.com\\\/fr\\\/hub\\\/#organization\",\"name\":\"NETGEAR\",\"url\":\"https:\\\/\\\/frhub.netgear.com\\\/fr\\\/hub\\\/\",\"logo\":{\"@type\":\"ImageObject\",\"inLanguage\":\"en-US\",\"@id\":\"https:\\\/\\\/frhub.netgear.com\\\/fr\\\/hub\\\/#\\\/schema\\\/logo\\\/image\\\/\",\"url\":\"https:\\\/\\\/www.netgear.com\\\/fr\\\/hub\\\/wp-content\\\/uploads\\\/2019\\\/07\\\/NETGEAR_logo.jpg\",\"contentUrl\":\"https:\\\/\\\/www.netgear.com\\\/fr\\\/hub\\\/wp-content\\\/uploads\\\/2019\\\/07\\\/NETGEAR_logo.jpg\",\"width\":1500,\"height\":501,\"caption\":\"NETGEAR\"},\"image\":{\"@id\":\"https:\\\/\\\/frhub.netgear.com\\\/fr\\\/hub\\\/#\\\/schema\\\/logo\\\/image\\\/\"},\"sameAs\":[\"https:\\\/\\\/www.facebook.com\\\/NetgearAU\\\/\",\"https:\\\/\\\/x.com\\\/NETGEAR\",\"https:\\\/\\\/www.linkedin.com\\\/company\\\/netgear\"]}]}<\/script>\n<!-- \/ Yoast SEO plugin. -->","yoast_head_json":{"title":"L\u2019innovation JPEG2000 dynamise la collaboration entre WyreStorm et NETGEAR - NETGEAR Blog","description":"L\u2019innovation JPEG2000 dynamise la collaboration entre WyreStorm et NETGEAR","robots":{"index":"index","follow":"follow","max-snippet":"max-snippet:-1","max-image-preview":"max-image-preview:large","max-video-preview":"max-video-preview:-1"},"canonical":"https:\/\/frhub.netgear.com\/fr\/hub\/business\/av\/wyrestorm-netgear-jpeg2000-av-over-ip-collaboration\/","og_locale":"en_US","og_type":"article","og_title":"L\u2019innovation JPEG2000 dynamise la collaboration entre WyreStorm et NETGEAR - NETGEAR Blog","og_description":"L\u2019innovation JPEG2000 dynamise la collaboration entre WyreStorm et NETGEAR","og_url":"https:\/\/frhub.netgear.com\/fr\/hub\/business\/av\/wyrestorm-netgear-jpeg2000-av-over-ip-collaboration\/","og_site_name":"NETGEAR Blog","article_publisher":"https:\/\/www.facebook.com\/NetgearAU\/","article_modified_time":"2026-01-05T10:57:52+00:00","og_image":[{"width":383,"height":288,"url":"https:\/\/frhub.netgear.com\/fr\/hub\/wp-content\/uploads\/2026\/01\/Wyrestorm-1-5-383x288-1.jpeg","type":"image\/jpeg"}],"twitter_card":"summary_large_image","twitter_site":"@NETGEAR","schema":{"@context":"https:\/\/schema.org","@graph":[{"@type":"WebPage","@id":"https:\/\/frhub.netgear.com\/fr\/hub\/business\/av\/wyrestorm-netgear-jpeg2000-av-over-ip-collaboration\/","url":"https:\/\/frhub.netgear.com\/fr\/hub\/business\/av\/wyrestorm-netgear-jpeg2000-av-over-ip-collaboration\/","name":"L\u2019innovation JPEG2000 dynamise la collaboration entre WyreStorm et NETGEAR - NETGEAR Blog","isPartOf":{"@id":"https:\/\/frhub.netgear.com\/fr\/hub\/#website"},"primaryImageOfPage":{"@id":"https:\/\/frhub.netgear.com\/fr\/hub\/business\/av\/wyrestorm-netgear-jpeg2000-av-over-ip-collaboration\/#primaryimage"},"image":{"@id":"https:\/\/frhub.netgear.com\/fr\/hub\/business\/av\/wyrestorm-netgear-jpeg2000-av-over-ip-collaboration\/#primaryimage"},"thumbnailUrl":"https:\/\/frhub.netgear.com\/fr\/hub\/wp-content\/uploads\/2026\/01\/Wyrestorm-1-5-383x288-1.jpeg","datePublished":"2026-01-05T10:31:41+00:00","dateModified":"2026-01-05T10:57:52+00:00","description":"L\u2019innovation JPEG2000 dynamise la collaboration entre WyreStorm et NETGEAR","breadcrumb":{"@id":"https:\/\/frhub.netgear.com\/fr\/hub\/business\/av\/wyrestorm-netgear-jpeg2000-av-over-ip-collaboration\/#breadcrumb"},"inLanguage":"en-US","potentialAction":[{"@type":"ReadAction","target":["https:\/\/frhub.netgear.com\/fr\/hub\/business\/av\/wyrestorm-netgear-jpeg2000-av-over-ip-collaboration\/"]}]},{"@type":"ImageObject","inLanguage":"en-US","@id":"https:\/\/frhub.netgear.com\/fr\/hub\/business\/av\/wyrestorm-netgear-jpeg2000-av-over-ip-collaboration\/#primaryimage","url":"https:\/\/frhub.netgear.com\/fr\/hub\/wp-content\/uploads\/2026\/01\/Wyrestorm-1-5-383x288-1.jpeg","contentUrl":"https:\/\/frhub.netgear.com\/fr\/hub\/wp-content\/uploads\/2026\/01\/Wyrestorm-1-5-383x288-1.jpeg","width":383,"height":288},{"@type":"BreadcrumbList","@id":"https:\/\/frhub.netgear.com\/fr\/hub\/business\/av\/wyrestorm-netgear-jpeg2000-av-over-ip-collaboration\/#breadcrumb","itemListElement":[{"@type":"ListItem","position":1,"name":"Home","item":"https:\/\/frhub.netgear.com\/fr\/hub\/"},{"@type":"ListItem","position":2,"name":"Entreprises","item":"https:\/\/frhub.netgear.com\/fr\/hub\/business\/"},{"@type":"ListItem","position":3,"name":"Entreprise AV","item":"https:\/\/frhub.netgear.com\/fr\/hub\/business\/av\/"},{"@type":"ListItem","position":4,"name":"L\u2019innovation JPEG2000 dynamise la collaboration entre WyreStorm et NETGEAR"}]},{"@type":"WebSite","@id":"https:\/\/frhub.netgear.com\/fr\/hub\/#website","url":"https:\/\/frhub.netgear.com\/fr\/hub\/","name":"NETGEAR Hub France","description":"Explorez les pages de notre blog et parcourez les articles pour en savoir plus sur les produits et la technologie NETGEAR.","publisher":{"@id":"https:\/\/frhub.netgear.com\/fr\/hub\/#organization"},"potentialAction":[{"@type":"SearchAction","target":{"@type":"EntryPoint","urlTemplate":"https:\/\/frhub.netgear.com\/fr\/hub\/?s={search_term_string}"},"query-input":{"@type":"PropertyValueSpecification","valueRequired":true,"valueName":"search_term_string"}}],"inLanguage":"en-US"},{"@type":"Organization","@id":"https:\/\/frhub.netgear.com\/fr\/hub\/#organization","name":"NETGEAR","url":"https:\/\/frhub.netgear.com\/fr\/hub\/","logo":{"@type":"ImageObject","inLanguage":"en-US","@id":"https:\/\/frhub.netgear.com\/fr\/hub\/#\/schema\/logo\/image\/","url":"https:\/\/www.netgear.com\/fr\/hub\/wp-content\/uploads\/2019\/07\/NETGEAR_logo.jpg","contentUrl":"https:\/\/www.netgear.com\/fr\/hub\/wp-content\/uploads\/2019\/07\/NETGEAR_logo.jpg","width":1500,"height":501,"caption":"NETGEAR"},"image":{"@id":"https:\/\/frhub.netgear.com\/fr\/hub\/#\/schema\/logo\/image\/"},"sameAs":["https:\/\/www.facebook.com\/NetgearAU\/","https:\/\/x.com\/NETGEAR","https:\/\/www.linkedin.com\/company\/netgear"]}]}},"_links":{"self":[{"href":"https:\/\/frhub.netgear.com\/fr\/hub\/wp-json\/wp\/v2\/pages\/11806","targetHints":{"allow":["GET"]}}],"collection":[{"href":"https:\/\/frhub.netgear.com\/fr\/hub\/wp-json\/wp\/v2\/pages"}],"about":[{"href":"https:\/\/frhub.netgear.com\/fr\/hub\/wp-json\/wp\/v2\/types\/page"}],"author":[{"embeddable":true,"href":"https:\/\/frhub.netgear.com\/fr\/hub\/wp-json\/wp\/v2\/users\/97"}],"replies":[{"embeddable":true,"href":"https:\/\/frhub.netgear.com\/fr\/hub\/wp-json\/wp\/v2\/comments?post=11806"}],"version-history":[{"count":2,"href":"https:\/\/frhub.netgear.com\/fr\/hub\/wp-json\/wp\/v2\/pages\/11806\/revisions"}],"predecessor-version":[{"id":11813,"href":"https:\/\/frhub.netgear.com\/fr\/hub\/wp-json\/wp\/v2\/pages\/11806\/revisions\/11813"}],"up":[{"embeddable":true,"href":"https:\/\/frhub.netgear.com\/fr\/hub\/wp-json\/wp\/v2\/pages\/6754"}],"wp:featuredmedia":[{"embeddable":true,"href":"https:\/\/frhub.netgear.com\/fr\/hub\/wp-json\/wp\/v2\/media\/11807"}],"wp:attachment":[{"href":"https:\/\/frhub.netgear.com\/fr\/hub\/wp-json\/wp\/v2\/media?parent=11806"}],"curies":[{"name":"wp","href":"https:\/\/api.w.org\/{rel}","templated":true}]}}