{"id":11793,"date":"2025-12-23T11:50:03","date_gmt":"2025-12-23T10:50:03","guid":{"rendered":"https:\/\/frhub.netgear.com\/fr\/hub\/?page_id=11793"},"modified":"2026-01-09T09:09:12","modified_gmt":"2026-01-09T08:09:12","slug":"wlex-netgear-broadcast-case-study","status":"publish","type":"page","link":"https:\/\/frhub.netgear.com\/fr\/hub\/business\/case-studies\/av-case-studies\/wlex-netgear-broadcast-case-study\/","title":{"rendered":"WLEX Lexington transforme la production en direct avec les switches NETGEAR"},"content":{"rendered":"<p><img loading=\"lazy\" decoding=\"async\" class=\"alignone size-full wp-image-10681\" style=\"border-radius: 1em;\" src=\"https:\/\/hub.netgear.com\/hub\/wp-content\/uploads\/2026\/01\/Vulcan-interior-with-people-4-1100x621-for-web.jpg\" alt=\"\" width=\"1048\" height=\"511\" \/><\/p>\n    <div class=\"table-of-content bg-gray\">\n        <p><strong>IN THIS ARTICLE<\/strong><\/p>\n        <ul>\n                        <li><a href=\"#topic1\">Contexte<\/a><\/li>\n                        <li><a href=\"#topic2\">D\u00e9fi<\/a><\/li>\n                        <li><a href=\"#topic3\">Solution<\/a><\/li>\n                        <li><a href=\"#topic4\">R\u00e9sultats<\/a><\/li>\n                        <li><a href=\"#topic5\">Plus d'informations<\/a><\/li>\n                    <\/ul>\n    <\/div>\n        <div id=\"topic1\" class=\"skip-item\">\n                        <h2>Contexte<\/h2>\n                <p>WLEX-TV op\u00e8re comme une cha\u00eene de t\u00e9l\u00e9vision desservant Lexington et le centre du Kentucky, produisant des contenus en direct dans tout l\u2019\u00c9tat, y compris des \u00e9v\u00e9nements majeurs comme le Kentucky Derby. Les capacit\u00e9s de production mobile de la station sont essentielles \u00e0 ses op\u00e9rations, n\u00e9cessitant une infrastructure AV sophistiqu\u00e9e pouvant \u00eatre d\u00e9ploy\u00e9e rapidement sur des sites distants.<\/p>\n<p>Le camion de production mobile de la station fonctionne comme une installation de diffusion compl\u00e8te sur roues, prenant en charge des workflows vid\u00e9o multicam\u00e9ras complexes ainsi que la distribution audio num\u00e9rique bas\u00e9e sur Dante. Cette configuration avanc\u00e9e permet \u00e0 WLEX de fournir du contenu de qualit\u00e9 broadcast depuis n\u2019importe quel lieu. Toutefois, elle cr\u00e9e aussi d\u2019importants d\u00e9fis techniques lorsque l\u2019infrastructure r\u00e9seau tombe en panne ou n\u00e9cessite une reconfiguration sur le terrain.<\/p>\n<p>Avec une petite \u00e9quipe d\u2019ing\u00e9nieurs g\u00e9rant des d\u00e9ploiements sur plusieurs sites, la station avait besoin d\u2019\u00e9quipements r\u00e9seau que le personnel de production pouvait configurer et d\u00e9panner sans expertise approfondie en r\u00e9seau IT. L\u2019approche existante consistant \u00e0 louer du mat\u00e9riel pr\u00e9configur\u00e9 aupr\u00e8s de soci\u00e9t\u00e9s de location devenait probl\u00e9matique, cr\u00e9ant des d\u00e9pendances qui affectaient la fiabilit\u00e9 des \u00e9missions et augmentaient les temps d\u2019installation.<\/p>\n    <\/div>\n        <div id=\"topic2\" class=\"skip-item\">\n                        <h2>D\u00e9fi<\/h2>\n                <p>Avant d\u2019adopter leur propre infrastructure bas\u00e9e sur NETGEAR, WLEX d\u00e9pendait d\u2019\u00e9quipements de location provenant de prestataires externes. Cette approche entra\u00eenait plusieurs d\u00e9fis op\u00e9rationnels affectant directement leur capacit\u00e9 \u00e0 produire des \u00e9missions rapidement et de mani\u00e8re fiable.<\/p>\n<p>Les syst\u00e8mes lou\u00e9s arrivaient g\u00e9n\u00e9ralement configur\u00e9s sur des switches tiers arriv\u00e9s en fin de vie et hors support. Lorsque WLEX devait apporter des modifications pour r\u00e9pondre aux exigences d\u2019une \u00e9mission ou r\u00e9soudre des probl\u00e8mes de connectivit\u00e9, ils devaient contacter la soci\u00e9t\u00e9 de location, car l\u2019\u00e9quipe de production ne poss\u00e9dait pas l\u2019expertise r\u00e9seau n\u00e9cessaire pour ajuster des configurations complexes.<\/p>\n<p>Les syst\u00e8mes lou\u00e9s arrivaient souvent mal configur\u00e9s, avec des VLAN se comportant de mani\u00e8re incoh\u00e9rente \u2014 ils communiquaient lorsqu\u2019ils ne le devraient pas, ou ne communiquaient pas lorsqu\u2019ils le devraient. La mise en place de connexions trunk entre switches et la configuration de groupes d\u2019agr\u00e9gation de liens consommaient un temps d\u2019ing\u00e9nierie pr\u00e9cieux qui aurait d\u00fb \u00eatre consacr\u00e9 \u00e0 la production, et non au d\u00e9pannage r\u00e9seau.<\/p>\n<p>Ces d\u00e9fis r\u00e9seau avaient un impact direct sur la production : les temps d\u2019installation d\u00e9passaient largement ce qui aurait d\u00fb \u00eatre n\u00e9cessaire, les ing\u00e9nieurs passaient leur temps \u00e0 r\u00e9soudre des probl\u00e8mes r\u00e9seau au lieu de pr\u00e9parer les \u00e9missions, et la d\u00e9pendance au support des soci\u00e9t\u00e9s de location cr\u00e9ait des retards affectant le planning de production.<\/p>\n<p>Lorsque WLEX a d\u00e9cid\u00e9 de construire son propre camion de production mobile, l\u2019\u00e9quipe a vu une opportunit\u00e9 de transformer radicalement son approche r\u00e9seau. Ils avaient besoin d\u2019une solution offrant une fiabilit\u00e9 de niveau entreprise tout en restant accessible aux ing\u00e9nieurs broadcast, sans n\u00e9cessiter la pr\u00e9sence d\u2019experts IT sur chaque d\u00e9ploiement.<\/p>\n<p><em>\u00ab Avant NETGEAR, nous louions beaucoup de mat\u00e9riel aupr\u00e8s de soci\u00e9t\u00e9s de location. Les syst\u00e8mes arrivaient pr\u00e9configur\u00e9s sur des switches non NETGEAR, qui \u00e9taient en fin de vie. D\u00e8s que nous devions apporter des modifications, nous devions appeler la soci\u00e9t\u00e9 de location. Les VLAN se comportaient de mani\u00e8re incoh\u00e9rente. Le d\u00e9ploiement \u00e9tait lent et le temps d\u2019ing\u00e9nierie \u00e9tait gaspill\u00e9 \u00e0 d\u00e9panner au lieu de produire l\u2019\u00e9mission. \u00bb<\/em><br \/>\n\u2014 Jeremy Draper, WLEX Engineering Team<\/p>\n    <\/div>\n        <div id=\"topic3\" class=\"skip-item\">\n                        <h2>Solution<\/h2>\n                <p>Lors de la pr\u00e9paration du camion de production, WLEX a reconsid\u00e9r\u00e9 son approche r\u00e9seau et d\u00e9couvert que la gamme AV Line de NETGEAR pouvait offrir une fiabilit\u00e9 adapt\u00e9e au broadcast avec une mise en service bien plus simple que les switches entreprise utilis\u00e9s jusque-l\u00e0.<\/p>\n<p>La perception initiale de NETGEAR comme une marque orient\u00e9e grand public a rapidement \u00e9volu\u00e9 : l\u2019\u00e9quipe a d\u00e9couvert du mat\u00e9riel r\u00e9seau sp\u00e9cifiquement con\u00e7u pour le broadcast, avec des profils pr\u00e9configur\u00e9s pour les applications audio et vid\u00e9o professionnelles.<\/p>\n<p>Les switches NETGEAR M4250 sont devenus la base de l\u2019infrastructure mobile de WLEX, avec des profils Dante simplifiant la configuration du r\u00e9seau audio. Au lieu de configurer manuellement les VLAN, le multicast et la QoS, l\u2019\u00e9quipe pouvait simplement s\u00e9lectionner le profil Dante dans NETGEAR Engage, connecter les switches et obtenir un r\u00e9seau audio robuste en quelques minutes.<\/p>\n<p>Le syst\u00e8me NETGEAR AV OS\u2122 offrait un avantage majeur : les ing\u00e9nieurs broadcast pouvaient configurer les switches via une interface web intuitive con\u00e7ue pour les professionnels AV, sans expertise IT. Cette simplicit\u00e9 \u00e9liminait le besoin constant de faire appel \u00e0 la soci\u00e9t\u00e9 de location pour chaque modification de configuration.<\/p>\n<p>La plateforme de gestion NETGEAR Engage\u2122 est devenue centrale dans le workflow de production de WLEX, offrant une visualisation de la topologie et une visibilit\u00e9 imm\u00e9diate sur les \u00e9tats r\u00e9seaux, les VLAN et les connexions.<\/p>\n<p>La flexibilit\u00e9 de l\u2019infrastructure s\u2019est r\u00e9v\u00e9l\u00e9e essentielle : l\u2019ajout de switches ou l\u2019extension de la couverture r\u00e9seau pouvait \u00eatre r\u00e9alis\u00e9 en environ dix minutes gr\u00e2ce \u00e0 l\u2019interface Engage et aux modules SFP+.<\/p>\n<p>Pour la connectivit\u00e9 Internet, WLEX a d\u00e9ploy\u00e9 le routeur NETGEAR PR460X avec double WAN, permettant un basculement automatique entre Internet du site et Starlink en cas de panne, assurant une continuit\u00e9 de diffusion.<\/p>\n<p><em>\u00ab Tout revient \u00e0 une chose : c\u2019est simple. La s\u00e9rie NETGEAR M4250 peut faire ce que vous voulez si vous avez besoin de fonctions avanc\u00e9es, mais si vous avez simplement besoin que cela fonctionne de mani\u00e8re fiable, c\u2019est simple. \u00bb<\/em><br \/>\n\u2014 Ash Attwood, Audio Visual System Designer, Audiotek<\/p>\n    <\/div>\n        <div id=\"topic4\" class=\"skip-item\">\n                        <h2>R\u00e9sultats<\/h2>\n                <p>La transformation r\u00e9seau de WLEX a apport\u00e9 des am\u00e9liorations mesurables en fiabilit\u00e9, efficacit\u00e9 et flexibilit\u00e9 op\u00e9rationnelle.<\/p>\n<p>Les profils pr\u00e9configur\u00e9s et l\u2019interface intuitive ont r\u00e9duit les temps de d\u00e9ploiement de plusieurs heures \u00e0 quelques minutes. Ce qui n\u00e9cessitait autrefois coordination externe et d\u00e9pannage complexe pouvait d\u00e9sormais \u00eatre r\u00e9alis\u00e9 rapidement par l\u2019\u00e9quipe interne.<\/p>\n<p>En adoptant leur propre infrastructure, WLEX a supprim\u00e9 sa d\u00e9pendance aux soci\u00e9t\u00e9s de location. Apr\u00e8s deux ans d\u2019op\u00e9ration, ils n\u2019ont constat\u00e9 aucune d\u00e9faillance r\u00e9seau li\u00e9e aux switches NETGEAR.<\/p>\n<p>Le basculement WAN automatique via le PR460X a prot\u00e9g\u00e9 les \u00e9missions des pannes Internet, assurant une continuit\u00e9 quasi transparente.<\/p>\n<p>Le succ\u00e8s de l\u2019\u00e9quipement NETGEAR dans le camion a conduit WLEX \u00e0 l\u2019adopter \u00e9galement dans leur studio principal, notamment lors de la construction d\u2019une deuxi\u00e8me salle de contr\u00f4le.<\/p>\n<p><em>\u00ab L\u2019interface AV a rendu tout cela simple. Je le configure, \u00e7a fonctionne, et je passe \u00e0 autre chose. Je ne d\u00e9ploierai plus jamais un r\u00e9seau Dante qui ne soit pas bas\u00e9 sur des switches NETGEAR. \u00bb<\/em><br \/>\n\u2014 Jeremy Draper, WLEX Engineering Team<\/p>\n<p><strong><u>Produits NETGEAR utilis\u00e9s :<\/u><\/strong><br \/>\n\u2022 Switches AV Line NETGEAR M4250<br \/>\n\u2022 Routeur multi-WAN NETGEAR PR460X<br \/>\n\u2022 Modules fibre SFP+ NETGEAR<\/p>\n    <\/div>\n        <div id=\"topic5\" class=\"skip-item\">\n                        <h2>Plus d'informations<\/h2>\n                <p><!--SOLUTIONS NETGEAR AV --><br \/>\nPlus d\u2019informations sur nos solutions audiovisuelles<\/p>\n<div class=\"hs-cta-embed hs-cta-simple-placeholder hs-cta-embed-241151160046\" style=\"max-width: 100%;max-height: 100%;width: 260px;height: 50.390625px\" data-hubspot-wrapper-cta-id=\"241151160046\"><a href=\"https:\/\/cta-na2.hubspot.com\/web-interactives\/public\/v1\/track\/redirect?encryptedPayload=AVxigLJf4HGLXU18h5HBrlQTZuKX4p21iriDX%2FD9Weo1E0jc26wgSp32sJpGF%2FrOb977gqk9Skq%2FVgamhq%2FXvCN0mPQ1dmrdARtcNUH8fV5cFOvngo8qJ8EuMyEq%2Fqu2y51zC2FZUVyu97opP5ixVGCiE%2Bg6BOgTVVDljEMF5hhhXUNpnikrl2UTN%2Bb3TA%3D%3D&amp;webInteractiveContentId=241151160046&amp;portalId=242128791\" target=\"_blank\" rel=\"noopener\"><br \/>\n<img decoding=\"async\" style=\"height: 100%;width: 100%;object-fit: fill\" src=\"https:\/\/hubspot-no-cache-na2-prod.s3.amazonaws.com\/cta\/default\/242128791\/interactive-241151160046.png\" alt=\"SOLUTIONS NETGEAR AV\" \/><br \/>\n<\/a><\/div>\n<p><!-- NETGEAR ACADEMY AV --><br \/>\nApprenez tout sur les r\u00e9seaux IP gr\u00e2ce \u00e0 la NETGEAR ACADEMY<\/p>\n<div class=\"hs-cta-embed hs-cta-simple-placeholder hs-cta-embed-241151160033\" style=\"max-width: 100%;max-height: 100%;width: 260px;height: 50.390625px\" data-hubspot-wrapper-cta-id=\"241151160033\"><a href=\"https:\/\/cta-na2.hubspot.com\/web-interactives\/public\/v1\/track\/redirect?encryptedPayload=AVxigLJ6zgXxrLVJLagOt9pyIXf5%2FGgh9lUupWJj49Nfcbq71eIrrvJQt9JGeaQwNkTAPTWhI2%2BXk56NQscWP4xOQ7iZrhk6rkBjyO4dBlJGP1gG3BpcrdlgLyF%2F850K2l3xn5kDj5H%2Fur8VO2zJH58QH7by4HFWliY25223Shr3sQx25aCmNBjCDkNwA2WRum67F9fGyQyzoYOn86wAq%2Brw3xzsBDMbyw%3D%3D&amp;webInteractiveContentId=241151160033&amp;portalId=242128791\" target=\"_blank\" rel=\"noopener\"><br \/>\n<img decoding=\"async\" style=\"height: 100%;width: 100%;object-fit: fill\" src=\"https:\/\/hubspot-no-cache-na2-prod.s3.amazonaws.com\/cta\/default\/242128791\/interactive-241151160033.png\" alt=\"NETGEAR ACADEMY\" \/><br \/>\n<\/a><\/div>\n<p style=\"margin-bottom: 30px\"><!--CONTACTEZ L'EQUIPE PROAV --><br \/>\nNos ing\u00e9nieurs vous accompagneront gratuitement dans la r\u00e9alisation de vos projets audiovisuels<\/p>\n<div class=\"hs-cta-embed hs-cta-simple-placeholder hs-cta-embed-241151160055\" style=\"max-width: 100%;max-height: 100%;width: 270px;height: 50.390625px\" data-hubspot-wrapper-cta-id=\"241151160055\"><a href=\"https:\/\/cta-na2.hubspot.com\/web-interactives\/public\/v1\/track\/redirect?encryptedPayload=AVxigLLUG9XShtF2ziGdRlpsMD%2BMJ39t1kFOE7VlHl2HmmlWzlJWH0rsV7f3eoQL53gclcWb0lliiDgK3EAMVvEOcIE7gW9aYOwk1uipv43pSUkBlDtiKJ%2BcB7fopWupnJbggqZWRkNERZkdh1dDGXHHDJX3V0sOA8mbXD%2Fd6QC2XK2OyVtrDNFDHbBoT6b15PyvF4Ca3b6JBNTYdAzYeH790XenlNKBP4OKZqw50t7IGx9DuADFMFlNdg6FWQ%3D%3D&amp;webInteractiveContentId=241151160055&amp;portalId=242128791\" target=\"_blank\" rel=\"noopener\"><br \/>\n<img decoding=\"async\" style=\"height: 100%;width: 100%;object-fit: fill\" src=\"https:\/\/hubspot-no-cache-na2-prod.s3.amazonaws.com\/cta\/default\/242128791\/interactive-241151160055.png\" alt=\"CONTACTEZ L'EQUIPE PROAV\" \/><br \/>\n<\/a><\/div>\n<p style=\"margin-top: 50px\"><iframe loading=\"lazy\" src=\"https:\/\/405nrr.share-na2.hsforms.com\/24AR2ZDSmQqWycFqf8q5-eg\" width=\"100%\" height=\"1200px\"><\/iframe><\/p>\n    <\/div>\n    \n","protected":false},"excerpt":{"rendered":"","protected":false},"author":97,"featured_media":11794,"parent":10498,"menu_order":0,"comment_status":"closed","ping_status":"closed","template":"templates\/blog-wifi.php","meta":{"_acf_changed":false,"content-type":"","footnotes":""},"class_list":["post-11793","page","type-page","status-publish","has-post-thumbnail","hentry"],"acf":[],"yoast_head":"<!-- This site is optimized with the Yoast SEO plugin v27.4 - https:\/\/yoast.com\/product\/yoast-seo-wordpress\/ -->\n<title>WLEX Lexington transforme la production en direct avec les switches NETGEAR - NETGEAR Blog<\/title>\n<meta name=\"description\" content=\"WLEX Lexington transforme la production en direct avec les switches NETGEAR\" \/>\n<meta name=\"robots\" content=\"index, follow, max-snippet:-1, max-image-preview:large, max-video-preview:-1\" \/>\n<link rel=\"canonical\" href=\"https:\/\/frhub.netgear.com\/fr\/hub\/business\/case-studies\/av-case-studies\/wlex-netgear-broadcast-case-study\/\" \/>\n<meta property=\"og:locale\" content=\"en_US\" \/>\n<meta property=\"og:type\" content=\"article\" \/>\n<meta property=\"og:title\" content=\"WLEX Lexington transforme la production en direct avec les switches NETGEAR - NETGEAR Blog\" \/>\n<meta property=\"og:description\" content=\"WLEX Lexington transforme la production en direct avec les switches NETGEAR\" \/>\n<meta property=\"og:url\" content=\"https:\/\/frhub.netgear.com\/fr\/hub\/business\/case-studies\/av-case-studies\/wlex-netgear-broadcast-case-study\/\" \/>\n<meta property=\"og:site_name\" content=\"NETGEAR Blog\" \/>\n<meta property=\"article:publisher\" content=\"https:\/\/www.facebook.com\/NetgearAU\/\" \/>\n<meta property=\"article:modified_time\" content=\"2026-01-09T08:09:12+00:00\" \/>\n<meta property=\"og:image\" content=\"https:\/\/frhub.netgear.com\/fr\/hub\/wp-content\/uploads\/2025\/12\/Annie-Brown-Lexington-383x288-1.png\" \/>\n\t<meta property=\"og:image:width\" content=\"383\" \/>\n\t<meta property=\"og:image:height\" content=\"288\" \/>\n\t<meta property=\"og:image:type\" content=\"image\/png\" \/>\n<meta name=\"twitter:card\" content=\"summary_large_image\" \/>\n<meta name=\"twitter:site\" content=\"@NETGEAR\" \/>\n<script type=\"application\/ld+json\" class=\"yoast-schema-graph\">{\"@context\":\"https:\\\/\\\/schema.org\",\"@graph\":[{\"@type\":\"WebPage\",\"@id\":\"https:\\\/\\\/frhub.netgear.com\\\/fr\\\/hub\\\/business\\\/case-studies\\\/av-case-studies\\\/wlex-netgear-broadcast-case-study\\\/\",\"url\":\"https:\\\/\\\/frhub.netgear.com\\\/fr\\\/hub\\\/business\\\/case-studies\\\/av-case-studies\\\/wlex-netgear-broadcast-case-study\\\/\",\"name\":\"WLEX Lexington transforme la production en direct avec les switches NETGEAR - NETGEAR Blog\",\"isPartOf\":{\"@id\":\"https:\\\/\\\/frhub.netgear.com\\\/fr\\\/hub\\\/#website\"},\"primaryImageOfPage\":{\"@id\":\"https:\\\/\\\/frhub.netgear.com\\\/fr\\\/hub\\\/business\\\/case-studies\\\/av-case-studies\\\/wlex-netgear-broadcast-case-study\\\/#primaryimage\"},\"image\":{\"@id\":\"https:\\\/\\\/frhub.netgear.com\\\/fr\\\/hub\\\/business\\\/case-studies\\\/av-case-studies\\\/wlex-netgear-broadcast-case-study\\\/#primaryimage\"},\"thumbnailUrl\":\"https:\\\/\\\/frhub.netgear.com\\\/fr\\\/hub\\\/wp-content\\\/uploads\\\/2025\\\/12\\\/Annie-Brown-Lexington-383x288-1.png\",\"datePublished\":\"2025-12-23T10:50:03+00:00\",\"dateModified\":\"2026-01-09T08:09:12+00:00\",\"description\":\"WLEX Lexington transforme la production en direct avec les switches NETGEAR\",\"breadcrumb\":{\"@id\":\"https:\\\/\\\/frhub.netgear.com\\\/fr\\\/hub\\\/business\\\/case-studies\\\/av-case-studies\\\/wlex-netgear-broadcast-case-study\\\/#breadcrumb\"},\"inLanguage\":\"en-US\",\"potentialAction\":[{\"@type\":\"ReadAction\",\"target\":[\"https:\\\/\\\/frhub.netgear.com\\\/fr\\\/hub\\\/business\\\/case-studies\\\/av-case-studies\\\/wlex-netgear-broadcast-case-study\\\/\"]}]},{\"@type\":\"ImageObject\",\"inLanguage\":\"en-US\",\"@id\":\"https:\\\/\\\/frhub.netgear.com\\\/fr\\\/hub\\\/business\\\/case-studies\\\/av-case-studies\\\/wlex-netgear-broadcast-case-study\\\/#primaryimage\",\"url\":\"https:\\\/\\\/frhub.netgear.com\\\/fr\\\/hub\\\/wp-content\\\/uploads\\\/2025\\\/12\\\/Annie-Brown-Lexington-383x288-1.png\",\"contentUrl\":\"https:\\\/\\\/frhub.netgear.com\\\/fr\\\/hub\\\/wp-content\\\/uploads\\\/2025\\\/12\\\/Annie-Brown-Lexington-383x288-1.png\",\"width\":383,\"height\":288},{\"@type\":\"BreadcrumbList\",\"@id\":\"https:\\\/\\\/frhub.netgear.com\\\/fr\\\/hub\\\/business\\\/case-studies\\\/av-case-studies\\\/wlex-netgear-broadcast-case-study\\\/#breadcrumb\",\"itemListElement\":[{\"@type\":\"ListItem\",\"position\":1,\"name\":\"Home\",\"item\":\"https:\\\/\\\/frhub.netgear.com\\\/fr\\\/hub\\\/\"},{\"@type\":\"ListItem\",\"position\":2,\"name\":\"Entreprises\",\"item\":\"https:\\\/\\\/frhub.netgear.com\\\/fr\\\/hub\\\/business\\\/\"},{\"@type\":\"ListItem\",\"position\":3,\"name\":\"All Case Studies &#8211; FR\",\"item\":\"https:\\\/\\\/frhub.netgear.com\\\/fr\\\/hub\\\/business\\\/case-studies\\\/\"},{\"@type\":\"ListItem\",\"position\":4,\"name\":\"Case Studies &#8211; AV &#8211; FR\",\"item\":\"https:\\\/\\\/frhub.netgear.com\\\/fr\\\/hub\\\/business\\\/case-studies\\\/av-case-studies\\\/\"},{\"@type\":\"ListItem\",\"position\":5,\"name\":\"WLEX Lexington transforme la production en direct avec les switches NETGEAR\"}]},{\"@type\":\"WebSite\",\"@id\":\"https:\\\/\\\/frhub.netgear.com\\\/fr\\\/hub\\\/#website\",\"url\":\"https:\\\/\\\/frhub.netgear.com\\\/fr\\\/hub\\\/\",\"name\":\"NETGEAR Hub France\",\"description\":\"Explorez les pages de notre blog et parcourez les articles pour en savoir plus sur les produits et la technologie NETGEAR.\",\"publisher\":{\"@id\":\"https:\\\/\\\/frhub.netgear.com\\\/fr\\\/hub\\\/#organization\"},\"potentialAction\":[{\"@type\":\"SearchAction\",\"target\":{\"@type\":\"EntryPoint\",\"urlTemplate\":\"https:\\\/\\\/frhub.netgear.com\\\/fr\\\/hub\\\/?s={search_term_string}\"},\"query-input\":{\"@type\":\"PropertyValueSpecification\",\"valueRequired\":true,\"valueName\":\"search_term_string\"}}],\"inLanguage\":\"en-US\"},{\"@type\":\"Organization\",\"@id\":\"https:\\\/\\\/frhub.netgear.com\\\/fr\\\/hub\\\/#organization\",\"name\":\"NETGEAR\",\"url\":\"https:\\\/\\\/frhub.netgear.com\\\/fr\\\/hub\\\/\",\"logo\":{\"@type\":\"ImageObject\",\"inLanguage\":\"en-US\",\"@id\":\"https:\\\/\\\/frhub.netgear.com\\\/fr\\\/hub\\\/#\\\/schema\\\/logo\\\/image\\\/\",\"url\":\"https:\\\/\\\/www.netgear.com\\\/fr\\\/hub\\\/wp-content\\\/uploads\\\/2019\\\/07\\\/NETGEAR_logo.jpg\",\"contentUrl\":\"https:\\\/\\\/www.netgear.com\\\/fr\\\/hub\\\/wp-content\\\/uploads\\\/2019\\\/07\\\/NETGEAR_logo.jpg\",\"width\":1500,\"height\":501,\"caption\":\"NETGEAR\"},\"image\":{\"@id\":\"https:\\\/\\\/frhub.netgear.com\\\/fr\\\/hub\\\/#\\\/schema\\\/logo\\\/image\\\/\"},\"sameAs\":[\"https:\\\/\\\/www.facebook.com\\\/NetgearAU\\\/\",\"https:\\\/\\\/x.com\\\/NETGEAR\",\"https:\\\/\\\/www.linkedin.com\\\/company\\\/netgear\"]}]}<\/script>\n<!-- \/ Yoast SEO plugin. -->","yoast_head_json":{"title":"WLEX Lexington transforme la production en direct avec les switches NETGEAR - NETGEAR Blog","description":"WLEX Lexington transforme la production en direct avec les switches NETGEAR","robots":{"index":"index","follow":"follow","max-snippet":"max-snippet:-1","max-image-preview":"max-image-preview:large","max-video-preview":"max-video-preview:-1"},"canonical":"https:\/\/frhub.netgear.com\/fr\/hub\/business\/case-studies\/av-case-studies\/wlex-netgear-broadcast-case-study\/","og_locale":"en_US","og_type":"article","og_title":"WLEX Lexington transforme la production en direct avec les switches NETGEAR - NETGEAR Blog","og_description":"WLEX Lexington transforme la production en direct avec les switches NETGEAR","og_url":"https:\/\/frhub.netgear.com\/fr\/hub\/business\/case-studies\/av-case-studies\/wlex-netgear-broadcast-case-study\/","og_site_name":"NETGEAR Blog","article_publisher":"https:\/\/www.facebook.com\/NetgearAU\/","article_modified_time":"2026-01-09T08:09:12+00:00","og_image":[{"width":383,"height":288,"url":"https:\/\/frhub.netgear.com\/fr\/hub\/wp-content\/uploads\/2025\/12\/Annie-Brown-Lexington-383x288-1.png","type":"image\/png"}],"twitter_card":"summary_large_image","twitter_site":"@NETGEAR","schema":{"@context":"https:\/\/schema.org","@graph":[{"@type":"WebPage","@id":"https:\/\/frhub.netgear.com\/fr\/hub\/business\/case-studies\/av-case-studies\/wlex-netgear-broadcast-case-study\/","url":"https:\/\/frhub.netgear.com\/fr\/hub\/business\/case-studies\/av-case-studies\/wlex-netgear-broadcast-case-study\/","name":"WLEX Lexington transforme la production en direct avec les switches NETGEAR - NETGEAR Blog","isPartOf":{"@id":"https:\/\/frhub.netgear.com\/fr\/hub\/#website"},"primaryImageOfPage":{"@id":"https:\/\/frhub.netgear.com\/fr\/hub\/business\/case-studies\/av-case-studies\/wlex-netgear-broadcast-case-study\/#primaryimage"},"image":{"@id":"https:\/\/frhub.netgear.com\/fr\/hub\/business\/case-studies\/av-case-studies\/wlex-netgear-broadcast-case-study\/#primaryimage"},"thumbnailUrl":"https:\/\/frhub.netgear.com\/fr\/hub\/wp-content\/uploads\/2025\/12\/Annie-Brown-Lexington-383x288-1.png","datePublished":"2025-12-23T10:50:03+00:00","dateModified":"2026-01-09T08:09:12+00:00","description":"WLEX Lexington transforme la production en direct avec les switches NETGEAR","breadcrumb":{"@id":"https:\/\/frhub.netgear.com\/fr\/hub\/business\/case-studies\/av-case-studies\/wlex-netgear-broadcast-case-study\/#breadcrumb"},"inLanguage":"en-US","potentialAction":[{"@type":"ReadAction","target":["https:\/\/frhub.netgear.com\/fr\/hub\/business\/case-studies\/av-case-studies\/wlex-netgear-broadcast-case-study\/"]}]},{"@type":"ImageObject","inLanguage":"en-US","@id":"https:\/\/frhub.netgear.com\/fr\/hub\/business\/case-studies\/av-case-studies\/wlex-netgear-broadcast-case-study\/#primaryimage","url":"https:\/\/frhub.netgear.com\/fr\/hub\/wp-content\/uploads\/2025\/12\/Annie-Brown-Lexington-383x288-1.png","contentUrl":"https:\/\/frhub.netgear.com\/fr\/hub\/wp-content\/uploads\/2025\/12\/Annie-Brown-Lexington-383x288-1.png","width":383,"height":288},{"@type":"BreadcrumbList","@id":"https:\/\/frhub.netgear.com\/fr\/hub\/business\/case-studies\/av-case-studies\/wlex-netgear-broadcast-case-study\/#breadcrumb","itemListElement":[{"@type":"ListItem","position":1,"name":"Home","item":"https:\/\/frhub.netgear.com\/fr\/hub\/"},{"@type":"ListItem","position":2,"name":"Entreprises","item":"https:\/\/frhub.netgear.com\/fr\/hub\/business\/"},{"@type":"ListItem","position":3,"name":"All Case Studies &#8211; FR","item":"https:\/\/frhub.netgear.com\/fr\/hub\/business\/case-studies\/"},{"@type":"ListItem","position":4,"name":"Case Studies &#8211; AV &#8211; FR","item":"https:\/\/frhub.netgear.com\/fr\/hub\/business\/case-studies\/av-case-studies\/"},{"@type":"ListItem","position":5,"name":"WLEX Lexington transforme la production en direct avec les switches NETGEAR"}]},{"@type":"WebSite","@id":"https:\/\/frhub.netgear.com\/fr\/hub\/#website","url":"https:\/\/frhub.netgear.com\/fr\/hub\/","name":"NETGEAR Hub France","description":"Explorez les pages de notre blog et parcourez les articles pour en savoir plus sur les produits et la technologie NETGEAR.","publisher":{"@id":"https:\/\/frhub.netgear.com\/fr\/hub\/#organization"},"potentialAction":[{"@type":"SearchAction","target":{"@type":"EntryPoint","urlTemplate":"https:\/\/frhub.netgear.com\/fr\/hub\/?s={search_term_string}"},"query-input":{"@type":"PropertyValueSpecification","valueRequired":true,"valueName":"search_term_string"}}],"inLanguage":"en-US"},{"@type":"Organization","@id":"https:\/\/frhub.netgear.com\/fr\/hub\/#organization","name":"NETGEAR","url":"https:\/\/frhub.netgear.com\/fr\/hub\/","logo":{"@type":"ImageObject","inLanguage":"en-US","@id":"https:\/\/frhub.netgear.com\/fr\/hub\/#\/schema\/logo\/image\/","url":"https:\/\/www.netgear.com\/fr\/hub\/wp-content\/uploads\/2019\/07\/NETGEAR_logo.jpg","contentUrl":"https:\/\/www.netgear.com\/fr\/hub\/wp-content\/uploads\/2019\/07\/NETGEAR_logo.jpg","width":1500,"height":501,"caption":"NETGEAR"},"image":{"@id":"https:\/\/frhub.netgear.com\/fr\/hub\/#\/schema\/logo\/image\/"},"sameAs":["https:\/\/www.facebook.com\/NetgearAU\/","https:\/\/x.com\/NETGEAR","https:\/\/www.linkedin.com\/company\/netgear"]}]}},"_links":{"self":[{"href":"https:\/\/frhub.netgear.com\/fr\/hub\/wp-json\/wp\/v2\/pages\/11793","targetHints":{"allow":["GET"]}}],"collection":[{"href":"https:\/\/frhub.netgear.com\/fr\/hub\/wp-json\/wp\/v2\/pages"}],"about":[{"href":"https:\/\/frhub.netgear.com\/fr\/hub\/wp-json\/wp\/v2\/types\/page"}],"author":[{"embeddable":true,"href":"https:\/\/frhub.netgear.com\/fr\/hub\/wp-json\/wp\/v2\/users\/97"}],"replies":[{"embeddable":true,"href":"https:\/\/frhub.netgear.com\/fr\/hub\/wp-json\/wp\/v2\/comments?post=11793"}],"version-history":[{"count":3,"href":"https:\/\/frhub.netgear.com\/fr\/hub\/wp-json\/wp\/v2\/pages\/11793\/revisions"}],"predecessor-version":[{"id":11814,"href":"https:\/\/frhub.netgear.com\/fr\/hub\/wp-json\/wp\/v2\/pages\/11793\/revisions\/11814"}],"up":[{"embeddable":true,"href":"https:\/\/frhub.netgear.com\/fr\/hub\/wp-json\/wp\/v2\/pages\/10498"}],"wp:featuredmedia":[{"embeddable":true,"href":"https:\/\/frhub.netgear.com\/fr\/hub\/wp-json\/wp\/v2\/media\/11794"}],"wp:attachment":[{"href":"https:\/\/frhub.netgear.com\/fr\/hub\/wp-json\/wp\/v2\/media?parent=11793"}],"curies":[{"name":"wp","href":"https:\/\/api.w.org\/{rel}","templated":true}]}}