{"id":11775,"date":"2025-11-22T19:31:50","date_gmt":"2025-12-02T18:31:52","guid":{"rendered":"https:\/\/frhub.netgear.com\/fr\/hub\/?page_id=11775"},"modified":"2025-12-02T19:32:25","modified_gmt":"2025-12-02T18:32:25","slug":"media-networking-excellence-drives-the-lumens-and-netgear-av-collaboration","status":"publish","type":"page","link":"https:\/\/frhub.netgear.com\/fr\/hub\/business\/av\/media-networking-excellence-drives-the-lumens-and-netgear-av-collaboration\/","title":{"rendered":"L\u2019excellence du Media Networking propulse la collaboration entre Lumens et NETGEAR AV"},"content":{"rendered":"<p><img loading=\"lazy\" decoding=\"async\" class=\"alignone size-full wp-image-10681\" style=\"border-radius: 1em;\" src=\"https:\/\/www.netgear.com\/hub\/wp-content\/uploads\/2025\/11\/LumensPTZ.png\" alt=\"\" width=\"1048\" height=\"511\" \/><\/p>\n    <div class=\"table-of-content bg-gray\">\n        <p><strong>IN THIS ARTICLE<\/strong><\/p>\n        <ul>\n                        <li><a href=\"#topic1\">La transition vers l\u2019AV bas\u00e9 sur IP<\/a><\/li>\n                        <li><a href=\"#topic2\">Partenariat NETGEAR &amp; Lumens<\/a><\/li>\n                        <li><a href=\"#topic3\">Support int\u00e9gr\u00e9 des protocoles AV<\/a><\/li>\n                        <li><a href=\"#topic4\">Commutation optimis\u00e9e pour l\u2019AV<\/a><\/li>\n                        <li><a href=\"#topic5\">Au c\u0153ur de l\u2019\u00e9cosyst\u00e8me IP Lumens<\/a><\/li>\n                        <li><a href=\"#topic6\">Compatibilit\u00e9 r\u00e9seau \u00e9prouv\u00e9e<\/a><\/li>\n                        <li><a href=\"#topic7\">Int\u00e9gration fluide \u00e0 faible latence<\/a><\/li>\n                        <li><a href=\"#topic8\">Plus d'informations<\/a><\/li>\n                    <\/ul>\n    <\/div>\n        <div id=\"topic1\" class=\"skip-item\">\n                        <h2>La transition vers l\u2019AV bas\u00e9 sur IP<\/h2>\n                <p>La transformation de l\u2019industrie audiovisuelle professionnelle vers des flux de travail bas\u00e9s sur IP a profond\u00e9ment chang\u00e9 les syst\u00e8mes de communication visuelle. La demande pour un <strong data-start=\"269\" data-end=\"312\">r\u00e9seau m\u00e9dia fiable et \u00e0 faible latence<\/strong> stimule l\u2019innovation dans les technologies de cam\u00e9ra et l\u2019infrastructure r\u00e9seau.<\/p>\n    <\/div>\n        <div id=\"topic2\" class=\"skip-item\">\n                        <h2>Partenariat NETGEAR &amp; Lumens<\/h2>\n                <p>Notre partenariat strat\u00e9gique avec Lumens combine les <strong data-start=\"492\" data-end=\"517\">cam\u00e9ras PTZ de pointe<\/strong>, la <strong data-start=\"522\" data-end=\"552\">technologie de suivi vocal<\/strong> et les <strong data-start=\"560\" data-end=\"576\">\u00e9metteurs IP<\/strong> de Lumens avec les solutions de r\u00e9seau m\u00e9dia sp\u00e9cialis\u00e9es de NETGEAR. Cette collaboration montre comment les protocoles vid\u00e9o avanc\u00e9s, y compris <strong data-start=\"722\" data-end=\"747\">RTSP, NDI et Dante AV<\/strong>, convergent avec une infrastructure Ethernet haute performance pour r\u00e9volutionner les d\u00e9ploiements dans les environnements <strong data-start=\"871\" data-end=\"913\">corporate, broadcast et streaming live<\/strong>.<\/p>\n    <\/div>\n        <div id=\"topic3\" class=\"skip-item\">\n                        <h2>Support int\u00e9gr\u00e9 des protocoles AV<\/h2>\n                <p data-start=\"964\" data-end=\"1081\">Les commutateurs <strong data-start=\"981\" data-end=\"992\">AV Line<\/strong> de NETGEAR offrent un support natif pour les principaux protocoles AV professionnels :<\/p>\n<ul data-start=\"1083\" data-end=\"1244\">\n<li data-start=\"1083\" data-end=\"1126\">\n<p data-start=\"1085\" data-end=\"1126\"><strong data-start=\"1085\" data-end=\"1092\">AMX<\/strong> pour l\u2019int\u00e9gration du contr\u00f4le,<\/p>\n<\/li>\n<li data-start=\"1127\" data-end=\"1175\">\n<p data-start=\"1129\" data-end=\"1175\"><strong data-start=\"1129\" data-end=\"1136\">NDI<\/strong> pour les workflows collaboratifs IP,<\/p>\n<\/li>\n<li data-start=\"1176\" data-end=\"1244\">\n<p data-start=\"1178\" data-end=\"1244\"><strong data-start=\"1178\" data-end=\"1192\">Dante AV-H<\/strong> pour le transport audio-vid\u00e9o sur les r\u00e9seaux IP.<\/p>\n<\/li>\n<\/ul>\n<p data-start=\"1246\" data-end=\"1400\">Ce support complet des protocoles garantit que les cam\u00e9ras et \u00e9metteurs Lumens optimis\u00e9s pour le r\u00e9seau d\u00e9livrent <strong data-start=\"1360\" data-end=\"1399\">leur plein potentiel de performance<\/strong>.<\/p>\n    <\/div>\n        <div id=\"topic4\" class=\"skip-item\">\n                        <h2>Commutation optimis\u00e9e pour l\u2019AV<\/h2>\n                <p>Les commutateurs offrent des capacit\u00e9s <strong data-start=\"1487\" data-end=\"1524\">1 et 10 Gigabit haute performance<\/strong>, avec des fonctionnalit\u00e9s sp\u00e9cialis\u00e9es qui les distinguent des \u00e9quipements r\u00e9seau g\u00e9n\u00e9riques, fournissant <strong data-start=\"1631\" data-end=\"1697\">bande passante, pr\u00e9cision temporelle et gestion des protocoles<\/strong> n\u00e9cessaires pour des r\u00e9sultats professionnels.<\/p>\n    <\/div>\n        <div id=\"topic5\" class=\"skip-item\">\n                        <h2>Au c\u0153ur de l\u2019\u00e9cosyst\u00e8me IP Lumens<\/h2>\n                <p data-start=\"1794\" data-end=\"1829\">Le portefeuille Lumens comprend :<\/p>\n<ul data-start=\"1831\" data-end=\"2409\">\n<li data-start=\"1831\" data-end=\"2065\">\n<p data-start=\"1833\" data-end=\"2065\"><strong data-start=\"1833\" data-end=\"1847\">Cam\u00e9ras AI<\/strong> prenant en charge les protocoles RTSP, Dante AV-H et NDI, offrant une vid\u00e9o HD et UltraHD de haute qualit\u00e9 \u00e0 faible latence, tout en recevant les donn\u00e9es de contr\u00f4le, l\u2019alimentation et les instructions tally via IP.<\/p>\n<\/li>\n<li data-start=\"2066\" data-end=\"2192\">\n<p data-start=\"2068\" data-end=\"2192\"><strong data-start=\"2068\" data-end=\"2106\">Transcodeurs OIP Bridge AV over IP<\/strong> pour la transmission vid\u00e9o et audio sur r\u00e9seau et l\u2019int\u00e9gration avec Teams et Zoom.<\/p>\n<\/li>\n<li data-start=\"2193\" data-end=\"2309\">\n<p data-start=\"2195\" data-end=\"2309\"><strong data-start=\"2195\" data-end=\"2239\">Solutions multi-cam\u00e9ras avec suivi vocal<\/strong>, supportant la capture vid\u00e9o IP et la production vid\u00e9o automatis\u00e9e.<\/p>\n<\/li>\n<li data-start=\"2310\" data-end=\"2409\">\n<p data-start=\"2312\" data-end=\"2409\"><strong data-start=\"2312\" data-end=\"2350\">Processeurs m\u00e9dias multi-canaux IP<\/strong> avec contr\u00f4le r\u00e9seau et encodeurs de streaming int\u00e9gr\u00e9s.<\/p>\n<\/li>\n<\/ul>\n    <\/div>\n        <div id=\"topic6\" class=\"skip-item\">\n                        <h2>Compatibilit\u00e9 r\u00e9seau \u00e9prouv\u00e9e<\/h2>\n                <p>En tant que partenaires agr\u00e9\u00e9s, les ing\u00e9nieurs Lumens travaillent directement avec NETGEAR pour assurer une <strong data-start=\"2563\" data-end=\"2589\">compatibilit\u00e9 compl\u00e8te<\/strong> avec les commutateurs 1G, 10G et 100G gr\u00e2ce \u00e0 des tests et validations exhaustifs. Cette collaboration \u00e9limine les incertitudes de d\u00e9ploiement et garantit des performances constantes dans divers sc\u00e9narios d\u2019installation.<\/p>\n    <\/div>\n        <div id=\"topic7\" class=\"skip-item\">\n                        <h2>Int\u00e9gration fluide \u00e0 faible latence<\/h2>\n                <p>Le r\u00e9sultat est une int\u00e9gration transparente : les commutateurs NETGEAR AV Line s\u2019int\u00e8grent directement aux solutions IP Lumens, offrant une <strong data-start=\"3003\" data-end=\"3042\">transmission vid\u00e9o \u00e0 faible latence<\/strong> sans conversion de protocole ou configuration sp\u00e9cialis\u00e9e. Lorsque Lumens recommande une solution AV associ\u00e9e \u00e0 l\u2019infrastructure de commutation NETGEAR, les clients b\u00e9n\u00e9ficient d\u2019un syst\u00e8me <strong data-start=\"3233\" data-end=\"3270\">pr\u00e9-test\u00e9, enti\u00e8rement compatible<\/strong>, offrant des performances fiables d\u00e8s le premier jour.<\/p>\n    <\/div>\n        <div id=\"topic8\" class=\"skip-item\">\n                        <h2>Plus d'informations<\/h2>\n                <p>\n<!--SOLUTIONS NETGEAR AV --><br \/>\n Plus d\u2019informations sur nos solutions audiovisuelles<\/p>\n<div class=\"hs-cta-embed hs-cta-simple-placeholder hs-cta-embed-241151160046\" style=\"max-width:100%;max-height:100%;width:260px;height:50.390625px\" data-hubspot-wrapper-cta-id=\"241151160046\"><br \/>\n  <a href=\"https:\/\/cta-na2.hubspot.com\/web-interactives\/public\/v1\/track\/redirect?encryptedPayload=AVxigLJf4HGLXU18h5HBrlQTZuKX4p21iriDX%2FD9Weo1E0jc26wgSp32sJpGF%2FrOb977gqk9Skq%2FVgamhq%2FXvCN0mPQ1dmrdARtcNUH8fV5cFOvngo8qJ8EuMyEq%2Fqu2y51zC2FZUVyu97opP5ixVGCiE%2Bg6BOgTVVDljEMF5hhhXUNpnikrl2UTN%2Bb3TA%3D%3D&#038;webInteractiveContentId=241151160046&#038;portalId=242128791\" target=\"_blank\" rel=\"noopener\"><br \/>\n    <img decoding=\"async\" alt=\"SOLUTIONS NETGEAR AV\" loading=\"lazy\" src=\"https:\/\/hubspot-no-cache-na2-prod.s3.amazonaws.com\/cta\/default\/242128791\/interactive-241151160046.png\" style=\"height: 100%;width: 100%;object-fit: fill\" \/><br \/>\n  <\/a>\n<\/div>\n<\/p>\n<p>\n<!-- NETGEAR ACADEMY AV --><br \/>\n Apprenez tout sur les r\u00e9seaux IP gr\u00e2ce \u00e0 la NETGEAR ACADEMY<\/p>\n<div class=\"hs-cta-embed hs-cta-simple-placeholder hs-cta-embed-241151160033\" style=\"max-width:100%;max-height:100%;width:260px;height:50.390625px\" data-hubspot-wrapper-cta-id=\"241151160033\"><br \/>\n  <a href=\"https:\/\/cta-na2.hubspot.com\/web-interactives\/public\/v1\/track\/redirect?encryptedPayload=AVxigLJ6zgXxrLVJLagOt9pyIXf5%2FGgh9lUupWJj49Nfcbq71eIrrvJQt9JGeaQwNkTAPTWhI2%2BXk56NQscWP4xOQ7iZrhk6rkBjyO4dBlJGP1gG3BpcrdlgLyF%2F850K2l3xn5kDj5H%2Fur8VO2zJH58QH7by4HFWliY25223Shr3sQx25aCmNBjCDkNwA2WRum67F9fGyQyzoYOn86wAq%2Brw3xzsBDMbyw%3D%3D&#038;webInteractiveContentId=241151160033&#038;portalId=242128791\" target=\"_blank\" rel=\"noopener\"><br \/>\n    <img decoding=\"async\" alt=\"NETGEAR ACADEMY\" loading=\"lazy\" src=\"https:\/\/hubspot-no-cache-na2-prod.s3.amazonaws.com\/cta\/default\/242128791\/interactive-241151160033.png\" style=\"height: 100%;width: 100%;object-fit: fill\" \/><br \/>\n  <\/a>\n<\/div>\n<\/p>\n<p style=\"margin-bottom: 30px\">\n <!--CONTACTEZ L'EQUIPE PROAV --><br \/>\nNos ing\u00e9nieurs vous accompagneront gratuitement dans la r\u00e9alisation de vos projets audiovisuels<\/p>\n<div class=\"hs-cta-embed hs-cta-simple-placeholder hs-cta-embed-241151160055\" style=\"max-width:100%;max-height:100%;width:270px;height:50.390625px\" data-hubspot-wrapper-cta-id=\"241151160055\"><br \/>\n  <a href=\"https:\/\/cta-na2.hubspot.com\/web-interactives\/public\/v1\/track\/redirect?encryptedPayload=AVxigLLUG9XShtF2ziGdRlpsMD%2BMJ39t1kFOE7VlHl2HmmlWzlJWH0rsV7f3eoQL53gclcWb0lliiDgK3EAMVvEOcIE7gW9aYOwk1uipv43pSUkBlDtiKJ%2BcB7fopWupnJbggqZWRkNERZkdh1dDGXHHDJX3V0sOA8mbXD%2Fd6QC2XK2OyVtrDNFDHbBoT6b15PyvF4Ca3b6JBNTYdAzYeH790XenlNKBP4OKZqw50t7IGx9DuADFMFlNdg6FWQ%3D%3D&#038;webInteractiveContentId=241151160055&#038;portalId=242128791\" target=\"_blank\" rel=\"noopener\"><br \/>\n    <img decoding=\"async\" alt=\"CONTACTEZ L'EQUIPE PROAV\" loading=\"lazy\" src=\"https:\/\/hubspot-no-cache-na2-prod.s3.amazonaws.com\/cta\/default\/242128791\/interactive-241151160055.png\" style=\"height: 100%;width: 100%;object-fit: fill\" \/><br \/>\n  <\/a>\n<\/div>\n<\/p>\n<p style=\"margin-top: 50px\"><iframe loading=\"lazy\" src=\"https:\/\/405nrr.share-na2.hsforms.com\/24AR2ZDSmQqWycFqf8q5-eg\" width=\"100%\" height=\"1200px\"><\/iframe><\/p>\n    <\/div>\n    \n","protected":false},"excerpt":{"rendered":"","protected":false},"author":97,"featured_media":11764,"parent":6754,"menu_order":0,"comment_status":"closed","ping_status":"closed","template":"templates\/blog-wifi.php","meta":{"_acf_changed":false,"content-type":"","footnotes":""},"class_list":["post-11775","page","type-page","status-publish","has-post-thumbnail","hentry"],"acf":[],"yoast_head":"<!-- This site is optimized with the Yoast SEO plugin v27.4 - https:\/\/yoast.com\/product\/yoast-seo-wordpress\/ -->\n<title>L\u2019excellence du Media Networking propulse la collaboration entre Lumens et NETGEAR AV - NETGEAR Blog<\/title>\n<meta name=\"description\" content=\"L\u2019excellence du Media Networking propulse la collaboration entre Lumens et NETGEAR AV\" \/>\n<meta name=\"robots\" content=\"index, follow, max-snippet:-1, max-image-preview:large, max-video-preview:-1\" \/>\n<link rel=\"canonical\" href=\"https:\/\/frhub.netgear.com\/fr\/hub\/business\/av\/media-networking-excellence-drives-the-lumens-and-netgear-av-collaboration\/\" \/>\n<meta property=\"og:locale\" content=\"en_US\" \/>\n<meta property=\"og:type\" content=\"article\" \/>\n<meta property=\"og:title\" content=\"L\u2019excellence du Media Networking propulse la collaboration entre Lumens et NETGEAR AV - NETGEAR Blog\" \/>\n<meta property=\"og:description\" content=\"L\u2019excellence du Media Networking propulse la collaboration entre Lumens et NETGEAR AV\" \/>\n<meta property=\"og:url\" content=\"https:\/\/frhub.netgear.com\/fr\/hub\/business\/av\/media-networking-excellence-drives-the-lumens-and-netgear-av-collaboration\/\" \/>\n<meta property=\"og:site_name\" content=\"NETGEAR Blog\" \/>\n<meta property=\"article:publisher\" content=\"https:\/\/www.facebook.com\/NetgearAU\/\" \/>\n<meta property=\"article:modified_time\" content=\"2025-12-02T18:32:25+00:00\" \/>\n<meta property=\"og:image\" content=\"https:\/\/frhub.netgear.com\/fr\/hub\/wp-content\/uploads\/2025\/12\/lumens-logo-5-383x288-1.jpeg\" \/>\n\t<meta property=\"og:image:width\" content=\"383\" \/>\n\t<meta property=\"og:image:height\" content=\"288\" \/>\n\t<meta property=\"og:image:type\" content=\"image\/jpeg\" \/>\n<meta name=\"twitter:card\" content=\"summary_large_image\" \/>\n<meta name=\"twitter:site\" content=\"@NETGEAR\" \/>\n<script type=\"application\/ld+json\" class=\"yoast-schema-graph\">{\"@context\":\"https:\\\/\\\/schema.org\",\"@graph\":[{\"@type\":\"WebPage\",\"@id\":\"https:\\\/\\\/frhub.netgear.com\\\/fr\\\/hub\\\/business\\\/av\\\/media-networking-excellence-drives-the-lumens-and-netgear-av-collaboration\\\/\",\"url\":\"https:\\\/\\\/frhub.netgear.com\\\/fr\\\/hub\\\/business\\\/av\\\/media-networking-excellence-drives-the-lumens-and-netgear-av-collaboration\\\/\",\"name\":\"L\u2019excellence du Media Networking propulse la collaboration entre Lumens et NETGEAR AV - NETGEAR Blog\",\"isPartOf\":{\"@id\":\"https:\\\/\\\/frhub.netgear.com\\\/fr\\\/hub\\\/#website\"},\"primaryImageOfPage\":{\"@id\":\"https:\\\/\\\/frhub.netgear.com\\\/fr\\\/hub\\\/business\\\/av\\\/media-networking-excellence-drives-the-lumens-and-netgear-av-collaboration\\\/#primaryimage\"},\"image\":{\"@id\":\"https:\\\/\\\/frhub.netgear.com\\\/fr\\\/hub\\\/business\\\/av\\\/media-networking-excellence-drives-the-lumens-and-netgear-av-collaboration\\\/#primaryimage\"},\"thumbnailUrl\":\"https:\\\/\\\/frhub.netgear.com\\\/fr\\\/hub\\\/wp-content\\\/uploads\\\/2025\\\/12\\\/lumens-logo-5-383x288-1.jpeg\",\"datePublished\":\"2025-12-02T18:31:52+00:00\",\"dateModified\":\"2025-12-02T18:32:25+00:00\",\"description\":\"L\u2019excellence du Media Networking propulse la collaboration entre Lumens et NETGEAR AV\",\"breadcrumb\":{\"@id\":\"https:\\\/\\\/frhub.netgear.com\\\/fr\\\/hub\\\/business\\\/av\\\/media-networking-excellence-drives-the-lumens-and-netgear-av-collaboration\\\/#breadcrumb\"},\"inLanguage\":\"en-US\",\"potentialAction\":[{\"@type\":\"ReadAction\",\"target\":[\"https:\\\/\\\/frhub.netgear.com\\\/fr\\\/hub\\\/business\\\/av\\\/media-networking-excellence-drives-the-lumens-and-netgear-av-collaboration\\\/\"]}]},{\"@type\":\"ImageObject\",\"inLanguage\":\"en-US\",\"@id\":\"https:\\\/\\\/frhub.netgear.com\\\/fr\\\/hub\\\/business\\\/av\\\/media-networking-excellence-drives-the-lumens-and-netgear-av-collaboration\\\/#primaryimage\",\"url\":\"https:\\\/\\\/frhub.netgear.com\\\/fr\\\/hub\\\/wp-content\\\/uploads\\\/2025\\\/12\\\/lumens-logo-5-383x288-1.jpeg\",\"contentUrl\":\"https:\\\/\\\/frhub.netgear.com\\\/fr\\\/hub\\\/wp-content\\\/uploads\\\/2025\\\/12\\\/lumens-logo-5-383x288-1.jpeg\",\"width\":383,\"height\":288},{\"@type\":\"BreadcrumbList\",\"@id\":\"https:\\\/\\\/frhub.netgear.com\\\/fr\\\/hub\\\/business\\\/av\\\/media-networking-excellence-drives-the-lumens-and-netgear-av-collaboration\\\/#breadcrumb\",\"itemListElement\":[{\"@type\":\"ListItem\",\"position\":1,\"name\":\"Home\",\"item\":\"https:\\\/\\\/frhub.netgear.com\\\/fr\\\/hub\\\/\"},{\"@type\":\"ListItem\",\"position\":2,\"name\":\"Entreprises\",\"item\":\"https:\\\/\\\/frhub.netgear.com\\\/fr\\\/hub\\\/business\\\/\"},{\"@type\":\"ListItem\",\"position\":3,\"name\":\"Entreprise AV\",\"item\":\"https:\\\/\\\/frhub.netgear.com\\\/fr\\\/hub\\\/business\\\/av\\\/\"},{\"@type\":\"ListItem\",\"position\":4,\"name\":\"L\u2019excellence du Media Networking propulse la collaboration entre Lumens et NETGEAR AV\"}]},{\"@type\":\"WebSite\",\"@id\":\"https:\\\/\\\/frhub.netgear.com\\\/fr\\\/hub\\\/#website\",\"url\":\"https:\\\/\\\/frhub.netgear.com\\\/fr\\\/hub\\\/\",\"name\":\"NETGEAR Hub France\",\"description\":\"Explorez les pages de notre blog et parcourez les articles pour en savoir plus sur les produits et la technologie NETGEAR.\",\"publisher\":{\"@id\":\"https:\\\/\\\/frhub.netgear.com\\\/fr\\\/hub\\\/#organization\"},\"potentialAction\":[{\"@type\":\"SearchAction\",\"target\":{\"@type\":\"EntryPoint\",\"urlTemplate\":\"https:\\\/\\\/frhub.netgear.com\\\/fr\\\/hub\\\/?s={search_term_string}\"},\"query-input\":{\"@type\":\"PropertyValueSpecification\",\"valueRequired\":true,\"valueName\":\"search_term_string\"}}],\"inLanguage\":\"en-US\"},{\"@type\":\"Organization\",\"@id\":\"https:\\\/\\\/frhub.netgear.com\\\/fr\\\/hub\\\/#organization\",\"name\":\"NETGEAR\",\"url\":\"https:\\\/\\\/frhub.netgear.com\\\/fr\\\/hub\\\/\",\"logo\":{\"@type\":\"ImageObject\",\"inLanguage\":\"en-US\",\"@id\":\"https:\\\/\\\/frhub.netgear.com\\\/fr\\\/hub\\\/#\\\/schema\\\/logo\\\/image\\\/\",\"url\":\"https:\\\/\\\/www.netgear.com\\\/fr\\\/hub\\\/wp-content\\\/uploads\\\/2019\\\/07\\\/NETGEAR_logo.jpg\",\"contentUrl\":\"https:\\\/\\\/www.netgear.com\\\/fr\\\/hub\\\/wp-content\\\/uploads\\\/2019\\\/07\\\/NETGEAR_logo.jpg\",\"width\":1500,\"height\":501,\"caption\":\"NETGEAR\"},\"image\":{\"@id\":\"https:\\\/\\\/frhub.netgear.com\\\/fr\\\/hub\\\/#\\\/schema\\\/logo\\\/image\\\/\"},\"sameAs\":[\"https:\\\/\\\/www.facebook.com\\\/NetgearAU\\\/\",\"https:\\\/\\\/x.com\\\/NETGEAR\",\"https:\\\/\\\/www.linkedin.com\\\/company\\\/netgear\"]}]}<\/script>\n<!-- \/ Yoast SEO plugin. -->","yoast_head_json":{"title":"L\u2019excellence du Media Networking propulse la collaboration entre Lumens et NETGEAR AV - NETGEAR Blog","description":"L\u2019excellence du Media Networking propulse la collaboration entre Lumens et NETGEAR AV","robots":{"index":"index","follow":"follow","max-snippet":"max-snippet:-1","max-image-preview":"max-image-preview:large","max-video-preview":"max-video-preview:-1"},"canonical":"https:\/\/frhub.netgear.com\/fr\/hub\/business\/av\/media-networking-excellence-drives-the-lumens-and-netgear-av-collaboration\/","og_locale":"en_US","og_type":"article","og_title":"L\u2019excellence du Media Networking propulse la collaboration entre Lumens et NETGEAR AV - NETGEAR Blog","og_description":"L\u2019excellence du Media Networking propulse la collaboration entre Lumens et NETGEAR AV","og_url":"https:\/\/frhub.netgear.com\/fr\/hub\/business\/av\/media-networking-excellence-drives-the-lumens-and-netgear-av-collaboration\/","og_site_name":"NETGEAR Blog","article_publisher":"https:\/\/www.facebook.com\/NetgearAU\/","article_modified_time":"2025-12-02T18:32:25+00:00","og_image":[{"width":383,"height":288,"url":"https:\/\/frhub.netgear.com\/fr\/hub\/wp-content\/uploads\/2025\/12\/lumens-logo-5-383x288-1.jpeg","type":"image\/jpeg"}],"twitter_card":"summary_large_image","twitter_site":"@NETGEAR","schema":{"@context":"https:\/\/schema.org","@graph":[{"@type":"WebPage","@id":"https:\/\/frhub.netgear.com\/fr\/hub\/business\/av\/media-networking-excellence-drives-the-lumens-and-netgear-av-collaboration\/","url":"https:\/\/frhub.netgear.com\/fr\/hub\/business\/av\/media-networking-excellence-drives-the-lumens-and-netgear-av-collaboration\/","name":"L\u2019excellence du Media Networking propulse la collaboration entre Lumens et NETGEAR AV - NETGEAR Blog","isPartOf":{"@id":"https:\/\/frhub.netgear.com\/fr\/hub\/#website"},"primaryImageOfPage":{"@id":"https:\/\/frhub.netgear.com\/fr\/hub\/business\/av\/media-networking-excellence-drives-the-lumens-and-netgear-av-collaboration\/#primaryimage"},"image":{"@id":"https:\/\/frhub.netgear.com\/fr\/hub\/business\/av\/media-networking-excellence-drives-the-lumens-and-netgear-av-collaboration\/#primaryimage"},"thumbnailUrl":"https:\/\/frhub.netgear.com\/fr\/hub\/wp-content\/uploads\/2025\/12\/lumens-logo-5-383x288-1.jpeg","datePublished":"2025-12-02T18:31:52+00:00","dateModified":"2025-12-02T18:32:25+00:00","description":"L\u2019excellence du Media Networking propulse la collaboration entre Lumens et NETGEAR AV","breadcrumb":{"@id":"https:\/\/frhub.netgear.com\/fr\/hub\/business\/av\/media-networking-excellence-drives-the-lumens-and-netgear-av-collaboration\/#breadcrumb"},"inLanguage":"en-US","potentialAction":[{"@type":"ReadAction","target":["https:\/\/frhub.netgear.com\/fr\/hub\/business\/av\/media-networking-excellence-drives-the-lumens-and-netgear-av-collaboration\/"]}]},{"@type":"ImageObject","inLanguage":"en-US","@id":"https:\/\/frhub.netgear.com\/fr\/hub\/business\/av\/media-networking-excellence-drives-the-lumens-and-netgear-av-collaboration\/#primaryimage","url":"https:\/\/frhub.netgear.com\/fr\/hub\/wp-content\/uploads\/2025\/12\/lumens-logo-5-383x288-1.jpeg","contentUrl":"https:\/\/frhub.netgear.com\/fr\/hub\/wp-content\/uploads\/2025\/12\/lumens-logo-5-383x288-1.jpeg","width":383,"height":288},{"@type":"BreadcrumbList","@id":"https:\/\/frhub.netgear.com\/fr\/hub\/business\/av\/media-networking-excellence-drives-the-lumens-and-netgear-av-collaboration\/#breadcrumb","itemListElement":[{"@type":"ListItem","position":1,"name":"Home","item":"https:\/\/frhub.netgear.com\/fr\/hub\/"},{"@type":"ListItem","position":2,"name":"Entreprises","item":"https:\/\/frhub.netgear.com\/fr\/hub\/business\/"},{"@type":"ListItem","position":3,"name":"Entreprise AV","item":"https:\/\/frhub.netgear.com\/fr\/hub\/business\/av\/"},{"@type":"ListItem","position":4,"name":"L\u2019excellence du Media Networking propulse la collaboration entre Lumens et NETGEAR AV"}]},{"@type":"WebSite","@id":"https:\/\/frhub.netgear.com\/fr\/hub\/#website","url":"https:\/\/frhub.netgear.com\/fr\/hub\/","name":"NETGEAR Hub France","description":"Explorez les pages de notre blog et parcourez les articles pour en savoir plus sur les produits et la technologie NETGEAR.","publisher":{"@id":"https:\/\/frhub.netgear.com\/fr\/hub\/#organization"},"potentialAction":[{"@type":"SearchAction","target":{"@type":"EntryPoint","urlTemplate":"https:\/\/frhub.netgear.com\/fr\/hub\/?s={search_term_string}"},"query-input":{"@type":"PropertyValueSpecification","valueRequired":true,"valueName":"search_term_string"}}],"inLanguage":"en-US"},{"@type":"Organization","@id":"https:\/\/frhub.netgear.com\/fr\/hub\/#organization","name":"NETGEAR","url":"https:\/\/frhub.netgear.com\/fr\/hub\/","logo":{"@type":"ImageObject","inLanguage":"en-US","@id":"https:\/\/frhub.netgear.com\/fr\/hub\/#\/schema\/logo\/image\/","url":"https:\/\/www.netgear.com\/fr\/hub\/wp-content\/uploads\/2019\/07\/NETGEAR_logo.jpg","contentUrl":"https:\/\/www.netgear.com\/fr\/hub\/wp-content\/uploads\/2019\/07\/NETGEAR_logo.jpg","width":1500,"height":501,"caption":"NETGEAR"},"image":{"@id":"https:\/\/frhub.netgear.com\/fr\/hub\/#\/schema\/logo\/image\/"},"sameAs":["https:\/\/www.facebook.com\/NetgearAU\/","https:\/\/x.com\/NETGEAR","https:\/\/www.linkedin.com\/company\/netgear"]}]}},"_links":{"self":[{"href":"https:\/\/frhub.netgear.com\/fr\/hub\/wp-json\/wp\/v2\/pages\/11775","targetHints":{"allow":["GET"]}}],"collection":[{"href":"https:\/\/frhub.netgear.com\/fr\/hub\/wp-json\/wp\/v2\/pages"}],"about":[{"href":"https:\/\/frhub.netgear.com\/fr\/hub\/wp-json\/wp\/v2\/types\/page"}],"author":[{"embeddable":true,"href":"https:\/\/frhub.netgear.com\/fr\/hub\/wp-json\/wp\/v2\/users\/97"}],"replies":[{"embeddable":true,"href":"https:\/\/frhub.netgear.com\/fr\/hub\/wp-json\/wp\/v2\/comments?post=11775"}],"version-history":[{"count":1,"href":"https:\/\/frhub.netgear.com\/fr\/hub\/wp-json\/wp\/v2\/pages\/11775\/revisions"}],"predecessor-version":[{"id":11776,"href":"https:\/\/frhub.netgear.com\/fr\/hub\/wp-json\/wp\/v2\/pages\/11775\/revisions\/11776"}],"up":[{"embeddable":true,"href":"https:\/\/frhub.netgear.com\/fr\/hub\/wp-json\/wp\/v2\/pages\/6754"}],"wp:featuredmedia":[{"embeddable":true,"href":"https:\/\/frhub.netgear.com\/fr\/hub\/wp-json\/wp\/v2\/media\/11764"}],"wp:attachment":[{"href":"https:\/\/frhub.netgear.com\/fr\/hub\/wp-json\/wp\/v2\/media?parent=11775"}],"curies":[{"name":"wp","href":"https:\/\/api.w.org\/{rel}","templated":true}]}}