{"id":11772,"date":"2025-11-08T19:22:50","date_gmt":"2025-12-02T18:22:38","guid":{"rendered":"https:\/\/frhub.netgear.com\/fr\/hub\/?page_id=11772"},"modified":"2025-12-02T19:24:11","modified_gmt":"2025-12-02T18:24:11","slug":"unified-platform-excellence","status":"publish","type":"page","link":"https:\/\/frhub.netgear.com\/fr\/hub\/business\/av\/unified-platform-excellence\/","title":{"rendered":"L\u2019excellence d\u2019une plateforme unifi\u00e9e propulse la collaboration entre Q-SYS et NETGEAR AV"},"content":{"rendered":"<p><img loading=\"lazy\" decoding=\"async\" class=\"alignone size-full wp-image-10681\" style=\"border-radius: 1em;\" src=\"https:\/\/www.netgear.com\/hub\/wp-content\/uploads\/2025\/11\/Core_X10-slider-Hero_cropped.png\" alt=\"\" width=\"1048\" height=\"511\" \/><\/p>\n    <div class=\"table-of-content bg-gray\">\n        <p><strong>IN THIS ARTICLE<\/strong><\/p>\n        <ul>\n                        <li><a href=\"#topic1\">Plateformes bas\u00e9es sur le logiciel<\/a><\/li>\n                        <li><a href=\"#topic2\">Une int\u00e9gration r\u00e9volutionnaire bas\u00e9e sur le logiciel<\/a><\/li>\n                        <li><a href=\"#topic3\">Des performances d\u2019entreprise plug-and-play<\/a><\/li>\n                        <li><a href=\"#topic4\">Un \u00e9cosyst\u00e8me de contr\u00f4le complet<\/a><\/li>\n                        <li><a href=\"#topic5\">Plus d'informations<\/a><\/li>\n                    <\/ul>\n    <\/div>\n        <div id=\"topic1\" class=\"skip-item\">\n                        <h2>Plateformes bas\u00e9es sur le logiciel<\/h2>\n                <p data-start=\"84\" data-end=\"557\">Alors que l\u2019industrie audiovisuelle professionnelle \u00e9volue vers des plateformes enti\u00e8rement bas\u00e9es sur le logiciel, la demande cro\u00eet pour des solutions r\u00e9seau capables d\u2019offrir des performances audio, vid\u00e9o et de contr\u00f4le exceptionnelles <strong data-start=\"322\" data-end=\"353\">sans configuration complexe<\/strong>. La collaboration entre Q-SYS et NETGEAR accompagne cette transformation en combinant la <strong data-start=\"443\" data-end=\"475\">Q-SYS Full Stack AV Platform<\/strong> avec l\u2019infrastructure de commutation <strong data-start=\"513\" data-end=\"524\">AV Line<\/strong> sp\u00e9cialement con\u00e7ue par NETGEAR.<\/p>\n<p data-start=\"559\" data-end=\"967\">Cette collaboration entre deux leaders mondiaux montre comment des syst\u00e8mes audio, vid\u00e9o et de contr\u00f4le intelligents et bas\u00e9s sur le logiciel s\u2019int\u00e8grent avec un r\u00e9seau de niveau entreprise pour cr\u00e9er des installations plug-and-play. Ces syst\u00e8mes assurent l\u2019alimentation, le transport des m\u00e9dias et la gestion centralis\u00e9e dans des environnements professionnels, \u00e9ducatifs et collaboratifs \u00e0 travers le monde.<\/p>\n    <\/div>\n        <div id=\"topic2\" class=\"skip-item\">\n                        <h2>Une int\u00e9gration r\u00e9volutionnaire bas\u00e9e sur le logiciel<\/h2>\n                <p data-start=\"1037\" data-end=\"1511\">Q-SYS offre des performances exceptionnelles gr\u00e2ce \u00e0 sa plateforme unifi\u00e9e audio, vid\u00e9o et contr\u00f4le enti\u00e8rement logicielle. Cela \u00e9limine les silos AV traditionnels tout en maintenant des performances de niveau entreprise pour les applications les plus exigeantes. La plateforme Q-SYS exploite la suite de protocoles <strong data-start=\"1353\" data-end=\"1362\">Q-LAN<\/strong> pour une distribution audio et vid\u00e9o fluide, la d\u00e9couverte automatique des appareils, la synchronisation et le contr\u00f4le sur des r\u00e9seaux IT standard.<\/p>\n<p data-start=\"1513\" data-end=\"1925\">Les commutateurs r\u00e9seau <strong data-start=\"1537\" data-end=\"1556\">NS Series Gen 2<\/strong> sont des solutions NETGEAR de niveau entreprise, pr\u00e9configur\u00e9es sp\u00e9cifiquement pour r\u00e9pondre aux exigences rigoureuses des protocoles Q-SYS, AES67 et Dante. Ces commutateurs assurent le transport en temps r\u00e9el des flux audio Q-LAN, AES67 et Dante <strong data-start=\"1804\" data-end=\"1815\">en plus<\/strong> du streaming vid\u00e9o Q-LAN, simultan\u00e9ment dans le m\u00eame VLAN, <strong data-start=\"1875\" data-end=\"1924\">sans n\u00e9cessiter de configuration QoS manuelle<\/strong>.<\/p>\n<p data-start=\"1927\" data-end=\"2427\">L\u2019infrastructure de commutation sp\u00e9cialis\u00e9e de NETGEAR fournit la bande passante, la pr\u00e9cision temporelle et la connaissance des protocoles n\u00e9cessaires pour prendre en charge l\u2019architecture logicielle Q-SYS. Ce partenariat permet aux int\u00e9grateurs de cr\u00e9er des syst\u00e8mes AV d\u2019entreprise complexes o\u00f9 les \u00e9l\u00e9ments audio, vid\u00e9o et de contr\u00f4le peuvent \u00eatre g\u00e9r\u00e9s ind\u00e9pendamment via <strong data-start=\"2304\" data-end=\"2322\">Q-SYS Designer<\/strong>, tout en b\u00e9n\u00e9ficiant de la fiabilit\u00e9 du backbone r\u00e9seau NETGEAR et d\u2019une gestion multicast intelligente.<\/p>\n<p data-start=\"1927\" data-end=\"2427\"><img loading=\"lazy\" decoding=\"async\" class=\"aligncenter size-large wp-image-22267\" src=\"https:\/\/www.netgear.com\/hub\/wp-content\/uploads\/2025\/11\/Designer-1024x565.png\" alt=\"\" width=\"1024\" height=\"565\" \/><\/p>\n    <\/div>\n        <div id=\"topic3\" class=\"skip-item\">\n                        <h2>Des performances d\u2019entreprise plug-and-play<\/h2>\n                <p data-start=\"2487\" data-end=\"2921\">Les commutateurs NETGEAR offrent un v\u00e9ritable d\u00e9ploiement plug-and-play gr\u00e2ce \u00e0 une pr\u00e9configuration compl\u00e8te. Chaque commutateur est \u00e9quip\u00e9 du PoE standard sur tous les ports (hors uplinks et ports SFP), permettant d\u2019alimenter, de transmettre les donn\u00e9es et de contr\u00f4ler les appareils Q-SYS. Les mod\u00e8les PoE++ fournissent jusqu\u2019\u00e0 90 W, n\u00e9cessaires pour des \u00e9quipements plus puissants tels que les endpoints vid\u00e9o <strong data-start=\"2901\" data-end=\"2920\">Q-SYS NV Series<\/strong>.<\/p>\n<p data-start=\"2923\" data-end=\"3430\">Ensemble, NETGEAR et Q-SYS offrent des performances constantes, qu\u2019il s\u2019agisse d\u2019\u00e9quiper une seule salle de r\u00e9union ou un campus complet. Chaque d\u00e9ploiement b\u00e9n\u00e9ficie des capacit\u00e9s prim\u00e9es de plateforme unifi\u00e9e de Q-SYS et de la fiabilit\u00e9 r\u00e9seau \u00e9prouv\u00e9e de NETGEAR. La technologie <strong data-start=\"3205\" data-end=\"3226\">NETGEAR IGMP Plus<\/strong> int\u00e9gr\u00e9e fournit une gestion automatique du multicast entre plusieurs commutateurs, tandis que les serveurs DHCP int\u00e9gr\u00e9s en option permettent une connectivit\u00e9 automatis\u00e9e pour les syst\u00e8mes AV autonomes.<\/p>\n<p data-start=\"2923\" data-end=\"3430\"><img loading=\"lazy\" decoding=\"async\" class=\"aligncenter size-large wp-image-22268\" src=\"https:\/\/www.netgear.com\/hub\/wp-content\/uploads\/2025\/11\/NS_Gen_2_Family_New-1024x341.jpg\" alt=\"\" width=\"1024\" height=\"341\" \/><\/p>\n    <\/div>\n        <div id=\"topic4\" class=\"skip-item\">\n                        <h2>Un \u00e9cosyst\u00e8me de contr\u00f4le complet<\/h2>\n                <p data-start=\"3480\" data-end=\"3894\">Le partenariat d\u00e9passe la simple compatibilit\u00e9 mat\u00e9rielle pour offrir une int\u00e9gration logicielle profonde au sein de l\u2019\u00e9cosyst\u00e8me <strong data-start=\"3610\" data-end=\"3619\">Q-SYS<\/strong>. Les commutateurs NETGEAR AV Line disposent d\u2019une int\u00e9gration par plugin d\u00e9di\u00e9e dans <strong data-start=\"3705\" data-end=\"3723\">Q-SYS Designer<\/strong>, permettant la surveillance et la gestion de l&#8217;\u00e9tat du commutateur, le contr\u00f4le du PoE et l&#8217;acc\u00e8s aux informations de diagnostic directement depuis l\u2019environnement Q-SYS.<\/p>\n<p data-start=\"3896\" data-end=\"4354\">Cette int\u00e9gration garantit que l\u2019infrastructure r\u00e9seau et la technologie AV fonctionnent en parfaite harmonie, Q-SYS jouant le r\u00f4le de <strong data-start=\"4031\" data-end=\"4053\">cerveau centralis\u00e9<\/strong> pour l\u2019audio, la vid\u00e9o, le contr\u00f4le et la gestion r\u00e9seau. Le r\u00e9sultat est un \u00e9cosyst\u00e8me complet o\u00f9 les protocoles standard IT permettent une int\u00e9gration simple avec les infrastructures r\u00e9seau modernes, tout en pr\u00e9servant les performances sp\u00e9cialis\u00e9es n\u00e9cessaires aux applications AV professionnelles.<\/p>\n    <\/div>\n        <div id=\"topic5\" class=\"skip-item\">\n                        <h2>Plus d'informations<\/h2>\n                <p><!--SOLUTIONS NETGEAR AV --><br \/>\nPlus d\u2019informations sur nos solutions audiovisuelles<\/p>\n<div class=\"hs-cta-embed hs-cta-simple-placeholder hs-cta-embed-241151160046\" style=\"max-width: 100%;max-height: 100%;width: 260px;height: 50.390625px\" data-hubspot-wrapper-cta-id=\"241151160046\"><a href=\"https:\/\/cta-na2.hubspot.com\/web-interactives\/public\/v1\/track\/redirect?encryptedPayload=AVxigLJf4HGLXU18h5HBrlQTZuKX4p21iriDX%2FD9Weo1E0jc26wgSp32sJpGF%2FrOb977gqk9Skq%2FVgamhq%2FXvCN0mPQ1dmrdARtcNUH8fV5cFOvngo8qJ8EuMyEq%2Fqu2y51zC2FZUVyu97opP5ixVGCiE%2Bg6BOgTVVDljEMF5hhhXUNpnikrl2UTN%2Bb3TA%3D%3D&amp;webInteractiveContentId=241151160046&amp;portalId=242128791\" target=\"_blank\" rel=\"noopener\"><br \/>\n<img decoding=\"async\" style=\"height: 100%;width: 100%;object-fit: fill\" src=\"https:\/\/hubspot-no-cache-na2-prod.s3.amazonaws.com\/cta\/default\/242128791\/interactive-241151160046.png\" alt=\"SOLUTIONS NETGEAR AV\" \/><br \/>\n<\/a><\/div>\n<p><!-- NETGEAR ACADEMY AV --><br \/>\nApprenez tout sur les r\u00e9seaux IP gr\u00e2ce \u00e0 la NETGEAR ACADEMY<\/p>\n<div class=\"hs-cta-embed hs-cta-simple-placeholder hs-cta-embed-241151160033\" style=\"max-width: 100%;max-height: 100%;width: 260px;height: 50.390625px\" data-hubspot-wrapper-cta-id=\"241151160033\"><a href=\"https:\/\/cta-na2.hubspot.com\/web-interactives\/public\/v1\/track\/redirect?encryptedPayload=AVxigLJ6zgXxrLVJLagOt9pyIXf5%2FGgh9lUupWJj49Nfcbq71eIrrvJQt9JGeaQwNkTAPTWhI2%2BXk56NQscWP4xOQ7iZrhk6rkBjyO4dBlJGP1gG3BpcrdlgLyF%2F850K2l3xn5kDj5H%2Fur8VO2zJH58QH7by4HFWliY25223Shr3sQx25aCmNBjCDkNwA2WRum67F9fGyQyzoYOn86wAq%2Brw3xzsBDMbyw%3D%3D&amp;webInteractiveContentId=241151160033&amp;portalId=242128791\" target=\"_blank\" rel=\"noopener\"><br \/>\n<img decoding=\"async\" style=\"height: 100%;width: 100%;object-fit: fill\" src=\"https:\/\/hubspot-no-cache-na2-prod.s3.amazonaws.com\/cta\/default\/242128791\/interactive-241151160033.png\" alt=\"NETGEAR ACADEMY\" \/><br \/>\n<\/a><\/div>\n<p style=\"margin-bottom: 30px\"><!--CONTACTEZ L'EQUIPE PROAV --><br \/>\nNos ing\u00e9nieurs vous accompagneront gratuitement dans la r\u00e9alisation de vos projets audiovisuels<\/p>\n<div class=\"hs-cta-embed hs-cta-simple-placeholder hs-cta-embed-241151160055\" style=\"max-width: 100%;max-height: 100%;width: 270px;height: 50.390625px\" data-hubspot-wrapper-cta-id=\"241151160055\"><a href=\"https:\/\/cta-na2.hubspot.com\/web-interactives\/public\/v1\/track\/redirect?encryptedPayload=AVxigLLUG9XShtF2ziGdRlpsMD%2BMJ39t1kFOE7VlHl2HmmlWzlJWH0rsV7f3eoQL53gclcWb0lliiDgK3EAMVvEOcIE7gW9aYOwk1uipv43pSUkBlDtiKJ%2BcB7fopWupnJbggqZWRkNERZkdh1dDGXHHDJX3V0sOA8mbXD%2Fd6QC2XK2OyVtrDNFDHbBoT6b15PyvF4Ca3b6JBNTYdAzYeH790XenlNKBP4OKZqw50t7IGx9DuADFMFlNdg6FWQ%3D%3D&amp;webInteractiveContentId=241151160055&amp;portalId=242128791\" target=\"_blank\" rel=\"noopener\"><br \/>\n<img decoding=\"async\" style=\"height: 100%;width: 100%;object-fit: fill\" src=\"https:\/\/hubspot-no-cache-na2-prod.s3.amazonaws.com\/cta\/default\/242128791\/interactive-241151160055.png\" alt=\"CONTACTEZ L'EQUIPE PROAV\" \/><br \/>\n<\/a><\/div>\n<p style=\"margin-top: 50px\"><iframe loading=\"lazy\" src=\"https:\/\/405nrr.share-na2.hsforms.com\/24AR2ZDSmQqWycFqf8q5-eg\" width=\"100%\" height=\"1200px\"><\/iframe><\/p>\n    <\/div>\n    \n","protected":false},"excerpt":{"rendered":"","protected":false},"author":97,"featured_media":11763,"parent":6754,"menu_order":0,"comment_status":"closed","ping_status":"closed","template":"templates\/blog-wifi.php","meta":{"_acf_changed":false,"content-type":"","footnotes":""},"class_list":["post-11772","page","type-page","status-publish","has-post-thumbnail","hentry"],"acf":[],"yoast_head":"<!-- This site is optimized with the Yoast SEO plugin v27.4 - https:\/\/yoast.com\/product\/yoast-seo-wordpress\/ -->\n<title>L\u2019excellence d\u2019une plateforme unifi\u00e9e propulse la collaboration entre Q-SYS et NETGEAR AV - NETGEAR Blog<\/title>\n<meta name=\"description\" content=\"L\u2019excellence d\u2019une plateforme unifi\u00e9e propulse la collaboration entre Q-SYS et NETGEAR AV\" \/>\n<meta name=\"robots\" content=\"index, follow, max-snippet:-1, max-image-preview:large, max-video-preview:-1\" \/>\n<link rel=\"canonical\" href=\"https:\/\/frhub.netgear.com\/fr\/hub\/business\/av\/unified-platform-excellence\/\" \/>\n<meta property=\"og:locale\" content=\"en_US\" \/>\n<meta property=\"og:type\" content=\"article\" \/>\n<meta property=\"og:title\" content=\"L\u2019excellence d\u2019une plateforme unifi\u00e9e propulse la collaboration entre Q-SYS et NETGEAR AV - NETGEAR Blog\" \/>\n<meta property=\"og:description\" content=\"L\u2019excellence d\u2019une plateforme unifi\u00e9e propulse la collaboration entre Q-SYS et NETGEAR AV\" \/>\n<meta property=\"og:url\" content=\"https:\/\/frhub.netgear.com\/fr\/hub\/business\/av\/unified-platform-excellence\/\" \/>\n<meta property=\"og:site_name\" content=\"NETGEAR Blog\" \/>\n<meta property=\"article:publisher\" content=\"https:\/\/www.facebook.com\/NetgearAU\/\" \/>\n<meta property=\"article:modified_time\" content=\"2025-12-02T18:24:11+00:00\" \/>\n<meta property=\"og:image\" content=\"https:\/\/frhub.netgear.com\/fr\/hub\/wp-content\/uploads\/2025\/12\/Q-sys-2-e1764334813226-383x288-1.jpeg\" \/>\n\t<meta property=\"og:image:width\" content=\"383\" \/>\n\t<meta property=\"og:image:height\" content=\"288\" \/>\n\t<meta property=\"og:image:type\" content=\"image\/jpeg\" \/>\n<meta name=\"twitter:card\" content=\"summary_large_image\" \/>\n<meta name=\"twitter:site\" content=\"@NETGEAR\" \/>\n<script type=\"application\/ld+json\" class=\"yoast-schema-graph\">{\"@context\":\"https:\\\/\\\/schema.org\",\"@graph\":[{\"@type\":\"WebPage\",\"@id\":\"https:\\\/\\\/frhub.netgear.com\\\/fr\\\/hub\\\/business\\\/av\\\/unified-platform-excellence\\\/\",\"url\":\"https:\\\/\\\/frhub.netgear.com\\\/fr\\\/hub\\\/business\\\/av\\\/unified-platform-excellence\\\/\",\"name\":\"L\u2019excellence d\u2019une plateforme unifi\u00e9e propulse la collaboration entre Q-SYS et NETGEAR AV - NETGEAR Blog\",\"isPartOf\":{\"@id\":\"https:\\\/\\\/frhub.netgear.com\\\/fr\\\/hub\\\/#website\"},\"primaryImageOfPage\":{\"@id\":\"https:\\\/\\\/frhub.netgear.com\\\/fr\\\/hub\\\/business\\\/av\\\/unified-platform-excellence\\\/#primaryimage\"},\"image\":{\"@id\":\"https:\\\/\\\/frhub.netgear.com\\\/fr\\\/hub\\\/business\\\/av\\\/unified-platform-excellence\\\/#primaryimage\"},\"thumbnailUrl\":\"https:\\\/\\\/frhub.netgear.com\\\/fr\\\/hub\\\/wp-content\\\/uploads\\\/2025\\\/12\\\/Q-sys-2-e1764334813226-383x288-1.jpeg\",\"datePublished\":\"2025-12-02T18:22:38+00:00\",\"dateModified\":\"2025-12-02T18:24:11+00:00\",\"description\":\"L\u2019excellence d\u2019une plateforme unifi\u00e9e propulse la collaboration entre Q-SYS et NETGEAR AV\",\"breadcrumb\":{\"@id\":\"https:\\\/\\\/frhub.netgear.com\\\/fr\\\/hub\\\/business\\\/av\\\/unified-platform-excellence\\\/#breadcrumb\"},\"inLanguage\":\"en-US\",\"potentialAction\":[{\"@type\":\"ReadAction\",\"target\":[\"https:\\\/\\\/frhub.netgear.com\\\/fr\\\/hub\\\/business\\\/av\\\/unified-platform-excellence\\\/\"]}]},{\"@type\":\"ImageObject\",\"inLanguage\":\"en-US\",\"@id\":\"https:\\\/\\\/frhub.netgear.com\\\/fr\\\/hub\\\/business\\\/av\\\/unified-platform-excellence\\\/#primaryimage\",\"url\":\"https:\\\/\\\/frhub.netgear.com\\\/fr\\\/hub\\\/wp-content\\\/uploads\\\/2025\\\/12\\\/Q-sys-2-e1764334813226-383x288-1.jpeg\",\"contentUrl\":\"https:\\\/\\\/frhub.netgear.com\\\/fr\\\/hub\\\/wp-content\\\/uploads\\\/2025\\\/12\\\/Q-sys-2-e1764334813226-383x288-1.jpeg\",\"width\":383,\"height\":288},{\"@type\":\"BreadcrumbList\",\"@id\":\"https:\\\/\\\/frhub.netgear.com\\\/fr\\\/hub\\\/business\\\/av\\\/unified-platform-excellence\\\/#breadcrumb\",\"itemListElement\":[{\"@type\":\"ListItem\",\"position\":1,\"name\":\"Home\",\"item\":\"https:\\\/\\\/frhub.netgear.com\\\/fr\\\/hub\\\/\"},{\"@type\":\"ListItem\",\"position\":2,\"name\":\"Entreprises\",\"item\":\"https:\\\/\\\/frhub.netgear.com\\\/fr\\\/hub\\\/business\\\/\"},{\"@type\":\"ListItem\",\"position\":3,\"name\":\"Entreprise AV\",\"item\":\"https:\\\/\\\/frhub.netgear.com\\\/fr\\\/hub\\\/business\\\/av\\\/\"},{\"@type\":\"ListItem\",\"position\":4,\"name\":\"L\u2019excellence d\u2019une plateforme unifi\u00e9e propulse la collaboration entre Q-SYS et NETGEAR AV\"}]},{\"@type\":\"WebSite\",\"@id\":\"https:\\\/\\\/frhub.netgear.com\\\/fr\\\/hub\\\/#website\",\"url\":\"https:\\\/\\\/frhub.netgear.com\\\/fr\\\/hub\\\/\",\"name\":\"NETGEAR Hub France\",\"description\":\"Explorez les pages de notre blog et parcourez les articles pour en savoir plus sur les produits et la technologie NETGEAR.\",\"publisher\":{\"@id\":\"https:\\\/\\\/frhub.netgear.com\\\/fr\\\/hub\\\/#organization\"},\"potentialAction\":[{\"@type\":\"SearchAction\",\"target\":{\"@type\":\"EntryPoint\",\"urlTemplate\":\"https:\\\/\\\/frhub.netgear.com\\\/fr\\\/hub\\\/?s={search_term_string}\"},\"query-input\":{\"@type\":\"PropertyValueSpecification\",\"valueRequired\":true,\"valueName\":\"search_term_string\"}}],\"inLanguage\":\"en-US\"},{\"@type\":\"Organization\",\"@id\":\"https:\\\/\\\/frhub.netgear.com\\\/fr\\\/hub\\\/#organization\",\"name\":\"NETGEAR\",\"url\":\"https:\\\/\\\/frhub.netgear.com\\\/fr\\\/hub\\\/\",\"logo\":{\"@type\":\"ImageObject\",\"inLanguage\":\"en-US\",\"@id\":\"https:\\\/\\\/frhub.netgear.com\\\/fr\\\/hub\\\/#\\\/schema\\\/logo\\\/image\\\/\",\"url\":\"https:\\\/\\\/www.netgear.com\\\/fr\\\/hub\\\/wp-content\\\/uploads\\\/2019\\\/07\\\/NETGEAR_logo.jpg\",\"contentUrl\":\"https:\\\/\\\/www.netgear.com\\\/fr\\\/hub\\\/wp-content\\\/uploads\\\/2019\\\/07\\\/NETGEAR_logo.jpg\",\"width\":1500,\"height\":501,\"caption\":\"NETGEAR\"},\"image\":{\"@id\":\"https:\\\/\\\/frhub.netgear.com\\\/fr\\\/hub\\\/#\\\/schema\\\/logo\\\/image\\\/\"},\"sameAs\":[\"https:\\\/\\\/www.facebook.com\\\/NetgearAU\\\/\",\"https:\\\/\\\/x.com\\\/NETGEAR\",\"https:\\\/\\\/www.linkedin.com\\\/company\\\/netgear\"]}]}<\/script>\n<!-- \/ Yoast SEO plugin. -->","yoast_head_json":{"title":"L\u2019excellence d\u2019une plateforme unifi\u00e9e propulse la collaboration entre Q-SYS et NETGEAR AV - NETGEAR Blog","description":"L\u2019excellence d\u2019une plateforme unifi\u00e9e propulse la collaboration entre Q-SYS et NETGEAR AV","robots":{"index":"index","follow":"follow","max-snippet":"max-snippet:-1","max-image-preview":"max-image-preview:large","max-video-preview":"max-video-preview:-1"},"canonical":"https:\/\/frhub.netgear.com\/fr\/hub\/business\/av\/unified-platform-excellence\/","og_locale":"en_US","og_type":"article","og_title":"L\u2019excellence d\u2019une plateforme unifi\u00e9e propulse la collaboration entre Q-SYS et NETGEAR AV - NETGEAR Blog","og_description":"L\u2019excellence d\u2019une plateforme unifi\u00e9e propulse la collaboration entre Q-SYS et NETGEAR AV","og_url":"https:\/\/frhub.netgear.com\/fr\/hub\/business\/av\/unified-platform-excellence\/","og_site_name":"NETGEAR Blog","article_publisher":"https:\/\/www.facebook.com\/NetgearAU\/","article_modified_time":"2025-12-02T18:24:11+00:00","og_image":[{"width":383,"height":288,"url":"https:\/\/frhub.netgear.com\/fr\/hub\/wp-content\/uploads\/2025\/12\/Q-sys-2-e1764334813226-383x288-1.jpeg","type":"image\/jpeg"}],"twitter_card":"summary_large_image","twitter_site":"@NETGEAR","schema":{"@context":"https:\/\/schema.org","@graph":[{"@type":"WebPage","@id":"https:\/\/frhub.netgear.com\/fr\/hub\/business\/av\/unified-platform-excellence\/","url":"https:\/\/frhub.netgear.com\/fr\/hub\/business\/av\/unified-platform-excellence\/","name":"L\u2019excellence d\u2019une plateforme unifi\u00e9e propulse la collaboration entre Q-SYS et NETGEAR AV - NETGEAR Blog","isPartOf":{"@id":"https:\/\/frhub.netgear.com\/fr\/hub\/#website"},"primaryImageOfPage":{"@id":"https:\/\/frhub.netgear.com\/fr\/hub\/business\/av\/unified-platform-excellence\/#primaryimage"},"image":{"@id":"https:\/\/frhub.netgear.com\/fr\/hub\/business\/av\/unified-platform-excellence\/#primaryimage"},"thumbnailUrl":"https:\/\/frhub.netgear.com\/fr\/hub\/wp-content\/uploads\/2025\/12\/Q-sys-2-e1764334813226-383x288-1.jpeg","datePublished":"2025-12-02T18:22:38+00:00","dateModified":"2025-12-02T18:24:11+00:00","description":"L\u2019excellence d\u2019une plateforme unifi\u00e9e propulse la collaboration entre Q-SYS et NETGEAR AV","breadcrumb":{"@id":"https:\/\/frhub.netgear.com\/fr\/hub\/business\/av\/unified-platform-excellence\/#breadcrumb"},"inLanguage":"en-US","potentialAction":[{"@type":"ReadAction","target":["https:\/\/frhub.netgear.com\/fr\/hub\/business\/av\/unified-platform-excellence\/"]}]},{"@type":"ImageObject","inLanguage":"en-US","@id":"https:\/\/frhub.netgear.com\/fr\/hub\/business\/av\/unified-platform-excellence\/#primaryimage","url":"https:\/\/frhub.netgear.com\/fr\/hub\/wp-content\/uploads\/2025\/12\/Q-sys-2-e1764334813226-383x288-1.jpeg","contentUrl":"https:\/\/frhub.netgear.com\/fr\/hub\/wp-content\/uploads\/2025\/12\/Q-sys-2-e1764334813226-383x288-1.jpeg","width":383,"height":288},{"@type":"BreadcrumbList","@id":"https:\/\/frhub.netgear.com\/fr\/hub\/business\/av\/unified-platform-excellence\/#breadcrumb","itemListElement":[{"@type":"ListItem","position":1,"name":"Home","item":"https:\/\/frhub.netgear.com\/fr\/hub\/"},{"@type":"ListItem","position":2,"name":"Entreprises","item":"https:\/\/frhub.netgear.com\/fr\/hub\/business\/"},{"@type":"ListItem","position":3,"name":"Entreprise AV","item":"https:\/\/frhub.netgear.com\/fr\/hub\/business\/av\/"},{"@type":"ListItem","position":4,"name":"L\u2019excellence d\u2019une plateforme unifi\u00e9e propulse la collaboration entre Q-SYS et NETGEAR AV"}]},{"@type":"WebSite","@id":"https:\/\/frhub.netgear.com\/fr\/hub\/#website","url":"https:\/\/frhub.netgear.com\/fr\/hub\/","name":"NETGEAR Hub France","description":"Explorez les pages de notre blog et parcourez les articles pour en savoir plus sur les produits et la technologie NETGEAR.","publisher":{"@id":"https:\/\/frhub.netgear.com\/fr\/hub\/#organization"},"potentialAction":[{"@type":"SearchAction","target":{"@type":"EntryPoint","urlTemplate":"https:\/\/frhub.netgear.com\/fr\/hub\/?s={search_term_string}"},"query-input":{"@type":"PropertyValueSpecification","valueRequired":true,"valueName":"search_term_string"}}],"inLanguage":"en-US"},{"@type":"Organization","@id":"https:\/\/frhub.netgear.com\/fr\/hub\/#organization","name":"NETGEAR","url":"https:\/\/frhub.netgear.com\/fr\/hub\/","logo":{"@type":"ImageObject","inLanguage":"en-US","@id":"https:\/\/frhub.netgear.com\/fr\/hub\/#\/schema\/logo\/image\/","url":"https:\/\/www.netgear.com\/fr\/hub\/wp-content\/uploads\/2019\/07\/NETGEAR_logo.jpg","contentUrl":"https:\/\/www.netgear.com\/fr\/hub\/wp-content\/uploads\/2019\/07\/NETGEAR_logo.jpg","width":1500,"height":501,"caption":"NETGEAR"},"image":{"@id":"https:\/\/frhub.netgear.com\/fr\/hub\/#\/schema\/logo\/image\/"},"sameAs":["https:\/\/www.facebook.com\/NetgearAU\/","https:\/\/x.com\/NETGEAR","https:\/\/www.linkedin.com\/company\/netgear"]}]}},"_links":{"self":[{"href":"https:\/\/frhub.netgear.com\/fr\/hub\/wp-json\/wp\/v2\/pages\/11772","targetHints":{"allow":["GET"]}}],"collection":[{"href":"https:\/\/frhub.netgear.com\/fr\/hub\/wp-json\/wp\/v2\/pages"}],"about":[{"href":"https:\/\/frhub.netgear.com\/fr\/hub\/wp-json\/wp\/v2\/types\/page"}],"author":[{"embeddable":true,"href":"https:\/\/frhub.netgear.com\/fr\/hub\/wp-json\/wp\/v2\/users\/97"}],"replies":[{"embeddable":true,"href":"https:\/\/frhub.netgear.com\/fr\/hub\/wp-json\/wp\/v2\/comments?post=11772"}],"version-history":[{"count":2,"href":"https:\/\/frhub.netgear.com\/fr\/hub\/wp-json\/wp\/v2\/pages\/11772\/revisions"}],"predecessor-version":[{"id":11774,"href":"https:\/\/frhub.netgear.com\/fr\/hub\/wp-json\/wp\/v2\/pages\/11772\/revisions\/11774"}],"up":[{"embeddable":true,"href":"https:\/\/frhub.netgear.com\/fr\/hub\/wp-json\/wp\/v2\/pages\/6754"}],"wp:featuredmedia":[{"embeddable":true,"href":"https:\/\/frhub.netgear.com\/fr\/hub\/wp-json\/wp\/v2\/media\/11763"}],"wp:attachment":[{"href":"https:\/\/frhub.netgear.com\/fr\/hub\/wp-json\/wp\/v2\/media?parent=11772"}],"curies":[{"name":"wp","href":"https:\/\/api.w.org\/{rel}","templated":true}]}}