{"id":11770,"date":"2025-11-04T19:15:50","date_gmt":"2025-12-02T18:15:32","guid":{"rendered":"https:\/\/frhub.netgear.com\/fr\/hub\/?page_id=11770"},"modified":"2025-12-02T19:15:57","modified_gmt":"2025-12-02T18:15:57","slug":"aurora-multimedia-and-netgear-av","status":"publish","type":"page","link":"https:\/\/frhub.netgear.com\/fr\/hub\/business\/av\/aurora-multimedia-and-netgear-av\/","title":{"rendered":"Comment l\u2019innovation dans l\u2019AV over IP stimule la collaboration entre Aurora Multimedia et NETGEAR AV"},"content":{"rendered":"<p><img loading=\"lazy\" decoding=\"async\" class=\"alignone size-full wp-image-10681\" style=\"border-radius: 1em;\" src=\"https:\/\/www.netgear.com\/hub\/wp-content\/uploads\/2025\/11\/ptz.png\" alt=\"\" width=\"1048\" height=\"511\" \/><\/p>\n    <div class=\"table-of-content bg-gray\">\n        <p><strong>IN THIS ARTICLE<\/strong><\/p>\n        <ul>\n                        <li><a href=\"#topic1\">Switch matriciel<\/a><\/li>\n                        <li><a href=\"#topic2\">D\u00e9ploiement sans configuration<\/a><\/li>\n                        <li><a href=\"#topic3\">Une \u00e9chelle entreprise rendue simple<\/a><\/li>\n                        <li><a href=\"#topic4\">Plus d'informations <\/a><\/li>\n                    <\/ul>\n    <\/div>\n        <div id=\"topic1\" class=\"skip-item\">\n                        <h2>Switch matriciel<\/h2>\n                <p data-start=\"73\" data-end=\"438\">Le partenariat entre Aurora Multimedia et NETGEAR AV transforme les d\u00e9fis complexes de distribution AV en solutions simples et \u00e9volutives. En combinant la technologie IPBaseT\u00ae d\u2019Aurora avec les commutateurs AV \u00e9prouv\u00e9s M4250 et M4350 de NETGEAR, les int\u00e9grateurs peuvent d\u00e9ployer une commutation matricielle de niveau entreprise avec une installation plug-and-play.<\/p>\n<p data-start=\"440\" data-end=\"712\">Cette collaboration \u00e9limine la complexit\u00e9 traditionnelle des d\u00e9ploiements AV de grande envergure, offrant des capacit\u00e9s de commutation matricielle pouvant atteindre <strong data-start=\"605\" data-end=\"618\">255 \u00d7 255<\/strong>, avec des performances <strong data-start=\"642\" data-end=\"656\">4K60 4:4:4<\/strong>, tout en consommant seulement <strong data-start=\"687\" data-end=\"711\">3 watts par appareil<\/strong>.<\/p>\n    <\/div>\n        <div id=\"topic2\" class=\"skip-item\">\n                        <h2>D\u00e9ploiement sans configuration<\/h2>\n                <p data-start=\"759\" data-end=\"1149\">La technologie IPBaseT\u00ae d\u2019Aurora combine l\u2019\u00e9volutivit\u00e9 de l\u2019AV over IP avec la simplicit\u00e9 du HDBaseT, mais c\u2019est le partenariat avec NETGEAR qui rend le d\u00e9ploiement v\u00e9ritablement transparent. Les commutateurs AV M4250 et M4350 de NETGEAR ont \u00e9t\u00e9 sp\u00e9cifiquement certifi\u00e9s pour prendre en charge le firmware IPBaseT\u00ae, cr\u00e9ant une base optimale ne n\u00e9cessitant <strong data-start=\"1115\" data-end=\"1148\">aucune configuration manuelle<\/strong>.<\/p>\n<p data-start=\"1151\" data-end=\"1681\">Chaque appareil IPBaseT\u00ae peut \u00eatre configur\u00e9 comme \u00e9metteur ou r\u00e9cepteur et adress\u00e9 de 0 \u00e0 255, permettant des connexions point-\u00e0-point flexibles, de l\u2019amplification de distribution ou une commutation matricielle compl\u00e8te via de simples commandes multicast ou RS-232. Gr\u00e2ce \u00e0 l\u2019infrastructure pr\u00e9valid\u00e9e de NETGEAR, les concepteurs peuvent cr\u00e9er des solutions \u00e9volutives qui s\u2019adaptent aux besoins changeants tout en maintenant une op\u00e9ration plug-and-play qui r\u00e9duit le temps de d\u00e9ploiement de plusieurs heures \u00e0 quelques minutes.<\/p>\n    <\/div>\n        <div id=\"topic3\" class=\"skip-item\">\n                        <h2>Une \u00e9chelle entreprise rendue simple<\/h2>\n                <p data-start=\"1734\" data-end=\"2229\">Le partenariat r\u00e9pond au d\u00e9fi fondamental auquel sont confront\u00e9s les int\u00e9grateurs AV : fournir des performances de niveau entreprise <strong data-start=\"1867\" data-end=\"1875\">sans<\/strong> la complexit\u00e9 qui les accompagne habituellement. La s\u00e9rie IBT\u2014comprenant l\u2019unit\u00e9 box <strong data-start=\"1961\" data-end=\"1973\">IBT-1-BX<\/strong> et la plaque murale <strong data-start=\"1994\" data-end=\"2007\">IBT-1-WP1<\/strong>\u2014fonctionne en parfaite synergie avec l\u2019infrastructure AV intelligente de NETGEAR pour offrir une flexibilit\u00e9 et une \u00e9volutivit\u00e9 accrues, tout en r\u00e9duisant les co\u00fbts de c\u00e2blage et en am\u00e9liorant l\u2019efficacit\u00e9 de maintenance.<\/p>\n<p data-start=\"2231\" data-end=\"2579\">Cette combinaison offre une performance sans latence (zero frame latency), avec la fiabilit\u00e9 exig\u00e9e par les int\u00e9grateurs et la simplicit\u00e9 attendue par les utilisateurs finaux. Elle repr\u00e9sente un alignement strat\u00e9gique qui \u00e9limine les obstacles traditionnels au d\u00e9ploiement, tout en maintenant des capacit\u00e9s \u00e9lev\u00e9es <strong data-start=\"2546\" data-end=\"2578\">sans sacrifier la simplicit\u00e9<\/strong>.<\/p>\n    <\/div>\n        <div id=\"topic4\" class=\"skip-item\">\n                        <h2>Plus d'informations <\/h2>\n                <p>\n<!--SOLUTIONS NETGEAR AV --><br \/>\n Plus d\u2019informations sur nos solutions audiovisuelles<\/p>\n<div class=\"hs-cta-embed hs-cta-simple-placeholder hs-cta-embed-241151160046\" style=\"max-width:100%;max-height:100%;width:260px;height:50.390625px\" data-hubspot-wrapper-cta-id=\"241151160046\"><br \/>\n  <a href=\"https:\/\/cta-na2.hubspot.com\/web-interactives\/public\/v1\/track\/redirect?encryptedPayload=AVxigLJf4HGLXU18h5HBrlQTZuKX4p21iriDX%2FD9Weo1E0jc26wgSp32sJpGF%2FrOb977gqk9Skq%2FVgamhq%2FXvCN0mPQ1dmrdARtcNUH8fV5cFOvngo8qJ8EuMyEq%2Fqu2y51zC2FZUVyu97opP5ixVGCiE%2Bg6BOgTVVDljEMF5hhhXUNpnikrl2UTN%2Bb3TA%3D%3D&#038;webInteractiveContentId=241151160046&#038;portalId=242128791\" target=\"_blank\" rel=\"noopener\"><br \/>\n    <img decoding=\"async\" alt=\"SOLUTIONS NETGEAR AV\" loading=\"lazy\" src=\"https:\/\/hubspot-no-cache-na2-prod.s3.amazonaws.com\/cta\/default\/242128791\/interactive-241151160046.png\" style=\"height: 100%;width: 100%;object-fit: fill\" \/><br \/>\n  <\/a>\n<\/div>\n<\/p>\n<p>\n<!-- NETGEAR ACADEMY AV --><br \/>\n Apprenez tout sur les r\u00e9seaux IP gr\u00e2ce \u00e0 la NETGEAR ACADEMY<\/p>\n<div class=\"hs-cta-embed hs-cta-simple-placeholder hs-cta-embed-241151160033\" style=\"max-width:100%;max-height:100%;width:260px;height:50.390625px\" data-hubspot-wrapper-cta-id=\"241151160033\"><br \/>\n  <a href=\"https:\/\/cta-na2.hubspot.com\/web-interactives\/public\/v1\/track\/redirect?encryptedPayload=AVxigLJ6zgXxrLVJLagOt9pyIXf5%2FGgh9lUupWJj49Nfcbq71eIrrvJQt9JGeaQwNkTAPTWhI2%2BXk56NQscWP4xOQ7iZrhk6rkBjyO4dBlJGP1gG3BpcrdlgLyF%2F850K2l3xn5kDj5H%2Fur8VO2zJH58QH7by4HFWliY25223Shr3sQx25aCmNBjCDkNwA2WRum67F9fGyQyzoYOn86wAq%2Brw3xzsBDMbyw%3D%3D&#038;webInteractiveContentId=241151160033&#038;portalId=242128791\" target=\"_blank\" rel=\"noopener\"><br \/>\n    <img decoding=\"async\" alt=\"NETGEAR ACADEMY\" loading=\"lazy\" src=\"https:\/\/hubspot-no-cache-na2-prod.s3.amazonaws.com\/cta\/default\/242128791\/interactive-241151160033.png\" style=\"height: 100%;width: 100%;object-fit: fill\" \/><br \/>\n  <\/a>\n<\/div>\n<\/p>\n<p style=\"margin-bottom: 30px\">\n <!--CONTACTEZ L'EQUIPE PROAV --><br \/>\nNos ing\u00e9nieurs vous accompagneront gratuitement dans la r\u00e9alisation de vos projets audiovisuels<\/p>\n<div class=\"hs-cta-embed hs-cta-simple-placeholder hs-cta-embed-241151160055\" style=\"max-width:100%;max-height:100%;width:270px;height:50.390625px\" data-hubspot-wrapper-cta-id=\"241151160055\"><br \/>\n  <a href=\"https:\/\/cta-na2.hubspot.com\/web-interactives\/public\/v1\/track\/redirect?encryptedPayload=AVxigLLUG9XShtF2ziGdRlpsMD%2BMJ39t1kFOE7VlHl2HmmlWzlJWH0rsV7f3eoQL53gclcWb0lliiDgK3EAMVvEOcIE7gW9aYOwk1uipv43pSUkBlDtiKJ%2BcB7fopWupnJbggqZWRkNERZkdh1dDGXHHDJX3V0sOA8mbXD%2Fd6QC2XK2OyVtrDNFDHbBoT6b15PyvF4Ca3b6JBNTYdAzYeH790XenlNKBP4OKZqw50t7IGx9DuADFMFlNdg6FWQ%3D%3D&#038;webInteractiveContentId=241151160055&#038;portalId=242128791\" target=\"_blank\" rel=\"noopener\"><br \/>\n    <img decoding=\"async\" alt=\"CONTACTEZ L'EQUIPE PROAV\" loading=\"lazy\" src=\"https:\/\/hubspot-no-cache-na2-prod.s3.amazonaws.com\/cta\/default\/242128791\/interactive-241151160055.png\" style=\"height: 100%;width: 100%;object-fit: fill\" \/><br \/>\n  <\/a>\n<\/div>\n<\/p>\n<p style=\"margin-top: 50px\"><iframe loading=\"lazy\" src=\"https:\/\/405nrr.share-na2.hsforms.com\/24AR2ZDSmQqWycFqf8q5-eg\" width=\"100%\" height=\"1200px\"><\/iframe><\/p>\n    <\/div>\n    \n","protected":false},"excerpt":{"rendered":"","protected":false},"author":68,"featured_media":11762,"parent":6754,"menu_order":0,"comment_status":"closed","ping_status":"closed","template":"templates\/blog-wifi.php","meta":{"_acf_changed":false,"content-type":"","footnotes":""},"class_list":["post-11770","page","type-page","status-publish","has-post-thumbnail","hentry"],"acf":[],"yoast_head":"<!-- This site is optimized with the Yoast SEO plugin v27.4 - https:\/\/yoast.com\/product\/yoast-seo-wordpress\/ -->\n<title>Comment l\u2019innovation dans l\u2019AV over IP stimule la collaboration entre Aurora Multimedia et NETGEAR AV - NETGEAR Blog<\/title>\n<meta name=\"description\" content=\"Comment l\u2019innovation dans l\u2019AV over IP stimule la collaboration entre Aurora Multimedia et NETGEAR AV\" \/>\n<meta name=\"robots\" content=\"index, follow, max-snippet:-1, max-image-preview:large, max-video-preview:-1\" \/>\n<link rel=\"canonical\" href=\"https:\/\/frhub.netgear.com\/fr\/hub\/business\/av\/aurora-multimedia-and-netgear-av\/\" \/>\n<meta property=\"og:locale\" content=\"en_US\" \/>\n<meta property=\"og:type\" content=\"article\" \/>\n<meta property=\"og:title\" content=\"Comment l\u2019innovation dans l\u2019AV over IP stimule la collaboration entre Aurora Multimedia et NETGEAR AV - NETGEAR Blog\" \/>\n<meta property=\"og:description\" content=\"Comment l\u2019innovation dans l\u2019AV over IP stimule la collaboration entre Aurora Multimedia et NETGEAR AV\" \/>\n<meta property=\"og:url\" content=\"https:\/\/frhub.netgear.com\/fr\/hub\/business\/av\/aurora-multimedia-and-netgear-av\/\" \/>\n<meta property=\"og:site_name\" content=\"NETGEAR Blog\" \/>\n<meta property=\"article:publisher\" content=\"https:\/\/www.facebook.com\/NetgearAU\/\" \/>\n<meta property=\"article:modified_time\" content=\"2025-12-02T18:15:57+00:00\" \/>\n<meta property=\"og:image\" content=\"https:\/\/frhub.netgear.com\/fr\/hub\/wp-content\/uploads\/2025\/12\/Aurora-4-383x288-1.jpeg\" \/>\n\t<meta property=\"og:image:width\" content=\"383\" \/>\n\t<meta property=\"og:image:height\" content=\"288\" \/>\n\t<meta property=\"og:image:type\" content=\"image\/jpeg\" \/>\n<meta name=\"twitter:card\" content=\"summary_large_image\" \/>\n<meta name=\"twitter:site\" content=\"@NETGEAR\" \/>\n<script type=\"application\/ld+json\" class=\"yoast-schema-graph\">{\"@context\":\"https:\\\/\\\/schema.org\",\"@graph\":[{\"@type\":\"WebPage\",\"@id\":\"https:\\\/\\\/frhub.netgear.com\\\/fr\\\/hub\\\/business\\\/av\\\/aurora-multimedia-and-netgear-av\\\/\",\"url\":\"https:\\\/\\\/frhub.netgear.com\\\/fr\\\/hub\\\/business\\\/av\\\/aurora-multimedia-and-netgear-av\\\/\",\"name\":\"Comment l\u2019innovation dans l\u2019AV over IP stimule la collaboration entre Aurora Multimedia et NETGEAR AV - NETGEAR Blog\",\"isPartOf\":{\"@id\":\"https:\\\/\\\/frhub.netgear.com\\\/fr\\\/hub\\\/#website\"},\"primaryImageOfPage\":{\"@id\":\"https:\\\/\\\/frhub.netgear.com\\\/fr\\\/hub\\\/business\\\/av\\\/aurora-multimedia-and-netgear-av\\\/#primaryimage\"},\"image\":{\"@id\":\"https:\\\/\\\/frhub.netgear.com\\\/fr\\\/hub\\\/business\\\/av\\\/aurora-multimedia-and-netgear-av\\\/#primaryimage\"},\"thumbnailUrl\":\"https:\\\/\\\/frhub.netgear.com\\\/fr\\\/hub\\\/wp-content\\\/uploads\\\/2025\\\/12\\\/Aurora-4-383x288-1.jpeg\",\"datePublished\":\"2025-12-02T18:15:32+00:00\",\"dateModified\":\"2025-12-02T18:15:57+00:00\",\"description\":\"Comment l\u2019innovation dans l\u2019AV over IP stimule la collaboration entre Aurora Multimedia et NETGEAR AV\",\"breadcrumb\":{\"@id\":\"https:\\\/\\\/frhub.netgear.com\\\/fr\\\/hub\\\/business\\\/av\\\/aurora-multimedia-and-netgear-av\\\/#breadcrumb\"},\"inLanguage\":\"en-US\",\"potentialAction\":[{\"@type\":\"ReadAction\",\"target\":[\"https:\\\/\\\/frhub.netgear.com\\\/fr\\\/hub\\\/business\\\/av\\\/aurora-multimedia-and-netgear-av\\\/\"]}]},{\"@type\":\"ImageObject\",\"inLanguage\":\"en-US\",\"@id\":\"https:\\\/\\\/frhub.netgear.com\\\/fr\\\/hub\\\/business\\\/av\\\/aurora-multimedia-and-netgear-av\\\/#primaryimage\",\"url\":\"https:\\\/\\\/frhub.netgear.com\\\/fr\\\/hub\\\/wp-content\\\/uploads\\\/2025\\\/12\\\/Aurora-4-383x288-1.jpeg\",\"contentUrl\":\"https:\\\/\\\/frhub.netgear.com\\\/fr\\\/hub\\\/wp-content\\\/uploads\\\/2025\\\/12\\\/Aurora-4-383x288-1.jpeg\",\"width\":383,\"height\":288},{\"@type\":\"BreadcrumbList\",\"@id\":\"https:\\\/\\\/frhub.netgear.com\\\/fr\\\/hub\\\/business\\\/av\\\/aurora-multimedia-and-netgear-av\\\/#breadcrumb\",\"itemListElement\":[{\"@type\":\"ListItem\",\"position\":1,\"name\":\"Home\",\"item\":\"https:\\\/\\\/frhub.netgear.com\\\/fr\\\/hub\\\/\"},{\"@type\":\"ListItem\",\"position\":2,\"name\":\"Entreprises\",\"item\":\"https:\\\/\\\/frhub.netgear.com\\\/fr\\\/hub\\\/business\\\/\"},{\"@type\":\"ListItem\",\"position\":3,\"name\":\"Entreprise AV\",\"item\":\"https:\\\/\\\/frhub.netgear.com\\\/fr\\\/hub\\\/business\\\/av\\\/\"},{\"@type\":\"ListItem\",\"position\":4,\"name\":\"Comment l\u2019innovation dans l\u2019AV over IP stimule la collaboration entre Aurora Multimedia et NETGEAR AV\"}]},{\"@type\":\"WebSite\",\"@id\":\"https:\\\/\\\/frhub.netgear.com\\\/fr\\\/hub\\\/#website\",\"url\":\"https:\\\/\\\/frhub.netgear.com\\\/fr\\\/hub\\\/\",\"name\":\"NETGEAR Hub France\",\"description\":\"Explorez les pages de notre blog et parcourez les articles pour en savoir plus sur les produits et la technologie NETGEAR.\",\"publisher\":{\"@id\":\"https:\\\/\\\/frhub.netgear.com\\\/fr\\\/hub\\\/#organization\"},\"potentialAction\":[{\"@type\":\"SearchAction\",\"target\":{\"@type\":\"EntryPoint\",\"urlTemplate\":\"https:\\\/\\\/frhub.netgear.com\\\/fr\\\/hub\\\/?s={search_term_string}\"},\"query-input\":{\"@type\":\"PropertyValueSpecification\",\"valueRequired\":true,\"valueName\":\"search_term_string\"}}],\"inLanguage\":\"en-US\"},{\"@type\":\"Organization\",\"@id\":\"https:\\\/\\\/frhub.netgear.com\\\/fr\\\/hub\\\/#organization\",\"name\":\"NETGEAR\",\"url\":\"https:\\\/\\\/frhub.netgear.com\\\/fr\\\/hub\\\/\",\"logo\":{\"@type\":\"ImageObject\",\"inLanguage\":\"en-US\",\"@id\":\"https:\\\/\\\/frhub.netgear.com\\\/fr\\\/hub\\\/#\\\/schema\\\/logo\\\/image\\\/\",\"url\":\"https:\\\/\\\/www.netgear.com\\\/fr\\\/hub\\\/wp-content\\\/uploads\\\/2019\\\/07\\\/NETGEAR_logo.jpg\",\"contentUrl\":\"https:\\\/\\\/www.netgear.com\\\/fr\\\/hub\\\/wp-content\\\/uploads\\\/2019\\\/07\\\/NETGEAR_logo.jpg\",\"width\":1500,\"height\":501,\"caption\":\"NETGEAR\"},\"image\":{\"@id\":\"https:\\\/\\\/frhub.netgear.com\\\/fr\\\/hub\\\/#\\\/schema\\\/logo\\\/image\\\/\"},\"sameAs\":[\"https:\\\/\\\/www.facebook.com\\\/NetgearAU\\\/\",\"https:\\\/\\\/x.com\\\/NETGEAR\",\"https:\\\/\\\/www.linkedin.com\\\/company\\\/netgear\"]}]}<\/script>\n<!-- \/ Yoast SEO plugin. -->","yoast_head_json":{"title":"Comment l\u2019innovation dans l\u2019AV over IP stimule la collaboration entre Aurora Multimedia et NETGEAR AV - NETGEAR Blog","description":"Comment l\u2019innovation dans l\u2019AV over IP stimule la collaboration entre Aurora Multimedia et NETGEAR AV","robots":{"index":"index","follow":"follow","max-snippet":"max-snippet:-1","max-image-preview":"max-image-preview:large","max-video-preview":"max-video-preview:-1"},"canonical":"https:\/\/frhub.netgear.com\/fr\/hub\/business\/av\/aurora-multimedia-and-netgear-av\/","og_locale":"en_US","og_type":"article","og_title":"Comment l\u2019innovation dans l\u2019AV over IP stimule la collaboration entre Aurora Multimedia et NETGEAR AV - NETGEAR Blog","og_description":"Comment l\u2019innovation dans l\u2019AV over IP stimule la collaboration entre Aurora Multimedia et NETGEAR AV","og_url":"https:\/\/frhub.netgear.com\/fr\/hub\/business\/av\/aurora-multimedia-and-netgear-av\/","og_site_name":"NETGEAR Blog","article_publisher":"https:\/\/www.facebook.com\/NetgearAU\/","article_modified_time":"2025-12-02T18:15:57+00:00","og_image":[{"width":383,"height":288,"url":"https:\/\/frhub.netgear.com\/fr\/hub\/wp-content\/uploads\/2025\/12\/Aurora-4-383x288-1.jpeg","type":"image\/jpeg"}],"twitter_card":"summary_large_image","twitter_site":"@NETGEAR","schema":{"@context":"https:\/\/schema.org","@graph":[{"@type":"WebPage","@id":"https:\/\/frhub.netgear.com\/fr\/hub\/business\/av\/aurora-multimedia-and-netgear-av\/","url":"https:\/\/frhub.netgear.com\/fr\/hub\/business\/av\/aurora-multimedia-and-netgear-av\/","name":"Comment l\u2019innovation dans l\u2019AV over IP stimule la collaboration entre Aurora Multimedia et NETGEAR AV - NETGEAR Blog","isPartOf":{"@id":"https:\/\/frhub.netgear.com\/fr\/hub\/#website"},"primaryImageOfPage":{"@id":"https:\/\/frhub.netgear.com\/fr\/hub\/business\/av\/aurora-multimedia-and-netgear-av\/#primaryimage"},"image":{"@id":"https:\/\/frhub.netgear.com\/fr\/hub\/business\/av\/aurora-multimedia-and-netgear-av\/#primaryimage"},"thumbnailUrl":"https:\/\/frhub.netgear.com\/fr\/hub\/wp-content\/uploads\/2025\/12\/Aurora-4-383x288-1.jpeg","datePublished":"2025-12-02T18:15:32+00:00","dateModified":"2025-12-02T18:15:57+00:00","description":"Comment l\u2019innovation dans l\u2019AV over IP stimule la collaboration entre Aurora Multimedia et NETGEAR AV","breadcrumb":{"@id":"https:\/\/frhub.netgear.com\/fr\/hub\/business\/av\/aurora-multimedia-and-netgear-av\/#breadcrumb"},"inLanguage":"en-US","potentialAction":[{"@type":"ReadAction","target":["https:\/\/frhub.netgear.com\/fr\/hub\/business\/av\/aurora-multimedia-and-netgear-av\/"]}]},{"@type":"ImageObject","inLanguage":"en-US","@id":"https:\/\/frhub.netgear.com\/fr\/hub\/business\/av\/aurora-multimedia-and-netgear-av\/#primaryimage","url":"https:\/\/frhub.netgear.com\/fr\/hub\/wp-content\/uploads\/2025\/12\/Aurora-4-383x288-1.jpeg","contentUrl":"https:\/\/frhub.netgear.com\/fr\/hub\/wp-content\/uploads\/2025\/12\/Aurora-4-383x288-1.jpeg","width":383,"height":288},{"@type":"BreadcrumbList","@id":"https:\/\/frhub.netgear.com\/fr\/hub\/business\/av\/aurora-multimedia-and-netgear-av\/#breadcrumb","itemListElement":[{"@type":"ListItem","position":1,"name":"Home","item":"https:\/\/frhub.netgear.com\/fr\/hub\/"},{"@type":"ListItem","position":2,"name":"Entreprises","item":"https:\/\/frhub.netgear.com\/fr\/hub\/business\/"},{"@type":"ListItem","position":3,"name":"Entreprise AV","item":"https:\/\/frhub.netgear.com\/fr\/hub\/business\/av\/"},{"@type":"ListItem","position":4,"name":"Comment l\u2019innovation dans l\u2019AV over IP stimule la collaboration entre Aurora Multimedia et NETGEAR AV"}]},{"@type":"WebSite","@id":"https:\/\/frhub.netgear.com\/fr\/hub\/#website","url":"https:\/\/frhub.netgear.com\/fr\/hub\/","name":"NETGEAR Hub France","description":"Explorez les pages de notre blog et parcourez les articles pour en savoir plus sur les produits et la technologie NETGEAR.","publisher":{"@id":"https:\/\/frhub.netgear.com\/fr\/hub\/#organization"},"potentialAction":[{"@type":"SearchAction","target":{"@type":"EntryPoint","urlTemplate":"https:\/\/frhub.netgear.com\/fr\/hub\/?s={search_term_string}"},"query-input":{"@type":"PropertyValueSpecification","valueRequired":true,"valueName":"search_term_string"}}],"inLanguage":"en-US"},{"@type":"Organization","@id":"https:\/\/frhub.netgear.com\/fr\/hub\/#organization","name":"NETGEAR","url":"https:\/\/frhub.netgear.com\/fr\/hub\/","logo":{"@type":"ImageObject","inLanguage":"en-US","@id":"https:\/\/frhub.netgear.com\/fr\/hub\/#\/schema\/logo\/image\/","url":"https:\/\/www.netgear.com\/fr\/hub\/wp-content\/uploads\/2019\/07\/NETGEAR_logo.jpg","contentUrl":"https:\/\/www.netgear.com\/fr\/hub\/wp-content\/uploads\/2019\/07\/NETGEAR_logo.jpg","width":1500,"height":501,"caption":"NETGEAR"},"image":{"@id":"https:\/\/frhub.netgear.com\/fr\/hub\/#\/schema\/logo\/image\/"},"sameAs":["https:\/\/www.facebook.com\/NetgearAU\/","https:\/\/x.com\/NETGEAR","https:\/\/www.linkedin.com\/company\/netgear"]}]}},"_links":{"self":[{"href":"https:\/\/frhub.netgear.com\/fr\/hub\/wp-json\/wp\/v2\/pages\/11770","targetHints":{"allow":["GET"]}}],"collection":[{"href":"https:\/\/frhub.netgear.com\/fr\/hub\/wp-json\/wp\/v2\/pages"}],"about":[{"href":"https:\/\/frhub.netgear.com\/fr\/hub\/wp-json\/wp\/v2\/types\/page"}],"author":[{"embeddable":true,"href":"https:\/\/frhub.netgear.com\/fr\/hub\/wp-json\/wp\/v2\/users\/68"}],"replies":[{"embeddable":true,"href":"https:\/\/frhub.netgear.com\/fr\/hub\/wp-json\/wp\/v2\/comments?post=11770"}],"version-history":[{"count":1,"href":"https:\/\/frhub.netgear.com\/fr\/hub\/wp-json\/wp\/v2\/pages\/11770\/revisions"}],"predecessor-version":[{"id":11771,"href":"https:\/\/frhub.netgear.com\/fr\/hub\/wp-json\/wp\/v2\/pages\/11770\/revisions\/11771"}],"up":[{"embeddable":true,"href":"https:\/\/frhub.netgear.com\/fr\/hub\/wp-json\/wp\/v2\/pages\/6754"}],"wp:featuredmedia":[{"embeddable":true,"href":"https:\/\/frhub.netgear.com\/fr\/hub\/wp-json\/wp\/v2\/media\/11762"}],"wp:attachment":[{"href":"https:\/\/frhub.netgear.com\/fr\/hub\/wp-json\/wp\/v2\/media?parent=11770"}],"curies":[{"name":"wp","href":"https:\/\/api.w.org\/{rel}","templated":true}]}}