{"id":11767,"date":"2025-09-25T19:06:50","date_gmt":"2025-12-02T18:06:20","guid":{"rendered":"https:\/\/frhub.netgear.com\/fr\/hub\/?page_id=11767"},"modified":"2025-12-02T19:07:34","modified_gmt":"2025-12-02T18:07:34","slug":"av-evolved-next-generation","status":"publish","type":"page","link":"https:\/\/frhub.netgear.com\/fr\/hub\/business\/av\/av-evolved-next-generation\/","title":{"rendered":"AV \u00c9VOLU\u00c9 \u2013 DES PARTENARIATS DE NOUVELLE G\u00c9N\u00c9RATION POUR UN AV DE NOUVELLE G\u00c9N\u00c9RATION"},"content":{"rendered":"<p><img loading=\"lazy\" decoding=\"async\" class=\"alignone size-full wp-image-10681\" style=\"border-radius: 1em;\" src=\"https:\/\/www.netgear.com\/hub\/wp-content\/uploads\/2025\/11\/4436A_location_square.jpg\" alt=\"\" width=\"1048\" height=\"511\" \/><\/p>\n    <div class=\"table-of-content bg-gray\">\n        <p><strong>IN THIS ARTICLE<\/strong><\/p>\n        <ul>\n                        <li><a href=\"#topic1\">Une Excellence Audio de Niveau Studio<\/a><\/li>\n                        <li><a href=\"#topic2\">La simplicit\u00e9 du c\u00e2ble unique<\/a><\/li>\n                        <li><a href=\"#topic3\">Une performance professionnelle \u00e9volutive<\/a><\/li>\n                        <li><a href=\"#topic4\">Un \u00e9cosyst\u00e8me de contr\u00f4le int\u00e9gr\u00e9<\/a><\/li>\n                        <li><a href=\"#topic5\">Plus d'informations<\/a><\/li>\n                    <\/ul>\n    <\/div>\n        <div id=\"topic1\" class=\"skip-item\">\n                        <h2>Une Excellence Audio de Niveau Studio<\/h2>\n                <p data-start=\"87\" data-end=\"546\">La transition du secteur audio professionnel vers des solutions en r\u00e9seau a cr\u00e9\u00e9 une demande croissante pour des syst\u00e8mes capables d\u2019offrir une qualit\u00e9 sonore exceptionnelle tout en simplifiant l\u2019installation et la gestion. Le partenariat strat\u00e9gique entre Genelec et NETGEAR r\u00e9pond parfaitement \u00e0 cette \u00e9volution en combinant les enceintes r\u00e9volutionnaires Smart IP PoE de Genelec avec l\u2019infrastructure de commutation Power over Ethernet \u00e9prouv\u00e9e de NETGEAR.<\/p>\n<p data-start=\"548\" data-end=\"958\">Cette collaboration illustre la convergence entre la technologie audio de niveau studio et des commutateurs r\u00e9seau intelligents, permettant des installations \u00e0 c\u00e2ble unique assurant simultan\u00e9ment l\u2019alimentation, l\u2019audio et la gestion. Le partenariat transforme des d\u00e9ploiements audio complexes en solutions \u00e9volutives et rentables pour les environnements professionnels, h\u00f4teliers, commerciaux et r\u00e9sidentiels.<\/p>\n    <\/div>\n        <div id=\"topic2\" class=\"skip-item\">\n                        <h2>La simplicit\u00e9 du c\u00e2ble unique<\/h2>\n                <p data-start=\"1004\" data-end=\"1375\">La gamme Smart IP de Genelec offre une qualit\u00e9 sonore exceptionnelle pour les installations audio professionnelles gr\u00e2ce \u00e0 des enceintes actives PoE qui re\u00e7oivent alimentation, audio non compress\u00e9 et signaux de gestion via un seul c\u00e2ble CAT. Cette approche \u00e9limine la complexit\u00e9 des installations audio traditionnelles tout en maintenant une performance de niveau studio.<\/p>\n<p data-start=\"1377\" data-end=\"1786\">Les enceintes Smart IP de Genelec prennent en charge le streaming audio non compress\u00e9 \u00e0 faible latence directement dans chaque enceinte, avec une synchronisation \u00e0 la microseconde pour garantir une image acoustique pr\u00e9cise. Elles supportent les flux audio Dante et AES67, avec des fr\u00e9quences d&#8217;\u00e9chantillonnage de 32 \u00e0 96 kHz et une r\u00e9solution de 16 \u00e0 24 bits, le tout g\u00e9rable via le logiciel Dante Controller.<\/p>\n<p data-start=\"1788\" data-end=\"2444\">Les commutateurs PoE+ de NETGEAR fournissent l\u2019infrastructure essentielle pour la technologie Smart IP, d\u00e9livrant la norme IEEE 802.3at avec jusqu\u2019\u00e0 30 W par port, requis pour des performances optimales. L\u2019infrastructure de commutation NETGEAR offre la bande passante, la pr\u00e9cision temporelle et les fonctionnalit\u00e9s de qualit\u00e9 de service n\u00e9cessaires au transport audio professionnel. Ensemble, ces technologies permettent aux installateurs de cr\u00e9er des syst\u00e8mes multi-zones complexes o\u00f9 chaque enceinte peut \u00eatre contr\u00f4l\u00e9e, \u00e9galis\u00e9e et g\u00e9r\u00e9e ind\u00e9pendamment via le logiciel Smart IP Manager de Genelec, tout en b\u00e9n\u00e9ficiant de la fiabilit\u00e9 du r\u00e9seau NETGEAR.<\/p>\n    <\/div>\n        <div id=\"topic3\" class=\"skip-item\">\n                        <h2>Une performance professionnelle \u00e9volutive<\/h2>\n                <p data-start=\"2502\" data-end=\"2818\">Les enceintes Smart IP peuvent \u00eatre librement combin\u00e9es sur un r\u00e9seau pour cr\u00e9er des syst\u00e8mes allant de la simple sonorisation d\u2019ambiance \u00e0 des installations multi-salles complexes. L\u2019approche bas\u00e9e sur le r\u00e9seau permet une extension simplifi\u00e9e : il suffit de tirer de nouveaux c\u00e2bles CAT et d\u2019ajouter des enceintes.<\/p>\n<p data-start=\"2820\" data-end=\"3111\">Ce partenariat garantit des performances constantes, qu\u2019il s\u2019agisse d\u2019alimenter une seule salle de conf\u00e9rence ou des centaines d\u2019enceintes r\u00e9parties dans plusieurs b\u00e2timents, chaque installation b\u00e9n\u00e9ficiant de la m\u00eame qualit\u00e9 sonore de niveau studio et des capacit\u00e9s de gestion intelligente.<\/p>\n    <\/div>\n        <div id=\"topic4\" class=\"skip-item\">\n                        <h2>Un \u00e9cosyst\u00e8me de contr\u00f4le int\u00e9gr\u00e9<\/h2>\n                <p>Le partenariat ne se limite pas au mat\u00e9riel ; il inclut \u00e9galement une int\u00e9gration logicielle compl\u00e8te. Les enceintes Genelec Smart IP disposent d\u2019une API publique qui permet une int\u00e9gration transparente avec les principales plateformes de contr\u00f4le, tandis que les commutateurs NETGEAR sont livr\u00e9s avec un profil pr\u00e9configur\u00e9 pour les enceintes Genelec. Le r\u00e9sultat : un \u00e9cosyst\u00e8me complet o\u00f9 l\u2019infrastructure r\u00e9seau et la technologie audio fonctionnent de concert pour offrir des performances exceptionnelles avec une complexit\u00e9 minimale.<\/p>\n    <\/div>\n        <div id=\"topic5\" class=\"skip-item\">\n                        <h2>Plus d'informations<\/h2>\n                <p><!--SOLUTIONS NETGEAR AV --><br \/>\nPlus d\u2019informations sur nos solutions audiovisuelles<\/p>\n<div class=\"hs-cta-embed hs-cta-simple-placeholder hs-cta-embed-241151160046\" style=\"max-width: 100%;max-height: 100%;width: 260px;height: 50.390625px\" data-hubspot-wrapper-cta-id=\"241151160046\"><a href=\"https:\/\/cta-na2.hubspot.com\/web-interactives\/public\/v1\/track\/redirect?encryptedPayload=AVxigLJf4HGLXU18h5HBrlQTZuKX4p21iriDX%2FD9Weo1E0jc26wgSp32sJpGF%2FrOb977gqk9Skq%2FVgamhq%2FXvCN0mPQ1dmrdARtcNUH8fV5cFOvngo8qJ8EuMyEq%2Fqu2y51zC2FZUVyu97opP5ixVGCiE%2Bg6BOgTVVDljEMF5hhhXUNpnikrl2UTN%2Bb3TA%3D%3D&amp;webInteractiveContentId=241151160046&amp;portalId=242128791\" target=\"_blank\" rel=\"noopener\"><br \/>\n<img decoding=\"async\" style=\"height: 100%;width: 100%;object-fit: fill\" src=\"https:\/\/hubspot-no-cache-na2-prod.s3.amazonaws.com\/cta\/default\/242128791\/interactive-241151160046.png\" alt=\"SOLUTIONS NETGEAR AV\" \/><br \/>\n<\/a><\/div>\n<p><!-- NETGEAR ACADEMY AV --><br \/>\nApprenez tout sur les r\u00e9seaux IP gr\u00e2ce \u00e0 la NETGEAR ACADEMY<\/p>\n<div class=\"hs-cta-embed hs-cta-simple-placeholder hs-cta-embed-241151160033\" style=\"max-width: 100%;max-height: 100%;width: 260px;height: 50.390625px\" data-hubspot-wrapper-cta-id=\"241151160033\"><a href=\"https:\/\/cta-na2.hubspot.com\/web-interactives\/public\/v1\/track\/redirect?encryptedPayload=AVxigLJ6zgXxrLVJLagOt9pyIXf5%2FGgh9lUupWJj49Nfcbq71eIrrvJQt9JGeaQwNkTAPTWhI2%2BXk56NQscWP4xOQ7iZrhk6rkBjyO4dBlJGP1gG3BpcrdlgLyF%2F850K2l3xn5kDj5H%2Fur8VO2zJH58QH7by4HFWliY25223Shr3sQx25aCmNBjCDkNwA2WRum67F9fGyQyzoYOn86wAq%2Brw3xzsBDMbyw%3D%3D&amp;webInteractiveContentId=241151160033&amp;portalId=242128791\" target=\"_blank\" rel=\"noopener\"><br \/>\n<img decoding=\"async\" style=\"height: 100%;width: 100%;object-fit: fill\" src=\"https:\/\/hubspot-no-cache-na2-prod.s3.amazonaws.com\/cta\/default\/242128791\/interactive-241151160033.png\" alt=\"NETGEAR ACADEMY\" \/><br \/>\n<\/a><\/div>\n<p style=\"margin-bottom: 30px\"><!--CONTACTEZ L'EQUIPE PROAV --><br \/>\nNos ing\u00e9nieurs vous accompagneront gratuitement dans la r\u00e9alisation de vos projets audiovisuels<\/p>\n<div class=\"hs-cta-embed hs-cta-simple-placeholder hs-cta-embed-241151160055\" style=\"max-width: 100%;max-height: 100%;width: 270px;height: 50.390625px\" data-hubspot-wrapper-cta-id=\"241151160055\"><a href=\"https:\/\/cta-na2.hubspot.com\/web-interactives\/public\/v1\/track\/redirect?encryptedPayload=AVxigLLUG9XShtF2ziGdRlpsMD%2BMJ39t1kFOE7VlHl2HmmlWzlJWH0rsV7f3eoQL53gclcWb0lliiDgK3EAMVvEOcIE7gW9aYOwk1uipv43pSUkBlDtiKJ%2BcB7fopWupnJbggqZWRkNERZkdh1dDGXHHDJX3V0sOA8mbXD%2Fd6QC2XK2OyVtrDNFDHbBoT6b15PyvF4Ca3b6JBNTYdAzYeH790XenlNKBP4OKZqw50t7IGx9DuADFMFlNdg6FWQ%3D%3D&amp;webInteractiveContentId=241151160055&amp;portalId=242128791\" target=\"_blank\" rel=\"noopener\"><br \/>\n<img decoding=\"async\" style=\"height: 100%;width: 100%;object-fit: fill\" src=\"https:\/\/hubspot-no-cache-na2-prod.s3.amazonaws.com\/cta\/default\/242128791\/interactive-241151160055.png\" alt=\"CONTACTEZ L'EQUIPE PROAV\" \/><br \/>\n<\/a><\/div>\n<p style=\"margin-top: 50px\"><iframe loading=\"lazy\" src=\"https:\/\/405nrr.share-na2.hsforms.com\/24AR2ZDSmQqWycFqf8q5-eg\" width=\"100%\" height=\"1200px\"><\/iframe><\/p>\n    <\/div>\n    \n","protected":false},"excerpt":{"rendered":"","protected":false},"author":97,"featured_media":11761,"parent":6754,"menu_order":0,"comment_status":"closed","ping_status":"closed","template":"templates\/blog-wifi.php","meta":{"_acf_changed":false,"content-type":"","footnotes":""},"class_list":["post-11767","page","type-page","status-publish","has-post-thumbnail","hentry"],"acf":[],"yoast_head":"<!-- This site is optimized with the Yoast SEO plugin v27.4 - https:\/\/yoast.com\/product\/yoast-seo-wordpress\/ -->\n<title>AV \u00c9VOLU\u00c9 \u2013 DES PARTENARIATS DE NOUVELLE G\u00c9N\u00c9RATION POUR UN AV DE NOUVELLE G\u00c9N\u00c9RATION - NETGEAR Blog<\/title>\n<meta name=\"description\" content=\"AV \u00c9VOLU\u00c9 \u2013 DES PARTENARIATS DE NOUVELLE G\u00c9N\u00c9RATION POUR UN AV DE NOUVELLE G\u00c9N\u00c9RATION\" \/>\n<meta name=\"robots\" content=\"index, follow, max-snippet:-1, max-image-preview:large, max-video-preview:-1\" \/>\n<link rel=\"canonical\" href=\"https:\/\/frhub.netgear.com\/fr\/hub\/business\/av\/av-evolved-next-generation\/\" \/>\n<meta property=\"og:locale\" content=\"en_US\" \/>\n<meta property=\"og:type\" content=\"article\" \/>\n<meta property=\"og:title\" content=\"AV \u00c9VOLU\u00c9 \u2013 DES PARTENARIATS DE NOUVELLE G\u00c9N\u00c9RATION POUR UN AV DE NOUVELLE G\u00c9N\u00c9RATION - NETGEAR Blog\" \/>\n<meta property=\"og:description\" content=\"AV \u00c9VOLU\u00c9 \u2013 DES PARTENARIATS DE NOUVELLE G\u00c9N\u00c9RATION POUR UN AV DE NOUVELLE G\u00c9N\u00c9RATION\" \/>\n<meta property=\"og:url\" content=\"https:\/\/frhub.netgear.com\/fr\/hub\/business\/av\/av-evolved-next-generation\/\" \/>\n<meta property=\"og:site_name\" content=\"NETGEAR Blog\" \/>\n<meta property=\"article:publisher\" content=\"https:\/\/www.facebook.com\/NetgearAU\/\" \/>\n<meta property=\"article:modified_time\" content=\"2025-12-02T18:07:34+00:00\" \/>\n<meta property=\"og:image\" content=\"https:\/\/frhub.netgear.com\/fr\/hub\/wp-content\/uploads\/2025\/12\/Logo-383x288-1.jpeg\" \/>\n\t<meta property=\"og:image:width\" content=\"383\" \/>\n\t<meta property=\"og:image:height\" content=\"288\" \/>\n\t<meta property=\"og:image:type\" content=\"image\/jpeg\" \/>\n<meta name=\"twitter:card\" content=\"summary_large_image\" \/>\n<meta name=\"twitter:site\" content=\"@NETGEAR\" \/>\n<script type=\"application\/ld+json\" class=\"yoast-schema-graph\">{\"@context\":\"https:\\\/\\\/schema.org\",\"@graph\":[{\"@type\":\"WebPage\",\"@id\":\"https:\\\/\\\/frhub.netgear.com\\\/fr\\\/hub\\\/business\\\/av\\\/av-evolved-next-generation\\\/\",\"url\":\"https:\\\/\\\/frhub.netgear.com\\\/fr\\\/hub\\\/business\\\/av\\\/av-evolved-next-generation\\\/\",\"name\":\"AV \u00c9VOLU\u00c9 \u2013 DES PARTENARIATS DE NOUVELLE G\u00c9N\u00c9RATION POUR UN AV DE NOUVELLE G\u00c9N\u00c9RATION - NETGEAR Blog\",\"isPartOf\":{\"@id\":\"https:\\\/\\\/frhub.netgear.com\\\/fr\\\/hub\\\/#website\"},\"primaryImageOfPage\":{\"@id\":\"https:\\\/\\\/frhub.netgear.com\\\/fr\\\/hub\\\/business\\\/av\\\/av-evolved-next-generation\\\/#primaryimage\"},\"image\":{\"@id\":\"https:\\\/\\\/frhub.netgear.com\\\/fr\\\/hub\\\/business\\\/av\\\/av-evolved-next-generation\\\/#primaryimage\"},\"thumbnailUrl\":\"https:\\\/\\\/frhub.netgear.com\\\/fr\\\/hub\\\/wp-content\\\/uploads\\\/2025\\\/12\\\/Logo-383x288-1.jpeg\",\"datePublished\":\"2025-12-02T18:06:20+00:00\",\"dateModified\":\"2025-12-02T18:07:34+00:00\",\"description\":\"AV \u00c9VOLU\u00c9 \u2013 DES PARTENARIATS DE NOUVELLE G\u00c9N\u00c9RATION POUR UN AV DE NOUVELLE G\u00c9N\u00c9RATION\",\"breadcrumb\":{\"@id\":\"https:\\\/\\\/frhub.netgear.com\\\/fr\\\/hub\\\/business\\\/av\\\/av-evolved-next-generation\\\/#breadcrumb\"},\"inLanguage\":\"en-US\",\"potentialAction\":[{\"@type\":\"ReadAction\",\"target\":[\"https:\\\/\\\/frhub.netgear.com\\\/fr\\\/hub\\\/business\\\/av\\\/av-evolved-next-generation\\\/\"]}]},{\"@type\":\"ImageObject\",\"inLanguage\":\"en-US\",\"@id\":\"https:\\\/\\\/frhub.netgear.com\\\/fr\\\/hub\\\/business\\\/av\\\/av-evolved-next-generation\\\/#primaryimage\",\"url\":\"https:\\\/\\\/frhub.netgear.com\\\/fr\\\/hub\\\/wp-content\\\/uploads\\\/2025\\\/12\\\/Logo-383x288-1.jpeg\",\"contentUrl\":\"https:\\\/\\\/frhub.netgear.com\\\/fr\\\/hub\\\/wp-content\\\/uploads\\\/2025\\\/12\\\/Logo-383x288-1.jpeg\",\"width\":383,\"height\":288},{\"@type\":\"BreadcrumbList\",\"@id\":\"https:\\\/\\\/frhub.netgear.com\\\/fr\\\/hub\\\/business\\\/av\\\/av-evolved-next-generation\\\/#breadcrumb\",\"itemListElement\":[{\"@type\":\"ListItem\",\"position\":1,\"name\":\"Home\",\"item\":\"https:\\\/\\\/frhub.netgear.com\\\/fr\\\/hub\\\/\"},{\"@type\":\"ListItem\",\"position\":2,\"name\":\"Entreprises\",\"item\":\"https:\\\/\\\/frhub.netgear.com\\\/fr\\\/hub\\\/business\\\/\"},{\"@type\":\"ListItem\",\"position\":3,\"name\":\"Entreprise AV\",\"item\":\"https:\\\/\\\/frhub.netgear.com\\\/fr\\\/hub\\\/business\\\/av\\\/\"},{\"@type\":\"ListItem\",\"position\":4,\"name\":\"AV \u00c9VOLU\u00c9 \u2013 DES PARTENARIATS DE NOUVELLE G\u00c9N\u00c9RATION POUR UN AV DE NOUVELLE G\u00c9N\u00c9RATION\"}]},{\"@type\":\"WebSite\",\"@id\":\"https:\\\/\\\/frhub.netgear.com\\\/fr\\\/hub\\\/#website\",\"url\":\"https:\\\/\\\/frhub.netgear.com\\\/fr\\\/hub\\\/\",\"name\":\"NETGEAR Hub France\",\"description\":\"Explorez les pages de notre blog et parcourez les articles pour en savoir plus sur les produits et la technologie NETGEAR.\",\"publisher\":{\"@id\":\"https:\\\/\\\/frhub.netgear.com\\\/fr\\\/hub\\\/#organization\"},\"potentialAction\":[{\"@type\":\"SearchAction\",\"target\":{\"@type\":\"EntryPoint\",\"urlTemplate\":\"https:\\\/\\\/frhub.netgear.com\\\/fr\\\/hub\\\/?s={search_term_string}\"},\"query-input\":{\"@type\":\"PropertyValueSpecification\",\"valueRequired\":true,\"valueName\":\"search_term_string\"}}],\"inLanguage\":\"en-US\"},{\"@type\":\"Organization\",\"@id\":\"https:\\\/\\\/frhub.netgear.com\\\/fr\\\/hub\\\/#organization\",\"name\":\"NETGEAR\",\"url\":\"https:\\\/\\\/frhub.netgear.com\\\/fr\\\/hub\\\/\",\"logo\":{\"@type\":\"ImageObject\",\"inLanguage\":\"en-US\",\"@id\":\"https:\\\/\\\/frhub.netgear.com\\\/fr\\\/hub\\\/#\\\/schema\\\/logo\\\/image\\\/\",\"url\":\"https:\\\/\\\/www.netgear.com\\\/fr\\\/hub\\\/wp-content\\\/uploads\\\/2019\\\/07\\\/NETGEAR_logo.jpg\",\"contentUrl\":\"https:\\\/\\\/www.netgear.com\\\/fr\\\/hub\\\/wp-content\\\/uploads\\\/2019\\\/07\\\/NETGEAR_logo.jpg\",\"width\":1500,\"height\":501,\"caption\":\"NETGEAR\"},\"image\":{\"@id\":\"https:\\\/\\\/frhub.netgear.com\\\/fr\\\/hub\\\/#\\\/schema\\\/logo\\\/image\\\/\"},\"sameAs\":[\"https:\\\/\\\/www.facebook.com\\\/NetgearAU\\\/\",\"https:\\\/\\\/x.com\\\/NETGEAR\",\"https:\\\/\\\/www.linkedin.com\\\/company\\\/netgear\"]}]}<\/script>\n<!-- \/ Yoast SEO plugin. -->","yoast_head_json":{"title":"AV \u00c9VOLU\u00c9 \u2013 DES PARTENARIATS DE NOUVELLE G\u00c9N\u00c9RATION POUR UN AV DE NOUVELLE G\u00c9N\u00c9RATION - NETGEAR Blog","description":"AV \u00c9VOLU\u00c9 \u2013 DES PARTENARIATS DE NOUVELLE G\u00c9N\u00c9RATION POUR UN AV DE NOUVELLE G\u00c9N\u00c9RATION","robots":{"index":"index","follow":"follow","max-snippet":"max-snippet:-1","max-image-preview":"max-image-preview:large","max-video-preview":"max-video-preview:-1"},"canonical":"https:\/\/frhub.netgear.com\/fr\/hub\/business\/av\/av-evolved-next-generation\/","og_locale":"en_US","og_type":"article","og_title":"AV \u00c9VOLU\u00c9 \u2013 DES PARTENARIATS DE NOUVELLE G\u00c9N\u00c9RATION POUR UN AV DE NOUVELLE G\u00c9N\u00c9RATION - NETGEAR Blog","og_description":"AV \u00c9VOLU\u00c9 \u2013 DES PARTENARIATS DE NOUVELLE G\u00c9N\u00c9RATION POUR UN AV DE NOUVELLE G\u00c9N\u00c9RATION","og_url":"https:\/\/frhub.netgear.com\/fr\/hub\/business\/av\/av-evolved-next-generation\/","og_site_name":"NETGEAR Blog","article_publisher":"https:\/\/www.facebook.com\/NetgearAU\/","article_modified_time":"2025-12-02T18:07:34+00:00","og_image":[{"width":383,"height":288,"url":"https:\/\/frhub.netgear.com\/fr\/hub\/wp-content\/uploads\/2025\/12\/Logo-383x288-1.jpeg","type":"image\/jpeg"}],"twitter_card":"summary_large_image","twitter_site":"@NETGEAR","schema":{"@context":"https:\/\/schema.org","@graph":[{"@type":"WebPage","@id":"https:\/\/frhub.netgear.com\/fr\/hub\/business\/av\/av-evolved-next-generation\/","url":"https:\/\/frhub.netgear.com\/fr\/hub\/business\/av\/av-evolved-next-generation\/","name":"AV \u00c9VOLU\u00c9 \u2013 DES PARTENARIATS DE NOUVELLE G\u00c9N\u00c9RATION POUR UN AV DE NOUVELLE G\u00c9N\u00c9RATION - NETGEAR Blog","isPartOf":{"@id":"https:\/\/frhub.netgear.com\/fr\/hub\/#website"},"primaryImageOfPage":{"@id":"https:\/\/frhub.netgear.com\/fr\/hub\/business\/av\/av-evolved-next-generation\/#primaryimage"},"image":{"@id":"https:\/\/frhub.netgear.com\/fr\/hub\/business\/av\/av-evolved-next-generation\/#primaryimage"},"thumbnailUrl":"https:\/\/frhub.netgear.com\/fr\/hub\/wp-content\/uploads\/2025\/12\/Logo-383x288-1.jpeg","datePublished":"2025-12-02T18:06:20+00:00","dateModified":"2025-12-02T18:07:34+00:00","description":"AV \u00c9VOLU\u00c9 \u2013 DES PARTENARIATS DE NOUVELLE G\u00c9N\u00c9RATION POUR UN AV DE NOUVELLE G\u00c9N\u00c9RATION","breadcrumb":{"@id":"https:\/\/frhub.netgear.com\/fr\/hub\/business\/av\/av-evolved-next-generation\/#breadcrumb"},"inLanguage":"en-US","potentialAction":[{"@type":"ReadAction","target":["https:\/\/frhub.netgear.com\/fr\/hub\/business\/av\/av-evolved-next-generation\/"]}]},{"@type":"ImageObject","inLanguage":"en-US","@id":"https:\/\/frhub.netgear.com\/fr\/hub\/business\/av\/av-evolved-next-generation\/#primaryimage","url":"https:\/\/frhub.netgear.com\/fr\/hub\/wp-content\/uploads\/2025\/12\/Logo-383x288-1.jpeg","contentUrl":"https:\/\/frhub.netgear.com\/fr\/hub\/wp-content\/uploads\/2025\/12\/Logo-383x288-1.jpeg","width":383,"height":288},{"@type":"BreadcrumbList","@id":"https:\/\/frhub.netgear.com\/fr\/hub\/business\/av\/av-evolved-next-generation\/#breadcrumb","itemListElement":[{"@type":"ListItem","position":1,"name":"Home","item":"https:\/\/frhub.netgear.com\/fr\/hub\/"},{"@type":"ListItem","position":2,"name":"Entreprises","item":"https:\/\/frhub.netgear.com\/fr\/hub\/business\/"},{"@type":"ListItem","position":3,"name":"Entreprise AV","item":"https:\/\/frhub.netgear.com\/fr\/hub\/business\/av\/"},{"@type":"ListItem","position":4,"name":"AV \u00c9VOLU\u00c9 \u2013 DES PARTENARIATS DE NOUVELLE G\u00c9N\u00c9RATION POUR UN AV DE NOUVELLE G\u00c9N\u00c9RATION"}]},{"@type":"WebSite","@id":"https:\/\/frhub.netgear.com\/fr\/hub\/#website","url":"https:\/\/frhub.netgear.com\/fr\/hub\/","name":"NETGEAR Hub France","description":"Explorez les pages de notre blog et parcourez les articles pour en savoir plus sur les produits et la technologie NETGEAR.","publisher":{"@id":"https:\/\/frhub.netgear.com\/fr\/hub\/#organization"},"potentialAction":[{"@type":"SearchAction","target":{"@type":"EntryPoint","urlTemplate":"https:\/\/frhub.netgear.com\/fr\/hub\/?s={search_term_string}"},"query-input":{"@type":"PropertyValueSpecification","valueRequired":true,"valueName":"search_term_string"}}],"inLanguage":"en-US"},{"@type":"Organization","@id":"https:\/\/frhub.netgear.com\/fr\/hub\/#organization","name":"NETGEAR","url":"https:\/\/frhub.netgear.com\/fr\/hub\/","logo":{"@type":"ImageObject","inLanguage":"en-US","@id":"https:\/\/frhub.netgear.com\/fr\/hub\/#\/schema\/logo\/image\/","url":"https:\/\/www.netgear.com\/fr\/hub\/wp-content\/uploads\/2019\/07\/NETGEAR_logo.jpg","contentUrl":"https:\/\/www.netgear.com\/fr\/hub\/wp-content\/uploads\/2019\/07\/NETGEAR_logo.jpg","width":1500,"height":501,"caption":"NETGEAR"},"image":{"@id":"https:\/\/frhub.netgear.com\/fr\/hub\/#\/schema\/logo\/image\/"},"sameAs":["https:\/\/www.facebook.com\/NetgearAU\/","https:\/\/x.com\/NETGEAR","https:\/\/www.linkedin.com\/company\/netgear"]}]}},"_links":{"self":[{"href":"https:\/\/frhub.netgear.com\/fr\/hub\/wp-json\/wp\/v2\/pages\/11767","targetHints":{"allow":["GET"]}}],"collection":[{"href":"https:\/\/frhub.netgear.com\/fr\/hub\/wp-json\/wp\/v2\/pages"}],"about":[{"href":"https:\/\/frhub.netgear.com\/fr\/hub\/wp-json\/wp\/v2\/types\/page"}],"author":[{"embeddable":true,"href":"https:\/\/frhub.netgear.com\/fr\/hub\/wp-json\/wp\/v2\/users\/97"}],"replies":[{"embeddable":true,"href":"https:\/\/frhub.netgear.com\/fr\/hub\/wp-json\/wp\/v2\/comments?post=11767"}],"version-history":[{"count":2,"href":"https:\/\/frhub.netgear.com\/fr\/hub\/wp-json\/wp\/v2\/pages\/11767\/revisions"}],"predecessor-version":[{"id":11769,"href":"https:\/\/frhub.netgear.com\/fr\/hub\/wp-json\/wp\/v2\/pages\/11767\/revisions\/11769"}],"up":[{"embeddable":true,"href":"https:\/\/frhub.netgear.com\/fr\/hub\/wp-json\/wp\/v2\/pages\/6754"}],"wp:featuredmedia":[{"embeddable":true,"href":"https:\/\/frhub.netgear.com\/fr\/hub\/wp-json\/wp\/v2\/media\/11761"}],"wp:attachment":[{"href":"https:\/\/frhub.netgear.com\/fr\/hub\/wp-json\/wp\/v2\/media?parent=11767"}],"curies":[{"name":"wp","href":"https:\/\/api.w.org\/{rel}","templated":true}]}}