{"id":11755,"date":"2025-10-28T08:53:50","date_gmt":"2025-12-01T07:53:41","guid":{"rendered":"https:\/\/frhub.netgear.com\/fr\/hub\/?page_id=11755"},"modified":"2025-12-01T08:57:44","modified_gmt":"2025-12-01T07:57:44","slug":"inside-the-crestron-emea-customer-experience-centre","status":"publish","type":"page","link":"https:\/\/frhub.netgear.com\/fr\/hub\/business\/av\/inside-the-crestron-emea-customer-experience-centre\/","title":{"rendered":"\u00c0 l\u2019int\u00e9rieur du Centre d\u2019Exp\u00e9rience Client Crestron EMEA"},"content":{"rendered":"<p><img loading=\"lazy\" decoding=\"async\" class=\"alignone size-full wp-image-10681\" style=\"border-radius: 1em;\" src=\"https:\/\/www.netgear.com\/hub\/wp-content\/uploads\/2025\/10\/photo1_crestron_experience-center-scaled.png\" alt=\"\" width=\"1048\" height=\"511\" \/><\/p>\n    <div class=\"table-of-content bg-gray\">\n        <p><strong>IN THIS ARTICLE<\/strong><\/p>\n        <ul>\n                        <li><a href=\"#topic2\">Une technologie qui donne vie aux id\u00e9es<\/a><\/li>\n                        <li><a href=\"#topic3\">Une v\u00e9ritable exp\u00e9rience, pas une vitrine<\/a><\/li>\n                        <li><a href=\"#topic4\">R\u00e9soudre de vrais d\u00e9fis<\/a><\/li>\n                        <li><a href=\"#topic5\">Un espace de d\u00e9couverte<\/a><\/li>\n                        <li><a href=\"#topic6\">Plus d'informations <\/a><\/li>\n                    <\/ul>\n    <\/div>\n        <div id=\"topic1\" class=\"skip-item\">\n                        <p data-start=\"77\" data-end=\"227\"><strong data-start=\"77\" data-end=\"227\">Un aper\u00e7u direct de la mani\u00e8re dont Crestron et NETGEAR unissent collaboration hybride et r\u00e9seau AV de nouvelle g\u00e9n\u00e9ration \u00e0 Malines, en Belgique.<\/strong><\/p>\n<p data-start=\"229\" data-end=\"646\">Situ\u00e9 \u00e0 mi-chemin entre Anvers et Bruxelles, dans la ville de Malines, le nouveau Crestron EMEA Customer Experience Centre est bien plus qu\u2019un showroom. C\u2019est un environnement immersif et op\u00e9rationnel o\u00f9 les d\u00e9cideurs des secteurs de l\u2019entreprise, de l\u2019\u00e9ducation et du gouvernement peuvent d\u00e9couvrir comment les syst\u00e8mes AV sur IP r\u00e9solvent des d\u00e9fis r\u00e9els en mati\u00e8re de connectivit\u00e9, de collaboration et de contr\u00f4le.<\/p>\n<p data-start=\"648\" data-end=\"954\">Dans le paysage actuel du travail hybride, les organisations sont confront\u00e9es \u00e0 un trio de d\u00e9fis bien connus : distribuer de la vid\u00e9o de tr\u00e8s haute qualit\u00e9, permettre une collaboration fluide entre diff\u00e9rents lieux et appareils, et g\u00e9rer l\u2019ensemble sur le r\u00e9seau sans perturber les op\u00e9rations quotidiennes.<\/p>\n<p data-start=\"956\" data-end=\"1051\">Au Centre de Malines, <strong>Crestron<\/strong> rel\u00e8ve ces d\u00e9fis de front \u2014 gr\u00e2ce \u00e0 l\u2019infrastructure <strong>NETGEAR AV.<\/strong><\/p>\n<p data-start=\"956\" data-end=\"1051\"><img decoding=\"async\" src=\"https:\/\/www.netgear.com\/hub\/wp-content\/uploads\/2025\/10\/Screenshot-2025-10-28-at-15.19.31.png\" alt=\"\" \/><\/p>\n    <\/div>\n        <div id=\"topic2\" class=\"skip-item\">\n                        <h2>Une technologie qui donne vie aux id\u00e9es<\/h2>\n                <p data-start=\"1108\" data-end=\"1206\">La mise en \u0153uvre AV \u00e0 l\u2019int\u00e9rieur du Centre impressionne tant par son ampleur que par son design :<\/p>\n<ul data-start=\"1208\" data-end=\"1549\">\n<li data-start=\"1208\" data-end=\"1339\">\n<p data-start=\"1210\" data-end=\"1339\">16 sources vid\u00e9o DM-NVX alimentent 50 d\u00e9codeurs DM-NVX, distribuant un contenu impeccable dans divers espaces de d\u00e9monstration.<\/p>\n<\/li>\n<li data-start=\"1340\" data-end=\"1415\">\n<p data-start=\"1342\" data-end=\"1415\">Un mur d\u2019images grand format pr\u00e9sente des flux critiques en temps r\u00e9el.<\/p>\n<\/li>\n<li data-start=\"1416\" data-end=\"1549\">\n<p data-start=\"1418\" data-end=\"1549\">Une salle de conf\u00e9rence d\u00e9di\u00e9e \u201cSight Line\u201d int\u00e8gre dix cam\u00e9ras, huit \u00e9crans et des microphones de plafond intelligents Sennheiser.<\/p>\n<\/li>\n<\/ul>\n<p data-start=\"1551\" data-end=\"1762\">En coulisses, les commutateurs NETGEAR M4250 et M4350 constituent la colonne vert\u00e9brale de cet environnement, offrant la performance, la fiabilit\u00e9 et l\u2019\u00e9volutivit\u00e9 qu\u2019exigent les d\u00e9ploiements AV sur IP modernes.<\/p>\n    <\/div>\n        <div id=\"topic3\" class=\"skip-item\">\n                        <h2>Une v\u00e9ritable exp\u00e9rience, pas une vitrine<\/h2>\n                <p data-start=\"1821\" data-end=\"2128\">Le Centre Crestron ne se concentre pas sur du mat\u00e9riel statique ou une liste de produits \u2014 il s\u2019agit de vivre le flux de contenu et de contr\u00f4le \u00e0 travers des espaces connect\u00e9s. Les visiteurs peuvent parcourir des sc\u00e9narios r\u00e9alistes illustrant \u00e0 quoi ressemble et \u00e0 quoi se ressent un AV haute performance :<\/p>\n<ul data-start=\"2130\" data-end=\"2380\">\n<li data-start=\"2130\" data-end=\"2210\">\n<p data-start=\"2132\" data-end=\"2210\">Si\u00e8ges de simulation automobile capturant un retour visuel en pleine vitesse<\/p>\n<\/li>\n<li data-start=\"2211\" data-end=\"2305\">\n<p data-start=\"2213\" data-end=\"2305\">Cam\u00e9ras de salle de r\u00e9union avec suivi automatique, cadrant les intervenants en temps r\u00e9el<\/p>\n<\/li>\n<li data-start=\"2306\" data-end=\"2380\">\n<p data-start=\"2308\" data-end=\"2380\">Diffusion sans fil BYOD vers des murs LED avec une latence quasi nulle<\/p>\n<\/li>\n<\/ul>\n<p data-start=\"2382\" data-end=\"2635\">Pour les installateurs et int\u00e9grateurs, c\u2019est un laboratoire vivant montrant comment sources, d\u00e9codeurs, cam\u00e9ras, \u00e9crans, microphones et commutateurs r\u00e9seau NETGEAR peuvent fonctionner en parfaite harmonie pour r\u00e9pondre aux besoins concrets des clients.<\/p>\n<p data-start=\"2382\" data-end=\"2635\"><img decoding=\"async\" src=\"https:\/\/www.netgear.com\/hub\/wp-content\/uploads\/2025\/10\/Screenshot-2025-10-28-at-15.19.49.png\" alt=\"\" \/><\/p>\n    <\/div>\n        <div id=\"topic4\" class=\"skip-item\">\n                        <h2>R\u00e9soudre de vrais d\u00e9fis<\/h2>\n                <p data-start=\"2676\" data-end=\"2816\">Chaque zone du Centre d\u00e9montre comment une conception AV sur IP r\u00e9fl\u00e9chie peut \u00e9liminer des obstacles \u00e0 la collaboration et \u00e0 l\u2019efficacit\u00e9 :<\/p>\n<ul data-start=\"2818\" data-end=\"3074\">\n<li data-start=\"2818\" data-end=\"2875\">\n<p data-start=\"2820\" data-end=\"2875\">Commutation fluide entre \u00e9quipes locales et distantes<\/p>\n<\/li>\n<li data-start=\"2876\" data-end=\"2959\">\n<p data-start=\"2878\" data-end=\"2959\">Distribution AV haute densit\u00e9 sans sacrifier la qualit\u00e9 ni augmenter la latence<\/p>\n<\/li>\n<li data-start=\"2960\" data-end=\"3074\">\n<p data-start=\"2962\" data-end=\"3074\">Infrastructure unifi\u00e9e et simple \u00e0 g\u00e9rer reliant salles de r\u00e9union, espaces de formation et zones d\u2019exp\u00e9rience<\/p>\n<\/li>\n<\/ul>\n<p data-start=\"3076\" data-end=\"3258\">Avec NETGEAR AV comme fondation r\u00e9seau, Crestron montre \u00e0 quel point l\u2019AV en r\u00e9seau peut \u00eatre puissant et simple lorsqu\u2019il est con\u00e7u pour les int\u00e9grateurs et les utilisateurs finaux.<\/p>\n    <\/div>\n        <div id=\"topic5\" class=\"skip-item\">\n                        <h2>Un espace de d\u00e9couverte<\/h2>\n                <p data-start=\"3299\" data-end=\"3461\">Le Customer Experience Centre de Malines est une destination phare \u2014 non seulement pour pr\u00e9senter des technologies, mais pour les explorer de mani\u00e8re interactive.<\/p>\n<p data-start=\"3463\" data-end=\"3676\">Architectes, concepteurs de syst\u00e8mes, utilisateurs finaux et int\u00e9grateurs sont invit\u00e9s \u00e0 voir, toucher et exp\u00e9rimenter ce que signifient r\u00e9ellement la collaboration hybride et l\u2019AV immersif dans un monde connect\u00e9.<\/p>\n<p data-start=\"3678\" data-end=\"4007\">Au final, le Crestron EMEA Customer Experience Centre ne met pas la technologie en avant pour elle-m\u00eame. Il aide les organisations \u00e0 visualiser comment un AV sur IP int\u00e9gr\u00e9, aliment\u00e9 par l\u2019infrastructure r\u00e9seau de niveau AV de NETGEAR, permet aux \u00e9quipes de rester connect\u00e9es, impliqu\u00e9es et productives \u2014 o\u00f9 qu\u2019elles se trouvent.<\/p>\n<p align=\"center\"><iframe loading=\"lazy\" src=\"https:\/\/www.youtube.com\/embed\/JLI7Dwr2zEk?si=Y76tqkV8LwLsEMO5\" width=\"560\" height=\"315\" frameborder=\"0\" allowfullscreen=\"allowfullscreen\"><\/iframe><\/p>\n    <\/div>\n        <div id=\"topic6\" class=\"skip-item\">\n                        <h2>Plus d'informations <\/h2>\n                <p><!--SOLUTIONS NETGEAR AV --><br \/>\nPlus d\u2019informations sur nos solutions audiovisuelles<\/p>\n<div class=\"hs-cta-embed hs-cta-simple-placeholder hs-cta-embed-241151160046\" style=\"max-width: 100%;max-height: 100%;width: 260px;height: 50.390625px\" data-hubspot-wrapper-cta-id=\"241151160046\"><a href=\"https:\/\/cta-na2.hubspot.com\/web-interactives\/public\/v1\/track\/redirect?encryptedPayload=AVxigLJf4HGLXU18h5HBrlQTZuKX4p21iriDX%2FD9Weo1E0jc26wgSp32sJpGF%2FrOb977gqk9Skq%2FVgamhq%2FXvCN0mPQ1dmrdARtcNUH8fV5cFOvngo8qJ8EuMyEq%2Fqu2y51zC2FZUVyu97opP5ixVGCiE%2Bg6BOgTVVDljEMF5hhhXUNpnikrl2UTN%2Bb3TA%3D%3D&amp;webInteractiveContentId=241151160046&amp;portalId=242128791\" target=\"_blank\" rel=\"noopener\"><br \/>\n<img decoding=\"async\" style=\"height: 100%;width: 100%;object-fit: fill\" src=\"https:\/\/hubspot-no-cache-na2-prod.s3.amazonaws.com\/cta\/default\/242128791\/interactive-241151160046.png\" alt=\"SOLUTIONS NETGEAR AV\" \/><br \/>\n<\/a><\/div>\n<p><!-- NETGEAR ACADEMY AV --><br \/>\nApprenez tout sur les r\u00e9seaux IP gr\u00e2ce \u00e0 la NETGEAR ACADEMY<\/p>\n<div class=\"hs-cta-embed hs-cta-simple-placeholder hs-cta-embed-241151160033\" style=\"max-width: 100%;max-height: 100%;width: 260px;height: 50.390625px\" data-hubspot-wrapper-cta-id=\"241151160033\"><a href=\"https:\/\/cta-na2.hubspot.com\/web-interactives\/public\/v1\/track\/redirect?encryptedPayload=AVxigLJ6zgXxrLVJLagOt9pyIXf5%2FGgh9lUupWJj49Nfcbq71eIrrvJQt9JGeaQwNkTAPTWhI2%2BXk56NQscWP4xOQ7iZrhk6rkBjyO4dBlJGP1gG3BpcrdlgLyF%2F850K2l3xn5kDj5H%2Fur8VO2zJH58QH7by4HFWliY25223Shr3sQx25aCmNBjCDkNwA2WRum67F9fGyQyzoYOn86wAq%2Brw3xzsBDMbyw%3D%3D&amp;webInteractiveContentId=241151160033&amp;portalId=242128791\" target=\"_blank\" rel=\"noopener\"><br \/>\n<img decoding=\"async\" style=\"height: 100%;width: 100%;object-fit: fill\" src=\"https:\/\/hubspot-no-cache-na2-prod.s3.amazonaws.com\/cta\/default\/242128791\/interactive-241151160033.png\" alt=\"NETGEAR ACADEMY\" \/><br \/>\n<\/a><\/div>\n<p style=\"margin-bottom: 30px\"><!--CONTACTEZ L'EQUIPE PROAV --><br \/>\nNos ing\u00e9nieurs vous accompagneront gratuitement dans la r\u00e9alisation de vos projets audiovisuels<\/p>\n<div class=\"hs-cta-embed hs-cta-simple-placeholder hs-cta-embed-241151160055\" style=\"max-width: 100%;max-height: 100%;width: 270px;height: 50.390625px\" data-hubspot-wrapper-cta-id=\"241151160055\"><a href=\"https:\/\/cta-na2.hubspot.com\/web-interactives\/public\/v1\/track\/redirect?encryptedPayload=AVxigLLUG9XShtF2ziGdRlpsMD%2BMJ39t1kFOE7VlHl2HmmlWzlJWH0rsV7f3eoQL53gclcWb0lliiDgK3EAMVvEOcIE7gW9aYOwk1uipv43pSUkBlDtiKJ%2BcB7fopWupnJbggqZWRkNERZkdh1dDGXHHDJX3V0sOA8mbXD%2Fd6QC2XK2OyVtrDNFDHbBoT6b15PyvF4Ca3b6JBNTYdAzYeH790XenlNKBP4OKZqw50t7IGx9DuADFMFlNdg6FWQ%3D%3D&amp;webInteractiveContentId=241151160055&amp;portalId=242128791\" target=\"_blank\" rel=\"noopener\"><br \/>\n<img decoding=\"async\" style=\"height: 100%;width: 100%;object-fit: fill\" src=\"https:\/\/hubspot-no-cache-na2-prod.s3.amazonaws.com\/cta\/default\/242128791\/interactive-241151160055.png\" alt=\"CONTACTEZ L'EQUIPE PROAV\" \/><br \/>\n<\/a><\/div>\n<p style=\"margin-top: 50px\"><iframe loading=\"lazy\" src=\"https:\/\/405nrr.share-na2.hsforms.com\/24AR2ZDSmQqWycFqf8q5-eg\" width=\"100%\" height=\"1200px\"><\/iframe><\/p>\n    <\/div>\n    \n","protected":false},"excerpt":{"rendered":"","protected":false},"author":97,"featured_media":11756,"parent":6754,"menu_order":0,"comment_status":"closed","ping_status":"closed","template":"templates\/blog-wifi.php","meta":{"_acf_changed":false,"content-type":"","footnotes":""},"class_list":["post-11755","page","type-page","status-publish","has-post-thumbnail","hentry"],"acf":[],"yoast_head":"<!-- This site is optimized with the Yoast SEO plugin v27.4 - https:\/\/yoast.com\/product\/yoast-seo-wordpress\/ -->\n<title>\u00c0 l\u2019int\u00e9rieur du Centre d\u2019Exp\u00e9rience Client Crestron EMEA - NETGEAR Blog<\/title>\n<meta name=\"description\" content=\"\u00c0 l\u2019int\u00e9rieur du Centre d\u2019Exp\u00e9rience Client Crestron EMEA\" \/>\n<meta name=\"robots\" content=\"index, follow, max-snippet:-1, max-image-preview:large, max-video-preview:-1\" \/>\n<link rel=\"canonical\" href=\"https:\/\/frhub.netgear.com\/fr\/hub\/business\/av\/inside-the-crestron-emea-customer-experience-centre\/\" \/>\n<meta property=\"og:locale\" content=\"en_US\" \/>\n<meta property=\"og:type\" content=\"article\" \/>\n<meta property=\"og:title\" content=\"\u00c0 l\u2019int\u00e9rieur du Centre d\u2019Exp\u00e9rience Client Crestron EMEA - NETGEAR Blog\" \/>\n<meta property=\"og:description\" content=\"\u00c0 l\u2019int\u00e9rieur du Centre d\u2019Exp\u00e9rience Client Crestron EMEA\" \/>\n<meta property=\"og:url\" content=\"https:\/\/frhub.netgear.com\/fr\/hub\/business\/av\/inside-the-crestron-emea-customer-experience-centre\/\" \/>\n<meta property=\"og:site_name\" content=\"NETGEAR Blog\" \/>\n<meta property=\"article:publisher\" content=\"https:\/\/www.facebook.com\/NetgearAU\/\" \/>\n<meta property=\"article:modified_time\" content=\"2025-12-01T07:57:44+00:00\" \/>\n<meta property=\"og:image\" content=\"https:\/\/frhub.netgear.com\/fr\/hub\/wp-content\/uploads\/2025\/12\/photo1_crestron_experience-center-383x288-1.png\" \/>\n\t<meta property=\"og:image:width\" content=\"383\" \/>\n\t<meta property=\"og:image:height\" content=\"288\" \/>\n\t<meta property=\"og:image:type\" content=\"image\/png\" \/>\n<meta name=\"twitter:card\" content=\"summary_large_image\" \/>\n<meta name=\"twitter:site\" content=\"@NETGEAR\" \/>\n<script type=\"application\/ld+json\" class=\"yoast-schema-graph\">{\"@context\":\"https:\\\/\\\/schema.org\",\"@graph\":[{\"@type\":\"WebPage\",\"@id\":\"https:\\\/\\\/frhub.netgear.com\\\/fr\\\/hub\\\/business\\\/av\\\/inside-the-crestron-emea-customer-experience-centre\\\/\",\"url\":\"https:\\\/\\\/frhub.netgear.com\\\/fr\\\/hub\\\/business\\\/av\\\/inside-the-crestron-emea-customer-experience-centre\\\/\",\"name\":\"\u00c0 l\u2019int\u00e9rieur du Centre d\u2019Exp\u00e9rience Client Crestron EMEA - NETGEAR Blog\",\"isPartOf\":{\"@id\":\"https:\\\/\\\/frhub.netgear.com\\\/fr\\\/hub\\\/#website\"},\"primaryImageOfPage\":{\"@id\":\"https:\\\/\\\/frhub.netgear.com\\\/fr\\\/hub\\\/business\\\/av\\\/inside-the-crestron-emea-customer-experience-centre\\\/#primaryimage\"},\"image\":{\"@id\":\"https:\\\/\\\/frhub.netgear.com\\\/fr\\\/hub\\\/business\\\/av\\\/inside-the-crestron-emea-customer-experience-centre\\\/#primaryimage\"},\"thumbnailUrl\":\"https:\\\/\\\/frhub.netgear.com\\\/fr\\\/hub\\\/wp-content\\\/uploads\\\/2025\\\/12\\\/photo1_crestron_experience-center-383x288-1.png\",\"datePublished\":\"2025-12-01T07:53:41+00:00\",\"dateModified\":\"2025-12-01T07:57:44+00:00\",\"description\":\"\u00c0 l\u2019int\u00e9rieur du Centre d\u2019Exp\u00e9rience Client Crestron EMEA\",\"breadcrumb\":{\"@id\":\"https:\\\/\\\/frhub.netgear.com\\\/fr\\\/hub\\\/business\\\/av\\\/inside-the-crestron-emea-customer-experience-centre\\\/#breadcrumb\"},\"inLanguage\":\"en-US\",\"potentialAction\":[{\"@type\":\"ReadAction\",\"target\":[\"https:\\\/\\\/frhub.netgear.com\\\/fr\\\/hub\\\/business\\\/av\\\/inside-the-crestron-emea-customer-experience-centre\\\/\"]}]},{\"@type\":\"ImageObject\",\"inLanguage\":\"en-US\",\"@id\":\"https:\\\/\\\/frhub.netgear.com\\\/fr\\\/hub\\\/business\\\/av\\\/inside-the-crestron-emea-customer-experience-centre\\\/#primaryimage\",\"url\":\"https:\\\/\\\/frhub.netgear.com\\\/fr\\\/hub\\\/wp-content\\\/uploads\\\/2025\\\/12\\\/photo1_crestron_experience-center-383x288-1.png\",\"contentUrl\":\"https:\\\/\\\/frhub.netgear.com\\\/fr\\\/hub\\\/wp-content\\\/uploads\\\/2025\\\/12\\\/photo1_crestron_experience-center-383x288-1.png\",\"width\":383,\"height\":288},{\"@type\":\"BreadcrumbList\",\"@id\":\"https:\\\/\\\/frhub.netgear.com\\\/fr\\\/hub\\\/business\\\/av\\\/inside-the-crestron-emea-customer-experience-centre\\\/#breadcrumb\",\"itemListElement\":[{\"@type\":\"ListItem\",\"position\":1,\"name\":\"Home\",\"item\":\"https:\\\/\\\/frhub.netgear.com\\\/fr\\\/hub\\\/\"},{\"@type\":\"ListItem\",\"position\":2,\"name\":\"Entreprises\",\"item\":\"https:\\\/\\\/frhub.netgear.com\\\/fr\\\/hub\\\/business\\\/\"},{\"@type\":\"ListItem\",\"position\":3,\"name\":\"Entreprise AV\",\"item\":\"https:\\\/\\\/frhub.netgear.com\\\/fr\\\/hub\\\/business\\\/av\\\/\"},{\"@type\":\"ListItem\",\"position\":4,\"name\":\"\u00c0 l\u2019int\u00e9rieur du Centre d\u2019Exp\u00e9rience Client Crestron EMEA\"}]},{\"@type\":\"WebSite\",\"@id\":\"https:\\\/\\\/frhub.netgear.com\\\/fr\\\/hub\\\/#website\",\"url\":\"https:\\\/\\\/frhub.netgear.com\\\/fr\\\/hub\\\/\",\"name\":\"NETGEAR Hub France\",\"description\":\"Explorez les pages de notre blog et parcourez les articles pour en savoir plus sur les produits et la technologie NETGEAR.\",\"publisher\":{\"@id\":\"https:\\\/\\\/frhub.netgear.com\\\/fr\\\/hub\\\/#organization\"},\"potentialAction\":[{\"@type\":\"SearchAction\",\"target\":{\"@type\":\"EntryPoint\",\"urlTemplate\":\"https:\\\/\\\/frhub.netgear.com\\\/fr\\\/hub\\\/?s={search_term_string}\"},\"query-input\":{\"@type\":\"PropertyValueSpecification\",\"valueRequired\":true,\"valueName\":\"search_term_string\"}}],\"inLanguage\":\"en-US\"},{\"@type\":\"Organization\",\"@id\":\"https:\\\/\\\/frhub.netgear.com\\\/fr\\\/hub\\\/#organization\",\"name\":\"NETGEAR\",\"url\":\"https:\\\/\\\/frhub.netgear.com\\\/fr\\\/hub\\\/\",\"logo\":{\"@type\":\"ImageObject\",\"inLanguage\":\"en-US\",\"@id\":\"https:\\\/\\\/frhub.netgear.com\\\/fr\\\/hub\\\/#\\\/schema\\\/logo\\\/image\\\/\",\"url\":\"https:\\\/\\\/www.netgear.com\\\/fr\\\/hub\\\/wp-content\\\/uploads\\\/2019\\\/07\\\/NETGEAR_logo.jpg\",\"contentUrl\":\"https:\\\/\\\/www.netgear.com\\\/fr\\\/hub\\\/wp-content\\\/uploads\\\/2019\\\/07\\\/NETGEAR_logo.jpg\",\"width\":1500,\"height\":501,\"caption\":\"NETGEAR\"},\"image\":{\"@id\":\"https:\\\/\\\/frhub.netgear.com\\\/fr\\\/hub\\\/#\\\/schema\\\/logo\\\/image\\\/\"},\"sameAs\":[\"https:\\\/\\\/www.facebook.com\\\/NetgearAU\\\/\",\"https:\\\/\\\/x.com\\\/NETGEAR\",\"https:\\\/\\\/www.linkedin.com\\\/company\\\/netgear\"]}]}<\/script>\n<!-- \/ Yoast SEO plugin. -->","yoast_head_json":{"title":"\u00c0 l\u2019int\u00e9rieur du Centre d\u2019Exp\u00e9rience Client Crestron EMEA - NETGEAR Blog","description":"\u00c0 l\u2019int\u00e9rieur du Centre d\u2019Exp\u00e9rience Client Crestron EMEA","robots":{"index":"index","follow":"follow","max-snippet":"max-snippet:-1","max-image-preview":"max-image-preview:large","max-video-preview":"max-video-preview:-1"},"canonical":"https:\/\/frhub.netgear.com\/fr\/hub\/business\/av\/inside-the-crestron-emea-customer-experience-centre\/","og_locale":"en_US","og_type":"article","og_title":"\u00c0 l\u2019int\u00e9rieur du Centre d\u2019Exp\u00e9rience Client Crestron EMEA - NETGEAR Blog","og_description":"\u00c0 l\u2019int\u00e9rieur du Centre d\u2019Exp\u00e9rience Client Crestron EMEA","og_url":"https:\/\/frhub.netgear.com\/fr\/hub\/business\/av\/inside-the-crestron-emea-customer-experience-centre\/","og_site_name":"NETGEAR Blog","article_publisher":"https:\/\/www.facebook.com\/NetgearAU\/","article_modified_time":"2025-12-01T07:57:44+00:00","og_image":[{"width":383,"height":288,"url":"https:\/\/frhub.netgear.com\/fr\/hub\/wp-content\/uploads\/2025\/12\/photo1_crestron_experience-center-383x288-1.png","type":"image\/png"}],"twitter_card":"summary_large_image","twitter_site":"@NETGEAR","schema":{"@context":"https:\/\/schema.org","@graph":[{"@type":"WebPage","@id":"https:\/\/frhub.netgear.com\/fr\/hub\/business\/av\/inside-the-crestron-emea-customer-experience-centre\/","url":"https:\/\/frhub.netgear.com\/fr\/hub\/business\/av\/inside-the-crestron-emea-customer-experience-centre\/","name":"\u00c0 l\u2019int\u00e9rieur du Centre d\u2019Exp\u00e9rience Client Crestron EMEA - NETGEAR Blog","isPartOf":{"@id":"https:\/\/frhub.netgear.com\/fr\/hub\/#website"},"primaryImageOfPage":{"@id":"https:\/\/frhub.netgear.com\/fr\/hub\/business\/av\/inside-the-crestron-emea-customer-experience-centre\/#primaryimage"},"image":{"@id":"https:\/\/frhub.netgear.com\/fr\/hub\/business\/av\/inside-the-crestron-emea-customer-experience-centre\/#primaryimage"},"thumbnailUrl":"https:\/\/frhub.netgear.com\/fr\/hub\/wp-content\/uploads\/2025\/12\/photo1_crestron_experience-center-383x288-1.png","datePublished":"2025-12-01T07:53:41+00:00","dateModified":"2025-12-01T07:57:44+00:00","description":"\u00c0 l\u2019int\u00e9rieur du Centre d\u2019Exp\u00e9rience Client Crestron EMEA","breadcrumb":{"@id":"https:\/\/frhub.netgear.com\/fr\/hub\/business\/av\/inside-the-crestron-emea-customer-experience-centre\/#breadcrumb"},"inLanguage":"en-US","potentialAction":[{"@type":"ReadAction","target":["https:\/\/frhub.netgear.com\/fr\/hub\/business\/av\/inside-the-crestron-emea-customer-experience-centre\/"]}]},{"@type":"ImageObject","inLanguage":"en-US","@id":"https:\/\/frhub.netgear.com\/fr\/hub\/business\/av\/inside-the-crestron-emea-customer-experience-centre\/#primaryimage","url":"https:\/\/frhub.netgear.com\/fr\/hub\/wp-content\/uploads\/2025\/12\/photo1_crestron_experience-center-383x288-1.png","contentUrl":"https:\/\/frhub.netgear.com\/fr\/hub\/wp-content\/uploads\/2025\/12\/photo1_crestron_experience-center-383x288-1.png","width":383,"height":288},{"@type":"BreadcrumbList","@id":"https:\/\/frhub.netgear.com\/fr\/hub\/business\/av\/inside-the-crestron-emea-customer-experience-centre\/#breadcrumb","itemListElement":[{"@type":"ListItem","position":1,"name":"Home","item":"https:\/\/frhub.netgear.com\/fr\/hub\/"},{"@type":"ListItem","position":2,"name":"Entreprises","item":"https:\/\/frhub.netgear.com\/fr\/hub\/business\/"},{"@type":"ListItem","position":3,"name":"Entreprise AV","item":"https:\/\/frhub.netgear.com\/fr\/hub\/business\/av\/"},{"@type":"ListItem","position":4,"name":"\u00c0 l\u2019int\u00e9rieur du Centre d\u2019Exp\u00e9rience Client Crestron EMEA"}]},{"@type":"WebSite","@id":"https:\/\/frhub.netgear.com\/fr\/hub\/#website","url":"https:\/\/frhub.netgear.com\/fr\/hub\/","name":"NETGEAR Hub France","description":"Explorez les pages de notre blog et parcourez les articles pour en savoir plus sur les produits et la technologie NETGEAR.","publisher":{"@id":"https:\/\/frhub.netgear.com\/fr\/hub\/#organization"},"potentialAction":[{"@type":"SearchAction","target":{"@type":"EntryPoint","urlTemplate":"https:\/\/frhub.netgear.com\/fr\/hub\/?s={search_term_string}"},"query-input":{"@type":"PropertyValueSpecification","valueRequired":true,"valueName":"search_term_string"}}],"inLanguage":"en-US"},{"@type":"Organization","@id":"https:\/\/frhub.netgear.com\/fr\/hub\/#organization","name":"NETGEAR","url":"https:\/\/frhub.netgear.com\/fr\/hub\/","logo":{"@type":"ImageObject","inLanguage":"en-US","@id":"https:\/\/frhub.netgear.com\/fr\/hub\/#\/schema\/logo\/image\/","url":"https:\/\/www.netgear.com\/fr\/hub\/wp-content\/uploads\/2019\/07\/NETGEAR_logo.jpg","contentUrl":"https:\/\/www.netgear.com\/fr\/hub\/wp-content\/uploads\/2019\/07\/NETGEAR_logo.jpg","width":1500,"height":501,"caption":"NETGEAR"},"image":{"@id":"https:\/\/frhub.netgear.com\/fr\/hub\/#\/schema\/logo\/image\/"},"sameAs":["https:\/\/www.facebook.com\/NetgearAU\/","https:\/\/x.com\/NETGEAR","https:\/\/www.linkedin.com\/company\/netgear"]}]}},"_links":{"self":[{"href":"https:\/\/frhub.netgear.com\/fr\/hub\/wp-json\/wp\/v2\/pages\/11755","targetHints":{"allow":["GET"]}}],"collection":[{"href":"https:\/\/frhub.netgear.com\/fr\/hub\/wp-json\/wp\/v2\/pages"}],"about":[{"href":"https:\/\/frhub.netgear.com\/fr\/hub\/wp-json\/wp\/v2\/types\/page"}],"author":[{"embeddable":true,"href":"https:\/\/frhub.netgear.com\/fr\/hub\/wp-json\/wp\/v2\/users\/97"}],"replies":[{"embeddable":true,"href":"https:\/\/frhub.netgear.com\/fr\/hub\/wp-json\/wp\/v2\/comments?post=11755"}],"version-history":[{"count":2,"href":"https:\/\/frhub.netgear.com\/fr\/hub\/wp-json\/wp\/v2\/pages\/11755\/revisions"}],"predecessor-version":[{"id":11758,"href":"https:\/\/frhub.netgear.com\/fr\/hub\/wp-json\/wp\/v2\/pages\/11755\/revisions\/11758"}],"up":[{"embeddable":true,"href":"https:\/\/frhub.netgear.com\/fr\/hub\/wp-json\/wp\/v2\/pages\/6754"}],"wp:featuredmedia":[{"embeddable":true,"href":"https:\/\/frhub.netgear.com\/fr\/hub\/wp-json\/wp\/v2\/media\/11756"}],"wp:attachment":[{"href":"https:\/\/frhub.netgear.com\/fr\/hub\/wp-json\/wp\/v2\/media?parent=11755"}],"curies":[{"name":"wp","href":"https:\/\/api.w.org\/{rel}","templated":true}]}}