{"id":11752,"date":"2025-10-30T08:23:50","date_gmt":"2025-12-01T07:23:33","guid":{"rendered":"https:\/\/frhub.netgear.com\/fr\/hub\/?page_id=11752"},"modified":"2025-12-01T08:24:32","modified_gmt":"2025-12-01T07:24:32","slug":"transforming-professional-audio-through-network-innovation","status":"publish","type":"page","link":"https:\/\/frhub.netgear.com\/fr\/hub\/business\/av\/transforming-professional-audio-through-network-innovation\/","title":{"rendered":"Transformer l\u2019audio professionnel gr\u00e2ce \u00e0 l\u2019innovation r\u00e9seau"},"content":{"rendered":"<p><img loading=\"lazy\" decoding=\"async\" class=\"alignone size-full wp-image-10681\" style=\"border-radius: 1em;\" src=\"https:\/\/www.netgear.com\/hub\/wp-content\/uploads\/2025\/11\/Screenshot-2025-11-27-at-17.05.09.png\" alt=\"\" width=\"1048\" height=\"511\" \/><\/p>\n    <div class=\"table-of-content bg-gray\">\n        <p><strong>IN THIS ARTICLE<\/strong><\/p>\n        <ul>\n                        <li><a href=\"#topic1\">AV \u00c9volu\u00e9 : des partenariats nouvelle g\u00e9n\u00e9ration pour une AV nouvelle g\u00e9n\u00e9ration<\/a><\/li>\n                        <li><a href=\"#topic2\">Puissance et r\u00e9silience de niveau entreprise<\/a><\/li>\n                        <li><a href=\"#topic3\">La connexion cloud<\/a><\/li>\n                        <li><a href=\"#topic4\">L\u2019avantage de l\u2019infrastructure<\/a><\/li>\n                        <li><a href=\"#topic5\">Plus d'informations<\/a><\/li>\n                    <\/ul>\n    <\/div>\n        <div id=\"topic1\" class=\"skip-item\">\n                        <h2>AV \u00c9volu\u00e9 : des partenariats nouvelle g\u00e9n\u00e9ration pour une AV nouvelle g\u00e9n\u00e9ration<\/h2>\n                <p data-start=\"69\" data-end=\"623\">Le partenariat entre Powersoft et NETGEAR r\u00e9pond \u00e0 cette \u00e9volution en combinant la technologie d\u2019amplification innovante de Powersoft avec l\u2019infrastructure de commutation robuste de NETGEAR. Cette collaboration montre comment les capacit\u00e9s avanc\u00e9es de PoE, la gestion intelligente du r\u00e9seau et la connectivit\u00e9 cloud convergent pour simplifier les d\u00e9ploiements audio professionnels dans les applications commerciales, l\u2019audio install\u00e9 et le touring \u00e0 travers le monde.<\/p>\n<p data-start=\"625\" data-end=\"1046\">Les derni\u00e8res plateformes d\u2019amplification de Powersoft exploitent le Power over Ethernet d\u2019une mani\u00e8re qui transforme la fa\u00e7on dont les syst\u00e8mes audio sont d\u00e9ploy\u00e9s et g\u00e9r\u00e9s. Leur amplificateur ultra-compact Nota d\u00e9livre 140 watts sur deux canaux via une seule connexion PoE\/PoE+. Pas d\u2019alimentation s\u00e9par\u00e9e, pas de c\u00e2blage suppl\u00e9mentaire complexe \u2014 un seul c\u00e2ble Ethernet fournit \u00e0 la fois l\u2019alimentation et les donn\u00e9es.<\/p>\n<p data-start=\"1048\" data-end=\"1532\">Pour les installations commerciales, les salles de conf\u00e9rence et les projets de r\u00e9novation o\u00f9 tirer de nouveaux circuits \u00e9lectriques est co\u00fbteux ou impossible, l\u2019amplification aliment\u00e9e en PoE ouvre de toutes nouvelles possibilit\u00e9s de d\u00e9ploiement. Connect\u00e9s aux commutateurs compatibles PoE de NETGEAR, les installateurs peuvent placer les amplificateurs exactement l\u00e0 o\u00f9 ils sont n\u00e9cessaires, sans se soucier de la proximit\u00e9 d\u2019une prise \u00e9lectrique ni du co\u00fbt des travaux \u00e9lectriques.<\/p>\n<p data-start=\"1534\" data-end=\"1963\">La fonctionnalit\u00e9 intelligente d\u2019auto-configuration simplifie encore davantage ces d\u00e9ploiements. Nota adapte automatiquement les courbes d\u2019imp\u00e9dance des haut-parleurs et applique les filtres de protection appropri\u00e9s, rendant possibles des installations de qualit\u00e9 professionnelle m\u00eame sans expertise technique approfondie. Pour les int\u00e9grateurs syst\u00e8mes, cela signifie des installations plus rapides et moins d\u2019appels de service.<\/p>\n    <\/div>\n        <div id=\"topic2\" class=\"skip-item\">\n                        <h2>Puissance et r\u00e9silience de niveau entreprise<\/h2>\n                <p data-start=\"2025\" data-end=\"2414\">La s\u00e9rie Unica de Powersoft repr\u00e9sente leur troisi\u00e8me g\u00e9n\u00e9ration de plateformes d\u2019amplification, con\u00e7ue sp\u00e9cifiquement pour les installations moyennes \u00e0 grandes o\u00f9 la fiabilit\u00e9 n\u2019est pas n\u00e9gociable. Ce qui rend Unica particuli\u00e8rement convaincante, c\u2019est sa mani\u00e8re d\u2019utiliser le PoE++ non seulement pour le d\u00e9ploiement initial, mais aussi pour offrir une r\u00e9silience syst\u00e8me sans pr\u00e9c\u00e9dent.<\/p>\n<p data-start=\"2416\" data-end=\"2874\">Gr\u00e2ce aux commutateurs NETGEAR fournissant l\u2019alimentation PoE++, les amplificateurs Unica maintiennent la connectivit\u00e9 r\u00e9seau et les fonctions critiques m\u00eame en cas de panne d\u2019alimentation. Lorsque le courant revient, le syst\u00e8me red\u00e9marre en seulement une demi-seconde, garantissant une interruption de service minimale. Cette capacit\u00e9 transforme la mani\u00e8re dont les organisations g\u00e8rent l\u2019audio critique, des campus d\u2019entreprise aux lieux de divertissement.<\/p>\n<p data-start=\"2876\" data-end=\"3294\">Les trois ports gigabit configurables prennent en charge les topologies en cha\u00eene (daisy-chain) et la redondance Dante, avec des modes \u00e0 redondance scind\u00e9e s\u00e9parant le trafic de contr\u00f4le des flux audio. Les capacit\u00e9s VLAN avanc\u00e9es de NETGEAR fournissent la gestion du trafic n\u00e9cessaire \u00e0 ces configurations, assurant une performance constante qu\u2019il s\u2019agisse d\u2019un seul amplificateur ou de dizaines r\u00e9partis sur un site.<\/p>\n<p data-start=\"3296\" data-end=\"3762\">Chaque sortie Unica d\u00e9livre jusqu\u2019au double de la puissance nominale dans des conditions de charge asym\u00e9trique et pilote sans effort aussi bien les enceintes 70\/100 V que celles \u00e0 faible imp\u00e9dance. Cette flexibilit\u00e9 permet aux concepteurs de syst\u00e8mes d\u2019optimiser les installations sans \u00eatre limit\u00e9s par le nombre de canaux disponibles, tandis que la distribution d\u2019alimentation fiable de NETGEAR garantit que chaque amplificateur fonctionne selon les sp\u00e9cifications.<\/p>\n<p data-start=\"3296\" data-end=\"3762\"><img loading=\"lazy\" decoding=\"async\" class=\"aligncenter size-full wp-image-22232\" src=\"https:\/\/www.netgear.com\/hub\/wp-content\/uploads\/2025\/11\/Screenshot-2025-11-27-at-17.05.19.png\" alt=\"\" width=\"759\" height=\"407\" \/><\/p>\n    <\/div>\n        <div id=\"topic3\" class=\"skip-item\">\n                        <h2>La connexion cloud<\/h2>\n                <p data-start=\"3798\" data-end=\"4182\">L\u2019un des aspects les plus transformateurs de l\u2019audio professionnel moderne est la connectivit\u00e9 cloud, et c\u2019est pr\u00e9cis\u00e9ment l\u00e0 que la passerelle Verso de Powersoft et l\u2019infrastructure NETGEAR convergent puissamment. Verso agit comme un pont entre les amplificateurs physiques et la plateforme cloud MyUniverso de Powersoft, permettant un v\u00e9ritable monitoring et une gestion \u00e0 distance.<\/p>\n<p data-start=\"4184\" data-end=\"4600\">L\u2019architecture est simple mais puissante. Les deux ports Ethernet gigabit de Verso s\u00e9parent le trafic des appareils AV des r\u00e9seaux du b\u00e2timent, am\u00e9liorant \u00e0 la fois la s\u00e9curit\u00e9 et les performances. Les commutateurs NETGEAR fournissent la colonne vert\u00e9brale fiable et haut d\u00e9bit qui permet les mises \u00e0 jour de firmware \u00e0 distance, le diagnostic syst\u00e8me et la gestion centralis\u00e9e sur plusieurs sites, sans d\u00e9placement.<\/p>\n<p data-start=\"4602\" data-end=\"5318\">Pour les int\u00e9grateurs et les gestionnaires de sites, cette int\u00e9gration cloud modifie fondamentalement le mod\u00e8le de service. Au lieu de d\u00e9placements pour les mises \u00e0 jour ou le d\u00e9pannage, les techniciens peuvent surveiller l\u2019\u00e9tat du syst\u00e8me, ajuster les configurations et r\u00e9soudre les probl\u00e8mes \u00e0 distance via une simple interface Chrome. La plateforme MyUniverso, h\u00e9berg\u00e9e sur Microsoft Azure, offre une s\u00e9curit\u00e9 de niveau entreprise, tandis que les journaux locaux de Verso assurent la continuit\u00e9 m\u00eame en cas de coupure internet. Cette combinaison permet aux int\u00e9grateurs de proposer des services de gestion continue qui am\u00e9liorent la disponibilit\u00e9 du syst\u00e8me et r\u00e9duisent les co\u00fbts d\u2019exploitation pour les clients.<\/p>\n<p data-start=\"4602\" data-end=\"5318\"><img loading=\"lazy\" decoding=\"async\" class=\"aligncenter size-full wp-image-22233\" src=\"https:\/\/www.netgear.com\/hub\/wp-content\/uploads\/2025\/11\/Verso-connection-768x413-1.webp\" alt=\"\" width=\"768\" height=\"413\" \/><\/p>\n    <\/div>\n        <div id=\"topic4\" class=\"skip-item\">\n                        <h2>L\u2019avantage de l\u2019infrastructure<\/h2>\n                <p data-start=\"5366\" data-end=\"5762\">Les solutions de commutation NETGEAR constituent la base des innovations de Powersoft. Qu\u2019il s\u2019agisse de capacit\u00e9s PoE++ alimentant des amplificateurs compacts ou assurant la r\u00e9silience du syst\u00e8me, ou de d\u00e9bits gigabit et multi-gigabit n\u00e9cessaires aux r\u00e9seaux audio Dante et AES67 \u00e0 forte densit\u00e9 de canaux, les commutateurs NETGEAR offrent la performance que l\u2019audio professionnel moderne exige.<\/p>\n<p data-start=\"5764\" data-end=\"6218\">La force de ce partenariat r\u00e9side dans la compr\u00e9hension que les d\u00e9ploiements AV sur IP r\u00e9ussis n\u00e9cessitent plus que des \u00e9quipements compatibles. Ils exigent des configurations valid\u00e9es, une fiabilit\u00e9 \u00e9prouv\u00e9e et la confiance qu\u2019apporte une infrastructure de niveau entreprise. La r\u00e9putation de NETGEAR pour ses solutions r\u00e9seau robustes et durables s\u2019aligne parfaitement avec l\u2019engagement de Powersoft envers la fiabilit\u00e9 dans les applications critiques.<\/p>\n<p data-start=\"6220\" data-end=\"6559\">Que vous d\u00e9ployiez un seul amplificateur Nota dans une salle de conf\u00e9rence, que vous conceviez une installation multi-zone complexe avec plateformes Unica ou que vous g\u00e9riez des syst\u00e8mes distribu\u00e9s via des passerelles Verso, NETGEAR fournit l\u2019infrastructure r\u00e9seau qui garantit des performances constantes et fiables \u00e0 toutes les \u00e9chelles.<\/p>\n    <\/div>\n        <div id=\"topic5\" class=\"skip-item\">\n                        <h2>Plus d'informations<\/h2>\n                <p><!--SOLUTIONS NETGEAR AV --><br \/>\nPlus d\u2019informations sur nos solutions audiovisuelles<\/p>\n<div class=\"hs-cta-embed hs-cta-simple-placeholder hs-cta-embed-241151160046\" style=\"max-width: 100%;max-height: 100%;width: 260px;height: 50.390625px\" data-hubspot-wrapper-cta-id=\"241151160046\"><a href=\"https:\/\/cta-na2.hubspot.com\/web-interactives\/public\/v1\/track\/redirect?encryptedPayload=AVxigLJf4HGLXU18h5HBrlQTZuKX4p21iriDX%2FD9Weo1E0jc26wgSp32sJpGF%2FrOb977gqk9Skq%2FVgamhq%2FXvCN0mPQ1dmrdARtcNUH8fV5cFOvngo8qJ8EuMyEq%2Fqu2y51zC2FZUVyu97opP5ixVGCiE%2Bg6BOgTVVDljEMF5hhhXUNpnikrl2UTN%2Bb3TA%3D%3D&amp;webInteractiveContentId=241151160046&amp;portalId=242128791\" target=\"_blank\" rel=\"noopener\"><br \/>\n<img decoding=\"async\" style=\"height: 100%;width: 100%;object-fit: fill\" src=\"https:\/\/hubspot-no-cache-na2-prod.s3.amazonaws.com\/cta\/default\/242128791\/interactive-241151160046.png\" alt=\"SOLUTIONS NETGEAR AV\" \/><br \/>\n<\/a><\/div>\n<p><!-- NETGEAR ACADEMY AV --><br \/>\nApprenez tout sur les r\u00e9seaux IP gr\u00e2ce \u00e0 la NETGEAR ACADEMY<\/p>\n<div class=\"hs-cta-embed hs-cta-simple-placeholder hs-cta-embed-241151160033\" style=\"max-width: 100%;max-height: 100%;width: 260px;height: 50.390625px\" data-hubspot-wrapper-cta-id=\"241151160033\"><a href=\"https:\/\/cta-na2.hubspot.com\/web-interactives\/public\/v1\/track\/redirect?encryptedPayload=AVxigLJ6zgXxrLVJLagOt9pyIXf5%2FGgh9lUupWJj49Nfcbq71eIrrvJQt9JGeaQwNkTAPTWhI2%2BXk56NQscWP4xOQ7iZrhk6rkBjyO4dBlJGP1gG3BpcrdlgLyF%2F850K2l3xn5kDj5H%2Fur8VO2zJH58QH7by4HFWliY25223Shr3sQx25aCmNBjCDkNwA2WRum67F9fGyQyzoYOn86wAq%2Brw3xzsBDMbyw%3D%3D&amp;webInteractiveContentId=241151160033&amp;portalId=242128791\" target=\"_blank\" rel=\"noopener\"><br \/>\n<img decoding=\"async\" style=\"height: 100%;width: 100%;object-fit: fill\" src=\"https:\/\/hubspot-no-cache-na2-prod.s3.amazonaws.com\/cta\/default\/242128791\/interactive-241151160033.png\" alt=\"NETGEAR ACADEMY\" \/><br \/>\n<\/a><\/div>\n<p style=\"margin-bottom: 30px\"><!--CONTACTEZ L'EQUIPE PROAV --><br \/>\nNos ing\u00e9nieurs vous accompagneront gratuitement dans la r\u00e9alisation de vos projets audiovisuels<\/p>\n<div class=\"hs-cta-embed hs-cta-simple-placeholder hs-cta-embed-241151160055\" style=\"max-width: 100%;max-height: 100%;width: 270px;height: 50.390625px\" data-hubspot-wrapper-cta-id=\"241151160055\"><a href=\"https:\/\/cta-na2.hubspot.com\/web-interactives\/public\/v1\/track\/redirect?encryptedPayload=AVxigLLUG9XShtF2ziGdRlpsMD%2BMJ39t1kFOE7VlHl2HmmlWzlJWH0rsV7f3eoQL53gclcWb0lliiDgK3EAMVvEOcIE7gW9aYOwk1uipv43pSUkBlDtiKJ%2BcB7fopWupnJbggqZWRkNERZkdh1dDGXHHDJX3V0sOA8mbXD%2Fd6QC2XK2OyVtrDNFDHbBoT6b15PyvF4Ca3b6JBNTYdAzYeH790XenlNKBP4OKZqw50t7IGx9DuADFMFlNdg6FWQ%3D%3D&amp;webInteractiveContentId=241151160055&amp;portalId=242128791\" target=\"_blank\" rel=\"noopener\"><br \/>\n<img decoding=\"async\" style=\"height: 100%;width: 100%;object-fit: fill\" src=\"https:\/\/hubspot-no-cache-na2-prod.s3.amazonaws.com\/cta\/default\/242128791\/interactive-241151160055.png\" alt=\"CONTACTEZ L'EQUIPE PROAV\" \/><br \/>\n<\/a><\/div>\n<p style=\"margin-top: 50px\"><iframe loading=\"lazy\" src=\"https:\/\/405nrr.share-na2.hsforms.com\/24AR2ZDSmQqWycFqf8q5-eg\" width=\"100%\" height=\"1200px\"><\/iframe><\/p>\n    <\/div>\n    \n","protected":false},"excerpt":{"rendered":"","protected":false},"author":97,"featured_media":11753,"parent":6754,"menu_order":0,"comment_status":"closed","ping_status":"closed","template":"templates\/blog-wifi.php","meta":{"_acf_changed":false,"content-type":"","footnotes":""},"class_list":["post-11752","page","type-page","status-publish","has-post-thumbnail","hentry"],"acf":[],"yoast_head":"<!-- This site is optimized with the Yoast SEO plugin v27.4 - https:\/\/yoast.com\/product\/yoast-seo-wordpress\/ -->\n<title>Transformer l\u2019audio professionnel gr\u00e2ce \u00e0 l\u2019innovation r\u00e9seau - NETGEAR Blog<\/title>\n<meta name=\"description\" content=\"Transformer l\u2019audio professionnel gr\u00e2ce \u00e0 l\u2019innovation r\u00e9seau\" \/>\n<meta name=\"robots\" content=\"index, follow, max-snippet:-1, max-image-preview:large, max-video-preview:-1\" \/>\n<link rel=\"canonical\" href=\"https:\/\/frhub.netgear.com\/fr\/hub\/business\/av\/transforming-professional-audio-through-network-innovation\/\" \/>\n<meta property=\"og:locale\" content=\"en_US\" \/>\n<meta property=\"og:type\" content=\"article\" \/>\n<meta property=\"og:title\" content=\"Transformer l\u2019audio professionnel gr\u00e2ce \u00e0 l\u2019innovation r\u00e9seau - NETGEAR Blog\" \/>\n<meta property=\"og:description\" content=\"Transformer l\u2019audio professionnel gr\u00e2ce \u00e0 l\u2019innovation r\u00e9seau\" \/>\n<meta property=\"og:url\" content=\"https:\/\/frhub.netgear.com\/fr\/hub\/business\/av\/transforming-professional-audio-through-network-innovation\/\" \/>\n<meta property=\"og:site_name\" content=\"NETGEAR Blog\" \/>\n<meta property=\"article:publisher\" content=\"https:\/\/www.facebook.com\/NetgearAU\/\" \/>\n<meta property=\"article:modified_time\" content=\"2025-12-01T07:24:32+00:00\" \/>\n<meta property=\"og:image\" content=\"https:\/\/frhub.netgear.com\/fr\/hub\/wp-content\/uploads\/2025\/12\/WhiteLightChoosesTSeries-383x288-1.png\" \/>\n\t<meta property=\"og:image:width\" content=\"383\" \/>\n\t<meta property=\"og:image:height\" content=\"288\" \/>\n\t<meta property=\"og:image:type\" content=\"image\/png\" \/>\n<meta name=\"twitter:card\" content=\"summary_large_image\" \/>\n<meta name=\"twitter:site\" content=\"@NETGEAR\" \/>\n<script type=\"application\/ld+json\" class=\"yoast-schema-graph\">{\"@context\":\"https:\\\/\\\/schema.org\",\"@graph\":[{\"@type\":\"WebPage\",\"@id\":\"https:\\\/\\\/frhub.netgear.com\\\/fr\\\/hub\\\/business\\\/av\\\/transforming-professional-audio-through-network-innovation\\\/\",\"url\":\"https:\\\/\\\/frhub.netgear.com\\\/fr\\\/hub\\\/business\\\/av\\\/transforming-professional-audio-through-network-innovation\\\/\",\"name\":\"Transformer l\u2019audio professionnel gr\u00e2ce \u00e0 l\u2019innovation r\u00e9seau - NETGEAR Blog\",\"isPartOf\":{\"@id\":\"https:\\\/\\\/frhub.netgear.com\\\/fr\\\/hub\\\/#website\"},\"primaryImageOfPage\":{\"@id\":\"https:\\\/\\\/frhub.netgear.com\\\/fr\\\/hub\\\/business\\\/av\\\/transforming-professional-audio-through-network-innovation\\\/#primaryimage\"},\"image\":{\"@id\":\"https:\\\/\\\/frhub.netgear.com\\\/fr\\\/hub\\\/business\\\/av\\\/transforming-professional-audio-through-network-innovation\\\/#primaryimage\"},\"thumbnailUrl\":\"https:\\\/\\\/frhub.netgear.com\\\/fr\\\/hub\\\/wp-content\\\/uploads\\\/2025\\\/12\\\/WhiteLightChoosesTSeries-383x288-1.png\",\"datePublished\":\"2025-12-01T07:23:33+00:00\",\"dateModified\":\"2025-12-01T07:24:32+00:00\",\"description\":\"Transformer l\u2019audio professionnel gr\u00e2ce \u00e0 l\u2019innovation r\u00e9seau\",\"breadcrumb\":{\"@id\":\"https:\\\/\\\/frhub.netgear.com\\\/fr\\\/hub\\\/business\\\/av\\\/transforming-professional-audio-through-network-innovation\\\/#breadcrumb\"},\"inLanguage\":\"en-US\",\"potentialAction\":[{\"@type\":\"ReadAction\",\"target\":[\"https:\\\/\\\/frhub.netgear.com\\\/fr\\\/hub\\\/business\\\/av\\\/transforming-professional-audio-through-network-innovation\\\/\"]}]},{\"@type\":\"ImageObject\",\"inLanguage\":\"en-US\",\"@id\":\"https:\\\/\\\/frhub.netgear.com\\\/fr\\\/hub\\\/business\\\/av\\\/transforming-professional-audio-through-network-innovation\\\/#primaryimage\",\"url\":\"https:\\\/\\\/frhub.netgear.com\\\/fr\\\/hub\\\/wp-content\\\/uploads\\\/2025\\\/12\\\/WhiteLightChoosesTSeries-383x288-1.png\",\"contentUrl\":\"https:\\\/\\\/frhub.netgear.com\\\/fr\\\/hub\\\/wp-content\\\/uploads\\\/2025\\\/12\\\/WhiteLightChoosesTSeries-383x288-1.png\",\"width\":383,\"height\":288},{\"@type\":\"BreadcrumbList\",\"@id\":\"https:\\\/\\\/frhub.netgear.com\\\/fr\\\/hub\\\/business\\\/av\\\/transforming-professional-audio-through-network-innovation\\\/#breadcrumb\",\"itemListElement\":[{\"@type\":\"ListItem\",\"position\":1,\"name\":\"Home\",\"item\":\"https:\\\/\\\/frhub.netgear.com\\\/fr\\\/hub\\\/\"},{\"@type\":\"ListItem\",\"position\":2,\"name\":\"Entreprises\",\"item\":\"https:\\\/\\\/frhub.netgear.com\\\/fr\\\/hub\\\/business\\\/\"},{\"@type\":\"ListItem\",\"position\":3,\"name\":\"Entreprise AV\",\"item\":\"https:\\\/\\\/frhub.netgear.com\\\/fr\\\/hub\\\/business\\\/av\\\/\"},{\"@type\":\"ListItem\",\"position\":4,\"name\":\"Transformer l\u2019audio professionnel gr\u00e2ce \u00e0 l\u2019innovation r\u00e9seau\"}]},{\"@type\":\"WebSite\",\"@id\":\"https:\\\/\\\/frhub.netgear.com\\\/fr\\\/hub\\\/#website\",\"url\":\"https:\\\/\\\/frhub.netgear.com\\\/fr\\\/hub\\\/\",\"name\":\"NETGEAR Hub France\",\"description\":\"Explorez les pages de notre blog et parcourez les articles pour en savoir plus sur les produits et la technologie NETGEAR.\",\"publisher\":{\"@id\":\"https:\\\/\\\/frhub.netgear.com\\\/fr\\\/hub\\\/#organization\"},\"potentialAction\":[{\"@type\":\"SearchAction\",\"target\":{\"@type\":\"EntryPoint\",\"urlTemplate\":\"https:\\\/\\\/frhub.netgear.com\\\/fr\\\/hub\\\/?s={search_term_string}\"},\"query-input\":{\"@type\":\"PropertyValueSpecification\",\"valueRequired\":true,\"valueName\":\"search_term_string\"}}],\"inLanguage\":\"en-US\"},{\"@type\":\"Organization\",\"@id\":\"https:\\\/\\\/frhub.netgear.com\\\/fr\\\/hub\\\/#organization\",\"name\":\"NETGEAR\",\"url\":\"https:\\\/\\\/frhub.netgear.com\\\/fr\\\/hub\\\/\",\"logo\":{\"@type\":\"ImageObject\",\"inLanguage\":\"en-US\",\"@id\":\"https:\\\/\\\/frhub.netgear.com\\\/fr\\\/hub\\\/#\\\/schema\\\/logo\\\/image\\\/\",\"url\":\"https:\\\/\\\/www.netgear.com\\\/fr\\\/hub\\\/wp-content\\\/uploads\\\/2019\\\/07\\\/NETGEAR_logo.jpg\",\"contentUrl\":\"https:\\\/\\\/www.netgear.com\\\/fr\\\/hub\\\/wp-content\\\/uploads\\\/2019\\\/07\\\/NETGEAR_logo.jpg\",\"width\":1500,\"height\":501,\"caption\":\"NETGEAR\"},\"image\":{\"@id\":\"https:\\\/\\\/frhub.netgear.com\\\/fr\\\/hub\\\/#\\\/schema\\\/logo\\\/image\\\/\"},\"sameAs\":[\"https:\\\/\\\/www.facebook.com\\\/NetgearAU\\\/\",\"https:\\\/\\\/x.com\\\/NETGEAR\",\"https:\\\/\\\/www.linkedin.com\\\/company\\\/netgear\"]}]}<\/script>\n<!-- \/ Yoast SEO plugin. -->","yoast_head_json":{"title":"Transformer l\u2019audio professionnel gr\u00e2ce \u00e0 l\u2019innovation r\u00e9seau - NETGEAR Blog","description":"Transformer l\u2019audio professionnel gr\u00e2ce \u00e0 l\u2019innovation r\u00e9seau","robots":{"index":"index","follow":"follow","max-snippet":"max-snippet:-1","max-image-preview":"max-image-preview:large","max-video-preview":"max-video-preview:-1"},"canonical":"https:\/\/frhub.netgear.com\/fr\/hub\/business\/av\/transforming-professional-audio-through-network-innovation\/","og_locale":"en_US","og_type":"article","og_title":"Transformer l\u2019audio professionnel gr\u00e2ce \u00e0 l\u2019innovation r\u00e9seau - NETGEAR Blog","og_description":"Transformer l\u2019audio professionnel gr\u00e2ce \u00e0 l\u2019innovation r\u00e9seau","og_url":"https:\/\/frhub.netgear.com\/fr\/hub\/business\/av\/transforming-professional-audio-through-network-innovation\/","og_site_name":"NETGEAR Blog","article_publisher":"https:\/\/www.facebook.com\/NetgearAU\/","article_modified_time":"2025-12-01T07:24:32+00:00","og_image":[{"width":383,"height":288,"url":"https:\/\/frhub.netgear.com\/fr\/hub\/wp-content\/uploads\/2025\/12\/WhiteLightChoosesTSeries-383x288-1.png","type":"image\/png"}],"twitter_card":"summary_large_image","twitter_site":"@NETGEAR","schema":{"@context":"https:\/\/schema.org","@graph":[{"@type":"WebPage","@id":"https:\/\/frhub.netgear.com\/fr\/hub\/business\/av\/transforming-professional-audio-through-network-innovation\/","url":"https:\/\/frhub.netgear.com\/fr\/hub\/business\/av\/transforming-professional-audio-through-network-innovation\/","name":"Transformer l\u2019audio professionnel gr\u00e2ce \u00e0 l\u2019innovation r\u00e9seau - NETGEAR Blog","isPartOf":{"@id":"https:\/\/frhub.netgear.com\/fr\/hub\/#website"},"primaryImageOfPage":{"@id":"https:\/\/frhub.netgear.com\/fr\/hub\/business\/av\/transforming-professional-audio-through-network-innovation\/#primaryimage"},"image":{"@id":"https:\/\/frhub.netgear.com\/fr\/hub\/business\/av\/transforming-professional-audio-through-network-innovation\/#primaryimage"},"thumbnailUrl":"https:\/\/frhub.netgear.com\/fr\/hub\/wp-content\/uploads\/2025\/12\/WhiteLightChoosesTSeries-383x288-1.png","datePublished":"2025-12-01T07:23:33+00:00","dateModified":"2025-12-01T07:24:32+00:00","description":"Transformer l\u2019audio professionnel gr\u00e2ce \u00e0 l\u2019innovation r\u00e9seau","breadcrumb":{"@id":"https:\/\/frhub.netgear.com\/fr\/hub\/business\/av\/transforming-professional-audio-through-network-innovation\/#breadcrumb"},"inLanguage":"en-US","potentialAction":[{"@type":"ReadAction","target":["https:\/\/frhub.netgear.com\/fr\/hub\/business\/av\/transforming-professional-audio-through-network-innovation\/"]}]},{"@type":"ImageObject","inLanguage":"en-US","@id":"https:\/\/frhub.netgear.com\/fr\/hub\/business\/av\/transforming-professional-audio-through-network-innovation\/#primaryimage","url":"https:\/\/frhub.netgear.com\/fr\/hub\/wp-content\/uploads\/2025\/12\/WhiteLightChoosesTSeries-383x288-1.png","contentUrl":"https:\/\/frhub.netgear.com\/fr\/hub\/wp-content\/uploads\/2025\/12\/WhiteLightChoosesTSeries-383x288-1.png","width":383,"height":288},{"@type":"BreadcrumbList","@id":"https:\/\/frhub.netgear.com\/fr\/hub\/business\/av\/transforming-professional-audio-through-network-innovation\/#breadcrumb","itemListElement":[{"@type":"ListItem","position":1,"name":"Home","item":"https:\/\/frhub.netgear.com\/fr\/hub\/"},{"@type":"ListItem","position":2,"name":"Entreprises","item":"https:\/\/frhub.netgear.com\/fr\/hub\/business\/"},{"@type":"ListItem","position":3,"name":"Entreprise AV","item":"https:\/\/frhub.netgear.com\/fr\/hub\/business\/av\/"},{"@type":"ListItem","position":4,"name":"Transformer l\u2019audio professionnel gr\u00e2ce \u00e0 l\u2019innovation r\u00e9seau"}]},{"@type":"WebSite","@id":"https:\/\/frhub.netgear.com\/fr\/hub\/#website","url":"https:\/\/frhub.netgear.com\/fr\/hub\/","name":"NETGEAR Hub France","description":"Explorez les pages de notre blog et parcourez les articles pour en savoir plus sur les produits et la technologie NETGEAR.","publisher":{"@id":"https:\/\/frhub.netgear.com\/fr\/hub\/#organization"},"potentialAction":[{"@type":"SearchAction","target":{"@type":"EntryPoint","urlTemplate":"https:\/\/frhub.netgear.com\/fr\/hub\/?s={search_term_string}"},"query-input":{"@type":"PropertyValueSpecification","valueRequired":true,"valueName":"search_term_string"}}],"inLanguage":"en-US"},{"@type":"Organization","@id":"https:\/\/frhub.netgear.com\/fr\/hub\/#organization","name":"NETGEAR","url":"https:\/\/frhub.netgear.com\/fr\/hub\/","logo":{"@type":"ImageObject","inLanguage":"en-US","@id":"https:\/\/frhub.netgear.com\/fr\/hub\/#\/schema\/logo\/image\/","url":"https:\/\/www.netgear.com\/fr\/hub\/wp-content\/uploads\/2019\/07\/NETGEAR_logo.jpg","contentUrl":"https:\/\/www.netgear.com\/fr\/hub\/wp-content\/uploads\/2019\/07\/NETGEAR_logo.jpg","width":1500,"height":501,"caption":"NETGEAR"},"image":{"@id":"https:\/\/frhub.netgear.com\/fr\/hub\/#\/schema\/logo\/image\/"},"sameAs":["https:\/\/www.facebook.com\/NetgearAU\/","https:\/\/x.com\/NETGEAR","https:\/\/www.linkedin.com\/company\/netgear"]}]}},"_links":{"self":[{"href":"https:\/\/frhub.netgear.com\/fr\/hub\/wp-json\/wp\/v2\/pages\/11752","targetHints":{"allow":["GET"]}}],"collection":[{"href":"https:\/\/frhub.netgear.com\/fr\/hub\/wp-json\/wp\/v2\/pages"}],"about":[{"href":"https:\/\/frhub.netgear.com\/fr\/hub\/wp-json\/wp\/v2\/types\/page"}],"author":[{"embeddable":true,"href":"https:\/\/frhub.netgear.com\/fr\/hub\/wp-json\/wp\/v2\/users\/97"}],"replies":[{"embeddable":true,"href":"https:\/\/frhub.netgear.com\/fr\/hub\/wp-json\/wp\/v2\/comments?post=11752"}],"version-history":[{"count":1,"href":"https:\/\/frhub.netgear.com\/fr\/hub\/wp-json\/wp\/v2\/pages\/11752\/revisions"}],"predecessor-version":[{"id":11754,"href":"https:\/\/frhub.netgear.com\/fr\/hub\/wp-json\/wp\/v2\/pages\/11752\/revisions\/11754"}],"up":[{"embeddable":true,"href":"https:\/\/frhub.netgear.com\/fr\/hub\/wp-json\/wp\/v2\/pages\/6754"}],"wp:featuredmedia":[{"embeddable":true,"href":"https:\/\/frhub.netgear.com\/fr\/hub\/wp-json\/wp\/v2\/media\/11753"}],"wp:attachment":[{"href":"https:\/\/frhub.netgear.com\/fr\/hub\/wp-json\/wp\/v2\/media?parent=11752"}],"curies":[{"name":"wp","href":"https:\/\/api.w.org\/{rel}","templated":true}]}}