{"id":11746,"date":"2025-10-30T09:47:50","date_gmt":"2025-11-28T08:47:47","guid":{"rendered":"https:\/\/frhub.netgear.com\/fr\/hub\/?page_id=11746"},"modified":"2025-11-28T09:48:20","modified_gmt":"2025-11-28T08:48:20","slug":"idc-marketscape-2025-2","status":"publish","type":"page","link":"https:\/\/frhub.netgear.com\/fr\/hub\/business\/enterprise-it\/idc-marketscape-2025-2\/","title":{"rendered":"NETGEAR reconnu comme un acteur solide dans le rapport IDC sur les WLAN d\u2019entreprise"},"content":{"rendered":"<p><img loading=\"lazy\" decoding=\"async\" class=\"alignone size-full wp-image-10681\" style=\"border-radius: 1em;\" src=\"https:\/\/www.netgear.com\/hub\/wp-content\/uploads\/2025\/10\/GettyConntected-Earth-scaled.jpg\" alt=\"\" width=\"1048\" height=\"511\" \/><\/p>\n    <div class=\"table-of-content bg-gray\">\n        <p><strong>IN THIS ARTICLE<\/strong><\/p>\n        <ul>\n                        <li><a href=\"#topic1\">NETGEAR \u2013 Un acteur solide<\/a><\/li>\n                        <li><a href=\"#topic2\">Pourquoi IDC a pris note<\/a><\/li>\n                        <li><a href=\"#topic3\">Performance, simplicit\u00e9 et valeur<\/a><\/li>\n                        <li><a href=\"#topic4\">Un \u00e9lan strat\u00e9gique<\/a><\/li>\n                        <li><a href=\"#topic5\">Regard vers l\u2019avenir<\/a><\/li>\n                        <li><a href=\"#topic6\">Plus d'informations<\/a><\/li>\n                    <\/ul>\n    <\/div>\n        <div id=\"topic1\" class=\"skip-item\">\n                        <h2>NETGEAR \u2013 Un acteur solide<\/h2>\n                <p data-start=\"428\" data-end=\"863\">L\u2019attention constante de NETGEAR envers les petites et moyennes entreprises (PME) continue de porter ses fruits. Le dernier IDC MarketScape pour l\u2019\u00e9valuation mondiale des fournisseurs de r\u00e9seaux locaux sans fil (WLAN) d\u2019entreprise (2025) classe NETGEAR parmi les <em data-start=\"691\" data-end=\"710\">Strong Contenders<\/em>, soulignant notre r\u00f4le croissant dans le domaine des WLAN d\u2019entreprise et confirmant notre engagement envers les entreprises de 500 employ\u00e9s ou moins.<\/p>\n<p data-start=\"865\" data-end=\"1121\">La reconnaissance d\u2019IDC souligne \u00e0 quel point l\u2019approche de NETGEAR \u2014 simplicit\u00e9, performance et accessibilit\u00e9 \u2014 r\u00e9pond aux besoins des \u00e9quipes IT r\u00e9duites qui recherchent des solutions r\u00e9seau de qualit\u00e9 entreprise sans les co\u00fbts et la complexit\u00e9 associ\u00e9s.<\/p>\n    <\/div>\n        <div id=\"topic2\" class=\"skip-item\">\n                        <h2>Pourquoi IDC a pris note<\/h2>\n                <p data-start=\"1161\" data-end=\"1690\">Le rapport a salu\u00e9 l\u2019engagement de NETGEAR envers la facilit\u00e9 d\u2019utilisation et une conception simple. Comme l\u2019a not\u00e9 IDC :<br data-start=\"1283\" data-end=\"1286\" \/><strong data-start=\"1286\" data-end=\"1525\">\u00ab NETGEAR concentre ses solutions professionnelles sur la facilit\u00e9 d\u2019utilisation ainsi que sur la simplicit\u00e9 de conception et de gestion, ce qui en fait une offre simple \u00e0 utiliser pour les organisations avec des \u00e9quipes IT limit\u00e9es. \u00bb<\/strong><br data-start=\"1525\" data-end=\"1528\" \/>C\u2019est au c\u0153ur de notre mission depuis le d\u00e9but : cr\u00e9er des solutions puissantes et fiables qui ne n\u00e9cessitent pas une grande \u00e9quipe informatique pour \u00eatre g\u00e9r\u00e9es.<\/p>\n<p data-start=\"1692\" data-end=\"2079\">IDC a \u00e9galement reconnu l\u2019\u00e9largissement du portefeuille professionnel de NETGEAR, soulignant nos investissements dans les infrastructures LAN filaires et sans fil, ainsi que dans les solutions de routage et les r\u00e9seaux de distribution. Ces efforts renforcent notre position sur le segment des PME et permettent \u00e0 davantage d\u2019entreprises d\u2019acc\u00e9der \u00e0 des performances de niveau entreprise.<\/p>\n<p data-start=\"2081\" data-end=\"2361\">Un autre point fort mis en avant est notre succ\u00e8s dans l\u2019audiovisuel professionnel (Pro AV). IDC a cit\u00e9 notre forte pr\u00e9sence dans les d\u00e9ploiements ProAV, notamment gr\u00e2ce \u00e0 nos switches AVLine et \u00e0 nos solutions WLAN \u2014 soutenues par un r\u00e9seau de plus de 450 partenaires du secteur.<\/p>\n    <\/div>\n        <div id=\"topic3\" class=\"skip-item\">\n                        <h2>Performance, simplicit\u00e9 et valeur<\/h2>\n                <p data-start=\"2410\" data-end=\"2511\">Cette reconnaissance d\u2019IDC s\u2019aligne parfaitement avec la proposition de valeur de NETGEAR Enterprise.<\/p>\n<p data-start=\"2513\" data-end=\"2896\">Notre position dans la cat\u00e9gorie des <em data-start=\"2550\" data-end=\"2562\">Contenders<\/em> confirme que les PME peuvent b\u00e9n\u00e9ficier de performances v\u00e9ritablement professionnelles sans complexit\u00e9. Avec des indices MTBF parmi les plus \u00e9lev\u00e9s du secteur (jusqu\u2019\u00e0 79 ans) et la capacit\u00e9 de prendre en charge jusqu\u2019\u00e0 50 clients Wi-Fi en streaming simultan\u00e9, les solutions NETGEAR sont con\u00e7ues pour offrir une performance optimale.<\/p>\n<p data-start=\"2898\" data-end=\"3209\">Dans le m\u00eame temps, la simplicit\u00e9 reste au c\u0153ur de notre philosophie de conception. Des outils tels que <strong data-start=\"3002\" data-end=\"3021\">NETGEAR Insight<\/strong>, notre plateforme de gestion cloud, offrent aux administrateurs IT une visibilit\u00e9 et un contr\u00f4le centralis\u00e9s sur plusieurs sites \u2014 id\u00e9al pour les \u00e9quipes disposant de ressources limit\u00e9es.<\/p>\n<p data-start=\"3211\" data-end=\"3584\">Et parce que nous croyons que le r\u00e9seau d\u2019entreprise ne doit pas s\u2019accompagner de co\u00fbts de licences excessifs, nos solutions restent <strong data-start=\"3344\" data-end=\"3373\">abordables sans compromis<\/strong>. IDC a soulign\u00e9 notre engagement envers des \u00ab solutions puissantes et non compliqu\u00e9es avec des licences simplifi\u00e9es \u00bb, ce qui refl\u00e8te notre volont\u00e9 de maintenir des prix transparents et orient\u00e9s vers la valeur.<\/p>\n    <\/div>\n        <div id=\"topic4\" class=\"skip-item\">\n                        <h2>Un \u00e9lan strat\u00e9gique<\/h2>\n                <p data-start=\"3619\" data-end=\"3934\">IDC a \u00e9galement mis en avant nos investissements continus dans l\u2019innovation et les partenariats. L\u2019acquisition en juin 2025 de <strong data-start=\"3746\" data-end=\"3763\">NETGEAR Exium<\/strong> \u2014 un leader du SASE cloud-native bas\u00e9 sur un c\u0153ur 5G \u2014 a renforc\u00e9 notre capacit\u00e9 \u00e0 offrir des solutions int\u00e9gr\u00e9es de s\u00e9curit\u00e9 et de r\u00e9seau pour les \u00e9quipes distribu\u00e9es.<\/p>\n<p data-start=\"3936\" data-end=\"4180\">Combin\u00e9 \u00e0 notre \u00e9cosyst\u00e8me croissant de fournisseurs de services manag\u00e9s (MSP), de revendeurs (VAR) et de partenaires de distribution, NETGEAR \u00e9tend sa pr\u00e9sence dans des secteurs exigeant des solutions sp\u00e9cialis\u00e9es, notamment dans l\u2019AV-over-IP.<\/p>\n    <\/div>\n        <div id=\"topic5\" class=\"skip-item\">\n                        <h2>Regard vers l\u2019avenir<\/h2>\n                <p data-start=\"4216\" data-end=\"4573\">Bien qu\u2019IDC reconnaisse nos efforts continus pour nous d\u00e9marquer de notre h\u00e9ritage grand public, le rapport confirme que notre strat\u00e9gie fonctionne. Avec des initiatives comme <strong data-start=\"4392\" data-end=\"4411\">NETGEAR Academy<\/strong> et nos <strong data-start=\"4419\" data-end=\"4470\">services gratuits de conception Pro AV et Wi-Fi<\/strong>, nous donnons aux partenaires et aux clients les connaissances et les outils n\u00e9cessaires pour r\u00e9ussir.<\/p>\n<p data-start=\"4575\" data-end=\"4885\">Cette place parmi les <em data-start=\"4597\" data-end=\"4609\">Contenders<\/em> n\u2019est pas seulement une reconnaissance \u2014 c\u2019est un v\u00e9ritable \u00e9lan. Elle refl\u00e8te la direction que prend NETGEAR : une pr\u00e9sence plus profonde dans le monde de l\u2019entreprise, une force croissante sur les march\u00e9s verticalis\u00e9s, et un engagement accru pour aider les PME \u00e0 prosp\u00e9rer.<\/p>\n<p data-start=\"4887\" data-end=\"5118\"><strong data-start=\"4887\" data-end=\"5071\">NETGEAR offre les performances de l\u2019entreprise avec la simplicit\u00e9 des PME \u2014 afin que les entreprises puissent se concentrer sur leur croissance, et non sur la complexit\u00e9 du r\u00e9seau.<\/strong><br data-start=\"5071\" data-end=\"5074\" \/>D\u00e9couvrez les solutions NETGEAR Enterprise !<\/p>\n    <\/div>\n        <div id=\"topic6\" class=\"skip-item\">\n                        <h2>Plus d'informations<\/h2>\n                <p>\n<!--SOLUTIONS NETGEAR ENTERPRISE--><br \/>\nPlus d\u2019informations sur nos solutions Business<\/p>\n<div class=\"hs-cta-embed hs-cta-simple-placeholder hs-cta-embed-241151168190\" style=\"max-width:100%;max-height:100%;width:310px;height:50.395835876464844px\" data-hubspot-wrapper-cta-id=\"241151168190\"><br \/>\n  <a href=\"https:\/\/cta-na2.hubspot.com\/web-interactives\/public\/v1\/track\/redirect?encryptedPayload=AVxigLLJWF%2FR9NCdRJZQ5KVHoS9cmTllDsgnRckWwZDoTJW93FYqIGm7y2jNQ4CGjjeyEntjB1Eh%2FcIvmOqeWKIuNi7jJ95TD1xOsd56OGsqZrwJYn2P4gpbjQJxBuk%2FcElRMomZ2nLAB1rUvsSFPpXbLLR0VoURWUj2oq%2BphOJeMWjoSz5dSBIDsA%3D%3D&#038;webInteractiveContentId=241151168190&#038;portalId=242128791\" target=\"_blank\" rel=\"noopener\"><br \/>\n    <img decoding=\"async\" alt=\"SOLUTIONS NETGEAR ENTERPRISE\" loading=\"lazy\" src=\"https:\/\/hubspot-no-cache-na2-prod.s3.amazonaws.com\/cta\/default\/242128791\/interactive-241151168190.png\" style=\"height: 100%;width: 100%;object-fit: fill\" \/><br \/>\n  <\/a>\n<\/div>\n<\/p>\n<p>\n<!--NETGEAR ACADEMY--><br \/>\nApprenez tout ce qu\u2019il faut savoir sur les r\u00e9seaux IP gr\u00e2ce \u00e0 notre NETGEAR ACADEMY<\/p>\n<div class=\"hs-cta-embed hs-cta-simple-placeholder hs-cta-embed-241151161035\" style=\"max-width:100%;max-height:100%;width:260px;height:50.390625px\" data-hubspot-wrapper-cta-id=\"241151161035\"><br \/>\n  <a href=\"https:\/\/cta-na2.hubspot.com\/web-interactives\/public\/v1\/track\/redirect?encryptedPayload=AVxigLJIgvHArQm4wTffTTUUJ%2F0ljCSNGcwj4PNLST8c9BdzGxqiACj%2Bz94HHc4mFPGtXF%2B%2F5wBeuQxMwTVaNhNVvj%2FrPoIwPhJXs1HyfD4geQMBkR1VuG%2BfPTfjyzB0ZZPS3Vs1DRegOuJZbqCiCvoqA4M8moDR4zNKVjZxPVGoUNOaIBrbKeHqgAhjG0PM1L1Yi66guE70DwgXJMTC7CAzvVrffriBmA%3D%3D&#038;webInteractiveContentId=241151161035&#038;portalId=242128791\" target=\"_blank\" rel=\"noopener\"><br \/>\n    <img decoding=\"async\" alt=\"NETGEAR ACADEMY\" loading=\"lazy\" src=\"https:\/\/hubspot-no-cache-na2-prod.s3.amazonaws.com\/cta\/default\/242128791\/interactive-241151161035.png\" style=\"height: 100%;width: 100%;object-fit: fill\" \/><br \/>\n  <\/a>\n<\/div>\n<\/p>\n<p>\n<!--CONTACTEZ L'EQUIPE PRO-IT--><br \/>\nNos ing\u00e9nieurs vous accompagnent gratuitement dans la r\u00e9alisation de vos projets<\/p>\n<div class=\"hs-cta-embed hs-cta-simple-placeholder hs-cta-embed-245601455827\" style=\"max-width:100%;max-height:100%;width:287px;height:50.390625px\" data-hubspot-wrapper-cta-id=\"245601455827\"><br \/>\n  <a href=\"https:\/\/cta-na2.hubspot.com\/web-interactives\/public\/v1\/track\/redirect?encryptedPayload=AVxigLInaPY6CKjdDpPVYzjXnEGvPfbouzJx88Hc1CLeTaYRtnOO25E9XicF7pvzMQdle10f103Z%2F0L%2BbiJE2NwgOQVCpgxtwv3X4ZjoLQkEp5IHfzWjQzeN8Zq44UJQhsPMIst0b69UmgxZlIyrErVjJxyPRNNMsT41p87bUD9JAGKJ2ih7inbvBJTAWKny5YWUD0fN29FFl16U6g1urHYkE5vRzSSaFw%3D%3D&#038;webInteractiveContentId=245601455827&#038;portalId=242128791\" target=\"_blank\" rel=\"noopener\"><br \/>\n    <img decoding=\"async\" alt=\"CONTACTEZ L'EQUIPE PRO-IT\" loading=\"lazy\" src=\"https:\/\/hubspot-no-cache-na2-prod.s3.amazonaws.com\/cta\/default\/242128791\/interactive-245601455827.png\" style=\"height: 100%;width: 100%;object-fit: fill\" \/><br \/>\n  <\/a>\n<\/div>\n<\/p>\n<p style=\"margin-top: 50px\"><iframe loading=\"lazy\" src=\"https:\/\/405nrr.share-na2.hsforms.com\/2hCV6qlA5RJGnKIglv6BViA\" width=\"100%\" height=\"1200px\"><\/iframe><\/p>\n    <\/div>\n    \n","protected":false},"excerpt":{"rendered":"","protected":false},"author":97,"featured_media":11747,"parent":6714,"menu_order":0,"comment_status":"closed","ping_status":"closed","template":"templates\/blog-wifi.php","meta":{"_acf_changed":false,"content-type":"","footnotes":""},"class_list":["post-11746","page","type-page","status-publish","has-post-thumbnail","hentry"],"acf":[],"yoast_head":"<!-- This site is optimized with the Yoast SEO plugin v27.4 - https:\/\/yoast.com\/product\/yoast-seo-wordpress\/ -->\n<title>NETGEAR reconnu comme un acteur solide dans le rapport IDC sur les WLAN d\u2019entreprise - NETGEAR Blog<\/title>\n<meta name=\"description\" content=\"NETGEAR reconnu comme un acteur solide dans le rapport IDC sur les WLAN d\u2019entreprise\" \/>\n<meta name=\"robots\" content=\"index, follow, max-snippet:-1, max-image-preview:large, max-video-preview:-1\" \/>\n<link rel=\"canonical\" href=\"https:\/\/frhub.netgear.com\/fr\/hub\/business\/enterprise-it\/idc-marketscape-2025-2\/\" \/>\n<meta property=\"og:locale\" content=\"en_US\" \/>\n<meta property=\"og:type\" content=\"article\" \/>\n<meta property=\"og:title\" content=\"NETGEAR reconnu comme un acteur solide dans le rapport IDC sur les WLAN d\u2019entreprise - NETGEAR Blog\" \/>\n<meta property=\"og:description\" content=\"NETGEAR reconnu comme un acteur solide dans le rapport IDC sur les WLAN d\u2019entreprise\" \/>\n<meta property=\"og:url\" content=\"https:\/\/frhub.netgear.com\/fr\/hub\/business\/enterprise-it\/idc-marketscape-2025-2\/\" \/>\n<meta property=\"og:site_name\" content=\"NETGEAR Blog\" \/>\n<meta property=\"article:publisher\" content=\"https:\/\/www.facebook.com\/NetgearAU\/\" \/>\n<meta property=\"article:modified_time\" content=\"2025-11-28T08:48:20+00:00\" \/>\n<meta property=\"og:image\" content=\"https:\/\/frhub.netgear.com\/fr\/hub\/wp-content\/uploads\/2025\/11\/GettyConntected-Earth-383x288-1.jpg\" \/>\n\t<meta property=\"og:image:width\" content=\"383\" \/>\n\t<meta property=\"og:image:height\" content=\"288\" \/>\n\t<meta property=\"og:image:type\" content=\"image\/jpeg\" \/>\n<meta name=\"twitter:card\" content=\"summary_large_image\" \/>\n<meta name=\"twitter:site\" content=\"@NETGEAR\" \/>\n<script type=\"application\/ld+json\" class=\"yoast-schema-graph\">{\"@context\":\"https:\\\/\\\/schema.org\",\"@graph\":[{\"@type\":\"WebPage\",\"@id\":\"https:\\\/\\\/frhub.netgear.com\\\/fr\\\/hub\\\/business\\\/enterprise-it\\\/idc-marketscape-2025-2\\\/\",\"url\":\"https:\\\/\\\/frhub.netgear.com\\\/fr\\\/hub\\\/business\\\/enterprise-it\\\/idc-marketscape-2025-2\\\/\",\"name\":\"NETGEAR reconnu comme un acteur solide dans le rapport IDC sur les WLAN d\u2019entreprise - NETGEAR Blog\",\"isPartOf\":{\"@id\":\"https:\\\/\\\/frhub.netgear.com\\\/fr\\\/hub\\\/#website\"},\"primaryImageOfPage\":{\"@id\":\"https:\\\/\\\/frhub.netgear.com\\\/fr\\\/hub\\\/business\\\/enterprise-it\\\/idc-marketscape-2025-2\\\/#primaryimage\"},\"image\":{\"@id\":\"https:\\\/\\\/frhub.netgear.com\\\/fr\\\/hub\\\/business\\\/enterprise-it\\\/idc-marketscape-2025-2\\\/#primaryimage\"},\"thumbnailUrl\":\"https:\\\/\\\/frhub.netgear.com\\\/fr\\\/hub\\\/wp-content\\\/uploads\\\/2025\\\/11\\\/GettyConntected-Earth-383x288-1.jpg\",\"datePublished\":\"2025-11-28T08:47:47+00:00\",\"dateModified\":\"2025-11-28T08:48:20+00:00\",\"description\":\"NETGEAR reconnu comme un acteur solide dans le rapport IDC sur les WLAN d\u2019entreprise\",\"breadcrumb\":{\"@id\":\"https:\\\/\\\/frhub.netgear.com\\\/fr\\\/hub\\\/business\\\/enterprise-it\\\/idc-marketscape-2025-2\\\/#breadcrumb\"},\"inLanguage\":\"en-US\",\"potentialAction\":[{\"@type\":\"ReadAction\",\"target\":[\"https:\\\/\\\/frhub.netgear.com\\\/fr\\\/hub\\\/business\\\/enterprise-it\\\/idc-marketscape-2025-2\\\/\"]}]},{\"@type\":\"ImageObject\",\"inLanguage\":\"en-US\",\"@id\":\"https:\\\/\\\/frhub.netgear.com\\\/fr\\\/hub\\\/business\\\/enterprise-it\\\/idc-marketscape-2025-2\\\/#primaryimage\",\"url\":\"https:\\\/\\\/frhub.netgear.com\\\/fr\\\/hub\\\/wp-content\\\/uploads\\\/2025\\\/11\\\/GettyConntected-Earth-383x288-1.jpg\",\"contentUrl\":\"https:\\\/\\\/frhub.netgear.com\\\/fr\\\/hub\\\/wp-content\\\/uploads\\\/2025\\\/11\\\/GettyConntected-Earth-383x288-1.jpg\",\"width\":383,\"height\":288},{\"@type\":\"BreadcrumbList\",\"@id\":\"https:\\\/\\\/frhub.netgear.com\\\/fr\\\/hub\\\/business\\\/enterprise-it\\\/idc-marketscape-2025-2\\\/#breadcrumb\",\"itemListElement\":[{\"@type\":\"ListItem\",\"position\":1,\"name\":\"Home\",\"item\":\"https:\\\/\\\/frhub.netgear.com\\\/fr\\\/hub\\\/\"},{\"@type\":\"ListItem\",\"position\":2,\"name\":\"Entreprises\",\"item\":\"https:\\\/\\\/frhub.netgear.com\\\/fr\\\/hub\\\/business\\\/\"},{\"@type\":\"ListItem\",\"position\":3,\"name\":\"Business Networking Articles Hub\",\"item\":\"https:\\\/\\\/frhub.netgear.com\\\/fr\\\/hub\\\/business\\\/enterprise-it\\\/\"},{\"@type\":\"ListItem\",\"position\":4,\"name\":\"NETGEAR reconnu comme un acteur solide dans le rapport IDC sur les WLAN d\u2019entreprise\"}]},{\"@type\":\"WebSite\",\"@id\":\"https:\\\/\\\/frhub.netgear.com\\\/fr\\\/hub\\\/#website\",\"url\":\"https:\\\/\\\/frhub.netgear.com\\\/fr\\\/hub\\\/\",\"name\":\"NETGEAR Hub France\",\"description\":\"Explorez les pages de notre blog et parcourez les articles pour en savoir plus sur les produits et la technologie NETGEAR.\",\"publisher\":{\"@id\":\"https:\\\/\\\/frhub.netgear.com\\\/fr\\\/hub\\\/#organization\"},\"potentialAction\":[{\"@type\":\"SearchAction\",\"target\":{\"@type\":\"EntryPoint\",\"urlTemplate\":\"https:\\\/\\\/frhub.netgear.com\\\/fr\\\/hub\\\/?s={search_term_string}\"},\"query-input\":{\"@type\":\"PropertyValueSpecification\",\"valueRequired\":true,\"valueName\":\"search_term_string\"}}],\"inLanguage\":\"en-US\"},{\"@type\":\"Organization\",\"@id\":\"https:\\\/\\\/frhub.netgear.com\\\/fr\\\/hub\\\/#organization\",\"name\":\"NETGEAR\",\"url\":\"https:\\\/\\\/frhub.netgear.com\\\/fr\\\/hub\\\/\",\"logo\":{\"@type\":\"ImageObject\",\"inLanguage\":\"en-US\",\"@id\":\"https:\\\/\\\/frhub.netgear.com\\\/fr\\\/hub\\\/#\\\/schema\\\/logo\\\/image\\\/\",\"url\":\"https:\\\/\\\/www.netgear.com\\\/fr\\\/hub\\\/wp-content\\\/uploads\\\/2019\\\/07\\\/NETGEAR_logo.jpg\",\"contentUrl\":\"https:\\\/\\\/www.netgear.com\\\/fr\\\/hub\\\/wp-content\\\/uploads\\\/2019\\\/07\\\/NETGEAR_logo.jpg\",\"width\":1500,\"height\":501,\"caption\":\"NETGEAR\"},\"image\":{\"@id\":\"https:\\\/\\\/frhub.netgear.com\\\/fr\\\/hub\\\/#\\\/schema\\\/logo\\\/image\\\/\"},\"sameAs\":[\"https:\\\/\\\/www.facebook.com\\\/NetgearAU\\\/\",\"https:\\\/\\\/x.com\\\/NETGEAR\",\"https:\\\/\\\/www.linkedin.com\\\/company\\\/netgear\"]}]}<\/script>\n<!-- \/ Yoast SEO plugin. -->","yoast_head_json":{"title":"NETGEAR reconnu comme un acteur solide dans le rapport IDC sur les WLAN d\u2019entreprise - NETGEAR Blog","description":"NETGEAR reconnu comme un acteur solide dans le rapport IDC sur les WLAN d\u2019entreprise","robots":{"index":"index","follow":"follow","max-snippet":"max-snippet:-1","max-image-preview":"max-image-preview:large","max-video-preview":"max-video-preview:-1"},"canonical":"https:\/\/frhub.netgear.com\/fr\/hub\/business\/enterprise-it\/idc-marketscape-2025-2\/","og_locale":"en_US","og_type":"article","og_title":"NETGEAR reconnu comme un acteur solide dans le rapport IDC sur les WLAN d\u2019entreprise - NETGEAR Blog","og_description":"NETGEAR reconnu comme un acteur solide dans le rapport IDC sur les WLAN d\u2019entreprise","og_url":"https:\/\/frhub.netgear.com\/fr\/hub\/business\/enterprise-it\/idc-marketscape-2025-2\/","og_site_name":"NETGEAR Blog","article_publisher":"https:\/\/www.facebook.com\/NetgearAU\/","article_modified_time":"2025-11-28T08:48:20+00:00","og_image":[{"width":383,"height":288,"url":"https:\/\/frhub.netgear.com\/fr\/hub\/wp-content\/uploads\/2025\/11\/GettyConntected-Earth-383x288-1.jpg","type":"image\/jpeg"}],"twitter_card":"summary_large_image","twitter_site":"@NETGEAR","schema":{"@context":"https:\/\/schema.org","@graph":[{"@type":"WebPage","@id":"https:\/\/frhub.netgear.com\/fr\/hub\/business\/enterprise-it\/idc-marketscape-2025-2\/","url":"https:\/\/frhub.netgear.com\/fr\/hub\/business\/enterprise-it\/idc-marketscape-2025-2\/","name":"NETGEAR reconnu comme un acteur solide dans le rapport IDC sur les WLAN d\u2019entreprise - NETGEAR Blog","isPartOf":{"@id":"https:\/\/frhub.netgear.com\/fr\/hub\/#website"},"primaryImageOfPage":{"@id":"https:\/\/frhub.netgear.com\/fr\/hub\/business\/enterprise-it\/idc-marketscape-2025-2\/#primaryimage"},"image":{"@id":"https:\/\/frhub.netgear.com\/fr\/hub\/business\/enterprise-it\/idc-marketscape-2025-2\/#primaryimage"},"thumbnailUrl":"https:\/\/frhub.netgear.com\/fr\/hub\/wp-content\/uploads\/2025\/11\/GettyConntected-Earth-383x288-1.jpg","datePublished":"2025-11-28T08:47:47+00:00","dateModified":"2025-11-28T08:48:20+00:00","description":"NETGEAR reconnu comme un acteur solide dans le rapport IDC sur les WLAN d\u2019entreprise","breadcrumb":{"@id":"https:\/\/frhub.netgear.com\/fr\/hub\/business\/enterprise-it\/idc-marketscape-2025-2\/#breadcrumb"},"inLanguage":"en-US","potentialAction":[{"@type":"ReadAction","target":["https:\/\/frhub.netgear.com\/fr\/hub\/business\/enterprise-it\/idc-marketscape-2025-2\/"]}]},{"@type":"ImageObject","inLanguage":"en-US","@id":"https:\/\/frhub.netgear.com\/fr\/hub\/business\/enterprise-it\/idc-marketscape-2025-2\/#primaryimage","url":"https:\/\/frhub.netgear.com\/fr\/hub\/wp-content\/uploads\/2025\/11\/GettyConntected-Earth-383x288-1.jpg","contentUrl":"https:\/\/frhub.netgear.com\/fr\/hub\/wp-content\/uploads\/2025\/11\/GettyConntected-Earth-383x288-1.jpg","width":383,"height":288},{"@type":"BreadcrumbList","@id":"https:\/\/frhub.netgear.com\/fr\/hub\/business\/enterprise-it\/idc-marketscape-2025-2\/#breadcrumb","itemListElement":[{"@type":"ListItem","position":1,"name":"Home","item":"https:\/\/frhub.netgear.com\/fr\/hub\/"},{"@type":"ListItem","position":2,"name":"Entreprises","item":"https:\/\/frhub.netgear.com\/fr\/hub\/business\/"},{"@type":"ListItem","position":3,"name":"Business Networking Articles Hub","item":"https:\/\/frhub.netgear.com\/fr\/hub\/business\/enterprise-it\/"},{"@type":"ListItem","position":4,"name":"NETGEAR reconnu comme un acteur solide dans le rapport IDC sur les WLAN d\u2019entreprise"}]},{"@type":"WebSite","@id":"https:\/\/frhub.netgear.com\/fr\/hub\/#website","url":"https:\/\/frhub.netgear.com\/fr\/hub\/","name":"NETGEAR Hub France","description":"Explorez les pages de notre blog et parcourez les articles pour en savoir plus sur les produits et la technologie NETGEAR.","publisher":{"@id":"https:\/\/frhub.netgear.com\/fr\/hub\/#organization"},"potentialAction":[{"@type":"SearchAction","target":{"@type":"EntryPoint","urlTemplate":"https:\/\/frhub.netgear.com\/fr\/hub\/?s={search_term_string}"},"query-input":{"@type":"PropertyValueSpecification","valueRequired":true,"valueName":"search_term_string"}}],"inLanguage":"en-US"},{"@type":"Organization","@id":"https:\/\/frhub.netgear.com\/fr\/hub\/#organization","name":"NETGEAR","url":"https:\/\/frhub.netgear.com\/fr\/hub\/","logo":{"@type":"ImageObject","inLanguage":"en-US","@id":"https:\/\/frhub.netgear.com\/fr\/hub\/#\/schema\/logo\/image\/","url":"https:\/\/www.netgear.com\/fr\/hub\/wp-content\/uploads\/2019\/07\/NETGEAR_logo.jpg","contentUrl":"https:\/\/www.netgear.com\/fr\/hub\/wp-content\/uploads\/2019\/07\/NETGEAR_logo.jpg","width":1500,"height":501,"caption":"NETGEAR"},"image":{"@id":"https:\/\/frhub.netgear.com\/fr\/hub\/#\/schema\/logo\/image\/"},"sameAs":["https:\/\/www.facebook.com\/NetgearAU\/","https:\/\/x.com\/NETGEAR","https:\/\/www.linkedin.com\/company\/netgear"]}]}},"_links":{"self":[{"href":"https:\/\/frhub.netgear.com\/fr\/hub\/wp-json\/wp\/v2\/pages\/11746","targetHints":{"allow":["GET"]}}],"collection":[{"href":"https:\/\/frhub.netgear.com\/fr\/hub\/wp-json\/wp\/v2\/pages"}],"about":[{"href":"https:\/\/frhub.netgear.com\/fr\/hub\/wp-json\/wp\/v2\/types\/page"}],"author":[{"embeddable":true,"href":"https:\/\/frhub.netgear.com\/fr\/hub\/wp-json\/wp\/v2\/users\/97"}],"replies":[{"embeddable":true,"href":"https:\/\/frhub.netgear.com\/fr\/hub\/wp-json\/wp\/v2\/comments?post=11746"}],"version-history":[{"count":1,"href":"https:\/\/frhub.netgear.com\/fr\/hub\/wp-json\/wp\/v2\/pages\/11746\/revisions"}],"predecessor-version":[{"id":11748,"href":"https:\/\/frhub.netgear.com\/fr\/hub\/wp-json\/wp\/v2\/pages\/11746\/revisions\/11748"}],"up":[{"embeddable":true,"href":"https:\/\/frhub.netgear.com\/fr\/hub\/wp-json\/wp\/v2\/pages\/6714"}],"wp:featuredmedia":[{"embeddable":true,"href":"https:\/\/frhub.netgear.com\/fr\/hub\/wp-json\/wp\/v2\/media\/11747"}],"wp:attachment":[{"href":"https:\/\/frhub.netgear.com\/fr\/hub\/wp-json\/wp\/v2\/media?parent=11746"}],"curies":[{"name":"wp","href":"https:\/\/api.w.org\/{rel}","templated":true}]}}