{"id":11401,"date":"2025-10-21T06:29:50","date_gmt":"2025-10-22T12:29:44","guid":{"rendered":"https:\/\/frhub.netgear.com\/fr\/hub\/?page_id=11401"},"modified":"2025-10-23T16:29:48","modified_gmt":"2025-10-23T14:29:48","slug":"the-ultimate-av-product-reference-guide-for-av-engineers","status":"publish","type":"page","link":"https:\/\/frhub.netgear.com\/fr\/hub\/business\/av\/the-ultimate-av-product-reference-guide-for-av-engineers\/","title":{"rendered":"Le guide de r\u00e9f\u00e9rence ultime des produits AV pour les ing\u00e9nieurs de l&#8217;Audiovisuel"},"content":{"rendered":"<p><img loading=\"lazy\" decoding=\"async\" class=\"alignone size-full wp-image-10681\" style=\"border-radius: 1em;\" src=\"https:\/\/www.netgear.com\/hub\/wp-content\/uploads\/2025\/10\/DAT-AV_Hero.webp\" alt=\"\" width=\"1048\" height=\"511\" \/><\/p>\n    <div class=\"table-of-content bg-gray\">\n        <p><strong>IN THIS ARTICLE<\/strong><\/p>\n        <ul>\n                        <li><a href=\"#topic1\">Simplifiez la conception de votre r\u00e9seau AV : trouvez les bons produits NETGEAR pour chaque projet<\/a><\/li>\n                        <li><a href=\"#topic2\">Ce que vous trouverez dans le guide :<\/a><\/li>\n                        <li><a href=\"#topic3\">Pourquoi ce guide est important<\/a><\/li>\n                        <li><a href=\"#topic4\">Con\u00e7u pour les professionnels de l\u2019AV<\/a><\/li>\n                        <li><a href=\"#topic5\">T\u00e9l\u00e9chargez le guide<\/a><\/li>\n                        <li><a href=\"#topic6\">L\u2019AV over IP en toute confiance<\/a><\/li>\n                        <li><a href=\"#topic7\">Plus d'informations<\/a><\/li>\n                    <\/ul>\n    <\/div>\n        <div id=\"topic1\" class=\"skip-item\">\n                        <h2>Simplifiez la conception de votre r\u00e9seau AV : trouvez les bons produits NETGEAR pour chaque projet<\/h2>\n                <p data-start=\"295\" data-end=\"687\">En tant qu\u2019ing\u00e9nieur audiovisuel, vous savez que la r\u00e9ussite d\u2019une installation repose sur une base r\u00e9seau fiable et performante.<br data-start=\"424\" data-end=\"427\" \/>Qu\u2019il s\u2019agisse d\u2019un d\u00e9ploiement vid\u00e9o-over-IP \u00e0 grande \u00e9chelle, de l\u2019int\u00e9gration de cam\u00e9ras aliment\u00e9es en PoE, ou de la connexion de points d\u2019acc\u00e8s WiFi 7, le choix du bon <em data-start=\"599\" data-end=\"607\">switch<\/em> ou routeur est crucial pour garantir performance, \u00e9volutivit\u00e9 et disponibilit\u00e9.<\/p>\n<p data-start=\"689\" data-end=\"933\">C\u2019est pourquoi nous avons cr\u00e9\u00e9 le <strong data-start=\"723\" data-end=\"769\">Guide de R\u00e9f\u00e9rence des Produits AV NETGEAR<\/strong> \u2014 un document complet et facile \u00e0 utiliser, con\u00e7u pour vous aider \u00e0 identifier rapidement les <em data-start=\"864\" data-end=\"874\">switches<\/em> et \u00e9quipements sans fil les plus adapt\u00e9s \u00e0 vos projets AV.<\/p>\n    <\/div>\n        <div id=\"topic2\" class=\"skip-item\">\n                        <h2>Ce que vous trouverez dans le guide :<\/h2>\n                <p data-start=\"987\" data-end=\"1101\">Ce guide offre une vue d\u00e9taill\u00e9e des <em data-start=\"1024\" data-end=\"1034\">switches<\/em> de la gamme AV Line et des solutions sans fil NETGEAR, notamment :<\/p>\n<ul data-start=\"1103\" data-end=\"1666\">\n<li data-start=\"1103\" data-end=\"1204\">\n<p data-start=\"1105\" data-end=\"1204\"><strong data-start=\"1105\" data-end=\"1144\">S\u00e9ries M4250, M4300, M4350 et M4500<\/strong> : sp\u00e9cialement con\u00e7ues pour les environnements AV over IP<\/p>\n<\/li>\n<li data-start=\"1205\" data-end=\"1297\">\n<p data-start=\"1207\" data-end=\"1297\"><strong data-start=\"1207\" data-end=\"1232\">Budgets PoE+ et PoE++<\/strong> clairement indiqu\u00e9s pour chaque mod\u00e8le, en fonctionnement 220V<\/p>\n<\/li>\n<li data-start=\"1298\" data-end=\"1396\">\n<p data-start=\"1300\" data-end=\"1396\"><strong data-start=\"1300\" data-end=\"1343\">Configurations Multi-Gig et ports fibre<\/strong> pour s\u2019adapter \u00e0 tous les types de d\u00e9ploiements AV<\/p>\n<\/li>\n<li data-start=\"1397\" data-end=\"1561\">\n<p data-start=\"1399\" data-end=\"1561\"><strong data-start=\"1399\" data-end=\"1436\">Routeurs et points d\u2019acc\u00e8s WiFi 7<\/strong> (comme les mod\u00e8les <strong data-start=\"1456\" data-end=\"1484\">PR460X, WBE758 et WBE718<\/strong>) optimis\u00e9s pour les liaisons haut d\u00e9bit et la distribution sans fil fluide<\/p>\n<\/li>\n<li data-start=\"1562\" data-end=\"1666\">\n<p data-start=\"1564\" data-end=\"1666\"><strong data-start=\"1564\" data-end=\"1617\">Options de redondance et alimentations modulaires<\/strong>, essentielles pour les installations critiques<\/p>\n<\/li>\n<\/ul>\n<p data-start=\"1668\" data-end=\"1996\">Chaque section du guide inclut le nom du mod\u00e8le, la r\u00e9f\u00e9rence (SKU), les types de ports, les d\u00e9tails d\u2019alimentation et les options de gestion. Vous avez ainsi toutes les informations n\u00e9cessaires pour faire le bon choix \u2014 que ce soit pour un \u00e9v\u00e9nement en direct, un studio de diffusion, une salle de r\u00e9union ou un lieu d\u2019accueil.<\/p>\n    <\/div>\n        <div id=\"topic3\" class=\"skip-item\">\n                        <h2>Pourquoi ce guide est important<\/h2>\n                <p data-start=\"2044\" data-end=\"2277\">Dans les syst\u00e8mes AV over IP, la pr\u00e9cision de conception est essentielle.<br data-start=\"2117\" data-end=\"2120\" \/>Les budgets d\u2019alimentation, les types de PoE, et les options de redondance varient fortement selon les mod\u00e8les. Le <strong data-start=\"2235\" data-end=\"2260\">Guide de R\u00e9f\u00e9rence AV<\/strong> vous permet de :<\/p>\n<ul data-start=\"2279\" data-end=\"2632\">\n<li data-start=\"2279\" data-end=\"2382\">\n<p data-start=\"2281\" data-end=\"2382\">Choisir des <em data-start=\"2293\" data-end=\"2303\">switches<\/em> offrant suffisamment de puissance PoE pour cam\u00e9ras, points d\u2019acc\u00e8s et \u00e9crans<\/p>\n<\/li>\n<li data-start=\"2383\" data-end=\"2466\">\n<p data-start=\"2385\" data-end=\"2466\">Pr\u00e9voir l\u2019\u00e9volutivit\u00e9 gr\u00e2ce aux alimentations modulaires et options de stacking<\/p>\n<\/li>\n<li data-start=\"2467\" data-end=\"2527\">\n<p data-start=\"2469\" data-end=\"2527\">Respecter les normes r\u00e9gionales de tension (110V \/ 220V)<\/p>\n<\/li>\n<li data-start=\"2528\" data-end=\"2632\">\n<p data-start=\"2530\" data-end=\"2632\">Gagner du temps sur la phase de sp\u00e9cification \u2014 plus besoin de consulter plusieurs fiches techniques<\/p>\n<\/li>\n<\/ul>\n    <\/div>\n        <div id=\"topic4\" class=\"skip-item\">\n                        <h2>Con\u00e7u pour les professionnels de l\u2019AV<\/h2>\n                <p>Cette \u00e9dition du guide met l\u2019accent sur les aspects op\u00e9rationnels, ce qui en fait une ressource id\u00e9ale pour les int\u00e9grateurs et concepteurs de syst\u00e8mes AV \u00e0 travers l\u2019Europe.<br data-start=\"2860\" data-end=\"2863\" \/>Il centralise toutes les informations de puissance et de connectivit\u00e9 pour vos projets r\u00e9gionaux, en assurant compatibilit\u00e9 et conformit\u00e9.<\/p>\n    <\/div>\n        <div id=\"topic5\" class=\"skip-item\">\n                        <h2>T\u00e9l\u00e9chargez le guide<\/h2>\n                <p><strong data-start=\"3038\" data-end=\"3086\">Pr\u00eat \u00e0 simplifier votre prochain projet AV ?<\/strong><br data-start=\"3086\" data-end=\"3089\" \/>T\u00e9l\u00e9chargez le <strong data-start=\"3104\" data-end=\"3150\">Guide de R\u00e9f\u00e9rence des Produits AV NETGEAR<\/strong> pour acc\u00e9der instantan\u00e9ment \u00e0 toutes les donn\u00e9es produit, budgets PoE et options de configuration \u2014 r\u00e9unies dans un seul document pratique.<\/p>\n    <\/div>\n        <div id=\"topic6\" class=\"skip-item\">\n                        <h2>L\u2019AV over IP en toute confiance<\/h2>\n                <p>NETGEAR continue d\u2019innover pour l\u2019industrie audiovisuelle, en proposant des solutions r\u00e9seau fiables, \u00e9volutives et faciles \u00e0 g\u00e9rer.<br data-start=\"3470\" data-end=\"3473\" \/>Avec ce guide en main, vous pouvez concevoir et d\u00e9ployer des syst\u00e8mes AV professionnels plus rapidement, plus intelligemment \u2014 et en toute confiance.<\/p>\n    <\/div>\n        <div id=\"topic7\" class=\"skip-item\">\n                        <h2>Plus d'informations<\/h2>\n                <p><!--SOLUTIONS NETGEAR AV --><br \/>\nPlus d\u2019informations sur nos solutions audiovisuelles<\/p>\n<div class=\"hs-cta-embed hs-cta-simple-placeholder hs-cta-embed-241151160046\" style=\"max-width: 100%;max-height: 100%;width: 260px;height: 50.390625px\" data-hubspot-wrapper-cta-id=\"241151160046\"><a href=\"https:\/\/cta-na2.hubspot.com\/web-interactives\/public\/v1\/track\/redirect?encryptedPayload=AVxigLJf4HGLXU18h5HBrlQTZuKX4p21iriDX%2FD9Weo1E0jc26wgSp32sJpGF%2FrOb977gqk9Skq%2FVgamhq%2FXvCN0mPQ1dmrdARtcNUH8fV5cFOvngo8qJ8EuMyEq%2Fqu2y51zC2FZUVyu97opP5ixVGCiE%2Bg6BOgTVVDljEMF5hhhXUNpnikrl2UTN%2Bb3TA%3D%3D&amp;webInteractiveContentId=241151160046&amp;portalId=242128791\" target=\"_blank\" rel=\"noopener\"><br \/>\n<img decoding=\"async\" style=\"height: 100%;width: 100%;object-fit: fill\" src=\"https:\/\/hubspot-no-cache-na2-prod.s3.amazonaws.com\/cta\/default\/242128791\/interactive-241151160046.png\" alt=\"SOLUTIONS NETGEAR AV\" \/><br \/>\n<\/a><\/div>\n<p><!-- NETGEAR ACADEMY AV --><br \/>\nApprenez tout sur les r\u00e9seaux IP gr\u00e2ce \u00e0 la NETGEAR ACADEMY<\/p>\n<div class=\"hs-cta-embed hs-cta-simple-placeholder hs-cta-embed-241151160033\" style=\"max-width: 100%;max-height: 100%;width: 260px;height: 50.390625px\" data-hubspot-wrapper-cta-id=\"241151160033\"><a href=\"https:\/\/cta-na2.hubspot.com\/web-interactives\/public\/v1\/track\/redirect?encryptedPayload=AVxigLJ6zgXxrLVJLagOt9pyIXf5%2FGgh9lUupWJj49Nfcbq71eIrrvJQt9JGeaQwNkTAPTWhI2%2BXk56NQscWP4xOQ7iZrhk6rkBjyO4dBlJGP1gG3BpcrdlgLyF%2F850K2l3xn5kDj5H%2Fur8VO2zJH58QH7by4HFWliY25223Shr3sQx25aCmNBjCDkNwA2WRum67F9fGyQyzoYOn86wAq%2Brw3xzsBDMbyw%3D%3D&amp;webInteractiveContentId=241151160033&amp;portalId=242128791\" target=\"_blank\" rel=\"noopener\"><br \/>\n<img decoding=\"async\" style=\"height: 100%;width: 100%;object-fit: fill\" src=\"https:\/\/hubspot-no-cache-na2-prod.s3.amazonaws.com\/cta\/default\/242128791\/interactive-241151160033.png\" alt=\"NETGEAR ACADEMY\" \/><br \/>\n<\/a><\/div>\n<p style=\"margin-bottom: 30px\"><!--CONTACTEZ L'EQUIPE PROAV --><br \/>\nNos ing\u00e9nieurs vous accompagneront gratuitement dans la r\u00e9alisation de vos projets audiovisuels<\/p>\n<div class=\"hs-cta-embed hs-cta-simple-placeholder hs-cta-embed-241151160055\" style=\"max-width: 100%;max-height: 100%;width: 270px;height: 50.390625px\" data-hubspot-wrapper-cta-id=\"241151160055\"><a href=\"https:\/\/cta-na2.hubspot.com\/web-interactives\/public\/v1\/track\/redirect?encryptedPayload=AVxigLLUG9XShtF2ziGdRlpsMD%2BMJ39t1kFOE7VlHl2HmmlWzlJWH0rsV7f3eoQL53gclcWb0lliiDgK3EAMVvEOcIE7gW9aYOwk1uipv43pSUkBlDtiKJ%2BcB7fopWupnJbggqZWRkNERZkdh1dDGXHHDJX3V0sOA8mbXD%2Fd6QC2XK2OyVtrDNFDHbBoT6b15PyvF4Ca3b6JBNTYdAzYeH790XenlNKBP4OKZqw50t7IGx9DuADFMFlNdg6FWQ%3D%3D&amp;webInteractiveContentId=241151160055&amp;portalId=242128791\" target=\"_blank\" rel=\"noopener\"><br \/>\n<img decoding=\"async\" style=\"height: 100%;width: 100%;object-fit: fill\" src=\"https:\/\/hubspot-no-cache-na2-prod.s3.amazonaws.com\/cta\/default\/242128791\/interactive-241151160055.png\" alt=\"CONTACTEZ L'EQUIPE PROAV\" \/><br \/>\n<\/a><\/div>\n<p style=\"margin-top: 50px\"><iframe loading=\"lazy\" src=\"https:\/\/405nrr.share-na2.hsforms.com\/24AR2ZDSmQqWycFqf8q5-eg\" width=\"100%\" height=\"1200px\"><\/iframe><\/p>\n    <\/div>\n    \n","protected":false},"excerpt":{"rendered":"","protected":false},"author":97,"featured_media":11397,"parent":6754,"menu_order":0,"comment_status":"closed","ping_status":"closed","template":"templates\/blog-wifi.php","meta":{"_acf_changed":false,"content-type":"","footnotes":""},"class_list":["post-11401","page","type-page","status-publish","has-post-thumbnail","hentry"],"acf":[],"yoast_head":"<!-- This site is optimized with the Yoast SEO plugin v27.4 - https:\/\/yoast.com\/product\/yoast-seo-wordpress\/ -->\n<title>Le guide de r\u00e9f\u00e9rence ultime des produits AV pour les ing\u00e9nieurs de l&#039;Audiovisuel - NETGEAR Blog<\/title>\n<meta name=\"description\" content=\"Ing\u00e9nieurs AV: simplifiez vos installations 220V avec le r\u00e9f\u00e9rentiel des produits AV NETGEAR. A t\u00e9l\u00e9charger pour faciliter votre s\u00e9lection.\" \/>\n<meta name=\"robots\" content=\"index, follow, max-snippet:-1, max-image-preview:large, max-video-preview:-1\" \/>\n<link rel=\"canonical\" href=\"https:\/\/frhub.netgear.com\/fr\/hub\/business\/av\/the-ultimate-av-product-reference-guide-for-av-engineers\/\" \/>\n<meta property=\"og:locale\" content=\"en_US\" \/>\n<meta property=\"og:type\" content=\"article\" \/>\n<meta property=\"og:title\" content=\"Le guide de r\u00e9f\u00e9rence ultime des produits AV pour les ing\u00e9nieurs de l&#039;Audiovisuel - NETGEAR Blog\" \/>\n<meta property=\"og:description\" content=\"Ing\u00e9nieurs AV: simplifiez vos installations 220V avec le r\u00e9f\u00e9rentiel des produits AV NETGEAR. A t\u00e9l\u00e9charger pour faciliter votre s\u00e9lection.\" \/>\n<meta property=\"og:url\" content=\"https:\/\/frhub.netgear.com\/fr\/hub\/business\/av\/the-ultimate-av-product-reference-guide-for-av-engineers\/\" \/>\n<meta property=\"og:site_name\" content=\"NETGEAR Blog\" \/>\n<meta property=\"article:publisher\" content=\"https:\/\/www.facebook.com\/NetgearAU\/\" \/>\n<meta property=\"article:modified_time\" content=\"2025-10-23T14:29:48+00:00\" \/>\n<meta property=\"og:image\" content=\"https:\/\/frhub.netgear.com\/fr\/hub\/wp-content\/uploads\/2025\/10\/DAT-AV_Hero-383x288-1.webp\" \/>\n\t<meta property=\"og:image:width\" content=\"383\" \/>\n\t<meta property=\"og:image:height\" content=\"288\" \/>\n\t<meta property=\"og:image:type\" content=\"image\/webp\" \/>\n<meta name=\"twitter:card\" content=\"summary_large_image\" \/>\n<meta name=\"twitter:site\" content=\"@NETGEAR\" \/>\n<script type=\"application\/ld+json\" class=\"yoast-schema-graph\">{\"@context\":\"https:\\\/\\\/schema.org\",\"@graph\":[{\"@type\":\"WebPage\",\"@id\":\"https:\\\/\\\/frhub.netgear.com\\\/fr\\\/hub\\\/business\\\/av\\\/the-ultimate-av-product-reference-guide-for-av-engineers\\\/\",\"url\":\"https:\\\/\\\/frhub.netgear.com\\\/fr\\\/hub\\\/business\\\/av\\\/the-ultimate-av-product-reference-guide-for-av-engineers\\\/\",\"name\":\"Le guide de r\u00e9f\u00e9rence ultime des produits AV pour les ing\u00e9nieurs de l'Audiovisuel - NETGEAR Blog\",\"isPartOf\":{\"@id\":\"https:\\\/\\\/frhub.netgear.com\\\/fr\\\/hub\\\/#website\"},\"primaryImageOfPage\":{\"@id\":\"https:\\\/\\\/frhub.netgear.com\\\/fr\\\/hub\\\/business\\\/av\\\/the-ultimate-av-product-reference-guide-for-av-engineers\\\/#primaryimage\"},\"image\":{\"@id\":\"https:\\\/\\\/frhub.netgear.com\\\/fr\\\/hub\\\/business\\\/av\\\/the-ultimate-av-product-reference-guide-for-av-engineers\\\/#primaryimage\"},\"thumbnailUrl\":\"https:\\\/\\\/frhub.netgear.com\\\/fr\\\/hub\\\/wp-content\\\/uploads\\\/2025\\\/10\\\/DAT-AV_Hero-383x288-1.webp\",\"datePublished\":\"2025-10-22T12:29:44+00:00\",\"dateModified\":\"2025-10-23T14:29:48+00:00\",\"description\":\"Ing\u00e9nieurs AV: simplifiez vos installations 220V avec le r\u00e9f\u00e9rentiel des produits AV NETGEAR. A t\u00e9l\u00e9charger pour faciliter votre s\u00e9lection.\",\"breadcrumb\":{\"@id\":\"https:\\\/\\\/frhub.netgear.com\\\/fr\\\/hub\\\/business\\\/av\\\/the-ultimate-av-product-reference-guide-for-av-engineers\\\/#breadcrumb\"},\"inLanguage\":\"en-US\",\"potentialAction\":[{\"@type\":\"ReadAction\",\"target\":[\"https:\\\/\\\/frhub.netgear.com\\\/fr\\\/hub\\\/business\\\/av\\\/the-ultimate-av-product-reference-guide-for-av-engineers\\\/\"]}]},{\"@type\":\"ImageObject\",\"inLanguage\":\"en-US\",\"@id\":\"https:\\\/\\\/frhub.netgear.com\\\/fr\\\/hub\\\/business\\\/av\\\/the-ultimate-av-product-reference-guide-for-av-engineers\\\/#primaryimage\",\"url\":\"https:\\\/\\\/frhub.netgear.com\\\/fr\\\/hub\\\/wp-content\\\/uploads\\\/2025\\\/10\\\/DAT-AV_Hero-383x288-1.webp\",\"contentUrl\":\"https:\\\/\\\/frhub.netgear.com\\\/fr\\\/hub\\\/wp-content\\\/uploads\\\/2025\\\/10\\\/DAT-AV_Hero-383x288-1.webp\",\"width\":383,\"height\":288},{\"@type\":\"BreadcrumbList\",\"@id\":\"https:\\\/\\\/frhub.netgear.com\\\/fr\\\/hub\\\/business\\\/av\\\/the-ultimate-av-product-reference-guide-for-av-engineers\\\/#breadcrumb\",\"itemListElement\":[{\"@type\":\"ListItem\",\"position\":1,\"name\":\"Home\",\"item\":\"https:\\\/\\\/frhub.netgear.com\\\/fr\\\/hub\\\/\"},{\"@type\":\"ListItem\",\"position\":2,\"name\":\"Entreprises\",\"item\":\"https:\\\/\\\/frhub.netgear.com\\\/fr\\\/hub\\\/business\\\/\"},{\"@type\":\"ListItem\",\"position\":3,\"name\":\"Entreprise AV\",\"item\":\"https:\\\/\\\/frhub.netgear.com\\\/fr\\\/hub\\\/business\\\/av\\\/\"},{\"@type\":\"ListItem\",\"position\":4,\"name\":\"Le guide de r\u00e9f\u00e9rence ultime des produits AV pour les ing\u00e9nieurs de l&#8217;Audiovisuel\"}]},{\"@type\":\"WebSite\",\"@id\":\"https:\\\/\\\/frhub.netgear.com\\\/fr\\\/hub\\\/#website\",\"url\":\"https:\\\/\\\/frhub.netgear.com\\\/fr\\\/hub\\\/\",\"name\":\"NETGEAR Hub France\",\"description\":\"Explorez les pages de notre blog et parcourez les articles pour en savoir plus sur les produits et la technologie NETGEAR.\",\"publisher\":{\"@id\":\"https:\\\/\\\/frhub.netgear.com\\\/fr\\\/hub\\\/#organization\"},\"potentialAction\":[{\"@type\":\"SearchAction\",\"target\":{\"@type\":\"EntryPoint\",\"urlTemplate\":\"https:\\\/\\\/frhub.netgear.com\\\/fr\\\/hub\\\/?s={search_term_string}\"},\"query-input\":{\"@type\":\"PropertyValueSpecification\",\"valueRequired\":true,\"valueName\":\"search_term_string\"}}],\"inLanguage\":\"en-US\"},{\"@type\":\"Organization\",\"@id\":\"https:\\\/\\\/frhub.netgear.com\\\/fr\\\/hub\\\/#organization\",\"name\":\"NETGEAR\",\"url\":\"https:\\\/\\\/frhub.netgear.com\\\/fr\\\/hub\\\/\",\"logo\":{\"@type\":\"ImageObject\",\"inLanguage\":\"en-US\",\"@id\":\"https:\\\/\\\/frhub.netgear.com\\\/fr\\\/hub\\\/#\\\/schema\\\/logo\\\/image\\\/\",\"url\":\"https:\\\/\\\/www.netgear.com\\\/fr\\\/hub\\\/wp-content\\\/uploads\\\/2019\\\/07\\\/NETGEAR_logo.jpg\",\"contentUrl\":\"https:\\\/\\\/www.netgear.com\\\/fr\\\/hub\\\/wp-content\\\/uploads\\\/2019\\\/07\\\/NETGEAR_logo.jpg\",\"width\":1500,\"height\":501,\"caption\":\"NETGEAR\"},\"image\":{\"@id\":\"https:\\\/\\\/frhub.netgear.com\\\/fr\\\/hub\\\/#\\\/schema\\\/logo\\\/image\\\/\"},\"sameAs\":[\"https:\\\/\\\/www.facebook.com\\\/NetgearAU\\\/\",\"https:\\\/\\\/x.com\\\/NETGEAR\",\"https:\\\/\\\/www.linkedin.com\\\/company\\\/netgear\"]}]}<\/script>\n<!-- \/ Yoast SEO plugin. -->","yoast_head_json":{"title":"Le guide de r\u00e9f\u00e9rence ultime des produits AV pour les ing\u00e9nieurs de l'Audiovisuel - NETGEAR Blog","description":"Ing\u00e9nieurs AV: simplifiez vos installations 220V avec le r\u00e9f\u00e9rentiel des produits AV NETGEAR. A t\u00e9l\u00e9charger pour faciliter votre s\u00e9lection.","robots":{"index":"index","follow":"follow","max-snippet":"max-snippet:-1","max-image-preview":"max-image-preview:large","max-video-preview":"max-video-preview:-1"},"canonical":"https:\/\/frhub.netgear.com\/fr\/hub\/business\/av\/the-ultimate-av-product-reference-guide-for-av-engineers\/","og_locale":"en_US","og_type":"article","og_title":"Le guide de r\u00e9f\u00e9rence ultime des produits AV pour les ing\u00e9nieurs de l'Audiovisuel - NETGEAR Blog","og_description":"Ing\u00e9nieurs AV: simplifiez vos installations 220V avec le r\u00e9f\u00e9rentiel des produits AV NETGEAR. A t\u00e9l\u00e9charger pour faciliter votre s\u00e9lection.","og_url":"https:\/\/frhub.netgear.com\/fr\/hub\/business\/av\/the-ultimate-av-product-reference-guide-for-av-engineers\/","og_site_name":"NETGEAR Blog","article_publisher":"https:\/\/www.facebook.com\/NetgearAU\/","article_modified_time":"2025-10-23T14:29:48+00:00","og_image":[{"width":383,"height":288,"url":"https:\/\/frhub.netgear.com\/fr\/hub\/wp-content\/uploads\/2025\/10\/DAT-AV_Hero-383x288-1.webp","type":"image\/webp"}],"twitter_card":"summary_large_image","twitter_site":"@NETGEAR","schema":{"@context":"https:\/\/schema.org","@graph":[{"@type":"WebPage","@id":"https:\/\/frhub.netgear.com\/fr\/hub\/business\/av\/the-ultimate-av-product-reference-guide-for-av-engineers\/","url":"https:\/\/frhub.netgear.com\/fr\/hub\/business\/av\/the-ultimate-av-product-reference-guide-for-av-engineers\/","name":"Le guide de r\u00e9f\u00e9rence ultime des produits AV pour les ing\u00e9nieurs de l'Audiovisuel - NETGEAR Blog","isPartOf":{"@id":"https:\/\/frhub.netgear.com\/fr\/hub\/#website"},"primaryImageOfPage":{"@id":"https:\/\/frhub.netgear.com\/fr\/hub\/business\/av\/the-ultimate-av-product-reference-guide-for-av-engineers\/#primaryimage"},"image":{"@id":"https:\/\/frhub.netgear.com\/fr\/hub\/business\/av\/the-ultimate-av-product-reference-guide-for-av-engineers\/#primaryimage"},"thumbnailUrl":"https:\/\/frhub.netgear.com\/fr\/hub\/wp-content\/uploads\/2025\/10\/DAT-AV_Hero-383x288-1.webp","datePublished":"2025-10-22T12:29:44+00:00","dateModified":"2025-10-23T14:29:48+00:00","description":"Ing\u00e9nieurs AV: simplifiez vos installations 220V avec le r\u00e9f\u00e9rentiel des produits AV NETGEAR. A t\u00e9l\u00e9charger pour faciliter votre s\u00e9lection.","breadcrumb":{"@id":"https:\/\/frhub.netgear.com\/fr\/hub\/business\/av\/the-ultimate-av-product-reference-guide-for-av-engineers\/#breadcrumb"},"inLanguage":"en-US","potentialAction":[{"@type":"ReadAction","target":["https:\/\/frhub.netgear.com\/fr\/hub\/business\/av\/the-ultimate-av-product-reference-guide-for-av-engineers\/"]}]},{"@type":"ImageObject","inLanguage":"en-US","@id":"https:\/\/frhub.netgear.com\/fr\/hub\/business\/av\/the-ultimate-av-product-reference-guide-for-av-engineers\/#primaryimage","url":"https:\/\/frhub.netgear.com\/fr\/hub\/wp-content\/uploads\/2025\/10\/DAT-AV_Hero-383x288-1.webp","contentUrl":"https:\/\/frhub.netgear.com\/fr\/hub\/wp-content\/uploads\/2025\/10\/DAT-AV_Hero-383x288-1.webp","width":383,"height":288},{"@type":"BreadcrumbList","@id":"https:\/\/frhub.netgear.com\/fr\/hub\/business\/av\/the-ultimate-av-product-reference-guide-for-av-engineers\/#breadcrumb","itemListElement":[{"@type":"ListItem","position":1,"name":"Home","item":"https:\/\/frhub.netgear.com\/fr\/hub\/"},{"@type":"ListItem","position":2,"name":"Entreprises","item":"https:\/\/frhub.netgear.com\/fr\/hub\/business\/"},{"@type":"ListItem","position":3,"name":"Entreprise AV","item":"https:\/\/frhub.netgear.com\/fr\/hub\/business\/av\/"},{"@type":"ListItem","position":4,"name":"Le guide de r\u00e9f\u00e9rence ultime des produits AV pour les ing\u00e9nieurs de l&#8217;Audiovisuel"}]},{"@type":"WebSite","@id":"https:\/\/frhub.netgear.com\/fr\/hub\/#website","url":"https:\/\/frhub.netgear.com\/fr\/hub\/","name":"NETGEAR Hub France","description":"Explorez les pages de notre blog et parcourez les articles pour en savoir plus sur les produits et la technologie NETGEAR.","publisher":{"@id":"https:\/\/frhub.netgear.com\/fr\/hub\/#organization"},"potentialAction":[{"@type":"SearchAction","target":{"@type":"EntryPoint","urlTemplate":"https:\/\/frhub.netgear.com\/fr\/hub\/?s={search_term_string}"},"query-input":{"@type":"PropertyValueSpecification","valueRequired":true,"valueName":"search_term_string"}}],"inLanguage":"en-US"},{"@type":"Organization","@id":"https:\/\/frhub.netgear.com\/fr\/hub\/#organization","name":"NETGEAR","url":"https:\/\/frhub.netgear.com\/fr\/hub\/","logo":{"@type":"ImageObject","inLanguage":"en-US","@id":"https:\/\/frhub.netgear.com\/fr\/hub\/#\/schema\/logo\/image\/","url":"https:\/\/www.netgear.com\/fr\/hub\/wp-content\/uploads\/2019\/07\/NETGEAR_logo.jpg","contentUrl":"https:\/\/www.netgear.com\/fr\/hub\/wp-content\/uploads\/2019\/07\/NETGEAR_logo.jpg","width":1500,"height":501,"caption":"NETGEAR"},"image":{"@id":"https:\/\/frhub.netgear.com\/fr\/hub\/#\/schema\/logo\/image\/"},"sameAs":["https:\/\/www.facebook.com\/NetgearAU\/","https:\/\/x.com\/NETGEAR","https:\/\/www.linkedin.com\/company\/netgear"]}]}},"_links":{"self":[{"href":"https:\/\/frhub.netgear.com\/fr\/hub\/wp-json\/wp\/v2\/pages\/11401","targetHints":{"allow":["GET"]}}],"collection":[{"href":"https:\/\/frhub.netgear.com\/fr\/hub\/wp-json\/wp\/v2\/pages"}],"about":[{"href":"https:\/\/frhub.netgear.com\/fr\/hub\/wp-json\/wp\/v2\/types\/page"}],"author":[{"embeddable":true,"href":"https:\/\/frhub.netgear.com\/fr\/hub\/wp-json\/wp\/v2\/users\/97"}],"replies":[{"embeddable":true,"href":"https:\/\/frhub.netgear.com\/fr\/hub\/wp-json\/wp\/v2\/comments?post=11401"}],"version-history":[{"count":5,"href":"https:\/\/frhub.netgear.com\/fr\/hub\/wp-json\/wp\/v2\/pages\/11401\/revisions"}],"predecessor-version":[{"id":11409,"href":"https:\/\/frhub.netgear.com\/fr\/hub\/wp-json\/wp\/v2\/pages\/11401\/revisions\/11409"}],"up":[{"embeddable":true,"href":"https:\/\/frhub.netgear.com\/fr\/hub\/wp-json\/wp\/v2\/pages\/6754"}],"wp:featuredmedia":[{"embeddable":true,"href":"https:\/\/frhub.netgear.com\/fr\/hub\/wp-json\/wp\/v2\/media\/11397"}],"wp:attachment":[{"href":"https:\/\/frhub.netgear.com\/fr\/hub\/wp-json\/wp\/v2\/media?parent=11401"}],"curies":[{"name":"wp","href":"https:\/\/api.w.org\/{rel}","templated":true}]}}