{"id":11395,"date":"2025-10-21T14:24:50","date_gmt":"2025-10-22T12:24:08","guid":{"rendered":"https:\/\/frhub.netgear.com\/fr\/hub\/?page_id=11395"},"modified":"2025-10-24T18:58:47","modified_gmt":"2025-10-24T16:58:47","slug":"av-over-ip-fiber-module-wear","status":"publish","type":"page","link":"https:\/\/frhub.netgear.com\/fr\/hub\/business\/av\/av-over-ip-fiber-module-wear\/","title":{"rendered":"Pourquoi l\u2019AV sur IP sollicite davantage les modules fibre"},"content":{"rendered":"<p><img loading=\"lazy\" decoding=\"async\" class=\"alignone size-full wp-image-10681\" style=\"border-radius: 1em;\" src=\"https:\/\/www.netgear.com\/hub\/wp-content\/uploads\/2025\/10\/AVvsITblog-696x392-2.jpg\" alt=\"\" width=\"1048\" height=\"511\" \/><\/p>\n    <div class=\"table-of-content bg-gray\">\n        <p><strong>IN THIS ARTICLE<\/strong><\/p>\n        <ul>\n                        <li><a href=\"#topic2\">AV over IP vs. R\u00e9seaux IT traditionnels<\/a><\/li>\n                        <li><a href=\"#topic3\">La chaleur : un ennemi silencieux<\/a><\/li>\n                        <li><a href=\"#topic4\">Moins de marge d\u2019erreur \u00e0 haute vitesse<\/a><\/li>\n                        <li><a href=\"#topic5\">L\u2019environnement joue un r\u00f4le<\/a><\/li>\n                        <li><a href=\"#topic6\">Conclusion<\/a><\/li>\n                        <li><a href=\"#topic7\">Plus d'informations<\/a><\/li>\n                    <\/ul>\n    <\/div>\n        <div id=\"topic1\" class=\"skip-item\">\n                        <p data-start=\"305\" data-end=\"604\"><em>Dans le monde de l\u2019AV over IP, tout tourne autour de la vitesse, de la fiabilit\u00e9 et de la continuit\u00e9. Les signaux audiovisuels sont transmis sous forme de trafic de donn\u00e9es sur des r\u00e9seaux standards, souvent via des connexions en fibre optique utilisant des modules optiques comme les SFP, SFP+, SFP28, QSFP et QSFP28.<\/em><br data-start=\"521\" data-end=\"524\" \/><em>Mais que deviennent ces modules apr\u00e8s plusieurs ann\u00e9es d&#8217;utilisation intensive ?<\/em><\/p>\n<p data-start=\"606\" data-end=\"999\">Dans plusieurs grands th\u00e9\u00e2tres o\u00f9 nos <em data-start=\"644\" data-end=\"654\">switches<\/em> AV fonctionnent depuis 6 \u00e0 7 ans, nous avons r\u00e9cemment constat\u00e9 des d\u00e9faillances sur les liaisons en fibre optique. Pas de ruptures franches de c\u00e2bles, mais plut\u00f4t des modules perdant en puissance optique, des liens instables (<em data-start=\"882\" data-end=\"897\">link flapping<\/em>) et des messages d\u2019erreur sans cause apparente.<br data-start=\"945\" data-end=\"948\" \/>Cela m\u2019a amen\u00e9 \u00e0 me poser une question importante :<\/p>\n<p><strong>Les modules fibre optique s\u2019usent-ils plus vite dans les r\u00e9seaux AV over IP que dans les environnements IT traditionnels ?<\/strong><\/p>\n    <\/div>\n        <div id=\"topic2\" class=\"skip-item\">\n                        <h2>AV over IP vs. R\u00e9seaux IT traditionnels<\/h2>\n                <p>Dans une infrastructure AV over IP, d&#8217;\u00e9normes volumes de donn\u00e9es circulent en continu sur le r\u00e9seau. Pensez \u00e0 des dizaines de flux vid\u00e9o HD ou 4K simultan\u00e9s, des cam\u00e9ras en direct, ou encore de l\u2019audio multicanal. Les switches et les transceivers fonctionnent souvent \u00e0 (ou pr\u00e8s de) pleine capacit\u00e9 24h\/24.<br \/>\nC\u2019est un tout autre monde compar\u00e9 aux r\u00e9seaux IT classiques, o\u00f9 la charge est variable et conna\u00eet des p\u00e9riodes de repos pendant les heures creuses.<\/p>\n<p>Par exemple, dans un r\u00e9seau bureautique, un lien 10G peut n\u2019\u00eatre utilis\u00e9 qu\u2019occasionnellement pour des sauvegardes ou des transferts de fichiers.<br \/>\nDans un environnement AV, ce m\u00eame lien pourrait transporter un flux vid\u00e9o 4K non compress\u00e9 en continu. Le transceiver fonctionne alors sans interruption, g\u00e9n\u00e9rant davantage de chaleur et de stress pour ses composants.<\/p>\n    <\/div>\n        <div id=\"topic3\" class=\"skip-item\">\n                        <h2>La chaleur : un ennemi silencieux<\/h2>\n                <p data-start=\"2050\" data-end=\"2340\">La chaleur est un facteur cl\u00e9 d\u2019usure. Les modules qui fonctionnent en permanence \u00e0 haute vitesse deviennent plus chauds que ceux qui ne sont actifs que ponctuellement.<br data-start=\"2218\" data-end=\"2221\" \/>Et comme on le sait en \u00e9lectronique : chaque augmentation de 10\u00b0C peut diviser par deux la dur\u00e9e de vie d\u2019un composant.<\/p>\n<p data-start=\"2342\" data-end=\"2655\">Dans des baies AV mal ventil\u00e9es, cet effet peut \u00eatre encore plus marqu\u00e9.<br data-start=\"2414\" data-end=\"2417\" \/>Par exemple : un module SFP+ 10G dans une salle de spectacle transportant de la vid\u00e9o 4K en direct jour et nuit montrera des signes d\u2019usure bien plus rapidement que le m\u00eame module dans un environnement de bureau utilis\u00e9 occasionnellement.<\/p>\n    <\/div>\n        <div id=\"topic4\" class=\"skip-item\">\n                        <h2>Moins de marge d\u2019erreur \u00e0 haute vitesse<\/h2>\n                <p data-start=\"2707\" data-end=\"3027\">Les r\u00e9seaux AV over IP fonctionnent souvent aux limites de ce qui est techniquement faisable. Un lien 10G pouss\u00e9 au maximum pour la vid\u00e9o laisse peu de place \u00e0 l\u2019erreur.<br data-start=\"2876\" data-end=\"2879\" \/>M\u00eame une l\u00e9g\u00e8re d\u00e9gradation du module \u2014 comme une baisse de la puissance du laser \u2014 peut provoquer des pertes de paquets ou une d\u00e9faillance de lien.<\/p>\n<p data-start=\"3029\" data-end=\"3183\">Dans les r\u00e9seaux IT traditionnels, il y a souvent plus de marge, et les m\u00e9canismes de correction d\u2019erreurs permettent de masquer ces petites d\u00e9gradations.<\/p>\n    <\/div>\n        <div id=\"topic5\" class=\"skip-item\">\n                        <h2>L\u2019environnement joue un r\u00f4le<\/h2>\n                <p data-start=\"3224\" data-end=\"3508\">Les installations AV ne sont pas toujours dans des conditions id\u00e9ales.<br data-start=\"3294\" data-end=\"3297\" \/>Pensez \u00e0 un switch plac\u00e9 derri\u00e8re un mur LED dans un th\u00e9\u00e2tre, expos\u00e9 \u00e0 des projecteurs chauffants, de la poussi\u00e8re, et des temp\u00e9ratures instables.<br data-start=\"3445\" data-end=\"3448\" \/>Ce genre d\u2019environnement acc\u00e9l\u00e8re l\u2019usure des modules fibre.<\/p>\n<p data-start=\"3510\" data-end=\"3639\">\u00c0 l\u2019inverse, les data centers offrent des temp\u00e9ratures stables et un air filtr\u00e9 \u2014 un climat bien plus favorable aux transceivers.<\/p>\n    <\/div>\n        <div id=\"topic6\" class=\"skip-item\">\n                        <h2>Conclusion<\/h2>\n                <p data-start=\"3662\" data-end=\"4043\">Les r\u00e9seaux AV over IP mettent les modules fibre optique \u00e0 rude \u00e9preuve.<br data-start=\"3734\" data-end=\"3737\" \/>La combinaison d\u2019une charge continue, de d\u00e9bits \u00e9lev\u00e9s, de la chaleur accumul\u00e9e et d\u2019environnements parfois hostiles entra\u00eene une usure plus rapide que dans les r\u00e9seaux IT classiques.<br data-start=\"3920\" data-end=\"3923\" \/>Cela ne signifie pas qu\u2019ils sont peu fiables \u2014 mais cela implique qu\u2019ils n\u00e9cessitent plus d\u2019attention et de maintenance.<\/p>\n<p data-start=\"4045\" data-end=\"4274\">Dans les prochains articles, nous explorerons plus en d\u00e9tail les diff\u00e9rents types de modules, les m\u00e9canismes pr\u00e9cis d\u2019usure, et comment une surveillance intelligente et une maintenance adapt\u00e9e peuvent prolonger leur dur\u00e9e de vie.<\/p>\n    <\/div>\n        <div id=\"topic7\" class=\"skip-item\">\n                        <h2>Plus d'informations<\/h2>\n                <p>\n<!--SOLUTIONS NETGEAR AV --><br \/>\n Plus d\u2019informations sur nos solutions audiovisuelles<\/p>\n<div class=\"hs-cta-embed hs-cta-simple-placeholder hs-cta-embed-241151160046\" style=\"max-width:100%;max-height:100%;width:260px;height:50.390625px\" data-hubspot-wrapper-cta-id=\"241151160046\"><br \/>\n  <a href=\"https:\/\/cta-na2.hubspot.com\/web-interactives\/public\/v1\/track\/redirect?encryptedPayload=AVxigLJf4HGLXU18h5HBrlQTZuKX4p21iriDX%2FD9Weo1E0jc26wgSp32sJpGF%2FrOb977gqk9Skq%2FVgamhq%2FXvCN0mPQ1dmrdARtcNUH8fV5cFOvngo8qJ8EuMyEq%2Fqu2y51zC2FZUVyu97opP5ixVGCiE%2Bg6BOgTVVDljEMF5hhhXUNpnikrl2UTN%2Bb3TA%3D%3D&#038;webInteractiveContentId=241151160046&#038;portalId=242128791\" target=\"_blank\" rel=\"noopener\"><br \/>\n    <img decoding=\"async\" alt=\"SOLUTIONS NETGEAR AV\" loading=\"lazy\" src=\"https:\/\/hubspot-no-cache-na2-prod.s3.amazonaws.com\/cta\/default\/242128791\/interactive-241151160046.png\" style=\"height: 100%;width: 100%;object-fit: fill\" \/><br \/>\n  <\/a>\n<\/div>\n<\/p>\n<p>\n<!-- NETGEAR ACADEMY AV --><br \/>\n Apprenez tout sur les r\u00e9seaux IP gr\u00e2ce \u00e0 la NETGEAR ACADEMY<\/p>\n<div class=\"hs-cta-embed hs-cta-simple-placeholder hs-cta-embed-241151160033\" style=\"max-width:100%;max-height:100%;width:260px;height:50.390625px\" data-hubspot-wrapper-cta-id=\"241151160033\"><br \/>\n  <a href=\"https:\/\/cta-na2.hubspot.com\/web-interactives\/public\/v1\/track\/redirect?encryptedPayload=AVxigLJ6zgXxrLVJLagOt9pyIXf5%2FGgh9lUupWJj49Nfcbq71eIrrvJQt9JGeaQwNkTAPTWhI2%2BXk56NQscWP4xOQ7iZrhk6rkBjyO4dBlJGP1gG3BpcrdlgLyF%2F850K2l3xn5kDj5H%2Fur8VO2zJH58QH7by4HFWliY25223Shr3sQx25aCmNBjCDkNwA2WRum67F9fGyQyzoYOn86wAq%2Brw3xzsBDMbyw%3D%3D&#038;webInteractiveContentId=241151160033&#038;portalId=242128791\" target=\"_blank\" rel=\"noopener\"><br \/>\n    <img decoding=\"async\" alt=\"NETGEAR ACADEMY\" loading=\"lazy\" src=\"https:\/\/hubspot-no-cache-na2-prod.s3.amazonaws.com\/cta\/default\/242128791\/interactive-241151160033.png\" style=\"height: 100%;width: 100%;object-fit: fill\" \/><br \/>\n  <\/a>\n<\/div>\n<\/p>\n<p style=\"margin-bottom: 30px\">\n <!--CONTACTEZ L'EQUIPE PROAV --><br \/>\nNos ing\u00e9nieurs vous accompagneront gratuitement dans la r\u00e9alisation de vos projets audiovisuels<\/p>\n<div class=\"hs-cta-embed hs-cta-simple-placeholder hs-cta-embed-241151160055\" style=\"max-width:100%;max-height:100%;width:270px;height:50.390625px\" data-hubspot-wrapper-cta-id=\"241151160055\"><br \/>\n  <a href=\"https:\/\/cta-na2.hubspot.com\/web-interactives\/public\/v1\/track\/redirect?encryptedPayload=AVxigLLUG9XShtF2ziGdRlpsMD%2BMJ39t1kFOE7VlHl2HmmlWzlJWH0rsV7f3eoQL53gclcWb0lliiDgK3EAMVvEOcIE7gW9aYOwk1uipv43pSUkBlDtiKJ%2BcB7fopWupnJbggqZWRkNERZkdh1dDGXHHDJX3V0sOA8mbXD%2Fd6QC2XK2OyVtrDNFDHbBoT6b15PyvF4Ca3b6JBNTYdAzYeH790XenlNKBP4OKZqw50t7IGx9DuADFMFlNdg6FWQ%3D%3D&#038;webInteractiveContentId=241151160055&#038;portalId=242128791\" target=\"_blank\" rel=\"noopener\"><br \/>\n    <img decoding=\"async\" alt=\"CONTACTEZ L'EQUIPE PROAV\" loading=\"lazy\" src=\"https:\/\/hubspot-no-cache-na2-prod.s3.amazonaws.com\/cta\/default\/242128791\/interactive-241151160055.png\" style=\"height: 100%;width: 100%;object-fit: fill\" \/><br \/>\n  <\/a>\n<\/div>\n<\/p>\n<p style=\"margin-top: 50px\"><iframe loading=\"lazy\" src=\"https:\/\/405nrr.share-na2.hsforms.com\/24AR2ZDSmQqWycFqf8q5-eg\" width=\"100%\" height=\"1200px\"><\/iframe><\/p>\n    <\/div>\n    \n","protected":false},"excerpt":{"rendered":"","protected":false},"author":98,"featured_media":11398,"parent":6754,"menu_order":0,"comment_status":"closed","ping_status":"closed","template":"templates\/blog-wifi.php","meta":{"_acf_changed":false,"content-type":"","footnotes":""},"class_list":["post-11395","page","type-page","status-publish","has-post-thumbnail","hentry"],"acf":[],"yoast_head":"<!-- This site is optimized with the Yoast SEO plugin v27.4 - https:\/\/yoast.com\/product\/yoast-seo-wordpress\/ -->\n<title>Pourquoi l\u2019AV sur IP sollicite davantage les modules fibre - NETGEAR Blog<\/title>\n<meta name=\"robots\" content=\"index, follow, max-snippet:-1, max-image-preview:large, max-video-preview:-1\" \/>\n<link rel=\"canonical\" href=\"https:\/\/frhub.netgear.com\/fr\/hub\/business\/av\/av-over-ip-fiber-module-wear\/\" \/>\n<meta property=\"og:locale\" content=\"en_US\" \/>\n<meta property=\"og:type\" content=\"article\" \/>\n<meta property=\"og:title\" content=\"Pourquoi l\u2019AV sur IP sollicite davantage les modules fibre - NETGEAR Blog\" \/>\n<meta property=\"og:url\" content=\"https:\/\/frhub.netgear.com\/fr\/hub\/business\/av\/av-over-ip-fiber-module-wear\/\" \/>\n<meta property=\"og:site_name\" content=\"NETGEAR Blog\" \/>\n<meta property=\"article:publisher\" content=\"https:\/\/www.facebook.com\/NetgearAU\/\" \/>\n<meta property=\"article:modified_time\" content=\"2025-10-24T16:58:47+00:00\" \/>\n<meta property=\"og:image\" content=\"https:\/\/frhub.netgear.com\/fr\/hub\/wp-content\/uploads\/2025\/10\/AVvsITblog-696x392-1-e1761050805674-383x288-1.jpg\" \/>\n\t<meta property=\"og:image:width\" content=\"383\" \/>\n\t<meta property=\"og:image:height\" content=\"288\" \/>\n\t<meta property=\"og:image:type\" content=\"image\/jpeg\" \/>\n<meta name=\"twitter:card\" content=\"summary_large_image\" \/>\n<meta name=\"twitter:site\" content=\"@NETGEAR\" \/>\n<script type=\"application\/ld+json\" class=\"yoast-schema-graph\">{\"@context\":\"https:\\\/\\\/schema.org\",\"@graph\":[{\"@type\":\"WebPage\",\"@id\":\"https:\\\/\\\/frhub.netgear.com\\\/fr\\\/hub\\\/business\\\/av\\\/av-over-ip-fiber-module-wear\\\/\",\"url\":\"https:\\\/\\\/frhub.netgear.com\\\/fr\\\/hub\\\/business\\\/av\\\/av-over-ip-fiber-module-wear\\\/\",\"name\":\"Pourquoi l\u2019AV sur IP sollicite davantage les modules fibre - NETGEAR Blog\",\"isPartOf\":{\"@id\":\"https:\\\/\\\/frhub.netgear.com\\\/fr\\\/hub\\\/#website\"},\"primaryImageOfPage\":{\"@id\":\"https:\\\/\\\/frhub.netgear.com\\\/fr\\\/hub\\\/business\\\/av\\\/av-over-ip-fiber-module-wear\\\/#primaryimage\"},\"image\":{\"@id\":\"https:\\\/\\\/frhub.netgear.com\\\/fr\\\/hub\\\/business\\\/av\\\/av-over-ip-fiber-module-wear\\\/#primaryimage\"},\"thumbnailUrl\":\"https:\\\/\\\/frhub.netgear.com\\\/fr\\\/hub\\\/wp-content\\\/uploads\\\/2025\\\/10\\\/AVvsITblog-696x392-1-e1761050805674-383x288-1.jpg\",\"datePublished\":\"2025-10-22T12:24:08+00:00\",\"dateModified\":\"2025-10-24T16:58:47+00:00\",\"breadcrumb\":{\"@id\":\"https:\\\/\\\/frhub.netgear.com\\\/fr\\\/hub\\\/business\\\/av\\\/av-over-ip-fiber-module-wear\\\/#breadcrumb\"},\"inLanguage\":\"en-US\",\"potentialAction\":[{\"@type\":\"ReadAction\",\"target\":[\"https:\\\/\\\/frhub.netgear.com\\\/fr\\\/hub\\\/business\\\/av\\\/av-over-ip-fiber-module-wear\\\/\"]}]},{\"@type\":\"ImageObject\",\"inLanguage\":\"en-US\",\"@id\":\"https:\\\/\\\/frhub.netgear.com\\\/fr\\\/hub\\\/business\\\/av\\\/av-over-ip-fiber-module-wear\\\/#primaryimage\",\"url\":\"https:\\\/\\\/frhub.netgear.com\\\/fr\\\/hub\\\/wp-content\\\/uploads\\\/2025\\\/10\\\/AVvsITblog-696x392-1-e1761050805674-383x288-1.jpg\",\"contentUrl\":\"https:\\\/\\\/frhub.netgear.com\\\/fr\\\/hub\\\/wp-content\\\/uploads\\\/2025\\\/10\\\/AVvsITblog-696x392-1-e1761050805674-383x288-1.jpg\",\"width\":383,\"height\":288},{\"@type\":\"BreadcrumbList\",\"@id\":\"https:\\\/\\\/frhub.netgear.com\\\/fr\\\/hub\\\/business\\\/av\\\/av-over-ip-fiber-module-wear\\\/#breadcrumb\",\"itemListElement\":[{\"@type\":\"ListItem\",\"position\":1,\"name\":\"Home\",\"item\":\"https:\\\/\\\/frhub.netgear.com\\\/fr\\\/hub\\\/\"},{\"@type\":\"ListItem\",\"position\":2,\"name\":\"Entreprises\",\"item\":\"https:\\\/\\\/frhub.netgear.com\\\/fr\\\/hub\\\/business\\\/\"},{\"@type\":\"ListItem\",\"position\":3,\"name\":\"Entreprise AV\",\"item\":\"https:\\\/\\\/frhub.netgear.com\\\/fr\\\/hub\\\/business\\\/av\\\/\"},{\"@type\":\"ListItem\",\"position\":4,\"name\":\"Pourquoi l\u2019AV sur IP sollicite davantage les modules fibre\"}]},{\"@type\":\"WebSite\",\"@id\":\"https:\\\/\\\/frhub.netgear.com\\\/fr\\\/hub\\\/#website\",\"url\":\"https:\\\/\\\/frhub.netgear.com\\\/fr\\\/hub\\\/\",\"name\":\"NETGEAR Hub France\",\"description\":\"Explorez les pages de notre blog et parcourez les articles pour en savoir plus sur les produits et la technologie NETGEAR.\",\"publisher\":{\"@id\":\"https:\\\/\\\/frhub.netgear.com\\\/fr\\\/hub\\\/#organization\"},\"potentialAction\":[{\"@type\":\"SearchAction\",\"target\":{\"@type\":\"EntryPoint\",\"urlTemplate\":\"https:\\\/\\\/frhub.netgear.com\\\/fr\\\/hub\\\/?s={search_term_string}\"},\"query-input\":{\"@type\":\"PropertyValueSpecification\",\"valueRequired\":true,\"valueName\":\"search_term_string\"}}],\"inLanguage\":\"en-US\"},{\"@type\":\"Organization\",\"@id\":\"https:\\\/\\\/frhub.netgear.com\\\/fr\\\/hub\\\/#organization\",\"name\":\"NETGEAR\",\"url\":\"https:\\\/\\\/frhub.netgear.com\\\/fr\\\/hub\\\/\",\"logo\":{\"@type\":\"ImageObject\",\"inLanguage\":\"en-US\",\"@id\":\"https:\\\/\\\/frhub.netgear.com\\\/fr\\\/hub\\\/#\\\/schema\\\/logo\\\/image\\\/\",\"url\":\"https:\\\/\\\/www.netgear.com\\\/fr\\\/hub\\\/wp-content\\\/uploads\\\/2019\\\/07\\\/NETGEAR_logo.jpg\",\"contentUrl\":\"https:\\\/\\\/www.netgear.com\\\/fr\\\/hub\\\/wp-content\\\/uploads\\\/2019\\\/07\\\/NETGEAR_logo.jpg\",\"width\":1500,\"height\":501,\"caption\":\"NETGEAR\"},\"image\":{\"@id\":\"https:\\\/\\\/frhub.netgear.com\\\/fr\\\/hub\\\/#\\\/schema\\\/logo\\\/image\\\/\"},\"sameAs\":[\"https:\\\/\\\/www.facebook.com\\\/NetgearAU\\\/\",\"https:\\\/\\\/x.com\\\/NETGEAR\",\"https:\\\/\\\/www.linkedin.com\\\/company\\\/netgear\"]}]}<\/script>\n<!-- \/ Yoast SEO plugin. -->","yoast_head_json":{"title":"Pourquoi l\u2019AV sur IP sollicite davantage les modules fibre - NETGEAR Blog","robots":{"index":"index","follow":"follow","max-snippet":"max-snippet:-1","max-image-preview":"max-image-preview:large","max-video-preview":"max-video-preview:-1"},"canonical":"https:\/\/frhub.netgear.com\/fr\/hub\/business\/av\/av-over-ip-fiber-module-wear\/","og_locale":"en_US","og_type":"article","og_title":"Pourquoi l\u2019AV sur IP sollicite davantage les modules fibre - NETGEAR Blog","og_url":"https:\/\/frhub.netgear.com\/fr\/hub\/business\/av\/av-over-ip-fiber-module-wear\/","og_site_name":"NETGEAR Blog","article_publisher":"https:\/\/www.facebook.com\/NetgearAU\/","article_modified_time":"2025-10-24T16:58:47+00:00","og_image":[{"width":383,"height":288,"url":"https:\/\/frhub.netgear.com\/fr\/hub\/wp-content\/uploads\/2025\/10\/AVvsITblog-696x392-1-e1761050805674-383x288-1.jpg","type":"image\/jpeg"}],"twitter_card":"summary_large_image","twitter_site":"@NETGEAR","schema":{"@context":"https:\/\/schema.org","@graph":[{"@type":"WebPage","@id":"https:\/\/frhub.netgear.com\/fr\/hub\/business\/av\/av-over-ip-fiber-module-wear\/","url":"https:\/\/frhub.netgear.com\/fr\/hub\/business\/av\/av-over-ip-fiber-module-wear\/","name":"Pourquoi l\u2019AV sur IP sollicite davantage les modules fibre - NETGEAR Blog","isPartOf":{"@id":"https:\/\/frhub.netgear.com\/fr\/hub\/#website"},"primaryImageOfPage":{"@id":"https:\/\/frhub.netgear.com\/fr\/hub\/business\/av\/av-over-ip-fiber-module-wear\/#primaryimage"},"image":{"@id":"https:\/\/frhub.netgear.com\/fr\/hub\/business\/av\/av-over-ip-fiber-module-wear\/#primaryimage"},"thumbnailUrl":"https:\/\/frhub.netgear.com\/fr\/hub\/wp-content\/uploads\/2025\/10\/AVvsITblog-696x392-1-e1761050805674-383x288-1.jpg","datePublished":"2025-10-22T12:24:08+00:00","dateModified":"2025-10-24T16:58:47+00:00","breadcrumb":{"@id":"https:\/\/frhub.netgear.com\/fr\/hub\/business\/av\/av-over-ip-fiber-module-wear\/#breadcrumb"},"inLanguage":"en-US","potentialAction":[{"@type":"ReadAction","target":["https:\/\/frhub.netgear.com\/fr\/hub\/business\/av\/av-over-ip-fiber-module-wear\/"]}]},{"@type":"ImageObject","inLanguage":"en-US","@id":"https:\/\/frhub.netgear.com\/fr\/hub\/business\/av\/av-over-ip-fiber-module-wear\/#primaryimage","url":"https:\/\/frhub.netgear.com\/fr\/hub\/wp-content\/uploads\/2025\/10\/AVvsITblog-696x392-1-e1761050805674-383x288-1.jpg","contentUrl":"https:\/\/frhub.netgear.com\/fr\/hub\/wp-content\/uploads\/2025\/10\/AVvsITblog-696x392-1-e1761050805674-383x288-1.jpg","width":383,"height":288},{"@type":"BreadcrumbList","@id":"https:\/\/frhub.netgear.com\/fr\/hub\/business\/av\/av-over-ip-fiber-module-wear\/#breadcrumb","itemListElement":[{"@type":"ListItem","position":1,"name":"Home","item":"https:\/\/frhub.netgear.com\/fr\/hub\/"},{"@type":"ListItem","position":2,"name":"Entreprises","item":"https:\/\/frhub.netgear.com\/fr\/hub\/business\/"},{"@type":"ListItem","position":3,"name":"Entreprise AV","item":"https:\/\/frhub.netgear.com\/fr\/hub\/business\/av\/"},{"@type":"ListItem","position":4,"name":"Pourquoi l\u2019AV sur IP sollicite davantage les modules fibre"}]},{"@type":"WebSite","@id":"https:\/\/frhub.netgear.com\/fr\/hub\/#website","url":"https:\/\/frhub.netgear.com\/fr\/hub\/","name":"NETGEAR Hub France","description":"Explorez les pages de notre blog et parcourez les articles pour en savoir plus sur les produits et la technologie NETGEAR.","publisher":{"@id":"https:\/\/frhub.netgear.com\/fr\/hub\/#organization"},"potentialAction":[{"@type":"SearchAction","target":{"@type":"EntryPoint","urlTemplate":"https:\/\/frhub.netgear.com\/fr\/hub\/?s={search_term_string}"},"query-input":{"@type":"PropertyValueSpecification","valueRequired":true,"valueName":"search_term_string"}}],"inLanguage":"en-US"},{"@type":"Organization","@id":"https:\/\/frhub.netgear.com\/fr\/hub\/#organization","name":"NETGEAR","url":"https:\/\/frhub.netgear.com\/fr\/hub\/","logo":{"@type":"ImageObject","inLanguage":"en-US","@id":"https:\/\/frhub.netgear.com\/fr\/hub\/#\/schema\/logo\/image\/","url":"https:\/\/www.netgear.com\/fr\/hub\/wp-content\/uploads\/2019\/07\/NETGEAR_logo.jpg","contentUrl":"https:\/\/www.netgear.com\/fr\/hub\/wp-content\/uploads\/2019\/07\/NETGEAR_logo.jpg","width":1500,"height":501,"caption":"NETGEAR"},"image":{"@id":"https:\/\/frhub.netgear.com\/fr\/hub\/#\/schema\/logo\/image\/"},"sameAs":["https:\/\/www.facebook.com\/NetgearAU\/","https:\/\/x.com\/NETGEAR","https:\/\/www.linkedin.com\/company\/netgear"]}]}},"_links":{"self":[{"href":"https:\/\/frhub.netgear.com\/fr\/hub\/wp-json\/wp\/v2\/pages\/11395","targetHints":{"allow":["GET"]}}],"collection":[{"href":"https:\/\/frhub.netgear.com\/fr\/hub\/wp-json\/wp\/v2\/pages"}],"about":[{"href":"https:\/\/frhub.netgear.com\/fr\/hub\/wp-json\/wp\/v2\/types\/page"}],"author":[{"embeddable":true,"href":"https:\/\/frhub.netgear.com\/fr\/hub\/wp-json\/wp\/v2\/users\/98"}],"replies":[{"embeddable":true,"href":"https:\/\/frhub.netgear.com\/fr\/hub\/wp-json\/wp\/v2\/comments?post=11395"}],"version-history":[{"count":2,"href":"https:\/\/frhub.netgear.com\/fr\/hub\/wp-json\/wp\/v2\/pages\/11395\/revisions"}],"predecessor-version":[{"id":11400,"href":"https:\/\/frhub.netgear.com\/fr\/hub\/wp-json\/wp\/v2\/pages\/11395\/revisions\/11400"}],"up":[{"embeddable":true,"href":"https:\/\/frhub.netgear.com\/fr\/hub\/wp-json\/wp\/v2\/pages\/6754"}],"wp:featuredmedia":[{"embeddable":true,"href":"https:\/\/frhub.netgear.com\/fr\/hub\/wp-json\/wp\/v2\/media\/11398"}],"wp:attachment":[{"href":"https:\/\/frhub.netgear.com\/fr\/hub\/wp-json\/wp\/v2\/media?parent=11395"}],"curies":[{"name":"wp","href":"https:\/\/api.w.org\/{rel}","templated":true}]}}