{"id":11380,"date":"2024-10-30T14:22:50","date_gmt":"2024-10-30T13:22:50","guid":{"rendered":"https:\/\/frhub.netgear.com\/fr\/hub\/?page_id=11380"},"modified":"2025-11-25T16:05:54","modified_gmt":"2025-11-25T15:05:54","slug":"dcm-school-chandigarh","status":"publish","type":"page","link":"https:\/\/frhub.netgear.com\/fr\/hub\/business\/case-studies\/it-case-studies\/dcm-school-chandigarh\/","title":{"rendered":"R\u00e9volutionner la connectivit\u00e9 scolaire : \u00e9tude de cas sur DC Montessori School Chandigarh"},"content":{"rendered":"<p><img loading=\"lazy\" decoding=\"async\" class=\"alignone size-full wp-image-10681\" style=\"border-radius: 1em;\" src=\"https:\/\/frhub.netgear.com\/fr\/hub\/wp-content\/uploads\/2025\/11\/DC-Montessori-v2.jpg\" alt=\"\" width=\"1048\" height=\"511\" \/><\/p>\n    <div class=\"table-of-content bg-gray\">\n        <p><strong>IN THIS ARTICLE<\/strong><\/p>\n        <ul>\n                        <li><a href=\"#topic1\">Introduction<\/a><\/li>\n                        <li><a href=\"#topic2\">Le d\u00e9fi : connecter plusieurs appareils sans compromettre la vitesse Internet<\/a><\/li>\n                        <li><a href=\"#topic3\">La solution : restructuration du r\u00e9seau<\/a><\/li>\n                        <li><a href=\"#topic4\">Produits utilis\u00e9s<\/a><\/li>\n                        <li><a href=\"#topic5\">R\u00e9sultats : un r\u00e9seau pr\u00eat pour l\u2019avenir<\/a><\/li>\n                        <li><a href=\"#topic6\">Avantages constat\u00e9s par l\u2019\u00e9cole<\/a><\/li>\n                        <li><a href=\"#topic7\">Retours du personnel et des \u00e9l\u00e8ves<\/a><\/li>\n                        <li><a href=\"#topic8\">Pourquoi avoir choisi NETGEAR ?<\/a><\/li>\n                        <li><a href=\"#topic9\">Plus d'informations<\/a><\/li>\n                    <\/ul>\n    <\/div>\n        <div id=\"topic1\" class=\"skip-item\">\n                        <h2>Introduction<\/h2>\n                <div style=\"background-color: #eeeeee;padding: 20px;width: 33%;float: right\">\n<p><strong>Nom de l\u2019\u00e9tablissement ::<\/strong><br \/>\nDC Montessori School Chandigarh<\/p>\n<p><strong>Secteur d\u2019activit\u00e9 :<\/strong><br \/>\n\u00c9ducation<\/p>\n<p><strong>Site web :<\/strong><br \/>\n<a href=\"https:\/\/www.dcmschd.edu.in\">dcmschd.edu.in<\/a><\/p>\n<p><strong>Localisation :<\/strong><br \/>\nChandigarh, Inde<\/p>\n<\/div>\n<p>Une infrastructure r\u00e9seau fiable est devenue essentielle dans le secteur de l\u2019\u00e9ducation, les \u00e9coles d\u00e9pendant de la connectivit\u00e9 num\u00e9rique tant pour l\u2019administration que pour l\u2019enseignement. C\u2019\u00e9tait le cas de DC Montessori School, \u00e0 Chandigarh, en Inde, o\u00f9 un r\u00e9seau obsol\u00e8te limitait la productivit\u00e9 et la fiabilit\u00e9 des connexions. Gr\u00e2ce \u00e0 l\u2019aide de NETGEAR Business, l\u2019\u00e9cole a effectu\u00e9 une transition vers une solution r\u00e9seau moderne et haut d\u00e9bit, con\u00e7ue pour r\u00e9pondre aux besoins du personnel, des \u00e9l\u00e8ves et des visiteurs.<\/p>\n    <\/div>\n        <div id=\"topic2\" class=\"skip-item\">\n                        <h2>Le d\u00e9fi : connecter plusieurs appareils sans compromettre la vitesse Internet<\/h2>\n                <p><strong data-start=\"185\" data-end=\"226\">DC Montessori Senior Secondary School<\/strong> \u00e0 Chandigarh a \u00e9t\u00e9 confront\u00e9e \u00e0 un d\u00e9fi majeur : fournir une connectivit\u00e9 Wi-Fi fluide sur l\u2019ensemble de son campus. L\u2019\u00e9cole avait besoin d\u2019une solution capable de connecter plusieurs appareils sans compromettre la vitesse de connexion. De plus, en tant qu\u2019\u00e9tablissement scolaire, elle devait respecter des param\u00e8tres de s\u00e9curit\u00e9 sp\u00e9cifiques pour garantir la s\u00e9curit\u00e9 et la confidentialit\u00e9 des \u00e9l\u00e8ves et du personnel.<\/p>\n<p><img loading=\"lazy\" decoding=\"async\" class=\"wp-image-13641 size-full aligncenter\" src=\"https:\/\/www.netgear.com\/hub\/wp-content\/uploads\/2024\/10\/DCM4.jpg\" alt=\"\" width=\"1280\" height=\"588\" \/><\/p>\n    <\/div>\n        <div id=\"topic3\" class=\"skip-item\">\n                        <h2>La solution : restructuration du r\u00e9seau<\/h2>\n                <p><strong data-start=\"697\" data-end=\"708\">NETGEAR<\/strong> a con\u00e7u une solution Wi-Fi compl\u00e8te, adapt\u00e9e aux besoins de l\u2019\u00e9cole. Elle comprenait un r\u00e9seau Wi-Fi s\u00e9par\u00e9 avec une liaison montante 10G reliant le <strong data-start=\"858\" data-end=\"876\">switch d\u2019acc\u00e8s<\/strong> au <strong data-start=\"880\" data-end=\"913\">switch core de la s\u00e9rie M4350<\/strong>. La configuration impliquait des r\u00e9glages de ports VLAN, trunk et access sur les <strong data-start=\"995\" data-end=\"1007\">switches<\/strong>, ainsi que la configuration des SSID et ACL sur le contr\u00f4leur. NETGEAR a \u00e9galement mis en place une ACL bas\u00e9e sur site afin de bloquer certains sites et applications conform\u00e9ment aux exigences de l\u2019\u00e9cole.<\/p>\n    <\/div>\n        <div id=\"topic4\" class=\"skip-item\">\n                        <h2>Produits utilis\u00e9s<\/h2>\n                <ul data-start=\"1244\" data-end=\"1385\">\n<li data-start=\"1244\" data-end=\"1271\">\n<p data-start=\"1246\" data-end=\"1271\"><strong data-start=\"1246\" data-end=\"1259\">XSM4328FV<\/strong> : 1 unit\u00e9<\/p>\n<\/li>\n<li data-start=\"1272\" data-end=\"1300\">\n<p data-start=\"1274\" data-end=\"1300\"><strong data-start=\"1274\" data-end=\"1286\">GS728TXP<\/strong> : 70 unit\u00e9s<\/p>\n<\/li>\n<li data-start=\"1301\" data-end=\"1327\">\n<p data-start=\"1303\" data-end=\"1327\"><strong data-start=\"1303\" data-end=\"1313\">WAX610<\/strong> : 58 unit\u00e9s<\/p>\n<\/li>\n<li data-start=\"1328\" data-end=\"1354\">\n<p data-start=\"1330\" data-end=\"1354\"><strong data-start=\"1330\" data-end=\"1340\">AXM761<\/strong> : 64 unit\u00e9s<\/p>\n<\/li>\n<li data-start=\"1355\" data-end=\"1385\">\n<p data-start=\"1357\" data-end=\"1385\"><strong data-start=\"1357\" data-end=\"1385\">Insight Cloud Management<\/strong><\/p>\n<\/li>\n<\/ul>\n<p data-start=\"1387\" data-end=\"1727\">Gr\u00e2ce \u00e0 la solution NETGEAR, l\u2019\u00e9cole b\u00e9n\u00e9ficie d\u00e9sormais d\u2019une couverture Wi-Fi compl\u00e8te, avec des points d\u2019acc\u00e8s WAX610 performants. L\u2019\u00e9cole peut facilement \u00e9tendre son r\u00e9seau WLAN en ajoutant de nouveaux points d\u2019acc\u00e8s via le contr\u00f4leur cloud Insight. De plus, la gestion du r\u00e9seau WLAN est simplifi\u00e9e gr\u00e2ce \u00e0 une interface web intuitive.<\/p>\n    <\/div>\n        <div id=\"topic5\" class=\"skip-item\">\n                        <h2>R\u00e9sultats : un r\u00e9seau pr\u00eat pour l\u2019avenir<\/h2>\n                <p>La mise en \u0153uvre de la solution NETGEAR a permis une couverture Wi-Fi compl\u00e8te avec des points d\u2019acc\u00e8s haute performance. L\u2019ajout de points d\u2019acc\u00e8s au contr\u00f4leur cloud s\u2019est fait en toute simplicit\u00e9, rendant le r\u00e9seau facile \u00e0 g\u00e9rer via une interface web.<\/p>\n<p><img loading=\"lazy\" decoding=\"async\" class=\"alignnone size-medium wp-image-13636 aligncenter\" src=\"https:\/\/www.netgear.com\/hub\/wp-content\/uploads\/2024\/10\/DCM5-e1730301254580-300x186.jpg\" alt=\"\" width=\"300\" height=\"186\" \/><\/p>\n    <\/div>\n        <div id=\"topic6\" class=\"skip-item\">\n                        <h2>Avantages constat\u00e9s par l\u2019\u00e9cole<\/h2>\n                <ul>\n<li data-start=\"2082\" data-end=\"2253\">\n<p data-start=\"2084\" data-end=\"2253\"><strong data-start=\"2084\" data-end=\"2112\">Connectivit\u00e9 renforc\u00e9e :<\/strong> Le r\u00e9seau Wi-Fi couvre l\u2019ensemble du campus, permettant aux \u00e9l\u00e8ves et au personnel de connecter plusieurs appareils sans perte de vitesse.<\/p>\n<\/li>\n<li data-start=\"2254\" data-end=\"2389\">\n<p data-start=\"2256\" data-end=\"2389\"><strong data-start=\"2256\" data-end=\"2280\">S\u00e9curit\u00e9 am\u00e9lior\u00e9e :<\/strong> La solution r\u00e9pond aux exigences de s\u00e9curit\u00e9 de l\u2019\u00e9cole, garantissant la confidentialit\u00e9 des utilisateurs.<\/p>\n<\/li>\n<li data-start=\"2390\" data-end=\"2533\">\n<p data-start=\"2392\" data-end=\"2533\"><strong data-start=\"2392\" data-end=\"2409\">Scalabilit\u00e9 :<\/strong> Le r\u00e9seau peut \u00eatre facilement \u00e9tendu avec de nouveaux points d\u2019acc\u00e8s, offrant une flexibilit\u00e9 pour la croissance future.<\/p>\n<\/li>\n<li data-start=\"2534\" data-end=\"2679\">\n<p data-start=\"2536\" data-end=\"2679\"><strong data-start=\"2536\" data-end=\"2563\">Simplicit\u00e9 de gestion :<\/strong> Le contr\u00f4leur web facilite la gestion du r\u00e9seau, r\u00e9duisant la complexit\u00e9 administrative pour l\u2019\u00e9quipe informatique.<\/p>\n<\/li>\n<\/ul>\n    <\/div>\n        <div id=\"topic7\" class=\"skip-item\">\n                        <h2>Retours du personnel et des \u00e9l\u00e8ves<\/h2>\n                <p data-start=\"2726\" data-end=\"2815\">Le retour d\u2019exp\u00e9rience de l\u2019ensemble de la communaut\u00e9 scolaire a \u00e9t\u00e9 extr\u00eamement positif.<\/p>\n<ul data-start=\"2817\" data-end=\"3135\">\n<li data-start=\"2817\" data-end=\"3008\">\n<p data-start=\"2819\" data-end=\"3008\"><strong data-start=\"2819\" data-end=\"2838\">Les enseignants<\/strong> ont signal\u00e9 une am\u00e9lioration significative de leur capacit\u00e9 \u00e0 int\u00e9grer des ressources num\u00e9riques dans leurs cours, rendant les classes plus interactives et dynamiques.<\/p>\n<\/li>\n<li data-start=\"3009\" data-end=\"3135\">\n<p data-start=\"3011\" data-end=\"3135\"><strong data-start=\"3011\" data-end=\"3025\">Les \u00e9l\u00e8ves<\/strong> appr\u00e9cient la fiabilit\u00e9 de la connexion, qui facilite leurs recherches et activit\u00e9s d\u2019apprentissage en ligne.<\/p>\n<\/li>\n<\/ul>\n<p data-start=\"3137\" data-end=\"3268\">Dans l\u2019ensemble, le personnel et les \u00e9l\u00e8ves se disent satisfaits des performances r\u00e9seau et de la simplicit\u00e9 de gestion du syst\u00e8me.<\/p>\n    <\/div>\n        <div id=\"topic8\" class=\"skip-item\">\n                        <h2>Pourquoi avoir choisi NETGEAR ?<\/h2>\n                <p>La solution NETGEAR s\u2019est r\u00e9v\u00e9l\u00e9e <strong data-start=\"3347\" data-end=\"3361\">\u00e9conomique<\/strong> tout en offrant une <strong data-start=\"3382\" data-end=\"3416\">large gamme de fonctionnalit\u00e9s<\/strong>. Les points d\u2019acc\u00e8s haute performance \u00e9taient abordables, avec une garantie de 5 ans et un abonnement cloud gratuit pendant un an. NETGEAR a \u00e9galement assur\u00e9 un excellent support technique, ce qui en a fait le choix id\u00e9al pour <strong data-start=\"3644\" data-end=\"3679\">DC Montessori School Chandigarh<\/strong>.<\/p>\n    <\/div>\n        <div id=\"topic9\" class=\"skip-item\">\n                        <h2>Plus d'informations<\/h2>\n                <p><!--SOLUTIONS NETGEAR ENTERPRISE--><br \/>\nPlus d\u2019informations sur nos solutions Business<\/p>\n<div class=\"hs-cta-embed hs-cta-simple-placeholder hs-cta-embed-241151168190\" style=\"max-width: 100%;max-height: 100%;width: 310px;height: 50.395835876464844px\" data-hubspot-wrapper-cta-id=\"241151168190\"><a href=\"https:\/\/cta-na2.hubspot.com\/web-interactives\/public\/v1\/track\/redirect?encryptedPayload=AVxigLLJWF%2FR9NCdRJZQ5KVHoS9cmTllDsgnRckWwZDoTJW93FYqIGm7y2jNQ4CGjjeyEntjB1Eh%2FcIvmOqeWKIuNi7jJ95TD1xOsd56OGsqZrwJYn2P4gpbjQJxBuk%2FcElRMomZ2nLAB1rUvsSFPpXbLLR0VoURWUj2oq%2BphOJeMWjoSz5dSBIDsA%3D%3D&amp;webInteractiveContentId=241151168190&amp;portalId=242128791\" target=\"_blank\" rel=\"noopener\"><br \/>\n<img decoding=\"async\" style=\"height: 100%;width: 100%;object-fit: fill\" src=\"https:\/\/hubspot-no-cache-na2-prod.s3.amazonaws.com\/cta\/default\/242128791\/interactive-241151168190.png\" alt=\"SOLUTIONS NETGEAR ENTERPRISE\" \/><br \/>\n<\/a><\/div>\n<p><!--NETGEAR ACADEMY--><br \/>\nApprenez tout ce qu\u2019il faut savoir sur les r\u00e9seaux IP gr\u00e2ce \u00e0 notre NETGEAR ACADEMY<\/p>\n<div class=\"hs-cta-embed hs-cta-simple-placeholder hs-cta-embed-241151161035\" style=\"max-width: 100%;max-height: 100%;width: 260px;height: 50.390625px\" data-hubspot-wrapper-cta-id=\"241151161035\"><a href=\"https:\/\/cta-na2.hubspot.com\/web-interactives\/public\/v1\/track\/redirect?encryptedPayload=AVxigLJIgvHArQm4wTffTTUUJ%2F0ljCSNGcwj4PNLST8c9BdzGxqiACj%2Bz94HHc4mFPGtXF%2B%2F5wBeuQxMwTVaNhNVvj%2FrPoIwPhJXs1HyfD4geQMBkR1VuG%2BfPTfjyzB0ZZPS3Vs1DRegOuJZbqCiCvoqA4M8moDR4zNKVjZxPVGoUNOaIBrbKeHqgAhjG0PM1L1Yi66guE70DwgXJMTC7CAzvVrffriBmA%3D%3D&amp;webInteractiveContentId=241151161035&amp;portalId=242128791\" target=\"_blank\" rel=\"noopener\"><br \/>\n<img decoding=\"async\" style=\"height: 100%;width: 100%;object-fit: fill\" src=\"https:\/\/hubspot-no-cache-na2-prod.s3.amazonaws.com\/cta\/default\/242128791\/interactive-241151161035.png\" alt=\"NETGEAR ACADEMY\" \/><br \/>\n<\/a><\/div>\n<p><!--CONTACTEZ L'EQUIPE PRO-IT--><br \/>\nNos ing\u00e9nieurs vous accompagnent gratuitement dans la r\u00e9alisation de vos projets<\/p>\n<div class=\"hs-cta-embed hs-cta-simple-placeholder hs-cta-embed-245601455827\" style=\"max-width: 100%;max-height: 100%;width: 287px;height: 50.390625px\" data-hubspot-wrapper-cta-id=\"245601455827\"><a href=\"https:\/\/cta-na2.hubspot.com\/web-interactives\/public\/v1\/track\/redirect?encryptedPayload=AVxigLInaPY6CKjdDpPVYzjXnEGvPfbouzJx88Hc1CLeTaYRtnOO25E9XicF7pvzMQdle10f103Z%2F0L%2BbiJE2NwgOQVCpgxtwv3X4ZjoLQkEp5IHfzWjQzeN8Zq44UJQhsPMIst0b69UmgxZlIyrErVjJxyPRNNMsT41p87bUD9JAGKJ2ih7inbvBJTAWKny5YWUD0fN29FFl16U6g1urHYkE5vRzSSaFw%3D%3D&amp;webInteractiveContentId=245601455827&amp;portalId=242128791\" target=\"_blank\" rel=\"noopener\"><br \/>\n<img decoding=\"async\" style=\"height: 100%;width: 100%;object-fit: fill\" src=\"https:\/\/hubspot-no-cache-na2-prod.s3.amazonaws.com\/cta\/default\/242128791\/interactive-245601455827.png\" alt=\"CONTACTEZ L'EQUIPE PRO-IT\" \/><br \/>\n<\/a><\/div>\n<p style=\"margin-top: 50px\"><iframe loading=\"lazy\" src=\"https:\/\/405nrr.share-na2.hsforms.com\/2hCV6qlA5RJGnKIglv6BViA\" width=\"100%\" height=\"1200px\"><\/iframe><\/p>\n    <\/div>\n    \n","protected":false},"excerpt":{"rendered":"","protected":false},"author":97,"featured_media":11381,"parent":10491,"menu_order":0,"comment_status":"closed","ping_status":"closed","template":"templates\/blog-wifi.php","meta":{"_acf_changed":false,"content-type":"","footnotes":""},"class_list":["post-11380","page","type-page","status-publish","has-post-thumbnail","hentry"],"acf":[],"yoast_head":"<!-- This site is optimized with the Yoast SEO plugin v27.5 - https:\/\/yoast.com\/product\/yoast-seo-wordpress\/ -->\n<title>R\u00e9volutionner la connectivit\u00e9 scolaire : \u00e9tude de cas sur DC Montessori School Chandigarh - NETGEAR Blog<\/title>\n<meta name=\"robots\" content=\"index, follow, max-snippet:-1, max-image-preview:large, max-video-preview:-1\" \/>\n<link rel=\"canonical\" href=\"https:\/\/frhub.netgear.com\/fr\/hub\/business\/case-studies\/it-case-studies\/dcm-school-chandigarh\/\" \/>\n<meta property=\"og:locale\" content=\"en_US\" \/>\n<meta property=\"og:type\" content=\"article\" \/>\n<meta property=\"og:title\" content=\"R\u00e9volutionner la connectivit\u00e9 scolaire : \u00e9tude de cas sur DC Montessori School Chandigarh - NETGEAR Blog\" \/>\n<meta property=\"og:url\" content=\"https:\/\/frhub.netgear.com\/fr\/hub\/business\/case-studies\/it-case-studies\/dcm-school-chandigarh\/\" \/>\n<meta property=\"og:site_name\" content=\"NETGEAR Blog\" \/>\n<meta property=\"article:publisher\" content=\"https:\/\/www.facebook.com\/NetgearAU\/\" \/>\n<meta property=\"article:modified_time\" content=\"2025-11-25T15:05:54+00:00\" \/>\n<meta property=\"og:image\" content=\"https:\/\/frhub.netgear.com\/fr\/hub\/wp-content\/uploads\/2025\/10\/DCM3-new-383x288-1.jpg\" \/>\n\t<meta property=\"og:image:width\" content=\"383\" \/>\n\t<meta property=\"og:image:height\" content=\"288\" \/>\n\t<meta property=\"og:image:type\" content=\"image\/jpeg\" \/>\n<meta name=\"twitter:card\" content=\"summary_large_image\" \/>\n<meta name=\"twitter:site\" content=\"@NETGEAR\" \/>\n<script type=\"application\/ld+json\" class=\"yoast-schema-graph\">{\"@context\":\"https:\\\/\\\/schema.org\",\"@graph\":[{\"@type\":\"WebPage\",\"@id\":\"https:\\\/\\\/frhub.netgear.com\\\/fr\\\/hub\\\/business\\\/case-studies\\\/it-case-studies\\\/dcm-school-chandigarh\\\/\",\"url\":\"https:\\\/\\\/frhub.netgear.com\\\/fr\\\/hub\\\/business\\\/case-studies\\\/it-case-studies\\\/dcm-school-chandigarh\\\/\",\"name\":\"R\u00e9volutionner la connectivit\u00e9 scolaire : \u00e9tude de cas sur DC Montessori School Chandigarh - NETGEAR Blog\",\"isPartOf\":{\"@id\":\"https:\\\/\\\/frhub.netgear.com\\\/fr\\\/hub\\\/#website\"},\"primaryImageOfPage\":{\"@id\":\"https:\\\/\\\/frhub.netgear.com\\\/fr\\\/hub\\\/business\\\/case-studies\\\/it-case-studies\\\/dcm-school-chandigarh\\\/#primaryimage\"},\"image\":{\"@id\":\"https:\\\/\\\/frhub.netgear.com\\\/fr\\\/hub\\\/business\\\/case-studies\\\/it-case-studies\\\/dcm-school-chandigarh\\\/#primaryimage\"},\"thumbnailUrl\":\"https:\\\/\\\/frhub.netgear.com\\\/fr\\\/hub\\\/wp-content\\\/uploads\\\/2025\\\/10\\\/DCM3-new-383x288-1.jpg\",\"datePublished\":\"2024-10-30T13:22:50+00:00\",\"dateModified\":\"2025-11-25T15:05:54+00:00\",\"breadcrumb\":{\"@id\":\"https:\\\/\\\/frhub.netgear.com\\\/fr\\\/hub\\\/business\\\/case-studies\\\/it-case-studies\\\/dcm-school-chandigarh\\\/#breadcrumb\"},\"inLanguage\":\"en-US\",\"potentialAction\":[{\"@type\":\"ReadAction\",\"target\":[\"https:\\\/\\\/frhub.netgear.com\\\/fr\\\/hub\\\/business\\\/case-studies\\\/it-case-studies\\\/dcm-school-chandigarh\\\/\"]}]},{\"@type\":\"ImageObject\",\"inLanguage\":\"en-US\",\"@id\":\"https:\\\/\\\/frhub.netgear.com\\\/fr\\\/hub\\\/business\\\/case-studies\\\/it-case-studies\\\/dcm-school-chandigarh\\\/#primaryimage\",\"url\":\"https:\\\/\\\/frhub.netgear.com\\\/fr\\\/hub\\\/wp-content\\\/uploads\\\/2025\\\/10\\\/DCM3-new-383x288-1.jpg\",\"contentUrl\":\"https:\\\/\\\/frhub.netgear.com\\\/fr\\\/hub\\\/wp-content\\\/uploads\\\/2025\\\/10\\\/DCM3-new-383x288-1.jpg\",\"width\":383,\"height\":288},{\"@type\":\"BreadcrumbList\",\"@id\":\"https:\\\/\\\/frhub.netgear.com\\\/fr\\\/hub\\\/business\\\/case-studies\\\/it-case-studies\\\/dcm-school-chandigarh\\\/#breadcrumb\",\"itemListElement\":[{\"@type\":\"ListItem\",\"position\":1,\"name\":\"Home\",\"item\":\"https:\\\/\\\/frhub.netgear.com\\\/fr\\\/hub\\\/\"},{\"@type\":\"ListItem\",\"position\":2,\"name\":\"Entreprises\",\"item\":\"https:\\\/\\\/frhub.netgear.com\\\/fr\\\/hub\\\/business\\\/\"},{\"@type\":\"ListItem\",\"position\":3,\"name\":\"All Case Studies &#8211; FR\",\"item\":\"https:\\\/\\\/frhub.netgear.com\\\/fr\\\/hub\\\/business\\\/case-studies\\\/\"},{\"@type\":\"ListItem\",\"position\":4,\"name\":\"Case Studies &#8211; IT &#8211; FR\",\"item\":\"https:\\\/\\\/frhub.netgear.com\\\/fr\\\/hub\\\/business\\\/case-studies\\\/it-case-studies\\\/\"},{\"@type\":\"ListItem\",\"position\":5,\"name\":\"R\u00e9volutionner la connectivit\u00e9 scolaire : \u00e9tude de cas sur DC Montessori School Chandigarh\"}]},{\"@type\":\"WebSite\",\"@id\":\"https:\\\/\\\/frhub.netgear.com\\\/fr\\\/hub\\\/#website\",\"url\":\"https:\\\/\\\/frhub.netgear.com\\\/fr\\\/hub\\\/\",\"name\":\"NETGEAR Hub France\",\"description\":\"Explorez les pages de notre blog et parcourez les articles pour en savoir plus sur les produits et la technologie NETGEAR.\",\"publisher\":{\"@id\":\"https:\\\/\\\/frhub.netgear.com\\\/fr\\\/hub\\\/#organization\"},\"potentialAction\":[{\"@type\":\"SearchAction\",\"target\":{\"@type\":\"EntryPoint\",\"urlTemplate\":\"https:\\\/\\\/frhub.netgear.com\\\/fr\\\/hub\\\/?s={search_term_string}\"},\"query-input\":{\"@type\":\"PropertyValueSpecification\",\"valueRequired\":true,\"valueName\":\"search_term_string\"}}],\"inLanguage\":\"en-US\"},{\"@type\":\"Organization\",\"@id\":\"https:\\\/\\\/frhub.netgear.com\\\/fr\\\/hub\\\/#organization\",\"name\":\"NETGEAR\",\"url\":\"https:\\\/\\\/frhub.netgear.com\\\/fr\\\/hub\\\/\",\"logo\":{\"@type\":\"ImageObject\",\"inLanguage\":\"en-US\",\"@id\":\"https:\\\/\\\/frhub.netgear.com\\\/fr\\\/hub\\\/#\\\/schema\\\/logo\\\/image\\\/\",\"url\":\"https:\\\/\\\/www.netgear.com\\\/fr\\\/hub\\\/wp-content\\\/uploads\\\/2019\\\/07\\\/NETGEAR_logo.jpg\",\"contentUrl\":\"https:\\\/\\\/www.netgear.com\\\/fr\\\/hub\\\/wp-content\\\/uploads\\\/2019\\\/07\\\/NETGEAR_logo.jpg\",\"width\":1500,\"height\":501,\"caption\":\"NETGEAR\"},\"image\":{\"@id\":\"https:\\\/\\\/frhub.netgear.com\\\/fr\\\/hub\\\/#\\\/schema\\\/logo\\\/image\\\/\"},\"sameAs\":[\"https:\\\/\\\/www.facebook.com\\\/NetgearAU\\\/\",\"https:\\\/\\\/x.com\\\/NETGEAR\",\"https:\\\/\\\/www.linkedin.com\\\/company\\\/netgear\"]}]}<\/script>\n<!-- \/ Yoast SEO plugin. -->","yoast_head_json":{"title":"R\u00e9volutionner la connectivit\u00e9 scolaire : \u00e9tude de cas sur DC Montessori School Chandigarh - NETGEAR Blog","robots":{"index":"index","follow":"follow","max-snippet":"max-snippet:-1","max-image-preview":"max-image-preview:large","max-video-preview":"max-video-preview:-1"},"canonical":"https:\/\/frhub.netgear.com\/fr\/hub\/business\/case-studies\/it-case-studies\/dcm-school-chandigarh\/","og_locale":"en_US","og_type":"article","og_title":"R\u00e9volutionner la connectivit\u00e9 scolaire : \u00e9tude de cas sur DC Montessori School Chandigarh - NETGEAR Blog","og_url":"https:\/\/frhub.netgear.com\/fr\/hub\/business\/case-studies\/it-case-studies\/dcm-school-chandigarh\/","og_site_name":"NETGEAR Blog","article_publisher":"https:\/\/www.facebook.com\/NetgearAU\/","article_modified_time":"2025-11-25T15:05:54+00:00","og_image":[{"width":383,"height":288,"url":"https:\/\/frhub.netgear.com\/fr\/hub\/wp-content\/uploads\/2025\/10\/DCM3-new-383x288-1.jpg","type":"image\/jpeg"}],"twitter_card":"summary_large_image","twitter_site":"@NETGEAR","schema":{"@context":"https:\/\/schema.org","@graph":[{"@type":"WebPage","@id":"https:\/\/frhub.netgear.com\/fr\/hub\/business\/case-studies\/it-case-studies\/dcm-school-chandigarh\/","url":"https:\/\/frhub.netgear.com\/fr\/hub\/business\/case-studies\/it-case-studies\/dcm-school-chandigarh\/","name":"R\u00e9volutionner la connectivit\u00e9 scolaire : \u00e9tude de cas sur DC Montessori School Chandigarh - NETGEAR Blog","isPartOf":{"@id":"https:\/\/frhub.netgear.com\/fr\/hub\/#website"},"primaryImageOfPage":{"@id":"https:\/\/frhub.netgear.com\/fr\/hub\/business\/case-studies\/it-case-studies\/dcm-school-chandigarh\/#primaryimage"},"image":{"@id":"https:\/\/frhub.netgear.com\/fr\/hub\/business\/case-studies\/it-case-studies\/dcm-school-chandigarh\/#primaryimage"},"thumbnailUrl":"https:\/\/frhub.netgear.com\/fr\/hub\/wp-content\/uploads\/2025\/10\/DCM3-new-383x288-1.jpg","datePublished":"2024-10-30T13:22:50+00:00","dateModified":"2025-11-25T15:05:54+00:00","breadcrumb":{"@id":"https:\/\/frhub.netgear.com\/fr\/hub\/business\/case-studies\/it-case-studies\/dcm-school-chandigarh\/#breadcrumb"},"inLanguage":"en-US","potentialAction":[{"@type":"ReadAction","target":["https:\/\/frhub.netgear.com\/fr\/hub\/business\/case-studies\/it-case-studies\/dcm-school-chandigarh\/"]}]},{"@type":"ImageObject","inLanguage":"en-US","@id":"https:\/\/frhub.netgear.com\/fr\/hub\/business\/case-studies\/it-case-studies\/dcm-school-chandigarh\/#primaryimage","url":"https:\/\/frhub.netgear.com\/fr\/hub\/wp-content\/uploads\/2025\/10\/DCM3-new-383x288-1.jpg","contentUrl":"https:\/\/frhub.netgear.com\/fr\/hub\/wp-content\/uploads\/2025\/10\/DCM3-new-383x288-1.jpg","width":383,"height":288},{"@type":"BreadcrumbList","@id":"https:\/\/frhub.netgear.com\/fr\/hub\/business\/case-studies\/it-case-studies\/dcm-school-chandigarh\/#breadcrumb","itemListElement":[{"@type":"ListItem","position":1,"name":"Home","item":"https:\/\/frhub.netgear.com\/fr\/hub\/"},{"@type":"ListItem","position":2,"name":"Entreprises","item":"https:\/\/frhub.netgear.com\/fr\/hub\/business\/"},{"@type":"ListItem","position":3,"name":"All Case Studies &#8211; FR","item":"https:\/\/frhub.netgear.com\/fr\/hub\/business\/case-studies\/"},{"@type":"ListItem","position":4,"name":"Case Studies &#8211; IT &#8211; FR","item":"https:\/\/frhub.netgear.com\/fr\/hub\/business\/case-studies\/it-case-studies\/"},{"@type":"ListItem","position":5,"name":"R\u00e9volutionner la connectivit\u00e9 scolaire : \u00e9tude de cas sur DC Montessori School Chandigarh"}]},{"@type":"WebSite","@id":"https:\/\/frhub.netgear.com\/fr\/hub\/#website","url":"https:\/\/frhub.netgear.com\/fr\/hub\/","name":"NETGEAR Hub France","description":"Explorez les pages de notre blog et parcourez les articles pour en savoir plus sur les produits et la technologie NETGEAR.","publisher":{"@id":"https:\/\/frhub.netgear.com\/fr\/hub\/#organization"},"potentialAction":[{"@type":"SearchAction","target":{"@type":"EntryPoint","urlTemplate":"https:\/\/frhub.netgear.com\/fr\/hub\/?s={search_term_string}"},"query-input":{"@type":"PropertyValueSpecification","valueRequired":true,"valueName":"search_term_string"}}],"inLanguage":"en-US"},{"@type":"Organization","@id":"https:\/\/frhub.netgear.com\/fr\/hub\/#organization","name":"NETGEAR","url":"https:\/\/frhub.netgear.com\/fr\/hub\/","logo":{"@type":"ImageObject","inLanguage":"en-US","@id":"https:\/\/frhub.netgear.com\/fr\/hub\/#\/schema\/logo\/image\/","url":"https:\/\/www.netgear.com\/fr\/hub\/wp-content\/uploads\/2019\/07\/NETGEAR_logo.jpg","contentUrl":"https:\/\/www.netgear.com\/fr\/hub\/wp-content\/uploads\/2019\/07\/NETGEAR_logo.jpg","width":1500,"height":501,"caption":"NETGEAR"},"image":{"@id":"https:\/\/frhub.netgear.com\/fr\/hub\/#\/schema\/logo\/image\/"},"sameAs":["https:\/\/www.facebook.com\/NetgearAU\/","https:\/\/x.com\/NETGEAR","https:\/\/www.linkedin.com\/company\/netgear"]}]}},"_links":{"self":[{"href":"https:\/\/frhub.netgear.com\/fr\/hub\/wp-json\/wp\/v2\/pages\/11380","targetHints":{"allow":["GET"]}}],"collection":[{"href":"https:\/\/frhub.netgear.com\/fr\/hub\/wp-json\/wp\/v2\/pages"}],"about":[{"href":"https:\/\/frhub.netgear.com\/fr\/hub\/wp-json\/wp\/v2\/types\/page"}],"author":[{"embeddable":true,"href":"https:\/\/frhub.netgear.com\/fr\/hub\/wp-json\/wp\/v2\/users\/97"}],"replies":[{"embeddable":true,"href":"https:\/\/frhub.netgear.com\/fr\/hub\/wp-json\/wp\/v2\/comments?post=11380"}],"version-history":[{"count":3,"href":"https:\/\/frhub.netgear.com\/fr\/hub\/wp-json\/wp\/v2\/pages\/11380\/revisions"}],"predecessor-version":[{"id":11543,"href":"https:\/\/frhub.netgear.com\/fr\/hub\/wp-json\/wp\/v2\/pages\/11380\/revisions\/11543"}],"up":[{"embeddable":true,"href":"https:\/\/frhub.netgear.com\/fr\/hub\/wp-json\/wp\/v2\/pages\/10491"}],"wp:featuredmedia":[{"embeddable":true,"href":"https:\/\/frhub.netgear.com\/fr\/hub\/wp-json\/wp\/v2\/media\/11381"}],"wp:attachment":[{"href":"https:\/\/frhub.netgear.com\/fr\/hub\/wp-json\/wp\/v2\/media?parent=11380"}],"curies":[{"name":"wp","href":"https:\/\/api.w.org\/{rel}","templated":true}]}}