{"id":11377,"date":"2024-10-30T10:40:50","date_gmt":"2025-10-21T08:40:45","guid":{"rendered":"https:\/\/frhub.netgear.com\/fr\/hub\/?page_id=11377"},"modified":"2025-10-21T10:41:20","modified_gmt":"2025-10-21T08:41:20","slug":"tktei-uses-netgear-network-solutions","status":"publish","type":"page","link":"https:\/\/frhub.netgear.com\/fr\/hub\/business\/case-studies\/av-case-studies\/tktei-uses-netgear-network-solutions\/","title":{"rendered":"R\u00e9volutionner l\u2019efficacit\u00e9 r\u00e9seau : le succ\u00e8s de TKTEI avec NETGEAR"},"content":{"rendered":"<p><img loading=\"lazy\" decoding=\"async\" class=\"alignone size-full wp-image-10681\" style=\"border-radius: 1em;\" src=\"https:\/\/www.netgear.com\/hub\/wp-content\/uploads\/2024\/12\/Header-image-TKIET.png\" alt=\"\" width=\"1048\" height=\"511\" \/><\/p>\n    <div class=\"table-of-content bg-gray\">\n        <p><strong>IN THIS ARTICLE<\/strong><\/p>\n        <ul>\n                        <li><a href=\"#topic1\">R\u00e9sum\u00e9<\/a><\/li>\n                        <li><a href=\"#topic2\">Contexte<\/a><\/li>\n                        <li><a href=\"#topic3\">D\u00e9fis<\/a><\/li>\n                        <li><a href=\"#topic4\">Solution<\/a><\/li>\n                        <li><a href=\"#topic5\">NETGEAR : Le choix id\u00e9al<\/a><\/li>\n                        <li><a href=\"#topic6\">Produits NETGEAR utilis\u00e9s<\/a><\/li>\n                        <li><a href=\"#topic7\">Nouvelle configuration r\u00e9seau<\/a><\/li>\n                        <li><a href=\"#topic8\">B\u00e9n\u00e9fices<\/a><\/li>\n                        <li><a href=\"#topic9\">Exp\u00e9rience<\/a><\/li>\n                        <li><a href=\"#topic10\">Recommandation<\/a><\/li>\n                        <li><a href=\"#topic11\">Plus d'informations<\/a><\/li>\n                    <\/ul>\n    <\/div>\n        <div id=\"topic1\" class=\"skip-item\">\n                        <h2>R\u00e9sum\u00e9<\/h2>\n                <div style=\"background-color: #eeeeee;padding: 20px;width: 33%;float: right\">\n<p><strong>Nom de l\u2019entreprise :<\/strong><br \/>\nTatya Sheshrao Kore Technical Education Institute<\/p>\n<p><strong>Secteur d\u2019activit\u00e9 :<\/strong><br \/>\n\u00c9ducation<\/p>\n<p><strong>Site web :<\/strong><br \/>\n<a href=\"https:\/\/www.tkietwarana.ac.in\">tkietwarana.ac.in<\/a><\/p>\n<p><strong>Localisation :<\/strong><br \/>\nWarnagar, Maharashtra, Inde<\/p>\n<\/div>\n<p>L\u2019Institut d\u2019Enseignement Technique Tatya Sheshrao Kore (TKTEI) \u00e0 Warnanagar, Maharashtra, faisait face \u00e0 des co\u00fbts \u00e9lev\u00e9s et \u00e0 des inefficacit\u00e9s avec son infrastructure r\u00e9seau Cisco. TKTEI a simplifi\u00e9 les op\u00e9rations r\u00e9seau, r\u00e9duit les interruptions de service et am\u00e9lior\u00e9 l\u2019efficacit\u00e9 en adoptant les solutions NETGEAR. L\u2019institut a d\u00e9ploy\u00e9 des switches core NETGEAR, des switches de distribution ainsi que des points d\u2019acc\u00e8s, b\u00e9n\u00e9ficiant ainsi d\u2019une gestion facile et de solutions \u00e9conomiques. Les logiciels NETGEAR NMS300 et Insight ont permis une surveillance en temps r\u00e9el, garantissant une performance r\u00e9seau constante.<\/p>\n    <\/div>\n        <div id=\"topic2\" class=\"skip-item\">\n                        <h2>Contexte<\/h2>\n                <p>L\u2019Institut d\u2019Enseignement Technique Tatya Sheshrao Kore, situ\u00e9 \u00e0 Warnanagar, Maharashtra, est une institution reconnue offrant des programmes techniques sp\u00e9cialis\u00e9s. Il s\u2019efforce de fournir une \u00e9ducation de qualit\u00e9 et de favoriser le d\u00e9veloppement des comp\u00e9tences des \u00e9tudiants, les pr\u00e9parant \u00e0 des carri\u00e8res r\u00e9ussies en ing\u00e9nierie, technologie et sciences appliqu\u00e9es, gr\u00e2ce \u00e0 un \u00e9quilibre entre savoir th\u00e9orique et formation pratique.<\/p>\n    <\/div>\n        <div id=\"topic3\" class=\"skip-item\">\n                        <h2>D\u00e9fis<\/h2>\n                <p>Avant d\u2019adopter les solutions NETGEAR, TKTEI faisait face \u00e0 d\u2019importants probl\u00e8mes avec son infrastructure r\u00e9seau Cisco. Les co\u00fbts \u00e9lev\u00e9s de support et de garantie, ainsi que le d\u00e9lai d\u2019attente de 15 jours pour le remplacement des <strong data-start=\"778\" data-end=\"795\">switches core<\/strong> d\u00e9fectueux, causaient des inefficacit\u00e9s op\u00e9rationnelles. Maintenir un r\u00e9seau fiable et rentable \u00e9tait crucial pour un \u00e9tablissement \u00e9ducatif, mais la solution existante ne r\u00e9pondait pas \u00e0 ces besoins.<\/p>\n    <\/div>\n        <div id=\"topic4\" class=\"skip-item\">\n                        <h2>Solution<\/h2>\n                <p>Les solutions NETGEAR ont permis de r\u00e9soudre ces probl\u00e8mes en simplifiant les op\u00e9rations r\u00e9seau. L\u2019institut b\u00e9n\u00e9ficie d\u00e9sormais d\u2019un r\u00e9seau facile \u00e0 g\u00e9rer, avec une vue d\u2019ensemble claire sur un seul \u00e9cran de toute l\u2019infrastructure. Cela a permis de rationaliser la gestion du r\u00e9seau, de r\u00e9duire les temps d\u2019arr\u00eat et d\u2019apporter une tranquillit\u00e9 d\u2019esprit \u00e0 l\u2019\u00e9quipe informatique.<\/p>\n    <\/div>\n        <div id=\"topic5\" class=\"skip-item\">\n                        <h2>NETGEAR : Le choix id\u00e9al<\/h2>\n                <p>L\u2019exp\u00e9rience initiale de TKTEI avec sa marque pr\u00e9c\u00e9dente a influenc\u00e9 sa d\u00e9cision d\u2019opter pour NETGEAR. Apr\u00e8s avoir compris la complexit\u00e9 du logiciel de leur marque actuelle et constat\u00e9 que NETGEAR offrait des fonctionnalit\u00e9s similaires \u00e0 un co\u00fbt plus abordable, TKTEI a d\u00e9cid\u00e9 de r\u00e9aliser une preuve de concept (POC). Les r\u00e9sultats de cette POC, combin\u00e9s \u00e0 une \u00e9tude approfondie du r\u00e9seau, ont conduit \u00e0 l\u2019adoption des solutions NETGEAR. La simplicit\u00e9 et l\u2019efficacit\u00e9 des produits NETGEAR ont \u00e9t\u00e9 des facteurs d\u00e9terminants.<\/p>\n    <\/div>\n        <div id=\"topic6\" class=\"skip-item\">\n                        <h2>Produits NETGEAR utilis\u00e9s<\/h2>\n                <ul>\n<li data-start=\"1995\" data-end=\"2026\">\n<p data-start=\"1997\" data-end=\"2026\"><strong data-start=\"1997\" data-end=\"2014\">Switch core :<\/strong> XSM4396K0<\/p>\n<\/li>\n<li data-start=\"2027\" data-end=\"2082\">\n<p data-start=\"2029\" data-end=\"2082\"><strong data-start=\"2029\" data-end=\"2059\">Switches de distribution :<\/strong> XSM4324FS (6 unit\u00e9s)<\/p>\n<\/li>\n<li data-start=\"2083\" data-end=\"2143\">\n<p data-start=\"2085\" data-end=\"2143\"><strong data-start=\"2085\" data-end=\"2105\">Points d\u2019acc\u00e8s :<\/strong> WAC540, WAX610Y, WAX610 (75 unit\u00e9s)<\/p>\n<\/li>\n<li data-start=\"2144\" data-end=\"2199\">\n<p data-start=\"2146\" data-end=\"2199\"><strong data-start=\"2146\" data-end=\"2160\">Switches :<\/strong> GS724T, GS724TP (pour la distribution)<\/p>\n<\/li>\n<\/ul>\n    <\/div>\n        <div id=\"topic7\" class=\"skip-item\">\n                        <h2>Nouvelle configuration r\u00e9seau<\/h2>\n                <p data-start=\"2242\" data-end=\"2751\">L\u2019introduction des solutions NETGEAR a consid\u00e9rablement am\u00e9lior\u00e9 la configuration et le flux de travail r\u00e9seau de TKTEI. L\u2019institut utilisait auparavant des switches Cisco, mais les co\u00fbts \u00e9lev\u00e9s et les longs d\u00e9lais de remplacement (15 jours) des <strong data-start=\"2488\" data-end=\"2505\">switches core<\/strong> d\u00e9fectueux entra\u00eenaient des perturbations. Les produits NETGEAR, tels que les <strong data-start=\"2584\" data-end=\"2601\">switches core<\/strong> XSM4396K0, les modules APM408C &amp; APM408F et les switches de distribution XSM4324FS, se sont r\u00e9v\u00e9l\u00e9s \u00eatre une solution plus \u00e9conomique et performante.<\/p>\n<p data-start=\"2753\" data-end=\"3116\">Les switches GS724T et GS724TP ont \u00e9t\u00e9 utilis\u00e9s pour le r\u00e9seau de distribution, tandis que 75 points d\u2019acc\u00e8s sans fil WAC540, WAX610Y et WAX610 ont \u00e9t\u00e9 d\u00e9ploy\u00e9s sur le campus. La facilit\u00e9 d\u2019utilisation et la r\u00e9activit\u00e9 du support NETGEAR ont permis de maintenir un environnement r\u00e9seau fluide sans les frustrations li\u00e9es aux longues interruptions ou co\u00fbts cach\u00e9s.<\/p>\n<p data-start=\"2753\" data-end=\"3116\"><img loading=\"lazy\" decoding=\"async\" class=\"aligncenter wp-image-14759 size-full\" src=\"https:\/\/www.netgear.com\/hub\/wp-content\/uploads\/2024\/12\/Screenshot-2024-12-30-at-14.32.44.png\" alt=\"\" width=\"1048\" height=\"251\" \/><\/p>\n    <\/div>\n        <div id=\"topic8\" class=\"skip-item\">\n                        <h2>B\u00e9n\u00e9fices<\/h2>\n                <p>Les principaux avantages des solutions NETGEAR sont les logiciels NMS300 et Insight, qui simplifient consid\u00e9rablement la gestion du r\u00e9seau. Ces outils permettent \u00e0 l\u2019\u00e9quipe de surveiller en temps r\u00e9el l\u2019ensemble du r\u00e9seau et d\u2019\u00eatre alert\u00e9e en cas de dysfonctionnements. Cette surveillance proactive est essentielle pour assurer une disponibilit\u00e9 et une performance r\u00e9seau constantes, particuli\u00e8rement importantes pour un \u00e9tablissement \u00e9ducatif d\u00e9pendant fortement de la connectivit\u00e9 internet.<\/p>\n    <\/div>\n        <div id=\"topic9\" class=\"skip-item\">\n                        <h2>Exp\u00e9rience<\/h2>\n                <p>L\u2019exp\u00e9rience globale avec les produits et services NETGEAR est enti\u00e8rement satisfaisante. La facilit\u00e9 de mise en place et l\u2019int\u00e9gration fluide des produits NETGEAR ont \u00e9t\u00e9 des changements majeurs pour l\u2019institut. Avec l\u2019expansion du r\u00e9seau, NETGEAR reste la solution privil\u00e9gi\u00e9e. L\u2019institut a \u00e9galement b\u00e9n\u00e9fici\u00e9 des services Heatmap et Network Diagram de NETGEAR, qui ont aid\u00e9 \u00e0 planifier et optimiser l\u2019infrastructure r\u00e9seau.<\/p>\n    <\/div>\n        <div id=\"topic10\" class=\"skip-item\">\n                        <h2>Recommandation<\/h2>\n                <p>TKTEI recommande vivement les produits NETGEAR \u00e0 d\u2019autres \u00e9tablissements d\u2019enseignement, notamment les instituts d\u2019ing\u00e9nierie. L\u2019association de solutions \u00e9conomiques, de simplicit\u00e9 d\u2019utilisation et d\u2019un excellent support client a fait de NETGEAR le choix privil\u00e9gi\u00e9. Le client a d\u00e9j\u00e0 recommand\u00e9 les produits NETGEAR \u00e0 plusieurs confr\u00e8res du secteur, t\u00e9moignant de sa confiance dans la marque.<\/p>\n    <\/div>\n        <div id=\"topic11\" class=\"skip-item\">\n                        <h2>Plus d'informations<\/h2>\n                <p><!--SOLUTIONS NETGEAR AV --><br \/>\nPlus d\u2019informations sur nos solutions audiovisuelles<\/p>\n<div class=\"hs-cta-embed hs-cta-simple-placeholder hs-cta-embed-241151160046\" style=\"max-width: 100%;max-height: 100%;width: 260px;height: 50.390625px\" data-hubspot-wrapper-cta-id=\"241151160046\"><a href=\"https:\/\/cta-na2.hubspot.com\/web-interactives\/public\/v1\/track\/redirect?encryptedPayload=AVxigLJf4HGLXU18h5HBrlQTZuKX4p21iriDX%2FD9Weo1E0jc26wgSp32sJpGF%2FrOb977gqk9Skq%2FVgamhq%2FXvCN0mPQ1dmrdARtcNUH8fV5cFOvngo8qJ8EuMyEq%2Fqu2y51zC2FZUVyu97opP5ixVGCiE%2Bg6BOgTVVDljEMF5hhhXUNpnikrl2UTN%2Bb3TA%3D%3D&amp;webInteractiveContentId=241151160046&amp;portalId=242128791\" target=\"_blank\" rel=\"noopener\"><br \/>\n<img decoding=\"async\" style=\"height: 100%;width: 100%;object-fit: fill\" src=\"https:\/\/hubspot-no-cache-na2-prod.s3.amazonaws.com\/cta\/default\/242128791\/interactive-241151160046.png\" alt=\"SOLUTIONS NETGEAR AV\" \/><br \/>\n<\/a><\/div>\n<p><!-- NETGEAR ACADEMY AV --><br \/>\nApprenez tout sur les r\u00e9seaux IP gr\u00e2ce \u00e0 la NETGEAR ACADEMY<\/p>\n<div class=\"hs-cta-embed hs-cta-simple-placeholder hs-cta-embed-241151160033\" style=\"max-width: 100%;max-height: 100%;width: 260px;height: 50.390625px\" data-hubspot-wrapper-cta-id=\"241151160033\"><a href=\"https:\/\/cta-na2.hubspot.com\/web-interactives\/public\/v1\/track\/redirect?encryptedPayload=AVxigLJ6zgXxrLVJLagOt9pyIXf5%2FGgh9lUupWJj49Nfcbq71eIrrvJQt9JGeaQwNkTAPTWhI2%2BXk56NQscWP4xOQ7iZrhk6rkBjyO4dBlJGP1gG3BpcrdlgLyF%2F850K2l3xn5kDj5H%2Fur8VO2zJH58QH7by4HFWliY25223Shr3sQx25aCmNBjCDkNwA2WRum67F9fGyQyzoYOn86wAq%2Brw3xzsBDMbyw%3D%3D&amp;webInteractiveContentId=241151160033&amp;portalId=242128791\" target=\"_blank\" rel=\"noopener\"><br \/>\n<img decoding=\"async\" style=\"height: 100%;width: 100%;object-fit: fill\" src=\"https:\/\/hubspot-no-cache-na2-prod.s3.amazonaws.com\/cta\/default\/242128791\/interactive-241151160033.png\" alt=\"NETGEAR ACADEMY\" \/><br \/>\n<\/a><\/div>\n<p style=\"margin-bottom: 30px\"><!--CONTACTEZ L'EQUIPE PROAV --><br \/>\nNos ing\u00e9nieurs vous accompagneront gratuitement dans la r\u00e9alisation de vos projets audiovisuels<\/p>\n<div class=\"hs-cta-embed hs-cta-simple-placeholder hs-cta-embed-241151160055\" style=\"max-width: 100%;max-height: 100%;width: 270px;height: 50.390625px\" data-hubspot-wrapper-cta-id=\"241151160055\"><a href=\"https:\/\/cta-na2.hubspot.com\/web-interactives\/public\/v1\/track\/redirect?encryptedPayload=AVxigLLUG9XShtF2ziGdRlpsMD%2BMJ39t1kFOE7VlHl2HmmlWzlJWH0rsV7f3eoQL53gclcWb0lliiDgK3EAMVvEOcIE7gW9aYOwk1uipv43pSUkBlDtiKJ%2BcB7fopWupnJbggqZWRkNERZkdh1dDGXHHDJX3V0sOA8mbXD%2Fd6QC2XK2OyVtrDNFDHbBoT6b15PyvF4Ca3b6JBNTYdAzYeH790XenlNKBP4OKZqw50t7IGx9DuADFMFlNdg6FWQ%3D%3D&amp;webInteractiveContentId=241151160055&amp;portalId=242128791\" target=\"_blank\" rel=\"noopener\"><br \/>\n<img decoding=\"async\" style=\"height: 100%;width: 100%;object-fit: fill\" src=\"https:\/\/hubspot-no-cache-na2-prod.s3.amazonaws.com\/cta\/default\/242128791\/interactive-241151160055.png\" alt=\"CONTACTEZ L'EQUIPE PROAV\" \/><br \/>\n<\/a><\/div>\n<p style=\"margin-top: 50px\"><iframe loading=\"lazy\" src=\"https:\/\/405nrr.share-na2.hsforms.com\/24AR2ZDSmQqWycFqf8q5-eg\" width=\"100%\" height=\"1200px\"><\/iframe><\/p>\n    <\/div>\n    \n","protected":false},"excerpt":{"rendered":"","protected":false},"author":97,"featured_media":11378,"parent":10498,"menu_order":0,"comment_status":"closed","ping_status":"closed","template":"templates\/blog-wifi.php","meta":{"_acf_changed":false,"content-type":"","footnotes":""},"class_list":["post-11377","page","type-page","status-publish","has-post-thumbnail","hentry"],"acf":[],"yoast_head":"<!-- This site is optimized with the Yoast SEO plugin v27.5 - https:\/\/yoast.com\/product\/yoast-seo-wordpress\/ -->\n<title>R\u00e9volutionner l\u2019efficacit\u00e9 r\u00e9seau : le succ\u00e8s de TKTEI avec NETGEAR - NETGEAR Blog<\/title>\n<meta name=\"robots\" content=\"index, follow, max-snippet:-1, max-image-preview:large, max-video-preview:-1\" \/>\n<link rel=\"canonical\" href=\"https:\/\/frhub.netgear.com\/fr\/hub\/business\/case-studies\/av-case-studies\/tktei-uses-netgear-network-solutions\/\" \/>\n<meta property=\"og:locale\" content=\"en_US\" \/>\n<meta property=\"og:type\" content=\"article\" \/>\n<meta property=\"og:title\" content=\"R\u00e9volutionner l\u2019efficacit\u00e9 r\u00e9seau : le succ\u00e8s de TKTEI avec NETGEAR - NETGEAR Blog\" \/>\n<meta property=\"og:url\" content=\"https:\/\/frhub.netgear.com\/fr\/hub\/business\/case-studies\/av-case-studies\/tktei-uses-netgear-network-solutions\/\" \/>\n<meta property=\"og:site_name\" content=\"NETGEAR Blog\" \/>\n<meta property=\"article:publisher\" content=\"https:\/\/www.facebook.com\/NetgearAU\/\" \/>\n<meta property=\"article:modified_time\" content=\"2025-10-21T08:41:20+00:00\" \/>\n<meta property=\"og:image\" content=\"https:\/\/frhub.netgear.com\/fr\/hub\/wp-content\/uploads\/2025\/10\/Featured-Image-TKIET-new-383x288-1.jpg\" \/>\n\t<meta property=\"og:image:width\" content=\"383\" \/>\n\t<meta property=\"og:image:height\" content=\"288\" \/>\n\t<meta property=\"og:image:type\" content=\"image\/jpeg\" \/>\n<meta name=\"twitter:card\" content=\"summary_large_image\" \/>\n<meta name=\"twitter:site\" content=\"@NETGEAR\" \/>\n<script type=\"application\/ld+json\" class=\"yoast-schema-graph\">{\"@context\":\"https:\\\/\\\/schema.org\",\"@graph\":[{\"@type\":\"WebPage\",\"@id\":\"https:\\\/\\\/frhub.netgear.com\\\/fr\\\/hub\\\/business\\\/case-studies\\\/av-case-studies\\\/tktei-uses-netgear-network-solutions\\\/\",\"url\":\"https:\\\/\\\/frhub.netgear.com\\\/fr\\\/hub\\\/business\\\/case-studies\\\/av-case-studies\\\/tktei-uses-netgear-network-solutions\\\/\",\"name\":\"R\u00e9volutionner l\u2019efficacit\u00e9 r\u00e9seau : le succ\u00e8s de TKTEI avec NETGEAR - NETGEAR Blog\",\"isPartOf\":{\"@id\":\"https:\\\/\\\/frhub.netgear.com\\\/fr\\\/hub\\\/#website\"},\"primaryImageOfPage\":{\"@id\":\"https:\\\/\\\/frhub.netgear.com\\\/fr\\\/hub\\\/business\\\/case-studies\\\/av-case-studies\\\/tktei-uses-netgear-network-solutions\\\/#primaryimage\"},\"image\":{\"@id\":\"https:\\\/\\\/frhub.netgear.com\\\/fr\\\/hub\\\/business\\\/case-studies\\\/av-case-studies\\\/tktei-uses-netgear-network-solutions\\\/#primaryimage\"},\"thumbnailUrl\":\"https:\\\/\\\/frhub.netgear.com\\\/fr\\\/hub\\\/wp-content\\\/uploads\\\/2025\\\/10\\\/Featured-Image-TKIET-new-383x288-1.jpg\",\"datePublished\":\"2025-10-21T08:40:45+00:00\",\"dateModified\":\"2025-10-21T08:41:20+00:00\",\"breadcrumb\":{\"@id\":\"https:\\\/\\\/frhub.netgear.com\\\/fr\\\/hub\\\/business\\\/case-studies\\\/av-case-studies\\\/tktei-uses-netgear-network-solutions\\\/#breadcrumb\"},\"inLanguage\":\"en-US\",\"potentialAction\":[{\"@type\":\"ReadAction\",\"target\":[\"https:\\\/\\\/frhub.netgear.com\\\/fr\\\/hub\\\/business\\\/case-studies\\\/av-case-studies\\\/tktei-uses-netgear-network-solutions\\\/\"]}]},{\"@type\":\"ImageObject\",\"inLanguage\":\"en-US\",\"@id\":\"https:\\\/\\\/frhub.netgear.com\\\/fr\\\/hub\\\/business\\\/case-studies\\\/av-case-studies\\\/tktei-uses-netgear-network-solutions\\\/#primaryimage\",\"url\":\"https:\\\/\\\/frhub.netgear.com\\\/fr\\\/hub\\\/wp-content\\\/uploads\\\/2025\\\/10\\\/Featured-Image-TKIET-new-383x288-1.jpg\",\"contentUrl\":\"https:\\\/\\\/frhub.netgear.com\\\/fr\\\/hub\\\/wp-content\\\/uploads\\\/2025\\\/10\\\/Featured-Image-TKIET-new-383x288-1.jpg\",\"width\":383,\"height\":288},{\"@type\":\"BreadcrumbList\",\"@id\":\"https:\\\/\\\/frhub.netgear.com\\\/fr\\\/hub\\\/business\\\/case-studies\\\/av-case-studies\\\/tktei-uses-netgear-network-solutions\\\/#breadcrumb\",\"itemListElement\":[{\"@type\":\"ListItem\",\"position\":1,\"name\":\"Home\",\"item\":\"https:\\\/\\\/frhub.netgear.com\\\/fr\\\/hub\\\/\"},{\"@type\":\"ListItem\",\"position\":2,\"name\":\"Entreprises\",\"item\":\"https:\\\/\\\/frhub.netgear.com\\\/fr\\\/hub\\\/business\\\/\"},{\"@type\":\"ListItem\",\"position\":3,\"name\":\"All Case Studies &#8211; FR\",\"item\":\"https:\\\/\\\/frhub.netgear.com\\\/fr\\\/hub\\\/business\\\/case-studies\\\/\"},{\"@type\":\"ListItem\",\"position\":4,\"name\":\"Case Studies &#8211; AV &#8211; FR\",\"item\":\"https:\\\/\\\/frhub.netgear.com\\\/fr\\\/hub\\\/business\\\/case-studies\\\/av-case-studies\\\/\"},{\"@type\":\"ListItem\",\"position\":5,\"name\":\"R\u00e9volutionner l\u2019efficacit\u00e9 r\u00e9seau : le succ\u00e8s de TKTEI avec NETGEAR\"}]},{\"@type\":\"WebSite\",\"@id\":\"https:\\\/\\\/frhub.netgear.com\\\/fr\\\/hub\\\/#website\",\"url\":\"https:\\\/\\\/frhub.netgear.com\\\/fr\\\/hub\\\/\",\"name\":\"NETGEAR Hub France\",\"description\":\"Explorez les pages de notre blog et parcourez les articles pour en savoir plus sur les produits et la technologie NETGEAR.\",\"publisher\":{\"@id\":\"https:\\\/\\\/frhub.netgear.com\\\/fr\\\/hub\\\/#organization\"},\"potentialAction\":[{\"@type\":\"SearchAction\",\"target\":{\"@type\":\"EntryPoint\",\"urlTemplate\":\"https:\\\/\\\/frhub.netgear.com\\\/fr\\\/hub\\\/?s={search_term_string}\"},\"query-input\":{\"@type\":\"PropertyValueSpecification\",\"valueRequired\":true,\"valueName\":\"search_term_string\"}}],\"inLanguage\":\"en-US\"},{\"@type\":\"Organization\",\"@id\":\"https:\\\/\\\/frhub.netgear.com\\\/fr\\\/hub\\\/#organization\",\"name\":\"NETGEAR\",\"url\":\"https:\\\/\\\/frhub.netgear.com\\\/fr\\\/hub\\\/\",\"logo\":{\"@type\":\"ImageObject\",\"inLanguage\":\"en-US\",\"@id\":\"https:\\\/\\\/frhub.netgear.com\\\/fr\\\/hub\\\/#\\\/schema\\\/logo\\\/image\\\/\",\"url\":\"https:\\\/\\\/www.netgear.com\\\/fr\\\/hub\\\/wp-content\\\/uploads\\\/2019\\\/07\\\/NETGEAR_logo.jpg\",\"contentUrl\":\"https:\\\/\\\/www.netgear.com\\\/fr\\\/hub\\\/wp-content\\\/uploads\\\/2019\\\/07\\\/NETGEAR_logo.jpg\",\"width\":1500,\"height\":501,\"caption\":\"NETGEAR\"},\"image\":{\"@id\":\"https:\\\/\\\/frhub.netgear.com\\\/fr\\\/hub\\\/#\\\/schema\\\/logo\\\/image\\\/\"},\"sameAs\":[\"https:\\\/\\\/www.facebook.com\\\/NetgearAU\\\/\",\"https:\\\/\\\/x.com\\\/NETGEAR\",\"https:\\\/\\\/www.linkedin.com\\\/company\\\/netgear\"]}]}<\/script>\n<!-- \/ Yoast SEO plugin. -->","yoast_head_json":{"title":"R\u00e9volutionner l\u2019efficacit\u00e9 r\u00e9seau : le succ\u00e8s de TKTEI avec NETGEAR - NETGEAR Blog","robots":{"index":"index","follow":"follow","max-snippet":"max-snippet:-1","max-image-preview":"max-image-preview:large","max-video-preview":"max-video-preview:-1"},"canonical":"https:\/\/frhub.netgear.com\/fr\/hub\/business\/case-studies\/av-case-studies\/tktei-uses-netgear-network-solutions\/","og_locale":"en_US","og_type":"article","og_title":"R\u00e9volutionner l\u2019efficacit\u00e9 r\u00e9seau : le succ\u00e8s de TKTEI avec NETGEAR - NETGEAR Blog","og_url":"https:\/\/frhub.netgear.com\/fr\/hub\/business\/case-studies\/av-case-studies\/tktei-uses-netgear-network-solutions\/","og_site_name":"NETGEAR Blog","article_publisher":"https:\/\/www.facebook.com\/NetgearAU\/","article_modified_time":"2025-10-21T08:41:20+00:00","og_image":[{"width":383,"height":288,"url":"https:\/\/frhub.netgear.com\/fr\/hub\/wp-content\/uploads\/2025\/10\/Featured-Image-TKIET-new-383x288-1.jpg","type":"image\/jpeg"}],"twitter_card":"summary_large_image","twitter_site":"@NETGEAR","schema":{"@context":"https:\/\/schema.org","@graph":[{"@type":"WebPage","@id":"https:\/\/frhub.netgear.com\/fr\/hub\/business\/case-studies\/av-case-studies\/tktei-uses-netgear-network-solutions\/","url":"https:\/\/frhub.netgear.com\/fr\/hub\/business\/case-studies\/av-case-studies\/tktei-uses-netgear-network-solutions\/","name":"R\u00e9volutionner l\u2019efficacit\u00e9 r\u00e9seau : le succ\u00e8s de TKTEI avec NETGEAR - NETGEAR Blog","isPartOf":{"@id":"https:\/\/frhub.netgear.com\/fr\/hub\/#website"},"primaryImageOfPage":{"@id":"https:\/\/frhub.netgear.com\/fr\/hub\/business\/case-studies\/av-case-studies\/tktei-uses-netgear-network-solutions\/#primaryimage"},"image":{"@id":"https:\/\/frhub.netgear.com\/fr\/hub\/business\/case-studies\/av-case-studies\/tktei-uses-netgear-network-solutions\/#primaryimage"},"thumbnailUrl":"https:\/\/frhub.netgear.com\/fr\/hub\/wp-content\/uploads\/2025\/10\/Featured-Image-TKIET-new-383x288-1.jpg","datePublished":"2025-10-21T08:40:45+00:00","dateModified":"2025-10-21T08:41:20+00:00","breadcrumb":{"@id":"https:\/\/frhub.netgear.com\/fr\/hub\/business\/case-studies\/av-case-studies\/tktei-uses-netgear-network-solutions\/#breadcrumb"},"inLanguage":"en-US","potentialAction":[{"@type":"ReadAction","target":["https:\/\/frhub.netgear.com\/fr\/hub\/business\/case-studies\/av-case-studies\/tktei-uses-netgear-network-solutions\/"]}]},{"@type":"ImageObject","inLanguage":"en-US","@id":"https:\/\/frhub.netgear.com\/fr\/hub\/business\/case-studies\/av-case-studies\/tktei-uses-netgear-network-solutions\/#primaryimage","url":"https:\/\/frhub.netgear.com\/fr\/hub\/wp-content\/uploads\/2025\/10\/Featured-Image-TKIET-new-383x288-1.jpg","contentUrl":"https:\/\/frhub.netgear.com\/fr\/hub\/wp-content\/uploads\/2025\/10\/Featured-Image-TKIET-new-383x288-1.jpg","width":383,"height":288},{"@type":"BreadcrumbList","@id":"https:\/\/frhub.netgear.com\/fr\/hub\/business\/case-studies\/av-case-studies\/tktei-uses-netgear-network-solutions\/#breadcrumb","itemListElement":[{"@type":"ListItem","position":1,"name":"Home","item":"https:\/\/frhub.netgear.com\/fr\/hub\/"},{"@type":"ListItem","position":2,"name":"Entreprises","item":"https:\/\/frhub.netgear.com\/fr\/hub\/business\/"},{"@type":"ListItem","position":3,"name":"All Case Studies &#8211; FR","item":"https:\/\/frhub.netgear.com\/fr\/hub\/business\/case-studies\/"},{"@type":"ListItem","position":4,"name":"Case Studies &#8211; AV &#8211; FR","item":"https:\/\/frhub.netgear.com\/fr\/hub\/business\/case-studies\/av-case-studies\/"},{"@type":"ListItem","position":5,"name":"R\u00e9volutionner l\u2019efficacit\u00e9 r\u00e9seau : le succ\u00e8s de TKTEI avec NETGEAR"}]},{"@type":"WebSite","@id":"https:\/\/frhub.netgear.com\/fr\/hub\/#website","url":"https:\/\/frhub.netgear.com\/fr\/hub\/","name":"NETGEAR Hub France","description":"Explorez les pages de notre blog et parcourez les articles pour en savoir plus sur les produits et la technologie NETGEAR.","publisher":{"@id":"https:\/\/frhub.netgear.com\/fr\/hub\/#organization"},"potentialAction":[{"@type":"SearchAction","target":{"@type":"EntryPoint","urlTemplate":"https:\/\/frhub.netgear.com\/fr\/hub\/?s={search_term_string}"},"query-input":{"@type":"PropertyValueSpecification","valueRequired":true,"valueName":"search_term_string"}}],"inLanguage":"en-US"},{"@type":"Organization","@id":"https:\/\/frhub.netgear.com\/fr\/hub\/#organization","name":"NETGEAR","url":"https:\/\/frhub.netgear.com\/fr\/hub\/","logo":{"@type":"ImageObject","inLanguage":"en-US","@id":"https:\/\/frhub.netgear.com\/fr\/hub\/#\/schema\/logo\/image\/","url":"https:\/\/www.netgear.com\/fr\/hub\/wp-content\/uploads\/2019\/07\/NETGEAR_logo.jpg","contentUrl":"https:\/\/www.netgear.com\/fr\/hub\/wp-content\/uploads\/2019\/07\/NETGEAR_logo.jpg","width":1500,"height":501,"caption":"NETGEAR"},"image":{"@id":"https:\/\/frhub.netgear.com\/fr\/hub\/#\/schema\/logo\/image\/"},"sameAs":["https:\/\/www.facebook.com\/NetgearAU\/","https:\/\/x.com\/NETGEAR","https:\/\/www.linkedin.com\/company\/netgear"]}]}},"_links":{"self":[{"href":"https:\/\/frhub.netgear.com\/fr\/hub\/wp-json\/wp\/v2\/pages\/11377","targetHints":{"allow":["GET"]}}],"collection":[{"href":"https:\/\/frhub.netgear.com\/fr\/hub\/wp-json\/wp\/v2\/pages"}],"about":[{"href":"https:\/\/frhub.netgear.com\/fr\/hub\/wp-json\/wp\/v2\/types\/page"}],"author":[{"embeddable":true,"href":"https:\/\/frhub.netgear.com\/fr\/hub\/wp-json\/wp\/v2\/users\/97"}],"replies":[{"embeddable":true,"href":"https:\/\/frhub.netgear.com\/fr\/hub\/wp-json\/wp\/v2\/comments?post=11377"}],"version-history":[{"count":1,"href":"https:\/\/frhub.netgear.com\/fr\/hub\/wp-json\/wp\/v2\/pages\/11377\/revisions"}],"predecessor-version":[{"id":11379,"href":"https:\/\/frhub.netgear.com\/fr\/hub\/wp-json\/wp\/v2\/pages\/11377\/revisions\/11379"}],"up":[{"embeddable":true,"href":"https:\/\/frhub.netgear.com\/fr\/hub\/wp-json\/wp\/v2\/pages\/10498"}],"wp:featuredmedia":[{"embeddable":true,"href":"https:\/\/frhub.netgear.com\/fr\/hub\/wp-json\/wp\/v2\/media\/11378"}],"wp:attachment":[{"href":"https:\/\/frhub.netgear.com\/fr\/hub\/wp-json\/wp\/v2\/media?parent=11377"}],"curies":[{"name":"wp","href":"https:\/\/api.w.org\/{rel}","templated":true}]}}