{"id":11374,"date":"2024-11-01T10:30:50","date_gmt":"2025-10-21T08:30:16","guid":{"rendered":"https:\/\/frhub.netgear.com\/fr\/hub\/?page_id=11374"},"modified":"2025-10-21T10:31:00","modified_gmt":"2025-10-21T08:31:00","slug":"optimizing-medical-av-networks-netgear-shenzhen-damengxing","status":"publish","type":"page","link":"https:\/\/frhub.netgear.com\/fr\/hub\/business\/case-studies\/av-case-studies\/optimizing-medical-av-networks-netgear-shenzhen-damengxing\/","title":{"rendered":"Le succ\u00e8s de Shenzhen Damengxing avec les solutions NETGEAR"},"content":{"rendered":"<p><img loading=\"lazy\" decoding=\"async\" class=\"alignone size-full wp-image-10681\" style=\"border-radius: 1em;\" src=\"https:\/\/www.netgear.com\/hub\/wp-content\/uploads\/2025\/07\/360_F_306852722_PB7x14mD6HsXUUPtCt8QLdYUMWiaZ0Bp.jpg\" alt=\"\" width=\"1048\" height=\"511\" \/><\/p>\n    <div class=\"table-of-content bg-gray\">\n        <p><strong>IN THIS ARTICLE<\/strong><\/p>\n        <ul>\n                        <li><a href=\"#topic1\">R\u00e9sum\u00e9<\/a><\/li>\n                        <li><a href=\"#topic2\">Contexte<\/a><\/li>\n                        <li><a href=\"#topic3\">D\u00e9fis<\/a><\/li>\n                        <li><a href=\"#topic4\">Solution<\/a><\/li>\n                        <li><a href=\"#topic5\">Mise en \u0153uvre<\/a><\/li>\n                        <li><a href=\"#topic6\">Exp\u00e9rience client<\/a><\/li>\n                        <li><a href=\"#topic7\">Recommandation<\/a><\/li>\n                        <li><a href=\"#topic8\">Plus d'informations<\/a><\/li>\n                    <\/ul>\n    <\/div>\n        <div id=\"topic1\" class=\"skip-item\">\n                        <h2>R\u00e9sum\u00e9<\/h2>\n                <div style=\"background-color: #eeeeee;padding: 20px;width: 33%;float: right\">\n<p><strong>Nom de l\u2019entreprise :<\/strong><br \/>\nShenzhen Damengxing Computer Co.<\/p>\n<p><strong>Secteur d\u2019activit\u00e9 :<\/strong><br \/>\nFournisseur IT<\/p>\n<p><strong>Site web :<\/strong><br \/>\n<a href=\"https:\/\/www.sdc.cn\">sdc.cn<\/a><\/p>\n<p><strong>Localisation :<\/strong><br \/>\nShenzhen, Chine<\/p>\n<\/div>\n<p>Shenzhen Damengxing Computer Co., Ltd., qui dessert des utilisateurs m\u00e9dicaux \u00e0 Nanjing et Shenzhen, a rencontr\u00e9 des difficult\u00e9s avec son infrastructure r\u00e9seau existante, notamment une bande passante insuffisante et un manque de flexibilit\u00e9 pour g\u00e9rer des syst\u00e8mes AVoIP complexes. La mise en place de switches Managed NETGEAR a permis d\u2019am\u00e9liorer l\u2019efficacit\u00e9 et la scalabilit\u00e9 du r\u00e9seau, ce qui est crucial pour leur installation AV \u00e0 grande \u00e9chelle dans le cadre du projet d\u2019endoscopie biom\u00e9dicale Mindray \u00e0 Nanjing.<\/p>\n    <\/div>\n        <div id=\"topic2\" class=\"skip-item\">\n                        <h2>Contexte<\/h2>\n                <p>Shenzhen Damengxing Computer Co., Ltd. dessert principalement des utilisateurs m\u00e9dicaux et collabore avec des fabricants de dispositifs m\u00e9dicaux \u00e0 Nanjing et Shenzhen. L\u2019entreprise fournit des solutions AV et r\u00e9seau \u00e0 diverses institutions m\u00e9dicales, notamment pour des projets d\u2019endoscopie. Ses clients exigent des installations AV de haute qualit\u00e9, avec une infrastructure r\u00e9seau robuste et fiable afin d\u2019assurer un fonctionnement sans faille dans les environnements m\u00e9dicaux.<\/p>\n    <\/div>\n        <div id=\"topic3\" class=\"skip-item\">\n                        <h2>D\u00e9fis<\/h2>\n                <p>Avant la mise en \u0153uvre des solutions NETGEAR, Shenzhen Damengxing faisait face \u00e0 des limitations au niveau de son infrastructure r\u00e9seau. L\u2019entreprise rencontrait des probl\u00e8mes de bande passante insuffisante lors de la mont\u00e9e en charge des ports pour des installations plus exigeantes. En particulier, la bande passante des backplanes empilables des switches 24 et 48 ports s\u2019est av\u00e9r\u00e9e insuffisante pour une expansion future, ce qui obligeait l\u2019entreprise \u00e0 envisager des mises \u00e0 niveau co\u00fbteuses vers des \u00e9quipements 96 ports. De plus, la configuration r\u00e9seau existante manquait de flexibilit\u00e9 et de simplicit\u00e9 d\u2019utilisation pour g\u00e9rer des syst\u00e8mes AV sur IP complexes (SDVOE), engendrant des probl\u00e8mes de scalabilit\u00e9, de co\u00fbts et d\u2019efficacit\u00e9 op\u00e9rationnelle.<\/p>\n    <\/div>\n        <div id=\"topic4\" class=\"skip-item\">\n                        <h2>Solution<\/h2>\n                <p>Shenzhen Damengxing a choisi des <strong data-start=\"1405\" data-end=\"1446\">switches intelligents Managed NETGEAR<\/strong> \u00e9quip\u00e9s des capacit\u00e9s SDVOE pour relever ces d\u00e9fis. Un avantage cl\u00e9 de cette solution a \u00e9t\u00e9 l\u2019interface graphique SDVOE, qui a grandement facilit\u00e9 l\u2019exploitation et permis \u00e0 l\u2019entreprise de g\u00e9rer son r\u00e9seau AV de mani\u00e8re plus efficace. Bien que les produits NETGEAR r\u00e9pondaient aux exigences techniques, l\u2019entreprise a reconnu la n\u00e9cessit\u00e9 d\u2019une bande passante accrue pour accompagner la croissance future et \u00e9viter les co\u00fbts \u00e9lev\u00e9s li\u00e9s \u00e0 la mise \u00e0 niveau vers des \u00e9quipements plus chers.<\/p>\n    <\/div>\n        <div id=\"topic5\" class=\"skip-item\">\n                        <h2>Mise en \u0153uvre<\/h2>\n                <p>Des <strong data-start=\"1967\" data-end=\"2022\">switches non manageables, intelligents et managed NETGEAR<\/strong> ont \u00e9t\u00e9 utilis\u00e9s pour optimiser l\u2019installation r\u00e9seau AV de Shenzhen Damengxing dans le cadre du projet d\u2019endoscopie biom\u00e9dicale Mindray \u00e0 Nanjing. Ces switches ont offert la scalabilit\u00e9 et la flexibilit\u00e9 n\u00e9cessaires pour garantir une distribution efficace des signaux AV entre les diff\u00e9rents \u00e9quipements. L\u2019interface graphique SDVOE a permis une configuration et une exploitation ais\u00e9es, ce qui repr\u00e9sentait un avantage majeur pour la gestion des syst\u00e8mes AV complexes en milieu m\u00e9dical.<\/p>\n    <\/div>\n        <div id=\"topic6\" class=\"skip-item\">\n                        <h2>Exp\u00e9rience client<\/h2>\n                <p>Shenzhen Damengxing a \u00e9valu\u00e9 positivement son exp\u00e9rience globale avec les produits et services NETGEAR, mettant en avant la facilit\u00e9 d\u2019utilisation et l\u2019interface graphique SDVOE comme points forts. Cependant, l\u2019entreprise a \u00e9galement soulign\u00e9 des axes d\u2019am\u00e9lioration, tels qu\u2019un support technique pr\u00e9-vente renforc\u00e9 et un marketing produit plus \u00e9tendu. Elle estime qu\u2019une meilleure visibilit\u00e9 et un accompagnement accru pourraient accro\u00eetre l\u2019attrait des produits, notamment dans le secteur m\u00e9dical.<\/p>\n    <\/div>\n        <div id=\"topic7\" class=\"skip-item\">\n                        <h2>Recommandation<\/h2>\n                <p data-start=\"3069\" data-end=\"3465\">Shenzhen Damengxing recommande les solutions AV NETGEAR aux clients du secteur m\u00e9dical en raison de leur simplicit\u00e9 d\u2019utilisation et de leur capacit\u00e9 \u00e0 r\u00e9soudre des probl\u00e9matiques cl\u00e9s du r\u00e9seau. N\u00e9anmoins, elle mentionne des d\u00e9fis potentiels li\u00e9s aux conflits de canal et \u00e0 la protection des prix lorsqu\u2019elle recommande ces produits \u00e0 d\u2019autres clients, notamment dans des march\u00e9s concurrentiels.<\/p>\n<p data-start=\"3467\" data-end=\"3892\">Les produits NETGEAR ont \u00e9t\u00e9 d\u00e9ploy\u00e9s dans le cadre du projet d\u2019endoscopie biom\u00e9dicale Mindray \u00e0 Nanjing, impliquant une installation r\u00e9seau AV \u00e0 grande \u00e9chelle. Cette mise en place n\u00e9cessitait des solutions \u00e9volutives permettant de g\u00e9rer les futures extensions sans devoir revoir l\u2019ensemble de l\u2019infrastructure. L\u2019installation initiale comprenait des switches 24 ports et 48 ports, avec des plans de mont\u00e9e en charge futurs.<\/p>\n    <\/div>\n        <div id=\"topic8\" class=\"skip-item\">\n                        <h2>Plus d'informations<\/h2>\n                <p><!--SOLUTIONS NETGEAR AV --><br \/>\nPlus d\u2019informations sur nos solutions audiovisuelles<\/p>\n<div class=\"hs-cta-embed hs-cta-simple-placeholder hs-cta-embed-241151160046\" style=\"max-width: 100%;max-height: 100%;width: 260px;height: 50.390625px\" data-hubspot-wrapper-cta-id=\"241151160046\"><a href=\"https:\/\/cta-na2.hubspot.com\/web-interactives\/public\/v1\/track\/redirect?encryptedPayload=AVxigLJf4HGLXU18h5HBrlQTZuKX4p21iriDX%2FD9Weo1E0jc26wgSp32sJpGF%2FrOb977gqk9Skq%2FVgamhq%2FXvCN0mPQ1dmrdARtcNUH8fV5cFOvngo8qJ8EuMyEq%2Fqu2y51zC2FZUVyu97opP5ixVGCiE%2Bg6BOgTVVDljEMF5hhhXUNpnikrl2UTN%2Bb3TA%3D%3D&amp;webInteractiveContentId=241151160046&amp;portalId=242128791\" target=\"_blank\" rel=\"noopener\"><br \/>\n<img decoding=\"async\" style=\"height: 100%;width: 100%;object-fit: fill\" src=\"https:\/\/hubspot-no-cache-na2-prod.s3.amazonaws.com\/cta\/default\/242128791\/interactive-241151160046.png\" alt=\"SOLUTIONS NETGEAR AV\" \/><br \/>\n<\/a><\/div>\n<p><!-- NETGEAR ACADEMY AV --><br \/>\nApprenez tout sur les r\u00e9seaux IP gr\u00e2ce \u00e0 la NETGEAR ACADEMY<\/p>\n<div class=\"hs-cta-embed hs-cta-simple-placeholder hs-cta-embed-241151160033\" style=\"max-width: 100%;max-height: 100%;width: 260px;height: 50.390625px\" data-hubspot-wrapper-cta-id=\"241151160033\"><a href=\"https:\/\/cta-na2.hubspot.com\/web-interactives\/public\/v1\/track\/redirect?encryptedPayload=AVxigLJ6zgXxrLVJLagOt9pyIXf5%2FGgh9lUupWJj49Nfcbq71eIrrvJQt9JGeaQwNkTAPTWhI2%2BXk56NQscWP4xOQ7iZrhk6rkBjyO4dBlJGP1gG3BpcrdlgLyF%2F850K2l3xn5kDj5H%2Fur8VO2zJH58QH7by4HFWliY25223Shr3sQx25aCmNBjCDkNwA2WRum67F9fGyQyzoYOn86wAq%2Brw3xzsBDMbyw%3D%3D&amp;webInteractiveContentId=241151160033&amp;portalId=242128791\" target=\"_blank\" rel=\"noopener\"><br \/>\n<img decoding=\"async\" style=\"height: 100%;width: 100%;object-fit: fill\" src=\"https:\/\/hubspot-no-cache-na2-prod.s3.amazonaws.com\/cta\/default\/242128791\/interactive-241151160033.png\" alt=\"NETGEAR ACADEMY\" \/><br \/>\n<\/a><\/div>\n<p style=\"margin-bottom: 30px\"><!--CONTACTEZ L'EQUIPE PROAV --><br \/>\nNos ing\u00e9nieurs vous accompagneront gratuitement dans la r\u00e9alisation de vos projets audiovisuels<\/p>\n<div class=\"hs-cta-embed hs-cta-simple-placeholder hs-cta-embed-241151160055\" style=\"max-width: 100%;max-height: 100%;width: 270px;height: 50.390625px\" data-hubspot-wrapper-cta-id=\"241151160055\"><a href=\"https:\/\/cta-na2.hubspot.com\/web-interactives\/public\/v1\/track\/redirect?encryptedPayload=AVxigLLUG9XShtF2ziGdRlpsMD%2BMJ39t1kFOE7VlHl2HmmlWzlJWH0rsV7f3eoQL53gclcWb0lliiDgK3EAMVvEOcIE7gW9aYOwk1uipv43pSUkBlDtiKJ%2BcB7fopWupnJbggqZWRkNERZkdh1dDGXHHDJX3V0sOA8mbXD%2Fd6QC2XK2OyVtrDNFDHbBoT6b15PyvF4Ca3b6JBNTYdAzYeH790XenlNKBP4OKZqw50t7IGx9DuADFMFlNdg6FWQ%3D%3D&amp;webInteractiveContentId=241151160055&amp;portalId=242128791\" target=\"_blank\" rel=\"noopener\"><br \/>\n<img decoding=\"async\" style=\"height: 100%;width: 100%;object-fit: fill\" src=\"https:\/\/hubspot-no-cache-na2-prod.s3.amazonaws.com\/cta\/default\/242128791\/interactive-241151160055.png\" alt=\"CONTACTEZ L'EQUIPE PROAV\" \/><br \/>\n<\/a><\/div>\n<p style=\"margin-top: 50px\"><iframe loading=\"lazy\" src=\"https:\/\/405nrr.share-na2.hsforms.com\/24AR2ZDSmQqWycFqf8q5-eg\" width=\"100%\" height=\"1200px\"><\/iframe><\/p>\n    <\/div>\n    \n","protected":false},"excerpt":{"rendered":"","protected":false},"author":97,"featured_media":11375,"parent":10498,"menu_order":0,"comment_status":"closed","ping_status":"closed","template":"templates\/blog-wifi.php","meta":{"_acf_changed":false,"content-type":"","footnotes":""},"class_list":["post-11374","page","type-page","status-publish","has-post-thumbnail","hentry"],"acf":[],"yoast_head":"<!-- This site is optimized with the Yoast SEO plugin v27.5 - https:\/\/yoast.com\/product\/yoast-seo-wordpress\/ -->\n<title>Le succ\u00e8s de Shenzhen Damengxing avec les solutions NETGEAR - NETGEAR Blog<\/title>\n<meta name=\"robots\" content=\"index, follow, max-snippet:-1, max-image-preview:large, max-video-preview:-1\" \/>\n<link rel=\"canonical\" href=\"https:\/\/frhub.netgear.com\/fr\/hub\/business\/case-studies\/av-case-studies\/optimizing-medical-av-networks-netgear-shenzhen-damengxing\/\" \/>\n<meta property=\"og:locale\" content=\"en_US\" \/>\n<meta property=\"og:type\" content=\"article\" \/>\n<meta property=\"og:title\" content=\"Le succ\u00e8s de Shenzhen Damengxing avec les solutions NETGEAR - NETGEAR Blog\" \/>\n<meta property=\"og:url\" content=\"https:\/\/frhub.netgear.com\/fr\/hub\/business\/case-studies\/av-case-studies\/optimizing-medical-av-networks-netgear-shenzhen-damengxing\/\" \/>\n<meta property=\"og:site_name\" content=\"NETGEAR Blog\" \/>\n<meta property=\"article:publisher\" content=\"https:\/\/www.facebook.com\/NetgearAU\/\" \/>\n<meta property=\"article:modified_time\" content=\"2025-10-21T08:31:00+00:00\" \/>\n<meta property=\"og:image\" content=\"https:\/\/frhub.netgear.com\/fr\/hub\/wp-content\/uploads\/2025\/10\/360_F_306852722_PB7x14mD6HsXUUPtCt8QLdYUMWiaZ0Bp-383x288-1.jpg\" \/>\n\t<meta property=\"og:image:width\" content=\"383\" \/>\n\t<meta property=\"og:image:height\" content=\"288\" \/>\n\t<meta property=\"og:image:type\" content=\"image\/jpeg\" \/>\n<meta name=\"twitter:card\" content=\"summary_large_image\" \/>\n<meta name=\"twitter:site\" content=\"@NETGEAR\" \/>\n<script type=\"application\/ld+json\" class=\"yoast-schema-graph\">{\"@context\":\"https:\\\/\\\/schema.org\",\"@graph\":[{\"@type\":\"WebPage\",\"@id\":\"https:\\\/\\\/frhub.netgear.com\\\/fr\\\/hub\\\/business\\\/case-studies\\\/av-case-studies\\\/optimizing-medical-av-networks-netgear-shenzhen-damengxing\\\/\",\"url\":\"https:\\\/\\\/frhub.netgear.com\\\/fr\\\/hub\\\/business\\\/case-studies\\\/av-case-studies\\\/optimizing-medical-av-networks-netgear-shenzhen-damengxing\\\/\",\"name\":\"Le succ\u00e8s de Shenzhen Damengxing avec les solutions NETGEAR - NETGEAR Blog\",\"isPartOf\":{\"@id\":\"https:\\\/\\\/frhub.netgear.com\\\/fr\\\/hub\\\/#website\"},\"primaryImageOfPage\":{\"@id\":\"https:\\\/\\\/frhub.netgear.com\\\/fr\\\/hub\\\/business\\\/case-studies\\\/av-case-studies\\\/optimizing-medical-av-networks-netgear-shenzhen-damengxing\\\/#primaryimage\"},\"image\":{\"@id\":\"https:\\\/\\\/frhub.netgear.com\\\/fr\\\/hub\\\/business\\\/case-studies\\\/av-case-studies\\\/optimizing-medical-av-networks-netgear-shenzhen-damengxing\\\/#primaryimage\"},\"thumbnailUrl\":\"https:\\\/\\\/frhub.netgear.com\\\/fr\\\/hub\\\/wp-content\\\/uploads\\\/2025\\\/10\\\/360_F_306852722_PB7x14mD6HsXUUPtCt8QLdYUMWiaZ0Bp-383x288-1.jpg\",\"datePublished\":\"2025-10-21T08:30:16+00:00\",\"dateModified\":\"2025-10-21T08:31:00+00:00\",\"breadcrumb\":{\"@id\":\"https:\\\/\\\/frhub.netgear.com\\\/fr\\\/hub\\\/business\\\/case-studies\\\/av-case-studies\\\/optimizing-medical-av-networks-netgear-shenzhen-damengxing\\\/#breadcrumb\"},\"inLanguage\":\"en-US\",\"potentialAction\":[{\"@type\":\"ReadAction\",\"target\":[\"https:\\\/\\\/frhub.netgear.com\\\/fr\\\/hub\\\/business\\\/case-studies\\\/av-case-studies\\\/optimizing-medical-av-networks-netgear-shenzhen-damengxing\\\/\"]}]},{\"@type\":\"ImageObject\",\"inLanguage\":\"en-US\",\"@id\":\"https:\\\/\\\/frhub.netgear.com\\\/fr\\\/hub\\\/business\\\/case-studies\\\/av-case-studies\\\/optimizing-medical-av-networks-netgear-shenzhen-damengxing\\\/#primaryimage\",\"url\":\"https:\\\/\\\/frhub.netgear.com\\\/fr\\\/hub\\\/wp-content\\\/uploads\\\/2025\\\/10\\\/360_F_306852722_PB7x14mD6HsXUUPtCt8QLdYUMWiaZ0Bp-383x288-1.jpg\",\"contentUrl\":\"https:\\\/\\\/frhub.netgear.com\\\/fr\\\/hub\\\/wp-content\\\/uploads\\\/2025\\\/10\\\/360_F_306852722_PB7x14mD6HsXUUPtCt8QLdYUMWiaZ0Bp-383x288-1.jpg\",\"width\":383,\"height\":288},{\"@type\":\"BreadcrumbList\",\"@id\":\"https:\\\/\\\/frhub.netgear.com\\\/fr\\\/hub\\\/business\\\/case-studies\\\/av-case-studies\\\/optimizing-medical-av-networks-netgear-shenzhen-damengxing\\\/#breadcrumb\",\"itemListElement\":[{\"@type\":\"ListItem\",\"position\":1,\"name\":\"Home\",\"item\":\"https:\\\/\\\/frhub.netgear.com\\\/fr\\\/hub\\\/\"},{\"@type\":\"ListItem\",\"position\":2,\"name\":\"Entreprises\",\"item\":\"https:\\\/\\\/frhub.netgear.com\\\/fr\\\/hub\\\/business\\\/\"},{\"@type\":\"ListItem\",\"position\":3,\"name\":\"All Case Studies &#8211; FR\",\"item\":\"https:\\\/\\\/frhub.netgear.com\\\/fr\\\/hub\\\/business\\\/case-studies\\\/\"},{\"@type\":\"ListItem\",\"position\":4,\"name\":\"Case Studies &#8211; AV &#8211; FR\",\"item\":\"https:\\\/\\\/frhub.netgear.com\\\/fr\\\/hub\\\/business\\\/case-studies\\\/av-case-studies\\\/\"},{\"@type\":\"ListItem\",\"position\":5,\"name\":\"Le succ\u00e8s de Shenzhen Damengxing avec les solutions NETGEAR\"}]},{\"@type\":\"WebSite\",\"@id\":\"https:\\\/\\\/frhub.netgear.com\\\/fr\\\/hub\\\/#website\",\"url\":\"https:\\\/\\\/frhub.netgear.com\\\/fr\\\/hub\\\/\",\"name\":\"NETGEAR Hub France\",\"description\":\"Explorez les pages de notre blog et parcourez les articles pour en savoir plus sur les produits et la technologie NETGEAR.\",\"publisher\":{\"@id\":\"https:\\\/\\\/frhub.netgear.com\\\/fr\\\/hub\\\/#organization\"},\"potentialAction\":[{\"@type\":\"SearchAction\",\"target\":{\"@type\":\"EntryPoint\",\"urlTemplate\":\"https:\\\/\\\/frhub.netgear.com\\\/fr\\\/hub\\\/?s={search_term_string}\"},\"query-input\":{\"@type\":\"PropertyValueSpecification\",\"valueRequired\":true,\"valueName\":\"search_term_string\"}}],\"inLanguage\":\"en-US\"},{\"@type\":\"Organization\",\"@id\":\"https:\\\/\\\/frhub.netgear.com\\\/fr\\\/hub\\\/#organization\",\"name\":\"NETGEAR\",\"url\":\"https:\\\/\\\/frhub.netgear.com\\\/fr\\\/hub\\\/\",\"logo\":{\"@type\":\"ImageObject\",\"inLanguage\":\"en-US\",\"@id\":\"https:\\\/\\\/frhub.netgear.com\\\/fr\\\/hub\\\/#\\\/schema\\\/logo\\\/image\\\/\",\"url\":\"https:\\\/\\\/www.netgear.com\\\/fr\\\/hub\\\/wp-content\\\/uploads\\\/2019\\\/07\\\/NETGEAR_logo.jpg\",\"contentUrl\":\"https:\\\/\\\/www.netgear.com\\\/fr\\\/hub\\\/wp-content\\\/uploads\\\/2019\\\/07\\\/NETGEAR_logo.jpg\",\"width\":1500,\"height\":501,\"caption\":\"NETGEAR\"},\"image\":{\"@id\":\"https:\\\/\\\/frhub.netgear.com\\\/fr\\\/hub\\\/#\\\/schema\\\/logo\\\/image\\\/\"},\"sameAs\":[\"https:\\\/\\\/www.facebook.com\\\/NetgearAU\\\/\",\"https:\\\/\\\/x.com\\\/NETGEAR\",\"https:\\\/\\\/www.linkedin.com\\\/company\\\/netgear\"]}]}<\/script>\n<!-- \/ Yoast SEO plugin. -->","yoast_head_json":{"title":"Le succ\u00e8s de Shenzhen Damengxing avec les solutions NETGEAR - NETGEAR Blog","robots":{"index":"index","follow":"follow","max-snippet":"max-snippet:-1","max-image-preview":"max-image-preview:large","max-video-preview":"max-video-preview:-1"},"canonical":"https:\/\/frhub.netgear.com\/fr\/hub\/business\/case-studies\/av-case-studies\/optimizing-medical-av-networks-netgear-shenzhen-damengxing\/","og_locale":"en_US","og_type":"article","og_title":"Le succ\u00e8s de Shenzhen Damengxing avec les solutions NETGEAR - NETGEAR Blog","og_url":"https:\/\/frhub.netgear.com\/fr\/hub\/business\/case-studies\/av-case-studies\/optimizing-medical-av-networks-netgear-shenzhen-damengxing\/","og_site_name":"NETGEAR Blog","article_publisher":"https:\/\/www.facebook.com\/NetgearAU\/","article_modified_time":"2025-10-21T08:31:00+00:00","og_image":[{"width":383,"height":288,"url":"https:\/\/frhub.netgear.com\/fr\/hub\/wp-content\/uploads\/2025\/10\/360_F_306852722_PB7x14mD6HsXUUPtCt8QLdYUMWiaZ0Bp-383x288-1.jpg","type":"image\/jpeg"}],"twitter_card":"summary_large_image","twitter_site":"@NETGEAR","schema":{"@context":"https:\/\/schema.org","@graph":[{"@type":"WebPage","@id":"https:\/\/frhub.netgear.com\/fr\/hub\/business\/case-studies\/av-case-studies\/optimizing-medical-av-networks-netgear-shenzhen-damengxing\/","url":"https:\/\/frhub.netgear.com\/fr\/hub\/business\/case-studies\/av-case-studies\/optimizing-medical-av-networks-netgear-shenzhen-damengxing\/","name":"Le succ\u00e8s de Shenzhen Damengxing avec les solutions NETGEAR - NETGEAR Blog","isPartOf":{"@id":"https:\/\/frhub.netgear.com\/fr\/hub\/#website"},"primaryImageOfPage":{"@id":"https:\/\/frhub.netgear.com\/fr\/hub\/business\/case-studies\/av-case-studies\/optimizing-medical-av-networks-netgear-shenzhen-damengxing\/#primaryimage"},"image":{"@id":"https:\/\/frhub.netgear.com\/fr\/hub\/business\/case-studies\/av-case-studies\/optimizing-medical-av-networks-netgear-shenzhen-damengxing\/#primaryimage"},"thumbnailUrl":"https:\/\/frhub.netgear.com\/fr\/hub\/wp-content\/uploads\/2025\/10\/360_F_306852722_PB7x14mD6HsXUUPtCt8QLdYUMWiaZ0Bp-383x288-1.jpg","datePublished":"2025-10-21T08:30:16+00:00","dateModified":"2025-10-21T08:31:00+00:00","breadcrumb":{"@id":"https:\/\/frhub.netgear.com\/fr\/hub\/business\/case-studies\/av-case-studies\/optimizing-medical-av-networks-netgear-shenzhen-damengxing\/#breadcrumb"},"inLanguage":"en-US","potentialAction":[{"@type":"ReadAction","target":["https:\/\/frhub.netgear.com\/fr\/hub\/business\/case-studies\/av-case-studies\/optimizing-medical-av-networks-netgear-shenzhen-damengxing\/"]}]},{"@type":"ImageObject","inLanguage":"en-US","@id":"https:\/\/frhub.netgear.com\/fr\/hub\/business\/case-studies\/av-case-studies\/optimizing-medical-av-networks-netgear-shenzhen-damengxing\/#primaryimage","url":"https:\/\/frhub.netgear.com\/fr\/hub\/wp-content\/uploads\/2025\/10\/360_F_306852722_PB7x14mD6HsXUUPtCt8QLdYUMWiaZ0Bp-383x288-1.jpg","contentUrl":"https:\/\/frhub.netgear.com\/fr\/hub\/wp-content\/uploads\/2025\/10\/360_F_306852722_PB7x14mD6HsXUUPtCt8QLdYUMWiaZ0Bp-383x288-1.jpg","width":383,"height":288},{"@type":"BreadcrumbList","@id":"https:\/\/frhub.netgear.com\/fr\/hub\/business\/case-studies\/av-case-studies\/optimizing-medical-av-networks-netgear-shenzhen-damengxing\/#breadcrumb","itemListElement":[{"@type":"ListItem","position":1,"name":"Home","item":"https:\/\/frhub.netgear.com\/fr\/hub\/"},{"@type":"ListItem","position":2,"name":"Entreprises","item":"https:\/\/frhub.netgear.com\/fr\/hub\/business\/"},{"@type":"ListItem","position":3,"name":"All Case Studies &#8211; FR","item":"https:\/\/frhub.netgear.com\/fr\/hub\/business\/case-studies\/"},{"@type":"ListItem","position":4,"name":"Case Studies &#8211; AV &#8211; FR","item":"https:\/\/frhub.netgear.com\/fr\/hub\/business\/case-studies\/av-case-studies\/"},{"@type":"ListItem","position":5,"name":"Le succ\u00e8s de Shenzhen Damengxing avec les solutions NETGEAR"}]},{"@type":"WebSite","@id":"https:\/\/frhub.netgear.com\/fr\/hub\/#website","url":"https:\/\/frhub.netgear.com\/fr\/hub\/","name":"NETGEAR Hub France","description":"Explorez les pages de notre blog et parcourez les articles pour en savoir plus sur les produits et la technologie NETGEAR.","publisher":{"@id":"https:\/\/frhub.netgear.com\/fr\/hub\/#organization"},"potentialAction":[{"@type":"SearchAction","target":{"@type":"EntryPoint","urlTemplate":"https:\/\/frhub.netgear.com\/fr\/hub\/?s={search_term_string}"},"query-input":{"@type":"PropertyValueSpecification","valueRequired":true,"valueName":"search_term_string"}}],"inLanguage":"en-US"},{"@type":"Organization","@id":"https:\/\/frhub.netgear.com\/fr\/hub\/#organization","name":"NETGEAR","url":"https:\/\/frhub.netgear.com\/fr\/hub\/","logo":{"@type":"ImageObject","inLanguage":"en-US","@id":"https:\/\/frhub.netgear.com\/fr\/hub\/#\/schema\/logo\/image\/","url":"https:\/\/www.netgear.com\/fr\/hub\/wp-content\/uploads\/2019\/07\/NETGEAR_logo.jpg","contentUrl":"https:\/\/www.netgear.com\/fr\/hub\/wp-content\/uploads\/2019\/07\/NETGEAR_logo.jpg","width":1500,"height":501,"caption":"NETGEAR"},"image":{"@id":"https:\/\/frhub.netgear.com\/fr\/hub\/#\/schema\/logo\/image\/"},"sameAs":["https:\/\/www.facebook.com\/NetgearAU\/","https:\/\/x.com\/NETGEAR","https:\/\/www.linkedin.com\/company\/netgear"]}]}},"_links":{"self":[{"href":"https:\/\/frhub.netgear.com\/fr\/hub\/wp-json\/wp\/v2\/pages\/11374","targetHints":{"allow":["GET"]}}],"collection":[{"href":"https:\/\/frhub.netgear.com\/fr\/hub\/wp-json\/wp\/v2\/pages"}],"about":[{"href":"https:\/\/frhub.netgear.com\/fr\/hub\/wp-json\/wp\/v2\/types\/page"}],"author":[{"embeddable":true,"href":"https:\/\/frhub.netgear.com\/fr\/hub\/wp-json\/wp\/v2\/users\/97"}],"replies":[{"embeddable":true,"href":"https:\/\/frhub.netgear.com\/fr\/hub\/wp-json\/wp\/v2\/comments?post=11374"}],"version-history":[{"count":1,"href":"https:\/\/frhub.netgear.com\/fr\/hub\/wp-json\/wp\/v2\/pages\/11374\/revisions"}],"predecessor-version":[{"id":11376,"href":"https:\/\/frhub.netgear.com\/fr\/hub\/wp-json\/wp\/v2\/pages\/11374\/revisions\/11376"}],"up":[{"embeddable":true,"href":"https:\/\/frhub.netgear.com\/fr\/hub\/wp-json\/wp\/v2\/pages\/10498"}],"wp:featuredmedia":[{"embeddable":true,"href":"https:\/\/frhub.netgear.com\/fr\/hub\/wp-json\/wp\/v2\/media\/11375"}],"wp:attachment":[{"href":"https:\/\/frhub.netgear.com\/fr\/hub\/wp-json\/wp\/v2\/media?parent=11374"}],"curies":[{"name":"wp","href":"https:\/\/api.w.org\/{rel}","templated":true}]}}