{"id":11364,"date":"2024-11-27T10:01:50","date_gmt":"2025-10-21T08:01:56","guid":{"rendered":"https:\/\/frhub.netgear.com\/fr\/hub\/?page_id=11364"},"modified":"2025-10-21T10:03:29","modified_gmt":"2025-10-21T08:03:29","slug":"state-of-the-art-facilities-for-the-flemish-parliament","status":"publish","type":"page","link":"https:\/\/frhub.netgear.com\/fr\/hub\/business\/case-studies\/av-case-studies\/state-of-the-art-facilities-for-the-flemish-parliament\/","title":{"rendered":"Des installations \u00e0 la pointe de la technologie au Parlement flamand gr\u00e2ce \u00e0 des switches performants."},"content":{"rendered":"<p><img loading=\"lazy\" decoding=\"async\" class=\"alignone size-full wp-image-10681\" style=\"border-radius: 1em;\" src=\"https:\/\/www.netgear.com\/hub\/wp-content\/uploads\/2024\/11\/Screenshot-2024-11-27-at-12.10.13.png\" alt=\"\" width=\"1048\" height=\"511\" \/><\/p>\n    <div class=\"table-of-content bg-gray\">\n        <p><strong>IN THIS ARTICLE<\/strong><\/p>\n        <ul>\n                        <li><a href=\"#topic1\">R\u00e9sum\u00e9<\/a><\/li>\n                        <li><a href=\"#topic2\">Contexte<\/a><\/li>\n                        <li><a href=\"#topic3\">D\u00e9fis<\/a><\/li>\n                        <li><a href=\"#topic4\">Solution<\/a><\/li>\n                        <li><a href=\"#topic5\">Mise en \u0153uvre<\/a><\/li>\n                        <li><a href=\"#topic6\">R\u00e9sultat<\/a><\/li>\n                        <li><a href=\"#topic7\">Source<\/a><\/li>\n                        <li><a href=\"#topic8\">Plus d'informations<\/a><\/li>\n                    <\/ul>\n    <\/div>\n        <div id=\"topic1\" class=\"skip-item\">\n                        <h2>R\u00e9sum\u00e9<\/h2>\n                <div style=\"background-color: #eeeeee;padding: 20px;width: 33%;float: right\">\n<p><strong>Nom de l\u2019entreprise :<\/strong><br \/>\nParlement flamand<\/p>\n<p><strong>Secteur d\u2019activit\u00e9 :<\/strong><br \/>\nGouvernemental<\/p>\n<p><strong>Localisation :<\/strong><br \/>\nAnvers, Belgique<\/p>\n<\/div>\n<p>Au c\u0153ur du Parlement flamand, la salle Jan Van Eyck a connu une transformation remarquable. Cet espace autrefois modeste est d\u00e9sormais un symbole de modernit\u00e9 et de fonctionnalit\u00e9, pr\u00eat \u00e0 accueillir divers \u00e9v\u00e9nements gr\u00e2ce \u00e0 ses installations \u00e0 la pointe de la technologie.<\/p>\n    <\/div>\n        <div id=\"topic2\" class=\"skip-item\">\n                        <h2>Contexte<\/h2>\n                <p>La <strong data-start=\"190\" data-end=\"210\">Jan Van Eyckzaal<\/strong>, nomm\u00e9e en hommage au c\u00e9l\u00e8bre peintre flamand, a toujours occup\u00e9 une place importante au <strong data-start=\"300\" data-end=\"321\">Parlement flamand<\/strong>. Cependant, avec le temps, son charme a \u00e9t\u00e9 \u00e9clips\u00e9 par une technologie obsol\u00e8te et une accessibilit\u00e9 limit\u00e9e. Il devenait \u00e9vident qu\u2019une <strong data-start=\"460\" data-end=\"483\">r\u00e9novation compl\u00e8te<\/strong> \u00e9tait n\u00e9cessaire pour r\u00e9pondre aux exigences des \u00e9v\u00e9nements et rassemblements contemporains.<\/p>\n    <\/div>\n        <div id=\"topic3\" class=\"skip-item\">\n                        <h2>D\u00e9fis<\/h2>\n                <p>La r\u00e9novation de la Jan Van Eyckzaal a repr\u00e9sent\u00e9 un <strong data-start=\"652\" data-end=\"670\">v\u00e9ritable d\u00e9fi<\/strong>. L\u2019installation existante appartenait \u00e0 une autre \u00e9poque, d\u00e9pourvue des technologies n\u00e9cessaires pour des \u00e9v\u00e9nements modernes. La conception et l\u2019emplacement de la salle rendaient son acc\u00e8s et son confort limit\u00e9s pour les participants. De plus, l\u2019ancien syst\u00e8me audio peinait \u00e0 offrir un son clair, rendant l\u2019engagement difficile lors des r\u00e9unions.<\/p>\n    <\/div>\n        <div id=\"topic4\" class=\"skip-item\">\n                        <h2>Solution<\/h2>\n                <p data-start=\"1045\" data-end=\"1183\">Un plan ambitieux a \u00e9t\u00e9 mis en \u0153uvre pour <strong data-start=\"1087\" data-end=\"1103\">redonner vie<\/strong> \u00e0 la Jan Van Eyckzaal. La solution s\u2019est concentr\u00e9e sur trois axes principaux :<\/p>\n<ul data-start=\"1185\" data-end=\"1697\">\n<li data-start=\"1185\" data-end=\"1373\">\n<p data-start=\"1187\" data-end=\"1373\"><strong data-start=\"1187\" data-end=\"1225\">\u00c9quipements audiovisuels de pointe<\/strong> : installation d\u2019un vid\u00e9oprojecteur fixe, d\u2019\u00e9crans double face et d\u2019un syst\u00e8me de diffusion am\u00e9lior\u00e9 pour enrichir les pr\u00e9sentations et les d\u00e9bats.<\/p>\n<\/li>\n<li data-start=\"1374\" data-end=\"1534\">\n<p data-start=\"1376\" data-end=\"1534\"><strong data-start=\"1376\" data-end=\"1404\">Accessibilit\u00e9 et confort<\/strong> : repens\u00e9s pour permettre \u00e0 tous les participants d\u2019acc\u00e9der facilement \u00e0 la salle et d\u2019y assister dans les meilleures conditions.<\/p>\n<\/li>\n<li data-start=\"1535\" data-end=\"1697\">\n<p data-start=\"1537\" data-end=\"1697\"><strong data-start=\"1537\" data-end=\"1568\">Syst\u00e8me audio haute qualit\u00e9<\/strong> : mise en place d\u2019une isolation phonique avanc\u00e9e et de microphones professionnels pour garantir une clart\u00e9 sonore irr\u00e9prochable.<\/p>\n<\/li>\n<\/ul>\n<p data-start=\"1699\" data-end=\"1864\">Ce projet a \u00e9t\u00e9 rendu possible gr\u00e2ce \u00e0 une <strong data-start=\"1742\" data-end=\"1770\">excellente collaboration<\/strong> entre plusieurs fabricants de renom : <strong data-start=\"1809\" data-end=\"1863\">Bosch, Panasonic, L-Acoustics, Crestron et NETGEAR<\/strong>.<\/p>\n    <\/div>\n        <div id=\"topic5\" class=\"skip-item\">\n                        <h2>Mise en \u0153uvre<\/h2>\n                <p>La transformation de la salle Jan Van Eyck a \u00e9t\u00e9 un <strong data-start=\"1947\" data-end=\"1970\">processus rigoureux<\/strong>. Des experts en architecture et en technologie ont travaill\u00e9 main dans la main pour \u00e9laborer un plan de r\u00e9novation d\u00e9taill\u00e9. La salle est d\u00e9sormais \u00e9quip\u00e9e d\u2019une infrastructure moderne incluant : <strong data-start=\"2167\" data-end=\"2227\">climatisation intelligente, Wi-Fi, \u00e9clairage sophistiqu\u00e9<\/strong>. Tous les syst\u00e8mes ont \u00e9t\u00e9 minutieusement test\u00e9s, suivis de <strong data-start=\"2288\" data-end=\"2331\">sessions de formation pour le personnel<\/strong> afin d\u2019en assurer une utilisation fluide.<\/p>\n    <\/div>\n        <div id=\"topic6\" class=\"skip-item\">\n                        <h2>R\u00e9sultat<\/h2>\n                <p>La <strong data-start=\"2402\" data-end=\"2422\">Jan Van Eyckzaal<\/strong> est aujourd\u2019hui un <strong data-start=\"2442\" data-end=\"2486\">mod\u00e8le d\u2019innovation et de fonctionnalit\u00e9<\/strong>. Sa nouvelle technologie permet d\u2019accueillir une grande vari\u00e9t\u00e9 d\u2019\u00e9v\u00e9nements \u2013 des <strong data-start=\"2570\" data-end=\"2591\">d\u00e9bats politiques<\/strong> aux <strong data-start=\"2596\" data-end=\"2626\">pr\u00e9sentations interactives<\/strong>. L\u2019am\u00e9lioration du design et de l\u2019am\u00e9nagement en fait un espace <strong data-start=\"2691\" data-end=\"2718\">convivial et accessible<\/strong>, tandis que les solutions acoustiques avanc\u00e9es garantissent que <strong data-start=\"2783\" data-end=\"2826\">chaque parole soit entendue avec clart\u00e9<\/strong>, favorisant une meilleure communication et participation.<\/p>\n    <\/div>\n        <div id=\"topic7\" class=\"skip-item\">\n                        <h2>Source<\/h2>\n                <p>Pour plus d&#8217;informations, consultez la <a href=\"https:\/\/www.linkedin.com\/posts\/koen-maebe-2200a119_vlaams-parlement-jan-van-eyck-zaal-na-de-activity-7266430678131511296-OiPU?utm_source=share&amp;utm_medium=member_desktop\" target=\"_blank\" rel=\"noopener\">publication LinkedIn<\/a> de <strong data-start=\"2971\" data-end=\"2985\">Koen Maebe<\/strong>.<\/p>\n    <\/div>\n        <div id=\"topic8\" class=\"skip-item\">\n                        <h2>Plus d'informations<\/h2>\n                <p><!--SOLUTIONS NETGEAR AV --><br \/>\nPlus d\u2019informations sur nos solutions audiovisuelles<\/p>\n<div class=\"hs-cta-embed hs-cta-simple-placeholder hs-cta-embed-241151160046\" style=\"max-width: 100%;max-height: 100%;width: 260px;height: 50.390625px\" data-hubspot-wrapper-cta-id=\"241151160046\"><a href=\"https:\/\/cta-na2.hubspot.com\/web-interactives\/public\/v1\/track\/redirect?encryptedPayload=AVxigLJf4HGLXU18h5HBrlQTZuKX4p21iriDX%2FD9Weo1E0jc26wgSp32sJpGF%2FrOb977gqk9Skq%2FVgamhq%2FXvCN0mPQ1dmrdARtcNUH8fV5cFOvngo8qJ8EuMyEq%2Fqu2y51zC2FZUVyu97opP5ixVGCiE%2Bg6BOgTVVDljEMF5hhhXUNpnikrl2UTN%2Bb3TA%3D%3D&amp;webInteractiveContentId=241151160046&amp;portalId=242128791\" target=\"_blank\" rel=\"noopener\"><br \/>\n<img decoding=\"async\" style=\"height: 100%;width: 100%;object-fit: fill\" src=\"https:\/\/hubspot-no-cache-na2-prod.s3.amazonaws.com\/cta\/default\/242128791\/interactive-241151160046.png\" alt=\"SOLUTIONS NETGEAR AV\" \/><br \/>\n<\/a><\/div>\n<p><!-- NETGEAR ACADEMY AV --><br \/>\nApprenez tout sur les r\u00e9seaux IP gr\u00e2ce \u00e0 la NETGEAR ACADEMY<\/p>\n<div class=\"hs-cta-embed hs-cta-simple-placeholder hs-cta-embed-241151160033\" style=\"max-width: 100%;max-height: 100%;width: 260px;height: 50.390625px\" data-hubspot-wrapper-cta-id=\"241151160033\"><a href=\"https:\/\/cta-na2.hubspot.com\/web-interactives\/public\/v1\/track\/redirect?encryptedPayload=AVxigLJ6zgXxrLVJLagOt9pyIXf5%2FGgh9lUupWJj49Nfcbq71eIrrvJQt9JGeaQwNkTAPTWhI2%2BXk56NQscWP4xOQ7iZrhk6rkBjyO4dBlJGP1gG3BpcrdlgLyF%2F850K2l3xn5kDj5H%2Fur8VO2zJH58QH7by4HFWliY25223Shr3sQx25aCmNBjCDkNwA2WRum67F9fGyQyzoYOn86wAq%2Brw3xzsBDMbyw%3D%3D&amp;webInteractiveContentId=241151160033&amp;portalId=242128791\" target=\"_blank\" rel=\"noopener\"><br \/>\n<img decoding=\"async\" style=\"height: 100%;width: 100%;object-fit: fill\" src=\"https:\/\/hubspot-no-cache-na2-prod.s3.amazonaws.com\/cta\/default\/242128791\/interactive-241151160033.png\" alt=\"NETGEAR ACADEMY\" \/><br \/>\n<\/a><\/div>\n<p style=\"margin-bottom: 30px\"><!--CONTACTEZ L'EQUIPE PROAV --><br \/>\nNos ing\u00e9nieurs vous accompagneront gratuitement dans la r\u00e9alisation de vos projets audiovisuels<\/p>\n<div class=\"hs-cta-embed hs-cta-simple-placeholder hs-cta-embed-241151160055\" style=\"max-width: 100%;max-height: 100%;width: 270px;height: 50.390625px\" data-hubspot-wrapper-cta-id=\"241151160055\"><a href=\"https:\/\/cta-na2.hubspot.com\/web-interactives\/public\/v1\/track\/redirect?encryptedPayload=AVxigLLUG9XShtF2ziGdRlpsMD%2BMJ39t1kFOE7VlHl2HmmlWzlJWH0rsV7f3eoQL53gclcWb0lliiDgK3EAMVvEOcIE7gW9aYOwk1uipv43pSUkBlDtiKJ%2BcB7fopWupnJbggqZWRkNERZkdh1dDGXHHDJX3V0sOA8mbXD%2Fd6QC2XK2OyVtrDNFDHbBoT6b15PyvF4Ca3b6JBNTYdAzYeH790XenlNKBP4OKZqw50t7IGx9DuADFMFlNdg6FWQ%3D%3D&amp;webInteractiveContentId=241151160055&amp;portalId=242128791\" target=\"_blank\" rel=\"noopener\"><br \/>\n<img decoding=\"async\" style=\"height: 100%;width: 100%;object-fit: fill\" src=\"https:\/\/hubspot-no-cache-na2-prod.s3.amazonaws.com\/cta\/default\/242128791\/interactive-241151160055.png\" alt=\"CONTACTEZ L'EQUIPE PROAV\" \/><br \/>\n<\/a><\/div>\n<p style=\"margin-top: 50px\"><iframe loading=\"lazy\" src=\"https:\/\/405nrr.share-na2.hsforms.com\/24AR2ZDSmQqWycFqf8q5-eg\" width=\"100%\" height=\"1200px\"><\/iframe><\/p>\n    <\/div>\n    \n","protected":false},"excerpt":{"rendered":"","protected":false},"author":97,"featured_media":11365,"parent":10498,"menu_order":0,"comment_status":"closed","ping_status":"closed","template":"templates\/blog-wifi.php","meta":{"_acf_changed":false,"content-type":"","footnotes":""},"class_list":["post-11364","page","type-page","status-publish","has-post-thumbnail","hentry"],"acf":[],"yoast_head":"<!-- This site is optimized with the Yoast SEO plugin v27.4 - https:\/\/yoast.com\/product\/yoast-seo-wordpress\/ -->\n<title>Des installations \u00e0 la pointe de la technologie au Parlement flamand gr\u00e2ce \u00e0 des switches performants. - NETGEAR Blog<\/title>\n<meta name=\"robots\" content=\"index, follow, max-snippet:-1, max-image-preview:large, max-video-preview:-1\" \/>\n<link rel=\"canonical\" href=\"https:\/\/frhub.netgear.com\/fr\/hub\/business\/case-studies\/av-case-studies\/state-of-the-art-facilities-for-the-flemish-parliament\/\" \/>\n<meta property=\"og:locale\" content=\"en_US\" \/>\n<meta property=\"og:type\" content=\"article\" \/>\n<meta property=\"og:title\" content=\"Des installations \u00e0 la pointe de la technologie au Parlement flamand gr\u00e2ce \u00e0 des switches performants. - NETGEAR Blog\" \/>\n<meta property=\"og:url\" content=\"https:\/\/frhub.netgear.com\/fr\/hub\/business\/case-studies\/av-case-studies\/state-of-the-art-facilities-for-the-flemish-parliament\/\" \/>\n<meta property=\"og:site_name\" content=\"NETGEAR Blog\" \/>\n<meta property=\"article:publisher\" content=\"https:\/\/www.facebook.com\/NetgearAU\/\" \/>\n<meta property=\"article:modified_time\" content=\"2025-10-21T08:03:29+00:00\" \/>\n<meta property=\"og:image\" content=\"https:\/\/frhub.netgear.com\/fr\/hub\/wp-content\/uploads\/2025\/10\/1732452075753-383x288-1.jpg\" \/>\n\t<meta property=\"og:image:width\" content=\"383\" \/>\n\t<meta property=\"og:image:height\" content=\"288\" \/>\n\t<meta property=\"og:image:type\" content=\"image\/jpeg\" \/>\n<meta name=\"twitter:card\" content=\"summary_large_image\" \/>\n<meta name=\"twitter:site\" content=\"@NETGEAR\" \/>\n<script type=\"application\/ld+json\" class=\"yoast-schema-graph\">{\"@context\":\"https:\\\/\\\/schema.org\",\"@graph\":[{\"@type\":\"WebPage\",\"@id\":\"https:\\\/\\\/frhub.netgear.com\\\/fr\\\/hub\\\/business\\\/case-studies\\\/av-case-studies\\\/state-of-the-art-facilities-for-the-flemish-parliament\\\/\",\"url\":\"https:\\\/\\\/frhub.netgear.com\\\/fr\\\/hub\\\/business\\\/case-studies\\\/av-case-studies\\\/state-of-the-art-facilities-for-the-flemish-parliament\\\/\",\"name\":\"Des installations \u00e0 la pointe de la technologie au Parlement flamand gr\u00e2ce \u00e0 des switches performants. - NETGEAR Blog\",\"isPartOf\":{\"@id\":\"https:\\\/\\\/frhub.netgear.com\\\/fr\\\/hub\\\/#website\"},\"primaryImageOfPage\":{\"@id\":\"https:\\\/\\\/frhub.netgear.com\\\/fr\\\/hub\\\/business\\\/case-studies\\\/av-case-studies\\\/state-of-the-art-facilities-for-the-flemish-parliament\\\/#primaryimage\"},\"image\":{\"@id\":\"https:\\\/\\\/frhub.netgear.com\\\/fr\\\/hub\\\/business\\\/case-studies\\\/av-case-studies\\\/state-of-the-art-facilities-for-the-flemish-parliament\\\/#primaryimage\"},\"thumbnailUrl\":\"https:\\\/\\\/frhub.netgear.com\\\/fr\\\/hub\\\/wp-content\\\/uploads\\\/2025\\\/10\\\/1732452075753-383x288-1.jpg\",\"datePublished\":\"2025-10-21T08:01:56+00:00\",\"dateModified\":\"2025-10-21T08:03:29+00:00\",\"breadcrumb\":{\"@id\":\"https:\\\/\\\/frhub.netgear.com\\\/fr\\\/hub\\\/business\\\/case-studies\\\/av-case-studies\\\/state-of-the-art-facilities-for-the-flemish-parliament\\\/#breadcrumb\"},\"inLanguage\":\"en-US\",\"potentialAction\":[{\"@type\":\"ReadAction\",\"target\":[\"https:\\\/\\\/frhub.netgear.com\\\/fr\\\/hub\\\/business\\\/case-studies\\\/av-case-studies\\\/state-of-the-art-facilities-for-the-flemish-parliament\\\/\"]}]},{\"@type\":\"ImageObject\",\"inLanguage\":\"en-US\",\"@id\":\"https:\\\/\\\/frhub.netgear.com\\\/fr\\\/hub\\\/business\\\/case-studies\\\/av-case-studies\\\/state-of-the-art-facilities-for-the-flemish-parliament\\\/#primaryimage\",\"url\":\"https:\\\/\\\/frhub.netgear.com\\\/fr\\\/hub\\\/wp-content\\\/uploads\\\/2025\\\/10\\\/1732452075753-383x288-1.jpg\",\"contentUrl\":\"https:\\\/\\\/frhub.netgear.com\\\/fr\\\/hub\\\/wp-content\\\/uploads\\\/2025\\\/10\\\/1732452075753-383x288-1.jpg\",\"width\":383,\"height\":288},{\"@type\":\"BreadcrumbList\",\"@id\":\"https:\\\/\\\/frhub.netgear.com\\\/fr\\\/hub\\\/business\\\/case-studies\\\/av-case-studies\\\/state-of-the-art-facilities-for-the-flemish-parliament\\\/#breadcrumb\",\"itemListElement\":[{\"@type\":\"ListItem\",\"position\":1,\"name\":\"Home\",\"item\":\"https:\\\/\\\/frhub.netgear.com\\\/fr\\\/hub\\\/\"},{\"@type\":\"ListItem\",\"position\":2,\"name\":\"Entreprises\",\"item\":\"https:\\\/\\\/frhub.netgear.com\\\/fr\\\/hub\\\/business\\\/\"},{\"@type\":\"ListItem\",\"position\":3,\"name\":\"All Case Studies &#8211; FR\",\"item\":\"https:\\\/\\\/frhub.netgear.com\\\/fr\\\/hub\\\/business\\\/case-studies\\\/\"},{\"@type\":\"ListItem\",\"position\":4,\"name\":\"Case Studies &#8211; AV &#8211; FR\",\"item\":\"https:\\\/\\\/frhub.netgear.com\\\/fr\\\/hub\\\/business\\\/case-studies\\\/av-case-studies\\\/\"},{\"@type\":\"ListItem\",\"position\":5,\"name\":\"Des installations \u00e0 la pointe de la technologie au Parlement flamand gr\u00e2ce \u00e0 des switches performants.\"}]},{\"@type\":\"WebSite\",\"@id\":\"https:\\\/\\\/frhub.netgear.com\\\/fr\\\/hub\\\/#website\",\"url\":\"https:\\\/\\\/frhub.netgear.com\\\/fr\\\/hub\\\/\",\"name\":\"NETGEAR Hub France\",\"description\":\"Explorez les pages de notre blog et parcourez les articles pour en savoir plus sur les produits et la technologie NETGEAR.\",\"publisher\":{\"@id\":\"https:\\\/\\\/frhub.netgear.com\\\/fr\\\/hub\\\/#organization\"},\"potentialAction\":[{\"@type\":\"SearchAction\",\"target\":{\"@type\":\"EntryPoint\",\"urlTemplate\":\"https:\\\/\\\/frhub.netgear.com\\\/fr\\\/hub\\\/?s={search_term_string}\"},\"query-input\":{\"@type\":\"PropertyValueSpecification\",\"valueRequired\":true,\"valueName\":\"search_term_string\"}}],\"inLanguage\":\"en-US\"},{\"@type\":\"Organization\",\"@id\":\"https:\\\/\\\/frhub.netgear.com\\\/fr\\\/hub\\\/#organization\",\"name\":\"NETGEAR\",\"url\":\"https:\\\/\\\/frhub.netgear.com\\\/fr\\\/hub\\\/\",\"logo\":{\"@type\":\"ImageObject\",\"inLanguage\":\"en-US\",\"@id\":\"https:\\\/\\\/frhub.netgear.com\\\/fr\\\/hub\\\/#\\\/schema\\\/logo\\\/image\\\/\",\"url\":\"https:\\\/\\\/www.netgear.com\\\/fr\\\/hub\\\/wp-content\\\/uploads\\\/2019\\\/07\\\/NETGEAR_logo.jpg\",\"contentUrl\":\"https:\\\/\\\/www.netgear.com\\\/fr\\\/hub\\\/wp-content\\\/uploads\\\/2019\\\/07\\\/NETGEAR_logo.jpg\",\"width\":1500,\"height\":501,\"caption\":\"NETGEAR\"},\"image\":{\"@id\":\"https:\\\/\\\/frhub.netgear.com\\\/fr\\\/hub\\\/#\\\/schema\\\/logo\\\/image\\\/\"},\"sameAs\":[\"https:\\\/\\\/www.facebook.com\\\/NetgearAU\\\/\",\"https:\\\/\\\/x.com\\\/NETGEAR\",\"https:\\\/\\\/www.linkedin.com\\\/company\\\/netgear\"]}]}<\/script>\n<!-- \/ Yoast SEO plugin. -->","yoast_head_json":{"title":"Des installations \u00e0 la pointe de la technologie au Parlement flamand gr\u00e2ce \u00e0 des switches performants. - NETGEAR Blog","robots":{"index":"index","follow":"follow","max-snippet":"max-snippet:-1","max-image-preview":"max-image-preview:large","max-video-preview":"max-video-preview:-1"},"canonical":"https:\/\/frhub.netgear.com\/fr\/hub\/business\/case-studies\/av-case-studies\/state-of-the-art-facilities-for-the-flemish-parliament\/","og_locale":"en_US","og_type":"article","og_title":"Des installations \u00e0 la pointe de la technologie au Parlement flamand gr\u00e2ce \u00e0 des switches performants. - NETGEAR Blog","og_url":"https:\/\/frhub.netgear.com\/fr\/hub\/business\/case-studies\/av-case-studies\/state-of-the-art-facilities-for-the-flemish-parliament\/","og_site_name":"NETGEAR Blog","article_publisher":"https:\/\/www.facebook.com\/NetgearAU\/","article_modified_time":"2025-10-21T08:03:29+00:00","og_image":[{"width":383,"height":288,"url":"https:\/\/frhub.netgear.com\/fr\/hub\/wp-content\/uploads\/2025\/10\/1732452075753-383x288-1.jpg","type":"image\/jpeg"}],"twitter_card":"summary_large_image","twitter_site":"@NETGEAR","schema":{"@context":"https:\/\/schema.org","@graph":[{"@type":"WebPage","@id":"https:\/\/frhub.netgear.com\/fr\/hub\/business\/case-studies\/av-case-studies\/state-of-the-art-facilities-for-the-flemish-parliament\/","url":"https:\/\/frhub.netgear.com\/fr\/hub\/business\/case-studies\/av-case-studies\/state-of-the-art-facilities-for-the-flemish-parliament\/","name":"Des installations \u00e0 la pointe de la technologie au Parlement flamand gr\u00e2ce \u00e0 des switches performants. - NETGEAR Blog","isPartOf":{"@id":"https:\/\/frhub.netgear.com\/fr\/hub\/#website"},"primaryImageOfPage":{"@id":"https:\/\/frhub.netgear.com\/fr\/hub\/business\/case-studies\/av-case-studies\/state-of-the-art-facilities-for-the-flemish-parliament\/#primaryimage"},"image":{"@id":"https:\/\/frhub.netgear.com\/fr\/hub\/business\/case-studies\/av-case-studies\/state-of-the-art-facilities-for-the-flemish-parliament\/#primaryimage"},"thumbnailUrl":"https:\/\/frhub.netgear.com\/fr\/hub\/wp-content\/uploads\/2025\/10\/1732452075753-383x288-1.jpg","datePublished":"2025-10-21T08:01:56+00:00","dateModified":"2025-10-21T08:03:29+00:00","breadcrumb":{"@id":"https:\/\/frhub.netgear.com\/fr\/hub\/business\/case-studies\/av-case-studies\/state-of-the-art-facilities-for-the-flemish-parliament\/#breadcrumb"},"inLanguage":"en-US","potentialAction":[{"@type":"ReadAction","target":["https:\/\/frhub.netgear.com\/fr\/hub\/business\/case-studies\/av-case-studies\/state-of-the-art-facilities-for-the-flemish-parliament\/"]}]},{"@type":"ImageObject","inLanguage":"en-US","@id":"https:\/\/frhub.netgear.com\/fr\/hub\/business\/case-studies\/av-case-studies\/state-of-the-art-facilities-for-the-flemish-parliament\/#primaryimage","url":"https:\/\/frhub.netgear.com\/fr\/hub\/wp-content\/uploads\/2025\/10\/1732452075753-383x288-1.jpg","contentUrl":"https:\/\/frhub.netgear.com\/fr\/hub\/wp-content\/uploads\/2025\/10\/1732452075753-383x288-1.jpg","width":383,"height":288},{"@type":"BreadcrumbList","@id":"https:\/\/frhub.netgear.com\/fr\/hub\/business\/case-studies\/av-case-studies\/state-of-the-art-facilities-for-the-flemish-parliament\/#breadcrumb","itemListElement":[{"@type":"ListItem","position":1,"name":"Home","item":"https:\/\/frhub.netgear.com\/fr\/hub\/"},{"@type":"ListItem","position":2,"name":"Entreprises","item":"https:\/\/frhub.netgear.com\/fr\/hub\/business\/"},{"@type":"ListItem","position":3,"name":"All Case Studies &#8211; FR","item":"https:\/\/frhub.netgear.com\/fr\/hub\/business\/case-studies\/"},{"@type":"ListItem","position":4,"name":"Case Studies &#8211; AV &#8211; FR","item":"https:\/\/frhub.netgear.com\/fr\/hub\/business\/case-studies\/av-case-studies\/"},{"@type":"ListItem","position":5,"name":"Des installations \u00e0 la pointe de la technologie au Parlement flamand gr\u00e2ce \u00e0 des switches performants."}]},{"@type":"WebSite","@id":"https:\/\/frhub.netgear.com\/fr\/hub\/#website","url":"https:\/\/frhub.netgear.com\/fr\/hub\/","name":"NETGEAR Hub France","description":"Explorez les pages de notre blog et parcourez les articles pour en savoir plus sur les produits et la technologie NETGEAR.","publisher":{"@id":"https:\/\/frhub.netgear.com\/fr\/hub\/#organization"},"potentialAction":[{"@type":"SearchAction","target":{"@type":"EntryPoint","urlTemplate":"https:\/\/frhub.netgear.com\/fr\/hub\/?s={search_term_string}"},"query-input":{"@type":"PropertyValueSpecification","valueRequired":true,"valueName":"search_term_string"}}],"inLanguage":"en-US"},{"@type":"Organization","@id":"https:\/\/frhub.netgear.com\/fr\/hub\/#organization","name":"NETGEAR","url":"https:\/\/frhub.netgear.com\/fr\/hub\/","logo":{"@type":"ImageObject","inLanguage":"en-US","@id":"https:\/\/frhub.netgear.com\/fr\/hub\/#\/schema\/logo\/image\/","url":"https:\/\/www.netgear.com\/fr\/hub\/wp-content\/uploads\/2019\/07\/NETGEAR_logo.jpg","contentUrl":"https:\/\/www.netgear.com\/fr\/hub\/wp-content\/uploads\/2019\/07\/NETGEAR_logo.jpg","width":1500,"height":501,"caption":"NETGEAR"},"image":{"@id":"https:\/\/frhub.netgear.com\/fr\/hub\/#\/schema\/logo\/image\/"},"sameAs":["https:\/\/www.facebook.com\/NetgearAU\/","https:\/\/x.com\/NETGEAR","https:\/\/www.linkedin.com\/company\/netgear"]}]}},"_links":{"self":[{"href":"https:\/\/frhub.netgear.com\/fr\/hub\/wp-json\/wp\/v2\/pages\/11364","targetHints":{"allow":["GET"]}}],"collection":[{"href":"https:\/\/frhub.netgear.com\/fr\/hub\/wp-json\/wp\/v2\/pages"}],"about":[{"href":"https:\/\/frhub.netgear.com\/fr\/hub\/wp-json\/wp\/v2\/types\/page"}],"author":[{"embeddable":true,"href":"https:\/\/frhub.netgear.com\/fr\/hub\/wp-json\/wp\/v2\/users\/97"}],"replies":[{"embeddable":true,"href":"https:\/\/frhub.netgear.com\/fr\/hub\/wp-json\/wp\/v2\/comments?post=11364"}],"version-history":[{"count":3,"href":"https:\/\/frhub.netgear.com\/fr\/hub\/wp-json\/wp\/v2\/pages\/11364\/revisions"}],"predecessor-version":[{"id":11368,"href":"https:\/\/frhub.netgear.com\/fr\/hub\/wp-json\/wp\/v2\/pages\/11364\/revisions\/11368"}],"up":[{"embeddable":true,"href":"https:\/\/frhub.netgear.com\/fr\/hub\/wp-json\/wp\/v2\/pages\/10498"}],"wp:featuredmedia":[{"embeddable":true,"href":"https:\/\/frhub.netgear.com\/fr\/hub\/wp-json\/wp\/v2\/media\/11365"}],"wp:attachment":[{"href":"https:\/\/frhub.netgear.com\/fr\/hub\/wp-json\/wp\/v2\/media?parent=11364"}],"curies":[{"name":"wp","href":"https:\/\/api.w.org\/{rel}","templated":true}]}}