{"id":11361,"date":"2024-12-21T09:51:50","date_gmt":"2025-10-21T07:51:21","guid":{"rendered":"https:\/\/frhub.netgear.com\/fr\/hub\/?page_id=11361"},"modified":"2025-10-21T09:52:30","modified_gmt":"2025-10-21T07:52:30","slug":"huizhen-biomedical-technology","status":"publish","type":"page","link":"https:\/\/frhub.netgear.com\/fr\/hub\/business\/case-studies\/av-case-studies\/huizhen-biomedical-technology\/","title":{"rendered":"Huizhen Biomedical a optimis\u00e9 son infrastructure r\u00e9seau avec NETGEAR"},"content":{"rendered":"<p><img loading=\"lazy\" decoding=\"async\" class=\"alignone size-full wp-image-10681\" style=\"border-radius: 1em;\" src=\"https:\/\/www.netgear.com\/hub\/wp-content\/uploads\/2024\/12\/Header-image-Huizhen-Biomedical-Technology-1048-x-250-pixels.jpg\" alt=\"\" width=\"1048\" height=\"511\" \/><\/p>\n    <div class=\"table-of-content bg-gray\">\n        <p><strong>IN THIS ARTICLE<\/strong><\/p>\n        <ul>\n                        <li><a href=\"#topic1\">R\u00c9SUM\u00c9<\/a><\/li>\n                        <li><a href=\"#topic2\">CONTEXTE<\/a><\/li>\n                        <li><a href=\"#topic3\">D\u00c9FI<\/a><\/li>\n                        <li><a href=\"#topic4\">SOLUTION<\/a><\/li>\n                        <li><a href=\"#topic5\">MISE EN \u0152UVRE<\/a><\/li>\n                        <li><a href=\"#topic6\">EXP\u00c9RIENCE CLIENT<\/a><\/li>\n                        <li><a href=\"#topic7\">RECOMMANDATION<\/a><\/li>\n                        <li><a href=\"#topic8\">\u00c9CHELLE DE D\u00c9PLOIEMENT<\/a><\/li>\n                        <li><a href=\"#topic9\">PLUS D'INFORMATIONS<\/a><\/li>\n                    <\/ul>\n    <\/div>\n        <div id=\"topic1\" class=\"skip-item\">\n                        <h2>R\u00c9SUM\u00c9<\/h2>\n                <div style=\"background-color: #eeeeee;padding: 20px;width: 33%;float: right\">\n<p><strong>Nom de l\u2019entreprise :<\/strong><br \/>\nHuizhen Biomedical Technology<\/p>\n<p><strong>Secteur d\u2019activit\u00e9 :<\/strong><br \/>\nIndustrie m\u00e9dicale<\/p>\n<p><strong>Site web :<\/strong><br \/>\n<a href=\"https:\/\/www.huiyihuiying.com\">huiyihuiying.com<\/a><\/p>\n<p><strong>Localisation :<\/strong><br \/>\nShanghai, Chine<\/p>\n<\/div>\n<p>Huizhen Biomedical Technology (Shanghai) Co., Ltd. rencontrait des difficult\u00e9s li\u00e9es \u00e0 la complexit\u00e9 des configurations multicast pour ses syst\u00e8mes audiovisuels (AV), n\u00e9cessitant l\u2019intervention de fournisseurs externes, ce qui ralentissait le processus de mise en place.<\/p>\n<p>Pour r\u00e9soudre ces probl\u00e8mes, l\u2019entreprise a d\u00e9ploy\u00e9 des switches manag\u00e9s NETGEAR, ce qui a simplifi\u00e9 la configuration et permis une gestion autonome de ses syst\u00e8mes AV. Cette solution a conduit \u00e0 un d\u00e9ploiement plus rapide, une meilleure performance r\u00e9seau, ainsi qu\u2019une r\u00e9duction du temps d&#8217;installation et de d\u00e9pannage.<\/p>\n<p>Le d\u00e9ploiement comprenait une installation \u00e0 grande \u00e9chelle avec plus de 60 terminaux AV au Centre d\u2019innovation et d\u2019exp\u00e9rience Huizhen, ainsi qu\u2019une installation plus modeste avec plus de 10 terminaux AV dans un centre chirurgical d\u2019un h\u00f4pital tertiaire \u00e0 Shanghai.<\/p>\n<p>Dans l\u2019ensemble, le client a \u00e9valu\u00e9 son exp\u00e9rience avec NETGEAR comme satisfaisante et a recommand\u00e9 les switches pour leur facilit\u00e9 d&#8217;utilisation et leur efficacit\u00e9.<\/p>\n    <\/div>\n        <div id=\"topic2\" class=\"skip-item\">\n                        <h2>CONTEXTE<\/h2>\n                <p><strong data-start=\"154\" data-end=\"208\">Huizhen Biomedical Technology (Shanghai) Co., Ltd.<\/strong> est un fabricant de dispositifs m\u00e9dicaux de premier plan bas\u00e9 \u00e0 Shanghai, sp\u00e9cialis\u00e9 dans les solutions de sant\u00e9 avanc\u00e9es. Dans le cadre de ses efforts continus pour moderniser et rationaliser ses op\u00e9rations, l&#8217;entreprise devait optimiser son infrastructure r\u00e9seau, notamment pour les applications audiovisuelles (AV).<\/p>\n    <\/div>\n        <div id=\"topic3\" class=\"skip-item\">\n                        <h2>D\u00c9FI<\/h2>\n                <p>Avant de mettre en \u0153uvre les solutions r\u00e9seau de NETGEAR, l&#8217;entreprise rencontrait des difficult\u00e9s avec la configuration multicast, n\u00e9cessitant l&#8217;assistance de son fournisseur d&#8217;\u00e9quipements r\u00e9seau. Cette complexit\u00e9 ralentissait le processus d&#8217;installation et entra\u00eenait des inefficacit\u00e9s dans la gestion des syst\u00e8mes AV. Trouver une solution permettant de simplifier ces configurations \u00e9tait crucial pour am\u00e9liorer les flux de travail, en particulier face \u00e0 des besoins AV croissants.<\/p>\n    <\/div>\n        <div id=\"topic4\" class=\"skip-item\">\n                        <h2>SOLUTION<\/h2>\n                <p>Huizhen Biomedical a choisi de d\u00e9ployer des <strong data-start=\"1101\" data-end=\"1129\">switches manag\u00e9s NETGEAR<\/strong> pour r\u00e9soudre les probl\u00e8mes li\u00e9s \u00e0 la configuration multicast et rationaliser son r\u00e9seau AV sur IP. L\u2019<strong data-start=\"1232\" data-end=\"1259\">interface de gestion AV<\/strong> fournie par NETGEAR a jou\u00e9 un r\u00f4le cl\u00e9 en simplifiant le processus, permettant \u00e0 l\u2019\u00e9quipe de g\u00e9rer ses syst\u00e8mes AV en toute autonomie, sans d\u00e9pendre d\u2019un prestataire externe pour la configuration.<\/p>\n    <\/div>\n        <div id=\"topic5\" class=\"skip-item\">\n                        <h2>MISE EN \u0152UVRE<\/h2>\n                <p>Le d\u00e9ploiement des switches NETGEAR a permis \u00e0 l\u2019entreprise de mettre en place un r\u00e9seau AV robuste et efficace. L\u2019interface intuitive de gestion AV a facilit\u00e9 la configuration des flux multicast, ce qui s\u2019est traduit par un <strong data-start=\"1711\" data-end=\"1738\">d\u00e9ploiement plus rapide<\/strong> et une <strong data-start=\"1746\" data-end=\"1778\">meilleure performance r\u00e9seau<\/strong>. La <strong data-start=\"1783\" data-end=\"1813\">simplicit\u00e9 et l\u2019efficacit\u00e9<\/strong> des produits ont significativement r\u00e9duit le temps consacr\u00e9 \u00e0 l\u2019installation et au d\u00e9pannage.<img decoding=\"async\" src=\"https:\/\/www.netgear.com\/hub\/wp-content\/uploads\/2024\/12\/Feature-image-Huizhen-Biomedical-Technology-1048-x-250-pixels.jpg\" alt=\"\" \/><\/p>\n    <\/div>\n        <div id=\"topic6\" class=\"skip-item\">\n                        <h2>EXP\u00c9RIENCE CLIENT<\/h2>\n                <p>Le client a \u00e9valu\u00e9 son exp\u00e9rience globale avec NETGEAR comme <strong data-start=\"2002\" data-end=\"2019\">satisfaisante<\/strong>. Il a particuli\u00e8rement appr\u00e9ci\u00e9 la <strong data-start=\"2055\" data-end=\"2069\">simplicit\u00e9<\/strong> et l\u2019<strong data-start=\"2075\" data-end=\"2089\">efficacit\u00e9<\/strong> du processus de configuration, qui ont consid\u00e9rablement r\u00e9duit la complexit\u00e9 de la mise en place des syst\u00e8mes AV. L\u2019interface de gestion AV s\u2019est r\u00e9v\u00e9l\u00e9e \u00eatre un atout majeur pour r\u00e9pondre \u00e0 leurs besoins sp\u00e9cifiques.<\/p>\n    <\/div>\n        <div id=\"topic7\" class=\"skip-item\">\n                        <h2>RECOMMANDATION<\/h2>\n                <p>Huizhen Biomedical Technology recommande les switches manag\u00e9s NETGEAR \u00e0 d&#8217;autres entreprises, en mettant en avant la <strong data-start=\"2455\" data-end=\"2469\">simplicit\u00e9<\/strong> et l&#8217;<strong data-start=\"2475\" data-end=\"2489\">efficacit\u00e9<\/strong> du processus de configuration comme avantages d\u00e9terminants. La capacit\u00e9 \u00e0 g\u00e9rer en toute autonomie la configuration multicast fait de NETGEAR un choix pertinent pour les entreprises souhaitant optimiser leur infrastructure AV.<\/p>\n    <\/div>\n        <div id=\"topic8\" class=\"skip-item\">\n                        <h2>\u00c9CHELLE DE D\u00c9PLOIEMENT<\/h2>\n                <ul data-start=\"2755\" data-end=\"3166\">\n<li data-start=\"2755\" data-end=\"2959\">\n<p data-start=\"2757\" data-end=\"2959\"><strong data-start=\"2757\" data-end=\"2804\">Centre d\u2019innovation et d\u2019exp\u00e9rience Huizhen<\/strong> : D\u00e9ploiement \u00e0 grande \u00e9chelle avec plus de <strong data-start=\"2849\" data-end=\"2880\">60 terminaux audio et vid\u00e9o<\/strong>, d\u00e9di\u00e9 \u00e0 la pr\u00e9sentation de technologies et solutions biom\u00e9dicales avanc\u00e9es.<\/p>\n<\/li>\n<li data-start=\"2960\" data-end=\"3166\">\n<p data-start=\"2962\" data-end=\"3166\"><strong data-start=\"2962\" data-end=\"3021\">Centre chirurgical dans un h\u00f4pital tertiaire \u00e0 Shanghai<\/strong> : Installation plus modeste avec plus de <strong data-start=\"3063\" data-end=\"3082\">10 terminaux AV<\/strong>, int\u00e9gr\u00e9s aux proc\u00e9dures m\u00e9dicales pour am\u00e9liorer l&#8217;efficacit\u00e9 et la communication.<\/p>\n<\/li>\n<\/ul>\n    <\/div>\n        <div id=\"topic9\" class=\"skip-item\">\n                        <h2>PLUS D'INFORMATIONS<\/h2>\n                <p>\n<!--SOLUTIONS NETGEAR AV --><br \/>\n Plus d\u2019informations sur nos solutions audiovisuelles<\/p>\n<div class=\"hs-cta-embed hs-cta-simple-placeholder hs-cta-embed-241151160046\" style=\"max-width:100%;max-height:100%;width:260px;height:50.390625px\" data-hubspot-wrapper-cta-id=\"241151160046\"><br \/>\n  <a href=\"https:\/\/cta-na2.hubspot.com\/web-interactives\/public\/v1\/track\/redirect?encryptedPayload=AVxigLJf4HGLXU18h5HBrlQTZuKX4p21iriDX%2FD9Weo1E0jc26wgSp32sJpGF%2FrOb977gqk9Skq%2FVgamhq%2FXvCN0mPQ1dmrdARtcNUH8fV5cFOvngo8qJ8EuMyEq%2Fqu2y51zC2FZUVyu97opP5ixVGCiE%2Bg6BOgTVVDljEMF5hhhXUNpnikrl2UTN%2Bb3TA%3D%3D&#038;webInteractiveContentId=241151160046&#038;portalId=242128791\" target=\"_blank\" rel=\"noopener\"><br \/>\n    <img decoding=\"async\" alt=\"SOLUTIONS NETGEAR AV\" loading=\"lazy\" src=\"https:\/\/hubspot-no-cache-na2-prod.s3.amazonaws.com\/cta\/default\/242128791\/interactive-241151160046.png\" style=\"height: 100%;width: 100%;object-fit: fill\" \/><br \/>\n  <\/a>\n<\/div>\n<\/p>\n<p>\n<!-- NETGEAR ACADEMY AV --><br \/>\n Apprenez tout sur les r\u00e9seaux IP gr\u00e2ce \u00e0 la NETGEAR ACADEMY<\/p>\n<div class=\"hs-cta-embed hs-cta-simple-placeholder hs-cta-embed-241151160033\" style=\"max-width:100%;max-height:100%;width:260px;height:50.390625px\" data-hubspot-wrapper-cta-id=\"241151160033\"><br \/>\n  <a href=\"https:\/\/cta-na2.hubspot.com\/web-interactives\/public\/v1\/track\/redirect?encryptedPayload=AVxigLJ6zgXxrLVJLagOt9pyIXf5%2FGgh9lUupWJj49Nfcbq71eIrrvJQt9JGeaQwNkTAPTWhI2%2BXk56NQscWP4xOQ7iZrhk6rkBjyO4dBlJGP1gG3BpcrdlgLyF%2F850K2l3xn5kDj5H%2Fur8VO2zJH58QH7by4HFWliY25223Shr3sQx25aCmNBjCDkNwA2WRum67F9fGyQyzoYOn86wAq%2Brw3xzsBDMbyw%3D%3D&#038;webInteractiveContentId=241151160033&#038;portalId=242128791\" target=\"_blank\" rel=\"noopener\"><br \/>\n    <img decoding=\"async\" alt=\"NETGEAR ACADEMY\" loading=\"lazy\" src=\"https:\/\/hubspot-no-cache-na2-prod.s3.amazonaws.com\/cta\/default\/242128791\/interactive-241151160033.png\" style=\"height: 100%;width: 100%;object-fit: fill\" \/><br \/>\n  <\/a>\n<\/div>\n<\/p>\n<p style=\"margin-bottom: 30px\">\n <!--CONTACTEZ L'EQUIPE PROAV --><br \/>\nNos ing\u00e9nieurs vous accompagneront gratuitement dans la r\u00e9alisation de vos projets audiovisuels<\/p>\n<div class=\"hs-cta-embed hs-cta-simple-placeholder hs-cta-embed-241151160055\" style=\"max-width:100%;max-height:100%;width:270px;height:50.390625px\" data-hubspot-wrapper-cta-id=\"241151160055\"><br \/>\n  <a href=\"https:\/\/cta-na2.hubspot.com\/web-interactives\/public\/v1\/track\/redirect?encryptedPayload=AVxigLLUG9XShtF2ziGdRlpsMD%2BMJ39t1kFOE7VlHl2HmmlWzlJWH0rsV7f3eoQL53gclcWb0lliiDgK3EAMVvEOcIE7gW9aYOwk1uipv43pSUkBlDtiKJ%2BcB7fopWupnJbggqZWRkNERZkdh1dDGXHHDJX3V0sOA8mbXD%2Fd6QC2XK2OyVtrDNFDHbBoT6b15PyvF4Ca3b6JBNTYdAzYeH790XenlNKBP4OKZqw50t7IGx9DuADFMFlNdg6FWQ%3D%3D&#038;webInteractiveContentId=241151160055&#038;portalId=242128791\" target=\"_blank\" rel=\"noopener\"><br \/>\n    <img decoding=\"async\" alt=\"CONTACTEZ L'EQUIPE PROAV\" loading=\"lazy\" src=\"https:\/\/hubspot-no-cache-na2-prod.s3.amazonaws.com\/cta\/default\/242128791\/interactive-241151160055.png\" style=\"height: 100%;width: 100%;object-fit: fill\" \/><br \/>\n  <\/a>\n<\/div>\n<\/p>\n<p style=\"margin-top: 50px\"><iframe loading=\"lazy\" src=\"https:\/\/405nrr.share-na2.hsforms.com\/24AR2ZDSmQqWycFqf8q5-eg\" width=\"100%\" height=\"1200px\"><\/iframe><\/p>\n    <\/div>\n    \n","protected":false},"excerpt":{"rendered":"","protected":false},"author":97,"featured_media":11362,"parent":10498,"menu_order":0,"comment_status":"closed","ping_status":"closed","template":"templates\/blog-wifi.php","meta":{"_acf_changed":false,"content-type":"","footnotes":""},"class_list":["post-11361","page","type-page","status-publish","has-post-thumbnail","hentry"],"acf":[],"yoast_head":"<!-- This site is optimized with the Yoast SEO plugin v27.4 - https:\/\/yoast.com\/product\/yoast-seo-wordpress\/ -->\n<title>Huizhen Biomedical a optimis\u00e9 son infrastructure r\u00e9seau avec NETGEAR - NETGEAR Blog<\/title>\n<meta name=\"robots\" content=\"index, follow, max-snippet:-1, max-image-preview:large, max-video-preview:-1\" \/>\n<link rel=\"canonical\" href=\"https:\/\/frhub.netgear.com\/fr\/hub\/business\/case-studies\/av-case-studies\/huizhen-biomedical-technology\/\" \/>\n<meta property=\"og:locale\" content=\"en_US\" \/>\n<meta property=\"og:type\" content=\"article\" \/>\n<meta property=\"og:title\" content=\"Huizhen Biomedical a optimis\u00e9 son infrastructure r\u00e9seau avec NETGEAR - NETGEAR Blog\" \/>\n<meta property=\"og:url\" content=\"https:\/\/frhub.netgear.com\/fr\/hub\/business\/case-studies\/av-case-studies\/huizhen-biomedical-technology\/\" \/>\n<meta property=\"og:site_name\" content=\"NETGEAR Blog\" \/>\n<meta property=\"article:publisher\" content=\"https:\/\/www.facebook.com\/NetgearAU\/\" \/>\n<meta property=\"article:modified_time\" content=\"2025-10-21T07:52:30+00:00\" \/>\n<meta property=\"og:image\" content=\"https:\/\/frhub.netgear.com\/fr\/hub\/wp-content\/uploads\/2025\/10\/Featured-Image-Case-Study-Huizhen-Biomedical-Technology-383x288-1.jpg\" \/>\n\t<meta property=\"og:image:width\" content=\"383\" \/>\n\t<meta property=\"og:image:height\" content=\"288\" \/>\n\t<meta property=\"og:image:type\" content=\"image\/jpeg\" \/>\n<meta name=\"twitter:card\" content=\"summary_large_image\" \/>\n<meta name=\"twitter:site\" content=\"@NETGEAR\" \/>\n<script type=\"application\/ld+json\" class=\"yoast-schema-graph\">{\"@context\":\"https:\\\/\\\/schema.org\",\"@graph\":[{\"@type\":\"WebPage\",\"@id\":\"https:\\\/\\\/frhub.netgear.com\\\/fr\\\/hub\\\/business\\\/case-studies\\\/av-case-studies\\\/huizhen-biomedical-technology\\\/\",\"url\":\"https:\\\/\\\/frhub.netgear.com\\\/fr\\\/hub\\\/business\\\/case-studies\\\/av-case-studies\\\/huizhen-biomedical-technology\\\/\",\"name\":\"Huizhen Biomedical a optimis\u00e9 son infrastructure r\u00e9seau avec NETGEAR - NETGEAR Blog\",\"isPartOf\":{\"@id\":\"https:\\\/\\\/frhub.netgear.com\\\/fr\\\/hub\\\/#website\"},\"primaryImageOfPage\":{\"@id\":\"https:\\\/\\\/frhub.netgear.com\\\/fr\\\/hub\\\/business\\\/case-studies\\\/av-case-studies\\\/huizhen-biomedical-technology\\\/#primaryimage\"},\"image\":{\"@id\":\"https:\\\/\\\/frhub.netgear.com\\\/fr\\\/hub\\\/business\\\/case-studies\\\/av-case-studies\\\/huizhen-biomedical-technology\\\/#primaryimage\"},\"thumbnailUrl\":\"https:\\\/\\\/frhub.netgear.com\\\/fr\\\/hub\\\/wp-content\\\/uploads\\\/2025\\\/10\\\/Featured-Image-Case-Study-Huizhen-Biomedical-Technology-383x288-1.jpg\",\"datePublished\":\"2025-10-21T07:51:21+00:00\",\"dateModified\":\"2025-10-21T07:52:30+00:00\",\"breadcrumb\":{\"@id\":\"https:\\\/\\\/frhub.netgear.com\\\/fr\\\/hub\\\/business\\\/case-studies\\\/av-case-studies\\\/huizhen-biomedical-technology\\\/#breadcrumb\"},\"inLanguage\":\"en-US\",\"potentialAction\":[{\"@type\":\"ReadAction\",\"target\":[\"https:\\\/\\\/frhub.netgear.com\\\/fr\\\/hub\\\/business\\\/case-studies\\\/av-case-studies\\\/huizhen-biomedical-technology\\\/\"]}]},{\"@type\":\"ImageObject\",\"inLanguage\":\"en-US\",\"@id\":\"https:\\\/\\\/frhub.netgear.com\\\/fr\\\/hub\\\/business\\\/case-studies\\\/av-case-studies\\\/huizhen-biomedical-technology\\\/#primaryimage\",\"url\":\"https:\\\/\\\/frhub.netgear.com\\\/fr\\\/hub\\\/wp-content\\\/uploads\\\/2025\\\/10\\\/Featured-Image-Case-Study-Huizhen-Biomedical-Technology-383x288-1.jpg\",\"contentUrl\":\"https:\\\/\\\/frhub.netgear.com\\\/fr\\\/hub\\\/wp-content\\\/uploads\\\/2025\\\/10\\\/Featured-Image-Case-Study-Huizhen-Biomedical-Technology-383x288-1.jpg\",\"width\":383,\"height\":288},{\"@type\":\"BreadcrumbList\",\"@id\":\"https:\\\/\\\/frhub.netgear.com\\\/fr\\\/hub\\\/business\\\/case-studies\\\/av-case-studies\\\/huizhen-biomedical-technology\\\/#breadcrumb\",\"itemListElement\":[{\"@type\":\"ListItem\",\"position\":1,\"name\":\"Home\",\"item\":\"https:\\\/\\\/frhub.netgear.com\\\/fr\\\/hub\\\/\"},{\"@type\":\"ListItem\",\"position\":2,\"name\":\"Entreprises\",\"item\":\"https:\\\/\\\/frhub.netgear.com\\\/fr\\\/hub\\\/business\\\/\"},{\"@type\":\"ListItem\",\"position\":3,\"name\":\"All Case Studies &#8211; FR\",\"item\":\"https:\\\/\\\/frhub.netgear.com\\\/fr\\\/hub\\\/business\\\/case-studies\\\/\"},{\"@type\":\"ListItem\",\"position\":4,\"name\":\"Case Studies &#8211; AV &#8211; FR\",\"item\":\"https:\\\/\\\/frhub.netgear.com\\\/fr\\\/hub\\\/business\\\/case-studies\\\/av-case-studies\\\/\"},{\"@type\":\"ListItem\",\"position\":5,\"name\":\"Huizhen Biomedical a optimis\u00e9 son infrastructure r\u00e9seau avec NETGEAR\"}]},{\"@type\":\"WebSite\",\"@id\":\"https:\\\/\\\/frhub.netgear.com\\\/fr\\\/hub\\\/#website\",\"url\":\"https:\\\/\\\/frhub.netgear.com\\\/fr\\\/hub\\\/\",\"name\":\"NETGEAR Hub France\",\"description\":\"Explorez les pages de notre blog et parcourez les articles pour en savoir plus sur les produits et la technologie NETGEAR.\",\"publisher\":{\"@id\":\"https:\\\/\\\/frhub.netgear.com\\\/fr\\\/hub\\\/#organization\"},\"potentialAction\":[{\"@type\":\"SearchAction\",\"target\":{\"@type\":\"EntryPoint\",\"urlTemplate\":\"https:\\\/\\\/frhub.netgear.com\\\/fr\\\/hub\\\/?s={search_term_string}\"},\"query-input\":{\"@type\":\"PropertyValueSpecification\",\"valueRequired\":true,\"valueName\":\"search_term_string\"}}],\"inLanguage\":\"en-US\"},{\"@type\":\"Organization\",\"@id\":\"https:\\\/\\\/frhub.netgear.com\\\/fr\\\/hub\\\/#organization\",\"name\":\"NETGEAR\",\"url\":\"https:\\\/\\\/frhub.netgear.com\\\/fr\\\/hub\\\/\",\"logo\":{\"@type\":\"ImageObject\",\"inLanguage\":\"en-US\",\"@id\":\"https:\\\/\\\/frhub.netgear.com\\\/fr\\\/hub\\\/#\\\/schema\\\/logo\\\/image\\\/\",\"url\":\"https:\\\/\\\/www.netgear.com\\\/fr\\\/hub\\\/wp-content\\\/uploads\\\/2019\\\/07\\\/NETGEAR_logo.jpg\",\"contentUrl\":\"https:\\\/\\\/www.netgear.com\\\/fr\\\/hub\\\/wp-content\\\/uploads\\\/2019\\\/07\\\/NETGEAR_logo.jpg\",\"width\":1500,\"height\":501,\"caption\":\"NETGEAR\"},\"image\":{\"@id\":\"https:\\\/\\\/frhub.netgear.com\\\/fr\\\/hub\\\/#\\\/schema\\\/logo\\\/image\\\/\"},\"sameAs\":[\"https:\\\/\\\/www.facebook.com\\\/NetgearAU\\\/\",\"https:\\\/\\\/x.com\\\/NETGEAR\",\"https:\\\/\\\/www.linkedin.com\\\/company\\\/netgear\"]}]}<\/script>\n<!-- \/ Yoast SEO plugin. -->","yoast_head_json":{"title":"Huizhen Biomedical a optimis\u00e9 son infrastructure r\u00e9seau avec NETGEAR - NETGEAR Blog","robots":{"index":"index","follow":"follow","max-snippet":"max-snippet:-1","max-image-preview":"max-image-preview:large","max-video-preview":"max-video-preview:-1"},"canonical":"https:\/\/frhub.netgear.com\/fr\/hub\/business\/case-studies\/av-case-studies\/huizhen-biomedical-technology\/","og_locale":"en_US","og_type":"article","og_title":"Huizhen Biomedical a optimis\u00e9 son infrastructure r\u00e9seau avec NETGEAR - NETGEAR Blog","og_url":"https:\/\/frhub.netgear.com\/fr\/hub\/business\/case-studies\/av-case-studies\/huizhen-biomedical-technology\/","og_site_name":"NETGEAR Blog","article_publisher":"https:\/\/www.facebook.com\/NetgearAU\/","article_modified_time":"2025-10-21T07:52:30+00:00","og_image":[{"width":383,"height":288,"url":"https:\/\/frhub.netgear.com\/fr\/hub\/wp-content\/uploads\/2025\/10\/Featured-Image-Case-Study-Huizhen-Biomedical-Technology-383x288-1.jpg","type":"image\/jpeg"}],"twitter_card":"summary_large_image","twitter_site":"@NETGEAR","schema":{"@context":"https:\/\/schema.org","@graph":[{"@type":"WebPage","@id":"https:\/\/frhub.netgear.com\/fr\/hub\/business\/case-studies\/av-case-studies\/huizhen-biomedical-technology\/","url":"https:\/\/frhub.netgear.com\/fr\/hub\/business\/case-studies\/av-case-studies\/huizhen-biomedical-technology\/","name":"Huizhen Biomedical a optimis\u00e9 son infrastructure r\u00e9seau avec NETGEAR - NETGEAR Blog","isPartOf":{"@id":"https:\/\/frhub.netgear.com\/fr\/hub\/#website"},"primaryImageOfPage":{"@id":"https:\/\/frhub.netgear.com\/fr\/hub\/business\/case-studies\/av-case-studies\/huizhen-biomedical-technology\/#primaryimage"},"image":{"@id":"https:\/\/frhub.netgear.com\/fr\/hub\/business\/case-studies\/av-case-studies\/huizhen-biomedical-technology\/#primaryimage"},"thumbnailUrl":"https:\/\/frhub.netgear.com\/fr\/hub\/wp-content\/uploads\/2025\/10\/Featured-Image-Case-Study-Huizhen-Biomedical-Technology-383x288-1.jpg","datePublished":"2025-10-21T07:51:21+00:00","dateModified":"2025-10-21T07:52:30+00:00","breadcrumb":{"@id":"https:\/\/frhub.netgear.com\/fr\/hub\/business\/case-studies\/av-case-studies\/huizhen-biomedical-technology\/#breadcrumb"},"inLanguage":"en-US","potentialAction":[{"@type":"ReadAction","target":["https:\/\/frhub.netgear.com\/fr\/hub\/business\/case-studies\/av-case-studies\/huizhen-biomedical-technology\/"]}]},{"@type":"ImageObject","inLanguage":"en-US","@id":"https:\/\/frhub.netgear.com\/fr\/hub\/business\/case-studies\/av-case-studies\/huizhen-biomedical-technology\/#primaryimage","url":"https:\/\/frhub.netgear.com\/fr\/hub\/wp-content\/uploads\/2025\/10\/Featured-Image-Case-Study-Huizhen-Biomedical-Technology-383x288-1.jpg","contentUrl":"https:\/\/frhub.netgear.com\/fr\/hub\/wp-content\/uploads\/2025\/10\/Featured-Image-Case-Study-Huizhen-Biomedical-Technology-383x288-1.jpg","width":383,"height":288},{"@type":"BreadcrumbList","@id":"https:\/\/frhub.netgear.com\/fr\/hub\/business\/case-studies\/av-case-studies\/huizhen-biomedical-technology\/#breadcrumb","itemListElement":[{"@type":"ListItem","position":1,"name":"Home","item":"https:\/\/frhub.netgear.com\/fr\/hub\/"},{"@type":"ListItem","position":2,"name":"Entreprises","item":"https:\/\/frhub.netgear.com\/fr\/hub\/business\/"},{"@type":"ListItem","position":3,"name":"All Case Studies &#8211; FR","item":"https:\/\/frhub.netgear.com\/fr\/hub\/business\/case-studies\/"},{"@type":"ListItem","position":4,"name":"Case Studies &#8211; AV &#8211; FR","item":"https:\/\/frhub.netgear.com\/fr\/hub\/business\/case-studies\/av-case-studies\/"},{"@type":"ListItem","position":5,"name":"Huizhen Biomedical a optimis\u00e9 son infrastructure r\u00e9seau avec NETGEAR"}]},{"@type":"WebSite","@id":"https:\/\/frhub.netgear.com\/fr\/hub\/#website","url":"https:\/\/frhub.netgear.com\/fr\/hub\/","name":"NETGEAR Hub France","description":"Explorez les pages de notre blog et parcourez les articles pour en savoir plus sur les produits et la technologie NETGEAR.","publisher":{"@id":"https:\/\/frhub.netgear.com\/fr\/hub\/#organization"},"potentialAction":[{"@type":"SearchAction","target":{"@type":"EntryPoint","urlTemplate":"https:\/\/frhub.netgear.com\/fr\/hub\/?s={search_term_string}"},"query-input":{"@type":"PropertyValueSpecification","valueRequired":true,"valueName":"search_term_string"}}],"inLanguage":"en-US"},{"@type":"Organization","@id":"https:\/\/frhub.netgear.com\/fr\/hub\/#organization","name":"NETGEAR","url":"https:\/\/frhub.netgear.com\/fr\/hub\/","logo":{"@type":"ImageObject","inLanguage":"en-US","@id":"https:\/\/frhub.netgear.com\/fr\/hub\/#\/schema\/logo\/image\/","url":"https:\/\/www.netgear.com\/fr\/hub\/wp-content\/uploads\/2019\/07\/NETGEAR_logo.jpg","contentUrl":"https:\/\/www.netgear.com\/fr\/hub\/wp-content\/uploads\/2019\/07\/NETGEAR_logo.jpg","width":1500,"height":501,"caption":"NETGEAR"},"image":{"@id":"https:\/\/frhub.netgear.com\/fr\/hub\/#\/schema\/logo\/image\/"},"sameAs":["https:\/\/www.facebook.com\/NetgearAU\/","https:\/\/x.com\/NETGEAR","https:\/\/www.linkedin.com\/company\/netgear"]}]}},"_links":{"self":[{"href":"https:\/\/frhub.netgear.com\/fr\/hub\/wp-json\/wp\/v2\/pages\/11361","targetHints":{"allow":["GET"]}}],"collection":[{"href":"https:\/\/frhub.netgear.com\/fr\/hub\/wp-json\/wp\/v2\/pages"}],"about":[{"href":"https:\/\/frhub.netgear.com\/fr\/hub\/wp-json\/wp\/v2\/types\/page"}],"author":[{"embeddable":true,"href":"https:\/\/frhub.netgear.com\/fr\/hub\/wp-json\/wp\/v2\/users\/97"}],"replies":[{"embeddable":true,"href":"https:\/\/frhub.netgear.com\/fr\/hub\/wp-json\/wp\/v2\/comments?post=11361"}],"version-history":[{"count":1,"href":"https:\/\/frhub.netgear.com\/fr\/hub\/wp-json\/wp\/v2\/pages\/11361\/revisions"}],"predecessor-version":[{"id":11363,"href":"https:\/\/frhub.netgear.com\/fr\/hub\/wp-json\/wp\/v2\/pages\/11361\/revisions\/11363"}],"up":[{"embeddable":true,"href":"https:\/\/frhub.netgear.com\/fr\/hub\/wp-json\/wp\/v2\/pages\/10498"}],"wp:featuredmedia":[{"embeddable":true,"href":"https:\/\/frhub.netgear.com\/fr\/hub\/wp-json\/wp\/v2\/media\/11362"}],"wp:attachment":[{"href":"https:\/\/frhub.netgear.com\/fr\/hub\/wp-json\/wp\/v2\/media?parent=11361"}],"curies":[{"name":"wp","href":"https:\/\/api.w.org\/{rel}","templated":true}]}}