{"id":11357,"date":"2024-12-27T17:18:50","date_gmt":"2025-10-20T15:18:33","guid":{"rendered":"https:\/\/frhub.netgear.com\/fr\/hub\/?page_id=11357"},"modified":"2025-10-20T17:20:36","modified_gmt":"2025-10-20T15:20:36","slug":"hvs-complex-network-needs","status":"publish","type":"page","link":"https:\/\/frhub.netgear.com\/fr\/hub\/business\/case-studies\/av-case-studies\/hvs-complex-network-needs\/","title":{"rendered":"Les op\u00e9rations diversifi\u00e9es de HVS et ses besoins r\u00e9seau complexes pris en charge"},"content":{"rendered":"<p><img loading=\"lazy\" decoding=\"async\" class=\"alignone size-full wp-image-10681\" style=\"border-radius: 1em;\" src=\"https:\/\/www.netgear.com\/hub\/wp-content\/uploads\/2024\/12\/Header-image-HVS1048-x-250-pixels-1.jpg\" alt=\"\" width=\"1048\" height=\"511\" \/><\/p>\n    <div class=\"table-of-content bg-gray\">\n        <p><strong>IN THIS ARTICLE<\/strong><\/p>\n        <ul>\n                        <li><a href=\"#topic1\">R\u00c9SUM\u00c9<\/a><\/li>\n                        <li><a href=\"#topic2\">CONTEXTE<\/a><\/li>\n                        <li><a href=\"#topic3\">D\u00c9FI<\/a><\/li>\n                        <li><a href=\"#topic4\">SOLUTION<\/a><\/li>\n                        <li><a href=\"#topic5\">MISE EN \u0152UVRE<\/a><\/li>\n                        <li><a href=\"#topic6\">AVANTAGES<\/a><\/li>\n                        <li><a href=\"#topic7\">EXP\u00c9RIENCE CLIENT<\/a><\/li>\n                        <li><a href=\"#topic8\">PLUS D'INFORMATIONS<\/a><\/li>\n                    <\/ul>\n    <\/div>\n        <div id=\"topic1\" class=\"skip-item\">\n                        <h2>R\u00c9SUM\u00c9<\/h2>\n                <div style=\"background-color: #eeeeee;padding: 20px;width: 33%;float: right\">\n<p><strong>Nom de l\u2019entreprise :<\/strong><br \/>\nHVS<\/p>\n<p><strong>Secteur d\u2019activit\u00e9 :<\/strong><br \/>\nDivertissement<\/p>\n<p><strong>Site web :<\/strong><br \/>\n<a href=\"https:\/\/www.hitevision-solutions.com\">hitevision-solutions.com<\/a><\/p>\n<p><strong>Localisation :<\/strong><br \/>\nHong Kong, Chine<\/p>\n<\/div>\n<p>Une entreprise multinationale bas\u00e9e en Chine, sp\u00e9cialis\u00e9e dans la technologie, la recherche et le d\u00e9veloppement, rencontrait des difficult\u00e9s li\u00e9es \u00e0 la configuration de r\u00e9seaux en raison de la complexit\u00e9 de ses syst\u00e8mes.<\/p>\n<p>L\u2019impl\u00e9mentation des switches NETGEAR, g\u00e9r\u00e9s et non g\u00e9r\u00e9s, a simplifi\u00e9 la gestion r\u00e9seau gr\u00e2ce \u00e0 la fonction AvEasy. Cela a permis d\u2019am\u00e9liorer l\u2019efficacit\u00e9, de r\u00e9duire le temps d\u2019installation et d\u2019assurer une meilleure \u00e9volutivit\u00e9.<\/p>\n<p>Le client s\u2019est d\u00e9clar\u00e9 tr\u00e8s satisfait de la livraison rapide, du support technique et des performances des produits NETGEAR, qu\u2019il recommande pour leur fiabilit\u00e9 et leur facilit\u00e9 d\u2019utilisation.<\/p>\n    <\/div>\n        <div id=\"topic2\" class=\"skip-item\">\n                        <h2>CONTEXTE<\/h2>\n                <p><strong data-start=\"88\" data-end=\"95\">HVS<\/strong> est une entreprise bas\u00e9e en Chine, op\u00e9rant dans un environnement multinational avec des besoins r\u00e9seau complexes. Son secteur d\u2019activit\u00e9 est diversifi\u00e9, avec des op\u00e9rations importantes dans des domaines tels que la <strong data-start=\"311\" data-end=\"326\">technologie<\/strong>, la <strong data-start=\"331\" data-end=\"344\">recherche<\/strong> et le <strong data-start=\"351\" data-end=\"368\">d\u00e9veloppement<\/strong>.<\/p>\n    <\/div>\n        <div id=\"topic3\" class=\"skip-item\">\n                        <h2>D\u00c9FI<\/h2>\n                <p data-start=\"391\" data-end=\"537\">Avant l\u2019impl\u00e9mentation des solutions NETGEAR, le client rencontrait des <strong data-start=\"463\" data-end=\"534\">difficult\u00e9s dans la configuration et la mise en place de son r\u00e9seau<\/strong>.<\/p>\n<p data-start=\"539\" data-end=\"912\">La complexit\u00e9 des syst\u00e8mes existants freinait le bon fonctionnement de l\u2019infrastructure, entra\u00eenant des <strong data-start=\"643\" data-end=\"678\">probl\u00e8mes fr\u00e9quents de d\u00e9bogage<\/strong> et rendant la <strong data-start=\"693\" data-end=\"737\">gestion r\u00e9seau chronophage et inefficace<\/strong>. Les syst\u00e8mes distribu\u00e9s comportant de nombreux terminaux r\u00e9seau n\u00e9cessitaient une solution capable de <strong data-start=\"841\" data-end=\"872\">simplifier la configuration<\/strong> et <strong data-start=\"876\" data-end=\"911\">d\u2019optimiser les flux de travail<\/strong>.<\/p>\n    <\/div>\n        <div id=\"topic4\" class=\"skip-item\">\n                        <h2>SOLUTION<\/h2>\n                <p data-start=\"938\" data-end=\"1059\">Une gamme de produits NETGEAR, comprenant des <strong data-start=\"984\" data-end=\"1015\">switches g\u00e9r\u00e9s et non g\u00e9r\u00e9s<\/strong>, a \u00e9t\u00e9 choisie pour r\u00e9pondre \u00e0 ces d\u00e9fis.<\/p>\n<p data-start=\"1061\" data-end=\"1170\">Ce choix a \u00e9t\u00e9 motiv\u00e9 par la <strong data-start=\"1090\" data-end=\"1146\">r\u00e9putation de fiabilit\u00e9 et de facilit\u00e9 d\u2019utilisation<\/strong> des produits NETGEAR.<\/p>\n<p data-start=\"1172\" data-end=\"1202\">Parmi les mod\u00e8les utilis\u00e9s :<\/p>\n<ul data-start=\"1203\" data-end=\"1485\">\n<li data-start=\"1203\" data-end=\"1307\">\n<p data-start=\"1205\" data-end=\"1307\">Le <strong data-start=\"1208\" data-end=\"1235\">switch 16 ports GS116PP<\/strong>, id\u00e9al pour les petits environnements comme les salles de conf\u00e9rence.<\/p>\n<\/li>\n<li data-start=\"1308\" data-end=\"1485\">\n<p data-start=\"1310\" data-end=\"1485\">Le <strong data-start=\"1313\" data-end=\"1342\">switch 48 ports GSM4352PB<\/strong>, plus robuste, pour des syst\u00e8mes plus complexes tels que les r\u00e9seaux de salles de recherche, notamment sur le site de Mihayou \u00e0 Qinjiang Road.<\/p>\n<\/li>\n<\/ul>\n    <\/div>\n        <div id=\"topic5\" class=\"skip-item\">\n                        <h2>MISE EN \u0152UVRE<\/h2>\n                <p data-start=\"1516\" data-end=\"1624\">Les <strong data-start=\"1520\" data-end=\"1540\">switches NETGEAR<\/strong> ont jou\u00e9 un r\u00f4le essentiel dans la <strong data-start=\"1576\" data-end=\"1621\">simplification de la configuration r\u00e9seau<\/strong>.<\/p>\n<p data-start=\"1626\" data-end=\"1855\">La fonctionnalit\u00e9 <strong data-start=\"1644\" data-end=\"1654\">AvEasy<\/strong> s\u2019est r\u00e9v\u00e9l\u00e9e particuli\u00e8rement pr\u00e9cieuse, permettant une configuration <strong data-start=\"1726\" data-end=\"1746\">rapide et facile<\/strong>, aussi bien pour les switches g\u00e9r\u00e9s que non g\u00e9r\u00e9s, <strong data-start=\"1798\" data-end=\"1852\">sans n\u00e9cessiter de comp\u00e9tences techniques avanc\u00e9es<\/strong>.<\/p>\n<p data-start=\"1857\" data-end=\"1964\">Cette approche conviviale a permis de <strong data-start=\"1895\" data-end=\"1963\">r\u00e9duire consid\u00e9rablement le temps d\u2019installation et de d\u00e9pannage<\/strong>.<\/p>\n    <\/div>\n        <div id=\"topic6\" class=\"skip-item\">\n                        <h2>AVANTAGES<\/h2>\n                <ul>\n<li data-start=\"1990\" data-end=\"2197\">\n<p data-start=\"1993\" data-end=\"2197\"><strong data-start=\"1993\" data-end=\"2047\">Facilite la configuration et le d\u00e9bogage du r\u00e9seau<\/strong><br data-start=\"2047\" data-end=\"2050\" \/>Les switches NETGEAR permettent une <strong data-start=\"2086\" data-end=\"2120\">mise en place rapide du r\u00e9seau<\/strong> et un <strong data-start=\"2127\" data-end=\"2148\">d\u00e9bogage efficace<\/strong>, am\u00e9liorant ainsi la performance op\u00e9rationnelle.<\/p>\n<\/li>\n<li data-start=\"2199\" data-end=\"2382\">\n<p data-start=\"2202\" data-end=\"2382\"><strong data-start=\"2202\" data-end=\"2228\">Facilit\u00e9 d\u2019utilisation<\/strong><br data-start=\"2228\" data-end=\"2231\" \/>La configuration intuitive a \u00e9limin\u00e9 la complexit\u00e9 qui pesait auparavant sur l\u2019\u00e9quipe r\u00e9seau, permettant <strong data-start=\"2336\" data-end=\"2381\">un d\u00e9ploiement plus fluide et plus rapide<\/strong>.<\/p>\n<\/li>\n<li data-start=\"2384\" data-end=\"2596\">\n<p data-start=\"2387\" data-end=\"2596\"><strong data-start=\"2387\" data-end=\"2402\">\u00c9volutivit\u00e9<\/strong><br data-start=\"2402\" data-end=\"2405\" \/>Gr\u00e2ce aux options <strong data-start=\"2423\" data-end=\"2435\">16 ports<\/strong> et <strong data-start=\"2439\" data-end=\"2451\">48 ports<\/strong>, les produits NETGEAR s\u2019adaptent \u00e0 <strong data-start=\"2487\" data-end=\"2520\">diff\u00e9rentes tailles de r\u00e9seau<\/strong>, allant des petites salles de r\u00e9union aux <strong data-start=\"2563\" data-end=\"2595\">grands syst\u00e8mes de recherche<\/strong>.<\/p>\n<\/li>\n<li data-start=\"2598\" data-end=\"2816\">\n<p data-start=\"2601\" data-end=\"2816\"><strong data-start=\"2601\" data-end=\"2640\">Livraison rapide et support r\u00e9actif<\/strong><br data-start=\"2640\" data-end=\"2643\" \/>Le client a appr\u00e9ci\u00e9 la <strong data-start=\"2667\" data-end=\"2691\">livraison ponctuelle<\/strong> des produits ainsi que le <strong data-start=\"2718\" data-end=\"2744\">service client r\u00e9actif<\/strong>, \u00e9l\u00e9ments cl\u00e9s pour maintenir un <strong data-start=\"2778\" data-end=\"2815\">flux de travail sans interruption<\/strong>.<\/p>\n<\/li>\n<\/ul>\n    <\/div>\n        <div id=\"topic7\" class=\"skip-item\">\n                        <h2>EXP\u00c9RIENCE CLIENT<\/h2>\n                <p data-start=\"2851\" data-end=\"2963\">Les clients se sont d\u00e9clar\u00e9s <strong data-start=\"2880\" data-end=\"2899\">tr\u00e8s satisfaits<\/strong> de leur exp\u00e9rience avec les <strong data-start=\"2928\" data-end=\"2960\">produits et services NETGEAR<\/strong>.<\/p>\n<p data-start=\"2965\" data-end=\"3212\">Ils ont soulign\u00e9 la <strong data-start=\"2985\" data-end=\"3005\">livraison rapide<\/strong>, la <strong data-start=\"3010\" data-end=\"3036\">notori\u00e9t\u00e9 de la marque<\/strong>, et surtout, la <strong data-start=\"3053\" data-end=\"3095\">facilit\u00e9 de configuration des switches<\/strong>, en particulier gr\u00e2ce \u00e0 la fonction <strong data-start=\"3132\" data-end=\"3142\">AvEasy<\/strong>, qui a <strong data-start=\"3150\" data-end=\"3211\">consid\u00e9rablement am\u00e9lior\u00e9 les performances de leur r\u00e9seau<\/strong>.<\/p>\n    <\/div>\n        <div id=\"topic8\" class=\"skip-item\">\n                        <h2>PLUS D'INFORMATIONS<\/h2>\n                <p><!--SOLUTIONS NETGEAR AV --><br \/>\nPlus d\u2019informations sur nos solutions audiovisuelles<\/p>\n<div class=\"hs-cta-embed hs-cta-simple-placeholder hs-cta-embed-241151160046\" style=\"max-width: 100%;max-height: 100%;width: 260px;height: 50.390625px\" data-hubspot-wrapper-cta-id=\"241151160046\"><a href=\"https:\/\/cta-na2.hubspot.com\/web-interactives\/public\/v1\/track\/redirect?encryptedPayload=AVxigLJf4HGLXU18h5HBrlQTZuKX4p21iriDX%2FD9Weo1E0jc26wgSp32sJpGF%2FrOb977gqk9Skq%2FVgamhq%2FXvCN0mPQ1dmrdARtcNUH8fV5cFOvngo8qJ8EuMyEq%2Fqu2y51zC2FZUVyu97opP5ixVGCiE%2Bg6BOgTVVDljEMF5hhhXUNpnikrl2UTN%2Bb3TA%3D%3D&amp;webInteractiveContentId=241151160046&amp;portalId=242128791\" target=\"_blank\" rel=\"noopener\"><br \/>\n<img decoding=\"async\" style=\"height: 100%;width: 100%;object-fit: fill\" src=\"https:\/\/hubspot-no-cache-na2-prod.s3.amazonaws.com\/cta\/default\/242128791\/interactive-241151160046.png\" alt=\"SOLUTIONS NETGEAR AV\" \/><br \/>\n<\/a><\/div>\n<p><!-- NETGEAR ACADEMY AV --><br \/>\nApprenez tout sur les r\u00e9seaux IP gr\u00e2ce \u00e0 la NETGEAR ACADEMY<\/p>\n<div class=\"hs-cta-embed hs-cta-simple-placeholder hs-cta-embed-241151160033\" style=\"max-width: 100%;max-height: 100%;width: 260px;height: 50.390625px\" data-hubspot-wrapper-cta-id=\"241151160033\"><a href=\"https:\/\/cta-na2.hubspot.com\/web-interactives\/public\/v1\/track\/redirect?encryptedPayload=AVxigLJ6zgXxrLVJLagOt9pyIXf5%2FGgh9lUupWJj49Nfcbq71eIrrvJQt9JGeaQwNkTAPTWhI2%2BXk56NQscWP4xOQ7iZrhk6rkBjyO4dBlJGP1gG3BpcrdlgLyF%2F850K2l3xn5kDj5H%2Fur8VO2zJH58QH7by4HFWliY25223Shr3sQx25aCmNBjCDkNwA2WRum67F9fGyQyzoYOn86wAq%2Brw3xzsBDMbyw%3D%3D&amp;webInteractiveContentId=241151160033&amp;portalId=242128791\" target=\"_blank\" rel=\"noopener\"><br \/>\n<img decoding=\"async\" style=\"height: 100%;width: 100%;object-fit: fill\" src=\"https:\/\/hubspot-no-cache-na2-prod.s3.amazonaws.com\/cta\/default\/242128791\/interactive-241151160033.png\" alt=\"NETGEAR ACADEMY\" \/><br \/>\n<\/a><\/div>\n<p style=\"margin-bottom: 30px\"><!--CONTACTEZ L'EQUIPE PROAV --><br \/>\nNos ing\u00e9nieurs vous accompagneront gratuitement dans la r\u00e9alisation de vos projets audiovisuels<\/p>\n<div class=\"hs-cta-embed hs-cta-simple-placeholder hs-cta-embed-241151160055\" style=\"max-width: 100%;max-height: 100%;width: 270px;height: 50.390625px\" data-hubspot-wrapper-cta-id=\"241151160055\"><a href=\"https:\/\/cta-na2.hubspot.com\/web-interactives\/public\/v1\/track\/redirect?encryptedPayload=AVxigLLUG9XShtF2ziGdRlpsMD%2BMJ39t1kFOE7VlHl2HmmlWzlJWH0rsV7f3eoQL53gclcWb0lliiDgK3EAMVvEOcIE7gW9aYOwk1uipv43pSUkBlDtiKJ%2BcB7fopWupnJbggqZWRkNERZkdh1dDGXHHDJX3V0sOA8mbXD%2Fd6QC2XK2OyVtrDNFDHbBoT6b15PyvF4Ca3b6JBNTYdAzYeH790XenlNKBP4OKZqw50t7IGx9DuADFMFlNdg6FWQ%3D%3D&amp;webInteractiveContentId=241151160055&amp;portalId=242128791\" target=\"_blank\" rel=\"noopener\"><br \/>\n<img decoding=\"async\" style=\"height: 100%;width: 100%;object-fit: fill\" src=\"https:\/\/hubspot-no-cache-na2-prod.s3.amazonaws.com\/cta\/default\/242128791\/interactive-241151160055.png\" alt=\"CONTACTEZ L'EQUIPE PROAV\" \/><br \/>\n<\/a><\/div>\n<p style=\"margin-top: 50px\"><iframe loading=\"lazy\" src=\"https:\/\/405nrr.share-na2.hsforms.com\/24AR2ZDSmQqWycFqf8q5-eg\" width=\"100%\" height=\"1200px\"><\/iframe><\/p>\n    <\/div>\n    \n","protected":false},"excerpt":{"rendered":"","protected":false},"author":97,"featured_media":11358,"parent":10498,"menu_order":0,"comment_status":"closed","ping_status":"closed","template":"templates\/blog-wifi.php","meta":{"_acf_changed":false,"content-type":"","footnotes":""},"class_list":["post-11357","page","type-page","status-publish","has-post-thumbnail","hentry"],"acf":[],"yoast_head":"<!-- This site is optimized with the Yoast SEO plugin v27.5 - https:\/\/yoast.com\/product\/yoast-seo-wordpress\/ -->\n<title>Les op\u00e9rations diversifi\u00e9es de HVS et ses besoins r\u00e9seau complexes pris en charge - NETGEAR Blog<\/title>\n<meta name=\"robots\" content=\"index, follow, max-snippet:-1, max-image-preview:large, max-video-preview:-1\" \/>\n<link rel=\"canonical\" href=\"https:\/\/frhub.netgear.com\/fr\/hub\/business\/case-studies\/av-case-studies\/hvs-complex-network-needs\/\" \/>\n<meta property=\"og:locale\" content=\"en_US\" \/>\n<meta property=\"og:type\" content=\"article\" \/>\n<meta property=\"og:title\" content=\"Les op\u00e9rations diversifi\u00e9es de HVS et ses besoins r\u00e9seau complexes pris en charge - NETGEAR Blog\" \/>\n<meta property=\"og:url\" content=\"https:\/\/frhub.netgear.com\/fr\/hub\/business\/case-studies\/av-case-studies\/hvs-complex-network-needs\/\" \/>\n<meta property=\"og:site_name\" content=\"NETGEAR Blog\" \/>\n<meta property=\"article:publisher\" content=\"https:\/\/www.facebook.com\/NetgearAU\/\" \/>\n<meta property=\"article:modified_time\" content=\"2025-10-20T15:20:36+00:00\" \/>\n<meta property=\"og:image\" content=\"https:\/\/frhub.netgear.com\/fr\/hub\/wp-content\/uploads\/2025\/10\/Featured-Image-Case-Study-HVS-383x288-1.jpg\" \/>\n\t<meta property=\"og:image:width\" content=\"383\" \/>\n\t<meta property=\"og:image:height\" content=\"288\" \/>\n\t<meta property=\"og:image:type\" content=\"image\/jpeg\" \/>\n<meta name=\"twitter:card\" content=\"summary_large_image\" \/>\n<meta name=\"twitter:site\" content=\"@NETGEAR\" \/>\n<script type=\"application\/ld+json\" class=\"yoast-schema-graph\">{\"@context\":\"https:\\\/\\\/schema.org\",\"@graph\":[{\"@type\":\"WebPage\",\"@id\":\"https:\\\/\\\/frhub.netgear.com\\\/fr\\\/hub\\\/business\\\/case-studies\\\/av-case-studies\\\/hvs-complex-network-needs\\\/\",\"url\":\"https:\\\/\\\/frhub.netgear.com\\\/fr\\\/hub\\\/business\\\/case-studies\\\/av-case-studies\\\/hvs-complex-network-needs\\\/\",\"name\":\"Les op\u00e9rations diversifi\u00e9es de HVS et ses besoins r\u00e9seau complexes pris en charge - NETGEAR Blog\",\"isPartOf\":{\"@id\":\"https:\\\/\\\/frhub.netgear.com\\\/fr\\\/hub\\\/#website\"},\"primaryImageOfPage\":{\"@id\":\"https:\\\/\\\/frhub.netgear.com\\\/fr\\\/hub\\\/business\\\/case-studies\\\/av-case-studies\\\/hvs-complex-network-needs\\\/#primaryimage\"},\"image\":{\"@id\":\"https:\\\/\\\/frhub.netgear.com\\\/fr\\\/hub\\\/business\\\/case-studies\\\/av-case-studies\\\/hvs-complex-network-needs\\\/#primaryimage\"},\"thumbnailUrl\":\"https:\\\/\\\/frhub.netgear.com\\\/fr\\\/hub\\\/wp-content\\\/uploads\\\/2025\\\/10\\\/Featured-Image-Case-Study-HVS-383x288-1.jpg\",\"datePublished\":\"2025-10-20T15:18:33+00:00\",\"dateModified\":\"2025-10-20T15:20:36+00:00\",\"breadcrumb\":{\"@id\":\"https:\\\/\\\/frhub.netgear.com\\\/fr\\\/hub\\\/business\\\/case-studies\\\/av-case-studies\\\/hvs-complex-network-needs\\\/#breadcrumb\"},\"inLanguage\":\"en-US\",\"potentialAction\":[{\"@type\":\"ReadAction\",\"target\":[\"https:\\\/\\\/frhub.netgear.com\\\/fr\\\/hub\\\/business\\\/case-studies\\\/av-case-studies\\\/hvs-complex-network-needs\\\/\"]}]},{\"@type\":\"ImageObject\",\"inLanguage\":\"en-US\",\"@id\":\"https:\\\/\\\/frhub.netgear.com\\\/fr\\\/hub\\\/business\\\/case-studies\\\/av-case-studies\\\/hvs-complex-network-needs\\\/#primaryimage\",\"url\":\"https:\\\/\\\/frhub.netgear.com\\\/fr\\\/hub\\\/wp-content\\\/uploads\\\/2025\\\/10\\\/Featured-Image-Case-Study-HVS-383x288-1.jpg\",\"contentUrl\":\"https:\\\/\\\/frhub.netgear.com\\\/fr\\\/hub\\\/wp-content\\\/uploads\\\/2025\\\/10\\\/Featured-Image-Case-Study-HVS-383x288-1.jpg\",\"width\":383,\"height\":288},{\"@type\":\"BreadcrumbList\",\"@id\":\"https:\\\/\\\/frhub.netgear.com\\\/fr\\\/hub\\\/business\\\/case-studies\\\/av-case-studies\\\/hvs-complex-network-needs\\\/#breadcrumb\",\"itemListElement\":[{\"@type\":\"ListItem\",\"position\":1,\"name\":\"Home\",\"item\":\"https:\\\/\\\/frhub.netgear.com\\\/fr\\\/hub\\\/\"},{\"@type\":\"ListItem\",\"position\":2,\"name\":\"Entreprises\",\"item\":\"https:\\\/\\\/frhub.netgear.com\\\/fr\\\/hub\\\/business\\\/\"},{\"@type\":\"ListItem\",\"position\":3,\"name\":\"All Case Studies &#8211; FR\",\"item\":\"https:\\\/\\\/frhub.netgear.com\\\/fr\\\/hub\\\/business\\\/case-studies\\\/\"},{\"@type\":\"ListItem\",\"position\":4,\"name\":\"Case Studies &#8211; AV &#8211; FR\",\"item\":\"https:\\\/\\\/frhub.netgear.com\\\/fr\\\/hub\\\/business\\\/case-studies\\\/av-case-studies\\\/\"},{\"@type\":\"ListItem\",\"position\":5,\"name\":\"Les op\u00e9rations diversifi\u00e9es de HVS et ses besoins r\u00e9seau complexes pris en charge\"}]},{\"@type\":\"WebSite\",\"@id\":\"https:\\\/\\\/frhub.netgear.com\\\/fr\\\/hub\\\/#website\",\"url\":\"https:\\\/\\\/frhub.netgear.com\\\/fr\\\/hub\\\/\",\"name\":\"NETGEAR Hub France\",\"description\":\"Explorez les pages de notre blog et parcourez les articles pour en savoir plus sur les produits et la technologie NETGEAR.\",\"publisher\":{\"@id\":\"https:\\\/\\\/frhub.netgear.com\\\/fr\\\/hub\\\/#organization\"},\"potentialAction\":[{\"@type\":\"SearchAction\",\"target\":{\"@type\":\"EntryPoint\",\"urlTemplate\":\"https:\\\/\\\/frhub.netgear.com\\\/fr\\\/hub\\\/?s={search_term_string}\"},\"query-input\":{\"@type\":\"PropertyValueSpecification\",\"valueRequired\":true,\"valueName\":\"search_term_string\"}}],\"inLanguage\":\"en-US\"},{\"@type\":\"Organization\",\"@id\":\"https:\\\/\\\/frhub.netgear.com\\\/fr\\\/hub\\\/#organization\",\"name\":\"NETGEAR\",\"url\":\"https:\\\/\\\/frhub.netgear.com\\\/fr\\\/hub\\\/\",\"logo\":{\"@type\":\"ImageObject\",\"inLanguage\":\"en-US\",\"@id\":\"https:\\\/\\\/frhub.netgear.com\\\/fr\\\/hub\\\/#\\\/schema\\\/logo\\\/image\\\/\",\"url\":\"https:\\\/\\\/www.netgear.com\\\/fr\\\/hub\\\/wp-content\\\/uploads\\\/2019\\\/07\\\/NETGEAR_logo.jpg\",\"contentUrl\":\"https:\\\/\\\/www.netgear.com\\\/fr\\\/hub\\\/wp-content\\\/uploads\\\/2019\\\/07\\\/NETGEAR_logo.jpg\",\"width\":1500,\"height\":501,\"caption\":\"NETGEAR\"},\"image\":{\"@id\":\"https:\\\/\\\/frhub.netgear.com\\\/fr\\\/hub\\\/#\\\/schema\\\/logo\\\/image\\\/\"},\"sameAs\":[\"https:\\\/\\\/www.facebook.com\\\/NetgearAU\\\/\",\"https:\\\/\\\/x.com\\\/NETGEAR\",\"https:\\\/\\\/www.linkedin.com\\\/company\\\/netgear\"]}]}<\/script>\n<!-- \/ Yoast SEO plugin. -->","yoast_head_json":{"title":"Les op\u00e9rations diversifi\u00e9es de HVS et ses besoins r\u00e9seau complexes pris en charge - NETGEAR Blog","robots":{"index":"index","follow":"follow","max-snippet":"max-snippet:-1","max-image-preview":"max-image-preview:large","max-video-preview":"max-video-preview:-1"},"canonical":"https:\/\/frhub.netgear.com\/fr\/hub\/business\/case-studies\/av-case-studies\/hvs-complex-network-needs\/","og_locale":"en_US","og_type":"article","og_title":"Les op\u00e9rations diversifi\u00e9es de HVS et ses besoins r\u00e9seau complexes pris en charge - NETGEAR Blog","og_url":"https:\/\/frhub.netgear.com\/fr\/hub\/business\/case-studies\/av-case-studies\/hvs-complex-network-needs\/","og_site_name":"NETGEAR Blog","article_publisher":"https:\/\/www.facebook.com\/NetgearAU\/","article_modified_time":"2025-10-20T15:20:36+00:00","og_image":[{"width":383,"height":288,"url":"https:\/\/frhub.netgear.com\/fr\/hub\/wp-content\/uploads\/2025\/10\/Featured-Image-Case-Study-HVS-383x288-1.jpg","type":"image\/jpeg"}],"twitter_card":"summary_large_image","twitter_site":"@NETGEAR","schema":{"@context":"https:\/\/schema.org","@graph":[{"@type":"WebPage","@id":"https:\/\/frhub.netgear.com\/fr\/hub\/business\/case-studies\/av-case-studies\/hvs-complex-network-needs\/","url":"https:\/\/frhub.netgear.com\/fr\/hub\/business\/case-studies\/av-case-studies\/hvs-complex-network-needs\/","name":"Les op\u00e9rations diversifi\u00e9es de HVS et ses besoins r\u00e9seau complexes pris en charge - NETGEAR Blog","isPartOf":{"@id":"https:\/\/frhub.netgear.com\/fr\/hub\/#website"},"primaryImageOfPage":{"@id":"https:\/\/frhub.netgear.com\/fr\/hub\/business\/case-studies\/av-case-studies\/hvs-complex-network-needs\/#primaryimage"},"image":{"@id":"https:\/\/frhub.netgear.com\/fr\/hub\/business\/case-studies\/av-case-studies\/hvs-complex-network-needs\/#primaryimage"},"thumbnailUrl":"https:\/\/frhub.netgear.com\/fr\/hub\/wp-content\/uploads\/2025\/10\/Featured-Image-Case-Study-HVS-383x288-1.jpg","datePublished":"2025-10-20T15:18:33+00:00","dateModified":"2025-10-20T15:20:36+00:00","breadcrumb":{"@id":"https:\/\/frhub.netgear.com\/fr\/hub\/business\/case-studies\/av-case-studies\/hvs-complex-network-needs\/#breadcrumb"},"inLanguage":"en-US","potentialAction":[{"@type":"ReadAction","target":["https:\/\/frhub.netgear.com\/fr\/hub\/business\/case-studies\/av-case-studies\/hvs-complex-network-needs\/"]}]},{"@type":"ImageObject","inLanguage":"en-US","@id":"https:\/\/frhub.netgear.com\/fr\/hub\/business\/case-studies\/av-case-studies\/hvs-complex-network-needs\/#primaryimage","url":"https:\/\/frhub.netgear.com\/fr\/hub\/wp-content\/uploads\/2025\/10\/Featured-Image-Case-Study-HVS-383x288-1.jpg","contentUrl":"https:\/\/frhub.netgear.com\/fr\/hub\/wp-content\/uploads\/2025\/10\/Featured-Image-Case-Study-HVS-383x288-1.jpg","width":383,"height":288},{"@type":"BreadcrumbList","@id":"https:\/\/frhub.netgear.com\/fr\/hub\/business\/case-studies\/av-case-studies\/hvs-complex-network-needs\/#breadcrumb","itemListElement":[{"@type":"ListItem","position":1,"name":"Home","item":"https:\/\/frhub.netgear.com\/fr\/hub\/"},{"@type":"ListItem","position":2,"name":"Entreprises","item":"https:\/\/frhub.netgear.com\/fr\/hub\/business\/"},{"@type":"ListItem","position":3,"name":"All Case Studies &#8211; FR","item":"https:\/\/frhub.netgear.com\/fr\/hub\/business\/case-studies\/"},{"@type":"ListItem","position":4,"name":"Case Studies &#8211; AV &#8211; FR","item":"https:\/\/frhub.netgear.com\/fr\/hub\/business\/case-studies\/av-case-studies\/"},{"@type":"ListItem","position":5,"name":"Les op\u00e9rations diversifi\u00e9es de HVS et ses besoins r\u00e9seau complexes pris en charge"}]},{"@type":"WebSite","@id":"https:\/\/frhub.netgear.com\/fr\/hub\/#website","url":"https:\/\/frhub.netgear.com\/fr\/hub\/","name":"NETGEAR Hub France","description":"Explorez les pages de notre blog et parcourez les articles pour en savoir plus sur les produits et la technologie NETGEAR.","publisher":{"@id":"https:\/\/frhub.netgear.com\/fr\/hub\/#organization"},"potentialAction":[{"@type":"SearchAction","target":{"@type":"EntryPoint","urlTemplate":"https:\/\/frhub.netgear.com\/fr\/hub\/?s={search_term_string}"},"query-input":{"@type":"PropertyValueSpecification","valueRequired":true,"valueName":"search_term_string"}}],"inLanguage":"en-US"},{"@type":"Organization","@id":"https:\/\/frhub.netgear.com\/fr\/hub\/#organization","name":"NETGEAR","url":"https:\/\/frhub.netgear.com\/fr\/hub\/","logo":{"@type":"ImageObject","inLanguage":"en-US","@id":"https:\/\/frhub.netgear.com\/fr\/hub\/#\/schema\/logo\/image\/","url":"https:\/\/www.netgear.com\/fr\/hub\/wp-content\/uploads\/2019\/07\/NETGEAR_logo.jpg","contentUrl":"https:\/\/www.netgear.com\/fr\/hub\/wp-content\/uploads\/2019\/07\/NETGEAR_logo.jpg","width":1500,"height":501,"caption":"NETGEAR"},"image":{"@id":"https:\/\/frhub.netgear.com\/fr\/hub\/#\/schema\/logo\/image\/"},"sameAs":["https:\/\/www.facebook.com\/NetgearAU\/","https:\/\/x.com\/NETGEAR","https:\/\/www.linkedin.com\/company\/netgear"]}]}},"_links":{"self":[{"href":"https:\/\/frhub.netgear.com\/fr\/hub\/wp-json\/wp\/v2\/pages\/11357","targetHints":{"allow":["GET"]}}],"collection":[{"href":"https:\/\/frhub.netgear.com\/fr\/hub\/wp-json\/wp\/v2\/pages"}],"about":[{"href":"https:\/\/frhub.netgear.com\/fr\/hub\/wp-json\/wp\/v2\/types\/page"}],"author":[{"embeddable":true,"href":"https:\/\/frhub.netgear.com\/fr\/hub\/wp-json\/wp\/v2\/users\/97"}],"replies":[{"embeddable":true,"href":"https:\/\/frhub.netgear.com\/fr\/hub\/wp-json\/wp\/v2\/comments?post=11357"}],"version-history":[{"count":2,"href":"https:\/\/frhub.netgear.com\/fr\/hub\/wp-json\/wp\/v2\/pages\/11357\/revisions"}],"predecessor-version":[{"id":11360,"href":"https:\/\/frhub.netgear.com\/fr\/hub\/wp-json\/wp\/v2\/pages\/11357\/revisions\/11360"}],"up":[{"embeddable":true,"href":"https:\/\/frhub.netgear.com\/fr\/hub\/wp-json\/wp\/v2\/pages\/10498"}],"wp:featuredmedia":[{"embeddable":true,"href":"https:\/\/frhub.netgear.com\/fr\/hub\/wp-json\/wp\/v2\/media\/11358"}],"wp:attachment":[{"href":"https:\/\/frhub.netgear.com\/fr\/hub\/wp-json\/wp\/v2\/media?parent=11357"}],"curies":[{"name":"wp","href":"https:\/\/api.w.org\/{rel}","templated":true}]}}