{"id":11352,"date":"2024-12-24T16:51:50","date_gmt":"2025-10-20T14:51:29","guid":{"rendered":"https:\/\/frhub.netgear.com\/fr\/hub\/?page_id=11352"},"modified":"2025-10-20T17:19:55","modified_gmt":"2025-10-20T15:19:55","slug":"shanghai-jinqiao","status":"publish","type":"page","link":"https:\/\/frhub.netgear.com\/fr\/hub\/business\/case-studies\/av-case-studies\/shanghai-jinqiao\/","title":{"rendered":"Relier l\u2019int\u00e9gration AV et IT chez Shanghai Jinqiao Information Co., Ltd. gr\u00e2ce aux solutions NETGEAR"},"content":{"rendered":"<p><img loading=\"lazy\" decoding=\"async\" class=\"alignone size-full wp-image-10681\" style=\"border-radius: 1em;\" src=\"https:\/\/www.netgear.com\/hub\/wp-content\/uploads\/2024\/12\/Banner-image-Shanghai-Jinqiao-1048-x-250.jpg\" alt=\"\" width=\"1048\" height=\"511\" \/><\/p>\n    <div class=\"table-of-content bg-gray\">\n        <p><strong>IN THIS ARTICLE<\/strong><\/p>\n        <ul>\n                        <li><a href=\"#topic1\">R\u00c9SUM\u00c9<\/a><\/li>\n                        <li><a href=\"#topic2\">D\u00c9FIS<\/a><\/li>\n                        <li><a href=\"#topic3\">SOLUTION<\/a><\/li>\n                        <li><a href=\"#topic4\">EXP\u00c9RIENCE ET RETOURS<\/a><\/li>\n                        <li><a href=\"#topic5\">RECOMMANDATION<\/a><\/li>\n                        <li><a href=\"#topic6\">PLUS D'INFORMATIONS<\/a><\/li>\n                    <\/ul>\n    <\/div>\n        <div id=\"topic1\" class=\"skip-item\">\n                        <h2>R\u00c9SUM\u00c9<\/h2>\n                <div style=\"background-color: #eeeeee;padding: 20px;width: 33%;float: right\">\n<p><strong>Nom de l\u2019entreprise :<\/strong><br \/>\nShanghai Jinqiao Information Co., Ltd.<\/p>\n<p><strong>Secteur d\u2019activit\u00e9 :<\/strong><br \/>\nFournisseur IT<\/p>\n<p><strong>Site web :<\/strong><br \/>\n<a href=\"https:\/\/www.jinqiaogroup.cn\">jinqiaogroup.cn<\/a><\/p>\n<p><strong>Localisation :<\/strong><br \/>\nXiangtan, Hunan, Chine<\/p>\n<\/div>\n<p>Shanghai Jinqiao Information Co., Ltd. a rencontr\u00e9 des d\u00e9fis importants pour int\u00e9grer les syst\u00e8mes AV \u00e0 l\u2019infrastructure IT, ce qui entra\u00eenait des inefficacit\u00e9s ainsi que des difficult\u00e9s dans la gestion et le d\u00e9pannage des syst\u00e8mes.<\/p>\n<p>Les switches de la s\u00e9rie M4250 de NETGEAR ont \u00e9t\u00e9 d\u00e9ploy\u00e9s pour r\u00e9soudre ces probl\u00e8mes, offrant une interface intuitive aussi bien pour le personnel IT que pour les \u00e9quipes AV, tout en prenant en charge les protocoles r\u00e9seau AV complexes.<\/p>\n<p>Cette installation, qui comprenait un amphith\u00e9\u00e2tre et trois salles de r\u00e9union, a permis d\u2019obtenir un flux de travail plus efficace et optimis\u00e9.<\/p>\n    <\/div>\n        <div id=\"topic2\" class=\"skip-item\">\n                        <h2>D\u00c9FIS<\/h2>\n                <p data-start=\"80\" data-end=\"356\">Avant la mise en \u0153uvre de la solution NETGEAR, Shanghai Jinqiao Information Co., Ltd. rencontrait d\u2019importantes difficult\u00e9s dans la configuration du r\u00e9seau et la gestion des flux de travail, en particulier pour int\u00e9grer les syst\u00e8mes AV (Audio-Visuels) \u00e0 l\u2019infrastructure IT.<\/p>\n<p data-start=\"358\" data-end=\"796\">L\u2019entreprise faisait face \u00e0 la complexit\u00e9 des configurations et au manque de comp\u00e9tences crois\u00e9es entre les d\u00e9partements AV et IT. Le personnel IT ne ma\u00eetrisait pas les protocoles AV, tandis que les \u00e9quipes AV n\u2019\u00e9taient pas famili\u00e8res avec les syst\u00e8mes IT. Cette s\u00e9paration cr\u00e9ait un environnement de travail inefficace, notamment pour les techniciens charg\u00e9s du d\u00e9bogage, qui avaient du mal \u00e0 g\u00e9rer et d\u00e9panner les syst\u00e8mes efficacement.<\/p>\n    <\/div>\n        <div id=\"topic3\" class=\"skip-item\">\n                        <h2>SOLUTION<\/h2>\n                <p data-start=\"822\" data-end=\"1063\">Les switches de la s\u00e9rie <strong data-start=\"847\" data-end=\"856\">M4250<\/strong> de NETGEAR ont \u00e9t\u00e9 choisis pour r\u00e9pondre \u00e0 ces probl\u00e9matiques. Ces switches intelligents ont \u00e9t\u00e9 int\u00e9gr\u00e9s dans un projet \u00e0 plusieurs millions de RMB, comprenant un amphith\u00e9\u00e2tre et trois salles de r\u00e9union.<\/p>\n<p data-start=\"1065\" data-end=\"1325\">La s\u00e9rie M4250 a \u00e9t\u00e9 sp\u00e9cifiquement retenue pour sa capacit\u00e9 \u00e0 g\u00e9rer les protocoles r\u00e9seau AV complexes n\u00e9cessaires \u00e0 une communication fluide entre les appareils, tout en offrant une interface intuitive aussi bien pour le personnel IT que pour les \u00e9quipes AV.<\/p>\n    <\/div>\n        <div id=\"topic4\" class=\"skip-item\">\n                        <h2>EXP\u00c9RIENCE ET RETOURS<\/h2>\n                <p data-start=\"1364\" data-end=\"1647\">Le d\u00e9ploiement faisait partie d\u2019un projet d\u2019envergure pour l\u2019entreprise, incluant un amphith\u00e9\u00e2tre et trois salles de r\u00e9union. Bien que les \u00e9quipements r\u00e9seau ne constituaient qu\u2019une petite partie du projet global, ils ont jou\u00e9 un r\u00f4le critique dans le bon fonctionnement du r\u00e9seau.<\/p>\n<p data-start=\"1649\" data-end=\"1995\">Shanghai Jinqiao Information Co., Ltd. a donn\u00e9 une <strong data-start=\"1700\" data-end=\"1722\">note tr\u00e8s positive<\/strong> \u00e0 son exp\u00e9rience avec les produits NETGEAR. Le client a particuli\u00e8rement appr\u00e9ci\u00e9 la formation produit, qui mettait l\u2019accent sur l\u2019explication des principes de base et la transmission de connaissances universelles, un point qu\u2019il a consid\u00e9r\u00e9 comme un avantage important.<\/p>\n<p data-start=\"1997\" data-end=\"2134\">Le client a \u00e9galement estim\u00e9 que les produits NETGEAR \u00e9taient sp\u00e9cialement con\u00e7us pour r\u00e9pondre aux exigences des r\u00e9seaux de syst\u00e8mes AV.<\/p>\n    <\/div>\n        <div id=\"topic5\" class=\"skip-item\">\n                        <h2>RECOMMANDATION<\/h2>\n                <p data-start=\"2166\" data-end=\"2231\">Le client recommande vivement les produits NETGEAR \u00e0 ses pairs.<\/p>\n<p data-start=\"2233\" data-end=\"2542\">La raison principale de cette recommandation est la capacit\u00e9 de la solution \u00e0 <strong data-start=\"2311\" data-end=\"2358\">combler le foss\u00e9 entre les \u00e9quipes IT et AV<\/strong>, un point sensible pour de nombreuses organisations. En r\u00e9solvant ce probl\u00e8me, les produits NETGEAR ont aid\u00e9 \u00e0 <strong data-start=\"2470\" data-end=\"2501\">rationaliser les op\u00e9rations<\/strong> et \u00e0 <strong data-start=\"2507\" data-end=\"2541\">am\u00e9liorer l\u2019efficacit\u00e9 globale<\/strong>.<\/p>\n<p data-start=\"2544\" data-end=\"2781\">Le choix de NETGEAR a \u00e9t\u00e9 influenc\u00e9 par la recommandation d\u2019un conseiller, qui a soulign\u00e9 la capacit\u00e9 de l\u2019entreprise \u00e0 fournir des solutions fiables et faciles \u00e0 utiliser, adapt\u00e9es aux d\u00e9fis d\u2019int\u00e9gration AV-IT rencontr\u00e9s par le client.<\/p>\n    <\/div>\n        <div id=\"topic6\" class=\"skip-item\">\n                        <h2>PLUS D'INFORMATIONS<\/h2>\n                <p><!--SOLUTIONS NETGEAR AV --><br \/>\nPlus d\u2019informations sur nos solutions audiovisuelles<\/p>\n<div class=\"hs-cta-embed hs-cta-simple-placeholder hs-cta-embed-241151160046\" style=\"max-width: 100%;max-height: 100%;width: 260px;height: 50.390625px\" data-hubspot-wrapper-cta-id=\"241151160046\"><a href=\"https:\/\/cta-na2.hubspot.com\/web-interactives\/public\/v1\/track\/redirect?encryptedPayload=AVxigLJf4HGLXU18h5HBrlQTZuKX4p21iriDX%2FD9Weo1E0jc26wgSp32sJpGF%2FrOb977gqk9Skq%2FVgamhq%2FXvCN0mPQ1dmrdARtcNUH8fV5cFOvngo8qJ8EuMyEq%2Fqu2y51zC2FZUVyu97opP5ixVGCiE%2Bg6BOgTVVDljEMF5hhhXUNpnikrl2UTN%2Bb3TA%3D%3D&amp;webInteractiveContentId=241151160046&amp;portalId=242128791\" target=\"_blank\" rel=\"noopener\"><br \/>\n<img decoding=\"async\" style=\"height: 100%;width: 100%;object-fit: fill\" src=\"https:\/\/hubspot-no-cache-na2-prod.s3.amazonaws.com\/cta\/default\/242128791\/interactive-241151160046.png\" alt=\"SOLUTIONS NETGEAR AV\" \/><br \/>\n<\/a><\/div>\n<p><!-- NETGEAR ACADEMY AV --><br \/>\nApprenez tout sur les r\u00e9seaux IP gr\u00e2ce \u00e0 la NETGEAR ACADEMY<\/p>\n<div class=\"hs-cta-embed hs-cta-simple-placeholder hs-cta-embed-241151160033\" style=\"max-width: 100%;max-height: 100%;width: 260px;height: 50.390625px\" data-hubspot-wrapper-cta-id=\"241151160033\"><a href=\"https:\/\/cta-na2.hubspot.com\/web-interactives\/public\/v1\/track\/redirect?encryptedPayload=AVxigLJ6zgXxrLVJLagOt9pyIXf5%2FGgh9lUupWJj49Nfcbq71eIrrvJQt9JGeaQwNkTAPTWhI2%2BXk56NQscWP4xOQ7iZrhk6rkBjyO4dBlJGP1gG3BpcrdlgLyF%2F850K2l3xn5kDj5H%2Fur8VO2zJH58QH7by4HFWliY25223Shr3sQx25aCmNBjCDkNwA2WRum67F9fGyQyzoYOn86wAq%2Brw3xzsBDMbyw%3D%3D&amp;webInteractiveContentId=241151160033&amp;portalId=242128791\" target=\"_blank\" rel=\"noopener\"><br \/>\n<img decoding=\"async\" style=\"height: 100%;width: 100%;object-fit: fill\" src=\"https:\/\/hubspot-no-cache-na2-prod.s3.amazonaws.com\/cta\/default\/242128791\/interactive-241151160033.png\" alt=\"NETGEAR ACADEMY\" \/><br \/>\n<\/a><\/div>\n<p style=\"margin-bottom: 30px\"><!--CONTACTEZ L'EQUIPE PROAV --><br \/>\nNos ing\u00e9nieurs vous accompagneront gratuitement dans la r\u00e9alisation de vos projets audiovisuels<\/p>\n<div class=\"hs-cta-embed hs-cta-simple-placeholder hs-cta-embed-241151160055\" style=\"max-width: 100%;max-height: 100%;width: 270px;height: 50.390625px\" data-hubspot-wrapper-cta-id=\"241151160055\"><a href=\"https:\/\/cta-na2.hubspot.com\/web-interactives\/public\/v1\/track\/redirect?encryptedPayload=AVxigLLUG9XShtF2ziGdRlpsMD%2BMJ39t1kFOE7VlHl2HmmlWzlJWH0rsV7f3eoQL53gclcWb0lliiDgK3EAMVvEOcIE7gW9aYOwk1uipv43pSUkBlDtiKJ%2BcB7fopWupnJbggqZWRkNERZkdh1dDGXHHDJX3V0sOA8mbXD%2Fd6QC2XK2OyVtrDNFDHbBoT6b15PyvF4Ca3b6JBNTYdAzYeH790XenlNKBP4OKZqw50t7IGx9DuADFMFlNdg6FWQ%3D%3D&amp;webInteractiveContentId=241151160055&amp;portalId=242128791\" target=\"_blank\" rel=\"noopener\"><br \/>\n<img decoding=\"async\" style=\"height: 100%;width: 100%;object-fit: fill\" src=\"https:\/\/hubspot-no-cache-na2-prod.s3.amazonaws.com\/cta\/default\/242128791\/interactive-241151160055.png\" alt=\"CONTACTEZ L'EQUIPE PROAV\" \/><br \/>\n<\/a><\/div>\n<p style=\"margin-top: 50px\"><iframe loading=\"lazy\" src=\"https:\/\/405nrr.share-na2.hsforms.com\/24AR2ZDSmQqWycFqf8q5-eg\" width=\"100%\" height=\"1200px\"><\/iframe><\/p>\n    <\/div>\n    \n","protected":false},"excerpt":{"rendered":"","protected":false},"author":97,"featured_media":11355,"parent":10498,"menu_order":0,"comment_status":"closed","ping_status":"closed","template":"templates\/blog-wifi.php","meta":{"_acf_changed":false,"content-type":"","footnotes":""},"class_list":["post-11352","page","type-page","status-publish","has-post-thumbnail","hentry"],"acf":[],"yoast_head":"<!-- This site is optimized with the Yoast SEO plugin v27.4 - https:\/\/yoast.com\/product\/yoast-seo-wordpress\/ -->\n<title>Relier l\u2019int\u00e9gration AV et IT chez Shanghai Jinqiao Information Co., Ltd. gr\u00e2ce aux solutions NETGEAR - NETGEAR Blog<\/title>\n<meta name=\"robots\" content=\"index, follow, max-snippet:-1, max-image-preview:large, max-video-preview:-1\" \/>\n<link rel=\"canonical\" href=\"https:\/\/frhub.netgear.com\/fr\/hub\/business\/case-studies\/av-case-studies\/shanghai-jinqiao\/\" \/>\n<meta property=\"og:locale\" content=\"en_US\" \/>\n<meta property=\"og:type\" content=\"article\" \/>\n<meta property=\"og:title\" content=\"Relier l\u2019int\u00e9gration AV et IT chez Shanghai Jinqiao Information Co., Ltd. gr\u00e2ce aux solutions NETGEAR - NETGEAR Blog\" \/>\n<meta property=\"og:url\" content=\"https:\/\/frhub.netgear.com\/fr\/hub\/business\/case-studies\/av-case-studies\/shanghai-jinqiao\/\" \/>\n<meta property=\"og:site_name\" content=\"NETGEAR Blog\" \/>\n<meta property=\"article:publisher\" content=\"https:\/\/www.facebook.com\/NetgearAU\/\" \/>\n<meta property=\"article:modified_time\" content=\"2025-10-20T15:19:55+00:00\" \/>\n<meta property=\"og:image\" content=\"https:\/\/frhub.netgear.com\/fr\/hub\/wp-content\/uploads\/2025\/10\/Featured-Image-Case-Study-Shanghai-Jinqiao-383x288-1.jpg\" \/>\n\t<meta property=\"og:image:width\" content=\"383\" \/>\n\t<meta property=\"og:image:height\" content=\"288\" \/>\n\t<meta property=\"og:image:type\" content=\"image\/jpeg\" \/>\n<meta name=\"twitter:card\" content=\"summary_large_image\" \/>\n<meta name=\"twitter:site\" content=\"@NETGEAR\" \/>\n<script type=\"application\/ld+json\" class=\"yoast-schema-graph\">{\"@context\":\"https:\\\/\\\/schema.org\",\"@graph\":[{\"@type\":\"WebPage\",\"@id\":\"https:\\\/\\\/frhub.netgear.com\\\/fr\\\/hub\\\/business\\\/case-studies\\\/av-case-studies\\\/shanghai-jinqiao\\\/\",\"url\":\"https:\\\/\\\/frhub.netgear.com\\\/fr\\\/hub\\\/business\\\/case-studies\\\/av-case-studies\\\/shanghai-jinqiao\\\/\",\"name\":\"Relier l\u2019int\u00e9gration AV et IT chez Shanghai Jinqiao Information Co., Ltd. gr\u00e2ce aux solutions NETGEAR - NETGEAR Blog\",\"isPartOf\":{\"@id\":\"https:\\\/\\\/frhub.netgear.com\\\/fr\\\/hub\\\/#website\"},\"primaryImageOfPage\":{\"@id\":\"https:\\\/\\\/frhub.netgear.com\\\/fr\\\/hub\\\/business\\\/case-studies\\\/av-case-studies\\\/shanghai-jinqiao\\\/#primaryimage\"},\"image\":{\"@id\":\"https:\\\/\\\/frhub.netgear.com\\\/fr\\\/hub\\\/business\\\/case-studies\\\/av-case-studies\\\/shanghai-jinqiao\\\/#primaryimage\"},\"thumbnailUrl\":\"https:\\\/\\\/frhub.netgear.com\\\/fr\\\/hub\\\/wp-content\\\/uploads\\\/2025\\\/10\\\/Featured-Image-Case-Study-Shanghai-Jinqiao-383x288-1.jpg\",\"datePublished\":\"2025-10-20T14:51:29+00:00\",\"dateModified\":\"2025-10-20T15:19:55+00:00\",\"breadcrumb\":{\"@id\":\"https:\\\/\\\/frhub.netgear.com\\\/fr\\\/hub\\\/business\\\/case-studies\\\/av-case-studies\\\/shanghai-jinqiao\\\/#breadcrumb\"},\"inLanguage\":\"en-US\",\"potentialAction\":[{\"@type\":\"ReadAction\",\"target\":[\"https:\\\/\\\/frhub.netgear.com\\\/fr\\\/hub\\\/business\\\/case-studies\\\/av-case-studies\\\/shanghai-jinqiao\\\/\"]}]},{\"@type\":\"ImageObject\",\"inLanguage\":\"en-US\",\"@id\":\"https:\\\/\\\/frhub.netgear.com\\\/fr\\\/hub\\\/business\\\/case-studies\\\/av-case-studies\\\/shanghai-jinqiao\\\/#primaryimage\",\"url\":\"https:\\\/\\\/frhub.netgear.com\\\/fr\\\/hub\\\/wp-content\\\/uploads\\\/2025\\\/10\\\/Featured-Image-Case-Study-Shanghai-Jinqiao-383x288-1.jpg\",\"contentUrl\":\"https:\\\/\\\/frhub.netgear.com\\\/fr\\\/hub\\\/wp-content\\\/uploads\\\/2025\\\/10\\\/Featured-Image-Case-Study-Shanghai-Jinqiao-383x288-1.jpg\",\"width\":383,\"height\":288},{\"@type\":\"BreadcrumbList\",\"@id\":\"https:\\\/\\\/frhub.netgear.com\\\/fr\\\/hub\\\/business\\\/case-studies\\\/av-case-studies\\\/shanghai-jinqiao\\\/#breadcrumb\",\"itemListElement\":[{\"@type\":\"ListItem\",\"position\":1,\"name\":\"Home\",\"item\":\"https:\\\/\\\/frhub.netgear.com\\\/fr\\\/hub\\\/\"},{\"@type\":\"ListItem\",\"position\":2,\"name\":\"Entreprises\",\"item\":\"https:\\\/\\\/frhub.netgear.com\\\/fr\\\/hub\\\/business\\\/\"},{\"@type\":\"ListItem\",\"position\":3,\"name\":\"All Case Studies &#8211; FR\",\"item\":\"https:\\\/\\\/frhub.netgear.com\\\/fr\\\/hub\\\/business\\\/case-studies\\\/\"},{\"@type\":\"ListItem\",\"position\":4,\"name\":\"Case Studies &#8211; AV &#8211; FR\",\"item\":\"https:\\\/\\\/frhub.netgear.com\\\/fr\\\/hub\\\/business\\\/case-studies\\\/av-case-studies\\\/\"},{\"@type\":\"ListItem\",\"position\":5,\"name\":\"Relier l\u2019int\u00e9gration AV et IT chez Shanghai Jinqiao Information Co., Ltd. gr\u00e2ce aux solutions NETGEAR\"}]},{\"@type\":\"WebSite\",\"@id\":\"https:\\\/\\\/frhub.netgear.com\\\/fr\\\/hub\\\/#website\",\"url\":\"https:\\\/\\\/frhub.netgear.com\\\/fr\\\/hub\\\/\",\"name\":\"NETGEAR Hub France\",\"description\":\"Explorez les pages de notre blog et parcourez les articles pour en savoir plus sur les produits et la technologie NETGEAR.\",\"publisher\":{\"@id\":\"https:\\\/\\\/frhub.netgear.com\\\/fr\\\/hub\\\/#organization\"},\"potentialAction\":[{\"@type\":\"SearchAction\",\"target\":{\"@type\":\"EntryPoint\",\"urlTemplate\":\"https:\\\/\\\/frhub.netgear.com\\\/fr\\\/hub\\\/?s={search_term_string}\"},\"query-input\":{\"@type\":\"PropertyValueSpecification\",\"valueRequired\":true,\"valueName\":\"search_term_string\"}}],\"inLanguage\":\"en-US\"},{\"@type\":\"Organization\",\"@id\":\"https:\\\/\\\/frhub.netgear.com\\\/fr\\\/hub\\\/#organization\",\"name\":\"NETGEAR\",\"url\":\"https:\\\/\\\/frhub.netgear.com\\\/fr\\\/hub\\\/\",\"logo\":{\"@type\":\"ImageObject\",\"inLanguage\":\"en-US\",\"@id\":\"https:\\\/\\\/frhub.netgear.com\\\/fr\\\/hub\\\/#\\\/schema\\\/logo\\\/image\\\/\",\"url\":\"https:\\\/\\\/www.netgear.com\\\/fr\\\/hub\\\/wp-content\\\/uploads\\\/2019\\\/07\\\/NETGEAR_logo.jpg\",\"contentUrl\":\"https:\\\/\\\/www.netgear.com\\\/fr\\\/hub\\\/wp-content\\\/uploads\\\/2019\\\/07\\\/NETGEAR_logo.jpg\",\"width\":1500,\"height\":501,\"caption\":\"NETGEAR\"},\"image\":{\"@id\":\"https:\\\/\\\/frhub.netgear.com\\\/fr\\\/hub\\\/#\\\/schema\\\/logo\\\/image\\\/\"},\"sameAs\":[\"https:\\\/\\\/www.facebook.com\\\/NetgearAU\\\/\",\"https:\\\/\\\/x.com\\\/NETGEAR\",\"https:\\\/\\\/www.linkedin.com\\\/company\\\/netgear\"]}]}<\/script>\n<!-- \/ Yoast SEO plugin. -->","yoast_head_json":{"title":"Relier l\u2019int\u00e9gration AV et IT chez Shanghai Jinqiao Information Co., Ltd. gr\u00e2ce aux solutions NETGEAR - NETGEAR Blog","robots":{"index":"index","follow":"follow","max-snippet":"max-snippet:-1","max-image-preview":"max-image-preview:large","max-video-preview":"max-video-preview:-1"},"canonical":"https:\/\/frhub.netgear.com\/fr\/hub\/business\/case-studies\/av-case-studies\/shanghai-jinqiao\/","og_locale":"en_US","og_type":"article","og_title":"Relier l\u2019int\u00e9gration AV et IT chez Shanghai Jinqiao Information Co., Ltd. gr\u00e2ce aux solutions NETGEAR - NETGEAR Blog","og_url":"https:\/\/frhub.netgear.com\/fr\/hub\/business\/case-studies\/av-case-studies\/shanghai-jinqiao\/","og_site_name":"NETGEAR Blog","article_publisher":"https:\/\/www.facebook.com\/NetgearAU\/","article_modified_time":"2025-10-20T15:19:55+00:00","og_image":[{"width":383,"height":288,"url":"https:\/\/frhub.netgear.com\/fr\/hub\/wp-content\/uploads\/2025\/10\/Featured-Image-Case-Study-Shanghai-Jinqiao-383x288-1.jpg","type":"image\/jpeg"}],"twitter_card":"summary_large_image","twitter_site":"@NETGEAR","schema":{"@context":"https:\/\/schema.org","@graph":[{"@type":"WebPage","@id":"https:\/\/frhub.netgear.com\/fr\/hub\/business\/case-studies\/av-case-studies\/shanghai-jinqiao\/","url":"https:\/\/frhub.netgear.com\/fr\/hub\/business\/case-studies\/av-case-studies\/shanghai-jinqiao\/","name":"Relier l\u2019int\u00e9gration AV et IT chez Shanghai Jinqiao Information Co., Ltd. gr\u00e2ce aux solutions NETGEAR - NETGEAR Blog","isPartOf":{"@id":"https:\/\/frhub.netgear.com\/fr\/hub\/#website"},"primaryImageOfPage":{"@id":"https:\/\/frhub.netgear.com\/fr\/hub\/business\/case-studies\/av-case-studies\/shanghai-jinqiao\/#primaryimage"},"image":{"@id":"https:\/\/frhub.netgear.com\/fr\/hub\/business\/case-studies\/av-case-studies\/shanghai-jinqiao\/#primaryimage"},"thumbnailUrl":"https:\/\/frhub.netgear.com\/fr\/hub\/wp-content\/uploads\/2025\/10\/Featured-Image-Case-Study-Shanghai-Jinqiao-383x288-1.jpg","datePublished":"2025-10-20T14:51:29+00:00","dateModified":"2025-10-20T15:19:55+00:00","breadcrumb":{"@id":"https:\/\/frhub.netgear.com\/fr\/hub\/business\/case-studies\/av-case-studies\/shanghai-jinqiao\/#breadcrumb"},"inLanguage":"en-US","potentialAction":[{"@type":"ReadAction","target":["https:\/\/frhub.netgear.com\/fr\/hub\/business\/case-studies\/av-case-studies\/shanghai-jinqiao\/"]}]},{"@type":"ImageObject","inLanguage":"en-US","@id":"https:\/\/frhub.netgear.com\/fr\/hub\/business\/case-studies\/av-case-studies\/shanghai-jinqiao\/#primaryimage","url":"https:\/\/frhub.netgear.com\/fr\/hub\/wp-content\/uploads\/2025\/10\/Featured-Image-Case-Study-Shanghai-Jinqiao-383x288-1.jpg","contentUrl":"https:\/\/frhub.netgear.com\/fr\/hub\/wp-content\/uploads\/2025\/10\/Featured-Image-Case-Study-Shanghai-Jinqiao-383x288-1.jpg","width":383,"height":288},{"@type":"BreadcrumbList","@id":"https:\/\/frhub.netgear.com\/fr\/hub\/business\/case-studies\/av-case-studies\/shanghai-jinqiao\/#breadcrumb","itemListElement":[{"@type":"ListItem","position":1,"name":"Home","item":"https:\/\/frhub.netgear.com\/fr\/hub\/"},{"@type":"ListItem","position":2,"name":"Entreprises","item":"https:\/\/frhub.netgear.com\/fr\/hub\/business\/"},{"@type":"ListItem","position":3,"name":"All Case Studies &#8211; FR","item":"https:\/\/frhub.netgear.com\/fr\/hub\/business\/case-studies\/"},{"@type":"ListItem","position":4,"name":"Case Studies &#8211; AV &#8211; FR","item":"https:\/\/frhub.netgear.com\/fr\/hub\/business\/case-studies\/av-case-studies\/"},{"@type":"ListItem","position":5,"name":"Relier l\u2019int\u00e9gration AV et IT chez Shanghai Jinqiao Information Co., Ltd. gr\u00e2ce aux solutions NETGEAR"}]},{"@type":"WebSite","@id":"https:\/\/frhub.netgear.com\/fr\/hub\/#website","url":"https:\/\/frhub.netgear.com\/fr\/hub\/","name":"NETGEAR Hub France","description":"Explorez les pages de notre blog et parcourez les articles pour en savoir plus sur les produits et la technologie NETGEAR.","publisher":{"@id":"https:\/\/frhub.netgear.com\/fr\/hub\/#organization"},"potentialAction":[{"@type":"SearchAction","target":{"@type":"EntryPoint","urlTemplate":"https:\/\/frhub.netgear.com\/fr\/hub\/?s={search_term_string}"},"query-input":{"@type":"PropertyValueSpecification","valueRequired":true,"valueName":"search_term_string"}}],"inLanguage":"en-US"},{"@type":"Organization","@id":"https:\/\/frhub.netgear.com\/fr\/hub\/#organization","name":"NETGEAR","url":"https:\/\/frhub.netgear.com\/fr\/hub\/","logo":{"@type":"ImageObject","inLanguage":"en-US","@id":"https:\/\/frhub.netgear.com\/fr\/hub\/#\/schema\/logo\/image\/","url":"https:\/\/www.netgear.com\/fr\/hub\/wp-content\/uploads\/2019\/07\/NETGEAR_logo.jpg","contentUrl":"https:\/\/www.netgear.com\/fr\/hub\/wp-content\/uploads\/2019\/07\/NETGEAR_logo.jpg","width":1500,"height":501,"caption":"NETGEAR"},"image":{"@id":"https:\/\/frhub.netgear.com\/fr\/hub\/#\/schema\/logo\/image\/"},"sameAs":["https:\/\/www.facebook.com\/NetgearAU\/","https:\/\/x.com\/NETGEAR","https:\/\/www.linkedin.com\/company\/netgear"]}]}},"_links":{"self":[{"href":"https:\/\/frhub.netgear.com\/fr\/hub\/wp-json\/wp\/v2\/pages\/11352","targetHints":{"allow":["GET"]}}],"collection":[{"href":"https:\/\/frhub.netgear.com\/fr\/hub\/wp-json\/wp\/v2\/pages"}],"about":[{"href":"https:\/\/frhub.netgear.com\/fr\/hub\/wp-json\/wp\/v2\/types\/page"}],"author":[{"embeddable":true,"href":"https:\/\/frhub.netgear.com\/fr\/hub\/wp-json\/wp\/v2\/users\/97"}],"replies":[{"embeddable":true,"href":"https:\/\/frhub.netgear.com\/fr\/hub\/wp-json\/wp\/v2\/comments?post=11352"}],"version-history":[{"count":3,"href":"https:\/\/frhub.netgear.com\/fr\/hub\/wp-json\/wp\/v2\/pages\/11352\/revisions"}],"predecessor-version":[{"id":11354,"href":"https:\/\/frhub.netgear.com\/fr\/hub\/wp-json\/wp\/v2\/pages\/11352\/revisions\/11354"}],"up":[{"embeddable":true,"href":"https:\/\/frhub.netgear.com\/fr\/hub\/wp-json\/wp\/v2\/pages\/10498"}],"wp:featuredmedia":[{"embeddable":true,"href":"https:\/\/frhub.netgear.com\/fr\/hub\/wp-json\/wp\/v2\/media\/11355"}],"wp:attachment":[{"href":"https:\/\/frhub.netgear.com\/fr\/hub\/wp-json\/wp\/v2\/media?parent=11352"}],"curies":[{"name":"wp","href":"https:\/\/api.w.org\/{rel}","templated":true}]}}