{"id":11345,"date":"2024-05-30T16:19:50","date_gmt":"2025-10-20T14:19:03","guid":{"rendered":"https:\/\/frhub.netgear.com\/fr\/hub\/?page_id=11345"},"modified":"2025-10-20T16:19:43","modified_gmt":"2025-10-20T14:19:43","slug":"reliable-av-over-ip-solutions-government","status":"publish","type":"page","link":"https:\/\/frhub.netgear.com\/fr\/hub\/business\/case-studies\/av-case-studies\/reliable-av-over-ip-solutions-government\/","title":{"rendered":"Solutions audiovisuelles de NETGEAR pour l\u2019Assembl\u00e9e nationale de Cor\u00e9e du Sud"},"content":{"rendered":"<p><img loading=\"lazy\" decoding=\"async\" class=\"alignone size-full wp-image-10681\" style=\"border-radius: 1em;\" src=\"https:\/\/www.netgear.com\/hub\/wp-content\/uploads\/2024\/12\/Header-image-National-ssembly-Steering-1048-x-250.jpg\" alt=\"\" width=\"1048\" height=\"511\" \/><\/p>\n    <div class=\"table-of-content bg-gray\">\n        <p><strong>IN THIS ARTICLE<\/strong><\/p>\n        <ul>\n                        <li><a href=\"#topic1\">R\u00c9SUM\u00c9<\/a><\/li>\n                        <li><a href=\"#topic2\">CONTEXTE<\/a><\/li>\n                        <li><a href=\"#topic3\">D\u00c9FI<\/a><\/li>\n                        <li><a href=\"#topic4\">SOLUTION<\/a><\/li>\n                        <li><a href=\"#topic5\">EXP\u00c9RIENCE GLOBALE<\/a><\/li>\n                        <li><a href=\"#topic6\">RECOMMANDATION<\/a><\/li>\n                        <li><a href=\"#topic7\">PLUS D'INFORMATIONS<\/a><\/li>\n                    <\/ul>\n    <\/div>\n        <div id=\"topic1\" class=\"skip-item\">\n                        <h2>R\u00c9SUM\u00c9<\/h2>\n                <div style=\"background-color: #eeeeee;padding: 20px;width: 33%;float: right\">\n<p><strong>Nom de l\u2019entreprise :<\/strong><br \/>\nSoftgear<\/p>\n<p><strong>Secteur d\u2019activit\u00e9 :<\/strong><br \/>\nFournisseur de services audiovisuels<\/p>\n<p><strong>Site web :<\/strong><br \/>\n<a href=\"https:\/\/www.softgear.tech\">softgear.tech<\/a><\/p>\n<p><strong>Localisation :<\/strong><br \/>\nCor\u00e9e du Sud<\/p>\n<\/div>\n<p>Le Comit\u00e9 de direction de l\u2019Assembl\u00e9e nationale en Cor\u00e9e du Sud, op\u00e9rant dans le secteur public\/gouvernemental, avait besoin d\u2019un syst\u00e8me audiovisuel sur IP (AV over IP) performant pour assurer une communication fluide et une diffusion efficace dans ses salles de r\u00e9union. Il faisait face \u00e0 des probl\u00e8mes de stabilit\u00e9 du r\u00e9seau et de compatibilit\u00e9 des appareils.<\/p>\n<p>Ils ont fait appel \u00e0 Softgear, l\u2019un des revendeurs sud-cor\u00e9ens de NETGEAR, pour mettre en \u0153uvre des commutateurs AV NETGEAR. Cette solution a consid\u00e9rablement am\u00e9lior\u00e9 leur infrastructure r\u00e9seau. Le syst\u00e8me mis en place offre d\u00e9sormais un r\u00e9seau stable et efficace, capable de g\u00e9rer \u00e0 la fois Dante pour l\u2019audio et NDI pour la vid\u00e9o.<\/p>\n    <\/div>\n        <div id=\"topic2\" class=\"skip-item\">\n                        <h2>CONTEXTE<\/h2>\n                <p>Le <strong data-start=\"84\" data-end=\"132\">Comit\u00e9 de direction de l\u2019Assembl\u00e9e nationale<\/strong>, situ\u00e9 en Cor\u00e9e du Sud, op\u00e8re dans le secteur public\/gouvernemental. Il est charg\u00e9 de la gestion des r\u00e9unions cl\u00e9s et des syst\u00e8mes de diffusion li\u00e9s aux activit\u00e9s l\u00e9gislatives. Le client avait besoin d\u2019un syst\u00e8me <strong data-start=\"346\" data-end=\"381\">audiovisuel sur IP (AV over IP)<\/strong> robuste et fiable afin d\u2019assurer une communication fluide et une diffusion efficace dans ses salles de r\u00e9union.<\/p>\n    <\/div>\n        <div id=\"topic3\" class=\"skip-item\">\n                        <h2>D\u00c9FI<\/h2>\n                <p>Avant la mise en \u0153uvre des solutions NETGEAR, le Comit\u00e9 de direction rencontrait d\u2019importantes difficult\u00e9s pour \u00e9tablir un syst\u00e8me AV over IP fiable. Les principaux probl\u00e8mes concernaient <strong data-start=\"703\" data-end=\"729\">la stabilit\u00e9 du r\u00e9seau<\/strong> et <strong data-start=\"733\" data-end=\"799\">la compatibilit\u00e9 entre les diff\u00e9rents \u00e9quipements audiovisuels<\/strong>, des \u00e9l\u00e9ments cruciaux pour le bon fonctionnement de leurs syst\u00e8mes de diffusion en salle de r\u00e9union.<\/p>\n    <\/div>\n        <div id=\"topic4\" class=\"skip-item\">\n                        <h2>SOLUTION<\/h2>\n                <p data-start=\"927\" data-end=\"1193\">Pour surmonter ces d\u00e9fis, le service informatique de l\u2019Assembl\u00e9e nationale a sollicit\u00e9 <strong data-start=\"1014\" data-end=\"1026\">Softgear<\/strong> pour la mise en place d\u2019un r\u00e9seau AV over IP, bas\u00e9 sur les <strong data-start=\"1086\" data-end=\"1116\">commutateurs AV de NETGEAR<\/strong>. Cette mise en \u0153uvre a nettement am\u00e9lior\u00e9 l\u2019infrastructure r\u00e9seau globale.<\/p>\n<p data-start=\"1195\" data-end=\"1608\">Le client a utilis\u00e9 <strong data-start=\"1215\" data-end=\"1252\">deux commutateurs Spine XSM4328FV<\/strong>, \u00e9quip\u00e9s de <strong data-start=\"1265\" data-end=\"1284\">modules APS350W<\/strong> pour garantir la redondance, ainsi que des <strong data-start=\"1328\" data-end=\"1359\">commutateurs Leaf GSM4230PX<\/strong> dans chaque salle de r\u00e9union. Cette configuration a permis une gestion fluide de <strong data-start=\"1441\" data-end=\"1450\">Dante<\/strong> pour l\u2019audio et de <strong data-start=\"1470\" data-end=\"1477\">NDI<\/strong> pour la vid\u00e9o. Le r\u00e9sultat a \u00e9t\u00e9 un <strong data-start=\"1514\" data-end=\"1542\">flux de travail optimis\u00e9<\/strong> et un <strong data-start=\"1549\" data-end=\"1580\">r\u00e9seau stable et performant<\/strong> dans l\u2019ensemble des salles.<\/p>\n<p data-start=\"1195\" data-end=\"1608\"><img decoding=\"async\" src=\"https:\/\/www.netgear.com\/hub\/wp-content\/uploads\/2024\/12\/Featured-image-National-Assembly-1048-x-250.jpg\" alt=\"\" \/><\/p>\n    <\/div>\n        <div id=\"topic5\" class=\"skip-item\">\n                        <h2>EXP\u00c9RIENCE GLOBALE<\/h2>\n                <p>L\u2019exp\u00e9rience du client avec les solutions NETGEAR a \u00e9t\u00e9 <strong data-start=\"1700\" data-end=\"1714\">excellente<\/strong>. Il a exprim\u00e9 une <strong data-start=\"1733\" data-end=\"1756\">grande satisfaction<\/strong> quant \u00e0 la <strong data-start=\"1768\" data-end=\"1795\">facilit\u00e9 de d\u00e9ploiement<\/strong>, la <strong data-start=\"1800\" data-end=\"1841\">compatibilit\u00e9 avec les \u00e9quipements AV<\/strong> et la <strong data-start=\"1848\" data-end=\"1872\">stabilit\u00e9 du syst\u00e8me<\/strong>. L\u2019<strong data-start=\"1876\" data-end=\"1900\">interface conviviale<\/strong> et les fonctionnalit\u00e9s avanc\u00e9es ont largement contribu\u00e9 \u00e0 la r\u00e9ussite de ce d\u00e9ploiement, permettant un r\u00e9seau audiovisuel fluide et efficace pour les diffusions en salles de r\u00e9union de l\u2019Assembl\u00e9e nationale.<\/p>\n    <\/div>\n        <div id=\"topic6\" class=\"skip-item\">\n                        <h2>RECOMMANDATION<\/h2>\n                <p data-start=\"2140\" data-end=\"2622\">Le client recommande vivement les solutions AV de NETGEAR \u00e0 d\u2019autres professionnels du secteur, notamment \u00e0 ceux impliqu\u00e9s dans les syst\u00e8mes AV sur IP. Il cite comme principaux atouts la <strong data-start=\"2327\" data-end=\"2349\">fiabilit\u00e9 \u00e9prouv\u00e9e<\/strong>, la <strong data-start=\"2354\" data-end=\"2382\">configuration simplifi\u00e9e<\/strong> et la <strong data-start=\"2389\" data-end=\"2451\">compatibilit\u00e9 sup\u00e9rieure avec les \u00e9quipements audiovisuels<\/strong>. Les commutateurs AV de NETGEAR offrent des avantages significatifs par rapport aux commutateurs r\u00e9seau traditionnels, assurant un <strong data-start=\"2583\" data-end=\"2621\">flux de travail stable et efficace<\/strong>.<\/p>\n    <\/div>\n        <div id=\"topic7\" class=\"skip-item\">\n                        <h2>PLUS D'INFORMATIONS<\/h2>\n                <p><!--SOLUTIONS NETGEAR AV --><br \/>\nPlus d\u2019informations sur nos solutions audiovisuelles<\/p>\n<div class=\"hs-cta-embed hs-cta-simple-placeholder hs-cta-embed-241151160046\" style=\"max-width: 100%;max-height: 100%;width: 260px;height: 50.390625px\" data-hubspot-wrapper-cta-id=\"241151160046\"><a href=\"https:\/\/cta-na2.hubspot.com\/web-interactives\/public\/v1\/track\/redirect?encryptedPayload=AVxigLJf4HGLXU18h5HBrlQTZuKX4p21iriDX%2FD9Weo1E0jc26wgSp32sJpGF%2FrOb977gqk9Skq%2FVgamhq%2FXvCN0mPQ1dmrdARtcNUH8fV5cFOvngo8qJ8EuMyEq%2Fqu2y51zC2FZUVyu97opP5ixVGCiE%2Bg6BOgTVVDljEMF5hhhXUNpnikrl2UTN%2Bb3TA%3D%3D&amp;webInteractiveContentId=241151160046&amp;portalId=242128791\" target=\"_blank\" rel=\"noopener\"><br \/>\n<img decoding=\"async\" style=\"height: 100%;width: 100%;object-fit: fill\" src=\"https:\/\/hubspot-no-cache-na2-prod.s3.amazonaws.com\/cta\/default\/242128791\/interactive-241151160046.png\" alt=\"SOLUTIONS NETGEAR AV\" \/><br \/>\n<\/a><\/div>\n<p><!-- NETGEAR ACADEMY AV --><br \/>\nApprenez tout sur les r\u00e9seaux IP gr\u00e2ce \u00e0 la NETGEAR ACADEMY<\/p>\n<div class=\"hs-cta-embed hs-cta-simple-placeholder hs-cta-embed-241151160033\" style=\"max-width: 100%;max-height: 100%;width: 260px;height: 50.390625px\" data-hubspot-wrapper-cta-id=\"241151160033\"><a href=\"https:\/\/cta-na2.hubspot.com\/web-interactives\/public\/v1\/track\/redirect?encryptedPayload=AVxigLJ6zgXxrLVJLagOt9pyIXf5%2FGgh9lUupWJj49Nfcbq71eIrrvJQt9JGeaQwNkTAPTWhI2%2BXk56NQscWP4xOQ7iZrhk6rkBjyO4dBlJGP1gG3BpcrdlgLyF%2F850K2l3xn5kDj5H%2Fur8VO2zJH58QH7by4HFWliY25223Shr3sQx25aCmNBjCDkNwA2WRum67F9fGyQyzoYOn86wAq%2Brw3xzsBDMbyw%3D%3D&amp;webInteractiveContentId=241151160033&amp;portalId=242128791\" target=\"_blank\" rel=\"noopener\"><br \/>\n<img decoding=\"async\" style=\"height: 100%;width: 100%;object-fit: fill\" src=\"https:\/\/hubspot-no-cache-na2-prod.s3.amazonaws.com\/cta\/default\/242128791\/interactive-241151160033.png\" alt=\"NETGEAR ACADEMY\" \/><br \/>\n<\/a><\/div>\n<p style=\"margin-bottom: 30px\"><!--CONTACTEZ L'EQUIPE PROAV --><br \/>\nNos ing\u00e9nieurs vous accompagneront gratuitement dans la r\u00e9alisation de vos projets audiovisuels<\/p>\n<div class=\"hs-cta-embed hs-cta-simple-placeholder hs-cta-embed-241151160055\" style=\"max-width: 100%;max-height: 100%;width: 270px;height: 50.390625px\" data-hubspot-wrapper-cta-id=\"241151160055\"><a href=\"https:\/\/cta-na2.hubspot.com\/web-interactives\/public\/v1\/track\/redirect?encryptedPayload=AVxigLLUG9XShtF2ziGdRlpsMD%2BMJ39t1kFOE7VlHl2HmmlWzlJWH0rsV7f3eoQL53gclcWb0lliiDgK3EAMVvEOcIE7gW9aYOwk1uipv43pSUkBlDtiKJ%2BcB7fopWupnJbggqZWRkNERZkdh1dDGXHHDJX3V0sOA8mbXD%2Fd6QC2XK2OyVtrDNFDHbBoT6b15PyvF4Ca3b6JBNTYdAzYeH790XenlNKBP4OKZqw50t7IGx9DuADFMFlNdg6FWQ%3D%3D&amp;webInteractiveContentId=241151160055&amp;portalId=242128791\" target=\"_blank\" rel=\"noopener\"><br \/>\n<img decoding=\"async\" style=\"height: 100%;width: 100%;object-fit: fill\" src=\"https:\/\/hubspot-no-cache-na2-prod.s3.amazonaws.com\/cta\/default\/242128791\/interactive-241151160055.png\" alt=\"CONTACTEZ L'EQUIPE PROAV\" \/><br \/>\n<\/a><\/div>\n<p style=\"margin-top: 50px\"><iframe loading=\"lazy\" src=\"https:\/\/405nrr.share-na2.hsforms.com\/24AR2ZDSmQqWycFqf8q5-eg\" width=\"100%\" height=\"1200px\"><\/iframe><\/p>\n    <\/div>\n    \n","protected":false},"excerpt":{"rendered":"","protected":false},"author":97,"featured_media":11346,"parent":10498,"menu_order":0,"comment_status":"closed","ping_status":"closed","template":"templates\/blog-wifi.php","meta":{"_acf_changed":false,"content-type":"","footnotes":""},"class_list":["post-11345","page","type-page","status-publish","has-post-thumbnail","hentry"],"acf":[],"yoast_head":"<!-- This site is optimized with the Yoast SEO plugin v27.5 - https:\/\/yoast.com\/product\/yoast-seo-wordpress\/ -->\n<title>Solutions audiovisuelles de NETGEAR pour l\u2019Assembl\u00e9e nationale de Cor\u00e9e du Sud - NETGEAR Blog<\/title>\n<meta name=\"robots\" content=\"index, follow, max-snippet:-1, max-image-preview:large, max-video-preview:-1\" \/>\n<link rel=\"canonical\" href=\"https:\/\/frhub.netgear.com\/fr\/hub\/business\/case-studies\/av-case-studies\/reliable-av-over-ip-solutions-government\/\" \/>\n<meta property=\"og:locale\" content=\"en_US\" \/>\n<meta property=\"og:type\" content=\"article\" \/>\n<meta property=\"og:title\" content=\"Solutions audiovisuelles de NETGEAR pour l\u2019Assembl\u00e9e nationale de Cor\u00e9e du Sud - NETGEAR Blog\" \/>\n<meta property=\"og:url\" content=\"https:\/\/frhub.netgear.com\/fr\/hub\/business\/case-studies\/av-case-studies\/reliable-av-over-ip-solutions-government\/\" \/>\n<meta property=\"og:site_name\" content=\"NETGEAR Blog\" \/>\n<meta property=\"article:publisher\" content=\"https:\/\/www.facebook.com\/NetgearAU\/\" \/>\n<meta property=\"article:modified_time\" content=\"2025-10-20T14:19:43+00:00\" \/>\n<meta property=\"og:image\" content=\"https:\/\/frhub.netgear.com\/fr\/hub\/wp-content\/uploads\/2025\/10\/Featured-Image-National-Assembly-383x288-1.jpg\" \/>\n\t<meta property=\"og:image:width\" content=\"383\" \/>\n\t<meta property=\"og:image:height\" content=\"288\" \/>\n\t<meta property=\"og:image:type\" content=\"image\/jpeg\" \/>\n<meta name=\"twitter:card\" content=\"summary_large_image\" \/>\n<meta name=\"twitter:site\" content=\"@NETGEAR\" \/>\n<script type=\"application\/ld+json\" class=\"yoast-schema-graph\">{\"@context\":\"https:\\\/\\\/schema.org\",\"@graph\":[{\"@type\":\"WebPage\",\"@id\":\"https:\\\/\\\/frhub.netgear.com\\\/fr\\\/hub\\\/business\\\/case-studies\\\/av-case-studies\\\/reliable-av-over-ip-solutions-government\\\/\",\"url\":\"https:\\\/\\\/frhub.netgear.com\\\/fr\\\/hub\\\/business\\\/case-studies\\\/av-case-studies\\\/reliable-av-over-ip-solutions-government\\\/\",\"name\":\"Solutions audiovisuelles de NETGEAR pour l\u2019Assembl\u00e9e nationale de Cor\u00e9e du Sud - NETGEAR Blog\",\"isPartOf\":{\"@id\":\"https:\\\/\\\/frhub.netgear.com\\\/fr\\\/hub\\\/#website\"},\"primaryImageOfPage\":{\"@id\":\"https:\\\/\\\/frhub.netgear.com\\\/fr\\\/hub\\\/business\\\/case-studies\\\/av-case-studies\\\/reliable-av-over-ip-solutions-government\\\/#primaryimage\"},\"image\":{\"@id\":\"https:\\\/\\\/frhub.netgear.com\\\/fr\\\/hub\\\/business\\\/case-studies\\\/av-case-studies\\\/reliable-av-over-ip-solutions-government\\\/#primaryimage\"},\"thumbnailUrl\":\"https:\\\/\\\/frhub.netgear.com\\\/fr\\\/hub\\\/wp-content\\\/uploads\\\/2025\\\/10\\\/Featured-Image-National-Assembly-383x288-1.jpg\",\"datePublished\":\"2025-10-20T14:19:03+00:00\",\"dateModified\":\"2025-10-20T14:19:43+00:00\",\"breadcrumb\":{\"@id\":\"https:\\\/\\\/frhub.netgear.com\\\/fr\\\/hub\\\/business\\\/case-studies\\\/av-case-studies\\\/reliable-av-over-ip-solutions-government\\\/#breadcrumb\"},\"inLanguage\":\"en-US\",\"potentialAction\":[{\"@type\":\"ReadAction\",\"target\":[\"https:\\\/\\\/frhub.netgear.com\\\/fr\\\/hub\\\/business\\\/case-studies\\\/av-case-studies\\\/reliable-av-over-ip-solutions-government\\\/\"]}]},{\"@type\":\"ImageObject\",\"inLanguage\":\"en-US\",\"@id\":\"https:\\\/\\\/frhub.netgear.com\\\/fr\\\/hub\\\/business\\\/case-studies\\\/av-case-studies\\\/reliable-av-over-ip-solutions-government\\\/#primaryimage\",\"url\":\"https:\\\/\\\/frhub.netgear.com\\\/fr\\\/hub\\\/wp-content\\\/uploads\\\/2025\\\/10\\\/Featured-Image-National-Assembly-383x288-1.jpg\",\"contentUrl\":\"https:\\\/\\\/frhub.netgear.com\\\/fr\\\/hub\\\/wp-content\\\/uploads\\\/2025\\\/10\\\/Featured-Image-National-Assembly-383x288-1.jpg\",\"width\":383,\"height\":288},{\"@type\":\"BreadcrumbList\",\"@id\":\"https:\\\/\\\/frhub.netgear.com\\\/fr\\\/hub\\\/business\\\/case-studies\\\/av-case-studies\\\/reliable-av-over-ip-solutions-government\\\/#breadcrumb\",\"itemListElement\":[{\"@type\":\"ListItem\",\"position\":1,\"name\":\"Home\",\"item\":\"https:\\\/\\\/frhub.netgear.com\\\/fr\\\/hub\\\/\"},{\"@type\":\"ListItem\",\"position\":2,\"name\":\"Entreprises\",\"item\":\"https:\\\/\\\/frhub.netgear.com\\\/fr\\\/hub\\\/business\\\/\"},{\"@type\":\"ListItem\",\"position\":3,\"name\":\"All Case Studies &#8211; FR\",\"item\":\"https:\\\/\\\/frhub.netgear.com\\\/fr\\\/hub\\\/business\\\/case-studies\\\/\"},{\"@type\":\"ListItem\",\"position\":4,\"name\":\"Case Studies &#8211; AV &#8211; FR\",\"item\":\"https:\\\/\\\/frhub.netgear.com\\\/fr\\\/hub\\\/business\\\/case-studies\\\/av-case-studies\\\/\"},{\"@type\":\"ListItem\",\"position\":5,\"name\":\"Solutions audiovisuelles de NETGEAR pour l\u2019Assembl\u00e9e nationale de Cor\u00e9e du Sud\"}]},{\"@type\":\"WebSite\",\"@id\":\"https:\\\/\\\/frhub.netgear.com\\\/fr\\\/hub\\\/#website\",\"url\":\"https:\\\/\\\/frhub.netgear.com\\\/fr\\\/hub\\\/\",\"name\":\"NETGEAR Hub France\",\"description\":\"Explorez les pages de notre blog et parcourez les articles pour en savoir plus sur les produits et la technologie NETGEAR.\",\"publisher\":{\"@id\":\"https:\\\/\\\/frhub.netgear.com\\\/fr\\\/hub\\\/#organization\"},\"potentialAction\":[{\"@type\":\"SearchAction\",\"target\":{\"@type\":\"EntryPoint\",\"urlTemplate\":\"https:\\\/\\\/frhub.netgear.com\\\/fr\\\/hub\\\/?s={search_term_string}\"},\"query-input\":{\"@type\":\"PropertyValueSpecification\",\"valueRequired\":true,\"valueName\":\"search_term_string\"}}],\"inLanguage\":\"en-US\"},{\"@type\":\"Organization\",\"@id\":\"https:\\\/\\\/frhub.netgear.com\\\/fr\\\/hub\\\/#organization\",\"name\":\"NETGEAR\",\"url\":\"https:\\\/\\\/frhub.netgear.com\\\/fr\\\/hub\\\/\",\"logo\":{\"@type\":\"ImageObject\",\"inLanguage\":\"en-US\",\"@id\":\"https:\\\/\\\/frhub.netgear.com\\\/fr\\\/hub\\\/#\\\/schema\\\/logo\\\/image\\\/\",\"url\":\"https:\\\/\\\/www.netgear.com\\\/fr\\\/hub\\\/wp-content\\\/uploads\\\/2019\\\/07\\\/NETGEAR_logo.jpg\",\"contentUrl\":\"https:\\\/\\\/www.netgear.com\\\/fr\\\/hub\\\/wp-content\\\/uploads\\\/2019\\\/07\\\/NETGEAR_logo.jpg\",\"width\":1500,\"height\":501,\"caption\":\"NETGEAR\"},\"image\":{\"@id\":\"https:\\\/\\\/frhub.netgear.com\\\/fr\\\/hub\\\/#\\\/schema\\\/logo\\\/image\\\/\"},\"sameAs\":[\"https:\\\/\\\/www.facebook.com\\\/NetgearAU\\\/\",\"https:\\\/\\\/x.com\\\/NETGEAR\",\"https:\\\/\\\/www.linkedin.com\\\/company\\\/netgear\"]}]}<\/script>\n<!-- \/ Yoast SEO plugin. -->","yoast_head_json":{"title":"Solutions audiovisuelles de NETGEAR pour l\u2019Assembl\u00e9e nationale de Cor\u00e9e du Sud - NETGEAR Blog","robots":{"index":"index","follow":"follow","max-snippet":"max-snippet:-1","max-image-preview":"max-image-preview:large","max-video-preview":"max-video-preview:-1"},"canonical":"https:\/\/frhub.netgear.com\/fr\/hub\/business\/case-studies\/av-case-studies\/reliable-av-over-ip-solutions-government\/","og_locale":"en_US","og_type":"article","og_title":"Solutions audiovisuelles de NETGEAR pour l\u2019Assembl\u00e9e nationale de Cor\u00e9e du Sud - NETGEAR Blog","og_url":"https:\/\/frhub.netgear.com\/fr\/hub\/business\/case-studies\/av-case-studies\/reliable-av-over-ip-solutions-government\/","og_site_name":"NETGEAR Blog","article_publisher":"https:\/\/www.facebook.com\/NetgearAU\/","article_modified_time":"2025-10-20T14:19:43+00:00","og_image":[{"width":383,"height":288,"url":"https:\/\/frhub.netgear.com\/fr\/hub\/wp-content\/uploads\/2025\/10\/Featured-Image-National-Assembly-383x288-1.jpg","type":"image\/jpeg"}],"twitter_card":"summary_large_image","twitter_site":"@NETGEAR","schema":{"@context":"https:\/\/schema.org","@graph":[{"@type":"WebPage","@id":"https:\/\/frhub.netgear.com\/fr\/hub\/business\/case-studies\/av-case-studies\/reliable-av-over-ip-solutions-government\/","url":"https:\/\/frhub.netgear.com\/fr\/hub\/business\/case-studies\/av-case-studies\/reliable-av-over-ip-solutions-government\/","name":"Solutions audiovisuelles de NETGEAR pour l\u2019Assembl\u00e9e nationale de Cor\u00e9e du Sud - NETGEAR Blog","isPartOf":{"@id":"https:\/\/frhub.netgear.com\/fr\/hub\/#website"},"primaryImageOfPage":{"@id":"https:\/\/frhub.netgear.com\/fr\/hub\/business\/case-studies\/av-case-studies\/reliable-av-over-ip-solutions-government\/#primaryimage"},"image":{"@id":"https:\/\/frhub.netgear.com\/fr\/hub\/business\/case-studies\/av-case-studies\/reliable-av-over-ip-solutions-government\/#primaryimage"},"thumbnailUrl":"https:\/\/frhub.netgear.com\/fr\/hub\/wp-content\/uploads\/2025\/10\/Featured-Image-National-Assembly-383x288-1.jpg","datePublished":"2025-10-20T14:19:03+00:00","dateModified":"2025-10-20T14:19:43+00:00","breadcrumb":{"@id":"https:\/\/frhub.netgear.com\/fr\/hub\/business\/case-studies\/av-case-studies\/reliable-av-over-ip-solutions-government\/#breadcrumb"},"inLanguage":"en-US","potentialAction":[{"@type":"ReadAction","target":["https:\/\/frhub.netgear.com\/fr\/hub\/business\/case-studies\/av-case-studies\/reliable-av-over-ip-solutions-government\/"]}]},{"@type":"ImageObject","inLanguage":"en-US","@id":"https:\/\/frhub.netgear.com\/fr\/hub\/business\/case-studies\/av-case-studies\/reliable-av-over-ip-solutions-government\/#primaryimage","url":"https:\/\/frhub.netgear.com\/fr\/hub\/wp-content\/uploads\/2025\/10\/Featured-Image-National-Assembly-383x288-1.jpg","contentUrl":"https:\/\/frhub.netgear.com\/fr\/hub\/wp-content\/uploads\/2025\/10\/Featured-Image-National-Assembly-383x288-1.jpg","width":383,"height":288},{"@type":"BreadcrumbList","@id":"https:\/\/frhub.netgear.com\/fr\/hub\/business\/case-studies\/av-case-studies\/reliable-av-over-ip-solutions-government\/#breadcrumb","itemListElement":[{"@type":"ListItem","position":1,"name":"Home","item":"https:\/\/frhub.netgear.com\/fr\/hub\/"},{"@type":"ListItem","position":2,"name":"Entreprises","item":"https:\/\/frhub.netgear.com\/fr\/hub\/business\/"},{"@type":"ListItem","position":3,"name":"All Case Studies &#8211; FR","item":"https:\/\/frhub.netgear.com\/fr\/hub\/business\/case-studies\/"},{"@type":"ListItem","position":4,"name":"Case Studies &#8211; AV &#8211; FR","item":"https:\/\/frhub.netgear.com\/fr\/hub\/business\/case-studies\/av-case-studies\/"},{"@type":"ListItem","position":5,"name":"Solutions audiovisuelles de NETGEAR pour l\u2019Assembl\u00e9e nationale de Cor\u00e9e du Sud"}]},{"@type":"WebSite","@id":"https:\/\/frhub.netgear.com\/fr\/hub\/#website","url":"https:\/\/frhub.netgear.com\/fr\/hub\/","name":"NETGEAR Hub France","description":"Explorez les pages de notre blog et parcourez les articles pour en savoir plus sur les produits et la technologie NETGEAR.","publisher":{"@id":"https:\/\/frhub.netgear.com\/fr\/hub\/#organization"},"potentialAction":[{"@type":"SearchAction","target":{"@type":"EntryPoint","urlTemplate":"https:\/\/frhub.netgear.com\/fr\/hub\/?s={search_term_string}"},"query-input":{"@type":"PropertyValueSpecification","valueRequired":true,"valueName":"search_term_string"}}],"inLanguage":"en-US"},{"@type":"Organization","@id":"https:\/\/frhub.netgear.com\/fr\/hub\/#organization","name":"NETGEAR","url":"https:\/\/frhub.netgear.com\/fr\/hub\/","logo":{"@type":"ImageObject","inLanguage":"en-US","@id":"https:\/\/frhub.netgear.com\/fr\/hub\/#\/schema\/logo\/image\/","url":"https:\/\/www.netgear.com\/fr\/hub\/wp-content\/uploads\/2019\/07\/NETGEAR_logo.jpg","contentUrl":"https:\/\/www.netgear.com\/fr\/hub\/wp-content\/uploads\/2019\/07\/NETGEAR_logo.jpg","width":1500,"height":501,"caption":"NETGEAR"},"image":{"@id":"https:\/\/frhub.netgear.com\/fr\/hub\/#\/schema\/logo\/image\/"},"sameAs":["https:\/\/www.facebook.com\/NetgearAU\/","https:\/\/x.com\/NETGEAR","https:\/\/www.linkedin.com\/company\/netgear"]}]}},"_links":{"self":[{"href":"https:\/\/frhub.netgear.com\/fr\/hub\/wp-json\/wp\/v2\/pages\/11345","targetHints":{"allow":["GET"]}}],"collection":[{"href":"https:\/\/frhub.netgear.com\/fr\/hub\/wp-json\/wp\/v2\/pages"}],"about":[{"href":"https:\/\/frhub.netgear.com\/fr\/hub\/wp-json\/wp\/v2\/types\/page"}],"author":[{"embeddable":true,"href":"https:\/\/frhub.netgear.com\/fr\/hub\/wp-json\/wp\/v2\/users\/97"}],"replies":[{"embeddable":true,"href":"https:\/\/frhub.netgear.com\/fr\/hub\/wp-json\/wp\/v2\/comments?post=11345"}],"version-history":[{"count":1,"href":"https:\/\/frhub.netgear.com\/fr\/hub\/wp-json\/wp\/v2\/pages\/11345\/revisions"}],"predecessor-version":[{"id":11347,"href":"https:\/\/frhub.netgear.com\/fr\/hub\/wp-json\/wp\/v2\/pages\/11345\/revisions\/11347"}],"up":[{"embeddable":true,"href":"https:\/\/frhub.netgear.com\/fr\/hub\/wp-json\/wp\/v2\/pages\/10498"}],"wp:featuredmedia":[{"embeddable":true,"href":"https:\/\/frhub.netgear.com\/fr\/hub\/wp-json\/wp\/v2\/media\/11346"}],"wp:attachment":[{"href":"https:\/\/frhub.netgear.com\/fr\/hub\/wp-json\/wp\/v2\/media?parent=11345"}],"curies":[{"name":"wp","href":"https:\/\/api.w.org\/{rel}","templated":true}]}}