{"id":11337,"date":"2025-01-10T11:56:50","date_gmt":"2025-10-16T09:56:16","guid":{"rendered":"https:\/\/frhub.netgear.com\/fr\/hub\/?page_id=11337"},"modified":"2025-10-16T11:58:57","modified_gmt":"2025-10-16T09:58:57","slug":"netgear-m4250-freedom-street-concert","status":"publish","type":"page","link":"https:\/\/frhub.netgear.com\/fr\/hub\/business\/case-studies\/av-case-studies\/netgear-m4250-freedom-street-concert\/","title":{"rendered":"Concert Freedom Street"},"content":{"rendered":"<p><img loading=\"lazy\" decoding=\"async\" class=\"alignone size-full wp-image-10681\" style=\"border-radius: 1em;\" src=\"https:\/\/www.netgear.com\/hub\/wp-content\/uploads\/2025\/01\/V1-stage.jpeg\" alt=\"\" width=\"1048\" height=\"511\" \/><\/p>\n    <div class=\"table-of-content bg-gray\">\n        <p><strong>IN THIS ARTICLE<\/strong><\/p>\n        <ul>\n                        <li><a href=\"#topic1\">CONTEXTE<\/a><\/li>\n                        <li><a href=\"#topic2\">D\u00c9FI<\/a><\/li>\n                        <li><a href=\"#topic3\">SOLUTION<\/a><\/li>\n                        <li><a href=\"#topic4\">MISE EN \u0152UVRE<\/a><\/li>\n                        <li><a href=\"#topic5\">R\u00c9SULTATS<\/a><\/li>\n                        <li><a href=\"#topic6\">PLUS D'INFORMATIONS<\/a><\/li>\n                    <\/ul>\n    <\/div>\n        <div id=\"topic1\" class=\"skip-item\">\n                        <h2>CONTEXTE<\/h2>\n                <div style=\"background-color: #eeeeee;padding: 20px;width: 33%;float: right\">\n<p><strong>Nom de l\u2019entreprise :<\/strong><br \/>\nPhase 3 Productions<\/p>\n<p><strong>Secteur d\u2019activit\u00e9 :<\/strong><br \/>\nSoci\u00e9t\u00e9 de production multim\u00e9dia<\/p>\n<p><strong>Site web :<\/strong><br \/>\n<a href=\"https:\/\/www.phase3prod.com\">phase3prod.com<\/a><\/p>\n<p><strong>Lieu :<\/strong><br \/>\nKingston, Jama\u00efque<\/p>\n<\/div>\n<p>Le <strong>Freedom Street Concert<\/strong> a introduit une conception de sc\u00e8ne innovante \u00e0 360\u00b0, une premi\u00e8re dans la r\u00e9gion. Cette production ambitieuse a n\u00e9cessit\u00e9 une infrastructure vid\u00e9o robuste et fiable pour garantir une exp\u00e9rience visuelle irr\u00e9prochable au public. La complexit\u00e9 de la mise en sc\u00e8ne a exig\u00e9 une technologie de pointe ainsi qu\u2019une ex\u00e9cution d\u2019une grande pr\u00e9cision.<\/p>\n    <\/div>\n        <div id=\"topic2\" class=\"skip-item\">\n                        <h2>D\u00c9FI<\/h2>\n                <p data-start=\"225\" data-end=\"278\">L\u2019\u00e9quipe de production a d\u00fb relever plusieurs d\u00e9fis :<\/p>\n<ul data-start=\"280\" data-end=\"695\">\n<li data-start=\"280\" data-end=\"426\">\n<p data-start=\"282\" data-end=\"426\"><strong data-start=\"282\" data-end=\"317\">Forte demande en bande passante<\/strong> : Distribuer les signaux vid\u00e9o vers les murs LED et les syst\u00e8mes sous la sc\u00e8ne dans un environnement \u00e0 360\u00b0.<\/p>\n<\/li>\n<li data-start=\"427\" data-end=\"548\">\n<p data-start=\"429\" data-end=\"548\"><strong data-start=\"429\" data-end=\"443\">Redondance<\/strong> : Mettre en place un syst\u00e8me de secours pour \u00e9viter toute interruption pendant la performance en direct.<\/p>\n<\/li>\n<li data-start=\"549\" data-end=\"695\">\n<p data-start=\"551\" data-end=\"695\"><strong data-start=\"551\" data-end=\"583\">Routage complexe des signaux<\/strong> : G\u00e9rer efficacement de multiples sources et destinations vid\u00e9o, tout en permettant au VJ d\u2019op\u00e9rer sans accroc.<\/p>\n<\/li>\n<\/ul>\n    <\/div>\n        <div id=\"topic3\" class=\"skip-item\">\n                        <h2>SOLUTION<\/h2>\n                <p data-start=\"715\" data-end=\"914\">L\u2019\u00e9quipe de production a d\u00e9ploy\u00e9 des <strong data-start=\"752\" data-end=\"778\">switches NETGEAR M4250<\/strong> comme c\u0153ur du r\u00e9seau, garantissant une connectivit\u00e9 haut d\u00e9bit et \u00e0 faible latence pour l\u2019infrastructure vid\u00e9o critique de l\u2019\u00e9v\u00e9nement.<\/p>\n<h3 data-start=\"916\" data-end=\"937\">Switchers vid\u00e9o :<\/h3>\n<ul data-start=\"938\" data-end=\"1066\">\n<li data-start=\"938\" data-end=\"997\">\n<p data-start=\"940\" data-end=\"997\"><strong data-start=\"940\" data-end=\"957\">Analog Way C+<\/strong> a \u00e9t\u00e9 utilis\u00e9 comme switcher principal.<\/p>\n<\/li>\n<li data-start=\"998\" data-end=\"1066\">\n<p data-start=\"1000\" data-end=\"1066\"><strong data-start=\"1000\" data-end=\"1007\">RS1<\/strong> a servi de switcher de secours pour assurer la redondance.<\/p>\n<\/li>\n<\/ul>\n<h3 data-start=\"1068\" data-end=\"1098\">Distribution des signaux :<\/h3>\n<ul data-start=\"1099\" data-end=\"1297\">\n<li data-start=\"1099\" data-end=\"1206\">\n<p data-start=\"1101\" data-end=\"1206\">Les signaux vid\u00e9o ont \u00e9t\u00e9 envoy\u00e9s vers deux processeurs <strong data-start=\"1157\" data-end=\"1177\">NovaStar MCTRL4K<\/strong> pour alimenter les murs LED.<\/p>\n<\/li>\n<li data-start=\"1207\" data-end=\"1297\">\n<p data-start=\"1209\" data-end=\"1297\">La fibre <strong data-start=\"1218\" data-end=\"1225\">Tac<\/strong> a transmis les signaux sous la sc\u00e8ne vers deux processeurs <strong data-start=\"1285\" data-end=\"1296\">CVT4K-S<\/strong>.<\/p>\n<\/li>\n<\/ul>\n<p data-start=\"1299\" data-end=\"1342\">Les <strong data-start=\"1303\" data-end=\"1329\">switches NETGEAR M4250<\/strong> ont offert :<\/p>\n<ul data-start=\"1344\" data-end=\"1664\">\n<li data-start=\"1344\" data-end=\"1438\">\n<p data-start=\"1346\" data-end=\"1438\"><strong data-start=\"1346\" data-end=\"1378\">Faible latence et haut d\u00e9bit<\/strong> : Assurant des transitions vid\u00e9o fluides et ininterrompues.<\/p>\n<\/li>\n<li data-start=\"1439\" data-end=\"1572\">\n<p data-start=\"1441\" data-end=\"1572\"><strong data-start=\"1441\" data-end=\"1481\">Fonctionnalit\u00e9s optimis\u00e9es pour l\u2019AV<\/strong> : Des profils AV pr\u00e9configur\u00e9s ont simplifi\u00e9 la configuration et prioris\u00e9 le trafic vid\u00e9o.<\/p>\n<\/li>\n<li data-start=\"1573\" data-end=\"1664\">\n<p data-start=\"1575\" data-end=\"1664\"><strong data-start=\"1575\" data-end=\"1590\">Scalabilit\u00e9<\/strong> : Une capacit\u00e9 \u00e0 r\u00e9pondre aux exigences d\u2019une conception de sc\u00e8ne \u00e0 360\u00b0.<\/p>\n<\/li>\n<\/ul>\n    <\/div>\n        <div id=\"topic4\" class=\"skip-item\">\n                        <h2>MISE EN \u0152UVRE<\/h2>\n                <p data-start=\"1689\" data-end=\"1753\">Le d\u00e9ploiement a \u00e9t\u00e9 centr\u00e9 sur la performance et la fiabilit\u00e9 :<\/p>\n<ul data-start=\"1755\" data-end=\"2157\">\n<li data-start=\"1755\" data-end=\"1876\">\n<p data-start=\"1757\" data-end=\"1876\">Les <strong data-start=\"1761\" data-end=\"1779\">switches M4250<\/strong> ont \u00e9t\u00e9 configur\u00e9s pour optimiser l\u2019allocation de bande passante d\u00e9di\u00e9e \u00e0 la distribution vid\u00e9o.<\/p>\n<\/li>\n<li data-start=\"1877\" data-end=\"2014\">\n<p data-start=\"1879\" data-end=\"2014\">Ils ont permis une communication fluide entre les switchers vid\u00e9o et les processeurs, assurant une diffusion continue sur les murs LED.<\/p>\n<\/li>\n<li data-start=\"2015\" data-end=\"2157\">\n<p data-start=\"2017\" data-end=\"2157\">La <strong data-start=\"2020\" data-end=\"2034\">redondance<\/strong> a \u00e9t\u00e9 assur\u00e9e gr\u00e2ce \u00e0 une configuration \u00e0 double switcher, g\u00e9r\u00e9e efficacement par l\u2019architecture r\u00e9seau robuste des M4250.<\/p>\n<\/li>\n<\/ul>\n<p><img loading=\"lazy\" decoding=\"async\" class=\"aligncenter size-medium wp-image-14884\" src=\"https:\/\/www.netgear.com\/hub\/wp-content\/uploads\/2025\/01\/V1-switch-232x300.jpeg\" alt=\"\" width=\"232\" height=\"300\" \/><\/p>\n    <\/div>\n        <div id=\"topic5\" class=\"skip-item\">\n                        <h2>R\u00c9SULTATS<\/h2>\n                <p data-start=\"2178\" data-end=\"2253\">Le <strong data-start=\"2181\" data-end=\"2207\">Freedom Street Concert<\/strong> a offert une exp\u00e9rience visuelle impeccable :<\/p>\n<ul data-start=\"2255\" data-end=\"2632\">\n<li data-start=\"2255\" data-end=\"2378\">\n<p data-start=\"2257\" data-end=\"2378\"><strong data-start=\"2257\" data-end=\"2290\">Performance vid\u00e9o sans faille<\/strong> : Les murs LED ont affich\u00e9 des visuels dynamiques, de haute qualit\u00e9, sans interruption.<\/p>\n<\/li>\n<li data-start=\"2379\" data-end=\"2511\">\n<p data-start=\"2381\" data-end=\"2511\"><strong data-start=\"2381\" data-end=\"2409\">Flux de travail efficace<\/strong> : Le VJ a pu op\u00e9rer en toute confiance, soutenu par une connectivit\u00e9 fiable et des syst\u00e8mes r\u00e9actifs.<\/p>\n<\/li>\n<li data-start=\"2512\" data-end=\"2632\">\n<p data-start=\"2514\" data-end=\"2632\"><strong data-start=\"2514\" data-end=\"2536\">Redondance assur\u00e9e<\/strong> : Les syst\u00e8mes de secours ont permis d\u2019\u00e9viter toute interruption pendant l\u2019\u00e9v\u00e9nement en direct.<\/p>\n<\/li>\n<\/ul>\n<p data-start=\"2634\" data-end=\"2764\">Les <strong data-start=\"2638\" data-end=\"2664\">switches NETGEAR M4250<\/strong> se sont r\u00e9v\u00e9l\u00e9s indispensables, r\u00e9pondant efficacement aux besoins r\u00e9seau complexes de l\u2019\u00e9v\u00e9nement.<\/p>\n<p data-start=\"2766\" data-end=\"3087\">Le <strong data-start=\"2769\" data-end=\"2795\">Freedom Street Concert<\/strong> a \u00e9tabli une nouvelle r\u00e9f\u00e9rence pour les \u00e9v\u00e9nements en direct gr\u00e2ce \u00e0 sa sc\u00e8ne r\u00e9volutionnaire \u00e0 360\u00b0. Les switches NETGEAR M4250 ont jou\u00e9 un r\u00f4le central dans la livraison d\u2019une performance audiovisuelle exceptionnelle, d\u00e9montrant leur capacit\u00e9 \u00e0 soutenir des productions AV de haut niveau.<\/p>\n    <\/div>\n        <div id=\"topic6\" class=\"skip-item\">\n                        <h2>PLUS D'INFORMATIONS<\/h2>\n                <p><!--SOLUTIONS NETGEAR AV --><br \/>\nPlus d\u2019informations sur nos solutions audiovisuelles<\/p>\n<div class=\"hs-cta-embed hs-cta-simple-placeholder hs-cta-embed-241151160046\" style=\"max-width: 100%;max-height: 100%;width: 260px;height: 50.390625px\" data-hubspot-wrapper-cta-id=\"241151160046\"><a href=\"https:\/\/cta-na2.hubspot.com\/web-interactives\/public\/v1\/track\/redirect?encryptedPayload=AVxigLJf4HGLXU18h5HBrlQTZuKX4p21iriDX%2FD9Weo1E0jc26wgSp32sJpGF%2FrOb977gqk9Skq%2FVgamhq%2FXvCN0mPQ1dmrdARtcNUH8fV5cFOvngo8qJ8EuMyEq%2Fqu2y51zC2FZUVyu97opP5ixVGCiE%2Bg6BOgTVVDljEMF5hhhXUNpnikrl2UTN%2Bb3TA%3D%3D&amp;webInteractiveContentId=241151160046&amp;portalId=242128791\" target=\"_blank\" rel=\"noopener\"><br \/>\n<img decoding=\"async\" style=\"height: 100%;width: 100%;object-fit: fill\" src=\"https:\/\/hubspot-no-cache-na2-prod.s3.amazonaws.com\/cta\/default\/242128791\/interactive-241151160046.png\" alt=\"SOLUTIONS NETGEAR AV\" \/><br \/>\n<\/a><\/div>\n<p><!-- NETGEAR ACADEMY AV --><br \/>\nApprenez tout sur les r\u00e9seaux IP gr\u00e2ce \u00e0 la NETGEAR ACADEMY<\/p>\n<div class=\"hs-cta-embed hs-cta-simple-placeholder hs-cta-embed-241151160033\" style=\"max-width: 100%;max-height: 100%;width: 260px;height: 50.390625px\" data-hubspot-wrapper-cta-id=\"241151160033\"><a href=\"https:\/\/cta-na2.hubspot.com\/web-interactives\/public\/v1\/track\/redirect?encryptedPayload=AVxigLJ6zgXxrLVJLagOt9pyIXf5%2FGgh9lUupWJj49Nfcbq71eIrrvJQt9JGeaQwNkTAPTWhI2%2BXk56NQscWP4xOQ7iZrhk6rkBjyO4dBlJGP1gG3BpcrdlgLyF%2F850K2l3xn5kDj5H%2Fur8VO2zJH58QH7by4HFWliY25223Shr3sQx25aCmNBjCDkNwA2WRum67F9fGyQyzoYOn86wAq%2Brw3xzsBDMbyw%3D%3D&amp;webInteractiveContentId=241151160033&amp;portalId=242128791\" target=\"_blank\" rel=\"noopener\"><br \/>\n<img decoding=\"async\" style=\"height: 100%;width: 100%;object-fit: fill\" src=\"https:\/\/hubspot-no-cache-na2-prod.s3.amazonaws.com\/cta\/default\/242128791\/interactive-241151160033.png\" alt=\"NETGEAR ACADEMY\" \/><br \/>\n<\/a><\/div>\n<p style=\"margin-bottom: 30px\"><!--CONTACTEZ L'EQUIPE PROAV --><br \/>\nNos ing\u00e9nieurs vous accompagneront gratuitement dans la r\u00e9alisation de vos projets audiovisuels<\/p>\n<div class=\"hs-cta-embed hs-cta-simple-placeholder hs-cta-embed-241151160055\" style=\"max-width: 100%;max-height: 100%;width: 270px;height: 50.390625px\" data-hubspot-wrapper-cta-id=\"241151160055\"><a href=\"https:\/\/cta-na2.hubspot.com\/web-interactives\/public\/v1\/track\/redirect?encryptedPayload=AVxigLLUG9XShtF2ziGdRlpsMD%2BMJ39t1kFOE7VlHl2HmmlWzlJWH0rsV7f3eoQL53gclcWb0lliiDgK3EAMVvEOcIE7gW9aYOwk1uipv43pSUkBlDtiKJ%2BcB7fopWupnJbggqZWRkNERZkdh1dDGXHHDJX3V0sOA8mbXD%2Fd6QC2XK2OyVtrDNFDHbBoT6b15PyvF4Ca3b6JBNTYdAzYeH790XenlNKBP4OKZqw50t7IGx9DuADFMFlNdg6FWQ%3D%3D&amp;webInteractiveContentId=241151160055&amp;portalId=242128791\" target=\"_blank\" rel=\"noopener\"><br \/>\n<img decoding=\"async\" style=\"height: 100%;width: 100%;object-fit: fill\" src=\"https:\/\/hubspot-no-cache-na2-prod.s3.amazonaws.com\/cta\/default\/242128791\/interactive-241151160055.png\" alt=\"CONTACTEZ L'EQUIPE PROAV\" \/><br \/>\n<\/a><\/div>\n<p style=\"margin-top: 50px\"><iframe loading=\"lazy\" src=\"https:\/\/405nrr.share-na2.hsforms.com\/24AR2ZDSmQqWycFqf8q5-eg\" width=\"100%\" height=\"1200px\"><\/iframe><\/p>\n    <\/div>\n    \n","protected":false},"excerpt":{"rendered":"","protected":false},"author":97,"featured_media":11338,"parent":10498,"menu_order":0,"comment_status":"closed","ping_status":"closed","template":"templates\/blog-wifi.php","meta":{"_acf_changed":false,"content-type":"","footnotes":""},"class_list":["post-11337","page","type-page","status-publish","has-post-thumbnail","hentry"],"acf":[],"yoast_head":"<!-- This site is optimized with the Yoast SEO plugin v27.5 - https:\/\/yoast.com\/product\/yoast-seo-wordpress\/ -->\n<title>Concert Freedom Street - NETGEAR Blog<\/title>\n<meta name=\"robots\" content=\"index, follow, max-snippet:-1, max-image-preview:large, max-video-preview:-1\" \/>\n<link rel=\"canonical\" href=\"https:\/\/frhub.netgear.com\/fr\/hub\/business\/case-studies\/av-case-studies\/netgear-m4250-freedom-street-concert\/\" \/>\n<meta property=\"og:locale\" content=\"en_US\" \/>\n<meta property=\"og:type\" content=\"article\" \/>\n<meta property=\"og:title\" content=\"Concert Freedom Street - NETGEAR Blog\" \/>\n<meta property=\"og:url\" content=\"https:\/\/frhub.netgear.com\/fr\/hub\/business\/case-studies\/av-case-studies\/netgear-m4250-freedom-street-concert\/\" \/>\n<meta property=\"og:site_name\" content=\"NETGEAR Blog\" \/>\n<meta property=\"article:publisher\" content=\"https:\/\/www.facebook.com\/NetgearAU\/\" \/>\n<meta property=\"article:modified_time\" content=\"2025-10-16T09:58:57+00:00\" \/>\n<meta property=\"og:image\" content=\"https:\/\/frhub.netgear.com\/fr\/hub\/wp-content\/uploads\/2025\/10\/V1-Featured-image-new-383x288-1.jpg\" \/>\n\t<meta property=\"og:image:width\" content=\"383\" \/>\n\t<meta property=\"og:image:height\" content=\"288\" \/>\n\t<meta property=\"og:image:type\" content=\"image\/jpeg\" \/>\n<meta name=\"twitter:card\" content=\"summary_large_image\" \/>\n<meta name=\"twitter:site\" content=\"@NETGEAR\" \/>\n<script type=\"application\/ld+json\" class=\"yoast-schema-graph\">{\"@context\":\"https:\\\/\\\/schema.org\",\"@graph\":[{\"@type\":\"WebPage\",\"@id\":\"https:\\\/\\\/frhub.netgear.com\\\/fr\\\/hub\\\/business\\\/case-studies\\\/av-case-studies\\\/netgear-m4250-freedom-street-concert\\\/\",\"url\":\"https:\\\/\\\/frhub.netgear.com\\\/fr\\\/hub\\\/business\\\/case-studies\\\/av-case-studies\\\/netgear-m4250-freedom-street-concert\\\/\",\"name\":\"Concert Freedom Street - NETGEAR Blog\",\"isPartOf\":{\"@id\":\"https:\\\/\\\/frhub.netgear.com\\\/fr\\\/hub\\\/#website\"},\"primaryImageOfPage\":{\"@id\":\"https:\\\/\\\/frhub.netgear.com\\\/fr\\\/hub\\\/business\\\/case-studies\\\/av-case-studies\\\/netgear-m4250-freedom-street-concert\\\/#primaryimage\"},\"image\":{\"@id\":\"https:\\\/\\\/frhub.netgear.com\\\/fr\\\/hub\\\/business\\\/case-studies\\\/av-case-studies\\\/netgear-m4250-freedom-street-concert\\\/#primaryimage\"},\"thumbnailUrl\":\"https:\\\/\\\/frhub.netgear.com\\\/fr\\\/hub\\\/wp-content\\\/uploads\\\/2025\\\/10\\\/V1-Featured-image-new-383x288-1.jpg\",\"datePublished\":\"2025-10-16T09:56:16+00:00\",\"dateModified\":\"2025-10-16T09:58:57+00:00\",\"breadcrumb\":{\"@id\":\"https:\\\/\\\/frhub.netgear.com\\\/fr\\\/hub\\\/business\\\/case-studies\\\/av-case-studies\\\/netgear-m4250-freedom-street-concert\\\/#breadcrumb\"},\"inLanguage\":\"en-US\",\"potentialAction\":[{\"@type\":\"ReadAction\",\"target\":[\"https:\\\/\\\/frhub.netgear.com\\\/fr\\\/hub\\\/business\\\/case-studies\\\/av-case-studies\\\/netgear-m4250-freedom-street-concert\\\/\"]}]},{\"@type\":\"ImageObject\",\"inLanguage\":\"en-US\",\"@id\":\"https:\\\/\\\/frhub.netgear.com\\\/fr\\\/hub\\\/business\\\/case-studies\\\/av-case-studies\\\/netgear-m4250-freedom-street-concert\\\/#primaryimage\",\"url\":\"https:\\\/\\\/frhub.netgear.com\\\/fr\\\/hub\\\/wp-content\\\/uploads\\\/2025\\\/10\\\/V1-Featured-image-new-383x288-1.jpg\",\"contentUrl\":\"https:\\\/\\\/frhub.netgear.com\\\/fr\\\/hub\\\/wp-content\\\/uploads\\\/2025\\\/10\\\/V1-Featured-image-new-383x288-1.jpg\",\"width\":383,\"height\":288},{\"@type\":\"BreadcrumbList\",\"@id\":\"https:\\\/\\\/frhub.netgear.com\\\/fr\\\/hub\\\/business\\\/case-studies\\\/av-case-studies\\\/netgear-m4250-freedom-street-concert\\\/#breadcrumb\",\"itemListElement\":[{\"@type\":\"ListItem\",\"position\":1,\"name\":\"Home\",\"item\":\"https:\\\/\\\/frhub.netgear.com\\\/fr\\\/hub\\\/\"},{\"@type\":\"ListItem\",\"position\":2,\"name\":\"Entreprises\",\"item\":\"https:\\\/\\\/frhub.netgear.com\\\/fr\\\/hub\\\/business\\\/\"},{\"@type\":\"ListItem\",\"position\":3,\"name\":\"All Case Studies &#8211; FR\",\"item\":\"https:\\\/\\\/frhub.netgear.com\\\/fr\\\/hub\\\/business\\\/case-studies\\\/\"},{\"@type\":\"ListItem\",\"position\":4,\"name\":\"Case Studies &#8211; AV &#8211; FR\",\"item\":\"https:\\\/\\\/frhub.netgear.com\\\/fr\\\/hub\\\/business\\\/case-studies\\\/av-case-studies\\\/\"},{\"@type\":\"ListItem\",\"position\":5,\"name\":\"Concert Freedom Street\"}]},{\"@type\":\"WebSite\",\"@id\":\"https:\\\/\\\/frhub.netgear.com\\\/fr\\\/hub\\\/#website\",\"url\":\"https:\\\/\\\/frhub.netgear.com\\\/fr\\\/hub\\\/\",\"name\":\"NETGEAR Hub France\",\"description\":\"Explorez les pages de notre blog et parcourez les articles pour en savoir plus sur les produits et la technologie NETGEAR.\",\"publisher\":{\"@id\":\"https:\\\/\\\/frhub.netgear.com\\\/fr\\\/hub\\\/#organization\"},\"potentialAction\":[{\"@type\":\"SearchAction\",\"target\":{\"@type\":\"EntryPoint\",\"urlTemplate\":\"https:\\\/\\\/frhub.netgear.com\\\/fr\\\/hub\\\/?s={search_term_string}\"},\"query-input\":{\"@type\":\"PropertyValueSpecification\",\"valueRequired\":true,\"valueName\":\"search_term_string\"}}],\"inLanguage\":\"en-US\"},{\"@type\":\"Organization\",\"@id\":\"https:\\\/\\\/frhub.netgear.com\\\/fr\\\/hub\\\/#organization\",\"name\":\"NETGEAR\",\"url\":\"https:\\\/\\\/frhub.netgear.com\\\/fr\\\/hub\\\/\",\"logo\":{\"@type\":\"ImageObject\",\"inLanguage\":\"en-US\",\"@id\":\"https:\\\/\\\/frhub.netgear.com\\\/fr\\\/hub\\\/#\\\/schema\\\/logo\\\/image\\\/\",\"url\":\"https:\\\/\\\/www.netgear.com\\\/fr\\\/hub\\\/wp-content\\\/uploads\\\/2019\\\/07\\\/NETGEAR_logo.jpg\",\"contentUrl\":\"https:\\\/\\\/www.netgear.com\\\/fr\\\/hub\\\/wp-content\\\/uploads\\\/2019\\\/07\\\/NETGEAR_logo.jpg\",\"width\":1500,\"height\":501,\"caption\":\"NETGEAR\"},\"image\":{\"@id\":\"https:\\\/\\\/frhub.netgear.com\\\/fr\\\/hub\\\/#\\\/schema\\\/logo\\\/image\\\/\"},\"sameAs\":[\"https:\\\/\\\/www.facebook.com\\\/NetgearAU\\\/\",\"https:\\\/\\\/x.com\\\/NETGEAR\",\"https:\\\/\\\/www.linkedin.com\\\/company\\\/netgear\"]}]}<\/script>\n<!-- \/ Yoast SEO plugin. -->","yoast_head_json":{"title":"Concert Freedom Street - NETGEAR Blog","robots":{"index":"index","follow":"follow","max-snippet":"max-snippet:-1","max-image-preview":"max-image-preview:large","max-video-preview":"max-video-preview:-1"},"canonical":"https:\/\/frhub.netgear.com\/fr\/hub\/business\/case-studies\/av-case-studies\/netgear-m4250-freedom-street-concert\/","og_locale":"en_US","og_type":"article","og_title":"Concert Freedom Street - NETGEAR Blog","og_url":"https:\/\/frhub.netgear.com\/fr\/hub\/business\/case-studies\/av-case-studies\/netgear-m4250-freedom-street-concert\/","og_site_name":"NETGEAR Blog","article_publisher":"https:\/\/www.facebook.com\/NetgearAU\/","article_modified_time":"2025-10-16T09:58:57+00:00","og_image":[{"width":383,"height":288,"url":"https:\/\/frhub.netgear.com\/fr\/hub\/wp-content\/uploads\/2025\/10\/V1-Featured-image-new-383x288-1.jpg","type":"image\/jpeg"}],"twitter_card":"summary_large_image","twitter_site":"@NETGEAR","schema":{"@context":"https:\/\/schema.org","@graph":[{"@type":"WebPage","@id":"https:\/\/frhub.netgear.com\/fr\/hub\/business\/case-studies\/av-case-studies\/netgear-m4250-freedom-street-concert\/","url":"https:\/\/frhub.netgear.com\/fr\/hub\/business\/case-studies\/av-case-studies\/netgear-m4250-freedom-street-concert\/","name":"Concert Freedom Street - NETGEAR Blog","isPartOf":{"@id":"https:\/\/frhub.netgear.com\/fr\/hub\/#website"},"primaryImageOfPage":{"@id":"https:\/\/frhub.netgear.com\/fr\/hub\/business\/case-studies\/av-case-studies\/netgear-m4250-freedom-street-concert\/#primaryimage"},"image":{"@id":"https:\/\/frhub.netgear.com\/fr\/hub\/business\/case-studies\/av-case-studies\/netgear-m4250-freedom-street-concert\/#primaryimage"},"thumbnailUrl":"https:\/\/frhub.netgear.com\/fr\/hub\/wp-content\/uploads\/2025\/10\/V1-Featured-image-new-383x288-1.jpg","datePublished":"2025-10-16T09:56:16+00:00","dateModified":"2025-10-16T09:58:57+00:00","breadcrumb":{"@id":"https:\/\/frhub.netgear.com\/fr\/hub\/business\/case-studies\/av-case-studies\/netgear-m4250-freedom-street-concert\/#breadcrumb"},"inLanguage":"en-US","potentialAction":[{"@type":"ReadAction","target":["https:\/\/frhub.netgear.com\/fr\/hub\/business\/case-studies\/av-case-studies\/netgear-m4250-freedom-street-concert\/"]}]},{"@type":"ImageObject","inLanguage":"en-US","@id":"https:\/\/frhub.netgear.com\/fr\/hub\/business\/case-studies\/av-case-studies\/netgear-m4250-freedom-street-concert\/#primaryimage","url":"https:\/\/frhub.netgear.com\/fr\/hub\/wp-content\/uploads\/2025\/10\/V1-Featured-image-new-383x288-1.jpg","contentUrl":"https:\/\/frhub.netgear.com\/fr\/hub\/wp-content\/uploads\/2025\/10\/V1-Featured-image-new-383x288-1.jpg","width":383,"height":288},{"@type":"BreadcrumbList","@id":"https:\/\/frhub.netgear.com\/fr\/hub\/business\/case-studies\/av-case-studies\/netgear-m4250-freedom-street-concert\/#breadcrumb","itemListElement":[{"@type":"ListItem","position":1,"name":"Home","item":"https:\/\/frhub.netgear.com\/fr\/hub\/"},{"@type":"ListItem","position":2,"name":"Entreprises","item":"https:\/\/frhub.netgear.com\/fr\/hub\/business\/"},{"@type":"ListItem","position":3,"name":"All Case Studies &#8211; FR","item":"https:\/\/frhub.netgear.com\/fr\/hub\/business\/case-studies\/"},{"@type":"ListItem","position":4,"name":"Case Studies &#8211; AV &#8211; FR","item":"https:\/\/frhub.netgear.com\/fr\/hub\/business\/case-studies\/av-case-studies\/"},{"@type":"ListItem","position":5,"name":"Concert Freedom Street"}]},{"@type":"WebSite","@id":"https:\/\/frhub.netgear.com\/fr\/hub\/#website","url":"https:\/\/frhub.netgear.com\/fr\/hub\/","name":"NETGEAR Hub France","description":"Explorez les pages de notre blog et parcourez les articles pour en savoir plus sur les produits et la technologie NETGEAR.","publisher":{"@id":"https:\/\/frhub.netgear.com\/fr\/hub\/#organization"},"potentialAction":[{"@type":"SearchAction","target":{"@type":"EntryPoint","urlTemplate":"https:\/\/frhub.netgear.com\/fr\/hub\/?s={search_term_string}"},"query-input":{"@type":"PropertyValueSpecification","valueRequired":true,"valueName":"search_term_string"}}],"inLanguage":"en-US"},{"@type":"Organization","@id":"https:\/\/frhub.netgear.com\/fr\/hub\/#organization","name":"NETGEAR","url":"https:\/\/frhub.netgear.com\/fr\/hub\/","logo":{"@type":"ImageObject","inLanguage":"en-US","@id":"https:\/\/frhub.netgear.com\/fr\/hub\/#\/schema\/logo\/image\/","url":"https:\/\/www.netgear.com\/fr\/hub\/wp-content\/uploads\/2019\/07\/NETGEAR_logo.jpg","contentUrl":"https:\/\/www.netgear.com\/fr\/hub\/wp-content\/uploads\/2019\/07\/NETGEAR_logo.jpg","width":1500,"height":501,"caption":"NETGEAR"},"image":{"@id":"https:\/\/frhub.netgear.com\/fr\/hub\/#\/schema\/logo\/image\/"},"sameAs":["https:\/\/www.facebook.com\/NetgearAU\/","https:\/\/x.com\/NETGEAR","https:\/\/www.linkedin.com\/company\/netgear"]}]}},"_links":{"self":[{"href":"https:\/\/frhub.netgear.com\/fr\/hub\/wp-json\/wp\/v2\/pages\/11337","targetHints":{"allow":["GET"]}}],"collection":[{"href":"https:\/\/frhub.netgear.com\/fr\/hub\/wp-json\/wp\/v2\/pages"}],"about":[{"href":"https:\/\/frhub.netgear.com\/fr\/hub\/wp-json\/wp\/v2\/types\/page"}],"author":[{"embeddable":true,"href":"https:\/\/frhub.netgear.com\/fr\/hub\/wp-json\/wp\/v2\/users\/97"}],"replies":[{"embeddable":true,"href":"https:\/\/frhub.netgear.com\/fr\/hub\/wp-json\/wp\/v2\/comments?post=11337"}],"version-history":[{"count":2,"href":"https:\/\/frhub.netgear.com\/fr\/hub\/wp-json\/wp\/v2\/pages\/11337\/revisions"}],"predecessor-version":[{"id":11340,"href":"https:\/\/frhub.netgear.com\/fr\/hub\/wp-json\/wp\/v2\/pages\/11337\/revisions\/11340"}],"up":[{"embeddable":true,"href":"https:\/\/frhub.netgear.com\/fr\/hub\/wp-json\/wp\/v2\/pages\/10498"}],"wp:featuredmedia":[{"embeddable":true,"href":"https:\/\/frhub.netgear.com\/fr\/hub\/wp-json\/wp\/v2\/media\/11338"}],"wp:attachment":[{"href":"https:\/\/frhub.netgear.com\/fr\/hub\/wp-json\/wp\/v2\/media?parent=11337"}],"curies":[{"name":"wp","href":"https:\/\/api.w.org\/{rel}","templated":true}]}}