{"id":11332,"date":"2025-10-15T10:24:50","date_gmt":"2025-10-16T08:24:50","guid":{"rendered":"https:\/\/frhub.netgear.com\/fr\/hub\/?page_id=11332"},"modified":"2025-11-25T15:34:29","modified_gmt":"2025-11-25T14:34:29","slug":"higashi-holdings-choosing-netgear-to-support-business-continuity-and-growth","status":"publish","type":"page","link":"https:\/\/frhub.netgear.com\/fr\/hub\/business\/case-studies\/it-case-studies\/higashi-holdings-choosing-netgear-to-support-business-continuity-and-growth\/","title":{"rendered":"Higashi Holdings choisit les switches NETGEAR"},"content":{"rendered":"<p><img loading=\"lazy\" decoding=\"async\" class=\"alignone size-full wp-image-10681\" style=\"border-radius: 1em;\" src=\"https:\/\/www.netgear.com\/hub\/wp-content\/uploads\/2025\/09\/DSC03641-scaled.jpg\" alt=\"\" width=\"1048\" height=\"511\" \/><\/p>\n    <div class=\"table-of-content bg-gray\">\n        <p><strong>IN THIS ARTICLE<\/strong><\/p>\n        <ul>\n                        <li><a href=\"#topic1\">R\u00e9sum\u00e9<\/a><\/li>\n                        <li><a href=\"#topic2\">Contexte<\/a><\/li>\n                        <li><a href=\"#topic3\">D\u00e9fi<\/a><\/li>\n                        <li><a href=\"#topic4\">Solution<\/a><\/li>\n                        <li><a href=\"#topic5\">R\u00e9sultats<\/a><\/li>\n                        <li><a href=\"#topic6\">Conclusion<\/a><\/li>\n                        <li><a href=\"#topic7\">Plus d'informations<\/a><\/li>\n                    <\/ul>\n    <\/div>\n        <div id=\"topic1\" class=\"skip-item\">\n                        <h2>R\u00e9sum\u00e9<\/h2>\n                <div style=\"background-color: #eeeeee;padding: 20px;width: 33%;float: right\">\n<p><strong>Soci\u00e9t\u00e9 : <\/strong><br \/>\nHigashi Holdings Co., Ltd<\/p>\n<p><strong>Secteur :<\/strong><br \/>\nFret int\u00e9gr\u00e9 et logistique<\/p>\n<p><strong>Site Web :<\/strong><br \/>\n<a href=\"http:\/\/www.e-higashi.co.jp\">e-higashi.co.jp<\/a><\/p>\n<p><strong>Lieu :<\/strong><br \/>\nOsaka, Japon<\/p>\n<\/div>\n<p>Comme beaucoup d\u2019organisations, Higashi Holdings a besoin d\u2019une infrastructure informatique et r\u00e9seau fiable et \u00e9volutive pour assurer la continuit\u00e9 de ses activit\u00e9s et accompagner sa croissance. Lorsque son fournisseur technologique habituel a rencontr\u00e9 des difficult\u00e9s \u00e0 livrer les \u00e9quipements n\u00e9cessaires, l\u2019entreprise s\u2019est tourn\u00e9e vers NETGEAR Enterprise.<\/p>\n<p>NETGEAR a non seulement \u00e9gal\u00e9 les performances, la fiabilit\u00e9 et la qualit\u00e9 du pr\u00e9c\u00e9dent fournisseur, mais a \u00e9galement propos\u00e9 des switchs multi-gig et des points d\u2019acc\u00e8s sans fil \u00e0 des prix comp\u00e9titifs, livr\u00e9s dans les d\u00e9lais. De plus, la solution NETGEAR Insight Cloud permet \u00e0 l\u2019\u00e9quipe informatique de g\u00e9rer le r\u00e9seau \u00e0 distance, all\u00e9geant ainsi sa charge de travail.<\/p>\n<p>Gr\u00e2ce \u00e0 cette solution, Higashi Holdings b\u00e9n\u00e9ficie d\u2019une infrastructure assurant la continuit\u00e9 de ses op\u00e9rations et soutenant sa croissance future.<\/p>\n    <\/div>\n        <div id=\"topic2\" class=\"skip-item\">\n                        <h2>Contexte<\/h2>\n                <p>Bas\u00e9e \u00e0 Osaka et forte de plus de 80 ans d\u2019histoire, <strong data-start=\"501\" data-end=\"531\">Higashi Holdings Co., Ltd.<\/strong> propose une large gamme de services B2B au march\u00e9 japonais. Historiquement ax\u00e9e sur la logistique et l\u2019entreposage, l\u2019entreprise a progressivement \u00e9largi son champ d\u2019action vers d\u2019autres activit\u00e9s : relocalisation de bureaux, livraison en b\u00e2timent, logistique tierce partie (3PL) et m\u00eame services de soins infirmiers.<\/p>\n    <\/div>\n        <div id=\"topic3\" class=\"skip-item\">\n                        <h2>D\u00e9fi<\/h2>\n                <p data-start=\"874\" data-end=\"1215\">Dans le domaine de la logistique, la <strong data-start=\"911\" data-end=\"940\">continuit\u00e9 des op\u00e9rations<\/strong> est essentielle \u2014 la moindre interruption peut affecter non seulement les op\u00e9rations internes, mais aussi la <strong data-start=\"1050\" data-end=\"1075\">confiance des clients<\/strong>. Avec l\u2019expansion constante de ses activit\u00e9s et de ses sites, <strong data-start=\"1138\" data-end=\"1214\">les besoins en infrastructure IT de Higashi Holdings se sont intensifi\u00e9s<\/strong>.<\/p>\n<p data-start=\"1217\" data-end=\"1492\">Cependant, son fournisseur habituel faisait face \u00e0 des <strong data-start=\"1272\" data-end=\"1320\">retards de livraison allant jusqu\u2019\u00e0 six mois<\/strong>, en raison de la p\u00e9nurie mondiale de semi-conducteurs. Parall\u00e8lement, les co\u00fbts des \u00e9quipements augmentaient, mettant sous pression le budget informatique de l\u2019entreprise.<\/p>\n<p data-start=\"1494\" data-end=\"1724\">Le service IT avait donc besoin <strong data-start=\"1526\" data-end=\"1575\">d\u2019une alternative rapide, fiable et abordable<\/strong>, sans compromis sur les performances, tout en simplifiant la gestion du r\u00e9seau \u00e0 l\u2019\u00e9chelle de l\u2019entreprise \u2014 aujourd\u2019hui et pour les ann\u00e9es \u00e0 venir.<\/p>\n    <\/div>\n        <div id=\"topic4\" class=\"skip-item\">\n                        <h2>Solution<\/h2>\n                <p data-start=\"1752\" data-end=\"1938\">Malgr\u00e9 l\u2019urgence, Higashi Holdings a proc\u00e9d\u00e9 \u00e0 une <strong data-start=\"1803\" data-end=\"1845\">\u00e9valuation rigoureuse des alternatives<\/strong> avant de choisir <strong data-start=\"1863\" data-end=\"1885\">NETGEAR Enterprise<\/strong>. Ce choix s\u2019est appuy\u00e9 sur plusieurs crit\u00e8res cl\u00e9s :<\/p>\n<ul data-start=\"1940\" data-end=\"2359\">\n<li data-start=\"1940\" data-end=\"2076\">\n<p data-start=\"1942\" data-end=\"2076\"><strong data-start=\"1942\" data-end=\"1984\">Performances \u00e9quivalentes \u00e0 l\u2019existant<\/strong> : des \u00e9quipements fiables, capables de r\u00e9pondre aux exigences op\u00e9rationnelles quotidiennes.<\/p>\n<\/li>\n<li data-start=\"2077\" data-end=\"2216\">\n<p data-start=\"2079\" data-end=\"2216\"><strong data-start=\"2079\" data-end=\"2116\">Prix comp\u00e9titifs et disponibilit\u00e9<\/strong> : une livraison rapide, \u00e0 un co\u00fbt raisonnable, permettant de maintenir la continuit\u00e9 des activit\u00e9s.<\/p>\n<\/li>\n<li data-start=\"2217\" data-end=\"2359\">\n<p data-start=\"2219\" data-end=\"2359\"><strong data-start=\"2219\" data-end=\"2242\">Gestion centralis\u00e9e<\/strong> : la plateforme <strong data-start=\"2259\" data-end=\"2284\">NETGEAR Insight Cloud<\/strong> offre une gestion \u00e0 distance, centralis\u00e9e et simplifi\u00e9e de tous les sites.<\/p>\n<\/li>\n<\/ul>\n<p data-start=\"2361\" data-end=\"2701\">L\u2019entreprise a mis en \u0153uvre une <strong data-start=\"2393\" data-end=\"2432\">strat\u00e9gie de d\u00e9ploiement par phases<\/strong>. Un projet pilote a \u00e9t\u00e9 lanc\u00e9 au si\u00e8ge social avec un <strong data-start=\"2487\" data-end=\"2536\">point d\u2019acc\u00e8s sans fil g\u00e9r\u00e9 Insight (WAX 610)<\/strong> et un <strong data-start=\"2543\" data-end=\"2581\">switch Multi-Gig Smart (MS510TXUP)<\/strong>. Apr\u00e8s validation, le d\u00e9ploiement a \u00e9t\u00e9 \u00e9tendu aux entrep\u00f4ts secondaires, puis au <strong data-start=\"2664\" data-end=\"2700\">grand entrep\u00f4t construit en 2022<\/strong>.<\/p>\n    <\/div>\n        <div id=\"topic5\" class=\"skip-item\">\n                        <h2>R\u00e9sultats<\/h2>\n                <p>&nbsp;<\/p>\n<p data-start=\"2730\" data-end=\"2827\">Selon <strong data-start=\"2736\" data-end=\"2758\">M. Yuichiro Takada<\/strong>, Directeur adjoint du d\u00e9partement Planification &amp; D\u00e9veloppement IT :<\/p>\n<blockquote data-start=\"2829\" data-end=\"2994\">\n<p data-start=\"2831\" data-end=\"2994\">\u00ab Les produits NETGEAR ont fourni des performances de niveau entreprise, comparables \u00e0 notre \u00e9quipement pr\u00e9c\u00e9dent, sans compromis sur la qualit\u00e9 ni la fiabilit\u00e9. \u00bb<\/p>\n<\/blockquote>\n<p data-start=\"2996\" data-end=\"3007\">Il ajoute :<\/p>\n<blockquote data-start=\"3009\" data-end=\"3230\">\n<p data-start=\"3011\" data-end=\"3230\">\u00ab La gestion centralis\u00e9e via NETGEAR Insight a permis de <strong data-start=\"3068\" data-end=\"3110\">r\u00e9duire consid\u00e9rablement la complexit\u00e9<\/strong>, de fluidifier les op\u00e9rations quotidiennes et de renforcer la <strong data-start=\"3173\" data-end=\"3201\">confiance de l\u2019\u00e9quipe IT<\/strong> dans la gestion multisite. \u00bb<\/p>\n<\/blockquote>\n<p data-start=\"3232\" data-end=\"3239\">Enfin :<\/p>\n<blockquote data-start=\"3241\" data-end=\"3414\">\n<p data-start=\"3243\" data-end=\"3414\">\u00ab La <strong data-start=\"3248\" data-end=\"3272\">disponibilit\u00e9 fiable<\/strong> des produits et les <strong data-start=\"3293\" data-end=\"3315\">tarifs comp\u00e9titifs<\/strong> ont \u00e9t\u00e9 des facteurs d\u00e9terminants pour surmonter les d\u00e9fis li\u00e9s aux cha\u00eenes d\u2019approvisionnement. \u00bb<\/p>\n<p data-start=\"3243\" data-end=\"3414\"><img decoding=\"async\" class=\"aligncenter\" src=\"https:\/\/www.netgear.com\/hub\/wp-content\/uploads\/2025\/09\/one.jpg\" alt=\"\" \/><\/p>\n<\/blockquote>\n    <\/div>\n        <div id=\"topic6\" class=\"skip-item\">\n                        <h2>Conclusion<\/h2>\n                <p data-start=\"3445\" data-end=\"3763\"><strong data-start=\"3445\" data-end=\"3465\">Higashi Holdings<\/strong> dispose d\u00e9sormais d\u2019une <strong data-start=\"3490\" data-end=\"3552\">infrastructure r\u00e9seau robuste, \u00e9volutive et facile \u00e0 g\u00e9rer<\/strong>, capable de <strong data-start=\"3565\" data-end=\"3603\">soutenir durablement la croissance<\/strong> de ses activit\u00e9s logistiques et de services. Gr\u00e2ce \u00e0 <strong data-start=\"3657\" data-end=\"3668\">NETGEAR<\/strong>, l\u2019entreprise est \u00e9quip\u00e9e pour relever les d\u00e9fis actuels et futurs, avec confiance et agilit\u00e9.<\/p>\n    <\/div>\n        <div id=\"topic7\" class=\"skip-item\">\n                        <h2>Plus d'informations<\/h2>\n                <p><!--SOLUTIONS NETGEAR ENTERPRISE--><br \/>\nPlus d\u2019informations sur nos solutions Business<\/p>\n<div class=\"hs-cta-embed hs-cta-simple-placeholder hs-cta-embed-241151168190\" style=\"max-width: 100%;max-height: 100%;width: 310px;height: 50.395835876464844px\" data-hubspot-wrapper-cta-id=\"241151168190\"><a href=\"https:\/\/cta-na2.hubspot.com\/web-interactives\/public\/v1\/track\/redirect?encryptedPayload=AVxigLLJWF%2FR9NCdRJZQ5KVHoS9cmTllDsgnRckWwZDoTJW93FYqIGm7y2jNQ4CGjjeyEntjB1Eh%2FcIvmOqeWKIuNi7jJ95TD1xOsd56OGsqZrwJYn2P4gpbjQJxBuk%2FcElRMomZ2nLAB1rUvsSFPpXbLLR0VoURWUj2oq%2BphOJeMWjoSz5dSBIDsA%3D%3D&amp;webInteractiveContentId=241151168190&amp;portalId=242128791\" target=\"_blank\" rel=\"noopener\"><br \/>\n<img decoding=\"async\" style=\"height: 100%;width: 100%;object-fit: fill\" src=\"https:\/\/hubspot-no-cache-na2-prod.s3.amazonaws.com\/cta\/default\/242128791\/interactive-241151168190.png\" alt=\"SOLUTIONS NETGEAR ENTERPRISE\" \/><br \/>\n<\/a><\/div>\n<p><!--NETGEAR ACADEMY--><br \/>\nApprenez tout ce qu\u2019il faut savoir sur les r\u00e9seaux IP gr\u00e2ce \u00e0 notre NETGEAR ACADEMY<\/p>\n<div class=\"hs-cta-embed hs-cta-simple-placeholder hs-cta-embed-241151161035\" style=\"max-width: 100%;max-height: 100%;width: 260px;height: 50.390625px\" data-hubspot-wrapper-cta-id=\"241151161035\"><a href=\"https:\/\/cta-na2.hubspot.com\/web-interactives\/public\/v1\/track\/redirect?encryptedPayload=AVxigLJIgvHArQm4wTffTTUUJ%2F0ljCSNGcwj4PNLST8c9BdzGxqiACj%2Bz94HHc4mFPGtXF%2B%2F5wBeuQxMwTVaNhNVvj%2FrPoIwPhJXs1HyfD4geQMBkR1VuG%2BfPTfjyzB0ZZPS3Vs1DRegOuJZbqCiCvoqA4M8moDR4zNKVjZxPVGoUNOaIBrbKeHqgAhjG0PM1L1Yi66guE70DwgXJMTC7CAzvVrffriBmA%3D%3D&amp;webInteractiveContentId=241151161035&amp;portalId=242128791\" target=\"_blank\" rel=\"noopener\"><br \/>\n<img decoding=\"async\" style=\"height: 100%;width: 100%;object-fit: fill\" src=\"https:\/\/hubspot-no-cache-na2-prod.s3.amazonaws.com\/cta\/default\/242128791\/interactive-241151161035.png\" alt=\"NETGEAR ACADEMY\" \/><br \/>\n<\/a><\/div>\n<p><!--CONTACTEZ L'EQUIPE PRO-IT--><br \/>\nNos ing\u00e9nieurs vous accompagnent gratuitement dans la r\u00e9alisation de vos projets<\/p>\n<div class=\"hs-cta-embed hs-cta-simple-placeholder hs-cta-embed-245601455827\" style=\"max-width: 100%;max-height: 100%;width: 287px;height: 50.390625px\" data-hubspot-wrapper-cta-id=\"245601455827\"><a href=\"https:\/\/cta-na2.hubspot.com\/web-interactives\/public\/v1\/track\/redirect?encryptedPayload=AVxigLInaPY6CKjdDpPVYzjXnEGvPfbouzJx88Hc1CLeTaYRtnOO25E9XicF7pvzMQdle10f103Z%2F0L%2BbiJE2NwgOQVCpgxtwv3X4ZjoLQkEp5IHfzWjQzeN8Zq44UJQhsPMIst0b69UmgxZlIyrErVjJxyPRNNMsT41p87bUD9JAGKJ2ih7inbvBJTAWKny5YWUD0fN29FFl16U6g1urHYkE5vRzSSaFw%3D%3D&amp;webInteractiveContentId=245601455827&amp;portalId=242128791\" target=\"_blank\" rel=\"noopener\"><br \/>\n<img decoding=\"async\" style=\"height: 100%;width: 100%;object-fit: fill\" src=\"https:\/\/hubspot-no-cache-na2-prod.s3.amazonaws.com\/cta\/default\/242128791\/interactive-245601455827.png\" alt=\"CONTACTEZ L'EQUIPE PRO-IT\" \/><br \/>\n<\/a><\/div>\n<p style=\"margin-top: 50px\"><iframe loading=\"lazy\" src=\"https:\/\/405nrr.share-na2.hsforms.com\/2hCV6qlA5RJGnKIglv6BViA\" width=\"100%\" height=\"1200px\"><\/iframe><\/p>\n    <\/div>\n    \n","protected":false},"excerpt":{"rendered":"","protected":false},"author":97,"featured_media":11333,"parent":10491,"menu_order":0,"comment_status":"closed","ping_status":"closed","template":"templates\/blog-wifi.php","meta":{"_acf_changed":false,"content-type":"","footnotes":""},"class_list":["post-11332","page","type-page","status-publish","has-post-thumbnail","hentry"],"acf":[],"yoast_head":"<!-- This site is optimized with the Yoast SEO plugin v27.5 - https:\/\/yoast.com\/product\/yoast-seo-wordpress\/ -->\n<title>Higashi Holdings choisit les switches NETGEAR - NETGEAR Blog<\/title>\n<meta name=\"robots\" content=\"index, follow, max-snippet:-1, max-image-preview:large, max-video-preview:-1\" \/>\n<link rel=\"canonical\" href=\"https:\/\/frhub.netgear.com\/fr\/hub\/business\/case-studies\/it-case-studies\/higashi-holdings-choosing-netgear-to-support-business-continuity-and-growth\/\" \/>\n<meta property=\"og:locale\" content=\"en_US\" \/>\n<meta property=\"og:type\" content=\"article\" \/>\n<meta property=\"og:title\" content=\"Higashi Holdings choisit les switches NETGEAR - NETGEAR Blog\" \/>\n<meta property=\"og:url\" content=\"https:\/\/frhub.netgear.com\/fr\/hub\/business\/case-studies\/it-case-studies\/higashi-holdings-choosing-netgear-to-support-business-continuity-and-growth\/\" \/>\n<meta property=\"og:site_name\" content=\"NETGEAR Blog\" \/>\n<meta property=\"article:publisher\" content=\"https:\/\/www.facebook.com\/NetgearAU\/\" \/>\n<meta property=\"article:modified_time\" content=\"2025-11-25T14:34:29+00:00\" \/>\n<meta property=\"og:image\" content=\"https:\/\/frhub.netgear.com\/fr\/hub\/wp-content\/uploads\/2025\/10\/Vignette-Higashi-383x288-1.jpg\" \/>\n\t<meta property=\"og:image:width\" content=\"383\" \/>\n\t<meta property=\"og:image:height\" content=\"288\" \/>\n\t<meta property=\"og:image:type\" content=\"image\/jpeg\" \/>\n<meta name=\"twitter:card\" content=\"summary_large_image\" \/>\n<meta name=\"twitter:site\" content=\"@NETGEAR\" \/>\n<script type=\"application\/ld+json\" class=\"yoast-schema-graph\">{\"@context\":\"https:\\\/\\\/schema.org\",\"@graph\":[{\"@type\":\"WebPage\",\"@id\":\"https:\\\/\\\/frhub.netgear.com\\\/fr\\\/hub\\\/business\\\/case-studies\\\/it-case-studies\\\/higashi-holdings-choosing-netgear-to-support-business-continuity-and-growth\\\/\",\"url\":\"https:\\\/\\\/frhub.netgear.com\\\/fr\\\/hub\\\/business\\\/case-studies\\\/it-case-studies\\\/higashi-holdings-choosing-netgear-to-support-business-continuity-and-growth\\\/\",\"name\":\"Higashi Holdings choisit les switches NETGEAR - NETGEAR Blog\",\"isPartOf\":{\"@id\":\"https:\\\/\\\/frhub.netgear.com\\\/fr\\\/hub\\\/#website\"},\"primaryImageOfPage\":{\"@id\":\"https:\\\/\\\/frhub.netgear.com\\\/fr\\\/hub\\\/business\\\/case-studies\\\/it-case-studies\\\/higashi-holdings-choosing-netgear-to-support-business-continuity-and-growth\\\/#primaryimage\"},\"image\":{\"@id\":\"https:\\\/\\\/frhub.netgear.com\\\/fr\\\/hub\\\/business\\\/case-studies\\\/it-case-studies\\\/higashi-holdings-choosing-netgear-to-support-business-continuity-and-growth\\\/#primaryimage\"},\"thumbnailUrl\":\"https:\\\/\\\/frhub.netgear.com\\\/fr\\\/hub\\\/wp-content\\\/uploads\\\/2025\\\/10\\\/Vignette-Higashi-383x288-1.jpg\",\"datePublished\":\"2025-10-16T08:24:50+00:00\",\"dateModified\":\"2025-11-25T14:34:29+00:00\",\"breadcrumb\":{\"@id\":\"https:\\\/\\\/frhub.netgear.com\\\/fr\\\/hub\\\/business\\\/case-studies\\\/it-case-studies\\\/higashi-holdings-choosing-netgear-to-support-business-continuity-and-growth\\\/#breadcrumb\"},\"inLanguage\":\"en-US\",\"potentialAction\":[{\"@type\":\"ReadAction\",\"target\":[\"https:\\\/\\\/frhub.netgear.com\\\/fr\\\/hub\\\/business\\\/case-studies\\\/it-case-studies\\\/higashi-holdings-choosing-netgear-to-support-business-continuity-and-growth\\\/\"]}]},{\"@type\":\"ImageObject\",\"inLanguage\":\"en-US\",\"@id\":\"https:\\\/\\\/frhub.netgear.com\\\/fr\\\/hub\\\/business\\\/case-studies\\\/it-case-studies\\\/higashi-holdings-choosing-netgear-to-support-business-continuity-and-growth\\\/#primaryimage\",\"url\":\"https:\\\/\\\/frhub.netgear.com\\\/fr\\\/hub\\\/wp-content\\\/uploads\\\/2025\\\/10\\\/Vignette-Higashi-383x288-1.jpg\",\"contentUrl\":\"https:\\\/\\\/frhub.netgear.com\\\/fr\\\/hub\\\/wp-content\\\/uploads\\\/2025\\\/10\\\/Vignette-Higashi-383x288-1.jpg\",\"width\":383,\"height\":288},{\"@type\":\"BreadcrumbList\",\"@id\":\"https:\\\/\\\/frhub.netgear.com\\\/fr\\\/hub\\\/business\\\/case-studies\\\/it-case-studies\\\/higashi-holdings-choosing-netgear-to-support-business-continuity-and-growth\\\/#breadcrumb\",\"itemListElement\":[{\"@type\":\"ListItem\",\"position\":1,\"name\":\"Home\",\"item\":\"https:\\\/\\\/frhub.netgear.com\\\/fr\\\/hub\\\/\"},{\"@type\":\"ListItem\",\"position\":2,\"name\":\"Entreprises\",\"item\":\"https:\\\/\\\/frhub.netgear.com\\\/fr\\\/hub\\\/business\\\/\"},{\"@type\":\"ListItem\",\"position\":3,\"name\":\"All Case Studies &#8211; FR\",\"item\":\"https:\\\/\\\/frhub.netgear.com\\\/fr\\\/hub\\\/business\\\/case-studies\\\/\"},{\"@type\":\"ListItem\",\"position\":4,\"name\":\"Case Studies &#8211; IT &#8211; FR\",\"item\":\"https:\\\/\\\/frhub.netgear.com\\\/fr\\\/hub\\\/business\\\/case-studies\\\/it-case-studies\\\/\"},{\"@type\":\"ListItem\",\"position\":5,\"name\":\"Higashi Holdings choisit les switches NETGEAR\"}]},{\"@type\":\"WebSite\",\"@id\":\"https:\\\/\\\/frhub.netgear.com\\\/fr\\\/hub\\\/#website\",\"url\":\"https:\\\/\\\/frhub.netgear.com\\\/fr\\\/hub\\\/\",\"name\":\"NETGEAR Hub France\",\"description\":\"Explorez les pages de notre blog et parcourez les articles pour en savoir plus sur les produits et la technologie NETGEAR.\",\"publisher\":{\"@id\":\"https:\\\/\\\/frhub.netgear.com\\\/fr\\\/hub\\\/#organization\"},\"potentialAction\":[{\"@type\":\"SearchAction\",\"target\":{\"@type\":\"EntryPoint\",\"urlTemplate\":\"https:\\\/\\\/frhub.netgear.com\\\/fr\\\/hub\\\/?s={search_term_string}\"},\"query-input\":{\"@type\":\"PropertyValueSpecification\",\"valueRequired\":true,\"valueName\":\"search_term_string\"}}],\"inLanguage\":\"en-US\"},{\"@type\":\"Organization\",\"@id\":\"https:\\\/\\\/frhub.netgear.com\\\/fr\\\/hub\\\/#organization\",\"name\":\"NETGEAR\",\"url\":\"https:\\\/\\\/frhub.netgear.com\\\/fr\\\/hub\\\/\",\"logo\":{\"@type\":\"ImageObject\",\"inLanguage\":\"en-US\",\"@id\":\"https:\\\/\\\/frhub.netgear.com\\\/fr\\\/hub\\\/#\\\/schema\\\/logo\\\/image\\\/\",\"url\":\"https:\\\/\\\/www.netgear.com\\\/fr\\\/hub\\\/wp-content\\\/uploads\\\/2019\\\/07\\\/NETGEAR_logo.jpg\",\"contentUrl\":\"https:\\\/\\\/www.netgear.com\\\/fr\\\/hub\\\/wp-content\\\/uploads\\\/2019\\\/07\\\/NETGEAR_logo.jpg\",\"width\":1500,\"height\":501,\"caption\":\"NETGEAR\"},\"image\":{\"@id\":\"https:\\\/\\\/frhub.netgear.com\\\/fr\\\/hub\\\/#\\\/schema\\\/logo\\\/image\\\/\"},\"sameAs\":[\"https:\\\/\\\/www.facebook.com\\\/NetgearAU\\\/\",\"https:\\\/\\\/x.com\\\/NETGEAR\",\"https:\\\/\\\/www.linkedin.com\\\/company\\\/netgear\"]}]}<\/script>\n<!-- \/ Yoast SEO plugin. -->","yoast_head_json":{"title":"Higashi Holdings choisit les switches NETGEAR - NETGEAR Blog","robots":{"index":"index","follow":"follow","max-snippet":"max-snippet:-1","max-image-preview":"max-image-preview:large","max-video-preview":"max-video-preview:-1"},"canonical":"https:\/\/frhub.netgear.com\/fr\/hub\/business\/case-studies\/it-case-studies\/higashi-holdings-choosing-netgear-to-support-business-continuity-and-growth\/","og_locale":"en_US","og_type":"article","og_title":"Higashi Holdings choisit les switches NETGEAR - NETGEAR Blog","og_url":"https:\/\/frhub.netgear.com\/fr\/hub\/business\/case-studies\/it-case-studies\/higashi-holdings-choosing-netgear-to-support-business-continuity-and-growth\/","og_site_name":"NETGEAR Blog","article_publisher":"https:\/\/www.facebook.com\/NetgearAU\/","article_modified_time":"2025-11-25T14:34:29+00:00","og_image":[{"width":383,"height":288,"url":"https:\/\/frhub.netgear.com\/fr\/hub\/wp-content\/uploads\/2025\/10\/Vignette-Higashi-383x288-1.jpg","type":"image\/jpeg"}],"twitter_card":"summary_large_image","twitter_site":"@NETGEAR","schema":{"@context":"https:\/\/schema.org","@graph":[{"@type":"WebPage","@id":"https:\/\/frhub.netgear.com\/fr\/hub\/business\/case-studies\/it-case-studies\/higashi-holdings-choosing-netgear-to-support-business-continuity-and-growth\/","url":"https:\/\/frhub.netgear.com\/fr\/hub\/business\/case-studies\/it-case-studies\/higashi-holdings-choosing-netgear-to-support-business-continuity-and-growth\/","name":"Higashi Holdings choisit les switches NETGEAR - NETGEAR Blog","isPartOf":{"@id":"https:\/\/frhub.netgear.com\/fr\/hub\/#website"},"primaryImageOfPage":{"@id":"https:\/\/frhub.netgear.com\/fr\/hub\/business\/case-studies\/it-case-studies\/higashi-holdings-choosing-netgear-to-support-business-continuity-and-growth\/#primaryimage"},"image":{"@id":"https:\/\/frhub.netgear.com\/fr\/hub\/business\/case-studies\/it-case-studies\/higashi-holdings-choosing-netgear-to-support-business-continuity-and-growth\/#primaryimage"},"thumbnailUrl":"https:\/\/frhub.netgear.com\/fr\/hub\/wp-content\/uploads\/2025\/10\/Vignette-Higashi-383x288-1.jpg","datePublished":"2025-10-16T08:24:50+00:00","dateModified":"2025-11-25T14:34:29+00:00","breadcrumb":{"@id":"https:\/\/frhub.netgear.com\/fr\/hub\/business\/case-studies\/it-case-studies\/higashi-holdings-choosing-netgear-to-support-business-continuity-and-growth\/#breadcrumb"},"inLanguage":"en-US","potentialAction":[{"@type":"ReadAction","target":["https:\/\/frhub.netgear.com\/fr\/hub\/business\/case-studies\/it-case-studies\/higashi-holdings-choosing-netgear-to-support-business-continuity-and-growth\/"]}]},{"@type":"ImageObject","inLanguage":"en-US","@id":"https:\/\/frhub.netgear.com\/fr\/hub\/business\/case-studies\/it-case-studies\/higashi-holdings-choosing-netgear-to-support-business-continuity-and-growth\/#primaryimage","url":"https:\/\/frhub.netgear.com\/fr\/hub\/wp-content\/uploads\/2025\/10\/Vignette-Higashi-383x288-1.jpg","contentUrl":"https:\/\/frhub.netgear.com\/fr\/hub\/wp-content\/uploads\/2025\/10\/Vignette-Higashi-383x288-1.jpg","width":383,"height":288},{"@type":"BreadcrumbList","@id":"https:\/\/frhub.netgear.com\/fr\/hub\/business\/case-studies\/it-case-studies\/higashi-holdings-choosing-netgear-to-support-business-continuity-and-growth\/#breadcrumb","itemListElement":[{"@type":"ListItem","position":1,"name":"Home","item":"https:\/\/frhub.netgear.com\/fr\/hub\/"},{"@type":"ListItem","position":2,"name":"Entreprises","item":"https:\/\/frhub.netgear.com\/fr\/hub\/business\/"},{"@type":"ListItem","position":3,"name":"All Case Studies &#8211; FR","item":"https:\/\/frhub.netgear.com\/fr\/hub\/business\/case-studies\/"},{"@type":"ListItem","position":4,"name":"Case Studies &#8211; IT &#8211; FR","item":"https:\/\/frhub.netgear.com\/fr\/hub\/business\/case-studies\/it-case-studies\/"},{"@type":"ListItem","position":5,"name":"Higashi Holdings choisit les switches NETGEAR"}]},{"@type":"WebSite","@id":"https:\/\/frhub.netgear.com\/fr\/hub\/#website","url":"https:\/\/frhub.netgear.com\/fr\/hub\/","name":"NETGEAR Hub France","description":"Explorez les pages de notre blog et parcourez les articles pour en savoir plus sur les produits et la technologie NETGEAR.","publisher":{"@id":"https:\/\/frhub.netgear.com\/fr\/hub\/#organization"},"potentialAction":[{"@type":"SearchAction","target":{"@type":"EntryPoint","urlTemplate":"https:\/\/frhub.netgear.com\/fr\/hub\/?s={search_term_string}"},"query-input":{"@type":"PropertyValueSpecification","valueRequired":true,"valueName":"search_term_string"}}],"inLanguage":"en-US"},{"@type":"Organization","@id":"https:\/\/frhub.netgear.com\/fr\/hub\/#organization","name":"NETGEAR","url":"https:\/\/frhub.netgear.com\/fr\/hub\/","logo":{"@type":"ImageObject","inLanguage":"en-US","@id":"https:\/\/frhub.netgear.com\/fr\/hub\/#\/schema\/logo\/image\/","url":"https:\/\/www.netgear.com\/fr\/hub\/wp-content\/uploads\/2019\/07\/NETGEAR_logo.jpg","contentUrl":"https:\/\/www.netgear.com\/fr\/hub\/wp-content\/uploads\/2019\/07\/NETGEAR_logo.jpg","width":1500,"height":501,"caption":"NETGEAR"},"image":{"@id":"https:\/\/frhub.netgear.com\/fr\/hub\/#\/schema\/logo\/image\/"},"sameAs":["https:\/\/www.facebook.com\/NetgearAU\/","https:\/\/x.com\/NETGEAR","https:\/\/www.linkedin.com\/company\/netgear"]}]}},"_links":{"self":[{"href":"https:\/\/frhub.netgear.com\/fr\/hub\/wp-json\/wp\/v2\/pages\/11332","targetHints":{"allow":["GET"]}}],"collection":[{"href":"https:\/\/frhub.netgear.com\/fr\/hub\/wp-json\/wp\/v2\/pages"}],"about":[{"href":"https:\/\/frhub.netgear.com\/fr\/hub\/wp-json\/wp\/v2\/types\/page"}],"author":[{"embeddable":true,"href":"https:\/\/frhub.netgear.com\/fr\/hub\/wp-json\/wp\/v2\/users\/97"}],"replies":[{"embeddable":true,"href":"https:\/\/frhub.netgear.com\/fr\/hub\/wp-json\/wp\/v2\/comments?post=11332"}],"version-history":[{"count":2,"href":"https:\/\/frhub.netgear.com\/fr\/hub\/wp-json\/wp\/v2\/pages\/11332\/revisions"}],"predecessor-version":[{"id":11335,"href":"https:\/\/frhub.netgear.com\/fr\/hub\/wp-json\/wp\/v2\/pages\/11332\/revisions\/11335"}],"up":[{"embeddable":true,"href":"https:\/\/frhub.netgear.com\/fr\/hub\/wp-json\/wp\/v2\/pages\/10491"}],"wp:featuredmedia":[{"embeddable":true,"href":"https:\/\/frhub.netgear.com\/fr\/hub\/wp-json\/wp\/v2\/media\/11333"}],"wp:attachment":[{"href":"https:\/\/frhub.netgear.com\/fr\/hub\/wp-json\/wp\/v2\/media?parent=11332"}],"curies":[{"name":"wp","href":"https:\/\/api.w.org\/{rel}","templated":true}]}}