{"id":11283,"date":"2025-10-14T13:37:50","date_gmt":"2025-10-14T11:37:59","guid":{"rendered":"https:\/\/frhub.netgear.com\/fr\/hub\/?page_id=11283"},"modified":"2025-10-14T13:50:32","modified_gmt":"2025-10-14T11:50:32","slug":"networking-modern-media-broadcasting","status":"publish","type":"page","link":"https:\/\/frhub.netgear.com\/fr\/hub\/business\/av\/networking-modern-media-broadcasting\/","title":{"rendered":"Le r\u00f4le crucial du r\u00e9seau dans la diffusion des m\u00e9dias modernes"},"content":{"rendered":"<p><img loading=\"lazy\" decoding=\"async\" class=\"alignone size-full wp-image-10681\" style=\"border-radius: 1em;\" src=\"https:\/\/www.netgear.com\/hub\/wp-content\/uploads\/2025\/09\/Screenshot-2025-09-24-at-21.10.53-1-scaled.png\" alt=\"\" width=\"1048\" height=\"511\" \/><\/p>\n    <div class=\"table-of-content bg-gray\">\n        <p><strong>IN THIS ARTICLE<\/strong><\/p>\n        <ul>\n                        <li><a href=\"#topic2\">L\u2019\u00e9volution de la diffusion m\u00e9diatique : de l\u2019analogique au num\u00e9rique<\/a><\/li>\n                        <li><a href=\"#topic3\">La convergence de l\u2019IT et de la diffusion : une nouvelle \u00e8re<\/a><\/li>\n                        <li><a href=\"#topic4\">Pourquoi un r\u00e9seau fiable est la cl\u00e9 de la diffusion moderne<\/a><\/li>\n                        <li><a href=\"#topic5\">Le r\u00f4le du r\u00e9seau d\u00e9fini par logiciel dans les m\u00e9dias<\/a><\/li>\n                        <li><a href=\"#topic6\">S\u00e9curit\u00e9 et conformit\u00e9 dans les r\u00e9seaux m\u00e9dias<\/a><\/li>\n                        <li><a href=\"#topic7\">Tendances futures : ce qui attend la diffusion m\u00e9diatique<\/a><\/li>\n                        <li><a href=\"#topic8\">Plus d'informations<\/a><\/li>\n                    <\/ul>\n    <\/div>\n        <div id=\"topic1\" class=\"skip-item\">\n                        <div id=\"topic1\" class=\"skip-item\">\n<div class=\"video\" style=\"text-align: center\"><iframe loading=\"lazy\" src=\"https:\/\/242128791.fs1.hubspotusercontent-na2.net\/hubfs\/242128791\/inbroadcast-interviews-netgear--ibc2025.mp4\" width=\"853\" height=\"505\" frameborder=\"0\" allowfullscreen=\"allowfullscreen\">&lt;span<br \/>\n data-mce-type=&#8221;bookmark&#8221; style=&#8221;display: inline-block; width: 0px;<br \/>\noverflow: hidden; line-height: 0;&#8221;<br \/>\nclass=&#8221;mce_SELRES_start&#8221;&gt;\ufeff&lt;\/span&gt;&lt;span<br \/>\ndata-mce-type=&#8221;bookmark&#8221; style=&#8221;display: inline-block; width: 0px;<br \/>\noverflow: hidden; line-height: 0;&#8221;<br \/>\nclass=&#8221;mce_SELRES_start&#8221;&gt;\ufeff&lt;\/span&gt;&lt;span<br \/>\ndata-mce-type=&#8221;bookmark&#8221; style=&#8221;display: inline-block; width: 0px;<br \/>\noverflow: hidden; line-height: 0;&#8221;<br \/>\nclass=&#8221;mce_SELRES_start&#8221;&gt;\ufeff&lt;\/span&gt;<\/iframe><\/div>\n<\/div>\n<div id=\"topic2\" class=\"skip-item\">\n<h2><\/h2>\n<\/div>\n    <\/div>\n        <div id=\"topic2\" class=\"skip-item\">\n                        <h2>L\u2019\u00e9volution de la diffusion m\u00e9diatique : de l\u2019analogique au num\u00e9rique<\/h2>\n                <p>La diffusion des m\u00e9dias a connu une transformation spectaculaire, passant des ondes analogiques \u00e0 bande passante limit\u00e9e \u00e0 des <strong data-start=\"261\" data-end=\"287\">plateformes num\u00e9riques<\/strong> offrant une qualit\u00e9 sup\u00e9rieure, un plus grand nombre de cha\u00eenes et des services interactifs comme la <strong data-start=\"389\" data-end=\"397\">HDTV<\/strong> et la <strong data-start=\"404\" data-end=\"426\">vid\u00e9o \u00e0 la demande<\/strong>.<\/p>\n    <\/div>\n        <div id=\"topic3\" class=\"skip-item\">\n                        <h2>La convergence de l\u2019IT et de la diffusion : une nouvelle \u00e8re<\/h2>\n                <p>L\u2019int\u00e9gration des technologies de l\u2019information (IT) dans le secteur de la diffusion a permis la cr\u00e9ation de <strong data-start=\"609\" data-end=\"641\">flux de travail bas\u00e9s sur IP<\/strong>, plus rapides, \u00e9volutifs et flexibles, permettant aux entreprises m\u00e9diatiques d\u2019atteindre des audiences mondiales et de s\u2019adapter \u00e0 des besoins en constante \u00e9volution.<\/p>\n    <\/div>\n        <div id=\"topic4\" class=\"skip-item\">\n                        <h2>Pourquoi un r\u00e9seau fiable est la cl\u00e9 de la diffusion moderne<\/h2>\n                <p>Un r\u00e9seau performant garantit une <strong data-start=\"916\" data-end=\"968\">transmission fluide et en temps r\u00e9el des donn\u00e9es<\/strong>, essentielle pour des <strong data-start=\"991\" data-end=\"1033\">diffusions en direct sans interruption<\/strong> et une <strong data-start=\"1041\" data-end=\"1082\">livraison de contenu de haute qualit\u00e9<\/strong>, notamment pour le sport, l\u2019actualit\u00e9 ou le divertissement.<\/p>\n    <\/div>\n        <div id=\"topic5\" class=\"skip-item\">\n                        <h2>Le r\u00f4le du r\u00e9seau d\u00e9fini par logiciel dans les m\u00e9dias<\/h2>\n                <p>Le <strong data-start=\"1211\" data-end=\"1248\">Software-Defined Networking (SDN)<\/strong> offre aux entreprises m\u00e9diatiques une <strong data-start=\"1287\" data-end=\"1339\">plus grande flexibilit\u00e9, \u00e9volutivit\u00e9 et s\u00e9curit\u00e9<\/strong>, gr\u00e2ce \u00e0 une gestion r\u00e9seau dynamique, pilot\u00e9e par logiciel. Cela favorise l\u2019innovation et permet la diffusion sur <strong data-start=\"1455\" data-end=\"1494\">plusieurs plateformes simultan\u00e9ment<\/strong>.<\/p>\n    <\/div>\n        <div id=\"topic6\" class=\"skip-item\">\n                        <h2>S\u00e9curit\u00e9 et conformit\u00e9 dans les r\u00e9seaux m\u00e9dias<\/h2>\n                <p>Une <strong data-start=\"1558\" data-end=\"1585\">cybers\u00e9curit\u00e9 renforc\u00e9e<\/strong> et le respect des <strong data-start=\"1604\" data-end=\"1623\">r\u00e9glementations<\/strong> sont essentiels pour <strong data-start=\"1645\" data-end=\"1670\">prot\u00e9ger les contenus<\/strong>, maintenir la confiance des utilisateurs et se conformer aux <strong data-start=\"1732\" data-end=\"1757\">normes de l\u2019industrie<\/strong> en mati\u00e8re de confidentialit\u00e9, de distribution et de propri\u00e9t\u00e9 intellectuelle.<\/p>\n    <\/div>\n        <div id=\"topic7\" class=\"skip-item\">\n                        <h2>Tendances futures : ce qui attend la diffusion m\u00e9diatique<\/h2>\n                <p>L\u2019<strong data-start=\"1908\" data-end=\"1942\">intelligence artificielle (IA)<\/strong>, le <strong data-start=\"1947\" data-end=\"1967\">machine learning<\/strong> et la <strong data-start=\"1974\" data-end=\"1980\">5G<\/strong> transformeront l\u2019avenir de la diffusion, en permettant des exp\u00e9riences personnalis\u00e9es, des formats immersifs comme la <strong data-start=\"2099\" data-end=\"2125\">r\u00e9alit\u00e9 virtuelle (VR)<\/strong> et la <strong data-start=\"2132\" data-end=\"2158\">r\u00e9alit\u00e9 augment\u00e9e (AR)<\/strong>, ainsi qu\u2019une <strong data-start=\"2173\" data-end=\"2213\">diffusion plus rapide et plus fiable<\/strong> du contenu.<\/p>\n    <\/div>\n        <div id=\"topic8\" class=\"skip-item\">\n                        <h2>Plus d'informations<\/h2>\n                <p>\n<!--SOLUTIONS NETGEAR AV --><br \/>\n Plus d\u2019informations sur nos solutions audiovisuelles<\/p>\n<div class=\"hs-cta-embed hs-cta-simple-placeholder hs-cta-embed-241151160046\" style=\"max-width:100%;max-height:100%;width:260px;height:50.390625px\" data-hubspot-wrapper-cta-id=\"241151160046\"><br \/>\n  <a href=\"https:\/\/cta-na2.hubspot.com\/web-interactives\/public\/v1\/track\/redirect?encryptedPayload=AVxigLJf4HGLXU18h5HBrlQTZuKX4p21iriDX%2FD9Weo1E0jc26wgSp32sJpGF%2FrOb977gqk9Skq%2FVgamhq%2FXvCN0mPQ1dmrdARtcNUH8fV5cFOvngo8qJ8EuMyEq%2Fqu2y51zC2FZUVyu97opP5ixVGCiE%2Bg6BOgTVVDljEMF5hhhXUNpnikrl2UTN%2Bb3TA%3D%3D&#038;webInteractiveContentId=241151160046&#038;portalId=242128791\" target=\"_blank\" rel=\"noopener\"><br \/>\n    <img decoding=\"async\" alt=\"SOLUTIONS NETGEAR AV\" loading=\"lazy\" src=\"https:\/\/hubspot-no-cache-na2-prod.s3.amazonaws.com\/cta\/default\/242128791\/interactive-241151160046.png\" style=\"height: 100%;width: 100%;object-fit: fill\" \/><br \/>\n  <\/a>\n<\/div>\n<\/p>\n<p>\n<!-- NETGEAR ACADEMY AV --><br \/>\n Apprenez tout sur les r\u00e9seaux IP gr\u00e2ce \u00e0 la NETGEAR ACADEMY<\/p>\n<div class=\"hs-cta-embed hs-cta-simple-placeholder hs-cta-embed-241151160033\" style=\"max-width:100%;max-height:100%;width:260px;height:50.390625px\" data-hubspot-wrapper-cta-id=\"241151160033\"><br \/>\n  <a href=\"https:\/\/cta-na2.hubspot.com\/web-interactives\/public\/v1\/track\/redirect?encryptedPayload=AVxigLJ6zgXxrLVJLagOt9pyIXf5%2FGgh9lUupWJj49Nfcbq71eIrrvJQt9JGeaQwNkTAPTWhI2%2BXk56NQscWP4xOQ7iZrhk6rkBjyO4dBlJGP1gG3BpcrdlgLyF%2F850K2l3xn5kDj5H%2Fur8VO2zJH58QH7by4HFWliY25223Shr3sQx25aCmNBjCDkNwA2WRum67F9fGyQyzoYOn86wAq%2Brw3xzsBDMbyw%3D%3D&#038;webInteractiveContentId=241151160033&#038;portalId=242128791\" target=\"_blank\" rel=\"noopener\"><br \/>\n    <img decoding=\"async\" alt=\"NETGEAR ACADEMY\" loading=\"lazy\" src=\"https:\/\/hubspot-no-cache-na2-prod.s3.amazonaws.com\/cta\/default\/242128791\/interactive-241151160033.png\" style=\"height: 100%;width: 100%;object-fit: fill\" \/><br \/>\n  <\/a>\n<\/div>\n<\/p>\n<p style=\"margin-bottom: 30px\">\n <!--CONTACTEZ L'EQUIPE PROAV --><br \/>\nNos ing\u00e9nieurs vous accompagneront gratuitement dans la r\u00e9alisation de vos projets audiovisuels<\/p>\n<div class=\"hs-cta-embed hs-cta-simple-placeholder hs-cta-embed-241151160055\" style=\"max-width:100%;max-height:100%;width:270px;height:50.390625px\" data-hubspot-wrapper-cta-id=\"241151160055\"><br \/>\n  <a href=\"https:\/\/cta-na2.hubspot.com\/web-interactives\/public\/v1\/track\/redirect?encryptedPayload=AVxigLLUG9XShtF2ziGdRlpsMD%2BMJ39t1kFOE7VlHl2HmmlWzlJWH0rsV7f3eoQL53gclcWb0lliiDgK3EAMVvEOcIE7gW9aYOwk1uipv43pSUkBlDtiKJ%2BcB7fopWupnJbggqZWRkNERZkdh1dDGXHHDJX3V0sOA8mbXD%2Fd6QC2XK2OyVtrDNFDHbBoT6b15PyvF4Ca3b6JBNTYdAzYeH790XenlNKBP4OKZqw50t7IGx9DuADFMFlNdg6FWQ%3D%3D&#038;webInteractiveContentId=241151160055&#038;portalId=242128791\" target=\"_blank\" rel=\"noopener\"><br \/>\n    <img decoding=\"async\" alt=\"CONTACTEZ L'EQUIPE PROAV\" loading=\"lazy\" src=\"https:\/\/hubspot-no-cache-na2-prod.s3.amazonaws.com\/cta\/default\/242128791\/interactive-241151160055.png\" style=\"height: 100%;width: 100%;object-fit: fill\" \/><br \/>\n  <\/a>\n<\/div>\n<\/p>\n<p><iframe loading=\"lazy\" src=\"https:\/\/405nrr.share-na2.hsforms.com\/24AR2ZDSmQqWycFqf8q5-eg\" width=\"100%\" height=\"1200px\"><\/iframe><\/p>\n    <\/div>\n    \n","protected":false},"excerpt":{"rendered":"","protected":false},"author":97,"featured_media":11276,"parent":6754,"menu_order":0,"comment_status":"closed","ping_status":"closed","template":"templates\/blog-wifi.php","meta":{"_acf_changed":false,"content-type":"","footnotes":""},"class_list":["post-11283","page","type-page","status-publish","has-post-thumbnail","hentry"],"acf":[],"yoast_head":"<!-- This site is optimized with the Yoast SEO plugin v27.4 - https:\/\/yoast.com\/product\/yoast-seo-wordpress\/ -->\n<title>Le r\u00f4le crucial du r\u00e9seau dans la diffusion des m\u00e9dias modernes - NETGEAR Blog<\/title>\n<meta name=\"robots\" content=\"index, follow, max-snippet:-1, max-image-preview:large, max-video-preview:-1\" \/>\n<link rel=\"canonical\" href=\"https:\/\/frhub.netgear.com\/fr\/hub\/business\/av\/networking-modern-media-broadcasting\/\" \/>\n<meta property=\"og:locale\" content=\"en_US\" \/>\n<meta property=\"og:type\" content=\"article\" \/>\n<meta property=\"og:title\" content=\"Le r\u00f4le crucial du r\u00e9seau dans la diffusion des m\u00e9dias modernes - NETGEAR Blog\" \/>\n<meta property=\"og:url\" content=\"https:\/\/frhub.netgear.com\/fr\/hub\/business\/av\/networking-modern-media-broadcasting\/\" \/>\n<meta property=\"og:site_name\" content=\"NETGEAR Blog\" \/>\n<meta property=\"article:publisher\" content=\"https:\/\/www.facebook.com\/NetgearAU\/\" \/>\n<meta property=\"article:modified_time\" content=\"2025-10-14T11:50:32+00:00\" \/>\n<meta property=\"og:image\" content=\"https:\/\/frhub.netgear.com\/fr\/hub\/wp-content\/uploads\/2025\/10\/Screenshot-2025-09-24-at-21.10.53-383x288-1.png\" \/>\n\t<meta property=\"og:image:width\" content=\"383\" \/>\n\t<meta property=\"og:image:height\" content=\"288\" \/>\n\t<meta property=\"og:image:type\" content=\"image\/png\" \/>\n<meta name=\"twitter:card\" content=\"summary_large_image\" \/>\n<meta name=\"twitter:site\" content=\"@NETGEAR\" \/>\n<script type=\"application\/ld+json\" class=\"yoast-schema-graph\">{\"@context\":\"https:\\\/\\\/schema.org\",\"@graph\":[{\"@type\":\"WebPage\",\"@id\":\"https:\\\/\\\/frhub.netgear.com\\\/fr\\\/hub\\\/business\\\/av\\\/networking-modern-media-broadcasting\\\/\",\"url\":\"https:\\\/\\\/frhub.netgear.com\\\/fr\\\/hub\\\/business\\\/av\\\/networking-modern-media-broadcasting\\\/\",\"name\":\"Le r\u00f4le crucial du r\u00e9seau dans la diffusion des m\u00e9dias modernes - NETGEAR Blog\",\"isPartOf\":{\"@id\":\"https:\\\/\\\/frhub.netgear.com\\\/fr\\\/hub\\\/#website\"},\"primaryImageOfPage\":{\"@id\":\"https:\\\/\\\/frhub.netgear.com\\\/fr\\\/hub\\\/business\\\/av\\\/networking-modern-media-broadcasting\\\/#primaryimage\"},\"image\":{\"@id\":\"https:\\\/\\\/frhub.netgear.com\\\/fr\\\/hub\\\/business\\\/av\\\/networking-modern-media-broadcasting\\\/#primaryimage\"},\"thumbnailUrl\":\"https:\\\/\\\/frhub.netgear.com\\\/fr\\\/hub\\\/wp-content\\\/uploads\\\/2025\\\/10\\\/Screenshot-2025-09-24-at-21.10.53-383x288-1.png\",\"datePublished\":\"2025-10-14T11:37:59+00:00\",\"dateModified\":\"2025-10-14T11:50:32+00:00\",\"breadcrumb\":{\"@id\":\"https:\\\/\\\/frhub.netgear.com\\\/fr\\\/hub\\\/business\\\/av\\\/networking-modern-media-broadcasting\\\/#breadcrumb\"},\"inLanguage\":\"en-US\",\"potentialAction\":[{\"@type\":\"ReadAction\",\"target\":[\"https:\\\/\\\/frhub.netgear.com\\\/fr\\\/hub\\\/business\\\/av\\\/networking-modern-media-broadcasting\\\/\"]}]},{\"@type\":\"ImageObject\",\"inLanguage\":\"en-US\",\"@id\":\"https:\\\/\\\/frhub.netgear.com\\\/fr\\\/hub\\\/business\\\/av\\\/networking-modern-media-broadcasting\\\/#primaryimage\",\"url\":\"https:\\\/\\\/frhub.netgear.com\\\/fr\\\/hub\\\/wp-content\\\/uploads\\\/2025\\\/10\\\/Screenshot-2025-09-24-at-21.10.53-383x288-1.png\",\"contentUrl\":\"https:\\\/\\\/frhub.netgear.com\\\/fr\\\/hub\\\/wp-content\\\/uploads\\\/2025\\\/10\\\/Screenshot-2025-09-24-at-21.10.53-383x288-1.png\",\"width\":383,\"height\":288},{\"@type\":\"BreadcrumbList\",\"@id\":\"https:\\\/\\\/frhub.netgear.com\\\/fr\\\/hub\\\/business\\\/av\\\/networking-modern-media-broadcasting\\\/#breadcrumb\",\"itemListElement\":[{\"@type\":\"ListItem\",\"position\":1,\"name\":\"Home\",\"item\":\"https:\\\/\\\/frhub.netgear.com\\\/fr\\\/hub\\\/\"},{\"@type\":\"ListItem\",\"position\":2,\"name\":\"Entreprises\",\"item\":\"https:\\\/\\\/frhub.netgear.com\\\/fr\\\/hub\\\/business\\\/\"},{\"@type\":\"ListItem\",\"position\":3,\"name\":\"Entreprise AV\",\"item\":\"https:\\\/\\\/frhub.netgear.com\\\/fr\\\/hub\\\/business\\\/av\\\/\"},{\"@type\":\"ListItem\",\"position\":4,\"name\":\"Le r\u00f4le crucial du r\u00e9seau dans la diffusion des m\u00e9dias modernes\"}]},{\"@type\":\"WebSite\",\"@id\":\"https:\\\/\\\/frhub.netgear.com\\\/fr\\\/hub\\\/#website\",\"url\":\"https:\\\/\\\/frhub.netgear.com\\\/fr\\\/hub\\\/\",\"name\":\"NETGEAR Hub France\",\"description\":\"Explorez les pages de notre blog et parcourez les articles pour en savoir plus sur les produits et la technologie NETGEAR.\",\"publisher\":{\"@id\":\"https:\\\/\\\/frhub.netgear.com\\\/fr\\\/hub\\\/#organization\"},\"potentialAction\":[{\"@type\":\"SearchAction\",\"target\":{\"@type\":\"EntryPoint\",\"urlTemplate\":\"https:\\\/\\\/frhub.netgear.com\\\/fr\\\/hub\\\/?s={search_term_string}\"},\"query-input\":{\"@type\":\"PropertyValueSpecification\",\"valueRequired\":true,\"valueName\":\"search_term_string\"}}],\"inLanguage\":\"en-US\"},{\"@type\":\"Organization\",\"@id\":\"https:\\\/\\\/frhub.netgear.com\\\/fr\\\/hub\\\/#organization\",\"name\":\"NETGEAR\",\"url\":\"https:\\\/\\\/frhub.netgear.com\\\/fr\\\/hub\\\/\",\"logo\":{\"@type\":\"ImageObject\",\"inLanguage\":\"en-US\",\"@id\":\"https:\\\/\\\/frhub.netgear.com\\\/fr\\\/hub\\\/#\\\/schema\\\/logo\\\/image\\\/\",\"url\":\"https:\\\/\\\/www.netgear.com\\\/fr\\\/hub\\\/wp-content\\\/uploads\\\/2019\\\/07\\\/NETGEAR_logo.jpg\",\"contentUrl\":\"https:\\\/\\\/www.netgear.com\\\/fr\\\/hub\\\/wp-content\\\/uploads\\\/2019\\\/07\\\/NETGEAR_logo.jpg\",\"width\":1500,\"height\":501,\"caption\":\"NETGEAR\"},\"image\":{\"@id\":\"https:\\\/\\\/frhub.netgear.com\\\/fr\\\/hub\\\/#\\\/schema\\\/logo\\\/image\\\/\"},\"sameAs\":[\"https:\\\/\\\/www.facebook.com\\\/NetgearAU\\\/\",\"https:\\\/\\\/x.com\\\/NETGEAR\",\"https:\\\/\\\/www.linkedin.com\\\/company\\\/netgear\"]}]}<\/script>\n<!-- \/ Yoast SEO plugin. -->","yoast_head_json":{"title":"Le r\u00f4le crucial du r\u00e9seau dans la diffusion des m\u00e9dias modernes - NETGEAR Blog","robots":{"index":"index","follow":"follow","max-snippet":"max-snippet:-1","max-image-preview":"max-image-preview:large","max-video-preview":"max-video-preview:-1"},"canonical":"https:\/\/frhub.netgear.com\/fr\/hub\/business\/av\/networking-modern-media-broadcasting\/","og_locale":"en_US","og_type":"article","og_title":"Le r\u00f4le crucial du r\u00e9seau dans la diffusion des m\u00e9dias modernes - NETGEAR Blog","og_url":"https:\/\/frhub.netgear.com\/fr\/hub\/business\/av\/networking-modern-media-broadcasting\/","og_site_name":"NETGEAR Blog","article_publisher":"https:\/\/www.facebook.com\/NetgearAU\/","article_modified_time":"2025-10-14T11:50:32+00:00","og_image":[{"width":383,"height":288,"url":"https:\/\/frhub.netgear.com\/fr\/hub\/wp-content\/uploads\/2025\/10\/Screenshot-2025-09-24-at-21.10.53-383x288-1.png","type":"image\/png"}],"twitter_card":"summary_large_image","twitter_site":"@NETGEAR","schema":{"@context":"https:\/\/schema.org","@graph":[{"@type":"WebPage","@id":"https:\/\/frhub.netgear.com\/fr\/hub\/business\/av\/networking-modern-media-broadcasting\/","url":"https:\/\/frhub.netgear.com\/fr\/hub\/business\/av\/networking-modern-media-broadcasting\/","name":"Le r\u00f4le crucial du r\u00e9seau dans la diffusion des m\u00e9dias modernes - NETGEAR Blog","isPartOf":{"@id":"https:\/\/frhub.netgear.com\/fr\/hub\/#website"},"primaryImageOfPage":{"@id":"https:\/\/frhub.netgear.com\/fr\/hub\/business\/av\/networking-modern-media-broadcasting\/#primaryimage"},"image":{"@id":"https:\/\/frhub.netgear.com\/fr\/hub\/business\/av\/networking-modern-media-broadcasting\/#primaryimage"},"thumbnailUrl":"https:\/\/frhub.netgear.com\/fr\/hub\/wp-content\/uploads\/2025\/10\/Screenshot-2025-09-24-at-21.10.53-383x288-1.png","datePublished":"2025-10-14T11:37:59+00:00","dateModified":"2025-10-14T11:50:32+00:00","breadcrumb":{"@id":"https:\/\/frhub.netgear.com\/fr\/hub\/business\/av\/networking-modern-media-broadcasting\/#breadcrumb"},"inLanguage":"en-US","potentialAction":[{"@type":"ReadAction","target":["https:\/\/frhub.netgear.com\/fr\/hub\/business\/av\/networking-modern-media-broadcasting\/"]}]},{"@type":"ImageObject","inLanguage":"en-US","@id":"https:\/\/frhub.netgear.com\/fr\/hub\/business\/av\/networking-modern-media-broadcasting\/#primaryimage","url":"https:\/\/frhub.netgear.com\/fr\/hub\/wp-content\/uploads\/2025\/10\/Screenshot-2025-09-24-at-21.10.53-383x288-1.png","contentUrl":"https:\/\/frhub.netgear.com\/fr\/hub\/wp-content\/uploads\/2025\/10\/Screenshot-2025-09-24-at-21.10.53-383x288-1.png","width":383,"height":288},{"@type":"BreadcrumbList","@id":"https:\/\/frhub.netgear.com\/fr\/hub\/business\/av\/networking-modern-media-broadcasting\/#breadcrumb","itemListElement":[{"@type":"ListItem","position":1,"name":"Home","item":"https:\/\/frhub.netgear.com\/fr\/hub\/"},{"@type":"ListItem","position":2,"name":"Entreprises","item":"https:\/\/frhub.netgear.com\/fr\/hub\/business\/"},{"@type":"ListItem","position":3,"name":"Entreprise AV","item":"https:\/\/frhub.netgear.com\/fr\/hub\/business\/av\/"},{"@type":"ListItem","position":4,"name":"Le r\u00f4le crucial du r\u00e9seau dans la diffusion des m\u00e9dias modernes"}]},{"@type":"WebSite","@id":"https:\/\/frhub.netgear.com\/fr\/hub\/#website","url":"https:\/\/frhub.netgear.com\/fr\/hub\/","name":"NETGEAR Hub France","description":"Explorez les pages de notre blog et parcourez les articles pour en savoir plus sur les produits et la technologie NETGEAR.","publisher":{"@id":"https:\/\/frhub.netgear.com\/fr\/hub\/#organization"},"potentialAction":[{"@type":"SearchAction","target":{"@type":"EntryPoint","urlTemplate":"https:\/\/frhub.netgear.com\/fr\/hub\/?s={search_term_string}"},"query-input":{"@type":"PropertyValueSpecification","valueRequired":true,"valueName":"search_term_string"}}],"inLanguage":"en-US"},{"@type":"Organization","@id":"https:\/\/frhub.netgear.com\/fr\/hub\/#organization","name":"NETGEAR","url":"https:\/\/frhub.netgear.com\/fr\/hub\/","logo":{"@type":"ImageObject","inLanguage":"en-US","@id":"https:\/\/frhub.netgear.com\/fr\/hub\/#\/schema\/logo\/image\/","url":"https:\/\/www.netgear.com\/fr\/hub\/wp-content\/uploads\/2019\/07\/NETGEAR_logo.jpg","contentUrl":"https:\/\/www.netgear.com\/fr\/hub\/wp-content\/uploads\/2019\/07\/NETGEAR_logo.jpg","width":1500,"height":501,"caption":"NETGEAR"},"image":{"@id":"https:\/\/frhub.netgear.com\/fr\/hub\/#\/schema\/logo\/image\/"},"sameAs":["https:\/\/www.facebook.com\/NetgearAU\/","https:\/\/x.com\/NETGEAR","https:\/\/www.linkedin.com\/company\/netgear"]}]}},"_links":{"self":[{"href":"https:\/\/frhub.netgear.com\/fr\/hub\/wp-json\/wp\/v2\/pages\/11283","targetHints":{"allow":["GET"]}}],"collection":[{"href":"https:\/\/frhub.netgear.com\/fr\/hub\/wp-json\/wp\/v2\/pages"}],"about":[{"href":"https:\/\/frhub.netgear.com\/fr\/hub\/wp-json\/wp\/v2\/types\/page"}],"author":[{"embeddable":true,"href":"https:\/\/frhub.netgear.com\/fr\/hub\/wp-json\/wp\/v2\/users\/97"}],"replies":[{"embeddable":true,"href":"https:\/\/frhub.netgear.com\/fr\/hub\/wp-json\/wp\/v2\/comments?post=11283"}],"version-history":[{"count":2,"href":"https:\/\/frhub.netgear.com\/fr\/hub\/wp-json\/wp\/v2\/pages\/11283\/revisions"}],"predecessor-version":[{"id":11292,"href":"https:\/\/frhub.netgear.com\/fr\/hub\/wp-json\/wp\/v2\/pages\/11283\/revisions\/11292"}],"up":[{"embeddable":true,"href":"https:\/\/frhub.netgear.com\/fr\/hub\/wp-json\/wp\/v2\/pages\/6754"}],"wp:featuredmedia":[{"embeddable":true,"href":"https:\/\/frhub.netgear.com\/fr\/hub\/wp-json\/wp\/v2\/media\/11276"}],"wp:attachment":[{"href":"https:\/\/frhub.netgear.com\/fr\/hub\/wp-json\/wp\/v2\/media?parent=11283"}],"curies":[{"name":"wp","href":"https:\/\/api.w.org\/{rel}","templated":true}]}}