{"id":11242,"date":"2025-09-25T02:05:35","date_gmt":"2025-09-25T00:05:35","guid":{"rendered":"https:\/\/frhub.netgear.com\/fr\/hub\/?page_id=11242"},"modified":"2025-10-24T19:03:56","modified_gmt":"2025-10-24T17:03:56","slug":"revolutionner-lintegration-av-avec-le-modele-hybride-aes67-de-netgear","status":"publish","type":"page","link":"https:\/\/frhub.netgear.com\/fr\/hub\/business\/av\/revolutionner-lintegration-av-avec-le-modele-hybride-aes67-de-netgear\/","title":{"rendered":"R\u00e9volutionner l\u2019int\u00e9gration AV avec le mod\u00e8le hybride AES67 de NETGEAR"},"content":{"rendered":"    <div class=\"table-of-content bg-gray\">\n        <p><strong>IN THIS ARTICLE<\/strong><\/p>\n        <ul>\n                        <li><a href=\"#topic1\">Le besoin de solutions hybrides dans l\u2019industrie AV actuelle<\/a><\/li>\n                        <li><a href=\"#topic3\">Les principales caract\u00e9ristiques des switches M4350 de NETGEAR<\/a><\/li>\n                        <li><a href=\"#topic4\">Comment le logiciel Engage Controller simplifie l\u2019exp\u00e9rience utilisateur<\/a><\/li>\n                        <li><a href=\"#topic5\">Scalabilit\u00e9 et rentabilit\u00e9 avec le mod\u00e8le hybride AES67<\/a><\/li>\n                        <li><a href=\"#topic6\">Communication intercom fluide et transfert de donn\u00e9es \u00e0 haut d\u00e9bit<\/a><\/li>\n                        <li><a href=\"#topic7\">Innovations \u00e0 venir : la prochaine \u00e9tape pour les solutions AV de NETGEAR<\/a><\/li>\n                        <li><a href=\"#topic8\">Pour en savoir plus<\/a><\/li>\n                    <\/ul>\n    <\/div>\n        <div id=\"topic1\" class=\"skip-item\">\n                        <h2>Le besoin de solutions hybrides dans l\u2019industrie AV actuelle<\/h2>\n                <p>Le secteur audiovisuel \u00e9volue \u00e0 un rythme soutenu, avec une demande croissante en mati\u00e8re d\u2019efficacit\u00e9, de flexibilit\u00e9 et de rentabilit\u00e9.<br \/>\nLes solutions AV traditionnelles peinent souvent \u00e0 suivre ce rythme, notamment pour les d\u00e9ploiements \u00e0 grande \u00e9chelle et les syst\u00e8mes d\u2019intercom complexes.<br \/>\nC\u2019est l\u00e0 qu\u2019interviennent les mod\u00e8les hybrides, qui allient technologies classiques et innovations IP pour r\u00e9pondre aux besoins modernes.<\/p>\n<p>NETGEAR, acteur de confiance dans le domaine des solutions r\u00e9seau, a introduit son mod\u00e8le Hybrid AES67 pour relever directement ces d\u00e9fis.<br \/>\nEn int\u00e9grant des boundary clocks (horloges de fronti\u00e8re) et des transparent clocks, l\u2019approche hybride de NETGEAR r\u00e9duit consid\u00e9rablement les co\u00fbts tout en am\u00e9liorant la scalabilit\u00e9.<br \/>\nCette innovation est particuli\u00e8rement b\u00e9n\u00e9fique pour les installations AV de grande envergure n\u00e9cessitant une communication intercom fluide et un transfert de donn\u00e9es \u00e0 haut d\u00e9bit.<\/p>\n    <\/div>\n        <div id=\"topic2\" class=\"skip-item\">\n                        <div class=\"video\" style=\"opacity: 1;text-align: center\"><iframe loading=\"lazy\" src=\"https:\/\/242128791.fs1.hubspotusercontent-na2.net\/hubfs\/242128791\/stuart-ray-iabm-tv-interviews-richard-jonker.mp4\" width=\"853\" height=\"505\" frameborder=\"0\" allowfullscreen=\"allowfullscreen\"><span data-mce-type=\"bookmark\" style=\"width: 0px;overflow: hidden;line-height: 0\" class=\"mce_SELRES_start\"><\/span><span data-mce-type=\"bookmark\" style=\"width: 0px;overflow: hidden;line-height: 0\" class=\"mce_SELRES_start\"><\/span><span data-mce-type=\"bookmark\" style=\"width: 0px;overflow: hidden;line-height: 0\" class=\"mce_SELRES_start\"><\/span><\/iframe><\/div>\n<div style=\"text-align: center\">Kitplus s&#8217;entretient avec Laurent Masia durant IBC 2025, \u00e0 propos du mode Hybride AES67 de NETGEAR<\/div>\n    <\/div>\n        <div id=\"topic3\" class=\"skip-item\">\n                        <h2>Les principales caract\u00e9ristiques des switches M4350 de NETGEAR<\/h2>\n                <p>Au c\u0153ur du mod\u00e8le Hybrid AES67 se trouvent les switches M4350.<br \/>\nCes \u00e9quipements sont con\u00e7us pour prendre en charge un large \u00e9ventail d\u2019applications AV \u2014 des salles de conf\u00e9rence simples aux syst\u00e8mes d\u2019intercom complexes n\u00e9cessitant un transfert rapide de donn\u00e9es.<br \/>\nChaque switch M4350 est dot\u00e9 de LED RGB individuelles affichant la couleur du profil en cours d\u2019utilisation, ce qui facilite la gestion du r\u00e9seau.<\/p>\n<p>Les M4350 offrent des vitesses multi-gigabit avec des liaisons montantes 25G, certains mod\u00e8les prenant m\u00eame en charge le 10G SFP+ et le 100G uplink.<br \/>\nCela garantit aux utilisateurs les d\u00e9bits n\u00e9cessaires pour les applications AV modernes.<br \/>\nLa s\u00e9rie M4350 int\u00e8gre \u00e9galement des alimentations redondantes et d\u2019autres fonctions avanc\u00e9es, offrant une solution robuste et fiable pour tout environnement audiovisuel.<\/p>\n    <\/div>\n        <div id=\"topic4\" class=\"skip-item\">\n                        <h2>Comment le logiciel Engage Controller simplifie l\u2019exp\u00e9rience utilisateur<\/h2>\n                <p>L\u2019un des points forts du mod\u00e8le Hybrid AES67 est le logiciel Engage Controller.<br \/>\nCette application conviviale, disponible pour Windows et Mac, offre une interface coh\u00e9rente sur tous les appareils.<br \/>\nElle simplifie la configuration et la gestion des r\u00e9seaux AV, m\u00eame pour les utilisateurs sans expertise technique pouss\u00e9e.<\/p>\n<p>Le Engage Controller prend en charge environ 550 fabricants AV et propose pr\u00e8s de 30 profils diff\u00e9rents.<br \/>\nQu\u2019il s\u2019agisse d\u2019une simple salle de r\u00e9union ou d\u2019un syst\u00e8me d\u2019intercom complexe, le logiciel garantit une exp\u00e9rience fluide.<br \/>\nSon interface intuitive permet de configurer rapidement les param\u00e8tres r\u00e9seau, r\u00e9duisant ainsi le temps d\u2019installation et le risque d\u2019erreurs.<\/p>\n    <\/div>\n        <div id=\"topic5\" class=\"skip-item\">\n                        <h2>Scalabilit\u00e9 et rentabilit\u00e9 avec le mod\u00e8le hybride AES67<\/h2>\n                <p>La scalabilit\u00e9 et la rentabilit\u00e9 sont des facteurs essentiels dans les installations AV, et le mod\u00e8le Hybrid AES67 de NETGEAR excelle dans ces deux domaines.<br \/>\nEn combinant des boundary clocks au c\u0153ur du r\u00e9seau et des transparent clocks en p\u00e9riph\u00e9rie, le mod\u00e8le hybride r\u00e9duit significativement les co\u00fbts de d\u00e9ploiement.<br \/>\nCette approche permet de cr\u00e9er des infrastructures AV plus vastes et plus complexes, tout en restant \u00e9conomiquement viables.<\/p>\n<p>Gr\u00e2ce \u00e0 cette \u00e9volutivit\u00e9, le mod\u00e8le hybride convient aussi bien aux petites structures professionnelles qu\u2019aux grands lieux d\u2019\u00e9v\u00e9nements.<br \/>\nLa vitesse de transfert \u00e9lev\u00e9e des switches M4350 et l\u2019interface intuitive du logiciel Engage Controller renforcent encore cette capacit\u00e9 d\u2019adaptation.<br \/>\nLes utilisateurs peuvent \u00e9tendre leur r\u00e9seau AV \u00e0 mesure que leurs besoins \u00e9voluent.<\/p>\n    <\/div>\n        <div id=\"topic6\" class=\"skip-item\">\n                        <h2>Communication intercom fluide et transfert de donn\u00e9es \u00e0 haut d\u00e9bit<\/h2>\n                <p>Une communication efficace est cruciale dans tout syst\u00e8me AV, et le mod\u00e8le Hybrid AES67 de NETGEAR offre une communication intercom fluide et un transfert rapide de donn\u00e9es.<br \/>\nLe syst\u00e8me prend en charge diff\u00e9rents protocoles d\u2019intercom, notamment AES67 et ST2110-30, assurant une compatibilit\u00e9 maximale avec une large gamme d\u2019appareils.<\/p>\n<p>L\u2019int\u00e9gration des boundary clocks et des transparent clocks garantit une synchronisation pr\u00e9cise, essentielle \u00e0 la qualit\u00e9 audio et vid\u00e9o.<br \/>\nR\u00e9sultat : une communication claire, sans interruption \u2014 id\u00e9ale pour les \u00e9v\u00e9nements en direct, studios de diffusion ou grandes entreprises.<\/p>\n    <\/div>\n        <div id=\"topic7\" class=\"skip-item\">\n                        <h2>Innovations \u00e0 venir : la prochaine \u00e9tape pour les solutions AV de NETGEAR<\/h2>\n                <p>NETGEAR reste r\u00e9solument engag\u00e9 dans l\u2019innovation audiovisuelle, et le mod\u00e8le Hybrid AES67 n\u2019en est que le d\u00e9but.<br \/>\nL\u2019entreprise pr\u00e9voit d\u2019enrichir encore ses solutions logicielles et mat\u00e9rielles, afin d\u2019offrir des technologies toujours plus avanc\u00e9es.<\/p>\n<p>D\u2019ici la fin de l\u2019ann\u00e9e, de nouvelles mises \u00e0 jour logicielles viendront simplifier davantage l\u2019exp\u00e9rience utilisateur et renforcer les fonctionnalit\u00e9s des solutions AV.<br \/>\nCes \u00e9volutions s\u2019appuieront sur les bases solides du mod\u00e8le Hybrid AES67, offrant aux professionnels de l\u2019audiovisuel des outils encore plus puissants et \u00e9volutifs.<\/p>\n<p>En continuant de repousser les limites de la connectivit\u00e9 AV, NETGEAR promet un avenir riche en solutions innovantes, \u00e9volutives et fiables.<br \/>\nGr\u00e2ce \u00e0 la combinaison d\u2019une technologie de pointe et d\u2019une utilisabilit\u00e9 exemplaire, le mod\u00e8le Hybrid AES67 transforme l\u2019industrie audiovisuelle en offrant une solution rentable, flexible et performante pour la communication intercom et le transfert de donn\u00e9es \u00e0 haut d\u00e9bit.<\/p>\n    <\/div>\n        <div id=\"topic8\" class=\"skip-item\">\n                        <h2>Pour en savoir plus<\/h2>\n                <p>Visitez le site de NETGEAR pour d\u00e9couvrir toutes nos solutions<\/p>\n<div class=\"hs-cta-embed hs-cta-simple-placeholder hs-cta-embed-241151160046\" style=\"max-width:100%;max-height:100%;width:260px;height:50.390625px\" data-hubspot-wrapper-cta-id=\"241151160046\"><br \/>\n  <a href=\"https:\/\/cta-na2.hubspot.com\/web-interactives\/public\/v1\/track\/redirect?encryptedPayload=AVxigLJf4HGLXU18h5HBrlQTZuKX4p21iriDX%2FD9Weo1E0jc26wgSp32sJpGF%2FrOb977gqk9Skq%2FVgamhq%2FXvCN0mPQ1dmrdARtcNUH8fV5cFOvngo8qJ8EuMyEq%2Fqu2y51zC2FZUVyu97opP5ixVGCiE%2Bg6BOgTVVDljEMF5hhhXUNpnikrl2UTN%2Bb3TA%3D%3D&#038;webInteractiveContentId=241151160046&#038;portalId=242128791\" target=\"_blank\" rel=\"noopener\"><br \/>\n    <img decoding=\"async\" alt=\"SOLUTIONS NETGEAR AV\" loading=\"lazy\" src=\"https:\/\/hubspot-no-cache-na2-prod.s3.amazonaws.com\/cta\/default\/242128791\/interactive-241151160046.png\" style=\"height: 100%;width: 100%;object-fit: fill\" \/><br \/>\n<\/a><\/div>\n<p>&nbsp;<\/p>\n<p>D\u00e9couvrez  les formations d\u00e9di\u00e9es sur notre plateforme ACADEMY<\/p>\n<div class=\"hs-cta-embed hs-cta-simple-placeholder hs-cta-embed-241151160033\" style=\"max-width:100%;max-height:100%;width:260px;height:50.390625px\" data-hubspot-wrapper-cta-id=\"241151160033\"><br \/>\n  <a href=\"https:\/\/cta-na2.hubspot.com\/web-interactives\/public\/v1\/track\/redirect?encryptedPayload=AVxigLJ6zgXxrLVJLagOt9pyIXf5%2FGgh9lUupWJj49Nfcbq71eIrrvJQt9JGeaQwNkTAPTWhI2%2BXk56NQscWP4xOQ7iZrhk6rkBjyO4dBlJGP1gG3BpcrdlgLyF%2F850K2l3xn5kDj5H%2Fur8VO2zJH58QH7by4HFWliY25223Shr3sQx25aCmNBjCDkNwA2WRum67F9fGyQyzoYOn86wAq%2Brw3xzsBDMbyw%3D%3D&#038;webInteractiveContentId=241151160033&#038;portalId=242128791\" target=\"_blank\" rel=\"noopener\"><br \/>\n    <img decoding=\"async\" alt=\"NETGEAR ACADEMY\" loading=\"lazy\" src=\"https:\/\/hubspot-no-cache-na2-prod.s3.amazonaws.com\/cta\/default\/242128791\/interactive-241151160033.png\" style=\"height: 100%;width: 100%;object-fit: fill\" \/><br \/>\n<\/a><\/div>\n<p>&nbsp;<\/p>\n<p>Faites appel \u00e0 nos ing\u00e9nieurs experts pour vos projets<\/p>\n<div class=\"hs-cta-embed hs-cta-simple-placeholder hs-cta-embed-241151160055\" style=\"max-width:100%;max-height:100%;width:270px;height:50.390625px\" data-hubspot-wrapper-cta-id=\"241151160055\"><br \/>\n  <a href=\"https:\/\/cta-na2.hubspot.com\/web-interactives\/public\/v1\/track\/redirect?encryptedPayload=AVxigLLUG9XShtF2ziGdRlpsMD%2BMJ39t1kFOE7VlHl2HmmlWzlJWH0rsV7f3eoQL53gclcWb0lliiDgK3EAMVvEOcIE7gW9aYOwk1uipv43pSUkBlDtiKJ%2BcB7fopWupnJbggqZWRkNERZkdh1dDGXHHDJX3V0sOA8mbXD%2Fd6QC2XK2OyVtrDNFDHbBoT6b15PyvF4Ca3b6JBNTYdAzYeH790XenlNKBP4OKZqw50t7IGx9DuADFMFlNdg6FWQ%3D%3D&#038;webInteractiveContentId=241151160055&#038;portalId=242128791\" target=\"_blank\" rel=\"noopener\"><br \/>\n    <img decoding=\"async\" alt=\"CONTACTEZ L'EQUIPE PROAV\" loading=\"lazy\" src=\"https:\/\/hubspot-no-cache-na2-prod.s3.amazonaws.com\/cta\/default\/242128791\/interactive-241151160055.png\" style=\"height: 100%;width: 100%;object-fit: fill\" \/><br \/>\n<\/a><\/div>\n<p>&nbsp;<\/p>\n<p><iframe loading=\"lazy\" src=\"https:\/\/405nrr.share-na2.hsforms.com\/24AR2ZDSmQqWycFqf8q5-eg\" width=\"100%\" height=\"1200px\"><\/iframe><\/p>\n    <\/div>\n    \n","protected":false},"excerpt":{"rendered":"","protected":false},"author":97,"featured_media":11243,"parent":6754,"menu_order":0,"comment_status":"closed","ping_status":"closed","template":"templates\/blog-wifi.php","meta":{"_acf_changed":false,"content-type":"","footnotes":""},"class_list":["post-11242","page","type-page","status-publish","has-post-thumbnail","hentry"],"acf":[],"yoast_head":"<!-- This site is optimized with the Yoast SEO plugin v27.4 - https:\/\/yoast.com\/product\/yoast-seo-wordpress\/ -->\n<title>R\u00e9volutionner l\u2019int\u00e9gration AV avec le mod\u00e8le hybride AES67 de NETGEAR - NETGEAR Blog<\/title>\n<meta name=\"description\" content=\"D\u00e9couvrez l&#039;AES67 hybride de NETGEAR : une int\u00e9gration audiovisuelle \u00e9volutive et \u00e9conomique avec les commutateurs M4350, le contr\u00f4leur Engage et un syst\u00e8me d&#039;interphone transparent.\" \/>\n<meta name=\"robots\" content=\"index, follow, max-snippet:-1, max-image-preview:large, max-video-preview:-1\" \/>\n<link rel=\"canonical\" href=\"https:\/\/frhub.netgear.com\/fr\/hub\/business\/av\/revolutionner-lintegration-av-avec-le-modele-hybride-aes67-de-netgear\/\" \/>\n<meta property=\"og:locale\" content=\"en_US\" \/>\n<meta property=\"og:type\" content=\"article\" \/>\n<meta property=\"og:title\" content=\"R\u00e9volutionner l\u2019int\u00e9gration AV avec le mod\u00e8le hybride AES67 de NETGEAR - NETGEAR Blog\" \/>\n<meta property=\"og:description\" content=\"D\u00e9couvrez l&#039;AES67 hybride de NETGEAR : une int\u00e9gration audiovisuelle \u00e9volutive et \u00e9conomique avec les commutateurs M4350, le contr\u00f4leur Engage et un syst\u00e8me d&#039;interphone transparent.\" \/>\n<meta property=\"og:url\" content=\"https:\/\/frhub.netgear.com\/fr\/hub\/business\/av\/revolutionner-lintegration-av-avec-le-modele-hybride-aes67-de-netgear\/\" \/>\n<meta property=\"og:site_name\" content=\"NETGEAR Blog\" \/>\n<meta property=\"article:publisher\" content=\"https:\/\/www.facebook.com\/NetgearAU\/\" \/>\n<meta property=\"article:modified_time\" content=\"2025-10-24T17:03:56+00:00\" \/>\n<meta property=\"og:image\" content=\"https:\/\/frhub.netgear.com\/fr\/hub\/wp-content\/uploads\/2025\/10\/Kitplus-and-Laurent.webp\" \/>\n\t<meta property=\"og:image:width\" content=\"702\" \/>\n\t<meta property=\"og:image:height\" content=\"395\" \/>\n\t<meta property=\"og:image:type\" content=\"image\/webp\" \/>\n<meta name=\"twitter:card\" content=\"summary_large_image\" \/>\n<meta name=\"twitter:site\" content=\"@NETGEAR\" \/>\n<script type=\"application\/ld+json\" class=\"yoast-schema-graph\">{\"@context\":\"https:\\\/\\\/schema.org\",\"@graph\":[{\"@type\":\"WebPage\",\"@id\":\"https:\\\/\\\/frhub.netgear.com\\\/fr\\\/hub\\\/business\\\/av\\\/revolutionner-lintegration-av-avec-le-modele-hybride-aes67-de-netgear\\\/\",\"url\":\"https:\\\/\\\/frhub.netgear.com\\\/fr\\\/hub\\\/business\\\/av\\\/revolutionner-lintegration-av-avec-le-modele-hybride-aes67-de-netgear\\\/\",\"name\":\"R\u00e9volutionner l\u2019int\u00e9gration AV avec le mod\u00e8le hybride AES67 de NETGEAR - NETGEAR Blog\",\"isPartOf\":{\"@id\":\"https:\\\/\\\/frhub.netgear.com\\\/fr\\\/hub\\\/#website\"},\"primaryImageOfPage\":{\"@id\":\"https:\\\/\\\/frhub.netgear.com\\\/fr\\\/hub\\\/business\\\/av\\\/revolutionner-lintegration-av-avec-le-modele-hybride-aes67-de-netgear\\\/#primaryimage\"},\"image\":{\"@id\":\"https:\\\/\\\/frhub.netgear.com\\\/fr\\\/hub\\\/business\\\/av\\\/revolutionner-lintegration-av-avec-le-modele-hybride-aes67-de-netgear\\\/#primaryimage\"},\"thumbnailUrl\":\"https:\\\/\\\/frhub.netgear.com\\\/fr\\\/hub\\\/wp-content\\\/uploads\\\/2025\\\/10\\\/Kitplus-and-Laurent.webp\",\"datePublished\":\"2025-09-25T00:05:35+00:00\",\"dateModified\":\"2025-10-24T17:03:56+00:00\",\"description\":\"D\u00e9couvrez l'AES67 hybride de NETGEAR : une int\u00e9gration audiovisuelle \u00e9volutive et \u00e9conomique avec les commutateurs M4350, le contr\u00f4leur Engage et un syst\u00e8me d'interphone transparent.\",\"breadcrumb\":{\"@id\":\"https:\\\/\\\/frhub.netgear.com\\\/fr\\\/hub\\\/business\\\/av\\\/revolutionner-lintegration-av-avec-le-modele-hybride-aes67-de-netgear\\\/#breadcrumb\"},\"inLanguage\":\"en-US\",\"potentialAction\":[{\"@type\":\"ReadAction\",\"target\":[\"https:\\\/\\\/frhub.netgear.com\\\/fr\\\/hub\\\/business\\\/av\\\/revolutionner-lintegration-av-avec-le-modele-hybride-aes67-de-netgear\\\/\"]}]},{\"@type\":\"ImageObject\",\"inLanguage\":\"en-US\",\"@id\":\"https:\\\/\\\/frhub.netgear.com\\\/fr\\\/hub\\\/business\\\/av\\\/revolutionner-lintegration-av-avec-le-modele-hybride-aes67-de-netgear\\\/#primaryimage\",\"url\":\"https:\\\/\\\/frhub.netgear.com\\\/fr\\\/hub\\\/wp-content\\\/uploads\\\/2025\\\/10\\\/Kitplus-and-Laurent.webp\",\"contentUrl\":\"https:\\\/\\\/frhub.netgear.com\\\/fr\\\/hub\\\/wp-content\\\/uploads\\\/2025\\\/10\\\/Kitplus-and-Laurent.webp\",\"width\":702,\"height\":395},{\"@type\":\"BreadcrumbList\",\"@id\":\"https:\\\/\\\/frhub.netgear.com\\\/fr\\\/hub\\\/business\\\/av\\\/revolutionner-lintegration-av-avec-le-modele-hybride-aes67-de-netgear\\\/#breadcrumb\",\"itemListElement\":[{\"@type\":\"ListItem\",\"position\":1,\"name\":\"Home\",\"item\":\"https:\\\/\\\/frhub.netgear.com\\\/fr\\\/hub\\\/\"},{\"@type\":\"ListItem\",\"position\":2,\"name\":\"Entreprises\",\"item\":\"https:\\\/\\\/frhub.netgear.com\\\/fr\\\/hub\\\/business\\\/\"},{\"@type\":\"ListItem\",\"position\":3,\"name\":\"Entreprise AV\",\"item\":\"https:\\\/\\\/frhub.netgear.com\\\/fr\\\/hub\\\/business\\\/av\\\/\"},{\"@type\":\"ListItem\",\"position\":4,\"name\":\"R\u00e9volutionner l\u2019int\u00e9gration AV avec le mod\u00e8le hybride AES67 de NETGEAR\"}]},{\"@type\":\"WebSite\",\"@id\":\"https:\\\/\\\/frhub.netgear.com\\\/fr\\\/hub\\\/#website\",\"url\":\"https:\\\/\\\/frhub.netgear.com\\\/fr\\\/hub\\\/\",\"name\":\"NETGEAR Hub France\",\"description\":\"Explorez les pages de notre blog et parcourez les articles pour en savoir plus sur les produits et la technologie NETGEAR.\",\"publisher\":{\"@id\":\"https:\\\/\\\/frhub.netgear.com\\\/fr\\\/hub\\\/#organization\"},\"potentialAction\":[{\"@type\":\"SearchAction\",\"target\":{\"@type\":\"EntryPoint\",\"urlTemplate\":\"https:\\\/\\\/frhub.netgear.com\\\/fr\\\/hub\\\/?s={search_term_string}\"},\"query-input\":{\"@type\":\"PropertyValueSpecification\",\"valueRequired\":true,\"valueName\":\"search_term_string\"}}],\"inLanguage\":\"en-US\"},{\"@type\":\"Organization\",\"@id\":\"https:\\\/\\\/frhub.netgear.com\\\/fr\\\/hub\\\/#organization\",\"name\":\"NETGEAR\",\"url\":\"https:\\\/\\\/frhub.netgear.com\\\/fr\\\/hub\\\/\",\"logo\":{\"@type\":\"ImageObject\",\"inLanguage\":\"en-US\",\"@id\":\"https:\\\/\\\/frhub.netgear.com\\\/fr\\\/hub\\\/#\\\/schema\\\/logo\\\/image\\\/\",\"url\":\"https:\\\/\\\/www.netgear.com\\\/fr\\\/hub\\\/wp-content\\\/uploads\\\/2019\\\/07\\\/NETGEAR_logo.jpg\",\"contentUrl\":\"https:\\\/\\\/www.netgear.com\\\/fr\\\/hub\\\/wp-content\\\/uploads\\\/2019\\\/07\\\/NETGEAR_logo.jpg\",\"width\":1500,\"height\":501,\"caption\":\"NETGEAR\"},\"image\":{\"@id\":\"https:\\\/\\\/frhub.netgear.com\\\/fr\\\/hub\\\/#\\\/schema\\\/logo\\\/image\\\/\"},\"sameAs\":[\"https:\\\/\\\/www.facebook.com\\\/NetgearAU\\\/\",\"https:\\\/\\\/x.com\\\/NETGEAR\",\"https:\\\/\\\/www.linkedin.com\\\/company\\\/netgear\"]}]}<\/script>\n<!-- \/ Yoast SEO plugin. -->","yoast_head_json":{"title":"R\u00e9volutionner l\u2019int\u00e9gration AV avec le mod\u00e8le hybride AES67 de NETGEAR - NETGEAR Blog","description":"D\u00e9couvrez l'AES67 hybride de NETGEAR : une int\u00e9gration audiovisuelle \u00e9volutive et \u00e9conomique avec les commutateurs M4350, le contr\u00f4leur Engage et un syst\u00e8me d'interphone transparent.","robots":{"index":"index","follow":"follow","max-snippet":"max-snippet:-1","max-image-preview":"max-image-preview:large","max-video-preview":"max-video-preview:-1"},"canonical":"https:\/\/frhub.netgear.com\/fr\/hub\/business\/av\/revolutionner-lintegration-av-avec-le-modele-hybride-aes67-de-netgear\/","og_locale":"en_US","og_type":"article","og_title":"R\u00e9volutionner l\u2019int\u00e9gration AV avec le mod\u00e8le hybride AES67 de NETGEAR - NETGEAR Blog","og_description":"D\u00e9couvrez l'AES67 hybride de NETGEAR : une int\u00e9gration audiovisuelle \u00e9volutive et \u00e9conomique avec les commutateurs M4350, le contr\u00f4leur Engage et un syst\u00e8me d'interphone transparent.","og_url":"https:\/\/frhub.netgear.com\/fr\/hub\/business\/av\/revolutionner-lintegration-av-avec-le-modele-hybride-aes67-de-netgear\/","og_site_name":"NETGEAR Blog","article_publisher":"https:\/\/www.facebook.com\/NetgearAU\/","article_modified_time":"2025-10-24T17:03:56+00:00","og_image":[{"width":702,"height":395,"url":"https:\/\/frhub.netgear.com\/fr\/hub\/wp-content\/uploads\/2025\/10\/Kitplus-and-Laurent.webp","type":"image\/webp"}],"twitter_card":"summary_large_image","twitter_site":"@NETGEAR","schema":{"@context":"https:\/\/schema.org","@graph":[{"@type":"WebPage","@id":"https:\/\/frhub.netgear.com\/fr\/hub\/business\/av\/revolutionner-lintegration-av-avec-le-modele-hybride-aes67-de-netgear\/","url":"https:\/\/frhub.netgear.com\/fr\/hub\/business\/av\/revolutionner-lintegration-av-avec-le-modele-hybride-aes67-de-netgear\/","name":"R\u00e9volutionner l\u2019int\u00e9gration AV avec le mod\u00e8le hybride AES67 de NETGEAR - NETGEAR Blog","isPartOf":{"@id":"https:\/\/frhub.netgear.com\/fr\/hub\/#website"},"primaryImageOfPage":{"@id":"https:\/\/frhub.netgear.com\/fr\/hub\/business\/av\/revolutionner-lintegration-av-avec-le-modele-hybride-aes67-de-netgear\/#primaryimage"},"image":{"@id":"https:\/\/frhub.netgear.com\/fr\/hub\/business\/av\/revolutionner-lintegration-av-avec-le-modele-hybride-aes67-de-netgear\/#primaryimage"},"thumbnailUrl":"https:\/\/frhub.netgear.com\/fr\/hub\/wp-content\/uploads\/2025\/10\/Kitplus-and-Laurent.webp","datePublished":"2025-09-25T00:05:35+00:00","dateModified":"2025-10-24T17:03:56+00:00","description":"D\u00e9couvrez l'AES67 hybride de NETGEAR : une int\u00e9gration audiovisuelle \u00e9volutive et \u00e9conomique avec les commutateurs M4350, le contr\u00f4leur Engage et un syst\u00e8me d'interphone transparent.","breadcrumb":{"@id":"https:\/\/frhub.netgear.com\/fr\/hub\/business\/av\/revolutionner-lintegration-av-avec-le-modele-hybride-aes67-de-netgear\/#breadcrumb"},"inLanguage":"en-US","potentialAction":[{"@type":"ReadAction","target":["https:\/\/frhub.netgear.com\/fr\/hub\/business\/av\/revolutionner-lintegration-av-avec-le-modele-hybride-aes67-de-netgear\/"]}]},{"@type":"ImageObject","inLanguage":"en-US","@id":"https:\/\/frhub.netgear.com\/fr\/hub\/business\/av\/revolutionner-lintegration-av-avec-le-modele-hybride-aes67-de-netgear\/#primaryimage","url":"https:\/\/frhub.netgear.com\/fr\/hub\/wp-content\/uploads\/2025\/10\/Kitplus-and-Laurent.webp","contentUrl":"https:\/\/frhub.netgear.com\/fr\/hub\/wp-content\/uploads\/2025\/10\/Kitplus-and-Laurent.webp","width":702,"height":395},{"@type":"BreadcrumbList","@id":"https:\/\/frhub.netgear.com\/fr\/hub\/business\/av\/revolutionner-lintegration-av-avec-le-modele-hybride-aes67-de-netgear\/#breadcrumb","itemListElement":[{"@type":"ListItem","position":1,"name":"Home","item":"https:\/\/frhub.netgear.com\/fr\/hub\/"},{"@type":"ListItem","position":2,"name":"Entreprises","item":"https:\/\/frhub.netgear.com\/fr\/hub\/business\/"},{"@type":"ListItem","position":3,"name":"Entreprise AV","item":"https:\/\/frhub.netgear.com\/fr\/hub\/business\/av\/"},{"@type":"ListItem","position":4,"name":"R\u00e9volutionner l\u2019int\u00e9gration AV avec le mod\u00e8le hybride AES67 de NETGEAR"}]},{"@type":"WebSite","@id":"https:\/\/frhub.netgear.com\/fr\/hub\/#website","url":"https:\/\/frhub.netgear.com\/fr\/hub\/","name":"NETGEAR Hub France","description":"Explorez les pages de notre blog et parcourez les articles pour en savoir plus sur les produits et la technologie NETGEAR.","publisher":{"@id":"https:\/\/frhub.netgear.com\/fr\/hub\/#organization"},"potentialAction":[{"@type":"SearchAction","target":{"@type":"EntryPoint","urlTemplate":"https:\/\/frhub.netgear.com\/fr\/hub\/?s={search_term_string}"},"query-input":{"@type":"PropertyValueSpecification","valueRequired":true,"valueName":"search_term_string"}}],"inLanguage":"en-US"},{"@type":"Organization","@id":"https:\/\/frhub.netgear.com\/fr\/hub\/#organization","name":"NETGEAR","url":"https:\/\/frhub.netgear.com\/fr\/hub\/","logo":{"@type":"ImageObject","inLanguage":"en-US","@id":"https:\/\/frhub.netgear.com\/fr\/hub\/#\/schema\/logo\/image\/","url":"https:\/\/www.netgear.com\/fr\/hub\/wp-content\/uploads\/2019\/07\/NETGEAR_logo.jpg","contentUrl":"https:\/\/www.netgear.com\/fr\/hub\/wp-content\/uploads\/2019\/07\/NETGEAR_logo.jpg","width":1500,"height":501,"caption":"NETGEAR"},"image":{"@id":"https:\/\/frhub.netgear.com\/fr\/hub\/#\/schema\/logo\/image\/"},"sameAs":["https:\/\/www.facebook.com\/NetgearAU\/","https:\/\/x.com\/NETGEAR","https:\/\/www.linkedin.com\/company\/netgear"]}]}},"_links":{"self":[{"href":"https:\/\/frhub.netgear.com\/fr\/hub\/wp-json\/wp\/v2\/pages\/11242","targetHints":{"allow":["GET"]}}],"collection":[{"href":"https:\/\/frhub.netgear.com\/fr\/hub\/wp-json\/wp\/v2\/pages"}],"about":[{"href":"https:\/\/frhub.netgear.com\/fr\/hub\/wp-json\/wp\/v2\/types\/page"}],"author":[{"embeddable":true,"href":"https:\/\/frhub.netgear.com\/fr\/hub\/wp-json\/wp\/v2\/users\/97"}],"replies":[{"embeddable":true,"href":"https:\/\/frhub.netgear.com\/fr\/hub\/wp-json\/wp\/v2\/comments?post=11242"}],"version-history":[{"count":2,"href":"https:\/\/frhub.netgear.com\/fr\/hub\/wp-json\/wp\/v2\/pages\/11242\/revisions"}],"predecessor-version":[{"id":11245,"href":"https:\/\/frhub.netgear.com\/fr\/hub\/wp-json\/wp\/v2\/pages\/11242\/revisions\/11245"}],"up":[{"embeddable":true,"href":"https:\/\/frhub.netgear.com\/fr\/hub\/wp-json\/wp\/v2\/pages\/6754"}],"wp:featuredmedia":[{"embeddable":true,"href":"https:\/\/frhub.netgear.com\/fr\/hub\/wp-json\/wp\/v2\/media\/11243"}],"wp:attachment":[{"href":"https:\/\/frhub.netgear.com\/fr\/hub\/wp-json\/wp\/v2\/media?parent=11242"}],"curies":[{"name":"wp","href":"https:\/\/api.w.org\/{rel}","templated":true}]}}